{"id":20527,"date":"2024-03-01T16:54:32","date_gmt":"2024-03-01T15:54:32","guid":{"rendered":"https:\/\/u15jnbdpoq.preview.infomaniak.website\/produit\/dispensador-de-toalhas-de-mao-emaranhadas-ref-eplz\/"},"modified":"2026-04-15T02:13:22","modified_gmt":"2026-04-15T00:13:22","slug":"dispensador-de-toalhas-de-mao-emaranhadas-ref-eplz","status":"publish","type":"product","link":"https:\/\/www.csj-emballages.com\/pt-pt\/produit\/dispensador-de-toalhas-de-mao-emaranhadas-ref-eplz\/","title":{"rendered":"Distribuidor de toalhetes interfolhados para ref. &#8220;EPLZ&#8221;"},"content":{"rendered":"<h2>Distribuidor de toalhas de m\u00e3o<\/h2>\n<hr>\n<h3>Descri\u00e7\u00e3o do nosso dispensador de toalhas de m\u00e3o emaranhadas ref. EPLZ<!--more--><\/h3>\n<p data-start=\"218\" data-end=\"655\">Este <strong>distribuidor de toalhetes<\/strong> foi concebido para tornar a secagem das m\u00e3os simples, r\u00e1pida e higi\u00e9nica, sem sup\u00e9rfluos. Com o seu <strong>design branco<\/strong> elegante e discreto, integra-se facilmente em todos os ambientes: <strong>instala\u00e7\u00f5es sanit\u00e1rias, cozinhas profissionais, escrit\u00f3rios, com\u00e9rcios ou estabelecimentos que recebem p\u00fablico<\/strong>. Proporciona imediatamente uma impress\u00e3o de limpeza e organiza\u00e7\u00e3o, o que faz toda a diferen\u00e7a para os utilizadores.  <\/p>\n<p data-start=\"657\" data-end=\"979\">Gra\u00e7as ao seu sistema de <strong>distribui\u00e7\u00e3o folha a folha<\/strong>, cada pessoa retira apenas o que necessita. Resultado: menos desperd\u00edcio, um consumo mais controlado e um espa\u00e7o sempre limpo. Al\u00e9m disso, a utiliza\u00e7\u00e3o \u00e9 fluida, sem esfor\u00e7o, o que melhora a experi\u00eancia no dia a dia, mesmo durante as passagens frequentes.  <\/p>\n<p data-start=\"981\" data-end=\"1305\">A <strong>caixa protege eficazmente os toalhetes<\/strong> da humidade e das proje\u00e7\u00f5es, o que garante uma higiene ideal. Al\u00e9m disso, a janela de controlo integrada permite verificar o n\u00edvel de papel num relance. Desta forma, antecipa o reabastecimento sem esperar pela rutura, o que evita situa\u00e7\u00f5es inc\u00f3modas.  <\/p>\n<p data-start=\"1307\" data-end=\"1579\">S\u00f3lido e pensado para uma utiliza\u00e7\u00e3o intensiva, este distribuidor resiste muito bem ao tempo e \u00e0s manipula\u00e7\u00f5es repetidas. O seu reabastecimento r\u00e1pido permite-lhe poupar tempo durante a manuten\u00e7\u00e3o, enquanto a sua fixa\u00e7\u00e3o na parede liberta espa\u00e7o e facilita a limpeza das superf\u00edcies. <\/p>\n<p data-start=\"1581\" data-end=\"1843\">Em resumo, este <strong>distribuidor de toalhetes<\/strong> \u00e9 uma solu\u00e7\u00e3o fi\u00e1vel, pr\u00e1tica e eficaz para manter elevados padr\u00f5es de higiene, simplificando ao mesmo tempo a gest\u00e3o no dia a dia. Uma escolha segura para os profissionais que pretendem aliar funcionalidade e sobriedade. <\/p>\n<p data-start=\"1581\" data-end=\"1843\">\n<p data-start=\"1581\" data-end=\"1843\"><!--more--><\/p>\n<div class=\"markdown prose w-full break-words dark:prose-invert dark\">\n<p><strong>Distribuidor de toalhas de m\u00e3o, para utiliza\u00e7\u00e3o com a refer\u00eancia de produto <span style=\"color: #d12727;\"><a style=\"color: #d12727;\" href=\"https:\/\/www.csj-emballages.com\/es\/produit\/150-toallas-de-mano-de-2-capas-en-z-206-x-24-cm\/\">EPLZ<\/a><\/span><\/strong><\/p>\n<p>*Este distribuidor de toalhas de m\u00e3o \u00e9 fornecido completo com parafusos.<\/p>\n<p>&nbsp;<\/p>\n<\/div>\n<p><!--more--><\/p>\n<h4>Vantagens :<\/h4>\n<ul>\n<li data-start=\"1868\" data-end=\"1927\"><strong>Distribui\u00e7\u00e3o folha a folha<\/strong> para limitar o desperd\u00edcio.<\/li>\n<li data-start=\"1930\" data-end=\"1961\">Design s\u00f3brio e profissional.<\/li>\n<li data-start=\"1964\" data-end=\"2002\">Prote\u00e7\u00e3o ideal dos toalhetes.<\/li>\n<li data-start=\"2005\" data-end=\"2036\"><strong>Janela de controlo<\/strong> do n\u00edvel.<\/li>\n<li data-start=\"2039\" data-end=\"2079\">Adequado para locais com grande aflu\u00eancia.<\/li>\n<\/ul>\n<p>&nbsp;<\/p>\n<p><!--more--><\/p>\n<h4>Outras informa\u00e7\u00f5es :<\/h4>\n<ul>\n<li><strong>Embalagem<\/strong>: Por unidade<\/li>\n<li><strong>Material<\/strong>: Pl\u00e1stico<\/li>\n<li><strong>Cor<\/strong>: Branco<\/li>\n<li><strong>Utiliza\u00e7\u00e3o<\/strong>: Manual<\/li>\n<li><strong>Capacidade<\/strong>: Toalha de m\u00e3o emaranhada (<strong><span style=\"color: #d12727;\"><a style=\"color: #d12727;\" href=\"https:\/\/www.csj-emballages.com\/es\/produit\/150-toallas-de-mano-de-2-capas-en-z-206-x-24-cm\/\">EPLZ<\/a><\/span><\/strong>)<\/li>\n<\/ul>\n<p>&nbsp;<\/p>\n<p><!--more--><\/p>\n<p><a href=\"https:\/\/www.csj-emballages.com\/pt-pt\/categorie-produit\/higiene-e-manutencao\/distribuidores-pt-pt\/\">V\u00ea o resto da nossa gama de distribuidores<\/a><\/p>\n","protected":false},"excerpt":{"rendered":"<p>Distribuidor de toalhas de m\u00e3o Descri\u00e7\u00e3o do nosso dispensador de toalhas de m\u00e3o emaranhadas ref. EPLZ<\/p>\n","protected":false},"featured_media":221616,"template":"","meta":{"_acf_changed":false},"product_brand":[],"product_cat":[1222,1413,1382,1421,2563],"product_tag":[],"class_list":{"0":"post-20527","1":"product","2":"type-product","3":"status-publish","4":"has-post-thumbnail","6":"product_cat-higiene-e-manutencao","7":"product_cat-distribuidores-pt-pt","8":"product_cat-limpar","9":"product_cat-toalhas-de-mao","10":"product_cat-limpa-para-brisas-dobrados","12":"first","13":"instock","14":"taxable","15":"shipping-taxable","16":"purchasable","17":"product-type-simple"},"acf":[],"yoast_head":"<!-- This site is optimized with the Yoast SEO Premium plugin v26.6 (Yoast SEO v26.6) - https:\/\/yoast.com\/wordpress\/plugins\/seo\/ -->\n<title>Dispensador central de toalhas de m\u00e3o EPLZ<\/title>\n<meta name=\"description\" content=\"Descubra o nosso distribuidor de toalhas emaranhadas ref. EPLZ branco. Utiliza\u00e7\u00e3o manual. Compat\u00edvel com os toalhetes de m\u00e3o EPLZ\" \/>\n<meta name=\"robots\" content=\"index, follow, max-snippet:-1, max-image-preview:large, max-video-preview:-1\" \/>\n<link rel=\"canonical\" href=\"https:\/\/www.csj-emballages.com\/pt-pt\/produit\/dispensador-de-toalhas-de-mao-emaranhadas-ref-eplz\/\" \/>\n<meta property=\"og:locale\" content=\"pt_PT\" \/>\n<meta property=\"og:type\" content=\"article\" \/>\n<meta property=\"og:title\" content=\"Distribuidor de toalhetes interfolhados para ref. &quot;EPLZ&quot;\" \/>\n<meta property=\"og:description\" content=\"Descubra o nosso distribuidor de toalhas emaranhadas ref. EPLZ branco. Utiliza\u00e7\u00e3o manual. Compat\u00edvel com os toalhetes de m\u00e3o EPLZ\" \/>\n<meta property=\"og:url\" content=\"https:\/\/www.csj-emballages.com\/pt-pt\/produit\/dispensador-de-toalhas-de-mao-emaranhadas-ref-eplz\/\" \/>\n<meta property=\"og:site_name\" content=\"CSJ Emballages\" \/>\n<meta property=\"article:publisher\" content=\"https:\/\/www.facebook.com\/csjemballages\" \/>\n<meta property=\"article:modified_time\" content=\"2026-04-15T00:13:22+00:00\" \/>\n<meta property=\"og:image\" content=\"https:\/\/www.csj-emballages.com\/wp-content\/uploads\/2024\/03\/DISTRIEPLZ.webp\" \/>\n\t<meta property=\"og:image:width\" content=\"800\" \/>\n\t<meta property=\"og:image:height\" content=\"800\" \/>\n\t<meta property=\"og:image:type\" content=\"image\/webp\" \/>\n<meta name=\"twitter:card\" content=\"summary_large_image\" \/>\n<meta name=\"twitter:label1\" content=\"Tempo estimado de leitura\" \/>\n\t<meta name=\"twitter:data1\" content=\"2 minutos\" \/>\n<script type=\"application\/ld+json\" class=\"yoast-schema-graph\">{\"@context\":\"https:\/\/schema.org\",\"@graph\":[{\"@type\":\"WebPage\",\"@id\":\"https:\/\/www.csj-emballages.com\/pt-pt\/produit\/dispensador-de-toalhas-de-mao-emaranhadas-ref-eplz\/\",\"url\":\"https:\/\/www.csj-emballages.com\/pt-pt\/produit\/dispensador-de-toalhas-de-mao-emaranhadas-ref-eplz\/\",\"name\":\"Dispensador central de toalhas de m\u00e3o EPLZ\",\"isPartOf\":{\"@id\":\"https:\/\/www.csj-emballages.com\/pt-pt\/#website\"},\"primaryImageOfPage\":{\"@id\":\"https:\/\/www.csj-emballages.com\/pt-pt\/produit\/dispensador-de-toalhas-de-mao-emaranhadas-ref-eplz\/#primaryimage\"},\"image\":{\"@id\":\"https:\/\/www.csj-emballages.com\/pt-pt\/produit\/dispensador-de-toalhas-de-mao-emaranhadas-ref-eplz\/#primaryimage\"},\"thumbnailUrl\":\"https:\/\/www.csj-emballages.com\/wp-content\/uploads\/2024\/03\/DISTRIEPLZ.webp\",\"datePublished\":\"2024-03-01T15:54:32+00:00\",\"dateModified\":\"2026-04-15T00:13:22+00:00\",\"description\":\"Descubra o nosso distribuidor de toalhas emaranhadas ref. EPLZ branco. Utiliza\u00e7\u00e3o manual. Compat\u00edvel com os toalhetes de m\u00e3o EPLZ\",\"breadcrumb\":{\"@id\":\"https:\/\/www.csj-emballages.com\/pt-pt\/produit\/dispensador-de-toalhas-de-mao-emaranhadas-ref-eplz\/#breadcrumb\"},\"inLanguage\":\"pt-PT\",\"potentialAction\":[{\"@type\":\"ReadAction\",\"target\":[\"https:\/\/www.csj-emballages.com\/pt-pt\/produit\/dispensador-de-toalhas-de-mao-emaranhadas-ref-eplz\/\"]}]},{\"@type\":\"ImageObject\",\"inLanguage\":\"pt-PT\",\"@id\":\"https:\/\/www.csj-emballages.com\/pt-pt\/produit\/dispensador-de-toalhas-de-mao-emaranhadas-ref-eplz\/#primaryimage\",\"url\":\"https:\/\/www.csj-emballages.com\/wp-content\/uploads\/2024\/03\/DISTRIEPLZ.webp\",\"contentUrl\":\"https:\/\/www.csj-emballages.com\/wp-content\/uploads\/2024\/03\/DISTRIEPLZ.webp\",\"width\":800,\"height\":800,\"caption\":\"Distributeur essuie-main\"},{\"@type\":\"BreadcrumbList\",\"@id\":\"https:\/\/www.csj-emballages.com\/pt-pt\/produit\/dispensador-de-toalhas-de-mao-emaranhadas-ref-eplz\/#breadcrumb\",\"itemListElement\":[{\"@type\":\"ListItem\",\"position\":1,\"name\":\"Acolhimento\",\"item\":\"https:\/\/www.csj-emballages.com\/pt-pt\/universo-das-embalagens-alimentares\/\"},{\"@type\":\"ListItem\",\"position\":2,\"name\":\"Shop\",\"item\":\"https:\/\/www.csj-emballages.com\/shop\/\"},{\"@type\":\"ListItem\",\"position\":3,\"name\":\"Distribuidor de toalhetes interfolhados para ref. \u00ab\u00a0EPLZ\u00a0\u00bb\"}]},{\"@type\":\"WebSite\",\"@id\":\"https:\/\/www.csj-emballages.com\/pt-pt\/#website\",\"url\":\"https:\/\/www.csj-emballages.com\/pt-pt\/\",\"name\":\"CSJ Emballages\",\"description\":\"\",\"publisher\":{\"@id\":\"https:\/\/www.csj-emballages.com\/pt-pt\/#organization\"},\"potentialAction\":[{\"@type\":\"SearchAction\",\"target\":{\"@type\":\"EntryPoint\",\"urlTemplate\":\"https:\/\/www.csj-emballages.com\/pt-pt\/?s={search_term_string}\"},\"query-input\":{\"@type\":\"PropertyValueSpecification\",\"valueRequired\":true,\"valueName\":\"search_term_string\"}}],\"inLanguage\":\"pt-PT\"},{\"@type\":\"Organization\",\"@id\":\"https:\/\/www.csj-emballages.com\/pt-pt\/#Organization\/\",\"name\":\"CSJ Emballages\",\"url\":\"https:\/\/www.csj-emballages.com\/pt-pt\/\",\"logo\":{\"@type\":\"ImageObject\",\"inLanguage\":\"pt-PT\",\"@id\":\"https:\/\/www.csj-emballages.com\/pt-pt\/#\/schema\/logo\/image\/\",\"url\":\"https:\/\/www.csj-emballages.com\/wp-content\/uploads\/2023\/10\/logo_csj.webp\",\"contentUrl\":\"https:\/\/www.csj-emballages.com\/wp-content\/uploads\/2023\/10\/logo_csj.webp\",\"width\":250,\"height\":95,\"caption\":\"CSJ Emballages\"},\"image\":{\"@id\":\"https:\/\/www.csj-emballages.com\/pt-pt\/#\/schema\/logo\/image\/\"},\"sameAs\":[\"https:\/\/www.facebook.com\/csjemballages\"],\"address\":{\"@type\":\"PostalAddress\",\"streetAddress\":\"ZI La Lechere\",\"addressLocality\":\"Patornay\",\"postalCode\":\"39130\",\"addressCountry\":\"FR\"},\"contactPoint\":[{\"@type\":\"ContactPoint\",\"contactType\":\"Service client\",\"telephone\":\"0384254272\",\"email\":\"contact@csj-emballages.com\"}]}]}<\/script>\n<!-- \/ Yoast SEO Premium plugin. -->","yoast_head_json":{"title":"Dispensador central de toalhas de m\u00e3o EPLZ","description":"Descubra o nosso distribuidor de toalhas emaranhadas ref. EPLZ branco. Utiliza\u00e7\u00e3o manual. Compat\u00edvel com os toalhetes de m\u00e3o EPLZ","robots":{"index":"index","follow":"follow","max-snippet":"max-snippet:-1","max-image-preview":"max-image-preview:large","max-video-preview":"max-video-preview:-1"},"canonical":"https:\/\/www.csj-emballages.com\/pt-pt\/produit\/dispensador-de-toalhas-de-mao-emaranhadas-ref-eplz\/","og_locale":"pt_PT","og_type":"article","og_title":"Distribuidor de toalhetes interfolhados para ref. \"EPLZ\"","og_description":"Descubra o nosso distribuidor de toalhas emaranhadas ref. EPLZ branco. Utiliza\u00e7\u00e3o manual. Compat\u00edvel com os toalhetes de m\u00e3o EPLZ","og_url":"https:\/\/www.csj-emballages.com\/pt-pt\/produit\/dispensador-de-toalhas-de-mao-emaranhadas-ref-eplz\/","og_site_name":"CSJ Emballages","article_publisher":"https:\/\/www.facebook.com\/csjemballages","article_modified_time":"2026-04-15T00:13:22+00:00","og_image":[{"width":800,"height":800,"url":"https:\/\/www.csj-emballages.com\/wp-content\/uploads\/2024\/03\/DISTRIEPLZ.webp","type":"image\/webp"}],"twitter_card":"summary_large_image","twitter_misc":{"Tempo estimado de leitura":"2 minutos"},"schema":{"@context":"https:\/\/schema.org","@graph":[{"@type":"WebPage","@id":"https:\/\/www.csj-emballages.com\/pt-pt\/produit\/dispensador-de-toalhas-de-mao-emaranhadas-ref-eplz\/","url":"https:\/\/www.csj-emballages.com\/pt-pt\/produit\/dispensador-de-toalhas-de-mao-emaranhadas-ref-eplz\/","name":"Dispensador central de toalhas de m\u00e3o EPLZ","isPartOf":{"@id":"https:\/\/www.csj-emballages.com\/pt-pt\/#website"},"primaryImageOfPage":{"@id":"https:\/\/www.csj-emballages.com\/pt-pt\/produit\/dispensador-de-toalhas-de-mao-emaranhadas-ref-eplz\/#primaryimage"},"image":{"@id":"https:\/\/www.csj-emballages.com\/pt-pt\/produit\/dispensador-de-toalhas-de-mao-emaranhadas-ref-eplz\/#primaryimage"},"thumbnailUrl":"https:\/\/www.csj-emballages.com\/wp-content\/uploads\/2024\/03\/DISTRIEPLZ.webp","datePublished":"2024-03-01T15:54:32+00:00","dateModified":"2026-04-15T00:13:22+00:00","description":"Descubra o nosso distribuidor de toalhas emaranhadas ref. EPLZ branco. Utiliza\u00e7\u00e3o manual. Compat\u00edvel com os toalhetes de m\u00e3o EPLZ","breadcrumb":{"@id":"https:\/\/www.csj-emballages.com\/pt-pt\/produit\/dispensador-de-toalhas-de-mao-emaranhadas-ref-eplz\/#breadcrumb"},"inLanguage":"pt-PT","potentialAction":[{"@type":"ReadAction","target":["https:\/\/www.csj-emballages.com\/pt-pt\/produit\/dispensador-de-toalhas-de-mao-emaranhadas-ref-eplz\/"]}]},{"@type":"ImageObject","inLanguage":"pt-PT","@id":"https:\/\/www.csj-emballages.com\/pt-pt\/produit\/dispensador-de-toalhas-de-mao-emaranhadas-ref-eplz\/#primaryimage","url":"https:\/\/www.csj-emballages.com\/wp-content\/uploads\/2024\/03\/DISTRIEPLZ.webp","contentUrl":"https:\/\/www.csj-emballages.com\/wp-content\/uploads\/2024\/03\/DISTRIEPLZ.webp","width":800,"height":800,"caption":"Distributeur essuie-main"},{"@type":"BreadcrumbList","@id":"https:\/\/www.csj-emballages.com\/pt-pt\/produit\/dispensador-de-toalhas-de-mao-emaranhadas-ref-eplz\/#breadcrumb","itemListElement":[{"@type":"ListItem","position":1,"name":"Acolhimento","item":"https:\/\/www.csj-emballages.com\/pt-pt\/universo-das-embalagens-alimentares\/"},{"@type":"ListItem","position":2,"name":"Shop","item":"https:\/\/www.csj-emballages.com\/shop\/"},{"@type":"ListItem","position":3,"name":"Distribuidor de toalhetes interfolhados para ref. \u00ab\u00a0EPLZ\u00a0\u00bb"}]},{"@type":"WebSite","@id":"https:\/\/www.csj-emballages.com\/pt-pt\/#website","url":"https:\/\/www.csj-emballages.com\/pt-pt\/","name":"CSJ Emballages","description":"","publisher":{"@id":"https:\/\/www.csj-emballages.com\/pt-pt\/#organization"},"potentialAction":[{"@type":"SearchAction","target":{"@type":"EntryPoint","urlTemplate":"https:\/\/www.csj-emballages.com\/pt-pt\/?s={search_term_string}"},"query-input":{"@type":"PropertyValueSpecification","valueRequired":true,"valueName":"search_term_string"}}],"inLanguage":"pt-PT"},{"@type":"Organization","@id":"https:\/\/www.csj-emballages.com\/pt-pt\/#Organization\/","name":"CSJ Emballages","url":"https:\/\/www.csj-emballages.com\/pt-pt\/","logo":{"@type":"ImageObject","inLanguage":"pt-PT","@id":"https:\/\/www.csj-emballages.com\/pt-pt\/#\/schema\/logo\/image\/","url":"https:\/\/www.csj-emballages.com\/wp-content\/uploads\/2023\/10\/logo_csj.webp","contentUrl":"https:\/\/www.csj-emballages.com\/wp-content\/uploads\/2023\/10\/logo_csj.webp","width":250,"height":95,"caption":"CSJ Emballages"},"image":{"@id":"https:\/\/www.csj-emballages.com\/pt-pt\/#\/schema\/logo\/image\/"},"sameAs":["https:\/\/www.facebook.com\/csjemballages"],"address":{"@type":"PostalAddress","streetAddress":"ZI La Lechere","addressLocality":"Patornay","postalCode":"39130","addressCountry":"FR"},"contactPoint":[{"@type":"ContactPoint","contactType":"Service client","telephone":"0384254272","email":"contact@csj-emballages.com"}]}]}},"df_price":13.78,"df_sale_price":"","df_regular_price":13.78,"df_image_link":"https:\/\/www.csj-emballages.com\/wp-content\/uploads\/2024\/03\/DISTRIEPLZ-300x300.webp","tiered_pricing_type":"fixed","tiered_pricing_fixed_rules":[],"tiered_pricing_percentage_rules":[],"tiered_pricing_minimum":1,"tiered_pricing_roles_data":[],"_links":{"self":[{"href":"https:\/\/www.csj-emballages.com\/pt-pt\/wp-json\/wp\/v2\/product\/20527","targetHints":{"allow":["GET"]}}],"collection":[{"href":"https:\/\/www.csj-emballages.com\/pt-pt\/wp-json\/wp\/v2\/product"}],"about":[{"href":"https:\/\/www.csj-emballages.com\/pt-pt\/wp-json\/wp\/v2\/types\/product"}],"wp:featuredmedia":[{"embeddable":true,"href":"https:\/\/www.csj-emballages.com\/pt-pt\/wp-json\/wp\/v2\/media\/221616"}],"wp:attachment":[{"href":"https:\/\/www.csj-emballages.com\/pt-pt\/wp-json\/wp\/v2\/media?parent=20527"}],"wp:term":[{"taxonomy":"product_brand","embeddable":true,"href":"https:\/\/www.csj-emballages.com\/pt-pt\/wp-json\/wp\/v2\/product_brand?post=20527"},{"taxonomy":"product_cat","embeddable":true,"href":"https:\/\/www.csj-emballages.com\/pt-pt\/wp-json\/wp\/v2\/product_cat?post=20527"},{"taxonomy":"product_tag","embeddable":true,"href":"https:\/\/www.csj-emballages.com\/pt-pt\/wp-json\/wp\/v2\/product_tag?post=20527"}],"curies":[{"name":"wp","href":"https:\/\/api.w.org\/{rel}","templated":true}]}}