{"id":20515,"date":"2024-03-01T16:54:33","date_gmt":"2024-03-01T15:54:33","guid":{"rendered":"https:\/\/u15jnbdpoq.preview.infomaniak.website\/produit\/lencol-para-2-pessoas-plp-nao-tecido-branco-140-x-190-15-cm\/"},"modified":"2026-03-12T16:23:02","modified_gmt":"2026-03-12T15:23:02","slug":"lencol-para-2-pessoas-plp-nao-tecido-branco-140-x-190-15-cm","status":"publish","type":"product","link":"https:\/\/www.csj-emballages.com\/pt-pt\/produit\/lencol-para-2-pessoas-plp-nao-tecido-branco-140-x-190-15-cm\/","title":{"rendered":"Len\u00e7ol para 2 pessoas PLP n\u00e3o tecido branco 140 x 190 + 15 cm por 100"},"content":{"rendered":"<h2>Len\u00e7ol de algod\u00e3o<\/h2>\n<hr>\n<h3>Descri\u00e7\u00e3o do nosso len\u00e7ol para 2 pessoas PLP n\u00e3o tecido branco 140 x 190 + 15 cm por 100<\/h3>\n<p><!--more--><\/p>\n<div class=\"flex max-w-full flex-col flex-grow\">\n<div class=\"min-h-8 text-message flex w-full flex-col items-end gap-2 whitespace-normal break-words text-start [.text-message+&amp;]:mt-5\" dir=\"auto\" data-message-author-role=\"assistant\" data-message-id=\"266ca6f3-5e07-4948-bd20-80ac5e6da4a5\" data-message-model-slug=\"gpt-4o\">\n<div class=\"flex w-full flex-col gap-1 empty:hidden first:pt-[3px]\">\n<div class=\"markdown prose w-full break-words dark:prose-invert dark\">\n<p class=\"\" data-start=\"228\" data-end=\"558\">Ofere\u00e7a aos seus clientes, pacientes ou convidados um local limpo, pr\u00e1tico e higi\u00e9nico para dormir com este <strong>len\u00e7ol para 2 pessoas<\/strong> feito de <strong data-start=\"351\" data-end=\"379\">material n\u00e3o tecido (PLP)<\/strong>. Concebido para se adaptar a colch\u00f5es <strong>de 140 x 190 cm<\/strong>, possui tamb\u00e9m <strong data-start=\"459\" data-end=\"503\">rebordos el\u00e1sticos com uma capa de 15 cm<\/strong>, garantindo uma fixa\u00e7\u00e3o firme no colch\u00e3o sem escorregar. Ideal para <strong data-start=\"575\" data-end=\"634\">utiliza\u00e7\u00e3o em ambientes m\u00e9dicos, hoteleiros ou de eventos<\/strong>, este <strong>len\u00e7ol n\u00e3o tecido<\/strong> oferece uma solu\u00e7\u00e3o econ\u00f3mica e higi\u00e9nica para cobrir uma cama de casal. O <strong data-start=\"727\" data-end=\"754\">polipropileno<\/strong> n\u00e3o <strong data-start=\"727\" data-end=\"754\">tecido<\/strong> proporciona uma barreira ligeira contra a sujidade, mantendo-se respir\u00e1vel e confort\u00e1vel para o utilizador.   <\/p>\n<p class=\"\" data-start=\"866\" data-end=\"1131\">Embalado em lotes de <strong>100<\/strong> unidades, este len\u00e7ol est\u00e1 <strong data-start=\"912\" data-end=\"949\">pronto a utilizar, \u00e9 f\u00e1cil de guardar<\/strong> e permite poupar um tempo consider\u00e1vel ao evitar a lavagem. \u00c9 uma escolha sensata para estabelecimentos com elevada rota\u00e7\u00e3o de roupa de cama ou organiza\u00e7\u00f5es preocupadas com a higiene. <\/p>\n<p data-start=\"866\" data-end=\"1131\">\n<\/div>\n<\/div>\n<\/div>\n<\/div>\n<p><!--more--><\/p>\n<h4>Vantagens:<\/h4>\n<ul>\n<li><strong>Tecido n\u00e3o tecido PLP<\/strong>: leve, respir\u00e1vel e suave ao tato.<\/li>\n<li><strong>El\u00e1stico<\/strong>: apoio \u00f3timo no colch\u00e3o, sem escorregar.<\/li>\n<li><strong>El\u00e1sticos para a cabe\u00e7a e os p\u00e9s<\/strong>: apoio perfeito no colch\u00e3o, mesmo em movimento.<\/li>\n<li><strong>Higiene garantida<\/strong>: Protege eficazmente o colch\u00e3o contra as manchas e a sujidade.<\/li>\n<\/ul>\n<p>&nbsp;<\/p>\n<p><!--more--><\/p>\n<h4>Outras informa\u00e7\u00f5es :<\/h4>\n<ul>\n<li><strong>Embalagem<\/strong>: Pacote de 100<\/li>\n<li><strong>Sub-embalagem<\/strong>: Saqueta individual<\/li>\n<li><strong>Dimens\u00f5es<\/strong>: 140 x 190 + 15 cm<\/li>\n<li><strong>Material<\/strong>: polipropileno n\u00e3o tecido (PLP)<\/li>\n<li><strong>Cor<\/strong>: Branco<\/li>\n<li><b>Capacidade : <\/b>2 pessoas<\/li>\n<li><strong>Espessura<\/strong>: 25 g\/m\u00b2.<\/li>\n<\/ul>\n<p>&nbsp;<\/p>\n<p><!--more--><\/p>\n<p>Este len\u00e7ol est\u00e1 dispon\u00edvel em v\u00e1rios tamanhos: <span style=\"color: #d12727\"><a style=\"color: #d12727\" href=\"https:\/\/www.csj-emballages.com\/es\/produit\/sabana-bajera-1-persona-plp-no-tejida-blanca-90-x-190-15-cm\/\">90 x 190 x 15 cm<\/a><\/span> \/ <span style=\"color: #d12727\"><a style=\"color: #d12727\" href=\"https:\/\/www.csj-emballages.com\/es\/produit\/sabana-bajera-2-personas-plp-no-tejido-blanco-160-x-200-15-cm-por-100\/\">160 x 200 x 15 cm<\/a><\/span><\/p>\n<p>&nbsp;<\/p>\n<p><!--more--><\/p>\n<p><a href=\"https:\/\/www.csj-emballages.com\/pt-pt\/categorie-produit\/higiene-e-manutencao\/roupa-de-cama-descartavel\/\">Ver o resto da nossa gama de roupa de cama descart\u00e1vel<\/a><\/p>\n","protected":false},"excerpt":{"rendered":"<p>Len\u00e7ol de algod\u00e3o Descri\u00e7\u00e3o do nosso len\u00e7ol para 2 pessoas PLP n\u00e3o tecido branco 140 x 190 + 15 cm por 100<\/p>\n","protected":false},"featured_media":230796,"template":"","meta":{"_acf_changed":false},"product_brand":[],"product_cat":[1222,1436],"product_tag":[],"class_list":{"0":"post-20515","1":"product","2":"type-product","3":"status-publish","4":"has-post-thumbnail","6":"product_cat-higiene-e-manutencao","7":"product_cat-roupa-de-cama-descartavel","9":"first","10":"instock","11":"taxable","12":"shipping-taxable","13":"purchasable","14":"product-type-simple"},"acf":[],"yoast_head":"<!-- This site is optimized with the Yoast SEO Premium plugin v26.6 (Yoast SEO v26.6) - https:\/\/yoast.com\/wordpress\/plugins\/seo\/ -->\n<title>Len\u00e7ol de 2 Pessoas PLP N\u00e3o Tecido 140 x 190 + 15 cm<\/title>\n<meta name=\"description\" content=\"Len\u00e7ol 2 pessoas 140 x 190 x 15 cm em tecido n\u00e3o tecido branco, ideal para uma higiene perfeita. Embalagem de 100 unidades, ideal para uso profissional.\" \/>\n<meta name=\"robots\" content=\"index, follow, max-snippet:-1, max-image-preview:large, max-video-preview:-1\" \/>\n<link rel=\"canonical\" href=\"https:\/\/www.csj-emballages.com\/pt-pt\/produit\/lencol-para-2-pessoas-plp-nao-tecido-branco-140-x-190-15-cm\/\" \/>\n<meta property=\"og:locale\" content=\"pt_PT\" \/>\n<meta property=\"og:type\" content=\"article\" \/>\n<meta property=\"og:title\" content=\"Len\u00e7ol para 2 pessoas PLP n\u00e3o tecido branco 140 x 190 + 15 cm por 100\" \/>\n<meta property=\"og:description\" content=\"Len\u00e7ol 2 pessoas 140 x 190 x 15 cm em tecido n\u00e3o tecido branco, ideal para uma higiene perfeita. Embalagem de 100 unidades, ideal para uso profissional.\" \/>\n<meta property=\"og:url\" content=\"https:\/\/www.csj-emballages.com\/pt-pt\/produit\/lencol-para-2-pessoas-plp-nao-tecido-branco-140-x-190-15-cm\/\" \/>\n<meta property=\"og:site_name\" content=\"CSJ Emballages\" \/>\n<meta property=\"article:publisher\" content=\"https:\/\/www.facebook.com\/csjemballages\" \/>\n<meta property=\"article:modified_time\" content=\"2026-03-12T15:23:02+00:00\" \/>\n<meta property=\"og:image\" content=\"https:\/\/www.csj-emballages.com\/wp-content\/uploads\/2025\/04\/drap-housse.webp\" \/>\n\t<meta property=\"og:image:width\" content=\"800\" \/>\n\t<meta property=\"og:image:height\" content=\"800\" \/>\n\t<meta property=\"og:image:type\" content=\"image\/webp\" \/>\n<meta name=\"twitter:card\" content=\"summary_large_image\" \/>\n<meta name=\"twitter:label1\" content=\"Tempo estimado de leitura\" \/>\n\t<meta name=\"twitter:data1\" content=\"1 minuto\" \/>\n<script type=\"application\/ld+json\" class=\"yoast-schema-graph\">{\"@context\":\"https:\/\/schema.org\",\"@graph\":[{\"@type\":\"WebPage\",\"@id\":\"https:\/\/www.csj-emballages.com\/pt-pt\/produit\/lencol-para-2-pessoas-plp-nao-tecido-branco-140-x-190-15-cm\/\",\"url\":\"https:\/\/www.csj-emballages.com\/pt-pt\/produit\/lencol-para-2-pessoas-plp-nao-tecido-branco-140-x-190-15-cm\/\",\"name\":\"Len\u00e7ol de 2 Pessoas PLP N\u00e3o Tecido 140 x 190 + 15 cm\",\"isPartOf\":{\"@id\":\"https:\/\/www.csj-emballages.com\/pt-pt\/#website\"},\"primaryImageOfPage\":{\"@id\":\"https:\/\/www.csj-emballages.com\/pt-pt\/produit\/lencol-para-2-pessoas-plp-nao-tecido-branco-140-x-190-15-cm\/#primaryimage\"},\"image\":{\"@id\":\"https:\/\/www.csj-emballages.com\/pt-pt\/produit\/lencol-para-2-pessoas-plp-nao-tecido-branco-140-x-190-15-cm\/#primaryimage\"},\"thumbnailUrl\":\"https:\/\/www.csj-emballages.com\/wp-content\/uploads\/2025\/04\/drap-housse.webp\",\"datePublished\":\"2024-03-01T15:54:33+00:00\",\"dateModified\":\"2026-03-12T15:23:02+00:00\",\"description\":\"Len\u00e7ol 2 pessoas 140 x 190 x 15 cm em tecido n\u00e3o tecido branco, ideal para uma higiene perfeita. Embalagem de 100 unidades, ideal para uso profissional.\",\"breadcrumb\":{\"@id\":\"https:\/\/www.csj-emballages.com\/pt-pt\/produit\/lencol-para-2-pessoas-plp-nao-tecido-branco-140-x-190-15-cm\/#breadcrumb\"},\"inLanguage\":\"pt-PT\",\"potentialAction\":[{\"@type\":\"ReadAction\",\"target\":[\"https:\/\/www.csj-emballages.com\/pt-pt\/produit\/lencol-para-2-pessoas-plp-nao-tecido-branco-140-x-190-15-cm\/\"]}]},{\"@type\":\"ImageObject\",\"inLanguage\":\"pt-PT\",\"@id\":\"https:\/\/www.csj-emballages.com\/pt-pt\/produit\/lencol-para-2-pessoas-plp-nao-tecido-branco-140-x-190-15-cm\/#primaryimage\",\"url\":\"https:\/\/www.csj-emballages.com\/wp-content\/uploads\/2025\/04\/drap-housse.webp\",\"contentUrl\":\"https:\/\/www.csj-emballages.com\/wp-content\/uploads\/2025\/04\/drap-housse.webp\",\"width\":800,\"height\":800,\"caption\":\"Drap housse\"},{\"@type\":\"BreadcrumbList\",\"@id\":\"https:\/\/www.csj-emballages.com\/pt-pt\/produit\/lencol-para-2-pessoas-plp-nao-tecido-branco-140-x-190-15-cm\/#breadcrumb\",\"itemListElement\":[{\"@type\":\"ListItem\",\"position\":1,\"name\":\"Acolhimento\",\"item\":\"https:\/\/www.csj-emballages.com\/pt-pt\/universo-das-embalagens-alimentares\/\"},{\"@type\":\"ListItem\",\"position\":2,\"name\":\"Shop\",\"item\":\"https:\/\/www.csj-emballages.com\/shop\/\"},{\"@type\":\"ListItem\",\"position\":3,\"name\":\"Len\u00e7ol para 2 pessoas PLP n\u00e3o tecido branco 140 x 190 + 15 cm por 100\"}]},{\"@type\":\"WebSite\",\"@id\":\"https:\/\/www.csj-emballages.com\/pt-pt\/#website\",\"url\":\"https:\/\/www.csj-emballages.com\/pt-pt\/\",\"name\":\"CSJ Emballages\",\"description\":\"\",\"publisher\":{\"@id\":\"https:\/\/www.csj-emballages.com\/pt-pt\/#organization\"},\"potentialAction\":[{\"@type\":\"SearchAction\",\"target\":{\"@type\":\"EntryPoint\",\"urlTemplate\":\"https:\/\/www.csj-emballages.com\/pt-pt\/?s={search_term_string}\"},\"query-input\":{\"@type\":\"PropertyValueSpecification\",\"valueRequired\":true,\"valueName\":\"search_term_string\"}}],\"inLanguage\":\"pt-PT\"},{\"@type\":\"Organization\",\"@id\":\"https:\/\/www.csj-emballages.com\/pt-pt\/#Organization\/\",\"name\":\"CSJ Emballages\",\"url\":\"https:\/\/www.csj-emballages.com\/pt-pt\/\",\"logo\":{\"@type\":\"ImageObject\",\"inLanguage\":\"pt-PT\",\"@id\":\"https:\/\/www.csj-emballages.com\/pt-pt\/#\/schema\/logo\/image\/\",\"url\":\"https:\/\/www.csj-emballages.com\/wp-content\/uploads\/2023\/10\/logo_csj.webp\",\"contentUrl\":\"https:\/\/www.csj-emballages.com\/wp-content\/uploads\/2023\/10\/logo_csj.webp\",\"width\":250,\"height\":95,\"caption\":\"CSJ Emballages\"},\"image\":{\"@id\":\"https:\/\/www.csj-emballages.com\/pt-pt\/#\/schema\/logo\/image\/\"},\"sameAs\":[\"https:\/\/www.facebook.com\/csjemballages\"],\"address\":{\"@type\":\"PostalAddress\",\"streetAddress\":\"ZI La Lechere\",\"addressLocality\":\"Patornay\",\"postalCode\":\"39130\",\"addressCountry\":\"FR\"},\"contactPoint\":[{\"@type\":\"ContactPoint\",\"contactType\":\"Service client\",\"telephone\":\"0384254272\",\"email\":\"contact@csj-emballages.com\"}]}]}<\/script>\n<!-- \/ Yoast SEO Premium plugin. -->","yoast_head_json":{"title":"Len\u00e7ol de 2 Pessoas PLP N\u00e3o Tecido 140 x 190 + 15 cm","description":"Len\u00e7ol 2 pessoas 140 x 190 x 15 cm em tecido n\u00e3o tecido branco, ideal para uma higiene perfeita. Embalagem de 100 unidades, ideal para uso profissional.","robots":{"index":"index","follow":"follow","max-snippet":"max-snippet:-1","max-image-preview":"max-image-preview:large","max-video-preview":"max-video-preview:-1"},"canonical":"https:\/\/www.csj-emballages.com\/pt-pt\/produit\/lencol-para-2-pessoas-plp-nao-tecido-branco-140-x-190-15-cm\/","og_locale":"pt_PT","og_type":"article","og_title":"Len\u00e7ol para 2 pessoas PLP n\u00e3o tecido branco 140 x 190 + 15 cm por 100","og_description":"Len\u00e7ol 2 pessoas 140 x 190 x 15 cm em tecido n\u00e3o tecido branco, ideal para uma higiene perfeita. Embalagem de 100 unidades, ideal para uso profissional.","og_url":"https:\/\/www.csj-emballages.com\/pt-pt\/produit\/lencol-para-2-pessoas-plp-nao-tecido-branco-140-x-190-15-cm\/","og_site_name":"CSJ Emballages","article_publisher":"https:\/\/www.facebook.com\/csjemballages","article_modified_time":"2026-03-12T15:23:02+00:00","og_image":[{"width":800,"height":800,"url":"https:\/\/www.csj-emballages.com\/wp-content\/uploads\/2025\/04\/drap-housse.webp","type":"image\/webp"}],"twitter_card":"summary_large_image","twitter_misc":{"Tempo estimado de leitura":"1 minuto"},"schema":{"@context":"https:\/\/schema.org","@graph":[{"@type":"WebPage","@id":"https:\/\/www.csj-emballages.com\/pt-pt\/produit\/lencol-para-2-pessoas-plp-nao-tecido-branco-140-x-190-15-cm\/","url":"https:\/\/www.csj-emballages.com\/pt-pt\/produit\/lencol-para-2-pessoas-plp-nao-tecido-branco-140-x-190-15-cm\/","name":"Len\u00e7ol de 2 Pessoas PLP N\u00e3o Tecido 140 x 190 + 15 cm","isPartOf":{"@id":"https:\/\/www.csj-emballages.com\/pt-pt\/#website"},"primaryImageOfPage":{"@id":"https:\/\/www.csj-emballages.com\/pt-pt\/produit\/lencol-para-2-pessoas-plp-nao-tecido-branco-140-x-190-15-cm\/#primaryimage"},"image":{"@id":"https:\/\/www.csj-emballages.com\/pt-pt\/produit\/lencol-para-2-pessoas-plp-nao-tecido-branco-140-x-190-15-cm\/#primaryimage"},"thumbnailUrl":"https:\/\/www.csj-emballages.com\/wp-content\/uploads\/2025\/04\/drap-housse.webp","datePublished":"2024-03-01T15:54:33+00:00","dateModified":"2026-03-12T15:23:02+00:00","description":"Len\u00e7ol 2 pessoas 140 x 190 x 15 cm em tecido n\u00e3o tecido branco, ideal para uma higiene perfeita. Embalagem de 100 unidades, ideal para uso profissional.","breadcrumb":{"@id":"https:\/\/www.csj-emballages.com\/pt-pt\/produit\/lencol-para-2-pessoas-plp-nao-tecido-branco-140-x-190-15-cm\/#breadcrumb"},"inLanguage":"pt-PT","potentialAction":[{"@type":"ReadAction","target":["https:\/\/www.csj-emballages.com\/pt-pt\/produit\/lencol-para-2-pessoas-plp-nao-tecido-branco-140-x-190-15-cm\/"]}]},{"@type":"ImageObject","inLanguage":"pt-PT","@id":"https:\/\/www.csj-emballages.com\/pt-pt\/produit\/lencol-para-2-pessoas-plp-nao-tecido-branco-140-x-190-15-cm\/#primaryimage","url":"https:\/\/www.csj-emballages.com\/wp-content\/uploads\/2025\/04\/drap-housse.webp","contentUrl":"https:\/\/www.csj-emballages.com\/wp-content\/uploads\/2025\/04\/drap-housse.webp","width":800,"height":800,"caption":"Drap housse"},{"@type":"BreadcrumbList","@id":"https:\/\/www.csj-emballages.com\/pt-pt\/produit\/lencol-para-2-pessoas-plp-nao-tecido-branco-140-x-190-15-cm\/#breadcrumb","itemListElement":[{"@type":"ListItem","position":1,"name":"Acolhimento","item":"https:\/\/www.csj-emballages.com\/pt-pt\/universo-das-embalagens-alimentares\/"},{"@type":"ListItem","position":2,"name":"Shop","item":"https:\/\/www.csj-emballages.com\/shop\/"},{"@type":"ListItem","position":3,"name":"Len\u00e7ol para 2 pessoas PLP n\u00e3o tecido branco 140 x 190 + 15 cm por 100"}]},{"@type":"WebSite","@id":"https:\/\/www.csj-emballages.com\/pt-pt\/#website","url":"https:\/\/www.csj-emballages.com\/pt-pt\/","name":"CSJ Emballages","description":"","publisher":{"@id":"https:\/\/www.csj-emballages.com\/pt-pt\/#organization"},"potentialAction":[{"@type":"SearchAction","target":{"@type":"EntryPoint","urlTemplate":"https:\/\/www.csj-emballages.com\/pt-pt\/?s={search_term_string}"},"query-input":{"@type":"PropertyValueSpecification","valueRequired":true,"valueName":"search_term_string"}}],"inLanguage":"pt-PT"},{"@type":"Organization","@id":"https:\/\/www.csj-emballages.com\/pt-pt\/#Organization\/","name":"CSJ Emballages","url":"https:\/\/www.csj-emballages.com\/pt-pt\/","logo":{"@type":"ImageObject","inLanguage":"pt-PT","@id":"https:\/\/www.csj-emballages.com\/pt-pt\/#\/schema\/logo\/image\/","url":"https:\/\/www.csj-emballages.com\/wp-content\/uploads\/2023\/10\/logo_csj.webp","contentUrl":"https:\/\/www.csj-emballages.com\/wp-content\/uploads\/2023\/10\/logo_csj.webp","width":250,"height":95,"caption":"CSJ Emballages"},"image":{"@id":"https:\/\/www.csj-emballages.com\/pt-pt\/#\/schema\/logo\/image\/"},"sameAs":["https:\/\/www.facebook.com\/csjemballages"],"address":{"@type":"PostalAddress","streetAddress":"ZI La Lechere","addressLocality":"Patornay","postalCode":"39130","addressCountry":"FR"},"contactPoint":[{"@type":"ContactPoint","contactType":"Service client","telephone":"0384254272","email":"contact@csj-emballages.com"}]}]}},"df_price":76.51,"df_sale_price":"","df_regular_price":76.51,"df_image_link":"https:\/\/www.csj-emballages.com\/wp-content\/uploads\/2025\/04\/drap-housse-300x300.webp","tiered_pricing_type":"fixed","tiered_pricing_fixed_rules":[],"tiered_pricing_percentage_rules":[],"tiered_pricing_minimum":1,"tiered_pricing_roles_data":[],"_links":{"self":[{"href":"https:\/\/www.csj-emballages.com\/pt-pt\/wp-json\/wp\/v2\/product\/20515","targetHints":{"allow":["GET"]}}],"collection":[{"href":"https:\/\/www.csj-emballages.com\/pt-pt\/wp-json\/wp\/v2\/product"}],"about":[{"href":"https:\/\/www.csj-emballages.com\/pt-pt\/wp-json\/wp\/v2\/types\/product"}],"wp:featuredmedia":[{"embeddable":true,"href":"https:\/\/www.csj-emballages.com\/pt-pt\/wp-json\/wp\/v2\/media\/230796"}],"wp:attachment":[{"href":"https:\/\/www.csj-emballages.com\/pt-pt\/wp-json\/wp\/v2\/media?parent=20515"}],"wp:term":[{"taxonomy":"product_brand","embeddable":true,"href":"https:\/\/www.csj-emballages.com\/pt-pt\/wp-json\/wp\/v2\/product_brand?post=20515"},{"taxonomy":"product_cat","embeddable":true,"href":"https:\/\/www.csj-emballages.com\/pt-pt\/wp-json\/wp\/v2\/product_cat?post=20515"},{"taxonomy":"product_tag","embeddable":true,"href":"https:\/\/www.csj-emballages.com\/pt-pt\/wp-json\/wp\/v2\/product_tag?post=20515"}],"curies":[{"name":"wp","href":"https:\/\/api.w.org\/{rel}","templated":true}]}}