{"id":20509,"date":"2024-03-01T16:54:32","date_gmt":"2024-03-01T15:54:32","guid":{"rendered":"https:\/\/u15jnbdpoq.preview.infomaniak.website\/produit\/saboneteira-de-pressao-de-1-litro\/"},"modified":"2026-04-17T02:13:05","modified_gmt":"2026-04-17T00:13:05","slug":"saboneteira-de-pressao-de-1-litro","status":"publish","type":"product","link":"https:\/\/www.csj-emballages.com\/pt-pt\/produit\/saboneteira-de-pressao-de-1-litro\/","title":{"rendered":"Distribuidor de sab\u00e3o pressurizado de 900 ml"},"content":{"rendered":"<h2>Distribuidor de sab\u00e3o<\/h2>\n<hr>\n<h3>Descri\u00e7\u00e3o do nosso dispensador de sab\u00e3o pressurizado de 1 litro<!--more--><\/h3>\n<div class=\"flex max-w-full flex-col flex-grow\">\n<div class=\"min-h-8 text-message flex w-full flex-col items-end gap-2 whitespace-normal break-words text-start [.text-message+&amp;]:mt-5\" dir=\"auto\" data-message-author-role=\"assistant\" data-message-id=\"266ca6f3-5e07-4948-bd20-80ac5e6da4a5\" data-message-model-slug=\"gpt-4o\">\n<div class=\"flex w-full flex-col gap-1 empty:hidden first:pt-[3px]\">\n<div class=\"markdown prose w-full break-words dark:prose-invert dark\"><\/div>\n<\/div>\n<\/div>\n<\/div>\n<p data-start=\"248\" data-end=\"596\">Este <strong>distribuidor de sabonete de press\u00e3o<\/strong> de <strong data-start=\"284\" data-end=\"294\">900 ml<\/strong> foi concebido para ir direto ao essencial: efic\u00e1cia, simplicidade e higiene. Com o seu <strong>design s\u00f3brio branco<\/strong> e <strong>cinzento<\/strong>, integra-se facilmente em todos os ambientes, quer sejam instala\u00e7\u00f5es sanit\u00e1rias profissionais, uma cozinha de restaura\u00e7\u00e3o, um escrit\u00f3rio ou um espa\u00e7o p\u00fablico. Cumpre o seu prop\u00f3sito, sem exagerar.  <\/p>\n<p data-start=\"598\" data-end=\"1012\">Gra\u00e7as ao seu sistema de press\u00e3o, a utiliza\u00e7\u00e3o \u00e9 intuitiva. Uma simples press\u00e3o \u00e9 suficiente para fornecer a quantidade certa de sabonete, o que evita o desperd\u00edcio e mant\u00e9m as m\u00e3os limpas sem salpicos. \u00c9 pr\u00e1tico no dia a dia, especialmente em locais com muita passagem. Al\u00e9m disso, a sua <strong data-start=\"894\" data-end=\"923\">grande capacidade de 900 ml<\/strong> permite espa\u00e7ar os reabastecimentos, o que poupa tempo e simplifica a manuten\u00e7\u00e3o.   <\/p>\n<p data-start=\"1014\" data-end=\"1292\">Al\u00e9m disso, a sua <strong>janela transparente<\/strong> permite visualizar rapidamente o n\u00edvel de sabonete. Sem surpresas desagrad\u00e1veis: sabe quando \u00e9 altura de o reabastecer. O seu formato mural liberta espa\u00e7o nas bancadas e contribui para manter uma zona limpa e organizada.  <\/p>\n<p data-start=\"1294\" data-end=\"1514\">S\u00f3lido e fi\u00e1vel, este <strong>distribuidor<\/strong> foi concebido para uma utiliza\u00e7\u00e3o intensiva. \u00c9 adequado tanto para sabonetes l\u00edquidos como para g\u00e9is de lavagem, o que o torna vers\u00e1til e f\u00e1cil de integrar em diferentes contextos profissionais. <\/p>\n<p data-start=\"1516\" data-end=\"1764\">Em resumo, este <strong>distribuidor de sabonete de press\u00e3o<\/strong> \u00e9 uma solu\u00e7\u00e3o simples, limpa e duradoura. Melhora a higiene sem complicar o dia a dia e responde perfeitamente \u00e0s necessidades dos profissionais que procuram material funcional e eficaz. <\/p>\n<p data-start=\"1516\" data-end=\"1764\">\n<p data-start=\"1516\" data-end=\"1764\"><!--more--><\/p>\n<div class=\"flex max-w-full flex-col flex-grow\">\n<div class=\"min-h-8 text-message flex w-full flex-col items-end gap-2 whitespace-normal break-words text-start [.text-message+&amp;]:mt-5\" dir=\"auto\" data-message-author-role=\"assistant\" data-message-id=\"266ca6f3-5e07-4948-bd20-80ac5e6da4a5\" data-message-model-slug=\"gpt-4o\">\n<div class=\"flex w-full flex-col gap-1 empty:hidden first:pt-[3px]\">\n<div class=\"markdown prose w-full break-words dark:prose-invert dark\">\n<p>Utiliza\u00e7\u00e3o manual at\u00e9 3 ml por press\u00e3o.<\/p>\n<p>*Este distribuidor \u00e9 fornecido com os parafusos.<\/p>\n<\/div>\n<\/div>\n<\/div>\n<\/div>\n<p>&nbsp;<\/p>\n<p><!--more--><\/p>\n<h4>Vantagens :<\/h4>\n<ul>\n<li data-start=\"1792\" data-end=\"1820\">Grande capacidade de <strong>900 ml<\/strong>.<\/li>\n<li data-start=\"1823\" data-end=\"1876\">Distribui\u00e7\u00e3o controlada gra\u00e7as ao sistema de press\u00e3o.<\/li>\n<li data-start=\"1879\" data-end=\"1911\"><strong>Janela de controlo<\/strong> do n\u00edvel.<\/li>\n<li data-start=\"1914\" data-end=\"1948\">Design discreto e profissional.<\/li>\n<li data-start=\"1951\" data-end=\"1978\"><strong>Fixa\u00e7\u00e3o mural<\/strong> pr\u00e1tica.<\/li>\n<li data-start=\"1981\" data-end=\"2008\">Adaptado a uma utiliza\u00e7\u00e3o intensiva.<\/li>\n<\/ul>\n<p>&nbsp;<\/p>\n<p><!--more--><\/p>\n<h4>Outras informa\u00e7\u00f5es :<\/h4>\n<ul>\n<li><strong>Embalagem<\/strong>: Por unidade<\/li>\n<li><strong>Material<\/strong>: Pl\u00e1stico<\/li>\n<li><strong>Cor<\/strong>: Branco<\/li>\n<li><strong>Utiliza\u00e7\u00e3o<\/strong>: Pressurizado \/ manual<\/li>\n<li><strong>Capacidade<\/strong>: 1 litro \/ 3 ml por compress\u00e3o<\/li>\n<\/ul>\n<p>&nbsp;<\/p>\n<p><!--more--><\/p>\n<p><a href=\"\/?product_cat=savon-main\">V\u00ea a nossa gama de sabonetes para as m\u00e3os<\/a><\/p>\n<p>&nbsp;<\/p>\n<p><!--more--><\/p>\n<p><a href=\"https:\/\/www.csj-emballages.com\/pt-pt\/categorie-produit\/higiene-e-manutencao\/distribuidores-pt-pt\/\">V\u00ea o resto da nossa gama de distribuidores<\/a><\/p>\n","protected":false},"excerpt":{"rendered":"<p>Distribuidor de sab\u00e3o Descri\u00e7\u00e3o do nosso dispensador de sab\u00e3o pressurizado de 1 litro<\/p>\n","protected":false},"featured_media":256840,"template":"","meta":{"_acf_changed":false},"product_brand":[],"product_cat":[1222,1413],"product_tag":[],"class_list":{"0":"post-20509","1":"product","2":"type-product","3":"status-publish","4":"has-post-thumbnail","6":"product_cat-higiene-e-manutencao","7":"product_cat-distribuidores-pt-pt","9":"first","10":"instock","11":"taxable","12":"shipping-taxable","13":"purchasable","14":"product-type-simple"},"acf":[],"yoast_head":"<!-- This site is optimized with the Yoast SEO Premium plugin v26.6 (Yoast SEO v26.6) - https:\/\/yoast.com\/wordpress\/plugins\/seo\/ -->\n<title>Dispensador de sab\u00e3o de press\u00e3o de 1 litro<\/title>\n<meta name=\"description\" content=\"Descubra o nosso dispensador de sab\u00e3o pressurizado de 1 litro. Com uma capacidade de 1L com 3ml por press\u00e3o manual. Utiliza\u00e7\u00e3o manual.\" \/>\n<meta name=\"robots\" content=\"index, follow, max-snippet:-1, max-image-preview:large, max-video-preview:-1\" \/>\n<link rel=\"canonical\" href=\"https:\/\/www.csj-emballages.com\/pt-pt\/produit\/saboneteira-de-pressao-de-1-litro\/\" \/>\n<meta property=\"og:locale\" content=\"pt_PT\" \/>\n<meta property=\"og:type\" content=\"article\" \/>\n<meta property=\"og:title\" content=\"Distribuidor de sab\u00e3o pressurizado de 900 ml\" \/>\n<meta property=\"og:description\" content=\"Descubra o nosso dispensador de sab\u00e3o pressurizado de 1 litro. Com uma capacidade de 1L com 3ml por press\u00e3o manual. Utiliza\u00e7\u00e3o manual.\" \/>\n<meta property=\"og:url\" content=\"https:\/\/www.csj-emballages.com\/pt-pt\/produit\/saboneteira-de-pressao-de-1-litro\/\" \/>\n<meta property=\"og:site_name\" content=\"CSJ Emballages\" \/>\n<meta property=\"article:publisher\" content=\"https:\/\/www.facebook.com\/csjemballages\" \/>\n<meta property=\"article:modified_time\" content=\"2026-04-17T00:13:05+00:00\" \/>\n<meta property=\"og:image\" content=\"https:\/\/www.csj-emballages.com\/wp-content\/uploads\/2024\/03\/DISTRI1L-2.webp\" \/>\n\t<meta property=\"og:image:width\" content=\"800\" \/>\n\t<meta property=\"og:image:height\" content=\"800\" \/>\n\t<meta property=\"og:image:type\" content=\"image\/webp\" \/>\n<meta name=\"twitter:card\" content=\"summary_large_image\" \/>\n<meta name=\"twitter:label1\" content=\"Tempo estimado de leitura\" \/>\n\t<meta name=\"twitter:data1\" content=\"2 minutos\" \/>\n<script type=\"application\/ld+json\" class=\"yoast-schema-graph\">{\"@context\":\"https:\/\/schema.org\",\"@graph\":[{\"@type\":\"WebPage\",\"@id\":\"https:\/\/www.csj-emballages.com\/pt-pt\/produit\/saboneteira-de-pressao-de-1-litro\/\",\"url\":\"https:\/\/www.csj-emballages.com\/pt-pt\/produit\/saboneteira-de-pressao-de-1-litro\/\",\"name\":\"Dispensador de sab\u00e3o de press\u00e3o de 1 litro\",\"isPartOf\":{\"@id\":\"https:\/\/www.csj-emballages.com\/pt-pt\/#website\"},\"primaryImageOfPage\":{\"@id\":\"https:\/\/www.csj-emballages.com\/pt-pt\/produit\/saboneteira-de-pressao-de-1-litro\/#primaryimage\"},\"image\":{\"@id\":\"https:\/\/www.csj-emballages.com\/pt-pt\/produit\/saboneteira-de-pressao-de-1-litro\/#primaryimage\"},\"thumbnailUrl\":\"https:\/\/www.csj-emballages.com\/wp-content\/uploads\/2024\/03\/DISTRI1L-2.webp\",\"datePublished\":\"2024-03-01T15:54:32+00:00\",\"dateModified\":\"2026-04-17T00:13:05+00:00\",\"description\":\"Descubra o nosso dispensador de sab\u00e3o pressurizado de 1 litro. Com uma capacidade de 1L com 3ml por press\u00e3o manual. Utiliza\u00e7\u00e3o manual.\",\"breadcrumb\":{\"@id\":\"https:\/\/www.csj-emballages.com\/pt-pt\/produit\/saboneteira-de-pressao-de-1-litro\/#breadcrumb\"},\"inLanguage\":\"pt-PT\",\"potentialAction\":[{\"@type\":\"ReadAction\",\"target\":[\"https:\/\/www.csj-emballages.com\/pt-pt\/produit\/saboneteira-de-pressao-de-1-litro\/\"]}]},{\"@type\":\"ImageObject\",\"inLanguage\":\"pt-PT\",\"@id\":\"https:\/\/www.csj-emballages.com\/pt-pt\/produit\/saboneteira-de-pressao-de-1-litro\/#primaryimage\",\"url\":\"https:\/\/www.csj-emballages.com\/wp-content\/uploads\/2024\/03\/DISTRI1L-2.webp\",\"contentUrl\":\"https:\/\/www.csj-emballages.com\/wp-content\/uploads\/2024\/03\/DISTRI1L-2.webp\",\"width\":800,\"height\":800,\"caption\":\"Distributeur savon\"},{\"@type\":\"BreadcrumbList\",\"@id\":\"https:\/\/www.csj-emballages.com\/pt-pt\/produit\/saboneteira-de-pressao-de-1-litro\/#breadcrumb\",\"itemListElement\":[{\"@type\":\"ListItem\",\"position\":1,\"name\":\"Acolhimento\",\"item\":\"https:\/\/www.csj-emballages.com\/pt-pt\/universo-das-embalagens-alimentares\/\"},{\"@type\":\"ListItem\",\"position\":2,\"name\":\"Shop\",\"item\":\"https:\/\/www.csj-emballages.com\/shop\/\"},{\"@type\":\"ListItem\",\"position\":3,\"name\":\"Distribuidor de sab\u00e3o pressurizado de 900 ml\"}]},{\"@type\":\"WebSite\",\"@id\":\"https:\/\/www.csj-emballages.com\/pt-pt\/#website\",\"url\":\"https:\/\/www.csj-emballages.com\/pt-pt\/\",\"name\":\"CSJ Emballages\",\"description\":\"\",\"publisher\":{\"@id\":\"https:\/\/www.csj-emballages.com\/pt-pt\/#organization\"},\"potentialAction\":[{\"@type\":\"SearchAction\",\"target\":{\"@type\":\"EntryPoint\",\"urlTemplate\":\"https:\/\/www.csj-emballages.com\/pt-pt\/?s={search_term_string}\"},\"query-input\":{\"@type\":\"PropertyValueSpecification\",\"valueRequired\":true,\"valueName\":\"search_term_string\"}}],\"inLanguage\":\"pt-PT\"},{\"@type\":\"Organization\",\"@id\":\"https:\/\/www.csj-emballages.com\/pt-pt\/#Organization\/\",\"name\":\"CSJ Emballages\",\"url\":\"https:\/\/www.csj-emballages.com\/pt-pt\/\",\"logo\":{\"@type\":\"ImageObject\",\"inLanguage\":\"pt-PT\",\"@id\":\"https:\/\/www.csj-emballages.com\/pt-pt\/#\/schema\/logo\/image\/\",\"url\":\"https:\/\/www.csj-emballages.com\/wp-content\/uploads\/2023\/10\/logo_csj.webp\",\"contentUrl\":\"https:\/\/www.csj-emballages.com\/wp-content\/uploads\/2023\/10\/logo_csj.webp\",\"width\":250,\"height\":95,\"caption\":\"CSJ Emballages\"},\"image\":{\"@id\":\"https:\/\/www.csj-emballages.com\/pt-pt\/#\/schema\/logo\/image\/\"},\"sameAs\":[\"https:\/\/www.facebook.com\/csjemballages\"],\"address\":{\"@type\":\"PostalAddress\",\"streetAddress\":\"ZI La Lechere\",\"addressLocality\":\"Patornay\",\"postalCode\":\"39130\",\"addressCountry\":\"FR\"},\"contactPoint\":[{\"@type\":\"ContactPoint\",\"contactType\":\"Service client\",\"telephone\":\"0384254272\",\"email\":\"contact@csj-emballages.com\"}]}]}<\/script>\n<!-- \/ Yoast SEO Premium plugin. -->","yoast_head_json":{"title":"Dispensador de sab\u00e3o de press\u00e3o de 1 litro","description":"Descubra o nosso dispensador de sab\u00e3o pressurizado de 1 litro. Com uma capacidade de 1L com 3ml por press\u00e3o manual. Utiliza\u00e7\u00e3o manual.","robots":{"index":"index","follow":"follow","max-snippet":"max-snippet:-1","max-image-preview":"max-image-preview:large","max-video-preview":"max-video-preview:-1"},"canonical":"https:\/\/www.csj-emballages.com\/pt-pt\/produit\/saboneteira-de-pressao-de-1-litro\/","og_locale":"pt_PT","og_type":"article","og_title":"Distribuidor de sab\u00e3o pressurizado de 900 ml","og_description":"Descubra o nosso dispensador de sab\u00e3o pressurizado de 1 litro. Com uma capacidade de 1L com 3ml por press\u00e3o manual. Utiliza\u00e7\u00e3o manual.","og_url":"https:\/\/www.csj-emballages.com\/pt-pt\/produit\/saboneteira-de-pressao-de-1-litro\/","og_site_name":"CSJ Emballages","article_publisher":"https:\/\/www.facebook.com\/csjemballages","article_modified_time":"2026-04-17T00:13:05+00:00","og_image":[{"width":800,"height":800,"url":"https:\/\/www.csj-emballages.com\/wp-content\/uploads\/2024\/03\/DISTRI1L-2.webp","type":"image\/webp"}],"twitter_card":"summary_large_image","twitter_misc":{"Tempo estimado de leitura":"2 minutos"},"schema":{"@context":"https:\/\/schema.org","@graph":[{"@type":"WebPage","@id":"https:\/\/www.csj-emballages.com\/pt-pt\/produit\/saboneteira-de-pressao-de-1-litro\/","url":"https:\/\/www.csj-emballages.com\/pt-pt\/produit\/saboneteira-de-pressao-de-1-litro\/","name":"Dispensador de sab\u00e3o de press\u00e3o de 1 litro","isPartOf":{"@id":"https:\/\/www.csj-emballages.com\/pt-pt\/#website"},"primaryImageOfPage":{"@id":"https:\/\/www.csj-emballages.com\/pt-pt\/produit\/saboneteira-de-pressao-de-1-litro\/#primaryimage"},"image":{"@id":"https:\/\/www.csj-emballages.com\/pt-pt\/produit\/saboneteira-de-pressao-de-1-litro\/#primaryimage"},"thumbnailUrl":"https:\/\/www.csj-emballages.com\/wp-content\/uploads\/2024\/03\/DISTRI1L-2.webp","datePublished":"2024-03-01T15:54:32+00:00","dateModified":"2026-04-17T00:13:05+00:00","description":"Descubra o nosso dispensador de sab\u00e3o pressurizado de 1 litro. Com uma capacidade de 1L com 3ml por press\u00e3o manual. Utiliza\u00e7\u00e3o manual.","breadcrumb":{"@id":"https:\/\/www.csj-emballages.com\/pt-pt\/produit\/saboneteira-de-pressao-de-1-litro\/#breadcrumb"},"inLanguage":"pt-PT","potentialAction":[{"@type":"ReadAction","target":["https:\/\/www.csj-emballages.com\/pt-pt\/produit\/saboneteira-de-pressao-de-1-litro\/"]}]},{"@type":"ImageObject","inLanguage":"pt-PT","@id":"https:\/\/www.csj-emballages.com\/pt-pt\/produit\/saboneteira-de-pressao-de-1-litro\/#primaryimage","url":"https:\/\/www.csj-emballages.com\/wp-content\/uploads\/2024\/03\/DISTRI1L-2.webp","contentUrl":"https:\/\/www.csj-emballages.com\/wp-content\/uploads\/2024\/03\/DISTRI1L-2.webp","width":800,"height":800,"caption":"Distributeur savon"},{"@type":"BreadcrumbList","@id":"https:\/\/www.csj-emballages.com\/pt-pt\/produit\/saboneteira-de-pressao-de-1-litro\/#breadcrumb","itemListElement":[{"@type":"ListItem","position":1,"name":"Acolhimento","item":"https:\/\/www.csj-emballages.com\/pt-pt\/universo-das-embalagens-alimentares\/"},{"@type":"ListItem","position":2,"name":"Shop","item":"https:\/\/www.csj-emballages.com\/shop\/"},{"@type":"ListItem","position":3,"name":"Distribuidor de sab\u00e3o pressurizado de 900 ml"}]},{"@type":"WebSite","@id":"https:\/\/www.csj-emballages.com\/pt-pt\/#website","url":"https:\/\/www.csj-emballages.com\/pt-pt\/","name":"CSJ Emballages","description":"","publisher":{"@id":"https:\/\/www.csj-emballages.com\/pt-pt\/#organization"},"potentialAction":[{"@type":"SearchAction","target":{"@type":"EntryPoint","urlTemplate":"https:\/\/www.csj-emballages.com\/pt-pt\/?s={search_term_string}"},"query-input":{"@type":"PropertyValueSpecification","valueRequired":true,"valueName":"search_term_string"}}],"inLanguage":"pt-PT"},{"@type":"Organization","@id":"https:\/\/www.csj-emballages.com\/pt-pt\/#Organization\/","name":"CSJ Emballages","url":"https:\/\/www.csj-emballages.com\/pt-pt\/","logo":{"@type":"ImageObject","inLanguage":"pt-PT","@id":"https:\/\/www.csj-emballages.com\/pt-pt\/#\/schema\/logo\/image\/","url":"https:\/\/www.csj-emballages.com\/wp-content\/uploads\/2023\/10\/logo_csj.webp","contentUrl":"https:\/\/www.csj-emballages.com\/wp-content\/uploads\/2023\/10\/logo_csj.webp","width":250,"height":95,"caption":"CSJ Emballages"},"image":{"@id":"https:\/\/www.csj-emballages.com\/pt-pt\/#\/schema\/logo\/image\/"},"sameAs":["https:\/\/www.facebook.com\/csjemballages"],"address":{"@type":"PostalAddress","streetAddress":"ZI La Lechere","addressLocality":"Patornay","postalCode":"39130","addressCountry":"FR"},"contactPoint":[{"@type":"ContactPoint","contactType":"Service client","telephone":"0384254272","email":"contact@csj-emballages.com"}]}]}},"df_price":18.06,"df_sale_price":"","df_regular_price":18.06,"df_image_link":"https:\/\/www.csj-emballages.com\/wp-content\/uploads\/2024\/03\/DISTRI1L-2-300x300.webp","tiered_pricing_type":"fixed","tiered_pricing_fixed_rules":[],"tiered_pricing_percentage_rules":[],"tiered_pricing_minimum":1,"tiered_pricing_roles_data":[],"_links":{"self":[{"href":"https:\/\/www.csj-emballages.com\/pt-pt\/wp-json\/wp\/v2\/product\/20509","targetHints":{"allow":["GET"]}}],"collection":[{"href":"https:\/\/www.csj-emballages.com\/pt-pt\/wp-json\/wp\/v2\/product"}],"about":[{"href":"https:\/\/www.csj-emballages.com\/pt-pt\/wp-json\/wp\/v2\/types\/product"}],"wp:featuredmedia":[{"embeddable":true,"href":"https:\/\/www.csj-emballages.com\/pt-pt\/wp-json\/wp\/v2\/media\/256840"}],"wp:attachment":[{"href":"https:\/\/www.csj-emballages.com\/pt-pt\/wp-json\/wp\/v2\/media?parent=20509"}],"wp:term":[{"taxonomy":"product_brand","embeddable":true,"href":"https:\/\/www.csj-emballages.com\/pt-pt\/wp-json\/wp\/v2\/product_brand?post=20509"},{"taxonomy":"product_cat","embeddable":true,"href":"https:\/\/www.csj-emballages.com\/pt-pt\/wp-json\/wp\/v2\/product_cat?post=20509"},{"taxonomy":"product_tag","embeddable":true,"href":"https:\/\/www.csj-emballages.com\/pt-pt\/wp-json\/wp\/v2\/product_tag?post=20509"}],"curies":[{"name":"wp","href":"https:\/\/api.w.org\/{rel}","templated":true}]}}