{"id":20495,"date":"2024-03-01T16:54:36","date_gmt":"2024-03-01T15:54:36","guid":{"rendered":"https:\/\/u15jnbdpoq.preview.infomaniak.website\/produit\/50-tampas-descartaveis-para-batidos-com-travessas-de-78-o\/"},"modified":"2026-05-01T02:12:05","modified_gmt":"2026-05-01T00:12:05","slug":"50-tampas-descartaveis-para-batidos-com-travessas-de-78-o","status":"publish","type":"product","link":"https:\/\/www.csj-emballages.com\/pt-pt\/produit\/50-tampas-descartaveis-para-batidos-com-travessas-de-78-o\/","title":{"rendered":"Tampa pl\u00e1stica plana com travessa 78 \u00d8 por 50"},"content":{"rendered":"<h2>Tampa de pl\u00e1stico<\/h2>\n<hr>\n<h3>  Descubra a nossa tampa pl\u00e1stica plana com travessa 78 \u00d8 por 50<\/h3>\n<p><!--more--><\/p>\n<p data-start=\"261\" data-end=\"677\">Quando se serve uma bebida para levar, todos os pormenores contam, e esta <strong data-start=\"327\" data-end=\"376\">tampa pl\u00e1stica plana \u00d8 78 com cruz de palhinha<\/strong> faz claramente a diferen\u00e7a. De aspeto simples, foi concebida para tornar o servi\u00e7o mais r\u00e1pido e mais limpo. Gra\u00e7as \u00e0 sua <strong>cruzeta central<\/strong>, \u00e9 f\u00e1cil introduzir uma palhinha, limitando os salpicos. O resultado: a bebida mant\u00e9m-se no lugar, mesmo quando est\u00e1 em movimento.   <\/p>\n<p data-start=\"679\" data-end=\"1041\">O seu di\u00e2metro <strong>de \u00d878 mm<\/strong> adapta-se perfeitamente a <span style=\"color: #d12727;\"><a style=\"color: #d12727;\" href=\"https:\/\/www.csj-emballages.com\/pt-pt\/categorie-produit\/embalagem-de-alimentos\/restauracao\/chavenas-copos-baldes-garrafas\/copos-para-bebidas-frias\/frascos-de-smoothies\/diametro-dos-frascos-de-smoothie-78-mm\/\">copos de 78 mm de di\u00e2metro<\/a><\/span>de di\u00e2metro, assegurando um fecho perfeito e seguro. Uma vez fixada, a <strong>tampa<\/strong> mant\u00e9m-se firme sem se deformar, tranquilizando tanto os profissionais como os clientes. Quer se trate de servir um refrigerante, um sumo, uma bebida fria ou um caf\u00e9 gelado, a tampa acompanha o copo sem dificultar a sua fixa\u00e7\u00e3o.  <\/p>\n<p data-start=\"1043\" data-end=\"1373\">A sua forma <strong>plana<\/strong> tamb\u00e9m facilita o empilhamento e a arruma\u00e7\u00e3o. Poupa espa\u00e7o atr\u00e1s do balc\u00e3o e trabalha de forma mais eficiente durante os turnos mais ocupados. O <strong>pl\u00e1stico transparente<\/strong> tamb\u00e9m lhe permite ver o conte\u00fado \u00e0 primeira vista, o que \u00e9 \u00fatil para evitar erros de encomenda e manter uma apresenta\u00e7\u00e3o cuidada.  <\/p>\n<p data-start=\"1375\" data-end=\"1605\">Vendida <strong data-start=\"1381\" data-end=\"1398\">em embalagens de 50 unidades<\/strong>, esta tampa \u00e9 ideal para snack-bares, estabelecimentos de fast-food, food-trucks, bares ou eventos pontuais. Permite-lhe gerir as vendas de takeaway sem excedentes desnecess\u00e1rios, assegurando um servi\u00e7o organizado e sem problemas. <\/p>\n<p data-start=\"1607\" data-end=\"1812\">Em suma, esta <strong>tampa de pl\u00e1stico<\/strong> \u00e9 um pequeno acess\u00f3rio essencial que facilita a vida quotidiana. Discreta, eficaz e pr\u00e1tica, \u00e9 o complemento perfeito para os seus copos para um servi\u00e7o limpo, r\u00e1pido e sem stress. <\/p>\n<p data-start=\"1607\" data-end=\"1812\">\n<p data-start=\"1607\" data-end=\"1812\"><!--more--><\/p>\n<h4 data-start=\"1607\" data-end=\"1812\">Vantagens :<\/h4>\n<ul>\n<li data-start=\"1840\" data-end=\"1874\"><strong>Pr\u00e1tica cruz<\/strong> de palha.<\/li>\n<li data-start=\"1877\" data-end=\"1909\">Fecho est\u00e1vel e seguro.<\/li>\n<li data-start=\"1912\" data-end=\"1963\">Formato <strong>\u00d878<\/strong> compat\u00edvel com muitos copos.<\/li>\n<li data-start=\"1966\" data-end=\"2004\">Design plano para f\u00e1cil armazenamento.<\/li>\n<li data-start=\"2007\" data-end=\"2033\">Embalagem pr\u00e1tica de <strong>50<\/strong>.<\/li>\n<\/ul>\n<p data-start=\"1607\" data-end=\"1812\">\n<p><!--more--><\/p>\n<h4>Outras informa\u00e7\u00f5es :<\/h4>\n<ul>\n<li><strong>Embalagem<\/strong>: Pacote de 50<\/li>\n<li><strong>Di\u00e2metro<\/strong>: 78 mm<\/li>\n<li><strong>Altura<\/strong>: 6,5 mm<\/li>\n<li><strong>Forma<\/strong>: redonda<\/li>\n<li><strong>Material<\/strong>: rPET<\/li>\n<\/ul>\n<p>&nbsp;<\/p>\n<p><!--more--><\/p>\n<p>Esta tampa plana de pl\u00e1stico com suporte de palhinha tamb\u00e9m est\u00e1 dispon\u00edvel sem suporte: <span style=\"color: #d12727;\"><a style=\"color: #d12727;\" href=\"https:\/\/www.csj-emballages.com\/es\/produit\/50-tapas-planas-desechables-para-batidos-sin-rejilla-78-o\/\">CVP300<\/a><\/span><\/p>\n<p>&nbsp;<\/p>\n<p><!--more--><\/p>\n<p><a href=\"https:\/\/www.csj-emballages.com\/pt-pt\/categorie-produit\/embalagem-de-alimentos\/restauracao\/chavenas-copos-baldes-garrafas\/copos-para-bebidas-frias\/frascos-de-smoothies\/diametro-dos-frascos-de-smoothie-78-mm\/\">Ver o resto da nossa gama de frascos para batidos com 78 mm de di\u00e2metro<\/a><\/p>\n","protected":false},"excerpt":{"rendered":"<p>Tampa de pl\u00e1stico Descubra a nossa tampa pl\u00e1stica plana com travessa 78 \u00d8 por 50<\/p>\n","protected":false},"featured_media":193445,"template":"","meta":{"_acf_changed":false},"product_brand":[],"product_cat":[1141,1176,1306,1459,1471,1808,2544,2549],"product_tag":[],"class_list":{"0":"post-20495","1":"product","2":"type-product","3":"status-publish","4":"has-post-thumbnail","6":"product_cat-embalagem-de-alimentos","7":"product_cat-talho-e-charcutaria","8":"product_cat-copos-jarras-copos","9":"product_cat-copos-de-sobremesa","10":"product_cat-chavenas-copos-baldes-garrafas","11":"product_cat-copos-para-bebidas-frias","12":"product_cat-frascos-de-smoothies","13":"product_cat-diametro-dos-frascos-de-smoothie-78-mm","15":"first","16":"instock","17":"taxable","18":"shipping-taxable","19":"purchasable","20":"product-type-simple"},"acf":[],"yoast_head":"<!-- This site is optimized with the Yoast SEO Premium plugin v26.6 (Yoast SEO v26.6) - https:\/\/yoast.com\/wordpress\/plugins\/seo\/ -->\n<title>Tampa pl\u00e1stica plana com cruz 78 \u00d8 por 50<\/title>\n<meta name=\"description\" content=\"Tampa pl\u00e1stica plana \u00d878 com travessa, vendida em embalagens de 50. Ideal para bebidas para levar, fixa\u00e7\u00e3o segura e passagem f\u00e1cil da palhinha.\" \/>\n<meta name=\"robots\" content=\"index, follow, max-snippet:-1, max-image-preview:large, max-video-preview:-1\" \/>\n<link rel=\"canonical\" href=\"https:\/\/www.csj-emballages.com\/pt-pt\/produit\/50-tampas-descartaveis-para-batidos-com-travessas-de-78-o\/\" \/>\n<meta property=\"og:locale\" content=\"pt_PT\" \/>\n<meta property=\"og:type\" content=\"article\" \/>\n<meta property=\"og:title\" content=\"Tampa pl\u00e1stica plana com travessa 78 \u00d8 por 50\" \/>\n<meta property=\"og:description\" content=\"Tampa pl\u00e1stica plana \u00d878 com travessa, vendida em embalagens de 50. Ideal para bebidas para levar, fixa\u00e7\u00e3o segura e passagem f\u00e1cil da palhinha.\" \/>\n<meta property=\"og:url\" content=\"https:\/\/www.csj-emballages.com\/pt-pt\/produit\/50-tampas-descartaveis-para-batidos-com-travessas-de-78-o\/\" \/>\n<meta property=\"og:site_name\" content=\"CSJ Emballages\" \/>\n<meta property=\"article:publisher\" content=\"https:\/\/www.facebook.com\/csjemballages\" \/>\n<meta property=\"article:modified_time\" content=\"2026-05-01T00:12:05+00:00\" \/>\n<meta property=\"og:image\" content=\"https:\/\/www.csj-emballages.com\/wp-content\/uploads\/2024\/03\/CVCR3001-e1733326130983.webp\" \/>\n\t<meta property=\"og:image:width\" content=\"800\" \/>\n\t<meta property=\"og:image:height\" content=\"877\" \/>\n\t<meta property=\"og:image:type\" content=\"image\/webp\" \/>\n<meta name=\"twitter:card\" content=\"summary_large_image\" \/>\n<meta name=\"twitter:label1\" content=\"Tempo estimado de leitura\" \/>\n\t<meta name=\"twitter:data1\" content=\"2 minutos\" \/>\n<script type=\"application\/ld+json\" class=\"yoast-schema-graph\">{\"@context\":\"https:\/\/schema.org\",\"@graph\":[{\"@type\":\"WebPage\",\"@id\":\"https:\/\/www.csj-emballages.com\/pt-pt\/produit\/50-tampas-descartaveis-para-batidos-com-travessas-de-78-o\/\",\"url\":\"https:\/\/www.csj-emballages.com\/pt-pt\/produit\/50-tampas-descartaveis-para-batidos-com-travessas-de-78-o\/\",\"name\":\"Tampa pl\u00e1stica plana com cruz 78 \u00d8 por 50\",\"isPartOf\":{\"@id\":\"https:\/\/www.csj-emballages.com\/pt-pt\/#website\"},\"primaryImageOfPage\":{\"@id\":\"https:\/\/www.csj-emballages.com\/pt-pt\/produit\/50-tampas-descartaveis-para-batidos-com-travessas-de-78-o\/#primaryimage\"},\"image\":{\"@id\":\"https:\/\/www.csj-emballages.com\/pt-pt\/produit\/50-tampas-descartaveis-para-batidos-com-travessas-de-78-o\/#primaryimage\"},\"thumbnailUrl\":\"https:\/\/www.csj-emballages.com\/wp-content\/uploads\/2024\/03\/CVCR3001-e1733326130983.webp\",\"datePublished\":\"2024-03-01T15:54:36+00:00\",\"dateModified\":\"2026-05-01T00:12:05+00:00\",\"description\":\"Tampa pl\u00e1stica plana \u00d878 com travessa, vendida em embalagens de 50. Ideal para bebidas para levar, fixa\u00e7\u00e3o segura e passagem f\u00e1cil da palhinha.\",\"breadcrumb\":{\"@id\":\"https:\/\/www.csj-emballages.com\/pt-pt\/produit\/50-tampas-descartaveis-para-batidos-com-travessas-de-78-o\/#breadcrumb\"},\"inLanguage\":\"pt-PT\",\"potentialAction\":[{\"@type\":\"ReadAction\",\"target\":[\"https:\/\/www.csj-emballages.com\/pt-pt\/produit\/50-tampas-descartaveis-para-batidos-com-travessas-de-78-o\/\"]}]},{\"@type\":\"ImageObject\",\"inLanguage\":\"pt-PT\",\"@id\":\"https:\/\/www.csj-emballages.com\/pt-pt\/produit\/50-tampas-descartaveis-para-batidos-com-travessas-de-78-o\/#primaryimage\",\"url\":\"https:\/\/www.csj-emballages.com\/wp-content\/uploads\/2024\/03\/CVCR3001-e1733326130983.webp\",\"contentUrl\":\"https:\/\/www.csj-emballages.com\/wp-content\/uploads\/2024\/03\/CVCR3001-e1733326130983.webp\",\"width\":800,\"height\":877,\"caption\":\"Couvercle Plastique\"},{\"@type\":\"BreadcrumbList\",\"@id\":\"https:\/\/www.csj-emballages.com\/pt-pt\/produit\/50-tampas-descartaveis-para-batidos-com-travessas-de-78-o\/#breadcrumb\",\"itemListElement\":[{\"@type\":\"ListItem\",\"position\":1,\"name\":\"Acolhimento\",\"item\":\"https:\/\/www.csj-emballages.com\/pt-pt\/universo-das-embalagens-alimentares\/\"},{\"@type\":\"ListItem\",\"position\":2,\"name\":\"Shop\",\"item\":\"https:\/\/www.csj-emballages.com\/shop\/\"},{\"@type\":\"ListItem\",\"position\":3,\"name\":\"Tampa pl\u00e1stica plana com travessa 78 \u00d8 por 50\"}]},{\"@type\":\"WebSite\",\"@id\":\"https:\/\/www.csj-emballages.com\/pt-pt\/#website\",\"url\":\"https:\/\/www.csj-emballages.com\/pt-pt\/\",\"name\":\"CSJ Emballages\",\"description\":\"\",\"publisher\":{\"@id\":\"https:\/\/www.csj-emballages.com\/pt-pt\/#organization\"},\"potentialAction\":[{\"@type\":\"SearchAction\",\"target\":{\"@type\":\"EntryPoint\",\"urlTemplate\":\"https:\/\/www.csj-emballages.com\/pt-pt\/?s={search_term_string}\"},\"query-input\":{\"@type\":\"PropertyValueSpecification\",\"valueRequired\":true,\"valueName\":\"search_term_string\"}}],\"inLanguage\":\"pt-PT\"},{\"@type\":\"Organization\",\"@id\":\"https:\/\/www.csj-emballages.com\/pt-pt\/#Organization\/\",\"name\":\"CSJ Emballages\",\"url\":\"https:\/\/www.csj-emballages.com\/pt-pt\/\",\"logo\":{\"@type\":\"ImageObject\",\"inLanguage\":\"pt-PT\",\"@id\":\"https:\/\/www.csj-emballages.com\/pt-pt\/#\/schema\/logo\/image\/\",\"url\":\"https:\/\/www.csj-emballages.com\/wp-content\/uploads\/2023\/10\/logo_csj.webp\",\"contentUrl\":\"https:\/\/www.csj-emballages.com\/wp-content\/uploads\/2023\/10\/logo_csj.webp\",\"width\":250,\"height\":95,\"caption\":\"CSJ Emballages\"},\"image\":{\"@id\":\"https:\/\/www.csj-emballages.com\/pt-pt\/#\/schema\/logo\/image\/\"},\"sameAs\":[\"https:\/\/www.facebook.com\/csjemballages\"],\"address\":{\"@type\":\"PostalAddress\",\"streetAddress\":\"ZI La Lechere\",\"addressLocality\":\"Patornay\",\"postalCode\":\"39130\",\"addressCountry\":\"FR\"},\"contactPoint\":[{\"@type\":\"ContactPoint\",\"contactType\":\"Service client\",\"telephone\":\"0384254272\",\"email\":\"contact@csj-emballages.com\"}]}]}<\/script>\n<!-- \/ Yoast SEO Premium plugin. -->","yoast_head_json":{"title":"Tampa pl\u00e1stica plana com cruz 78 \u00d8 por 50","description":"Tampa pl\u00e1stica plana \u00d878 com travessa, vendida em embalagens de 50. Ideal para bebidas para levar, fixa\u00e7\u00e3o segura e passagem f\u00e1cil da palhinha.","robots":{"index":"index","follow":"follow","max-snippet":"max-snippet:-1","max-image-preview":"max-image-preview:large","max-video-preview":"max-video-preview:-1"},"canonical":"https:\/\/www.csj-emballages.com\/pt-pt\/produit\/50-tampas-descartaveis-para-batidos-com-travessas-de-78-o\/","og_locale":"pt_PT","og_type":"article","og_title":"Tampa pl\u00e1stica plana com travessa 78 \u00d8 por 50","og_description":"Tampa pl\u00e1stica plana \u00d878 com travessa, vendida em embalagens de 50. Ideal para bebidas para levar, fixa\u00e7\u00e3o segura e passagem f\u00e1cil da palhinha.","og_url":"https:\/\/www.csj-emballages.com\/pt-pt\/produit\/50-tampas-descartaveis-para-batidos-com-travessas-de-78-o\/","og_site_name":"CSJ Emballages","article_publisher":"https:\/\/www.facebook.com\/csjemballages","article_modified_time":"2026-05-01T00:12:05+00:00","og_image":[{"width":800,"height":877,"url":"https:\/\/www.csj-emballages.com\/wp-content\/uploads\/2024\/03\/CVCR3001-e1733326130983.webp","type":"image\/webp"}],"twitter_card":"summary_large_image","twitter_misc":{"Tempo estimado de leitura":"2 minutos"},"schema":{"@context":"https:\/\/schema.org","@graph":[{"@type":"WebPage","@id":"https:\/\/www.csj-emballages.com\/pt-pt\/produit\/50-tampas-descartaveis-para-batidos-com-travessas-de-78-o\/","url":"https:\/\/www.csj-emballages.com\/pt-pt\/produit\/50-tampas-descartaveis-para-batidos-com-travessas-de-78-o\/","name":"Tampa pl\u00e1stica plana com cruz 78 \u00d8 por 50","isPartOf":{"@id":"https:\/\/www.csj-emballages.com\/pt-pt\/#website"},"primaryImageOfPage":{"@id":"https:\/\/www.csj-emballages.com\/pt-pt\/produit\/50-tampas-descartaveis-para-batidos-com-travessas-de-78-o\/#primaryimage"},"image":{"@id":"https:\/\/www.csj-emballages.com\/pt-pt\/produit\/50-tampas-descartaveis-para-batidos-com-travessas-de-78-o\/#primaryimage"},"thumbnailUrl":"https:\/\/www.csj-emballages.com\/wp-content\/uploads\/2024\/03\/CVCR3001-e1733326130983.webp","datePublished":"2024-03-01T15:54:36+00:00","dateModified":"2026-05-01T00:12:05+00:00","description":"Tampa pl\u00e1stica plana \u00d878 com travessa, vendida em embalagens de 50. Ideal para bebidas para levar, fixa\u00e7\u00e3o segura e passagem f\u00e1cil da palhinha.","breadcrumb":{"@id":"https:\/\/www.csj-emballages.com\/pt-pt\/produit\/50-tampas-descartaveis-para-batidos-com-travessas-de-78-o\/#breadcrumb"},"inLanguage":"pt-PT","potentialAction":[{"@type":"ReadAction","target":["https:\/\/www.csj-emballages.com\/pt-pt\/produit\/50-tampas-descartaveis-para-batidos-com-travessas-de-78-o\/"]}]},{"@type":"ImageObject","inLanguage":"pt-PT","@id":"https:\/\/www.csj-emballages.com\/pt-pt\/produit\/50-tampas-descartaveis-para-batidos-com-travessas-de-78-o\/#primaryimage","url":"https:\/\/www.csj-emballages.com\/wp-content\/uploads\/2024\/03\/CVCR3001-e1733326130983.webp","contentUrl":"https:\/\/www.csj-emballages.com\/wp-content\/uploads\/2024\/03\/CVCR3001-e1733326130983.webp","width":800,"height":877,"caption":"Couvercle Plastique"},{"@type":"BreadcrumbList","@id":"https:\/\/www.csj-emballages.com\/pt-pt\/produit\/50-tampas-descartaveis-para-batidos-com-travessas-de-78-o\/#breadcrumb","itemListElement":[{"@type":"ListItem","position":1,"name":"Acolhimento","item":"https:\/\/www.csj-emballages.com\/pt-pt\/universo-das-embalagens-alimentares\/"},{"@type":"ListItem","position":2,"name":"Shop","item":"https:\/\/www.csj-emballages.com\/shop\/"},{"@type":"ListItem","position":3,"name":"Tampa pl\u00e1stica plana com travessa 78 \u00d8 por 50"}]},{"@type":"WebSite","@id":"https:\/\/www.csj-emballages.com\/pt-pt\/#website","url":"https:\/\/www.csj-emballages.com\/pt-pt\/","name":"CSJ Emballages","description":"","publisher":{"@id":"https:\/\/www.csj-emballages.com\/pt-pt\/#organization"},"potentialAction":[{"@type":"SearchAction","target":{"@type":"EntryPoint","urlTemplate":"https:\/\/www.csj-emballages.com\/pt-pt\/?s={search_term_string}"},"query-input":{"@type":"PropertyValueSpecification","valueRequired":true,"valueName":"search_term_string"}}],"inLanguage":"pt-PT"},{"@type":"Organization","@id":"https:\/\/www.csj-emballages.com\/pt-pt\/#Organization\/","name":"CSJ Emballages","url":"https:\/\/www.csj-emballages.com\/pt-pt\/","logo":{"@type":"ImageObject","inLanguage":"pt-PT","@id":"https:\/\/www.csj-emballages.com\/pt-pt\/#\/schema\/logo\/image\/","url":"https:\/\/www.csj-emballages.com\/wp-content\/uploads\/2023\/10\/logo_csj.webp","contentUrl":"https:\/\/www.csj-emballages.com\/wp-content\/uploads\/2023\/10\/logo_csj.webp","width":250,"height":95,"caption":"CSJ Emballages"},"image":{"@id":"https:\/\/www.csj-emballages.com\/pt-pt\/#\/schema\/logo\/image\/"},"sameAs":["https:\/\/www.facebook.com\/csjemballages"],"address":{"@type":"PostalAddress","streetAddress":"ZI La Lechere","addressLocality":"Patornay","postalCode":"39130","addressCountry":"FR"},"contactPoint":[{"@type":"ContactPoint","contactType":"Service client","telephone":"0384254272","email":"contact@csj-emballages.com"}]}]}},"df_price":2.16,"df_sale_price":"","df_regular_price":2.16,"df_image_link":"https:\/\/www.csj-emballages.com\/wp-content\/uploads\/2024\/03\/CVCR3001-274x300.webp","tiered_pricing_type":"fixed","tiered_pricing_fixed_rules":[],"tiered_pricing_percentage_rules":[],"tiered_pricing_minimum":1,"tiered_pricing_roles_data":[],"_links":{"self":[{"href":"https:\/\/www.csj-emballages.com\/pt-pt\/wp-json\/wp\/v2\/product\/20495","targetHints":{"allow":["GET"]}}],"collection":[{"href":"https:\/\/www.csj-emballages.com\/pt-pt\/wp-json\/wp\/v2\/product"}],"about":[{"href":"https:\/\/www.csj-emballages.com\/pt-pt\/wp-json\/wp\/v2\/types\/product"}],"wp:featuredmedia":[{"embeddable":true,"href":"https:\/\/www.csj-emballages.com\/pt-pt\/wp-json\/wp\/v2\/media\/193445"}],"wp:attachment":[{"href":"https:\/\/www.csj-emballages.com\/pt-pt\/wp-json\/wp\/v2\/media?parent=20495"}],"wp:term":[{"taxonomy":"product_brand","embeddable":true,"href":"https:\/\/www.csj-emballages.com\/pt-pt\/wp-json\/wp\/v2\/product_brand?post=20495"},{"taxonomy":"product_cat","embeddable":true,"href":"https:\/\/www.csj-emballages.com\/pt-pt\/wp-json\/wp\/v2\/product_cat?post=20495"},{"taxonomy":"product_tag","embeddable":true,"href":"https:\/\/www.csj-emballages.com\/pt-pt\/wp-json\/wp\/v2\/product_tag?post=20495"}],"curies":[{"name":"wp","href":"https:\/\/api.w.org\/{rel}","templated":true}]}}