{"id":20487,"date":"2024-03-01T16:54:34","date_gmt":"2024-03-01T15:54:34","guid":{"rendered":"https:\/\/u15jnbdpoq.preview.infomaniak.website\/produit\/250-suportes-de-renda-rectangulares-brancos-de-20-x-30-cm\/"},"modified":"2026-04-01T02:14:43","modified_gmt":"2026-04-01T00:14:43","slug":"250-suportes-de-renda-rectangulares-brancos-de-20-x-30-cm","status":"publish","type":"product","link":"https:\/\/www.csj-emballages.com\/pt-pt\/produit\/250-suportes-de-renda-rectangulares-brancos-de-20-x-30-cm\/","title":{"rendered":"Suporte rendilhado retangular branco 20 x 30 cm por 250"},"content":{"rendered":"<h2 class=\"p1\">Napperon rendado<\/h2>\n<hr>\n<h3 style=\"tab-stops: left 274.4pt;\">Descubra o nosso suporte rendilhado retangular branco 20 x 30 cm por 250<\/h3>\n<p><!--more--><\/p>\n<p data-start=\"180\" data-end=\"538\">Confira um verdadeiro toque de requinte e sofistica\u00e7\u00e3o a todas as suas apresenta\u00e7\u00f5es com estes suportes <strong>rendilhados retangulares brancos<\/strong> em <strong>papel com motivo floral<\/strong> delicado. Indispens\u00e1veis no universo da pastelaria e do catering, s\u00e3o amplamente utilizados por profissionais e particulares para real\u00e7ar visualmente as suas cria\u00e7\u00f5es. <\/p>\n<p data-start=\"540\" data-end=\"862\">Estes <strong>napperons decorativos<\/strong> constituem um <strong data-start=\"581\" data-end=\"625\">suporte est\u00e9tico e pr\u00e1tico<\/strong>, ideal para valorizar os seus produtos, garantindo uma apresenta\u00e7\u00e3o limpa e profissional. O seu design rendado real\u00e7a as suas cria\u00e7\u00f5es sem as sobrecarregar, criando um equil\u00edbrio perfeito entre eleg\u00e2ncia e simplicidade. <\/p>\n<p data-start=\"924\" data-end=\"1220\">No setor alimentar, o aspeto visual \u00e9 essencial. Gra\u00e7as ao seu motivo floral detalhado, estes napperons conferem imediatamente uma <strong data-start=\"1065\" data-end=\"1092\">dimens\u00e3o premium<\/strong> aos seus produtos. Permitem estruturar as suas apresenta\u00e7\u00f5es e captar a aten\u00e7\u00e3o dos seus clientes \u00e0 primeira vista.  <\/p>\n<p data-start=\"1222\" data-end=\"1348\">Colocados sob os seus bolos ou em tabuleiros, criam um efeito &#8220;uau&#8221; na vitrina, em eventos ou em take-away.<\/p>\n<p data-start=\"1222\" data-end=\"1348\"><!--more--><\/p>\n<h4 style=\"tab-stops: left 274.4pt;\">Vantagens :<\/h4>\n<ul>\n<li data-section-id=\"16aalm0\" data-start=\"1512\" data-end=\"1568\">Apresenta\u00e7\u00e3o de bolos individuais ou sobremesas<\/li>\n<li data-section-id=\"1x9ar2b\" data-start=\"1569\" data-end=\"1630\"><strong>Valoriza\u00e7\u00e3o<\/strong> de mignardises, macarons e pequenos fours<\/li>\n<li data-section-id=\"1a6x51x\" data-start=\"1631\" data-end=\"1685\">Suporte para tabuleiros de catering (doces ou salgados)<\/li>\n<li data-section-id=\"1lkr7kh\" data-start=\"1686\" data-end=\"1751\">Decora\u00e7\u00e3o de buffets, eventos, casamentos ou rece\u00e7\u00f5es<\/li>\n<li data-section-id=\"13ffpc7\" data-start=\"1752\" data-end=\"1810\">Utiliza\u00e7\u00e3o dom\u00e9stica para apresenta\u00e7\u00f5es cuidadas<\/li>\n<\/ul>\n<p>&nbsp;<\/p>\n<p><!--more--><\/p>\n<h4>Outras informa\u00e7\u00f5es :<\/h4>\n<ul>\n<li><strong>Embalagem<\/strong>: 250 unidades<\/li>\n<li><strong>Dimens\u00f5es<\/strong>: 300 x 200 (C x L em mm)<\/li>\n<li><strong>Cor<\/strong>: Branco<\/li>\n<li><strong>Material<\/strong>: Papel<\/li>\n<\/ul>\n<p>&nbsp;<\/p>\n<p><!--more--><\/p>\n<p>Este suporte rendilhado est\u00e1 tamb\u00e9m dispon\u00edvel no formato 30 x 40 cm: <span style=\"color: #d12727;\"><a style=\"color: #d12727;\" href=\"https:\/\/www.csj-emballages.com\/es\/produit\/250-portaencajes-rectangulares-blancos-30-x-40-cm\/\">DENT3040<\/a><\/span><\/p>\n<p>&nbsp;<\/p>\n<p><!--more--><\/p>\n<p><a href=\"https:\/\/www.csj-emballages.com\/pt-pt\/categorie-produit\/embalagem-de-alimentos\/padaria-e-pastelaria\/suportes-para-bases-de-bolos\/renda\/renda-retangular\/\">Consulte o resto da nossa gama de suportes rendilhados retangulares<\/a><\/p>\n","protected":false},"excerpt":{"rendered":"<p>Napperon rendado Descubra o nosso suporte rendilhado retangular branco 20 x 30 cm por 250<\/p>\n","protected":false},"featured_media":275688,"template":"","meta":{"_acf_changed":false},"product_brand":[],"product_cat":[1177,1914,2554,2556],"product_tag":[],"class_list":{"0":"post-20487","1":"product","2":"type-product","3":"status-publish","4":"has-post-thumbnail","6":"product_cat-padaria-e-pastelaria","7":"product_cat-suportes-para-bases-de-bolos","8":"product_cat-renda","9":"product_cat-renda-retangular","11":"first","12":"instock","13":"taxable","14":"shipping-taxable","15":"purchasable","16":"product-type-simple"},"acf":[],"yoast_head":"<!-- This site is optimized with the Yoast SEO Premium plugin v26.6 (Yoast SEO v26.6) - https:\/\/yoast.com\/wordpress\/plugins\/seo\/ -->\n<title>Suporte Rendilhado Retangular Branco 20 x 30 cm por 250<\/title>\n<meta name=\"description\" content=\"Suportes rendilhados retangulares brancos em papel com motivo floral. Ideais para pastelaria e catering. Eleg\u00e2ncia e apresenta\u00e7\u00e3o cuidada garantida.\" \/>\n<meta name=\"robots\" content=\"index, follow, max-snippet:-1, max-image-preview:large, max-video-preview:-1\" \/>\n<link rel=\"canonical\" href=\"https:\/\/www.csj-emballages.com\/pt-pt\/produit\/250-suportes-de-renda-rectangulares-brancos-de-20-x-30-cm\/\" \/>\n<meta property=\"og:locale\" content=\"pt_PT\" \/>\n<meta property=\"og:type\" content=\"article\" \/>\n<meta property=\"og:title\" content=\"Suporte rendilhado retangular branco 20 x 30 cm por 250\" \/>\n<meta property=\"og:description\" content=\"Suportes rendilhados retangulares brancos em papel com motivo floral. Ideais para pastelaria e catering. Eleg\u00e2ncia e apresenta\u00e7\u00e3o cuidada garantida.\" \/>\n<meta property=\"og:url\" content=\"https:\/\/www.csj-emballages.com\/pt-pt\/produit\/250-suportes-de-renda-rectangulares-brancos-de-20-x-30-cm\/\" \/>\n<meta property=\"og:site_name\" content=\"CSJ Emballages\" \/>\n<meta property=\"article:publisher\" content=\"https:\/\/www.facebook.com\/csjemballages\" \/>\n<meta property=\"article:modified_time\" content=\"2026-04-01T00:14:43+00:00\" \/>\n<meta property=\"og:image\" content=\"https:\/\/www.csj-emballages.com\/wp-content\/uploads\/2024\/03\/ItemDENT2030-jpeg.webp\" \/>\n\t<meta property=\"og:image:width\" content=\"300\" \/>\n\t<meta property=\"og:image:height\" content=\"300\" \/>\n\t<meta property=\"og:image:type\" content=\"image\/jpeg\" \/>\n<meta name=\"twitter:card\" content=\"summary_large_image\" \/>\n<meta name=\"twitter:label1\" content=\"Tempo estimado de leitura\" \/>\n\t<meta name=\"twitter:data1\" content=\"1 minuto\" \/>\n<script type=\"application\/ld+json\" class=\"yoast-schema-graph\">{\"@context\":\"https:\/\/schema.org\",\"@graph\":[{\"@type\":\"WebPage\",\"@id\":\"https:\/\/www.csj-emballages.com\/pt-pt\/produit\/250-suportes-de-renda-rectangulares-brancos-de-20-x-30-cm\/\",\"url\":\"https:\/\/www.csj-emballages.com\/pt-pt\/produit\/250-suportes-de-renda-rectangulares-brancos-de-20-x-30-cm\/\",\"name\":\"Suporte Rendilhado Retangular Branco 20 x 30 cm por 250\",\"isPartOf\":{\"@id\":\"https:\/\/www.csj-emballages.com\/pt-pt\/#website\"},\"primaryImageOfPage\":{\"@id\":\"https:\/\/www.csj-emballages.com\/pt-pt\/produit\/250-suportes-de-renda-rectangulares-brancos-de-20-x-30-cm\/#primaryimage\"},\"image\":{\"@id\":\"https:\/\/www.csj-emballages.com\/pt-pt\/produit\/250-suportes-de-renda-rectangulares-brancos-de-20-x-30-cm\/#primaryimage\"},\"thumbnailUrl\":\"https:\/\/www.csj-emballages.com\/wp-content\/uploads\/2024\/03\/DENT.webp\",\"datePublished\":\"2024-03-01T15:54:34+00:00\",\"dateModified\":\"2026-04-01T00:14:43+00:00\",\"description\":\"Suportes rendilhados retangulares brancos em papel com motivo floral. Ideais para pastelaria e catering. Eleg\u00e2ncia e apresenta\u00e7\u00e3o cuidada garantida.\",\"breadcrumb\":{\"@id\":\"https:\/\/www.csj-emballages.com\/pt-pt\/produit\/250-suportes-de-renda-rectangulares-brancos-de-20-x-30-cm\/#breadcrumb\"},\"inLanguage\":\"pt-PT\",\"potentialAction\":[{\"@type\":\"ReadAction\",\"target\":[\"https:\/\/www.csj-emballages.com\/pt-pt\/produit\/250-suportes-de-renda-rectangulares-brancos-de-20-x-30-cm\/\"]}]},{\"@type\":\"ImageObject\",\"inLanguage\":\"pt-PT\",\"@id\":\"https:\/\/www.csj-emballages.com\/pt-pt\/produit\/250-suportes-de-renda-rectangulares-brancos-de-20-x-30-cm\/#primaryimage\",\"url\":\"https:\/\/www.csj-emballages.com\/wp-content\/uploads\/2024\/03\/DENT.webp\",\"contentUrl\":\"https:\/\/www.csj-emballages.com\/wp-content\/uploads\/2024\/03\/DENT.webp\",\"width\":800,\"height\":800,\"caption\":\"Support dentelle\"},{\"@type\":\"BreadcrumbList\",\"@id\":\"https:\/\/www.csj-emballages.com\/pt-pt\/produit\/250-suportes-de-renda-rectangulares-brancos-de-20-x-30-cm\/#breadcrumb\",\"itemListElement\":[{\"@type\":\"ListItem\",\"position\":1,\"name\":\"Acolhimento\",\"item\":\"https:\/\/www.csj-emballages.com\/pt-pt\/universo-das-embalagens-alimentares\/\"},{\"@type\":\"ListItem\",\"position\":2,\"name\":\"Shop\",\"item\":\"https:\/\/www.csj-emballages.com\/shop\/\"},{\"@type\":\"ListItem\",\"position\":3,\"name\":\"Suporte rendilhado retangular branco 20 x 30 cm por 250\"}]},{\"@type\":\"WebSite\",\"@id\":\"https:\/\/www.csj-emballages.com\/pt-pt\/#website\",\"url\":\"https:\/\/www.csj-emballages.com\/pt-pt\/\",\"name\":\"CSJ Emballages\",\"description\":\"\",\"publisher\":{\"@id\":\"https:\/\/www.csj-emballages.com\/pt-pt\/#organization\"},\"potentialAction\":[{\"@type\":\"SearchAction\",\"target\":{\"@type\":\"EntryPoint\",\"urlTemplate\":\"https:\/\/www.csj-emballages.com\/pt-pt\/?s={search_term_string}\"},\"query-input\":{\"@type\":\"PropertyValueSpecification\",\"valueRequired\":true,\"valueName\":\"search_term_string\"}}],\"inLanguage\":\"pt-PT\"},{\"@type\":\"Organization\",\"@id\":\"https:\/\/www.csj-emballages.com\/pt-pt\/#Organization\/\",\"name\":\"CSJ Emballages\",\"url\":\"https:\/\/www.csj-emballages.com\/pt-pt\/\",\"logo\":{\"@type\":\"ImageObject\",\"inLanguage\":\"pt-PT\",\"@id\":\"https:\/\/www.csj-emballages.com\/pt-pt\/#\/schema\/logo\/image\/\",\"url\":\"https:\/\/www.csj-emballages.com\/wp-content\/uploads\/2023\/10\/logo_csj.webp\",\"contentUrl\":\"https:\/\/www.csj-emballages.com\/wp-content\/uploads\/2023\/10\/logo_csj.webp\",\"width\":250,\"height\":95,\"caption\":\"CSJ Emballages\"},\"image\":{\"@id\":\"https:\/\/www.csj-emballages.com\/pt-pt\/#\/schema\/logo\/image\/\"},\"sameAs\":[\"https:\/\/www.facebook.com\/csjemballages\"],\"address\":{\"@type\":\"PostalAddress\",\"streetAddress\":\"ZI La Lechere\",\"addressLocality\":\"Patornay\",\"postalCode\":\"39130\",\"addressCountry\":\"FR\"},\"contactPoint\":[{\"@type\":\"ContactPoint\",\"contactType\":\"Service client\",\"telephone\":\"0384254272\",\"email\":\"contact@csj-emballages.com\"}]}]}<\/script>\n<!-- \/ Yoast SEO Premium plugin. -->","yoast_head_json":{"title":"Suporte Rendilhado Retangular Branco 20 x 30 cm por 250","description":"Suportes rendilhados retangulares brancos em papel com motivo floral. Ideais para pastelaria e catering. Eleg\u00e2ncia e apresenta\u00e7\u00e3o cuidada garantida.","robots":{"index":"index","follow":"follow","max-snippet":"max-snippet:-1","max-image-preview":"max-image-preview:large","max-video-preview":"max-video-preview:-1"},"canonical":"https:\/\/www.csj-emballages.com\/pt-pt\/produit\/250-suportes-de-renda-rectangulares-brancos-de-20-x-30-cm\/","og_locale":"pt_PT","og_type":"article","og_title":"Suporte rendilhado retangular branco 20 x 30 cm por 250","og_description":"Suportes rendilhados retangulares brancos em papel com motivo floral. Ideais para pastelaria e catering. Eleg\u00e2ncia e apresenta\u00e7\u00e3o cuidada garantida.","og_url":"https:\/\/www.csj-emballages.com\/pt-pt\/produit\/250-suportes-de-renda-rectangulares-brancos-de-20-x-30-cm\/","og_site_name":"CSJ Emballages","article_publisher":"https:\/\/www.facebook.com\/csjemballages","article_modified_time":"2026-04-01T00:14:43+00:00","og_image":[{"width":300,"height":300,"url":"https:\/\/www.csj-emballages.com\/wp-content\/uploads\/2024\/03\/ItemDENT2030-jpeg.webp","type":"image\/jpeg"}],"twitter_card":"summary_large_image","twitter_misc":{"Tempo estimado de leitura":"1 minuto"},"schema":{"@context":"https:\/\/schema.org","@graph":[{"@type":"WebPage","@id":"https:\/\/www.csj-emballages.com\/pt-pt\/produit\/250-suportes-de-renda-rectangulares-brancos-de-20-x-30-cm\/","url":"https:\/\/www.csj-emballages.com\/pt-pt\/produit\/250-suportes-de-renda-rectangulares-brancos-de-20-x-30-cm\/","name":"Suporte Rendilhado Retangular Branco 20 x 30 cm por 250","isPartOf":{"@id":"https:\/\/www.csj-emballages.com\/pt-pt\/#website"},"primaryImageOfPage":{"@id":"https:\/\/www.csj-emballages.com\/pt-pt\/produit\/250-suportes-de-renda-rectangulares-brancos-de-20-x-30-cm\/#primaryimage"},"image":{"@id":"https:\/\/www.csj-emballages.com\/pt-pt\/produit\/250-suportes-de-renda-rectangulares-brancos-de-20-x-30-cm\/#primaryimage"},"thumbnailUrl":"https:\/\/www.csj-emballages.com\/wp-content\/uploads\/2024\/03\/DENT.webp","datePublished":"2024-03-01T15:54:34+00:00","dateModified":"2026-04-01T00:14:43+00:00","description":"Suportes rendilhados retangulares brancos em papel com motivo floral. Ideais para pastelaria e catering. Eleg\u00e2ncia e apresenta\u00e7\u00e3o cuidada garantida.","breadcrumb":{"@id":"https:\/\/www.csj-emballages.com\/pt-pt\/produit\/250-suportes-de-renda-rectangulares-brancos-de-20-x-30-cm\/#breadcrumb"},"inLanguage":"pt-PT","potentialAction":[{"@type":"ReadAction","target":["https:\/\/www.csj-emballages.com\/pt-pt\/produit\/250-suportes-de-renda-rectangulares-brancos-de-20-x-30-cm\/"]}]},{"@type":"ImageObject","inLanguage":"pt-PT","@id":"https:\/\/www.csj-emballages.com\/pt-pt\/produit\/250-suportes-de-renda-rectangulares-brancos-de-20-x-30-cm\/#primaryimage","url":"https:\/\/www.csj-emballages.com\/wp-content\/uploads\/2024\/03\/DENT.webp","contentUrl":"https:\/\/www.csj-emballages.com\/wp-content\/uploads\/2024\/03\/DENT.webp","width":800,"height":800,"caption":"Support dentelle"},{"@type":"BreadcrumbList","@id":"https:\/\/www.csj-emballages.com\/pt-pt\/produit\/250-suportes-de-renda-rectangulares-brancos-de-20-x-30-cm\/#breadcrumb","itemListElement":[{"@type":"ListItem","position":1,"name":"Acolhimento","item":"https:\/\/www.csj-emballages.com\/pt-pt\/universo-das-embalagens-alimentares\/"},{"@type":"ListItem","position":2,"name":"Shop","item":"https:\/\/www.csj-emballages.com\/shop\/"},{"@type":"ListItem","position":3,"name":"Suporte rendilhado retangular branco 20 x 30 cm por 250"}]},{"@type":"WebSite","@id":"https:\/\/www.csj-emballages.com\/pt-pt\/#website","url":"https:\/\/www.csj-emballages.com\/pt-pt\/","name":"CSJ Emballages","description":"","publisher":{"@id":"https:\/\/www.csj-emballages.com\/pt-pt\/#organization"},"potentialAction":[{"@type":"SearchAction","target":{"@type":"EntryPoint","urlTemplate":"https:\/\/www.csj-emballages.com\/pt-pt\/?s={search_term_string}"},"query-input":{"@type":"PropertyValueSpecification","valueRequired":true,"valueName":"search_term_string"}}],"inLanguage":"pt-PT"},{"@type":"Organization","@id":"https:\/\/www.csj-emballages.com\/pt-pt\/#Organization\/","name":"CSJ Emballages","url":"https:\/\/www.csj-emballages.com\/pt-pt\/","logo":{"@type":"ImageObject","inLanguage":"pt-PT","@id":"https:\/\/www.csj-emballages.com\/pt-pt\/#\/schema\/logo\/image\/","url":"https:\/\/www.csj-emballages.com\/wp-content\/uploads\/2023\/10\/logo_csj.webp","contentUrl":"https:\/\/www.csj-emballages.com\/wp-content\/uploads\/2023\/10\/logo_csj.webp","width":250,"height":95,"caption":"CSJ Emballages"},"image":{"@id":"https:\/\/www.csj-emballages.com\/pt-pt\/#\/schema\/logo\/image\/"},"sameAs":["https:\/\/www.facebook.com\/csjemballages"],"address":{"@type":"PostalAddress","streetAddress":"ZI La Lechere","addressLocality":"Patornay","postalCode":"39130","addressCountry":"FR"},"contactPoint":[{"@type":"ContactPoint","contactType":"Service client","telephone":"0384254272","email":"contact@csj-emballages.com"}]}]}},"df_price":9.16,"df_sale_price":"","df_regular_price":9.16,"df_image_link":"https:\/\/www.csj-emballages.com\/wp-content\/uploads\/2024\/03\/DENT-300x300.webp","tiered_pricing_type":"fixed","tiered_pricing_fixed_rules":[],"tiered_pricing_percentage_rules":[],"tiered_pricing_minimum":1,"tiered_pricing_roles_data":[],"_links":{"self":[{"href":"https:\/\/www.csj-emballages.com\/pt-pt\/wp-json\/wp\/v2\/product\/20487","targetHints":{"allow":["GET"]}}],"collection":[{"href":"https:\/\/www.csj-emballages.com\/pt-pt\/wp-json\/wp\/v2\/product"}],"about":[{"href":"https:\/\/www.csj-emballages.com\/pt-pt\/wp-json\/wp\/v2\/types\/product"}],"wp:featuredmedia":[{"embeddable":true,"href":"https:\/\/www.csj-emballages.com\/pt-pt\/wp-json\/wp\/v2\/media\/275688"}],"wp:attachment":[{"href":"https:\/\/www.csj-emballages.com\/pt-pt\/wp-json\/wp\/v2\/media?parent=20487"}],"wp:term":[{"taxonomy":"product_brand","embeddable":true,"href":"https:\/\/www.csj-emballages.com\/pt-pt\/wp-json\/wp\/v2\/product_brand?post=20487"},{"taxonomy":"product_cat","embeddable":true,"href":"https:\/\/www.csj-emballages.com\/pt-pt\/wp-json\/wp\/v2\/product_cat?post=20487"},{"taxonomy":"product_tag","embeddable":true,"href":"https:\/\/www.csj-emballages.com\/pt-pt\/wp-json\/wp\/v2\/product_tag?post=20487"}],"curies":[{"name":"wp","href":"https:\/\/api.w.org\/{rel}","templated":true}]}}