{"id":20484,"date":"2024-03-01T16:54:37","date_gmt":"2024-03-01T15:54:37","guid":{"rendered":"https:\/\/u15jnbdpoq.preview.infomaniak.website\/produit\/25-colheres-chinesas-de-plastico-cristal\/"},"modified":"2026-04-18T02:13:58","modified_gmt":"2026-04-18T00:13:58","slug":"25-colheres-chinesas-de-plastico-cristal","status":"publish","type":"product","link":"https:\/\/www.csj-emballages.com\/pt-pt\/produit\/25-colheres-chinesas-de-plastico-cristal\/","title":{"rendered":"Colher &#8220;chinesa&#8221; de vidro pl\u00e1stico 25 pe\u00e7as"},"content":{"rendered":"<h2 id=\"prod-h1\" class=\"prod-details__name prod__name ai-optimize-52\">Colher de vidro de pl\u00e1stico<\/h2>\n<div style=\"font-family: Roboto, sans-serif;\">\n<div style=\"font-family: Roboto, sans-serif;\">\n<div style=\"font-family: Roboto, sans-serif;\">\n<div style=\"font-family: Roboto, sans-serif;\">\n<div style=\"font-family: Roboto, sans-serif;\">\n<div style=\"font-family: Roboto, sans-serif;\">\n<hr>\n<h3 class=\"ai-optimize-27\">Descri\u00e7\u00e3o da nossa colher verrina &#8220;chinesa&#8221; de pl\u00e1stico, cristal, 25 pe\u00e7as<\/h3>\n<p><!--more--><\/p>\n<\/div>\n<\/div>\n<\/div>\n<\/div>\n<\/div>\n<\/div>\n<p class=\"ai-optimize-59 ai-optimize-introduction\" data-start=\"327\" data-end=\"602\">Elegante, pr\u00e1tica e sempre pronta a real\u00e7ar as suas apresenta\u00e7\u00f5es, a <strong>verrina de pl\u00e1stico<\/strong> <strong>em forma de colher<\/strong> <strong>&#8220;chinesa&#8221;<\/strong> \u00e9 um must-have para todos os seus eventos, buffets e cocktails. Vendidas em embalagens de <strong>25<\/strong> unidades, oferecem um excelente compromisso entre est\u00e9tica e praticidade. A sua forma curva de <g id=\"gid_4\">colher de<\/g> estilo asi\u00e1tico est\u00e1 muito na moda e permite uma apresenta\u00e7\u00e3o individual requintada das suas entradas, aperitivos, sobremesas ou cria\u00e7\u00f5es salgadas. Fabricada em <strong>pl\u00e1stico<\/strong> r\u00edgido <strong>com efeito cristal<\/strong>, imita na perfei\u00e7\u00e3o a transpar\u00eancia do vidro, mas \u00e9 <strong data-start=\"885\" data-end=\"899\">inquebr\u00e1vel<\/strong>, <strong data-start=\"901\" data-end=\"911\">leve<\/strong> e <strong data-start=\"915\" data-end=\"937\">f\u00e1cil de manusear<\/strong>, mesmo para um servi\u00e7o r\u00e1pido.   <\/p>\n<p class=\"ai-optimize-60\" data-start=\"964\" data-end=\"1299\">Este formato \u00e9 particularmente popular entre os fornecedores <strong data-start=\"1012\" data-end=\"1025\">de<\/strong> <strong data-start=\"1027\" data-end=\"1044\">refei\u00e7\u00f5es<\/strong> e <strong data-start=\"1027\" data-end=\"1044\">restauradores<\/strong>, bem como entre os <strong data-start=\"1065\" data-end=\"1091\">clientes privados exigentes<\/strong> que pretendem impressionar os seus convidados sem comprometer o conforto ou a seguran\u00e7a. Gra\u00e7as ao seu design ergon\u00f3mico, cada convidado pode utiliz\u00e1-la facilmente com uma m\u00e3o, o que a torna ideal para recep\u00e7\u00f5es em p\u00e9. <\/p>\n<p class=\"ai-optimize-61\" data-start=\"1301\" data-end=\"1465\">O seu formato mini permite-lhe ser consumido numa s\u00f3 bocada, ao mesmo tempo que oferece profundidade suficiente para acomodar molhos, cremes, mousses ou prepara\u00e7\u00f5es mais complexas.<\/p>\n<p class=\"ai-optimize-62\" data-start=\"1467\" data-end=\"1678\">Reutiliz\u00e1vel em determinadas condi\u00e7\u00f5es, \u00e9 tamb\u00e9m uma <strong data-start=\"1535\" data-end=\"1571\">solu\u00e7\u00e3o elegante de utiliza\u00e7\u00e3o \u00fanica<\/strong> para os seus eventos profissionais ou privados. Uma verdadeira mais-valia para as suas apresenta\u00e7\u00f5es culin\u00e1rias! <\/p>\n<p><!--more--><\/p>\n<div style=\"font-family: Roboto, sans-serif;\">\n<div style=\"font-family: Roboto, sans-serif;\">\n<div style=\"font-family: Roboto, sans-serif;\">\n<div style=\"font-family: Roboto, sans-serif;\">\n<div style=\"font-family: Roboto, sans-serif;\">\n<div style=\"font-family: Roboto, sans-serif;\">\n<p class=\"ai-optimize-30\"><strong>As suas vantagens:<\/strong><\/p>\n<ul>\n<li class=\"ai-optimize-31\">Design elegante de colher asi\u00e1tica.<\/li>\n<li class=\"ai-optimize-32\"><strong>Pl\u00e1stico r\u00edgido com efeito de cristal<\/strong>: chique e inquebr\u00e1vel.<\/li>\n<li class=\"ai-optimize-33\">Perfeito para aperitivos ou sobremesas.<\/li>\n<li class=\"ai-optimize-34\">Est\u00e1vel, ergon\u00f3mico e f\u00e1cil de manusear.<\/li>\n<li class=\"ai-optimize-63\">Ideal para empresas de catering, restaurantes e eventos privados.<\/li>\n<\/ul>\n<\/div>\n<div style=\"font-family: Roboto, sans-serif;\">\n<p>&nbsp;<\/p>\n<\/div>\n<\/div>\n<\/div>\n<\/div>\n<\/div>\n<\/div>\n<p><!--more--><\/p>\n<h4 class=\"ai-optimize-33\">Outras informa\u00e7\u00f5es :<\/h4>\n<ul>\n<li class=\"ai-optimize-34\"><strong>Embalagem<\/strong>: Pacote de 25<\/li>\n<li class=\"ai-optimize-35\"><strong>Comprimento total<\/strong>: 11 cm<\/li>\n<li class=\"ai-optimize-64\"><strong>Tamanho da colher<\/strong>: 36 mm x 55 mm<\/li>\n<li class=\"ai-optimize-64\"><strong>Material<\/strong>: Pl\u00e1stico<\/li>\n<\/ul>\n<p>&nbsp;<\/p>\n<p><!--more--><\/p>\n<p class=\"ai-optimize-35\">Esta verrina &#8220;chinesa&#8221; tamb\u00e9m est\u00e1 dispon\u00edvel em preto: <span style=\"color: #d12727;\"><a style=\"color: #d12727;\" href=\"https:\/\/www.csj-emballages.com\/produit\/25-cuilleres-chinoise-noirs-en-plastique\/\">CUICHINNR<\/a><\/span><\/p>\n<p>&nbsp;<\/p>\n<p><!--more--><\/p>\n<p class=\"ai-optimize-66\">Ver tamb\u00e9m a nossa verrina &#8220;chinesa&#8221; biodegrad\u00e1vel: <span style=\"color: #d12727;\"><a style=\"color: #d12727;\" href=\"https:\/\/www.csj-emballages.com\/produit\/50-mise-en-bouche-cuilleres-chinoise-biodegradables\/\">VERCUIBIO<\/a><\/span><\/p>\n<p>&nbsp;<\/p>\n<p><!--more--><\/p>\n<p class=\"ai-optimize-67\"><a href=\"https:\/\/www.csj-emballages.com\/pt-pt\/categorie-produit\/embalagem-de-alimentos\/talho-e-charcutaria\/copos-jarras-copos\/verrines-pt-pt\/colheres-garfos\/\">Ver o resto da nossa gama de mini colheres\/garfos<\/a><\/p>\n","protected":false},"excerpt":{"rendered":"<p>Colher de vidro de pl\u00e1stico Descri\u00e7\u00e3o da nossa colher verrina &#8220;chinesa&#8221; de pl\u00e1stico, cristal, 25 pe\u00e7as<\/p>\n","protected":false},"featured_media":237602,"template":"","meta":{"_acf_changed":false},"product_brand":[],"product_cat":[1176,1306,1309,1465],"product_tag":[],"class_list":{"0":"post-20484","1":"product","2":"type-product","3":"status-publish","4":"has-post-thumbnail","6":"product_cat-talho-e-charcutaria","7":"product_cat-copos-jarras-copos","8":"product_cat-verrines-pt-pt","9":"product_cat-colheres-de-fazer-crescer-agua-na-boca","11":"first","12":"instock","13":"taxable","14":"shipping-taxable","15":"purchasable","16":"product-type-simple"},"acf":[],"yoast_head":"<!-- This site is optimized with the Yoast SEO Premium plugin v26.6 (Yoast SEO v26.6) - https:\/\/yoast.com\/wordpress\/plugins\/seo\/ -->\n<title>Colher Verrine de pl\u00e1stico &quot;Chinoise&quot; Cristal Conjunto de 25<\/title>\n<meta name=\"description\" content=\"Colher &quot;chinesa&quot; de pl\u00e1stico com efeito de cristal - ideal para buffets, cocktails e aperitivos. Elegante, pr\u00e1tica e robusta.\" \/>\n<meta name=\"robots\" content=\"index, follow, max-snippet:-1, max-image-preview:large, max-video-preview:-1\" \/>\n<link rel=\"canonical\" href=\"https:\/\/www.csj-emballages.com\/pt-pt\/produit\/25-colheres-chinesas-de-plastico-cristal\/\" \/>\n<meta property=\"og:locale\" content=\"pt_PT\" \/>\n<meta property=\"og:type\" content=\"article\" \/>\n<meta property=\"og:title\" content=\"Colher &quot;chinesa&quot; de vidro pl\u00e1stico 25 pe\u00e7as\" \/>\n<meta property=\"og:description\" content=\"Colher &quot;chinesa&quot; de pl\u00e1stico com efeito de cristal - ideal para buffets, cocktails e aperitivos. Elegante, pr\u00e1tica e robusta.\" \/>\n<meta property=\"og:url\" content=\"https:\/\/www.csj-emballages.com\/pt-pt\/produit\/25-colheres-chinesas-de-plastico-cristal\/\" \/>\n<meta property=\"og:site_name\" content=\"CSJ Emballages\" \/>\n<meta property=\"article:publisher\" content=\"https:\/\/www.facebook.com\/csjemballages\" \/>\n<meta property=\"article:modified_time\" content=\"2026-04-18T00:13:58+00:00\" \/>\n<meta property=\"og:image\" content=\"https:\/\/www.csj-emballages.com\/wp-content\/uploads\/2024\/03\/CUICHINCR.webp\" \/>\n\t<meta property=\"og:image:width\" content=\"800\" \/>\n\t<meta property=\"og:image:height\" content=\"800\" \/>\n\t<meta property=\"og:image:type\" content=\"image\/webp\" \/>\n<meta name=\"twitter:card\" content=\"summary_large_image\" \/>\n<meta name=\"twitter:label1\" content=\"Tempo estimado de leitura\" \/>\n\t<meta name=\"twitter:data1\" content=\"2 minutos\" \/>\n<script type=\"application\/ld+json\" class=\"yoast-schema-graph\">{\"@context\":\"https:\/\/schema.org\",\"@graph\":[{\"@type\":\"WebPage\",\"@id\":\"https:\/\/www.csj-emballages.com\/pt-pt\/produit\/25-colheres-chinesas-de-plastico-cristal\/\",\"url\":\"https:\/\/www.csj-emballages.com\/pt-pt\/produit\/25-colheres-chinesas-de-plastico-cristal\/\",\"name\":\"Colher Verrine de pl\u00e1stico \\\"Chinoise\\\" Cristal Conjunto de 25\",\"isPartOf\":{\"@id\":\"https:\/\/www.csj-emballages.com\/pt-pt\/#website\"},\"primaryImageOfPage\":{\"@id\":\"https:\/\/www.csj-emballages.com\/pt-pt\/produit\/25-colheres-chinesas-de-plastico-cristal\/#primaryimage\"},\"image\":{\"@id\":\"https:\/\/www.csj-emballages.com\/pt-pt\/produit\/25-colheres-chinesas-de-plastico-cristal\/#primaryimage\"},\"thumbnailUrl\":\"https:\/\/www.csj-emballages.com\/wp-content\/uploads\/2024\/03\/CUICHINCR.webp\",\"datePublished\":\"2024-03-01T15:54:37+00:00\",\"dateModified\":\"2026-04-18T00:13:58+00:00\",\"description\":\"Colher \\\"chinesa\\\" de pl\u00e1stico com efeito de cristal - ideal para buffets, cocktails e aperitivos. Elegante, pr\u00e1tica e robusta.\",\"breadcrumb\":{\"@id\":\"https:\/\/www.csj-emballages.com\/pt-pt\/produit\/25-colheres-chinesas-de-plastico-cristal\/#breadcrumb\"},\"inLanguage\":\"pt-PT\",\"potentialAction\":[{\"@type\":\"ReadAction\",\"target\":[\"https:\/\/www.csj-emballages.com\/pt-pt\/produit\/25-colheres-chinesas-de-plastico-cristal\/\"]}]},{\"@type\":\"ImageObject\",\"inLanguage\":\"pt-PT\",\"@id\":\"https:\/\/www.csj-emballages.com\/pt-pt\/produit\/25-colheres-chinesas-de-plastico-cristal\/#primaryimage\",\"url\":\"https:\/\/www.csj-emballages.com\/wp-content\/uploads\/2024\/03\/CUICHINCR.webp\",\"contentUrl\":\"https:\/\/www.csj-emballages.com\/wp-content\/uploads\/2024\/03\/CUICHINCR.webp\",\"width\":800,\"height\":800,\"caption\":\"Verrine plastique cuill\u00e8re\"},{\"@type\":\"BreadcrumbList\",\"@id\":\"https:\/\/www.csj-emballages.com\/pt-pt\/produit\/25-colheres-chinesas-de-plastico-cristal\/#breadcrumb\",\"itemListElement\":[{\"@type\":\"ListItem\",\"position\":1,\"name\":\"Acolhimento\",\"item\":\"https:\/\/www.csj-emballages.com\/pt-pt\/universo-das-embalagens-alimentares\/\"},{\"@type\":\"ListItem\",\"position\":2,\"name\":\"Shop\",\"item\":\"https:\/\/www.csj-emballages.com\/shop\/\"},{\"@type\":\"ListItem\",\"position\":3,\"name\":\"Colher \u00ab\u00a0chinesa\u00a0\u00bb de vidro pl\u00e1stico 25 pe\u00e7as\"}]},{\"@type\":\"WebSite\",\"@id\":\"https:\/\/www.csj-emballages.com\/pt-pt\/#website\",\"url\":\"https:\/\/www.csj-emballages.com\/pt-pt\/\",\"name\":\"CSJ Emballages\",\"description\":\"\",\"publisher\":{\"@id\":\"https:\/\/www.csj-emballages.com\/pt-pt\/#organization\"},\"potentialAction\":[{\"@type\":\"SearchAction\",\"target\":{\"@type\":\"EntryPoint\",\"urlTemplate\":\"https:\/\/www.csj-emballages.com\/pt-pt\/?s={search_term_string}\"},\"query-input\":{\"@type\":\"PropertyValueSpecification\",\"valueRequired\":true,\"valueName\":\"search_term_string\"}}],\"inLanguage\":\"pt-PT\"},{\"@type\":\"Organization\",\"@id\":\"https:\/\/www.csj-emballages.com\/pt-pt\/#Organization\/\",\"name\":\"CSJ Emballages\",\"url\":\"https:\/\/www.csj-emballages.com\/pt-pt\/\",\"logo\":{\"@type\":\"ImageObject\",\"inLanguage\":\"pt-PT\",\"@id\":\"https:\/\/www.csj-emballages.com\/pt-pt\/#\/schema\/logo\/image\/\",\"url\":\"https:\/\/www.csj-emballages.com\/wp-content\/uploads\/2023\/10\/logo_csj.webp\",\"contentUrl\":\"https:\/\/www.csj-emballages.com\/wp-content\/uploads\/2023\/10\/logo_csj.webp\",\"width\":250,\"height\":95,\"caption\":\"CSJ Emballages\"},\"image\":{\"@id\":\"https:\/\/www.csj-emballages.com\/pt-pt\/#\/schema\/logo\/image\/\"},\"sameAs\":[\"https:\/\/www.facebook.com\/csjemballages\"],\"address\":{\"@type\":\"PostalAddress\",\"streetAddress\":\"ZI La Lechere\",\"addressLocality\":\"Patornay\",\"postalCode\":\"39130\",\"addressCountry\":\"FR\"},\"contactPoint\":[{\"@type\":\"ContactPoint\",\"contactType\":\"Service client\",\"telephone\":\"0384254272\",\"email\":\"contact@csj-emballages.com\"}]}]}<\/script>\n<!-- \/ Yoast SEO Premium plugin. -->","yoast_head_json":{"title":"Colher Verrine de pl\u00e1stico \"Chinoise\" Cristal Conjunto de 25","description":"Colher \"chinesa\" de pl\u00e1stico com efeito de cristal - ideal para buffets, cocktails e aperitivos. Elegante, pr\u00e1tica e robusta.","robots":{"index":"index","follow":"follow","max-snippet":"max-snippet:-1","max-image-preview":"max-image-preview:large","max-video-preview":"max-video-preview:-1"},"canonical":"https:\/\/www.csj-emballages.com\/pt-pt\/produit\/25-colheres-chinesas-de-plastico-cristal\/","og_locale":"pt_PT","og_type":"article","og_title":"Colher \"chinesa\" de vidro pl\u00e1stico 25 pe\u00e7as","og_description":"Colher \"chinesa\" de pl\u00e1stico com efeito de cristal - ideal para buffets, cocktails e aperitivos. Elegante, pr\u00e1tica e robusta.","og_url":"https:\/\/www.csj-emballages.com\/pt-pt\/produit\/25-colheres-chinesas-de-plastico-cristal\/","og_site_name":"CSJ Emballages","article_publisher":"https:\/\/www.facebook.com\/csjemballages","article_modified_time":"2026-04-18T00:13:58+00:00","og_image":[{"width":800,"height":800,"url":"https:\/\/www.csj-emballages.com\/wp-content\/uploads\/2024\/03\/CUICHINCR.webp","type":"image\/webp"}],"twitter_card":"summary_large_image","twitter_misc":{"Tempo estimado de leitura":"2 minutos"},"schema":{"@context":"https:\/\/schema.org","@graph":[{"@type":"WebPage","@id":"https:\/\/www.csj-emballages.com\/pt-pt\/produit\/25-colheres-chinesas-de-plastico-cristal\/","url":"https:\/\/www.csj-emballages.com\/pt-pt\/produit\/25-colheres-chinesas-de-plastico-cristal\/","name":"Colher Verrine de pl\u00e1stico \"Chinoise\" Cristal Conjunto de 25","isPartOf":{"@id":"https:\/\/www.csj-emballages.com\/pt-pt\/#website"},"primaryImageOfPage":{"@id":"https:\/\/www.csj-emballages.com\/pt-pt\/produit\/25-colheres-chinesas-de-plastico-cristal\/#primaryimage"},"image":{"@id":"https:\/\/www.csj-emballages.com\/pt-pt\/produit\/25-colheres-chinesas-de-plastico-cristal\/#primaryimage"},"thumbnailUrl":"https:\/\/www.csj-emballages.com\/wp-content\/uploads\/2024\/03\/CUICHINCR.webp","datePublished":"2024-03-01T15:54:37+00:00","dateModified":"2026-04-18T00:13:58+00:00","description":"Colher \"chinesa\" de pl\u00e1stico com efeito de cristal - ideal para buffets, cocktails e aperitivos. Elegante, pr\u00e1tica e robusta.","breadcrumb":{"@id":"https:\/\/www.csj-emballages.com\/pt-pt\/produit\/25-colheres-chinesas-de-plastico-cristal\/#breadcrumb"},"inLanguage":"pt-PT","potentialAction":[{"@type":"ReadAction","target":["https:\/\/www.csj-emballages.com\/pt-pt\/produit\/25-colheres-chinesas-de-plastico-cristal\/"]}]},{"@type":"ImageObject","inLanguage":"pt-PT","@id":"https:\/\/www.csj-emballages.com\/pt-pt\/produit\/25-colheres-chinesas-de-plastico-cristal\/#primaryimage","url":"https:\/\/www.csj-emballages.com\/wp-content\/uploads\/2024\/03\/CUICHINCR.webp","contentUrl":"https:\/\/www.csj-emballages.com\/wp-content\/uploads\/2024\/03\/CUICHINCR.webp","width":800,"height":800,"caption":"Verrine plastique cuill\u00e8re"},{"@type":"BreadcrumbList","@id":"https:\/\/www.csj-emballages.com\/pt-pt\/produit\/25-colheres-chinesas-de-plastico-cristal\/#breadcrumb","itemListElement":[{"@type":"ListItem","position":1,"name":"Acolhimento","item":"https:\/\/www.csj-emballages.com\/pt-pt\/universo-das-embalagens-alimentares\/"},{"@type":"ListItem","position":2,"name":"Shop","item":"https:\/\/www.csj-emballages.com\/shop\/"},{"@type":"ListItem","position":3,"name":"Colher \u00ab\u00a0chinesa\u00a0\u00bb de vidro pl\u00e1stico 25 pe\u00e7as"}]},{"@type":"WebSite","@id":"https:\/\/www.csj-emballages.com\/pt-pt\/#website","url":"https:\/\/www.csj-emballages.com\/pt-pt\/","name":"CSJ Emballages","description":"","publisher":{"@id":"https:\/\/www.csj-emballages.com\/pt-pt\/#organization"},"potentialAction":[{"@type":"SearchAction","target":{"@type":"EntryPoint","urlTemplate":"https:\/\/www.csj-emballages.com\/pt-pt\/?s={search_term_string}"},"query-input":{"@type":"PropertyValueSpecification","valueRequired":true,"valueName":"search_term_string"}}],"inLanguage":"pt-PT"},{"@type":"Organization","@id":"https:\/\/www.csj-emballages.com\/pt-pt\/#Organization\/","name":"CSJ Emballages","url":"https:\/\/www.csj-emballages.com\/pt-pt\/","logo":{"@type":"ImageObject","inLanguage":"pt-PT","@id":"https:\/\/www.csj-emballages.com\/pt-pt\/#\/schema\/logo\/image\/","url":"https:\/\/www.csj-emballages.com\/wp-content\/uploads\/2023\/10\/logo_csj.webp","contentUrl":"https:\/\/www.csj-emballages.com\/wp-content\/uploads\/2023\/10\/logo_csj.webp","width":250,"height":95,"caption":"CSJ Emballages"},"image":{"@id":"https:\/\/www.csj-emballages.com\/pt-pt\/#\/schema\/logo\/image\/"},"sameAs":["https:\/\/www.facebook.com\/csjemballages"],"address":{"@type":"PostalAddress","streetAddress":"ZI La Lechere","addressLocality":"Patornay","postalCode":"39130","addressCountry":"FR"},"contactPoint":[{"@type":"ContactPoint","contactType":"Service client","telephone":"0384254272","email":"contact@csj-emballages.com"}]}]}},"df_price":2.32,"df_sale_price":"","df_regular_price":2.32,"df_image_link":"https:\/\/www.csj-emballages.com\/wp-content\/uploads\/2024\/03\/CUICHINCR-300x300.webp","tiered_pricing_type":"fixed","tiered_pricing_fixed_rules":[],"tiered_pricing_percentage_rules":[],"tiered_pricing_minimum":1,"tiered_pricing_roles_data":[],"_links":{"self":[{"href":"https:\/\/www.csj-emballages.com\/pt-pt\/wp-json\/wp\/v2\/product\/20484","targetHints":{"allow":["GET"]}}],"collection":[{"href":"https:\/\/www.csj-emballages.com\/pt-pt\/wp-json\/wp\/v2\/product"}],"about":[{"href":"https:\/\/www.csj-emballages.com\/pt-pt\/wp-json\/wp\/v2\/types\/product"}],"wp:featuredmedia":[{"embeddable":true,"href":"https:\/\/www.csj-emballages.com\/pt-pt\/wp-json\/wp\/v2\/media\/237602"}],"wp:attachment":[{"href":"https:\/\/www.csj-emballages.com\/pt-pt\/wp-json\/wp\/v2\/media?parent=20484"}],"wp:term":[{"taxonomy":"product_brand","embeddable":true,"href":"https:\/\/www.csj-emballages.com\/pt-pt\/wp-json\/wp\/v2\/product_brand?post=20484"},{"taxonomy":"product_cat","embeddable":true,"href":"https:\/\/www.csj-emballages.com\/pt-pt\/wp-json\/wp\/v2\/product_cat?post=20484"},{"taxonomy":"product_tag","embeddable":true,"href":"https:\/\/www.csj-emballages.com\/pt-pt\/wp-json\/wp\/v2\/product_tag?post=20484"}],"curies":[{"name":"wp","href":"https:\/\/api.w.org\/{rel}","templated":true}]}}