{"id":20478,"date":"2024-03-01T16:54:36","date_gmt":"2024-03-01T15:54:36","guid":{"rendered":"https:\/\/u15jnbdpoq.preview.infomaniak.website\/produit\/50-tampas-descartaveis-para-batidos-sem-orificio-o-95\/"},"modified":"2026-04-21T02:13:06","modified_gmt":"2026-04-21T00:13:06","slug":"50-tampas-descartaveis-para-batidos-sem-orificio-o-95","status":"publish","type":"product","link":"https:\/\/www.csj-emballages.com\/pt-pt\/produit\/50-tampas-descartaveis-para-batidos-sem-orificio-o-95\/","title":{"rendered":"Tampa pl\u00e1stica plana \u00d895 por 50"},"content":{"rendered":"<div style=\"font-family: Roboto, sans-serif;\">\n<div style=\"font-family: Roboto, sans-serif;\">\n<div style=\"font-family: Roboto, sans-serif;\">\n<div style=\"font-family: Roboto, sans-serif;\">\n<div style=\"font-family: Roboto, sans-serif;\">\n<div style=\"font-family: Roboto, sans-serif;\">\n<h2>Tampa de pl\u00e1stico<\/h2>\n<div style=\"font-family: Roboto, sans-serif;\">\n<div style=\"font-family: Roboto, sans-serif;\">\n<div style=\"font-family: Roboto, sans-serif;\">\n<div style=\"text-align: center;\">\n<div style=\"font-family: Roboto, sans-serif;\">\n<div style=\"font-family: Roboto, sans-serif;\">\n<div style=\"font-family: Roboto, sans-serif;\">\n<div style=\"font-family: Roboto, sans-serif;\">\n<div style=\"font-family: Roboto, sans-serif;\">\n<div style=\"font-family: Roboto, sans-serif; text-align: left;\">\n<hr>\n<h3 style=\"text-align: left;\">Descri\u00e7\u00e3o da nossa cobertura pl\u00e1stica plana \u00d895 por 50<\/h3>\n<p><!--more--><\/p>\n<\/div>\n<\/div>\n<\/div>\n<\/div>\n<\/div>\n<\/div>\n<\/div>\n<\/div>\n<\/div>\n<\/div>\n<p data-start=\"228\" data-end=\"731\">Esta <strong>tampa pl\u00e1stica<\/strong> <strong>plana<\/strong>, com <strong data-start=\"256\" data-end=\"277\">95 mm de di\u00e2metro<\/strong>, \u00e9 o pequeno acess\u00f3rio que muda tudo num servi\u00e7o bem organizado. Discreta, transparente e muito leve, encaixa-se perfeitamente em copos do mesmo di\u00e2metro para proporcionar um fecho limpo e seguro. De facto, assim que a encaixar, cria uma barreira clara contra os salpicos, para que possa transportar uma bebida ou uma prepara\u00e7\u00e3o l\u00edquida sem stress &#8211; ideal para caf\u00e9s takeaway, sumos, degusta\u00e7\u00f5es ou mesmo pequenas amostras.  <\/p>\n<p data-start=\"733\" data-end=\"1110\">O seu tamanho reduzido n\u00e3o o impede de ser robusto. A <g id=\"gid_0\">tampa<\/g> mant\u00e9m-se no lugar, n\u00e3o se deforma e resiste facilmente \u00e0 utiliza\u00e7\u00e3o quotidiana. Apreciamos tamb\u00e9m a sua total transpar\u00eancia, que deixa o conte\u00fado vis\u00edvel ao mesmo tempo que protege a bebida: pr\u00e1tico para reconhecer num relance o que est\u00e1 em cada copo, especialmente quando v\u00e1rios pedidos se sucedem.  <\/p>\n<p data-start=\"1112\" data-end=\"1410\">Al\u00e9m disso, o seu <strong>design plano<\/strong>, simples e limpo significa que n\u00e3o h\u00e1 volume desnecess\u00e1rio e que as bebidas podem ser empilhadas facilmente, uma verdadeira vantagem para a arruma\u00e7\u00e3o e o transporte. E como \u00e9 vendida <strong data-start=\"1293\" data-end=\"1310\">em embalagens de 50 unidades<\/strong>, ter\u00e1 stock suficiente para v\u00e1rios turnos sem encher o seu espa\u00e7o de trabalho. <\/p>\n<p data-start=\"1412\" data-end=\"1697\">Em suma, quer trabalhe num <strong>caf\u00e9<\/strong>, num restaurante de fast food, na gest\u00e3o de eventos ou num ambiente empresarial, esta tampa facilitar\u00e1 claramente a sua vida. Garante uma melhor experi\u00eancia para os clientes que levam a sua bebida<strong>&#8220;para levar&#8221;<\/strong>. <\/p>\n<\/div>\n<p data-start=\"1412\" data-end=\"1697\">\n<div style=\"font-family: Roboto, sans-serif;\">\n<p><!--more--><\/p>\n<h4>Vantagens :<\/h4>\n<ul>\n<li data-start=\"1725\" data-end=\"1760\">Fecho seguro e sem fugas.<\/li>\n<li data-start=\"1763\" data-end=\"1812\">Transpar\u00eancia total para identificar o conte\u00fado.<\/li>\n<li data-start=\"1815\" data-end=\"1871\">Design plano, pr\u00e1tico para transportar e empilhar.<\/li>\n<li data-start=\"1874\" data-end=\"1907\">Compatibilidade standard <strong>\u00d895 mm<\/strong>.<\/li>\n<li data-start=\"1910\" data-end=\"1936\">Embalagem pr\u00e1tica de <strong>50<\/strong>.<\/li>\n<\/ul>\n<p>&nbsp;<\/p>\n<p><!--more--><\/p>\n<\/div>\n<\/div>\n<h4>Outras informa\u00e7\u00f5es :<\/h4>\n<ul>\n<li><strong>Embalagem<\/strong>: Pacote de 50<\/li>\n<li><strong>Dimens\u00f5es<\/strong>: 95 x 6 (\u00d8 x H em mm)<\/li>\n<li><strong>Material<\/strong>: Polietileno<\/li>\n<\/ul>\n<\/div>\n<p>&nbsp;<\/p>\n<div style=\"font-family: Roboto, sans-serif;\">\n<div style=\"font-family: Roboto, sans-serif;\">\n<div style=\"font-family: Roboto, sans-serif;\">\n<p><!--more--><\/p>\n<p>Esta tampa pl\u00e1stica plana tamb\u00e9m est\u00e1 dispon\u00edvel com uma cruz de palha: <span style=\"color: #d12727;\"><a style=\"color: #d12727;\" href=\"https:\/\/www.csj-emballages.com\/es\/produit\/50-tapas-planas-desechables-para-batidos-pajita-cruz-o-95\/\">CVCR500CC<\/a><\/span><\/p>\n<p>&nbsp;<\/p>\n<p style=\"text-align: left;\"><!--more--><\/p>\n<p><a href=\"\/?product_cat=pots-smoothies-diametre-95mm\">V\u00ea o resto da nossa gama de frascos para smoothies em \u00d895 mm<\/a><\/p>\n<\/div>\n<\/div>\n<\/div>\n<\/div>\n<\/div>\n<\/div>\n","protected":false},"excerpt":{"rendered":"<p>Tampa de pl\u00e1stico Descri\u00e7\u00e3o da nossa cobertura pl\u00e1stica plana \u00d895 por 50<\/p>\n","protected":false},"featured_media":193435,"template":"","meta":{"_acf_changed":false},"product_brand":[],"product_cat":[1141,1176,1306,1459,1471,1808,2544,2546],"product_tag":[],"class_list":{"0":"post-20478","1":"product","2":"type-product","3":"status-publish","4":"has-post-thumbnail","6":"product_cat-embalagem-de-alimentos","7":"product_cat-talho-e-charcutaria","8":"product_cat-copos-jarras-copos","9":"product_cat-copos-de-sobremesa","10":"product_cat-chavenas-copos-baldes-garrafas","11":"product_cat-copos-para-bebidas-frias","12":"product_cat-frascos-de-smoothies","13":"product_cat-diametro-dos-frascos-de-smoothie-95-mm","15":"first","16":"instock","17":"taxable","18":"shipping-taxable","19":"purchasable","20":"product-type-simple"},"acf":[],"yoast_head":"<!-- This site is optimized with the Yoast SEO Premium plugin v26.6 (Yoast SEO v26.6) - https:\/\/yoast.com\/wordpress\/plugins\/seo\/ -->\n<title>Tampa pl\u00e1stica plana \u00d895 por 50<\/title>\n<meta name=\"description\" content=\"Tampas de pl\u00e1stico planas \u00d895 mm, vendidas em embalagens de 50. Perfeitas para bebidas para levar: transparentes, resistentes e f\u00e1ceis de fixar.\" \/>\n<meta name=\"robots\" content=\"index, follow, max-snippet:-1, max-image-preview:large, max-video-preview:-1\" \/>\n<link rel=\"canonical\" href=\"https:\/\/www.csj-emballages.com\/pt-pt\/produit\/50-tampas-descartaveis-para-batidos-sem-orificio-o-95\/\" \/>\n<meta property=\"og:locale\" content=\"pt_PT\" \/>\n<meta property=\"og:type\" content=\"article\" \/>\n<meta property=\"og:title\" content=\"Tampa pl\u00e1stica plana \u00d895 por 50\" \/>\n<meta property=\"og:description\" content=\"Tampas de pl\u00e1stico planas \u00d895 mm, vendidas em embalagens de 50. Perfeitas para bebidas para levar: transparentes, resistentes e f\u00e1ceis de fixar.\" \/>\n<meta property=\"og:url\" content=\"https:\/\/www.csj-emballages.com\/pt-pt\/produit\/50-tampas-descartaveis-para-batidos-sem-orificio-o-95\/\" \/>\n<meta property=\"og:site_name\" content=\"CSJ Emballages\" \/>\n<meta property=\"article:publisher\" content=\"https:\/\/www.facebook.com\/csjemballages\" \/>\n<meta property=\"article:modified_time\" content=\"2026-04-21T00:13:06+00:00\" \/>\n<meta property=\"og:image\" content=\"https:\/\/www.csj-emballages.com\/wp-content\/uploads\/2024\/03\/CVP300.webp\" \/>\n\t<meta property=\"og:image:width\" content=\"802\" \/>\n\t<meta property=\"og:image:height\" content=\"803\" \/>\n\t<meta property=\"og:image:type\" content=\"image\/webp\" \/>\n<meta name=\"twitter:card\" content=\"summary_large_image\" \/>\n<meta name=\"twitter:label1\" content=\"Tempo estimado de leitura\" \/>\n\t<meta name=\"twitter:data1\" content=\"1 minuto\" \/>\n<script type=\"application\/ld+json\" class=\"yoast-schema-graph\">{\"@context\":\"https:\/\/schema.org\",\"@graph\":[{\"@type\":\"WebPage\",\"@id\":\"https:\/\/www.csj-emballages.com\/pt-pt\/produit\/50-tampas-descartaveis-para-batidos-sem-orificio-o-95\/\",\"url\":\"https:\/\/www.csj-emballages.com\/pt-pt\/produit\/50-tampas-descartaveis-para-batidos-sem-orificio-o-95\/\",\"name\":\"Tampa pl\u00e1stica plana \u00d895 por 50\",\"isPartOf\":{\"@id\":\"https:\/\/www.csj-emballages.com\/pt-pt\/#website\"},\"primaryImageOfPage\":{\"@id\":\"https:\/\/www.csj-emballages.com\/pt-pt\/produit\/50-tampas-descartaveis-para-batidos-sem-orificio-o-95\/#primaryimage\"},\"image\":{\"@id\":\"https:\/\/www.csj-emballages.com\/pt-pt\/produit\/50-tampas-descartaveis-para-batidos-sem-orificio-o-95\/#primaryimage\"},\"thumbnailUrl\":\"https:\/\/www.csj-emballages.com\/wp-content\/uploads\/2024\/03\/CVP300.webp\",\"datePublished\":\"2024-03-01T15:54:36+00:00\",\"dateModified\":\"2026-04-21T00:13:06+00:00\",\"description\":\"Tampas de pl\u00e1stico planas \u00d895 mm, vendidas em embalagens de 50. Perfeitas para bebidas para levar: transparentes, resistentes e f\u00e1ceis de fixar.\",\"breadcrumb\":{\"@id\":\"https:\/\/www.csj-emballages.com\/pt-pt\/produit\/50-tampas-descartaveis-para-batidos-sem-orificio-o-95\/#breadcrumb\"},\"inLanguage\":\"pt-PT\",\"potentialAction\":[{\"@type\":\"ReadAction\",\"target\":[\"https:\/\/www.csj-emballages.com\/pt-pt\/produit\/50-tampas-descartaveis-para-batidos-sem-orificio-o-95\/\"]}]},{\"@type\":\"ImageObject\",\"inLanguage\":\"pt-PT\",\"@id\":\"https:\/\/www.csj-emballages.com\/pt-pt\/produit\/50-tampas-descartaveis-para-batidos-sem-orificio-o-95\/#primaryimage\",\"url\":\"https:\/\/www.csj-emballages.com\/wp-content\/uploads\/2024\/03\/CVP300.webp\",\"contentUrl\":\"https:\/\/www.csj-emballages.com\/wp-content\/uploads\/2024\/03\/CVP300.webp\",\"width\":802,\"height\":803,\"caption\":\"Couvercle Plastique\"},{\"@type\":\"BreadcrumbList\",\"@id\":\"https:\/\/www.csj-emballages.com\/pt-pt\/produit\/50-tampas-descartaveis-para-batidos-sem-orificio-o-95\/#breadcrumb\",\"itemListElement\":[{\"@type\":\"ListItem\",\"position\":1,\"name\":\"Acolhimento\",\"item\":\"https:\/\/www.csj-emballages.com\/pt-pt\/universo-das-embalagens-alimentares\/\"},{\"@type\":\"ListItem\",\"position\":2,\"name\":\"Shop\",\"item\":\"https:\/\/www.csj-emballages.com\/shop\/\"},{\"@type\":\"ListItem\",\"position\":3,\"name\":\"Tampa pl\u00e1stica plana \u00d895 por 50\"}]},{\"@type\":\"WebSite\",\"@id\":\"https:\/\/www.csj-emballages.com\/pt-pt\/#website\",\"url\":\"https:\/\/www.csj-emballages.com\/pt-pt\/\",\"name\":\"CSJ Emballages\",\"description\":\"\",\"publisher\":{\"@id\":\"https:\/\/www.csj-emballages.com\/pt-pt\/#organization\"},\"potentialAction\":[{\"@type\":\"SearchAction\",\"target\":{\"@type\":\"EntryPoint\",\"urlTemplate\":\"https:\/\/www.csj-emballages.com\/pt-pt\/?s={search_term_string}\"},\"query-input\":{\"@type\":\"PropertyValueSpecification\",\"valueRequired\":true,\"valueName\":\"search_term_string\"}}],\"inLanguage\":\"pt-PT\"},{\"@type\":\"Organization\",\"@id\":\"https:\/\/www.csj-emballages.com\/pt-pt\/#Organization\/\",\"name\":\"CSJ Emballages\",\"url\":\"https:\/\/www.csj-emballages.com\/pt-pt\/\",\"logo\":{\"@type\":\"ImageObject\",\"inLanguage\":\"pt-PT\",\"@id\":\"https:\/\/www.csj-emballages.com\/pt-pt\/#\/schema\/logo\/image\/\",\"url\":\"https:\/\/www.csj-emballages.com\/wp-content\/uploads\/2023\/10\/logo_csj.webp\",\"contentUrl\":\"https:\/\/www.csj-emballages.com\/wp-content\/uploads\/2023\/10\/logo_csj.webp\",\"width\":250,\"height\":95,\"caption\":\"CSJ Emballages\"},\"image\":{\"@id\":\"https:\/\/www.csj-emballages.com\/pt-pt\/#\/schema\/logo\/image\/\"},\"sameAs\":[\"https:\/\/www.facebook.com\/csjemballages\"],\"address\":{\"@type\":\"PostalAddress\",\"streetAddress\":\"ZI La Lechere\",\"addressLocality\":\"Patornay\",\"postalCode\":\"39130\",\"addressCountry\":\"FR\"},\"contactPoint\":[{\"@type\":\"ContactPoint\",\"contactType\":\"Service client\",\"telephone\":\"0384254272\",\"email\":\"contact@csj-emballages.com\"}]}]}<\/script>\n<!-- \/ Yoast SEO Premium plugin. -->","yoast_head_json":{"title":"Tampa pl\u00e1stica plana \u00d895 por 50","description":"Tampas de pl\u00e1stico planas \u00d895 mm, vendidas em embalagens de 50. Perfeitas para bebidas para levar: transparentes, resistentes e f\u00e1ceis de fixar.","robots":{"index":"index","follow":"follow","max-snippet":"max-snippet:-1","max-image-preview":"max-image-preview:large","max-video-preview":"max-video-preview:-1"},"canonical":"https:\/\/www.csj-emballages.com\/pt-pt\/produit\/50-tampas-descartaveis-para-batidos-sem-orificio-o-95\/","og_locale":"pt_PT","og_type":"article","og_title":"Tampa pl\u00e1stica plana \u00d895 por 50","og_description":"Tampas de pl\u00e1stico planas \u00d895 mm, vendidas em embalagens de 50. Perfeitas para bebidas para levar: transparentes, resistentes e f\u00e1ceis de fixar.","og_url":"https:\/\/www.csj-emballages.com\/pt-pt\/produit\/50-tampas-descartaveis-para-batidos-sem-orificio-o-95\/","og_site_name":"CSJ Emballages","article_publisher":"https:\/\/www.facebook.com\/csjemballages","article_modified_time":"2026-04-21T00:13:06+00:00","og_image":[{"width":802,"height":803,"url":"https:\/\/www.csj-emballages.com\/wp-content\/uploads\/2024\/03\/CVP300.webp","type":"image\/webp"}],"twitter_card":"summary_large_image","twitter_misc":{"Tempo estimado de leitura":"1 minuto"},"schema":{"@context":"https:\/\/schema.org","@graph":[{"@type":"WebPage","@id":"https:\/\/www.csj-emballages.com\/pt-pt\/produit\/50-tampas-descartaveis-para-batidos-sem-orificio-o-95\/","url":"https:\/\/www.csj-emballages.com\/pt-pt\/produit\/50-tampas-descartaveis-para-batidos-sem-orificio-o-95\/","name":"Tampa pl\u00e1stica plana \u00d895 por 50","isPartOf":{"@id":"https:\/\/www.csj-emballages.com\/pt-pt\/#website"},"primaryImageOfPage":{"@id":"https:\/\/www.csj-emballages.com\/pt-pt\/produit\/50-tampas-descartaveis-para-batidos-sem-orificio-o-95\/#primaryimage"},"image":{"@id":"https:\/\/www.csj-emballages.com\/pt-pt\/produit\/50-tampas-descartaveis-para-batidos-sem-orificio-o-95\/#primaryimage"},"thumbnailUrl":"https:\/\/www.csj-emballages.com\/wp-content\/uploads\/2024\/03\/CVP300.webp","datePublished":"2024-03-01T15:54:36+00:00","dateModified":"2026-04-21T00:13:06+00:00","description":"Tampas de pl\u00e1stico planas \u00d895 mm, vendidas em embalagens de 50. Perfeitas para bebidas para levar: transparentes, resistentes e f\u00e1ceis de fixar.","breadcrumb":{"@id":"https:\/\/www.csj-emballages.com\/pt-pt\/produit\/50-tampas-descartaveis-para-batidos-sem-orificio-o-95\/#breadcrumb"},"inLanguage":"pt-PT","potentialAction":[{"@type":"ReadAction","target":["https:\/\/www.csj-emballages.com\/pt-pt\/produit\/50-tampas-descartaveis-para-batidos-sem-orificio-o-95\/"]}]},{"@type":"ImageObject","inLanguage":"pt-PT","@id":"https:\/\/www.csj-emballages.com\/pt-pt\/produit\/50-tampas-descartaveis-para-batidos-sem-orificio-o-95\/#primaryimage","url":"https:\/\/www.csj-emballages.com\/wp-content\/uploads\/2024\/03\/CVP300.webp","contentUrl":"https:\/\/www.csj-emballages.com\/wp-content\/uploads\/2024\/03\/CVP300.webp","width":802,"height":803,"caption":"Couvercle Plastique"},{"@type":"BreadcrumbList","@id":"https:\/\/www.csj-emballages.com\/pt-pt\/produit\/50-tampas-descartaveis-para-batidos-sem-orificio-o-95\/#breadcrumb","itemListElement":[{"@type":"ListItem","position":1,"name":"Acolhimento","item":"https:\/\/www.csj-emballages.com\/pt-pt\/universo-das-embalagens-alimentares\/"},{"@type":"ListItem","position":2,"name":"Shop","item":"https:\/\/www.csj-emballages.com\/shop\/"},{"@type":"ListItem","position":3,"name":"Tampa pl\u00e1stica plana \u00d895 por 50"}]},{"@type":"WebSite","@id":"https:\/\/www.csj-emballages.com\/pt-pt\/#website","url":"https:\/\/www.csj-emballages.com\/pt-pt\/","name":"CSJ Emballages","description":"","publisher":{"@id":"https:\/\/www.csj-emballages.com\/pt-pt\/#organization"},"potentialAction":[{"@type":"SearchAction","target":{"@type":"EntryPoint","urlTemplate":"https:\/\/www.csj-emballages.com\/pt-pt\/?s={search_term_string}"},"query-input":{"@type":"PropertyValueSpecification","valueRequired":true,"valueName":"search_term_string"}}],"inLanguage":"pt-PT"},{"@type":"Organization","@id":"https:\/\/www.csj-emballages.com\/pt-pt\/#Organization\/","name":"CSJ Emballages","url":"https:\/\/www.csj-emballages.com\/pt-pt\/","logo":{"@type":"ImageObject","inLanguage":"pt-PT","@id":"https:\/\/www.csj-emballages.com\/pt-pt\/#\/schema\/logo\/image\/","url":"https:\/\/www.csj-emballages.com\/wp-content\/uploads\/2023\/10\/logo_csj.webp","contentUrl":"https:\/\/www.csj-emballages.com\/wp-content\/uploads\/2023\/10\/logo_csj.webp","width":250,"height":95,"caption":"CSJ Emballages"},"image":{"@id":"https:\/\/www.csj-emballages.com\/pt-pt\/#\/schema\/logo\/image\/"},"sameAs":["https:\/\/www.facebook.com\/csjemballages"],"address":{"@type":"PostalAddress","streetAddress":"ZI La Lechere","addressLocality":"Patornay","postalCode":"39130","addressCountry":"FR"},"contactPoint":[{"@type":"ContactPoint","contactType":"Service client","telephone":"0384254272","email":"contact@csj-emballages.com"}]}]}},"df_price":1.66,"df_sale_price":"","df_regular_price":1.66,"df_image_link":"https:\/\/www.csj-emballages.com\/wp-content\/uploads\/2024\/03\/CVP300-300x300.webp","tiered_pricing_type":"fixed","tiered_pricing_fixed_rules":[],"tiered_pricing_percentage_rules":[],"tiered_pricing_minimum":1,"tiered_pricing_roles_data":[],"_links":{"self":[{"href":"https:\/\/www.csj-emballages.com\/pt-pt\/wp-json\/wp\/v2\/product\/20478","targetHints":{"allow":["GET"]}}],"collection":[{"href":"https:\/\/www.csj-emballages.com\/pt-pt\/wp-json\/wp\/v2\/product"}],"about":[{"href":"https:\/\/www.csj-emballages.com\/pt-pt\/wp-json\/wp\/v2\/types\/product"}],"wp:featuredmedia":[{"embeddable":true,"href":"https:\/\/www.csj-emballages.com\/pt-pt\/wp-json\/wp\/v2\/media\/193435"}],"wp:attachment":[{"href":"https:\/\/www.csj-emballages.com\/pt-pt\/wp-json\/wp\/v2\/media?parent=20478"}],"wp:term":[{"taxonomy":"product_brand","embeddable":true,"href":"https:\/\/www.csj-emballages.com\/pt-pt\/wp-json\/wp\/v2\/product_brand?post=20478"},{"taxonomy":"product_cat","embeddable":true,"href":"https:\/\/www.csj-emballages.com\/pt-pt\/wp-json\/wp\/v2\/product_cat?post=20478"},{"taxonomy":"product_tag","embeddable":true,"href":"https:\/\/www.csj-emballages.com\/pt-pt\/wp-json\/wp\/v2\/product_tag?post=20478"}],"curies":[{"name":"wp","href":"https:\/\/api.w.org\/{rel}","templated":true}]}}