{"id":20470,"date":"2024-03-01T16:54:35","date_gmt":"2024-03-01T15:54:35","guid":{"rendered":"https:\/\/u15jnbdpoq.preview.infomaniak.website\/produit\/50-tampas-de-plastico-com-orificio-para-batidos-78-o\/"},"modified":"2026-05-01T02:12:14","modified_gmt":"2026-05-01T00:12:14","slug":"50-tampas-de-plastico-com-orificio-para-batidos-78-o","status":"publish","type":"product","link":"https:\/\/www.csj-emballages.com\/pt-pt\/produit\/50-tampas-de-plastico-com-orificio-para-batidos-78-o\/","title":{"rendered":"Tampa da c\u00fapula de pl\u00e1stico com orif\u00edcio 78 \u00d8 par 50"},"content":{"rendered":"<h2>Tampa de pl\u00e1stico<\/h2>\n<hr>\n<h3>  Descobre a nossa cobertura de c\u00fapula de pl\u00e1stico com orif\u00edcio 78 \u00d8 por 50<\/h3>\n<p><!--more--><\/p>\n<p data-start=\"264\" data-end=\"710\">Se pretende um acabamento limpo e profissional para as suas bebidas frias, esta <strong data-start=\"357\" data-end=\"380\">tampa de c\u00fapula de 78 \u00d8<\/strong> \u00e9 exatamente o que precisa. A sua <strong>forma abobadada<\/strong> confere imediatamente um aspeto elegante e real\u00e7a o conte\u00fado do <strong>copo<\/strong>, quer se trate de um <strong>smoothie<\/strong>, um <strong>batido <\/strong>ou um <strong>milkshake<\/strong>. A <strong>transpar\u00eancia do pl\u00e1stico<\/strong> facilita a visualiza\u00e7\u00e3o do conte\u00fado, tornando-o ideal para mostrar as suas receitas e toppings.  <\/p>\n<p data-start=\"712\" data-end=\"1047\">O <strong data-start=\"715\" data-end=\"731\">orif\u00edcio central<\/strong> facilita a introdu\u00e7\u00e3o de uma <span style=\"color: #d12727;\"><a style=\"color: #d12727;\" href=\"https:\/\/www.csj-emballages.com\/pt-pt\/categorie-produit\/embalagem-de-alimentos\/restauracao\/pratos-talheres-descartaveis-palhinhas\/palhinhas\/\">palhinha<\/a><\/span> sem deformar a tampa. Esta \u00e9 uma verdadeira vantagem para o servi\u00e7o de take-away: a bebida permanece est\u00e1vel, transport\u00e1vel e, acima de tudo, \u00e0 prova de salpicos. Da mesma forma, a <strong>c\u00fapula<\/strong> d\u00e1 um pouco mais de volume visual, acrescentando um valor real \u00e0s apresenta\u00e7\u00f5es.  <\/p>\n<p data-start=\"1049\" data-end=\"1433\">Gra\u00e7as ao seu di\u00e2metro <strong data-start=\"1073\" data-end=\"1082\">de 78 mm<\/strong>, adapta-se rapidamente aos copos compat\u00edveis sem for\u00e7ar e mant\u00e9m-se firmemente no lugar. O seu encaixe perfeito tranquiliza o seu pessoal e os seus clientes durante o servi\u00e7o. E com um <strong data-start=\"1272\" data-end=\"1292\">lote de 50 unidades<\/strong>, tem a quantidade perfeita para pequenas tiragens, eventos pontuais ou simplesmente para evitar sobrecarregar os seus stocks.  <\/p>\n<p data-start=\"1435\" data-end=\"1661\">Esta <strong>tampa<\/strong> foi concebida para profissionais que pretendem uma solu\u00e7\u00e3o simples, eficaz e atractiva. \u00c9 o acompanhamento perfeito para uma oferta de bebidas moderna, ao mesmo tempo que torna a experi\u00eancia mais c\u00f3moda para os consumidores. <\/p>\n<p data-start=\"1435\" data-end=\"1661\">\n<p data-start=\"1435\" data-end=\"1661\"><!--more--><\/p>\n<h4>Vantagens :<\/h4>\n<ul>\n<li data-start=\"1689\" data-end=\"1726\"><strong>Forma de c\u00fapula<\/strong> elegante e real\u00e7adora.<\/li>\n<li data-start=\"1729\" data-end=\"1762\">Orif\u00edcio central ideal para palha.<\/li>\n<li data-start=\"1765\" data-end=\"1804\">Excelente ader\u00eancia em copos de <strong>78 \u00d8.<\/strong><\/li>\n<li data-start=\"1807\" data-end=\"1853\">Perfeito para bebidas frias e gourmet.<\/li>\n<li data-start=\"1856\" data-end=\"1897\">Embalagem de 50, \u00fatil para gerir o stock.<\/li>\n<\/ul>\n<p>&nbsp;<\/p>\n<p><!--more--><\/p>\n<h4><span style=\"font-weight: bold;\">Outras informa\u00e7\u00f5es :<\/span><\/h4>\n<ul>\n<li><strong>Embalagem<\/strong>: Pacote de 50<\/li>\n<li><strong>Dimens\u00f5es<\/strong>: 78 x 35,5 (\u00d8 x H em mm)<\/li>\n<li><strong>Material<\/strong>: Polietileno<\/li>\n<\/ul>\n<p>&nbsp;<\/p>\n<p><!--more--><\/p>\n<p><a href=\"https:\/\/www.csj-emballages.com\/pt-pt\/categorie-produit\/embalagem-de-alimentos\/restauracao\/chavenas-copos-baldes-garrafas\/copos-para-bebidas-frias\/frascos-de-smoothies\/diametro-dos-frascos-de-smoothie-78-mm\/\">Ver o resto da nossa gama de frascos para batidos com 78 mm de di\u00e2metro<\/a><\/p>\n","protected":false},"excerpt":{"rendered":"<p>Tampa de pl\u00e1stico Descobre a nossa cobertura de c\u00fapula de pl\u00e1stico com orif\u00edcio 78 \u00d8 por 50<\/p>\n","protected":false},"featured_media":193421,"template":"","meta":{"_acf_changed":false},"product_brand":[],"product_cat":[1141,1176,1306,1459,1471,1808,2544,2549],"product_tag":[],"class_list":{"0":"post-20470","1":"product","2":"type-product","3":"status-publish","4":"has-post-thumbnail","6":"product_cat-embalagem-de-alimentos","7":"product_cat-talho-e-charcutaria","8":"product_cat-copos-jarras-copos","9":"product_cat-copos-de-sobremesa","10":"product_cat-chavenas-copos-baldes-garrafas","11":"product_cat-copos-para-bebidas-frias","12":"product_cat-frascos-de-smoothies","13":"product_cat-diametro-dos-frascos-de-smoothie-78-mm","15":"first","16":"instock","17":"taxable","18":"shipping-taxable","19":"purchasable","20":"product-type-simple"},"acf":[],"yoast_head":"<!-- This site is optimized with the Yoast SEO Premium plugin v26.6 (Yoast SEO v26.6) - https:\/\/yoast.com\/wordpress\/plugins\/seo\/ -->\n<title>Tampa de pl\u00e1stico com orif\u00edcio 78 \u00d8 par 50<\/title>\n<meta name=\"description\" content=\"Tampa de pl\u00e1stico em forma de c\u00fapula \u00d878 mm com orif\u00edcio, vendida em embalagens de 50. Ideal para batidos, batidos e bebidas para levar. Transparente, pr\u00e1tica e atractiva.\" \/>\n<meta name=\"robots\" content=\"index, follow, max-snippet:-1, max-image-preview:large, max-video-preview:-1\" \/>\n<link rel=\"canonical\" href=\"https:\/\/www.csj-emballages.com\/pt-pt\/produit\/50-tampas-de-plastico-com-orificio-para-batidos-78-o\/\" \/>\n<meta property=\"og:locale\" content=\"pt_PT\" \/>\n<meta property=\"og:type\" content=\"article\" \/>\n<meta property=\"og:title\" content=\"Tampa da c\u00fapula de pl\u00e1stico com orif\u00edcio 78 \u00d8 par 50\" \/>\n<meta property=\"og:description\" content=\"Tampa de pl\u00e1stico em forma de c\u00fapula \u00d878 mm com orif\u00edcio, vendida em embalagens de 50. Ideal para batidos, batidos e bebidas para levar. Transparente, pr\u00e1tica e atractiva.\" \/>\n<meta property=\"og:url\" content=\"https:\/\/www.csj-emballages.com\/pt-pt\/produit\/50-tampas-de-plastico-com-orificio-para-batidos-78-o\/\" \/>\n<meta property=\"og:site_name\" content=\"CSJ Emballages\" \/>\n<meta property=\"article:publisher\" content=\"https:\/\/www.facebook.com\/csjemballages\" \/>\n<meta property=\"article:modified_time\" content=\"2026-05-01T00:12:14+00:00\" \/>\n<meta property=\"og:image\" content=\"https:\/\/www.csj-emballages.com\/wp-content\/uploads\/2024\/03\/CVDOMTR300CC.webp\" \/>\n\t<meta property=\"og:image:width\" content=\"800\" \/>\n\t<meta property=\"og:image:height\" content=\"800\" \/>\n\t<meta property=\"og:image:type\" content=\"image\/webp\" \/>\n<meta name=\"twitter:card\" content=\"summary_large_image\" \/>\n<meta name=\"twitter:label1\" content=\"Tempo estimado de leitura\" \/>\n\t<meta name=\"twitter:data1\" content=\"2 minutos\" \/>\n<script type=\"application\/ld+json\" class=\"yoast-schema-graph\">{\"@context\":\"https:\/\/schema.org\",\"@graph\":[{\"@type\":\"WebPage\",\"@id\":\"https:\/\/www.csj-emballages.com\/pt-pt\/produit\/50-tampas-de-plastico-com-orificio-para-batidos-78-o\/\",\"url\":\"https:\/\/www.csj-emballages.com\/pt-pt\/produit\/50-tampas-de-plastico-com-orificio-para-batidos-78-o\/\",\"name\":\"Tampa de pl\u00e1stico com orif\u00edcio 78 \u00d8 par 50\",\"isPartOf\":{\"@id\":\"https:\/\/www.csj-emballages.com\/pt-pt\/#website\"},\"primaryImageOfPage\":{\"@id\":\"https:\/\/www.csj-emballages.com\/pt-pt\/produit\/50-tampas-de-plastico-com-orificio-para-batidos-78-o\/#primaryimage\"},\"image\":{\"@id\":\"https:\/\/www.csj-emballages.com\/pt-pt\/produit\/50-tampas-de-plastico-com-orificio-para-batidos-78-o\/#primaryimage\"},\"thumbnailUrl\":\"https:\/\/www.csj-emballages.com\/wp-content\/uploads\/2024\/03\/CVDOMTR300CC.webp\",\"datePublished\":\"2024-03-01T15:54:35+00:00\",\"dateModified\":\"2026-05-01T00:12:14+00:00\",\"description\":\"Tampa de pl\u00e1stico em forma de c\u00fapula \u00d878 mm com orif\u00edcio, vendida em embalagens de 50. Ideal para batidos, batidos e bebidas para levar. Transparente, pr\u00e1tica e atractiva.\",\"breadcrumb\":{\"@id\":\"https:\/\/www.csj-emballages.com\/pt-pt\/produit\/50-tampas-de-plastico-com-orificio-para-batidos-78-o\/#breadcrumb\"},\"inLanguage\":\"pt-PT\",\"potentialAction\":[{\"@type\":\"ReadAction\",\"target\":[\"https:\/\/www.csj-emballages.com\/pt-pt\/produit\/50-tampas-de-plastico-com-orificio-para-batidos-78-o\/\"]}]},{\"@type\":\"ImageObject\",\"inLanguage\":\"pt-PT\",\"@id\":\"https:\/\/www.csj-emballages.com\/pt-pt\/produit\/50-tampas-de-plastico-com-orificio-para-batidos-78-o\/#primaryimage\",\"url\":\"https:\/\/www.csj-emballages.com\/wp-content\/uploads\/2024\/03\/CVDOMTR300CC.webp\",\"contentUrl\":\"https:\/\/www.csj-emballages.com\/wp-content\/uploads\/2024\/03\/CVDOMTR300CC.webp\",\"width\":800,\"height\":800,\"caption\":\"Couvercle plastique\"},{\"@type\":\"BreadcrumbList\",\"@id\":\"https:\/\/www.csj-emballages.com\/pt-pt\/produit\/50-tampas-de-plastico-com-orificio-para-batidos-78-o\/#breadcrumb\",\"itemListElement\":[{\"@type\":\"ListItem\",\"position\":1,\"name\":\"Acolhimento\",\"item\":\"https:\/\/www.csj-emballages.com\/pt-pt\/universo-das-embalagens-alimentares\/\"},{\"@type\":\"ListItem\",\"position\":2,\"name\":\"Shop\",\"item\":\"https:\/\/www.csj-emballages.com\/shop\/\"},{\"@type\":\"ListItem\",\"position\":3,\"name\":\"Tampa da c\u00fapula de pl\u00e1stico com orif\u00edcio 78 \u00d8 par 50\"}]},{\"@type\":\"WebSite\",\"@id\":\"https:\/\/www.csj-emballages.com\/pt-pt\/#website\",\"url\":\"https:\/\/www.csj-emballages.com\/pt-pt\/\",\"name\":\"CSJ Emballages\",\"description\":\"\",\"publisher\":{\"@id\":\"https:\/\/www.csj-emballages.com\/pt-pt\/#organization\"},\"potentialAction\":[{\"@type\":\"SearchAction\",\"target\":{\"@type\":\"EntryPoint\",\"urlTemplate\":\"https:\/\/www.csj-emballages.com\/pt-pt\/?s={search_term_string}\"},\"query-input\":{\"@type\":\"PropertyValueSpecification\",\"valueRequired\":true,\"valueName\":\"search_term_string\"}}],\"inLanguage\":\"pt-PT\"},{\"@type\":\"Organization\",\"@id\":\"https:\/\/www.csj-emballages.com\/pt-pt\/#Organization\/\",\"name\":\"CSJ Emballages\",\"url\":\"https:\/\/www.csj-emballages.com\/pt-pt\/\",\"logo\":{\"@type\":\"ImageObject\",\"inLanguage\":\"pt-PT\",\"@id\":\"https:\/\/www.csj-emballages.com\/pt-pt\/#\/schema\/logo\/image\/\",\"url\":\"https:\/\/www.csj-emballages.com\/wp-content\/uploads\/2023\/10\/logo_csj.webp\",\"contentUrl\":\"https:\/\/www.csj-emballages.com\/wp-content\/uploads\/2023\/10\/logo_csj.webp\",\"width\":250,\"height\":95,\"caption\":\"CSJ Emballages\"},\"image\":{\"@id\":\"https:\/\/www.csj-emballages.com\/pt-pt\/#\/schema\/logo\/image\/\"},\"sameAs\":[\"https:\/\/www.facebook.com\/csjemballages\"],\"address\":{\"@type\":\"PostalAddress\",\"streetAddress\":\"ZI La Lechere\",\"addressLocality\":\"Patornay\",\"postalCode\":\"39130\",\"addressCountry\":\"FR\"},\"contactPoint\":[{\"@type\":\"ContactPoint\",\"contactType\":\"Service client\",\"telephone\":\"0384254272\",\"email\":\"contact@csj-emballages.com\"}]}]}<\/script>\n<!-- \/ Yoast SEO Premium plugin. -->","yoast_head_json":{"title":"Tampa de pl\u00e1stico com orif\u00edcio 78 \u00d8 par 50","description":"Tampa de pl\u00e1stico em forma de c\u00fapula \u00d878 mm com orif\u00edcio, vendida em embalagens de 50. Ideal para batidos, batidos e bebidas para levar. Transparente, pr\u00e1tica e atractiva.","robots":{"index":"index","follow":"follow","max-snippet":"max-snippet:-1","max-image-preview":"max-image-preview:large","max-video-preview":"max-video-preview:-1"},"canonical":"https:\/\/www.csj-emballages.com\/pt-pt\/produit\/50-tampas-de-plastico-com-orificio-para-batidos-78-o\/","og_locale":"pt_PT","og_type":"article","og_title":"Tampa da c\u00fapula de pl\u00e1stico com orif\u00edcio 78 \u00d8 par 50","og_description":"Tampa de pl\u00e1stico em forma de c\u00fapula \u00d878 mm com orif\u00edcio, vendida em embalagens de 50. Ideal para batidos, batidos e bebidas para levar. Transparente, pr\u00e1tica e atractiva.","og_url":"https:\/\/www.csj-emballages.com\/pt-pt\/produit\/50-tampas-de-plastico-com-orificio-para-batidos-78-o\/","og_site_name":"CSJ Emballages","article_publisher":"https:\/\/www.facebook.com\/csjemballages","article_modified_time":"2026-05-01T00:12:14+00:00","og_image":[{"width":800,"height":800,"url":"https:\/\/www.csj-emballages.com\/wp-content\/uploads\/2024\/03\/CVDOMTR300CC.webp","type":"image\/webp"}],"twitter_card":"summary_large_image","twitter_misc":{"Tempo estimado de leitura":"2 minutos"},"schema":{"@context":"https:\/\/schema.org","@graph":[{"@type":"WebPage","@id":"https:\/\/www.csj-emballages.com\/pt-pt\/produit\/50-tampas-de-plastico-com-orificio-para-batidos-78-o\/","url":"https:\/\/www.csj-emballages.com\/pt-pt\/produit\/50-tampas-de-plastico-com-orificio-para-batidos-78-o\/","name":"Tampa de pl\u00e1stico com orif\u00edcio 78 \u00d8 par 50","isPartOf":{"@id":"https:\/\/www.csj-emballages.com\/pt-pt\/#website"},"primaryImageOfPage":{"@id":"https:\/\/www.csj-emballages.com\/pt-pt\/produit\/50-tampas-de-plastico-com-orificio-para-batidos-78-o\/#primaryimage"},"image":{"@id":"https:\/\/www.csj-emballages.com\/pt-pt\/produit\/50-tampas-de-plastico-com-orificio-para-batidos-78-o\/#primaryimage"},"thumbnailUrl":"https:\/\/www.csj-emballages.com\/wp-content\/uploads\/2024\/03\/CVDOMTR300CC.webp","datePublished":"2024-03-01T15:54:35+00:00","dateModified":"2026-05-01T00:12:14+00:00","description":"Tampa de pl\u00e1stico em forma de c\u00fapula \u00d878 mm com orif\u00edcio, vendida em embalagens de 50. Ideal para batidos, batidos e bebidas para levar. Transparente, pr\u00e1tica e atractiva.","breadcrumb":{"@id":"https:\/\/www.csj-emballages.com\/pt-pt\/produit\/50-tampas-de-plastico-com-orificio-para-batidos-78-o\/#breadcrumb"},"inLanguage":"pt-PT","potentialAction":[{"@type":"ReadAction","target":["https:\/\/www.csj-emballages.com\/pt-pt\/produit\/50-tampas-de-plastico-com-orificio-para-batidos-78-o\/"]}]},{"@type":"ImageObject","inLanguage":"pt-PT","@id":"https:\/\/www.csj-emballages.com\/pt-pt\/produit\/50-tampas-de-plastico-com-orificio-para-batidos-78-o\/#primaryimage","url":"https:\/\/www.csj-emballages.com\/wp-content\/uploads\/2024\/03\/CVDOMTR300CC.webp","contentUrl":"https:\/\/www.csj-emballages.com\/wp-content\/uploads\/2024\/03\/CVDOMTR300CC.webp","width":800,"height":800,"caption":"Couvercle plastique"},{"@type":"BreadcrumbList","@id":"https:\/\/www.csj-emballages.com\/pt-pt\/produit\/50-tampas-de-plastico-com-orificio-para-batidos-78-o\/#breadcrumb","itemListElement":[{"@type":"ListItem","position":1,"name":"Acolhimento","item":"https:\/\/www.csj-emballages.com\/pt-pt\/universo-das-embalagens-alimentares\/"},{"@type":"ListItem","position":2,"name":"Shop","item":"https:\/\/www.csj-emballages.com\/shop\/"},{"@type":"ListItem","position":3,"name":"Tampa da c\u00fapula de pl\u00e1stico com orif\u00edcio 78 \u00d8 par 50"}]},{"@type":"WebSite","@id":"https:\/\/www.csj-emballages.com\/pt-pt\/#website","url":"https:\/\/www.csj-emballages.com\/pt-pt\/","name":"CSJ Emballages","description":"","publisher":{"@id":"https:\/\/www.csj-emballages.com\/pt-pt\/#organization"},"potentialAction":[{"@type":"SearchAction","target":{"@type":"EntryPoint","urlTemplate":"https:\/\/www.csj-emballages.com\/pt-pt\/?s={search_term_string}"},"query-input":{"@type":"PropertyValueSpecification","valueRequired":true,"valueName":"search_term_string"}}],"inLanguage":"pt-PT"},{"@type":"Organization","@id":"https:\/\/www.csj-emballages.com\/pt-pt\/#Organization\/","name":"CSJ Emballages","url":"https:\/\/www.csj-emballages.com\/pt-pt\/","logo":{"@type":"ImageObject","inLanguage":"pt-PT","@id":"https:\/\/www.csj-emballages.com\/pt-pt\/#\/schema\/logo\/image\/","url":"https:\/\/www.csj-emballages.com\/wp-content\/uploads\/2023\/10\/logo_csj.webp","contentUrl":"https:\/\/www.csj-emballages.com\/wp-content\/uploads\/2023\/10\/logo_csj.webp","width":250,"height":95,"caption":"CSJ Emballages"},"image":{"@id":"https:\/\/www.csj-emballages.com\/pt-pt\/#\/schema\/logo\/image\/"},"sameAs":["https:\/\/www.facebook.com\/csjemballages"],"address":{"@type":"PostalAddress","streetAddress":"ZI La Lechere","addressLocality":"Patornay","postalCode":"39130","addressCountry":"FR"},"contactPoint":[{"@type":"ContactPoint","contactType":"Service client","telephone":"0384254272","email":"contact@csj-emballages.com"}]}]}},"df_price":2.3,"df_sale_price":"","df_regular_price":2.3,"df_image_link":"https:\/\/www.csj-emballages.com\/wp-content\/uploads\/2024\/03\/CVDOMTR300CC-300x300.webp","tiered_pricing_type":"fixed","tiered_pricing_fixed_rules":[],"tiered_pricing_percentage_rules":[],"tiered_pricing_minimum":1,"tiered_pricing_roles_data":[],"_links":{"self":[{"href":"https:\/\/www.csj-emballages.com\/pt-pt\/wp-json\/wp\/v2\/product\/20470","targetHints":{"allow":["GET"]}}],"collection":[{"href":"https:\/\/www.csj-emballages.com\/pt-pt\/wp-json\/wp\/v2\/product"}],"about":[{"href":"https:\/\/www.csj-emballages.com\/pt-pt\/wp-json\/wp\/v2\/types\/product"}],"wp:featuredmedia":[{"embeddable":true,"href":"https:\/\/www.csj-emballages.com\/pt-pt\/wp-json\/wp\/v2\/media\/193421"}],"wp:attachment":[{"href":"https:\/\/www.csj-emballages.com\/pt-pt\/wp-json\/wp\/v2\/media?parent=20470"}],"wp:term":[{"taxonomy":"product_brand","embeddable":true,"href":"https:\/\/www.csj-emballages.com\/pt-pt\/wp-json\/wp\/v2\/product_brand?post=20470"},{"taxonomy":"product_cat","embeddable":true,"href":"https:\/\/www.csj-emballages.com\/pt-pt\/wp-json\/wp\/v2\/product_cat?post=20470"},{"taxonomy":"product_tag","embeddable":true,"href":"https:\/\/www.csj-emballages.com\/pt-pt\/wp-json\/wp\/v2\/product_tag?post=20470"}],"curies":[{"name":"wp","href":"https:\/\/api.w.org\/{rel}","templated":true}]}}