{"id":20465,"date":"2024-03-01T16:54:34","date_gmt":"2024-03-01T15:54:34","guid":{"rendered":"https:\/\/u15jnbdpoq.preview.infomaniak.website\/produit\/50-frascos-de-plastico-translucidos-para-sobremesas-e-tampas-de-200-ml\/"},"modified":"2026-03-31T02:13:45","modified_gmt":"2026-03-31T00:13:45","slug":"50-frascos-de-plastico-translucidos-para-sobremesas-e-tampas-de-200-ml","status":"publish","type":"product","link":"https:\/\/www.csj-emballages.com\/pt-pt\/produit\/50-frascos-de-plastico-translucidos-para-sobremesas-e-tampas-de-200-ml\/","title":{"rendered":"Copo de sobremesa com tampa de pl\u00e1stico 200 ml por 50"},"content":{"rendered":"<h2>Copo de sobremesa<\/h2>\n<hr>\n<h3>Descri\u00e7\u00e3o do nosso copo de sobremesa com tampa de pl\u00e1stico 200 ml por 50<\/h3>\n<p><!--more--><\/p>\n<p data-start=\"254\" data-end=\"633\">A <strong>ta\u00e7a para sobremesa com tampa de pl\u00e1stico 200 ml<\/strong> \u00e9 uma solu\u00e7\u00e3o pr\u00e1tica e est\u00e9tica para a apresenta\u00e7\u00e3o, conserva\u00e7\u00e3o e venda de <strong>sobremesas individuais<\/strong>. Com efeito, ideal para profissionais da <strong>restaura\u00e7\u00e3o, pasteleiros, empresas de catering, geladeiros ou vendas para levar<\/strong>, permite valorizar as prepara\u00e7\u00f5es garantindo uma manipula\u00e7\u00e3o simples e higi\u00e9nica. <\/p>\n<p data-start=\"635\" data-end=\"1001\">Fabricada em <strong>pl\u00e1stico transparente<\/strong> de qualidade alimentar, esta <strong>ta\u00e7a<\/strong> oferece uma excelente visibilidade do conte\u00fado. Valoriza perfeitamente as <strong>sobremesas em camadas, mousses, tiramisus, saladas de fruta, cremes ou prepara\u00e7\u00f5es doces e salgadas<\/strong>. Gra\u00e7as \u00e0 sua capacidade de <strong>200 ml, <\/strong>\u00e9 ideal para por\u00e7\u00f5es generosas mantendo-se adequada \u00e0 venda individual.  <\/p>\n<p data-start=\"1003\" data-end=\"1350\">Al\u00e9m disso, a <strong>tampa transparente<\/strong> inclu\u00edda assegura um fecho seguro, facilitando o transporte e a conserva\u00e7\u00e3o das sobremesas. Protege eficazmente o conte\u00fado contra contamina\u00e7\u00f5es exteriores limitando os riscos de derrame. Da mesma forma, esta ta\u00e7a \u00e9 particularmente adequada \u00e0 venda para <strong>levar, \u00e0s vitrinas refrigeradas e aos eventos<\/strong>.  <\/p>\n<p data-start=\"1352\" data-end=\"1753\">Em resumo, a sua <strong>forma ergon\u00f3mica<\/strong> permite um manuseamento confort\u00e1vel para o consumidor e uma coloca\u00e7\u00e3o f\u00e1cil para o profissional. Leve, empilh\u00e1vel e pr\u00e1tica, optimiza o armazenamento e a poupan\u00e7a de espa\u00e7o na reserva. Acondicionada por lote de <strong>50 unidades<\/strong>, a <strong>ta\u00e7a para sobremesa 200 ml<\/strong> adequa-se perfeitamente \u00e0s necessidades das pequenas e m\u00e9dias estruturas bem como \u00e0s utiliza\u00e7\u00f5es pontuais ou regulares.  <\/p>\n<p data-start=\"1352\" data-end=\"1753\">\n<p data-start=\"1352\" data-end=\"1753\"><!--more--><\/p>\n<p data-start=\"1352\" data-end=\"1753\"><strong>Vantagens<\/strong>:<\/p>\n<ul>\n<li data-start=\"1791\" data-end=\"1843\">Capacidade <strong>200 ml<\/strong> ideal para sobremesas individuais.<\/li>\n<li data-start=\"1846\" data-end=\"1897\">Pl\u00e1stico transparente apto ao contacto alimentar.<\/li>\n<li data-start=\"1900\" data-end=\"1942\"><strong>Valoriza\u00e7\u00e3o visual<\/strong> das prepara\u00e7\u00f5es.<\/li>\n<li data-start=\"1945\" data-end=\"1990\"><strong>Tampa inclu\u00edda<\/strong> para um transporte seguro.<\/li>\n<li data-start=\"1993\" data-end=\"2027\">Protec\u00e7\u00e3o higi\u00e9nica do conte\u00fado.<\/li>\n<li data-start=\"2030\" data-end=\"2069\">Leve, empilh\u00e1vel e f\u00e1cil de armazenar.<\/li>\n<li data-start=\"2072\" data-end=\"2119\">Adequada \u00e0 venda para levar e \u00e0s vitrinas.<\/li>\n<li data-start=\"2122\" data-end=\"2162\">Acondicionamento pr\u00e1tico por <strong>50 unidades<\/strong>.<\/li>\n<\/ul>\n<p data-start=\"1352\" data-end=\"1753\">\n<p><!--more--><\/p>\n<h4>Outras informa\u00e7\u00f5es :<\/h4>\n<ul>\n<li><strong>Dimens\u00f5es<\/strong>: 81 x 93 (\u00d8 x H em mm).<\/li>\n<li><strong>Embalagem<\/strong>: Embalagens de 50<\/li>\n<li><strong>Volume<\/strong>: 200 ml<\/li>\n<li><strong>Material<\/strong>: PET<\/li>\n<li><strong>Temperatura de funcionamento<\/strong>: -40\u00b0C \/ +60\u00b0C<\/li>\n<\/ul>\n<p>&nbsp;<\/p>\n<p><!--more--><\/p>\n<p>Produto dispon\u00edvel em tamanho maior <span style=\"color: #d12727;\"><a style=\"color: #d12727;\" href=\"https:\/\/www.csj-emballages.com\/produit\/50-pots-a-dessert-plastiques-300-ml-o95-mm\/\">DELICOV270C<\/a><\/span><\/p>\n<p>&nbsp;<\/p>\n<p><!--more--><\/p>\n<p><a href=\"https:\/\/www.csj-emballages.com\/pt-pt\/categorie-produit\/embalagem-de-alimentos\/talho-e-charcutaria\/copos-jarras-copos\/copos-de-sobremesa\/\">Descobre o resto da nossa gama de ta\u00e7as de sobremesa<\/a><\/p>\n","protected":false},"excerpt":{"rendered":"<p>Copo de sobremesa Descri\u00e7\u00e3o do nosso copo de sobremesa com tampa de pl\u00e1stico 200 ml por 50<\/p>\n","protected":false},"featured_media":263767,"template":"","meta":{"_acf_changed":false},"product_brand":[],"product_cat":[1141,1176,1306,1459],"product_tag":[],"class_list":{"0":"post-20465","1":"product","2":"type-product","3":"status-publish","4":"has-post-thumbnail","6":"product_cat-embalagem-de-alimentos","7":"product_cat-talho-e-charcutaria","8":"product_cat-copos-jarras-copos","9":"product_cat-copos-de-sobremesa","11":"first","12":"instock","13":"taxable","14":"shipping-taxable","15":"purchasable","16":"product-type-simple"},"acf":[],"yoast_head":"<!-- This site is optimized with the Yoast SEO Premium plugin v26.6 (Yoast SEO v26.6) - https:\/\/yoast.com\/wordpress\/plugins\/seo\/ -->\n<title>Copo de sobremesa com tampa de pl\u00e1stico - 200 ml<\/title>\n<meta name=\"description\" content=\"Ta\u00e7a para sobremesa 200 ml com tampa de pl\u00e1stico, ideal para apresentar e transportar as suas sobremesas em total seguran\u00e7a. Pr\u00e1tica, elegante e herm\u00e9tica.\" \/>\n<meta name=\"robots\" content=\"index, follow, max-snippet:-1, max-image-preview:large, max-video-preview:-1\" \/>\n<link rel=\"canonical\" href=\"https:\/\/www.csj-emballages.com\/pt-pt\/produit\/50-frascos-de-plastico-translucidos-para-sobremesas-e-tampas-de-200-ml\/\" \/>\n<meta property=\"og:locale\" content=\"pt_PT\" \/>\n<meta property=\"og:type\" content=\"article\" \/>\n<meta property=\"og:title\" content=\"Copo de sobremesa com tampa de pl\u00e1stico 200 ml por 50\" \/>\n<meta property=\"og:description\" content=\"Ta\u00e7a para sobremesa 200 ml com tampa de pl\u00e1stico, ideal para apresentar e transportar as suas sobremesas em total seguran\u00e7a. Pr\u00e1tica, elegante e herm\u00e9tica.\" \/>\n<meta property=\"og:url\" content=\"https:\/\/www.csj-emballages.com\/pt-pt\/produit\/50-frascos-de-plastico-translucidos-para-sobremesas-e-tampas-de-200-ml\/\" \/>\n<meta property=\"og:site_name\" content=\"CSJ Emballages\" \/>\n<meta property=\"article:publisher\" content=\"https:\/\/www.facebook.com\/csjemballages\" \/>\n<meta property=\"article:modified_time\" content=\"2026-03-31T00:13:45+00:00\" \/>\n<meta property=\"og:image\" content=\"https:\/\/www.csj-emballages.com\/wp-content\/uploads\/2024\/03\/DELICOV200C.webp\" \/>\n\t<meta property=\"og:image:width\" content=\"800\" \/>\n\t<meta property=\"og:image:height\" content=\"800\" \/>\n\t<meta property=\"og:image:type\" content=\"image\/webp\" \/>\n<meta name=\"twitter:card\" content=\"summary_large_image\" \/>\n<meta name=\"twitter:label1\" content=\"Tempo estimado de leitura\" \/>\n\t<meta name=\"twitter:data1\" content=\"2 minutos\" \/>\n<script type=\"application\/ld+json\" class=\"yoast-schema-graph\">{\"@context\":\"https:\/\/schema.org\",\"@graph\":[{\"@type\":\"WebPage\",\"@id\":\"https:\/\/www.csj-emballages.com\/pt-pt\/produit\/50-frascos-de-plastico-translucidos-para-sobremesas-e-tampas-de-200-ml\/\",\"url\":\"https:\/\/www.csj-emballages.com\/pt-pt\/produit\/50-frascos-de-plastico-translucidos-para-sobremesas-e-tampas-de-200-ml\/\",\"name\":\"Copo de sobremesa com tampa de pl\u00e1stico - 200 ml\",\"isPartOf\":{\"@id\":\"https:\/\/www.csj-emballages.com\/pt-pt\/#website\"},\"primaryImageOfPage\":{\"@id\":\"https:\/\/www.csj-emballages.com\/pt-pt\/produit\/50-frascos-de-plastico-translucidos-para-sobremesas-e-tampas-de-200-ml\/#primaryimage\"},\"image\":{\"@id\":\"https:\/\/www.csj-emballages.com\/pt-pt\/produit\/50-frascos-de-plastico-translucidos-para-sobremesas-e-tampas-de-200-ml\/#primaryimage\"},\"thumbnailUrl\":\"https:\/\/www.csj-emballages.com\/wp-content\/uploads\/2024\/03\/DELICOV200C.webp\",\"datePublished\":\"2024-03-01T15:54:34+00:00\",\"dateModified\":\"2026-03-31T00:13:45+00:00\",\"description\":\"Ta\u00e7a para sobremesa 200 ml com tampa de pl\u00e1stico, ideal para apresentar e transportar as suas sobremesas em total seguran\u00e7a. Pr\u00e1tica, elegante e herm\u00e9tica.\",\"breadcrumb\":{\"@id\":\"https:\/\/www.csj-emballages.com\/pt-pt\/produit\/50-frascos-de-plastico-translucidos-para-sobremesas-e-tampas-de-200-ml\/#breadcrumb\"},\"inLanguage\":\"pt-PT\",\"potentialAction\":[{\"@type\":\"ReadAction\",\"target\":[\"https:\/\/www.csj-emballages.com\/pt-pt\/produit\/50-frascos-de-plastico-translucidos-para-sobremesas-e-tampas-de-200-ml\/\"]}]},{\"@type\":\"ImageObject\",\"inLanguage\":\"pt-PT\",\"@id\":\"https:\/\/www.csj-emballages.com\/pt-pt\/produit\/50-frascos-de-plastico-translucidos-para-sobremesas-e-tampas-de-200-ml\/#primaryimage\",\"url\":\"https:\/\/www.csj-emballages.com\/wp-content\/uploads\/2024\/03\/DELICOV200C.webp\",\"contentUrl\":\"https:\/\/www.csj-emballages.com\/wp-content\/uploads\/2024\/03\/DELICOV200C.webp\",\"width\":800,\"height\":800,\"caption\":\"Coupe \u00e0 dessert\"},{\"@type\":\"BreadcrumbList\",\"@id\":\"https:\/\/www.csj-emballages.com\/pt-pt\/produit\/50-frascos-de-plastico-translucidos-para-sobremesas-e-tampas-de-200-ml\/#breadcrumb\",\"itemListElement\":[{\"@type\":\"ListItem\",\"position\":1,\"name\":\"Acolhimento\",\"item\":\"https:\/\/www.csj-emballages.com\/pt-pt\/universo-das-embalagens-alimentares\/\"},{\"@type\":\"ListItem\",\"position\":2,\"name\":\"Shop\",\"item\":\"https:\/\/www.csj-emballages.com\/shop\/\"},{\"@type\":\"ListItem\",\"position\":3,\"name\":\"Copo de sobremesa com tampa de pl\u00e1stico 200 ml por 50\"}]},{\"@type\":\"WebSite\",\"@id\":\"https:\/\/www.csj-emballages.com\/pt-pt\/#website\",\"url\":\"https:\/\/www.csj-emballages.com\/pt-pt\/\",\"name\":\"CSJ Emballages\",\"description\":\"\",\"publisher\":{\"@id\":\"https:\/\/www.csj-emballages.com\/pt-pt\/#organization\"},\"potentialAction\":[{\"@type\":\"SearchAction\",\"target\":{\"@type\":\"EntryPoint\",\"urlTemplate\":\"https:\/\/www.csj-emballages.com\/pt-pt\/?s={search_term_string}\"},\"query-input\":{\"@type\":\"PropertyValueSpecification\",\"valueRequired\":true,\"valueName\":\"search_term_string\"}}],\"inLanguage\":\"pt-PT\"},{\"@type\":\"Organization\",\"@id\":\"https:\/\/www.csj-emballages.com\/pt-pt\/#Organization\/\",\"name\":\"CSJ Emballages\",\"url\":\"https:\/\/www.csj-emballages.com\/pt-pt\/\",\"logo\":{\"@type\":\"ImageObject\",\"inLanguage\":\"pt-PT\",\"@id\":\"https:\/\/www.csj-emballages.com\/pt-pt\/#\/schema\/logo\/image\/\",\"url\":\"https:\/\/www.csj-emballages.com\/wp-content\/uploads\/2023\/10\/logo_csj.webp\",\"contentUrl\":\"https:\/\/www.csj-emballages.com\/wp-content\/uploads\/2023\/10\/logo_csj.webp\",\"width\":250,\"height\":95,\"caption\":\"CSJ Emballages\"},\"image\":{\"@id\":\"https:\/\/www.csj-emballages.com\/pt-pt\/#\/schema\/logo\/image\/\"},\"sameAs\":[\"https:\/\/www.facebook.com\/csjemballages\"],\"address\":{\"@type\":\"PostalAddress\",\"streetAddress\":\"ZI La Lechere\",\"addressLocality\":\"Patornay\",\"postalCode\":\"39130\",\"addressCountry\":\"FR\"},\"contactPoint\":[{\"@type\":\"ContactPoint\",\"contactType\":\"Service client\",\"telephone\":\"0384254272\",\"email\":\"contact@csj-emballages.com\"}]}]}<\/script>\n<!-- \/ Yoast SEO Premium plugin. -->","yoast_head_json":{"title":"Copo de sobremesa com tampa de pl\u00e1stico - 200 ml","description":"Ta\u00e7a para sobremesa 200 ml com tampa de pl\u00e1stico, ideal para apresentar e transportar as suas sobremesas em total seguran\u00e7a. Pr\u00e1tica, elegante e herm\u00e9tica.","robots":{"index":"index","follow":"follow","max-snippet":"max-snippet:-1","max-image-preview":"max-image-preview:large","max-video-preview":"max-video-preview:-1"},"canonical":"https:\/\/www.csj-emballages.com\/pt-pt\/produit\/50-frascos-de-plastico-translucidos-para-sobremesas-e-tampas-de-200-ml\/","og_locale":"pt_PT","og_type":"article","og_title":"Copo de sobremesa com tampa de pl\u00e1stico 200 ml por 50","og_description":"Ta\u00e7a para sobremesa 200 ml com tampa de pl\u00e1stico, ideal para apresentar e transportar as suas sobremesas em total seguran\u00e7a. Pr\u00e1tica, elegante e herm\u00e9tica.","og_url":"https:\/\/www.csj-emballages.com\/pt-pt\/produit\/50-frascos-de-plastico-translucidos-para-sobremesas-e-tampas-de-200-ml\/","og_site_name":"CSJ Emballages","article_publisher":"https:\/\/www.facebook.com\/csjemballages","article_modified_time":"2026-03-31T00:13:45+00:00","og_image":[{"width":800,"height":800,"url":"https:\/\/www.csj-emballages.com\/wp-content\/uploads\/2024\/03\/DELICOV200C.webp","type":"image\/webp"}],"twitter_card":"summary_large_image","twitter_misc":{"Tempo estimado de leitura":"2 minutos"},"schema":{"@context":"https:\/\/schema.org","@graph":[{"@type":"WebPage","@id":"https:\/\/www.csj-emballages.com\/pt-pt\/produit\/50-frascos-de-plastico-translucidos-para-sobremesas-e-tampas-de-200-ml\/","url":"https:\/\/www.csj-emballages.com\/pt-pt\/produit\/50-frascos-de-plastico-translucidos-para-sobremesas-e-tampas-de-200-ml\/","name":"Copo de sobremesa com tampa de pl\u00e1stico - 200 ml","isPartOf":{"@id":"https:\/\/www.csj-emballages.com\/pt-pt\/#website"},"primaryImageOfPage":{"@id":"https:\/\/www.csj-emballages.com\/pt-pt\/produit\/50-frascos-de-plastico-translucidos-para-sobremesas-e-tampas-de-200-ml\/#primaryimage"},"image":{"@id":"https:\/\/www.csj-emballages.com\/pt-pt\/produit\/50-frascos-de-plastico-translucidos-para-sobremesas-e-tampas-de-200-ml\/#primaryimage"},"thumbnailUrl":"https:\/\/www.csj-emballages.com\/wp-content\/uploads\/2024\/03\/DELICOV200C.webp","datePublished":"2024-03-01T15:54:34+00:00","dateModified":"2026-03-31T00:13:45+00:00","description":"Ta\u00e7a para sobremesa 200 ml com tampa de pl\u00e1stico, ideal para apresentar e transportar as suas sobremesas em total seguran\u00e7a. Pr\u00e1tica, elegante e herm\u00e9tica.","breadcrumb":{"@id":"https:\/\/www.csj-emballages.com\/pt-pt\/produit\/50-frascos-de-plastico-translucidos-para-sobremesas-e-tampas-de-200-ml\/#breadcrumb"},"inLanguage":"pt-PT","potentialAction":[{"@type":"ReadAction","target":["https:\/\/www.csj-emballages.com\/pt-pt\/produit\/50-frascos-de-plastico-translucidos-para-sobremesas-e-tampas-de-200-ml\/"]}]},{"@type":"ImageObject","inLanguage":"pt-PT","@id":"https:\/\/www.csj-emballages.com\/pt-pt\/produit\/50-frascos-de-plastico-translucidos-para-sobremesas-e-tampas-de-200-ml\/#primaryimage","url":"https:\/\/www.csj-emballages.com\/wp-content\/uploads\/2024\/03\/DELICOV200C.webp","contentUrl":"https:\/\/www.csj-emballages.com\/wp-content\/uploads\/2024\/03\/DELICOV200C.webp","width":800,"height":800,"caption":"Coupe \u00e0 dessert"},{"@type":"BreadcrumbList","@id":"https:\/\/www.csj-emballages.com\/pt-pt\/produit\/50-frascos-de-plastico-translucidos-para-sobremesas-e-tampas-de-200-ml\/#breadcrumb","itemListElement":[{"@type":"ListItem","position":1,"name":"Acolhimento","item":"https:\/\/www.csj-emballages.com\/pt-pt\/universo-das-embalagens-alimentares\/"},{"@type":"ListItem","position":2,"name":"Shop","item":"https:\/\/www.csj-emballages.com\/shop\/"},{"@type":"ListItem","position":3,"name":"Copo de sobremesa com tampa de pl\u00e1stico 200 ml por 50"}]},{"@type":"WebSite","@id":"https:\/\/www.csj-emballages.com\/pt-pt\/#website","url":"https:\/\/www.csj-emballages.com\/pt-pt\/","name":"CSJ Emballages","description":"","publisher":{"@id":"https:\/\/www.csj-emballages.com\/pt-pt\/#organization"},"potentialAction":[{"@type":"SearchAction","target":{"@type":"EntryPoint","urlTemplate":"https:\/\/www.csj-emballages.com\/pt-pt\/?s={search_term_string}"},"query-input":{"@type":"PropertyValueSpecification","valueRequired":true,"valueName":"search_term_string"}}],"inLanguage":"pt-PT"},{"@type":"Organization","@id":"https:\/\/www.csj-emballages.com\/pt-pt\/#Organization\/","name":"CSJ Emballages","url":"https:\/\/www.csj-emballages.com\/pt-pt\/","logo":{"@type":"ImageObject","inLanguage":"pt-PT","@id":"https:\/\/www.csj-emballages.com\/pt-pt\/#\/schema\/logo\/image\/","url":"https:\/\/www.csj-emballages.com\/wp-content\/uploads\/2023\/10\/logo_csj.webp","contentUrl":"https:\/\/www.csj-emballages.com\/wp-content\/uploads\/2023\/10\/logo_csj.webp","width":250,"height":95,"caption":"CSJ Emballages"},"image":{"@id":"https:\/\/www.csj-emballages.com\/pt-pt\/#\/schema\/logo\/image\/"},"sameAs":["https:\/\/www.facebook.com\/csjemballages"],"address":{"@type":"PostalAddress","streetAddress":"ZI La Lechere","addressLocality":"Patornay","postalCode":"39130","addressCountry":"FR"},"contactPoint":[{"@type":"ContactPoint","contactType":"Service client","telephone":"0384254272","email":"contact@csj-emballages.com"}]}]}},"df_price":6.46,"df_sale_price":"","df_regular_price":6.46,"df_image_link":"https:\/\/www.csj-emballages.com\/wp-content\/uploads\/2024\/03\/DELICOV200C-300x300.webp","tiered_pricing_type":"fixed","tiered_pricing_fixed_rules":[],"tiered_pricing_percentage_rules":[],"tiered_pricing_minimum":1,"tiered_pricing_roles_data":[],"_links":{"self":[{"href":"https:\/\/www.csj-emballages.com\/pt-pt\/wp-json\/wp\/v2\/product\/20465","targetHints":{"allow":["GET"]}}],"collection":[{"href":"https:\/\/www.csj-emballages.com\/pt-pt\/wp-json\/wp\/v2\/product"}],"about":[{"href":"https:\/\/www.csj-emballages.com\/pt-pt\/wp-json\/wp\/v2\/types\/product"}],"wp:featuredmedia":[{"embeddable":true,"href":"https:\/\/www.csj-emballages.com\/pt-pt\/wp-json\/wp\/v2\/media\/263767"}],"wp:attachment":[{"href":"https:\/\/www.csj-emballages.com\/pt-pt\/wp-json\/wp\/v2\/media?parent=20465"}],"wp:term":[{"taxonomy":"product_brand","embeddable":true,"href":"https:\/\/www.csj-emballages.com\/pt-pt\/wp-json\/wp\/v2\/product_brand?post=20465"},{"taxonomy":"product_cat","embeddable":true,"href":"https:\/\/www.csj-emballages.com\/pt-pt\/wp-json\/wp\/v2\/product_cat?post=20465"},{"taxonomy":"product_tag","embeddable":true,"href":"https:\/\/www.csj-emballages.com\/pt-pt\/wp-json\/wp\/v2\/product_tag?post=20465"}],"curies":[{"name":"wp","href":"https:\/\/api.w.org\/{rel}","templated":true}]}}