{"id":20464,"date":"2024-03-01T16:54:37","date_gmt":"2024-03-01T15:54:37","guid":{"rendered":"https:\/\/u15jnbdpoq.preview.infomaniak.website\/produit\/1000-palitos-de-dentes\/"},"modified":"2026-04-21T02:13:01","modified_gmt":"2026-04-21T00:13:01","slug":"1000-palitos-de-dentes","status":"publish","type":"product","link":"https:\/\/www.csj-emballages.com\/pt-pt\/produit\/1000-palitos-de-dentes\/","title":{"rendered":"Palito de dente por 1000"},"content":{"rendered":"<h2 class=\"p1\">Limpeza dos dentes<\/h2>\n<hr>\n<h3>Descri\u00e7\u00e3o dos nossos palitos por 1000<\/h3>\n<p><!--more--><\/p>\n<p data-start=\"220\" data-end=\"466\">Os <strong>palitos de madeira em embalagem de 1000<\/strong> s\u00e3o indispens\u00e1veis para os profissionais da restaura\u00e7\u00e3o, caf\u00e9s, hot\u00e9is e coletividades. Simples, pr\u00e1ticos e vers\u00e1teis, respondem \u00e0s necessidades do servi\u00e7o de sala e da prepara\u00e7\u00e3o culin\u00e1ria. <\/p>\n<p data-start=\"468\" data-end=\"772\">Fabricados em <strong>madeira<\/strong>, estes <strong>palitos<\/strong> s\u00e3o leves, resistentes e adequados para contacto alimentar. O seu acabamento <strong>liso<\/strong> garante uma utiliza\u00e7\u00e3o confort\u00e1vel e segura. S\u00e3o adequados tanto para o uso <strong>cl\u00e1ssico ap\u00f3s as refei\u00e7\u00f5es como para a apresenta\u00e7\u00e3o de aperitivos, tapas, azeitonas ou pequenas entradas<\/strong>.  <\/p>\n<p data-start=\"774\" data-end=\"1069\">Gra\u00e7as ao seu formato compacto, colocam-se facilmente na mesa, em dispensadores ou na cozinha para uma utiliza\u00e7\u00e3o r\u00e1pida. O seu acondicionamento em pack de <strong>1000 unidades<\/strong> \u00e9 particularmente adequado para estabelecimentos com grande aflu\u00eancia, garantindo uma solu\u00e7\u00e3o econ\u00f3mica e pr\u00e1tica no dia a dia. <\/p>\n<p data-start=\"1071\" data-end=\"1301\">Vers\u00e1teis, os <strong>palitos<\/strong> tamb\u00e9m podem ser utilizados em laborat\u00f3rio para testes de cozedura ou pequenas manipula\u00e7\u00f5es culin\u00e1rias. Constituem um acess\u00f3rio simples, mas essencial, em qualquer estabelecimento alimentar. <\/p>\n<p>&nbsp;<\/p>\n<p><!--more--><\/p>\n<p><strong>Vantagens :<\/strong><\/p>\n<ul>\n<li data-start=\"1339\" data-end=\"1373\">Madeira apta para contacto alimentar.<\/li>\n<li data-start=\"1376\" data-end=\"1406\">Resistentes e com acabamento liso.<\/li>\n<li data-start=\"1455\" data-end=\"1503\">Ideal para restaurantes, caf\u00e9s e coletividades.<\/li>\n<li data-start=\"1548\" data-end=\"1584\">Solu\u00e7\u00e3o econ\u00f3mica em <strong>pack de 1000<\/strong>.<\/li>\n<\/ul>\n<p>&nbsp;<\/p>\n<p><!--more--><\/p>\n<h4>Outras informa\u00e7\u00f5es :<\/h4>\n<ul>\n<li><strong>Embalagem<\/strong>: Pacote de 1000<\/li>\n<li><strong>Material<\/strong>: Madeira<\/li>\n<\/ul>\n<p>&nbsp;<\/p>\n<p><!--more--><\/p>\n<p><a href=\"https:\/\/www.csj-emballages.com\/pt-pt\/categorie-produit\/embalagem-de-alimentos\/talho-e-charcutaria\/escolhas-de-alimentos\/escolhe-o-aperitivo\/palhetas-de-madeira-para-cocktails\/\">Ver o resto da nossa gama de escolhas de aperitivos<\/a><\/p>\n","protected":false},"excerpt":{"rendered":"<p>Limpeza dos dentes Descri\u00e7\u00e3o dos nossos palitos por 1000<\/p>\n","protected":false},"featured_media":225321,"template":"","meta":{"_acf_changed":false},"product_brand":[],"product_cat":[1141,1176,1306,1834,1836],"product_tag":[],"class_list":{"0":"post-20464","1":"product","2":"type-product","3":"status-publish","4":"has-post-thumbnail","6":"product_cat-embalagem-de-alimentos","7":"product_cat-talho-e-charcutaria","8":"product_cat-copos-jarras-copos","9":"product_cat-escolhe-o-aperitivo","10":"product_cat-palhetas-de-madeira-para-cocktails","12":"first","13":"instock","14":"taxable","15":"shipping-taxable","16":"purchasable","17":"product-type-simple"},"acf":[],"yoast_head":"<!-- This site is optimized with the Yoast SEO Premium plugin v26.6 (Yoast SEO v26.6) - https:\/\/yoast.com\/wordpress\/plugins\/seo\/ -->\n<title>Curar dentes por 1000<\/title>\n<meta name=\"description\" content=\"Opte por estes palitos de madeira biodegrad\u00e1veis: pr\u00e1ticos, ecol\u00f3gicos e vers\u00e1teis, garantem uma higiene impec\u00e1vel e tornam os seus aperitivos num verdadeiro prazer.\" \/>\n<meta name=\"robots\" content=\"index, follow, max-snippet:-1, max-image-preview:large, max-video-preview:-1\" \/>\n<link rel=\"canonical\" href=\"https:\/\/www.csj-emballages.com\/pt-pt\/produit\/1000-palitos-de-dentes\/\" \/>\n<meta property=\"og:locale\" content=\"pt_PT\" \/>\n<meta property=\"og:type\" content=\"article\" \/>\n<meta property=\"og:title\" content=\"Palito de dente por 1000\" \/>\n<meta property=\"og:description\" content=\"Opte por estes palitos de madeira biodegrad\u00e1veis: pr\u00e1ticos, ecol\u00f3gicos e vers\u00e1teis, garantem uma higiene impec\u00e1vel e tornam os seus aperitivos num verdadeiro prazer.\" \/>\n<meta property=\"og:url\" content=\"https:\/\/www.csj-emballages.com\/pt-pt\/produit\/1000-palitos-de-dentes\/\" \/>\n<meta property=\"og:site_name\" content=\"CSJ Emballages\" \/>\n<meta property=\"article:publisher\" content=\"https:\/\/www.facebook.com\/csjemballages\" \/>\n<meta property=\"article:modified_time\" content=\"2026-04-21T00:13:01+00:00\" \/>\n<meta property=\"og:image\" content=\"https:\/\/www.csj-emballages.com\/wp-content\/uploads\/2024\/03\/cure_dent_1.webp\" \/>\n\t<meta property=\"og:image:width\" content=\"1000\" \/>\n\t<meta property=\"og:image:height\" content=\"1000\" \/>\n\t<meta property=\"og:image:type\" content=\"image\/jpeg\" \/>\n<meta name=\"twitter:card\" content=\"summary_large_image\" \/>\n<meta name=\"twitter:label1\" content=\"Tempo estimado de leitura\" \/>\n\t<meta name=\"twitter:data1\" content=\"1 minuto\" \/>\n<script type=\"application\/ld+json\" class=\"yoast-schema-graph\">{\"@context\":\"https:\/\/schema.org\",\"@graph\":[{\"@type\":\"WebPage\",\"@id\":\"https:\/\/www.csj-emballages.com\/pt-pt\/produit\/1000-palitos-de-dentes\/\",\"url\":\"https:\/\/www.csj-emballages.com\/pt-pt\/produit\/1000-palitos-de-dentes\/\",\"name\":\"Curar dentes por 1000\",\"isPartOf\":{\"@id\":\"https:\/\/www.csj-emballages.com\/pt-pt\/#website\"},\"primaryImageOfPage\":{\"@id\":\"https:\/\/www.csj-emballages.com\/pt-pt\/produit\/1000-palitos-de-dentes\/#primaryimage\"},\"image\":{\"@id\":\"https:\/\/www.csj-emballages.com\/pt-pt\/produit\/1000-palitos-de-dentes\/#primaryimage\"},\"thumbnailUrl\":\"https:\/\/www.csj-emballages.com\/wp-content\/uploads\/2024\/03\/cure_dent_1.webp\",\"datePublished\":\"2024-03-01T15:54:37+00:00\",\"dateModified\":\"2026-04-21T00:13:01+00:00\",\"description\":\"Opte por estes palitos de madeira biodegrad\u00e1veis: pr\u00e1ticos, ecol\u00f3gicos e vers\u00e1teis, garantem uma higiene impec\u00e1vel e tornam os seus aperitivos num verdadeiro prazer.\",\"breadcrumb\":{\"@id\":\"https:\/\/www.csj-emballages.com\/pt-pt\/produit\/1000-palitos-de-dentes\/#breadcrumb\"},\"inLanguage\":\"pt-PT\",\"potentialAction\":[{\"@type\":\"ReadAction\",\"target\":[\"https:\/\/www.csj-emballages.com\/pt-pt\/produit\/1000-palitos-de-dentes\/\"]}]},{\"@type\":\"ImageObject\",\"inLanguage\":\"pt-PT\",\"@id\":\"https:\/\/www.csj-emballages.com\/pt-pt\/produit\/1000-palitos-de-dentes\/#primaryimage\",\"url\":\"https:\/\/www.csj-emballages.com\/wp-content\/uploads\/2024\/03\/cure_dent_1.webp\",\"contentUrl\":\"https:\/\/www.csj-emballages.com\/wp-content\/uploads\/2024\/03\/cure_dent_1.webp\",\"width\":1000,\"height\":1000,\"caption\":\"cure dents\"},{\"@type\":\"BreadcrumbList\",\"@id\":\"https:\/\/www.csj-emballages.com\/pt-pt\/produit\/1000-palitos-de-dentes\/#breadcrumb\",\"itemListElement\":[{\"@type\":\"ListItem\",\"position\":1,\"name\":\"Acolhimento\",\"item\":\"https:\/\/www.csj-emballages.com\/pt-pt\/universo-das-embalagens-alimentares\/\"},{\"@type\":\"ListItem\",\"position\":2,\"name\":\"Shop\",\"item\":\"https:\/\/www.csj-emballages.com\/shop\/\"},{\"@type\":\"ListItem\",\"position\":3,\"name\":\"Palito de dente por 1000\"}]},{\"@type\":\"WebSite\",\"@id\":\"https:\/\/www.csj-emballages.com\/pt-pt\/#website\",\"url\":\"https:\/\/www.csj-emballages.com\/pt-pt\/\",\"name\":\"CSJ Emballages\",\"description\":\"\",\"publisher\":{\"@id\":\"https:\/\/www.csj-emballages.com\/pt-pt\/#organization\"},\"potentialAction\":[{\"@type\":\"SearchAction\",\"target\":{\"@type\":\"EntryPoint\",\"urlTemplate\":\"https:\/\/www.csj-emballages.com\/pt-pt\/?s={search_term_string}\"},\"query-input\":{\"@type\":\"PropertyValueSpecification\",\"valueRequired\":true,\"valueName\":\"search_term_string\"}}],\"inLanguage\":\"pt-PT\"},{\"@type\":\"Organization\",\"@id\":\"https:\/\/www.csj-emballages.com\/pt-pt\/#Organization\/\",\"name\":\"CSJ Emballages\",\"url\":\"https:\/\/www.csj-emballages.com\/pt-pt\/\",\"logo\":{\"@type\":\"ImageObject\",\"inLanguage\":\"pt-PT\",\"@id\":\"https:\/\/www.csj-emballages.com\/pt-pt\/#\/schema\/logo\/image\/\",\"url\":\"https:\/\/www.csj-emballages.com\/wp-content\/uploads\/2023\/10\/logo_csj.webp\",\"contentUrl\":\"https:\/\/www.csj-emballages.com\/wp-content\/uploads\/2023\/10\/logo_csj.webp\",\"width\":250,\"height\":95,\"caption\":\"CSJ Emballages\"},\"image\":{\"@id\":\"https:\/\/www.csj-emballages.com\/pt-pt\/#\/schema\/logo\/image\/\"},\"sameAs\":[\"https:\/\/www.facebook.com\/csjemballages\"],\"address\":{\"@type\":\"PostalAddress\",\"streetAddress\":\"ZI La Lechere\",\"addressLocality\":\"Patornay\",\"postalCode\":\"39130\",\"addressCountry\":\"FR\"},\"contactPoint\":[{\"@type\":\"ContactPoint\",\"contactType\":\"Service client\",\"telephone\":\"0384254272\",\"email\":\"contact@csj-emballages.com\"}]}]}<\/script>\n<!-- \/ Yoast SEO Premium plugin. -->","yoast_head_json":{"title":"Curar dentes por 1000","description":"Opte por estes palitos de madeira biodegrad\u00e1veis: pr\u00e1ticos, ecol\u00f3gicos e vers\u00e1teis, garantem uma higiene impec\u00e1vel e tornam os seus aperitivos num verdadeiro prazer.","robots":{"index":"index","follow":"follow","max-snippet":"max-snippet:-1","max-image-preview":"max-image-preview:large","max-video-preview":"max-video-preview:-1"},"canonical":"https:\/\/www.csj-emballages.com\/pt-pt\/produit\/1000-palitos-de-dentes\/","og_locale":"pt_PT","og_type":"article","og_title":"Palito de dente por 1000","og_description":"Opte por estes palitos de madeira biodegrad\u00e1veis: pr\u00e1ticos, ecol\u00f3gicos e vers\u00e1teis, garantem uma higiene impec\u00e1vel e tornam os seus aperitivos num verdadeiro prazer.","og_url":"https:\/\/www.csj-emballages.com\/pt-pt\/produit\/1000-palitos-de-dentes\/","og_site_name":"CSJ Emballages","article_publisher":"https:\/\/www.facebook.com\/csjemballages","article_modified_time":"2026-04-21T00:13:01+00:00","og_image":[{"width":1000,"height":1000,"url":"https:\/\/www.csj-emballages.com\/wp-content\/uploads\/2024\/03\/cure_dent_1.webp","type":"image\/jpeg"}],"twitter_card":"summary_large_image","twitter_misc":{"Tempo estimado de leitura":"1 minuto"},"schema":{"@context":"https:\/\/schema.org","@graph":[{"@type":"WebPage","@id":"https:\/\/www.csj-emballages.com\/pt-pt\/produit\/1000-palitos-de-dentes\/","url":"https:\/\/www.csj-emballages.com\/pt-pt\/produit\/1000-palitos-de-dentes\/","name":"Curar dentes por 1000","isPartOf":{"@id":"https:\/\/www.csj-emballages.com\/pt-pt\/#website"},"primaryImageOfPage":{"@id":"https:\/\/www.csj-emballages.com\/pt-pt\/produit\/1000-palitos-de-dentes\/#primaryimage"},"image":{"@id":"https:\/\/www.csj-emballages.com\/pt-pt\/produit\/1000-palitos-de-dentes\/#primaryimage"},"thumbnailUrl":"https:\/\/www.csj-emballages.com\/wp-content\/uploads\/2024\/03\/cure_dent_1.webp","datePublished":"2024-03-01T15:54:37+00:00","dateModified":"2026-04-21T00:13:01+00:00","description":"Opte por estes palitos de madeira biodegrad\u00e1veis: pr\u00e1ticos, ecol\u00f3gicos e vers\u00e1teis, garantem uma higiene impec\u00e1vel e tornam os seus aperitivos num verdadeiro prazer.","breadcrumb":{"@id":"https:\/\/www.csj-emballages.com\/pt-pt\/produit\/1000-palitos-de-dentes\/#breadcrumb"},"inLanguage":"pt-PT","potentialAction":[{"@type":"ReadAction","target":["https:\/\/www.csj-emballages.com\/pt-pt\/produit\/1000-palitos-de-dentes\/"]}]},{"@type":"ImageObject","inLanguage":"pt-PT","@id":"https:\/\/www.csj-emballages.com\/pt-pt\/produit\/1000-palitos-de-dentes\/#primaryimage","url":"https:\/\/www.csj-emballages.com\/wp-content\/uploads\/2024\/03\/cure_dent_1.webp","contentUrl":"https:\/\/www.csj-emballages.com\/wp-content\/uploads\/2024\/03\/cure_dent_1.webp","width":1000,"height":1000,"caption":"cure dents"},{"@type":"BreadcrumbList","@id":"https:\/\/www.csj-emballages.com\/pt-pt\/produit\/1000-palitos-de-dentes\/#breadcrumb","itemListElement":[{"@type":"ListItem","position":1,"name":"Acolhimento","item":"https:\/\/www.csj-emballages.com\/pt-pt\/universo-das-embalagens-alimentares\/"},{"@type":"ListItem","position":2,"name":"Shop","item":"https:\/\/www.csj-emballages.com\/shop\/"},{"@type":"ListItem","position":3,"name":"Palito de dente por 1000"}]},{"@type":"WebSite","@id":"https:\/\/www.csj-emballages.com\/pt-pt\/#website","url":"https:\/\/www.csj-emballages.com\/pt-pt\/","name":"CSJ Emballages","description":"","publisher":{"@id":"https:\/\/www.csj-emballages.com\/pt-pt\/#organization"},"potentialAction":[{"@type":"SearchAction","target":{"@type":"EntryPoint","urlTemplate":"https:\/\/www.csj-emballages.com\/pt-pt\/?s={search_term_string}"},"query-input":{"@type":"PropertyValueSpecification","valueRequired":true,"valueName":"search_term_string"}}],"inLanguage":"pt-PT"},{"@type":"Organization","@id":"https:\/\/www.csj-emballages.com\/pt-pt\/#Organization\/","name":"CSJ Emballages","url":"https:\/\/www.csj-emballages.com\/pt-pt\/","logo":{"@type":"ImageObject","inLanguage":"pt-PT","@id":"https:\/\/www.csj-emballages.com\/pt-pt\/#\/schema\/logo\/image\/","url":"https:\/\/www.csj-emballages.com\/wp-content\/uploads\/2023\/10\/logo_csj.webp","contentUrl":"https:\/\/www.csj-emballages.com\/wp-content\/uploads\/2023\/10\/logo_csj.webp","width":250,"height":95,"caption":"CSJ Emballages"},"image":{"@id":"https:\/\/www.csj-emballages.com\/pt-pt\/#\/schema\/logo\/image\/"},"sameAs":["https:\/\/www.facebook.com\/csjemballages"],"address":{"@type":"PostalAddress","streetAddress":"ZI La Lechere","addressLocality":"Patornay","postalCode":"39130","addressCountry":"FR"},"contactPoint":[{"@type":"ContactPoint","contactType":"Service client","telephone":"0384254272","email":"contact@csj-emballages.com"}]}]}},"df_price":1.26,"df_sale_price":"","df_regular_price":1.26,"df_image_link":"https:\/\/www.csj-emballages.com\/wp-content\/uploads\/2024\/03\/cure_dent_1-300x300.webp","tiered_pricing_type":"fixed","tiered_pricing_fixed_rules":[],"tiered_pricing_percentage_rules":[],"tiered_pricing_minimum":1,"tiered_pricing_roles_data":[],"_links":{"self":[{"href":"https:\/\/www.csj-emballages.com\/pt-pt\/wp-json\/wp\/v2\/product\/20464","targetHints":{"allow":["GET"]}}],"collection":[{"href":"https:\/\/www.csj-emballages.com\/pt-pt\/wp-json\/wp\/v2\/product"}],"about":[{"href":"https:\/\/www.csj-emballages.com\/pt-pt\/wp-json\/wp\/v2\/types\/product"}],"wp:featuredmedia":[{"embeddable":true,"href":"https:\/\/www.csj-emballages.com\/pt-pt\/wp-json\/wp\/v2\/media\/225321"}],"wp:attachment":[{"href":"https:\/\/www.csj-emballages.com\/pt-pt\/wp-json\/wp\/v2\/media?parent=20464"}],"wp:term":[{"taxonomy":"product_brand","embeddable":true,"href":"https:\/\/www.csj-emballages.com\/pt-pt\/wp-json\/wp\/v2\/product_brand?post=20464"},{"taxonomy":"product_cat","embeddable":true,"href":"https:\/\/www.csj-emballages.com\/pt-pt\/wp-json\/wp\/v2\/product_cat?post=20464"},{"taxonomy":"product_tag","embeddable":true,"href":"https:\/\/www.csj-emballages.com\/pt-pt\/wp-json\/wp\/v2\/product_tag?post=20464"}],"curies":[{"name":"wp","href":"https:\/\/api.w.org\/{rel}","templated":true}]}}