{"id":20463,"date":"2024-03-01T16:54:35","date_gmt":"2024-03-01T15:54:35","guid":{"rendered":"https:\/\/u15jnbdpoq.preview.infomaniak.website\/produit\/50-tampas-de-cupula-com-orificio-para-batidos-em-plastico-95-o\/"},"modified":"2026-04-05T02:10:38","modified_gmt":"2026-04-05T00:10:38","slug":"50-tampas-de-cupula-com-orificio-para-batidos-em-plastico-95-o","status":"publish","type":"product","link":"https:\/\/www.csj-emballages.com\/pt-pt\/produit\/50-tampas-de-cupula-com-orificio-para-batidos-em-plastico-95-o\/","title":{"rendered":"Tampa de pl\u00e1stico com orif\u00edcio \u00d895 por 50"},"content":{"rendered":"<h2>Tampa de pl\u00e1stico<\/h2>\n<div style=\"box-sizing: inherit; font-family: Roboto, sans-serif;\">\n<div style=\"box-sizing: inherit; font-family: Roboto, sans-serif;\">\n<div style=\"box-sizing: inherit; font-family: Roboto, sans-serif;\">\n<div style=\"text-align: center;\">\n<div style=\"box-sizing: inherit; font-family: Roboto, sans-serif;\">\n<div style=\"box-sizing: inherit; font-family: Roboto, sans-serif;\">\n<div style=\"box-sizing: inherit; font-family: Roboto, sans-serif;\">\n<div style=\"box-sizing: inherit; font-family: Roboto, sans-serif;\">\n<div style=\"box-sizing: inherit; font-family: Roboto, sans-serif;\">\n<div style=\"box-sizing: inherit; font-family: Roboto, sans-serif; text-align: left;\">\n<hr>\n<h3 style=\"text-align: left;\">Descri\u00e7\u00e3o da nossa tampa de pl\u00e1stico para c\u00fapula com orif\u00edcio \u00d895 por 50<\/h3>\n<p><!--more--><\/p>\n<div>\n<div>\n<div>\n<div>\n<div>\n<div>\n<div>\n<div>\n<div>\n<div>\n<p data-start=\"289\" data-end=\"703\">Quando se trata de bebidas para levar, a <strong>tampa<\/strong> faz toda a diferen\u00e7a. Esta <strong data-start=\"373\" data-end=\"421\">tampa de pl\u00e1stico abobadada \u00d895 com orif\u00edcio<\/strong> foi concebida para simplificar o servi\u00e7o, garantindo uma apresenta\u00e7\u00e3o limpa e cuidada. A sua forma abobadada deixa muito espa\u00e7o para espumas, cubos de gelo ou guarni\u00e7\u00f5es, sem esmagar o conte\u00fado do copo. Resultado: a bebida mant\u00e9m-se bonita at\u00e9 ao \u00faltimo momento.   <\/p>\n<p data-start=\"705\" data-end=\"1072\">Gra\u00e7as ao seu <strong data-start=\"717\" data-end=\"739\">orif\u00edcio integrado<\/strong>, pode <strong>introduzir<\/strong> rapidamente <strong>uma palhinha<\/strong>. \u00c9 pr\u00e1tico, especialmente quando se est\u00e1 com pressa, e evita aberturas demasiado largas que podem causar salpicos. Uma vez fixada, a <strong>tampa<\/strong> mant\u00e9m-se firmemente no lugar, tornando o transporte mais seguro e limitando os acidentes durante a entrega ou o transporte.<\/p>\n<p data-start=\"1074\" data-end=\"1433\">A sua <strong>transpar\u00eancia<\/strong> \u00e9 tamb\u00e9m um verdadeiro trunfo. Permite ver imediatamente a bebida, real\u00e7ando as cores dos smoothies, batidos, sumos ou caf\u00e9s gelados. Visualmente, \u00e9 mais atrativo e, para o cliente, \u00e9 tranquilizador. Da mesma forma, o <strong>pl\u00e1stico<\/strong> \u00e9 suficientemente r\u00edgido para manter a sua forma, mesmo quando o copo \u00e9 manuseado v\u00e1rias vezes.   <\/p>\n<p data-start=\"1435\" data-end=\"1720\">Vendida <strong data-start=\"1441\" data-end=\"1458\">em embalagens de 50 unidades<\/strong>, esta tampa \u00e9 f\u00e1cil de integrar na sua organiza\u00e7\u00e3o di\u00e1ria. Perfeito para bares de sumos, snack-bares, caf\u00e9s, food-trucks ou eventos pontuais. Simples, eficaz e bem pensado, acompanha as suas bebidas sem complicar o seu servi\u00e7o.<\/p>\n<p data-start=\"1435\" data-end=\"1720\">\n<\/div>\n<\/div>\n<\/div>\n<\/div>\n<\/div>\n<\/div>\n<\/div>\n<\/div>\n<\/div>\n<\/div>\n<p><!--more--><\/p>\n<h4>Vantagens :<\/h4>\n<ul>\n<li data-start=\"1748\" data-end=\"1805\">Forma de <strong>c\u00fapula<\/strong> ideal para bebidas com espuma ou cubos de gelo.<\/li>\n<li data-start=\"1808\" data-end=\"1842\"><strong>Orif\u00edcio<\/strong> pr\u00e1tico para palha.<\/li>\n<li data-start=\"1845\" data-end=\"1880\">Suporta bem os copos <strong>de \u00d895<\/strong>.<\/li>\n<li data-start=\"1883\" data-end=\"1917\">Pl\u00e1stico transparente e r\u00edgido.<\/li>\n<li data-start=\"1920\" data-end=\"1948\">Embalagem de <strong>50<\/strong>, f\u00e1cil de gerir.<\/li>\n<\/ul>\n<div class=\"elementor elementor-175 elementor-location-footer\" data-elementor-type=\"footer\" data-elementor-id=\"175\" data-elementor-post-type=\"elementor_library\">\n<div class=\"elementor-element elementor-element-d413b54 e-flex e-con-boxed e-con e-parent e-lazyloaded\" data-id=\"d413b54\" data-element_type=\"container\">\n<div class=\"e-con-inner\">\n<div class=\"elementor-element elementor-element-9493a3c elementor-widget elementor-widget-shortcode\" data-id=\"9493a3c\" data-element_type=\"widget\" data-widget_type=\"shortcode.default\">\n<div class=\"elementor-widget-container\"><\/div>\n<\/div>\n<\/div>\n<\/div>\n<\/div>\n<p><!--more--><\/p>\n<h4>Outras informa\u00e7\u00f5es :<\/h4>\n<ul>\n<li><strong>Embalagem<\/strong>: Pacote de 50<\/li>\n<li><strong>Di\u00e2metro<\/strong>: 95 mm<\/li>\n<li><strong>Altura<\/strong>: 35 mm<\/li>\n<li><strong>Forma<\/strong>: redonda<\/li>\n<li><strong>Material<\/strong>: rPET<\/li>\n<\/ul>\n<p>&nbsp;<\/p>\n<p><!--more--><\/p>\n<p>Esta cobertura em c\u00fapula de pl\u00e1stico com orif\u00edcio para palha tamb\u00e9m est\u00e1 dispon\u00edvel com uma barra transversal: <span style=\"color: #d12727;\"><a style=\"color: #d12727;\" href=\"https:\/\/www.csj-emballages.com\/pt-pt\/produit\/tampa-de-plastico-em-forma-de-cupula-com-travessa-o95-por-50\/\">CVDOMCR500CC<\/a><\/span><\/p>\n<p>&nbsp;<\/p>\n<p><!--more--><\/p>\n<p><a href=\"\/?product_cat=pots-smoothies-diametre-95mm\">V\u00ea o resto da nossa gama de frascos para smoothies em \u00d895 mm<\/a><\/p>\n<\/div>\n<\/div>\n<\/div>\n<\/div>\n<\/div>\n<\/div>\n<\/div>\n<\/div>\n<\/div>\n<\/div>\n","protected":false},"excerpt":{"rendered":"<p>Tampa de pl\u00e1stico Descri\u00e7\u00e3o da nossa tampa de pl\u00e1stico para c\u00fapula com orif\u00edcio \u00d895 por 50<\/p>\n","protected":false},"featured_media":193421,"template":"","meta":{"_acf_changed":false},"product_brand":[],"product_cat":[1141,1471,1808,2544,2546],"product_tag":[],"class_list":{"0":"post-20463","1":"product","2":"type-product","3":"status-publish","4":"has-post-thumbnail","6":"product_cat-embalagem-de-alimentos","7":"product_cat-chavenas-copos-baldes-garrafas","8":"product_cat-copos-para-bebidas-frias","9":"product_cat-frascos-de-smoothies","10":"product_cat-diametro-dos-frascos-de-smoothie-95-mm","12":"first","13":"instock","14":"taxable","15":"shipping-taxable","16":"purchasable","17":"product-type-simple"},"acf":[],"yoast_head":"<!-- This site is optimized with the Yoast SEO Premium plugin v26.6 (Yoast SEO v26.6) - https:\/\/yoast.com\/wordpress\/plugins\/seo\/ -->\n<title>Tampa de pl\u00e1stico com orif\u00edcio \u00d895 por 50<\/title>\n<meta name=\"description\" content=\"Tampa de pl\u00e1stico com orif\u00edcio, \u00d895, vendida em embalagens de 50. Ideal para bebidas para levar com palhinha, fixa\u00e7\u00e3o segura e apresenta\u00e7\u00e3o elegante.\" \/>\n<meta name=\"robots\" content=\"index, follow, max-snippet:-1, max-image-preview:large, max-video-preview:-1\" \/>\n<link rel=\"canonical\" href=\"https:\/\/www.csj-emballages.com\/pt-pt\/produit\/50-tampas-de-cupula-com-orificio-para-batidos-em-plastico-95-o\/\" \/>\n<meta property=\"og:locale\" content=\"pt_PT\" \/>\n<meta property=\"og:type\" content=\"article\" \/>\n<meta property=\"og:title\" content=\"Tampa de pl\u00e1stico com orif\u00edcio - \u00d895 mm\" \/>\n<meta property=\"og:description\" content=\"Descubra a nossa sele\u00e7\u00e3o de tampas de pl\u00e1stico abobadadas com orif\u00edcios, pr\u00e1ticas e vers\u00e1teis. Perfeito para bebidas para levar e eventos.\" \/>\n<meta property=\"og:url\" content=\"https:\/\/www.csj-emballages.com\/pt-pt\/produit\/50-tampas-de-cupula-com-orificio-para-batidos-em-plastico-95-o\/\" \/>\n<meta property=\"og:site_name\" content=\"CSJ Emballages\" \/>\n<meta property=\"article:publisher\" content=\"https:\/\/www.facebook.com\/csjemballages\" \/>\n<meta property=\"article:modified_time\" content=\"2026-04-05T00:10:38+00:00\" \/>\n<meta property=\"og:image\" content=\"https:\/\/www.csj-emballages.com\/wp-content\/uploads\/2024\/03\/CVDOMTR300CC.webp\" \/>\n\t<meta property=\"og:image:width\" content=\"800\" \/>\n\t<meta property=\"og:image:height\" content=\"800\" \/>\n\t<meta property=\"og:image:type\" content=\"image\/webp\" \/>\n<meta name=\"twitter:card\" content=\"summary_large_image\" \/>\n<meta name=\"twitter:title\" content=\"Tampa de pl\u00e1stico com orif\u00edcio - \u00d895 mm\" \/>\n<meta name=\"twitter:description\" content=\"Descubra a nossa sele\u00e7\u00e3o de tampas de pl\u00e1stico abobadadas com orif\u00edcios, pr\u00e1ticas e vers\u00e1teis. Perfeito para bebidas para levar e eventos.\" \/>\n<meta name=\"twitter:label1\" content=\"Tempo estimado de leitura\" \/>\n\t<meta name=\"twitter:data1\" content=\"1 minuto\" \/>\n<script type=\"application\/ld+json\" class=\"yoast-schema-graph\">{\"@context\":\"https:\/\/schema.org\",\"@graph\":[{\"@type\":\"WebPage\",\"@id\":\"https:\/\/www.csj-emballages.com\/pt-pt\/produit\/50-tampas-de-cupula-com-orificio-para-batidos-em-plastico-95-o\/\",\"url\":\"https:\/\/www.csj-emballages.com\/pt-pt\/produit\/50-tampas-de-cupula-com-orificio-para-batidos-em-plastico-95-o\/\",\"name\":\"Tampa de pl\u00e1stico com orif\u00edcio \u00d895 por 50\",\"isPartOf\":{\"@id\":\"https:\/\/www.csj-emballages.com\/pt-pt\/#website\"},\"primaryImageOfPage\":{\"@id\":\"https:\/\/www.csj-emballages.com\/pt-pt\/produit\/50-tampas-de-cupula-com-orificio-para-batidos-em-plastico-95-o\/#primaryimage\"},\"image\":{\"@id\":\"https:\/\/www.csj-emballages.com\/pt-pt\/produit\/50-tampas-de-cupula-com-orificio-para-batidos-em-plastico-95-o\/#primaryimage\"},\"thumbnailUrl\":\"https:\/\/www.csj-emballages.com\/wp-content\/uploads\/2024\/03\/CVDOMTR300CC.webp\",\"datePublished\":\"2024-03-01T15:54:35+00:00\",\"dateModified\":\"2026-04-05T00:10:38+00:00\",\"description\":\"Tampa de pl\u00e1stico com orif\u00edcio, \u00d895, vendida em embalagens de 50. Ideal para bebidas para levar com palhinha, fixa\u00e7\u00e3o segura e apresenta\u00e7\u00e3o elegante.\",\"breadcrumb\":{\"@id\":\"https:\/\/www.csj-emballages.com\/pt-pt\/produit\/50-tampas-de-cupula-com-orificio-para-batidos-em-plastico-95-o\/#breadcrumb\"},\"inLanguage\":\"pt-PT\",\"potentialAction\":[{\"@type\":\"ReadAction\",\"target\":[\"https:\/\/www.csj-emballages.com\/pt-pt\/produit\/50-tampas-de-cupula-com-orificio-para-batidos-em-plastico-95-o\/\"]}]},{\"@type\":\"ImageObject\",\"inLanguage\":\"pt-PT\",\"@id\":\"https:\/\/www.csj-emballages.com\/pt-pt\/produit\/50-tampas-de-cupula-com-orificio-para-batidos-em-plastico-95-o\/#primaryimage\",\"url\":\"https:\/\/www.csj-emballages.com\/wp-content\/uploads\/2024\/03\/CVDOMTR300CC.webp\",\"contentUrl\":\"https:\/\/www.csj-emballages.com\/wp-content\/uploads\/2024\/03\/CVDOMTR300CC.webp\",\"width\":800,\"height\":800,\"caption\":\"Couvercle plastique\"},{\"@type\":\"BreadcrumbList\",\"@id\":\"https:\/\/www.csj-emballages.com\/pt-pt\/produit\/50-tampas-de-cupula-com-orificio-para-batidos-em-plastico-95-o\/#breadcrumb\",\"itemListElement\":[{\"@type\":\"ListItem\",\"position\":1,\"name\":\"Acolhimento\",\"item\":\"https:\/\/www.csj-emballages.com\/pt-pt\/universo-das-embalagens-alimentares\/\"},{\"@type\":\"ListItem\",\"position\":2,\"name\":\"Shop\",\"item\":\"https:\/\/www.csj-emballages.com\/shop\/\"},{\"@type\":\"ListItem\",\"position\":3,\"name\":\"Tampa de pl\u00e1stico com orif\u00edcio \u00d895 por 50\"}]},{\"@type\":\"WebSite\",\"@id\":\"https:\/\/www.csj-emballages.com\/pt-pt\/#website\",\"url\":\"https:\/\/www.csj-emballages.com\/pt-pt\/\",\"name\":\"CSJ Emballages\",\"description\":\"\",\"publisher\":{\"@id\":\"https:\/\/www.csj-emballages.com\/pt-pt\/#organization\"},\"potentialAction\":[{\"@type\":\"SearchAction\",\"target\":{\"@type\":\"EntryPoint\",\"urlTemplate\":\"https:\/\/www.csj-emballages.com\/pt-pt\/?s={search_term_string}\"},\"query-input\":{\"@type\":\"PropertyValueSpecification\",\"valueRequired\":true,\"valueName\":\"search_term_string\"}}],\"inLanguage\":\"pt-PT\"},{\"@type\":\"Organization\",\"@id\":\"https:\/\/www.csj-emballages.com\/pt-pt\/#Organization\/\",\"name\":\"CSJ Emballages\",\"url\":\"https:\/\/www.csj-emballages.com\/pt-pt\/\",\"logo\":{\"@type\":\"ImageObject\",\"inLanguage\":\"pt-PT\",\"@id\":\"https:\/\/www.csj-emballages.com\/pt-pt\/#\/schema\/logo\/image\/\",\"url\":\"https:\/\/www.csj-emballages.com\/wp-content\/uploads\/2023\/10\/logo_csj.webp\",\"contentUrl\":\"https:\/\/www.csj-emballages.com\/wp-content\/uploads\/2023\/10\/logo_csj.webp\",\"width\":250,\"height\":95,\"caption\":\"CSJ Emballages\"},\"image\":{\"@id\":\"https:\/\/www.csj-emballages.com\/pt-pt\/#\/schema\/logo\/image\/\"},\"sameAs\":[\"https:\/\/www.facebook.com\/csjemballages\"],\"address\":{\"@type\":\"PostalAddress\",\"streetAddress\":\"ZI La Lechere\",\"addressLocality\":\"Patornay\",\"postalCode\":\"39130\",\"addressCountry\":\"FR\"},\"contactPoint\":[{\"@type\":\"ContactPoint\",\"contactType\":\"Service client\",\"telephone\":\"0384254272\",\"email\":\"contact@csj-emballages.com\"}]}]}<\/script>\n<!-- \/ Yoast SEO Premium plugin. -->","yoast_head_json":{"title":"Tampa de pl\u00e1stico com orif\u00edcio \u00d895 por 50","description":"Tampa de pl\u00e1stico com orif\u00edcio, \u00d895, vendida em embalagens de 50. Ideal para bebidas para levar com palhinha, fixa\u00e7\u00e3o segura e apresenta\u00e7\u00e3o elegante.","robots":{"index":"index","follow":"follow","max-snippet":"max-snippet:-1","max-image-preview":"max-image-preview:large","max-video-preview":"max-video-preview:-1"},"canonical":"https:\/\/www.csj-emballages.com\/pt-pt\/produit\/50-tampas-de-cupula-com-orificio-para-batidos-em-plastico-95-o\/","og_locale":"pt_PT","og_type":"article","og_title":"Tampa de pl\u00e1stico com orif\u00edcio - \u00d895 mm","og_description":"Descubra a nossa sele\u00e7\u00e3o de tampas de pl\u00e1stico abobadadas com orif\u00edcios, pr\u00e1ticas e vers\u00e1teis. Perfeito para bebidas para levar e eventos.","og_url":"https:\/\/www.csj-emballages.com\/pt-pt\/produit\/50-tampas-de-cupula-com-orificio-para-batidos-em-plastico-95-o\/","og_site_name":"CSJ Emballages","article_publisher":"https:\/\/www.facebook.com\/csjemballages","article_modified_time":"2026-04-05T00:10:38+00:00","og_image":[{"width":800,"height":800,"url":"https:\/\/www.csj-emballages.com\/wp-content\/uploads\/2024\/03\/CVDOMTR300CC.webp","type":"image\/webp"}],"twitter_card":"summary_large_image","twitter_title":"Tampa de pl\u00e1stico com orif\u00edcio - \u00d895 mm","twitter_description":"Descubra a nossa sele\u00e7\u00e3o de tampas de pl\u00e1stico abobadadas com orif\u00edcios, pr\u00e1ticas e vers\u00e1teis. Perfeito para bebidas para levar e eventos.","twitter_misc":{"Tempo estimado de leitura":"1 minuto"},"schema":{"@context":"https:\/\/schema.org","@graph":[{"@type":"WebPage","@id":"https:\/\/www.csj-emballages.com\/pt-pt\/produit\/50-tampas-de-cupula-com-orificio-para-batidos-em-plastico-95-o\/","url":"https:\/\/www.csj-emballages.com\/pt-pt\/produit\/50-tampas-de-cupula-com-orificio-para-batidos-em-plastico-95-o\/","name":"Tampa de pl\u00e1stico com orif\u00edcio \u00d895 por 50","isPartOf":{"@id":"https:\/\/www.csj-emballages.com\/pt-pt\/#website"},"primaryImageOfPage":{"@id":"https:\/\/www.csj-emballages.com\/pt-pt\/produit\/50-tampas-de-cupula-com-orificio-para-batidos-em-plastico-95-o\/#primaryimage"},"image":{"@id":"https:\/\/www.csj-emballages.com\/pt-pt\/produit\/50-tampas-de-cupula-com-orificio-para-batidos-em-plastico-95-o\/#primaryimage"},"thumbnailUrl":"https:\/\/www.csj-emballages.com\/wp-content\/uploads\/2024\/03\/CVDOMTR300CC.webp","datePublished":"2024-03-01T15:54:35+00:00","dateModified":"2026-04-05T00:10:38+00:00","description":"Tampa de pl\u00e1stico com orif\u00edcio, \u00d895, vendida em embalagens de 50. Ideal para bebidas para levar com palhinha, fixa\u00e7\u00e3o segura e apresenta\u00e7\u00e3o elegante.","breadcrumb":{"@id":"https:\/\/www.csj-emballages.com\/pt-pt\/produit\/50-tampas-de-cupula-com-orificio-para-batidos-em-plastico-95-o\/#breadcrumb"},"inLanguage":"pt-PT","potentialAction":[{"@type":"ReadAction","target":["https:\/\/www.csj-emballages.com\/pt-pt\/produit\/50-tampas-de-cupula-com-orificio-para-batidos-em-plastico-95-o\/"]}]},{"@type":"ImageObject","inLanguage":"pt-PT","@id":"https:\/\/www.csj-emballages.com\/pt-pt\/produit\/50-tampas-de-cupula-com-orificio-para-batidos-em-plastico-95-o\/#primaryimage","url":"https:\/\/www.csj-emballages.com\/wp-content\/uploads\/2024\/03\/CVDOMTR300CC.webp","contentUrl":"https:\/\/www.csj-emballages.com\/wp-content\/uploads\/2024\/03\/CVDOMTR300CC.webp","width":800,"height":800,"caption":"Couvercle plastique"},{"@type":"BreadcrumbList","@id":"https:\/\/www.csj-emballages.com\/pt-pt\/produit\/50-tampas-de-cupula-com-orificio-para-batidos-em-plastico-95-o\/#breadcrumb","itemListElement":[{"@type":"ListItem","position":1,"name":"Acolhimento","item":"https:\/\/www.csj-emballages.com\/pt-pt\/universo-das-embalagens-alimentares\/"},{"@type":"ListItem","position":2,"name":"Shop","item":"https:\/\/www.csj-emballages.com\/shop\/"},{"@type":"ListItem","position":3,"name":"Tampa de pl\u00e1stico com orif\u00edcio \u00d895 por 50"}]},{"@type":"WebSite","@id":"https:\/\/www.csj-emballages.com\/pt-pt\/#website","url":"https:\/\/www.csj-emballages.com\/pt-pt\/","name":"CSJ Emballages","description":"","publisher":{"@id":"https:\/\/www.csj-emballages.com\/pt-pt\/#organization"},"potentialAction":[{"@type":"SearchAction","target":{"@type":"EntryPoint","urlTemplate":"https:\/\/www.csj-emballages.com\/pt-pt\/?s={search_term_string}"},"query-input":{"@type":"PropertyValueSpecification","valueRequired":true,"valueName":"search_term_string"}}],"inLanguage":"pt-PT"},{"@type":"Organization","@id":"https:\/\/www.csj-emballages.com\/pt-pt\/#Organization\/","name":"CSJ Emballages","url":"https:\/\/www.csj-emballages.com\/pt-pt\/","logo":{"@type":"ImageObject","inLanguage":"pt-PT","@id":"https:\/\/www.csj-emballages.com\/pt-pt\/#\/schema\/logo\/image\/","url":"https:\/\/www.csj-emballages.com\/wp-content\/uploads\/2023\/10\/logo_csj.webp","contentUrl":"https:\/\/www.csj-emballages.com\/wp-content\/uploads\/2023\/10\/logo_csj.webp","width":250,"height":95,"caption":"CSJ Emballages"},"image":{"@id":"https:\/\/www.csj-emballages.com\/pt-pt\/#\/schema\/logo\/image\/"},"sameAs":["https:\/\/www.facebook.com\/csjemballages"],"address":{"@type":"PostalAddress","streetAddress":"ZI La Lechere","addressLocality":"Patornay","postalCode":"39130","addressCountry":"FR"},"contactPoint":[{"@type":"ContactPoint","contactType":"Service client","telephone":"0384254272","email":"contact@csj-emballages.com"}]}]}},"df_price":2.36,"df_sale_price":"","df_regular_price":2.36,"df_image_link":"https:\/\/www.csj-emballages.com\/wp-content\/uploads\/2024\/03\/CVDOMTR300CC-300x300.webp","tiered_pricing_type":"fixed","tiered_pricing_fixed_rules":[],"tiered_pricing_percentage_rules":[],"tiered_pricing_minimum":1,"tiered_pricing_roles_data":[],"_links":{"self":[{"href":"https:\/\/www.csj-emballages.com\/pt-pt\/wp-json\/wp\/v2\/product\/20463","targetHints":{"allow":["GET"]}}],"collection":[{"href":"https:\/\/www.csj-emballages.com\/pt-pt\/wp-json\/wp\/v2\/product"}],"about":[{"href":"https:\/\/www.csj-emballages.com\/pt-pt\/wp-json\/wp\/v2\/types\/product"}],"wp:featuredmedia":[{"embeddable":true,"href":"https:\/\/www.csj-emballages.com\/pt-pt\/wp-json\/wp\/v2\/media\/193421"}],"wp:attachment":[{"href":"https:\/\/www.csj-emballages.com\/pt-pt\/wp-json\/wp\/v2\/media?parent=20463"}],"wp:term":[{"taxonomy":"product_brand","embeddable":true,"href":"https:\/\/www.csj-emballages.com\/pt-pt\/wp-json\/wp\/v2\/product_brand?post=20463"},{"taxonomy":"product_cat","embeddable":true,"href":"https:\/\/www.csj-emballages.com\/pt-pt\/wp-json\/wp\/v2\/product_cat?post=20463"},{"taxonomy":"product_tag","embeddable":true,"href":"https:\/\/www.csj-emballages.com\/pt-pt\/wp-json\/wp\/v2\/product_tag?post=20463"}],"curies":[{"name":"wp","href":"https:\/\/api.w.org\/{rel}","templated":true}]}}