{"id":20453,"date":"2024-03-01T16:54:39","date_gmt":"2024-03-01T15:54:39","guid":{"rendered":"https:\/\/u15jnbdpoq.preview.infomaniak.website\/produit\/50-caixas-para-pastelaria-com-pegas-coloridas-10-x-18-x-7-cm-de-inspiracao\/"},"modified":"2026-03-12T16:22:03","modified_gmt":"2026-03-12T15:22:03","slug":"50-caixas-para-pastelaria-com-pegas-coloridas-10-x-18-x-7-cm-de-inspiracao","status":"publish","type":"product","link":"https:\/\/www.csj-emballages.com\/pt-pt\/produit\/50-caixas-para-pastelaria-com-pegas-coloridas-10-x-18-x-7-cm-de-inspiracao\/","title":{"rendered":"50 caixas para pastelaria com pegas coloridas 10 x 18 x 7 cm de inspira\u00e7\u00e3o"},"content":{"rendered":"<h2>Caixas para pastelaria com pegas coloridas 10x18x7 cm inspira\u00e7\u00e3o &#8211; conjunto de 50<\/h2>\n<hr>\n<h3>Descri\u00e7\u00e3o do produto<\/h3>\n<p><!--more--><\/p>\n<p>Descubra as nossas caixas de pastelaria Inspiration 10x18x7 cm com pegas coloridas, ideais para melhorar as suas cria\u00e7\u00f5es doces. Cada caixa mede 10 x 18 x 7 cm, proporcionando o espa\u00e7o perfeito para os seus deliciosos bolos. Destacam-se pelo seu design atrativo e cores vivas. Al\u00e9m disso, a pega facilita o transporte dos seus doces. Estas caixas n\u00e3o s\u00e3o apenas pr\u00e1ticas, s\u00e3o tamb\u00e9m esteticamente agrad\u00e1veis, pelo que pode utiliz\u00e1-las para cupcakes, muffins ou queques. A utiliza\u00e7\u00e3o destas caixas far\u00e1 com que as suas cria\u00e7\u00f5es se destaquem nos seus eventos.     <\/p>\n<p>S\u00e3o tamb\u00e9m perfeitos para festas de anivers\u00e1rio, casamentos ou reuni\u00f5es familiares. Gra\u00e7as ao seu estilo colorido, d\u00e3o um toque elegante a qualquer ocasi\u00e3o. Al\u00e9m disso, pode combin\u00e1-los com o seu tema de decora\u00e7\u00e3o. Isto cria uma harmonia visual muito apreciada.   <\/p>\n<p>Em suma, estas caixas para pastelaria Inspiration 10x18x7 cm com pegas coloridas s\u00e3o uma excelente escolha. Pr\u00e1ticas, atractivas e vers\u00e1teis, v\u00e3o satisfazer todas as suas necessidades. N\u00e3o espere mais para as adicionar \u00e0 sua cozinha!  <\/p>\n<p>&nbsp;<\/p>\n<p><!--more--><\/p>\n<p>Os seus produtos de pastelaria merecem ser apresentados de uma forma divertida e criativa.<\/p>\n<p>&nbsp;<\/p>\n<p><!--more--><\/p>\n<p><strong>As suas vantagens:<\/strong><\/p>\n<ul>\n<li><strong>Praticidade<\/strong>: As pegas facilitam o transporte dos teus bolos.<\/li>\n<li><strong>Design atrativo<\/strong>: Os seus desenhos d\u00e3o um toque chique e elegante a todos os eventos.<\/li>\n<li><strong>Versatilidade<\/strong>: Perfeito para uma grande variedade de produtos de pastelaria, incluindo cupcakes, muffins e bolinhos.<\/li>\n<li><strong>Higi\u00e9nicas<\/strong>: Protegem os bolos das intemp\u00e9ries, garantindo a sua frescura.<\/li>\n<\/ul>\n<p>&nbsp;<\/p>\n<p><!--more--><\/p>\n<p>Este produto est\u00e1 dispon\u00edvel em v\u00e1rios tamanhos: <span style=\"color: #d12727;\"><a style=\"color: #d12727;\" href=\"https:\/\/www.csj-emballages.com\/produit\/50-caissettes-patissieres-a-poignee-colorees-10-x-12-x-7-cm-2\/\">10 x 12 x 7 cm<\/a> <\/span>\/ <span style=\"color: #d12727;\"><a style=\"color: #d12727;\" href=\"https:\/\/www.csj-emballages.com\/produit\/50-caissettes-patissieres-a-poignee-colorees-16-x-18-x-7-cm\/\">16 x 18 x 7 cm<\/a><\/span><\/p>\n<p>&nbsp;<\/p>\n<p><!--more--><\/p>\n<p><a href=\"https:\/\/www.csj-emballages.com\/categorie-produit\/emballages\/boulangerie-patisserie\/caissettes\/caissettes-patissieres-a-poignees\/caissettes-patissieres-colorees\/\">Ver o resto da nossa gama de caixas de pastelaria coloridas com pegas<\/a><\/p>\n","protected":false},"excerpt":{"rendered":"<p>Caixas para pastelaria com pegas coloridas 10x18x7 cm inspira\u00e7\u00e3o &#8211; conjunto de 50 Descri\u00e7\u00e3o do produto<\/p>\n","protected":false},"featured_media":99290,"template":"","meta":{"_acf_changed":false},"product_brand":[],"product_cat":[1141,1177,1248,1249,1267],"product_tag":[],"class_list":{"0":"post-20453","1":"product","2":"type-product","3":"status-publish","4":"has-post-thumbnail","6":"product_cat-embalagem-de-alimentos","7":"product_cat-padaria-e-pastelaria","8":"product_cat-caixas-para-pastelaria-com-pegas","9":"product_cat-caixas-de-pastelaria-coloridas","10":"product_cat-descontos-promocoes","12":"first","13":"instock","14":"sale","15":"taxable","16":"shipping-taxable","17":"purchasable","18":"product-type-simple"},"acf":[],"yoast_head":"<!-- This site is optimized with the Yoast SEO Premium plugin v26.6 (Yoast SEO v26.6) - https:\/\/yoast.com\/wordpress\/plugins\/seo\/ -->\n<title>Caixas de pastelaria de inspira\u00e7\u00e3o 10x18x7 cm \/ CSJ Emballages<\/title>\n<meta name=\"description\" content=\"Descobre as nossas caixas de pastelaria Inspiration 10x18x7 cm com pegas coloridas, perfeitas para transportar e real\u00e7ar os teus bolos com eleg\u00e2ncia.\" \/>\n<meta name=\"robots\" content=\"index, follow, max-snippet:-1, max-image-preview:large, max-video-preview:-1\" \/>\n<link rel=\"canonical\" href=\"https:\/\/www.csj-emballages.com\/pt-pt\/produit\/50-caixas-para-pastelaria-com-pegas-coloridas-10-x-18-x-7-cm-de-inspiracao\/\" \/>\n<meta property=\"og:locale\" content=\"pt_PT\" \/>\n<meta property=\"og:type\" content=\"article\" \/>\n<meta property=\"og:title\" content=\"50 caixas para pastelaria com pegas coloridas 10 x 18 x 7 cm de inspira\u00e7\u00e3o\" \/>\n<meta property=\"og:description\" content=\"Descobre as nossas caixas de pastelaria Inspiration 10x18x7 cm com pegas coloridas, perfeitas para transportar e real\u00e7ar os teus bolos com eleg\u00e2ncia.\" \/>\n<meta property=\"og:url\" content=\"https:\/\/www.csj-emballages.com\/pt-pt\/produit\/50-caixas-para-pastelaria-com-pegas-coloridas-10-x-18-x-7-cm-de-inspiracao\/\" \/>\n<meta property=\"og:site_name\" content=\"CSJ Emballages\" \/>\n<meta property=\"article:publisher\" content=\"https:\/\/www.facebook.com\/csjemballages\" \/>\n<meta property=\"article:modified_time\" content=\"2026-03-12T15:22:03+00:00\" \/>\n<meta property=\"og:image\" content=\"https:\/\/www.csj-emballages.com\/wp-content\/uploads\/2024\/03\/boite-poignee-carton-imprimee-modele-inspiration-grossiste-csj-emballages-5-jpg-removebg-preview-1-e1727342536484.png\" \/>\n\t<meta property=\"og:image:width\" content=\"500\" \/>\n\t<meta property=\"og:image:height\" content=\"500\" \/>\n\t<meta property=\"og:image:type\" content=\"image\/png\" \/>\n<meta name=\"twitter:card\" content=\"summary_large_image\" \/>\n<meta name=\"twitter:label1\" content=\"Tempo estimado de leitura\" \/>\n\t<meta name=\"twitter:data1\" content=\"2 minutos\" \/>\n<script type=\"application\/ld+json\" class=\"yoast-schema-graph\">{\"@context\":\"https:\/\/schema.org\",\"@graph\":[{\"@type\":\"WebPage\",\"@id\":\"https:\/\/www.csj-emballages.com\/pt-pt\/produit\/50-caixas-para-pastelaria-com-pegas-coloridas-10-x-18-x-7-cm-de-inspiracao\/\",\"url\":\"https:\/\/www.csj-emballages.com\/pt-pt\/produit\/50-caixas-para-pastelaria-com-pegas-coloridas-10-x-18-x-7-cm-de-inspiracao\/\",\"name\":\"Caixas de pastelaria de inspira\u00e7\u00e3o 10x18x7 cm \/ CSJ Emballages\",\"isPartOf\":{\"@id\":\"https:\/\/www.csj-emballages.com\/pt-pt\/#website\"},\"primaryImageOfPage\":{\"@id\":\"https:\/\/www.csj-emballages.com\/pt-pt\/produit\/50-caixas-para-pastelaria-com-pegas-coloridas-10-x-18-x-7-cm-de-inspiracao\/#primaryimage\"},\"image\":{\"@id\":\"https:\/\/www.csj-emballages.com\/pt-pt\/produit\/50-caixas-para-pastelaria-com-pegas-coloridas-10-x-18-x-7-cm-de-inspiracao\/#primaryimage\"},\"thumbnailUrl\":\"https:\/\/www.csj-emballages.com\/wp-content\/uploads\/2024\/03\/boite-poignee-carton-imprimee-modele-inspiration-grossiste-csj-emballages-5-jpg-removebg-preview-1-e1727342536484.png\",\"datePublished\":\"2024-03-01T15:54:39+00:00\",\"dateModified\":\"2026-03-12T15:22:03+00:00\",\"description\":\"Descobre as nossas caixas de pastelaria Inspiration 10x18x7 cm com pegas coloridas, perfeitas para transportar e real\u00e7ar os teus bolos com eleg\u00e2ncia.\",\"breadcrumb\":{\"@id\":\"https:\/\/www.csj-emballages.com\/pt-pt\/produit\/50-caixas-para-pastelaria-com-pegas-coloridas-10-x-18-x-7-cm-de-inspiracao\/#breadcrumb\"},\"inLanguage\":\"pt-PT\",\"potentialAction\":[{\"@type\":\"ReadAction\",\"target\":[\"https:\/\/www.csj-emballages.com\/pt-pt\/produit\/50-caixas-para-pastelaria-com-pegas-coloridas-10-x-18-x-7-cm-de-inspiracao\/\"]}]},{\"@type\":\"ImageObject\",\"inLanguage\":\"pt-PT\",\"@id\":\"https:\/\/www.csj-emballages.com\/pt-pt\/produit\/50-caixas-para-pastelaria-com-pegas-coloridas-10-x-18-x-7-cm-de-inspiracao\/#primaryimage\",\"url\":\"https:\/\/www.csj-emballages.com\/wp-content\/uploads\/2024\/03\/boite-poignee-carton-imprimee-modele-inspiration-grossiste-csj-emballages-5-jpg-removebg-preview-1-e1727342536484.png\",\"contentUrl\":\"https:\/\/www.csj-emballages.com\/wp-content\/uploads\/2024\/03\/boite-poignee-carton-imprimee-modele-inspiration-grossiste-csj-emballages-5-jpg-removebg-preview-1-e1727342536484.png\",\"width\":500,\"height\":500,\"caption\":\"Caissettes p\u00e2tissi\u00e8res Inspiration\"},{\"@type\":\"BreadcrumbList\",\"@id\":\"https:\/\/www.csj-emballages.com\/pt-pt\/produit\/50-caixas-para-pastelaria-com-pegas-coloridas-10-x-18-x-7-cm-de-inspiracao\/#breadcrumb\",\"itemListElement\":[{\"@type\":\"ListItem\",\"position\":1,\"name\":\"Acolhimento\",\"item\":\"https:\/\/www.csj-emballages.com\/pt-pt\/universo-das-embalagens-alimentares\/\"},{\"@type\":\"ListItem\",\"position\":2,\"name\":\"Shop\",\"item\":\"https:\/\/www.csj-emballages.com\/shop\/\"},{\"@type\":\"ListItem\",\"position\":3,\"name\":\"50 caixas para pastelaria com pegas coloridas 10 x 18 x 7 cm de inspira\u00e7\u00e3o\"}]},{\"@type\":\"WebSite\",\"@id\":\"https:\/\/www.csj-emballages.com\/pt-pt\/#website\",\"url\":\"https:\/\/www.csj-emballages.com\/pt-pt\/\",\"name\":\"CSJ Emballages\",\"description\":\"\",\"publisher\":{\"@id\":\"https:\/\/www.csj-emballages.com\/pt-pt\/#organization\"},\"potentialAction\":[{\"@type\":\"SearchAction\",\"target\":{\"@type\":\"EntryPoint\",\"urlTemplate\":\"https:\/\/www.csj-emballages.com\/pt-pt\/?s={search_term_string}\"},\"query-input\":{\"@type\":\"PropertyValueSpecification\",\"valueRequired\":true,\"valueName\":\"search_term_string\"}}],\"inLanguage\":\"pt-PT\"},{\"@type\":\"Organization\",\"@id\":\"https:\/\/www.csj-emballages.com\/pt-pt\/#Organization\/\",\"name\":\"CSJ Emballages\",\"url\":\"https:\/\/www.csj-emballages.com\/pt-pt\/\",\"logo\":{\"@type\":\"ImageObject\",\"inLanguage\":\"pt-PT\",\"@id\":\"https:\/\/www.csj-emballages.com\/pt-pt\/#\/schema\/logo\/image\/\",\"url\":\"https:\/\/www.csj-emballages.com\/wp-content\/uploads\/2023\/10\/logo_csj.webp\",\"contentUrl\":\"https:\/\/www.csj-emballages.com\/wp-content\/uploads\/2023\/10\/logo_csj.webp\",\"width\":250,\"height\":95,\"caption\":\"CSJ Emballages\"},\"image\":{\"@id\":\"https:\/\/www.csj-emballages.com\/pt-pt\/#\/schema\/logo\/image\/\"},\"sameAs\":[\"https:\/\/www.facebook.com\/csjemballages\"],\"address\":{\"@type\":\"PostalAddress\",\"streetAddress\":\"ZI La Lechere\",\"addressLocality\":\"Patornay\",\"postalCode\":\"39130\",\"addressCountry\":\"FR\"},\"contactPoint\":[{\"@type\":\"ContactPoint\",\"contactType\":\"Service client\",\"telephone\":\"0384254272\",\"email\":\"contact@csj-emballages.com\"}]}]}<\/script>\n<!-- \/ Yoast SEO Premium plugin. -->","yoast_head_json":{"title":"Caixas de pastelaria de inspira\u00e7\u00e3o 10x18x7 cm \/ CSJ Emballages","description":"Descobre as nossas caixas de pastelaria Inspiration 10x18x7 cm com pegas coloridas, perfeitas para transportar e real\u00e7ar os teus bolos com eleg\u00e2ncia.","robots":{"index":"index","follow":"follow","max-snippet":"max-snippet:-1","max-image-preview":"max-image-preview:large","max-video-preview":"max-video-preview:-1"},"canonical":"https:\/\/www.csj-emballages.com\/pt-pt\/produit\/50-caixas-para-pastelaria-com-pegas-coloridas-10-x-18-x-7-cm-de-inspiracao\/","og_locale":"pt_PT","og_type":"article","og_title":"50 caixas para pastelaria com pegas coloridas 10 x 18 x 7 cm de inspira\u00e7\u00e3o","og_description":"Descobre as nossas caixas de pastelaria Inspiration 10x18x7 cm com pegas coloridas, perfeitas para transportar e real\u00e7ar os teus bolos com eleg\u00e2ncia.","og_url":"https:\/\/www.csj-emballages.com\/pt-pt\/produit\/50-caixas-para-pastelaria-com-pegas-coloridas-10-x-18-x-7-cm-de-inspiracao\/","og_site_name":"CSJ Emballages","article_publisher":"https:\/\/www.facebook.com\/csjemballages","article_modified_time":"2026-03-12T15:22:03+00:00","og_image":[{"width":500,"height":500,"url":"https:\/\/www.csj-emballages.com\/wp-content\/uploads\/2024\/03\/boite-poignee-carton-imprimee-modele-inspiration-grossiste-csj-emballages-5-jpg-removebg-preview-1-e1727342536484.png","type":"image\/png"}],"twitter_card":"summary_large_image","twitter_misc":{"Tempo estimado de leitura":"2 minutos"},"schema":{"@context":"https:\/\/schema.org","@graph":[{"@type":"WebPage","@id":"https:\/\/www.csj-emballages.com\/pt-pt\/produit\/50-caixas-para-pastelaria-com-pegas-coloridas-10-x-18-x-7-cm-de-inspiracao\/","url":"https:\/\/www.csj-emballages.com\/pt-pt\/produit\/50-caixas-para-pastelaria-com-pegas-coloridas-10-x-18-x-7-cm-de-inspiracao\/","name":"Caixas de pastelaria de inspira\u00e7\u00e3o 10x18x7 cm \/ CSJ Emballages","isPartOf":{"@id":"https:\/\/www.csj-emballages.com\/pt-pt\/#website"},"primaryImageOfPage":{"@id":"https:\/\/www.csj-emballages.com\/pt-pt\/produit\/50-caixas-para-pastelaria-com-pegas-coloridas-10-x-18-x-7-cm-de-inspiracao\/#primaryimage"},"image":{"@id":"https:\/\/www.csj-emballages.com\/pt-pt\/produit\/50-caixas-para-pastelaria-com-pegas-coloridas-10-x-18-x-7-cm-de-inspiracao\/#primaryimage"},"thumbnailUrl":"https:\/\/www.csj-emballages.com\/wp-content\/uploads\/2024\/03\/boite-poignee-carton-imprimee-modele-inspiration-grossiste-csj-emballages-5-jpg-removebg-preview-1-e1727342536484.png","datePublished":"2024-03-01T15:54:39+00:00","dateModified":"2026-03-12T15:22:03+00:00","description":"Descobre as nossas caixas de pastelaria Inspiration 10x18x7 cm com pegas coloridas, perfeitas para transportar e real\u00e7ar os teus bolos com eleg\u00e2ncia.","breadcrumb":{"@id":"https:\/\/www.csj-emballages.com\/pt-pt\/produit\/50-caixas-para-pastelaria-com-pegas-coloridas-10-x-18-x-7-cm-de-inspiracao\/#breadcrumb"},"inLanguage":"pt-PT","potentialAction":[{"@type":"ReadAction","target":["https:\/\/www.csj-emballages.com\/pt-pt\/produit\/50-caixas-para-pastelaria-com-pegas-coloridas-10-x-18-x-7-cm-de-inspiracao\/"]}]},{"@type":"ImageObject","inLanguage":"pt-PT","@id":"https:\/\/www.csj-emballages.com\/pt-pt\/produit\/50-caixas-para-pastelaria-com-pegas-coloridas-10-x-18-x-7-cm-de-inspiracao\/#primaryimage","url":"https:\/\/www.csj-emballages.com\/wp-content\/uploads\/2024\/03\/boite-poignee-carton-imprimee-modele-inspiration-grossiste-csj-emballages-5-jpg-removebg-preview-1-e1727342536484.png","contentUrl":"https:\/\/www.csj-emballages.com\/wp-content\/uploads\/2024\/03\/boite-poignee-carton-imprimee-modele-inspiration-grossiste-csj-emballages-5-jpg-removebg-preview-1-e1727342536484.png","width":500,"height":500,"caption":"Caissettes p\u00e2tissi\u00e8res Inspiration"},{"@type":"BreadcrumbList","@id":"https:\/\/www.csj-emballages.com\/pt-pt\/produit\/50-caixas-para-pastelaria-com-pegas-coloridas-10-x-18-x-7-cm-de-inspiracao\/#breadcrumb","itemListElement":[{"@type":"ListItem","position":1,"name":"Acolhimento","item":"https:\/\/www.csj-emballages.com\/pt-pt\/universo-das-embalagens-alimentares\/"},{"@type":"ListItem","position":2,"name":"Shop","item":"https:\/\/www.csj-emballages.com\/shop\/"},{"@type":"ListItem","position":3,"name":"50 caixas para pastelaria com pegas coloridas 10 x 18 x 7 cm de inspira\u00e7\u00e3o"}]},{"@type":"WebSite","@id":"https:\/\/www.csj-emballages.com\/pt-pt\/#website","url":"https:\/\/www.csj-emballages.com\/pt-pt\/","name":"CSJ Emballages","description":"","publisher":{"@id":"https:\/\/www.csj-emballages.com\/pt-pt\/#organization"},"potentialAction":[{"@type":"SearchAction","target":{"@type":"EntryPoint","urlTemplate":"https:\/\/www.csj-emballages.com\/pt-pt\/?s={search_term_string}"},"query-input":{"@type":"PropertyValueSpecification","valueRequired":true,"valueName":"search_term_string"}}],"inLanguage":"pt-PT"},{"@type":"Organization","@id":"https:\/\/www.csj-emballages.com\/pt-pt\/#Organization\/","name":"CSJ Emballages","url":"https:\/\/www.csj-emballages.com\/pt-pt\/","logo":{"@type":"ImageObject","inLanguage":"pt-PT","@id":"https:\/\/www.csj-emballages.com\/pt-pt\/#\/schema\/logo\/image\/","url":"https:\/\/www.csj-emballages.com\/wp-content\/uploads\/2023\/10\/logo_csj.webp","contentUrl":"https:\/\/www.csj-emballages.com\/wp-content\/uploads\/2023\/10\/logo_csj.webp","width":250,"height":95,"caption":"CSJ Emballages"},"image":{"@id":"https:\/\/www.csj-emballages.com\/pt-pt\/#\/schema\/logo\/image\/"},"sameAs":["https:\/\/www.facebook.com\/csjemballages"],"address":{"@type":"PostalAddress","streetAddress":"ZI La Lechere","addressLocality":"Patornay","postalCode":"39130","addressCountry":"FR"},"contactPoint":[{"@type":"ContactPoint","contactType":"Service client","telephone":"0384254272","email":"contact@csj-emballages.com"}]}]}},"df_price":12.18,"df_sale_price":12.18,"df_regular_price":15.23,"df_image_link":"https:\/\/www.csj-emballages.com\/wp-content\/uploads\/2024\/03\/boite-poignee-carton-imprimee-modele-inspiration-grossiste-csj-emballages-5-jpg-removebg-preview-1-300x300.png","tiered_pricing_type":"fixed","tiered_pricing_fixed_rules":[],"tiered_pricing_percentage_rules":[],"tiered_pricing_minimum":1,"tiered_pricing_roles_data":[],"_links":{"self":[{"href":"https:\/\/www.csj-emballages.com\/pt-pt\/wp-json\/wp\/v2\/product\/20453","targetHints":{"allow":["GET"]}}],"collection":[{"href":"https:\/\/www.csj-emballages.com\/pt-pt\/wp-json\/wp\/v2\/product"}],"about":[{"href":"https:\/\/www.csj-emballages.com\/pt-pt\/wp-json\/wp\/v2\/types\/product"}],"wp:featuredmedia":[{"embeddable":true,"href":"https:\/\/www.csj-emballages.com\/pt-pt\/wp-json\/wp\/v2\/media\/99290"}],"wp:attachment":[{"href":"https:\/\/www.csj-emballages.com\/pt-pt\/wp-json\/wp\/v2\/media?parent=20453"}],"wp:term":[{"taxonomy":"product_brand","embeddable":true,"href":"https:\/\/www.csj-emballages.com\/pt-pt\/wp-json\/wp\/v2\/product_brand?post=20453"},{"taxonomy":"product_cat","embeddable":true,"href":"https:\/\/www.csj-emballages.com\/pt-pt\/wp-json\/wp\/v2\/product_cat?post=20453"},{"taxonomy":"product_tag","embeddable":true,"href":"https:\/\/www.csj-emballages.com\/pt-pt\/wp-json\/wp\/v2\/product_tag?post=20453"}],"curies":[{"name":"wp","href":"https:\/\/api.w.org\/{rel}","templated":true}]}}