{"id":20420,"date":"2024-03-01T16:54:39","date_gmt":"2024-03-01T15:54:39","guid":{"rendered":"https:\/\/u15jnbdpoq.preview.infomaniak.website\/produit\/50-caixas-para-criancas-com-pega-17-x-16-x-10-cm\/"},"modified":"2026-04-03T02:15:12","modified_gmt":"2026-04-03T00:15:12","slug":"50-caixas-para-criancas-com-pega-17-x-16-x-10-cm","status":"publish","type":"product","link":"https:\/\/www.csj-emballages.com\/pt-pt\/produit\/50-caixas-para-criancas-com-pega-17-x-16-x-10-cm\/","title":{"rendered":"Lancheira para crian\u00e7as com pega 17 x 16 x 10 cm, 50 unidades"},"content":{"rendered":"<h2 class=\"p1\">Lancheira para crian\u00e7as<\/h2>\n<hr>\n<h3>Descri\u00e7\u00e3o da nossa lancheira para crian\u00e7as com pega 17 x 16 x 10 cm, embalagem de 50<\/h3>\n<p><!--more--><\/p>\n<p data-start=\"215\" data-end=\"598\">Se procura uma forma simples e divertida de apresentar uma refei\u00e7\u00e3o aos mais pequenos, esta <strong data-start=\"315\" data-end=\"347\">lancheira infantil com pega<\/strong> pode muito bem tornar-se o seu melhor aliado. Com as suas dimens\u00f5es compactas de <strong data-start=\"419\" data-end=\"438\">17 x 16 x 10 cm<\/strong>, oferece o espa\u00e7o certo para um menu completo: sandu\u00edche, bebida pequena, surpresa, fruta, bolo&#8230; tudo cabe facilmente. <\/p>\n<p data-start=\"600\" data-end=\"909\">O que realmente faz a diferen\u00e7a \u00e9 a <strong data-start=\"638\" data-end=\"658\">pega integrada<\/strong>. Permite que as crian\u00e7as transportem a sua refei\u00e7\u00e3o como um pequeno saco, tornando o momento muito mais divertido. Al\u00e9m disso, assim que se pega nela, v\u00ea-se que o objetivo \u00e9 claro: tornar a hora da refei\u00e7\u00e3o mais pr\u00e1tica e, acima de tudo, mais agrad\u00e1vel para as crian\u00e7as.  <\/p>\n<p data-start=\"911\" data-end=\"1234\">Al\u00e9m disso, demora apenas alguns segundos a montar, pelo que n\u00e3o tem de perder tempo durante os servi\u00e7os ocupados, especialmente se estiver a preparar muitos menus com anteced\u00eancia. Com um <strong data-start=\"1087\" data-end=\"1100\">pacote de 50<\/strong>, est\u00e1 tudo pronto para anivers\u00e1rios, menus infantis de fim de semana, eventos escolares ou mesmo eventos ao ar livre. <\/p>\n<p data-start=\"1236\" data-end=\"1612\">Al\u00e9m disso, o formato r\u00edgido garante a sua fixa\u00e7\u00e3o: n\u00e3o h\u00e1 fundos que caiam, nem cantos que se abram, tudo fica no s\u00edtio. As crian\u00e7as podem pous\u00e1-lo, agarr\u00e1-lo, sacudi-lo um pouco&#8230; ele aguenta-se. Quer se trate de um restaurante ou de uma creche, esta <strong data-start=\"315\" data-end=\"347\">lancheira para crian\u00e7as<\/strong> d\u00e1 um verdadeiro toque pr\u00e1tico.  <\/p>\n<p data-start=\"1614\" data-end=\"1786\">Em suma, \u00e9 uma <strong data-start=\"315\" data-end=\"347\">lancheira para crian\u00e7as<\/strong> concebida para a vida real: f\u00e1cil de transportar, simples de encher e suficientemente resistente para acompanhar as refei\u00e7\u00f5es dos seus filhos com um sorriso.<\/p>\n<p data-start=\"1614\" data-end=\"1786\">\n<p><!--more--><\/p>\n<h4>Vantagens :<\/h4>\n<ul>\n<li data-start=\"1814\" data-end=\"1865\"><strong>A pega integrada<\/strong> \u00e9 muito pr\u00e1tica para as crian\u00e7as.<\/li>\n<li data-start=\"1868\" data-end=\"1906\">Tamanho perfeito para um menu completo.<\/li>\n<li data-start=\"1909\" data-end=\"1931\"><strong>Muito r\u00e1pido de montar<\/strong>.<\/li>\n<li data-start=\"1934\" data-end=\"1978\">Lote de <strong>50<\/strong> ideal para antecipar o servi\u00e7o.<\/li>\n<li data-start=\"1981\" data-end=\"2005\">Cart\u00e3o s\u00f3lido e est\u00e1vel.<\/li>\n<\/ul>\n<p>&nbsp;<\/p>\n<p><!--more--><\/p>\n<h4>Outras informa\u00e7\u00f5es :<\/h4>\n<ul>\n<li><strong>Embalagem<\/strong>: Pacote de 50<\/li>\n<li><strong>Dimens\u00f5es<\/strong>: 17 x 16 x 10 (C x L x A em cm)<\/li>\n<li><strong>Cor<\/strong>: Azul \/ Decora\u00e7\u00e3o<\/li>\n<li><strong>Material<\/strong>: Cart\u00e3o<\/li>\n<\/ul>\n<h2><\/h2>\n<p><!--more--><\/p>\n<p><a href=\"https:\/\/www.csj-emballages.com\/pt-pt\/categorie-produit\/embalagem-de-alimentos\/restauracao\/caixas-tabuleiros-bolsas-cones\/lancheiras-com-pegas\/\">Ver o resto da nossa gama de lancheiras com pegas<\/a><\/p>\n","protected":false},"excerpt":{"rendered":"<p>Lancheira para crian\u00e7as Descri\u00e7\u00e3o da nossa lancheira para crian\u00e7as com pega 17 x 16 x 10 cm, embalagem de 50<\/p>\n","protected":false},"featured_media":230538,"template":"","meta":{"_acf_changed":false},"product_brand":[],"product_cat":[1138,2533],"product_tag":[],"class_list":{"0":"post-20420","1":"product","2":"type-product","3":"status-publish","4":"has-post-thumbnail","6":"product_cat-restauracao","7":"product_cat-lancheiras-com-pegas","9":"first","10":"instock","11":"taxable","12":"shipping-taxable","13":"purchasable","14":"product-type-simple"},"acf":[],"yoast_head":"<!-- This site is optimized with the Yoast SEO Premium plugin v26.6 (Yoast SEO v26.6) - https:\/\/yoast.com\/wordpress\/plugins\/seo\/ -->\n<title>Lancheira para crian\u00e7as com pega 17 x 16 x 10 cm, 50 unidades<\/title>\n<meta name=\"description\" content=\"Lancheira para crian\u00e7as com pega 17 x 16 x 10 cm - Pr\u00e1tica, leve e colorida, ideal para menus takeaway ou eventos infantis. Embalagem de 50.\" \/>\n<meta name=\"robots\" content=\"index, follow, max-snippet:-1, max-image-preview:large, max-video-preview:-1\" \/>\n<link rel=\"canonical\" href=\"https:\/\/www.csj-emballages.com\/pt-pt\/produit\/50-caixas-para-criancas-com-pega-17-x-16-x-10-cm\/\" \/>\n<meta property=\"og:locale\" content=\"pt_PT\" \/>\n<meta property=\"og:type\" content=\"article\" \/>\n<meta property=\"og:title\" content=\"Lancheira para crian\u00e7as com pega 17 x 16 x 10 cm, 50 unidades\" \/>\n<meta property=\"og:description\" content=\"Lancheira para crian\u00e7as com pega 17 x 16 x 10 cm - Pr\u00e1tica, leve e colorida, ideal para menus takeaway ou eventos infantis. Embalagem de 50.\" \/>\n<meta property=\"og:url\" content=\"https:\/\/www.csj-emballages.com\/pt-pt\/produit\/50-caixas-para-criancas-com-pega-17-x-16-x-10-cm\/\" \/>\n<meta property=\"og:site_name\" content=\"CSJ Emballages\" \/>\n<meta property=\"article:publisher\" content=\"https:\/\/www.facebook.com\/csjemballages\" \/>\n<meta property=\"article:modified_time\" content=\"2026-04-03T00:15:12+00:00\" \/>\n<meta property=\"og:image\" content=\"https:\/\/www.csj-emballages.com\/wp-content\/uploads\/2024\/03\/CPPKID-png.webp\" \/>\n\t<meta property=\"og:image:width\" content=\"800\" \/>\n\t<meta property=\"og:image:height\" content=\"800\" \/>\n\t<meta property=\"og:image:type\" content=\"image\/png\" \/>\n<meta name=\"twitter:card\" content=\"summary_large_image\" \/>\n<meta name=\"twitter:label1\" content=\"Tempo estimado de leitura\" \/>\n\t<meta name=\"twitter:data1\" content=\"2 minutos\" \/>\n<script type=\"application\/ld+json\" class=\"yoast-schema-graph\">{\"@context\":\"https:\/\/schema.org\",\"@graph\":[{\"@type\":\"WebPage\",\"@id\":\"https:\/\/www.csj-emballages.com\/pt-pt\/produit\/50-caixas-para-criancas-com-pega-17-x-16-x-10-cm\/\",\"url\":\"https:\/\/www.csj-emballages.com\/pt-pt\/produit\/50-caixas-para-criancas-com-pega-17-x-16-x-10-cm\/\",\"name\":\"Lancheira para crian\u00e7as com pega 17 x 16 x 10 cm, 50 unidades\",\"isPartOf\":{\"@id\":\"https:\/\/www.csj-emballages.com\/pt-pt\/#website\"},\"primaryImageOfPage\":{\"@id\":\"https:\/\/www.csj-emballages.com\/pt-pt\/produit\/50-caixas-para-criancas-com-pega-17-x-16-x-10-cm\/#primaryimage\"},\"image\":{\"@id\":\"https:\/\/www.csj-emballages.com\/pt-pt\/produit\/50-caixas-para-criancas-com-pega-17-x-16-x-10-cm\/#primaryimage\"},\"thumbnailUrl\":\"https:\/\/www.csj-emballages.com\/wp-content\/uploads\/2024\/03\/CPPKID-png.webp\",\"datePublished\":\"2024-03-01T15:54:39+00:00\",\"dateModified\":\"2026-04-03T00:15:12+00:00\",\"description\":\"Lancheira para crian\u00e7as com pega 17 x 16 x 10 cm - Pr\u00e1tica, leve e colorida, ideal para menus takeaway ou eventos infantis. Embalagem de 50.\",\"breadcrumb\":{\"@id\":\"https:\/\/www.csj-emballages.com\/pt-pt\/produit\/50-caixas-para-criancas-com-pega-17-x-16-x-10-cm\/#breadcrumb\"},\"inLanguage\":\"pt-PT\",\"potentialAction\":[{\"@type\":\"ReadAction\",\"target\":[\"https:\/\/www.csj-emballages.com\/pt-pt\/produit\/50-caixas-para-criancas-com-pega-17-x-16-x-10-cm\/\"]}]},{\"@type\":\"ImageObject\",\"inLanguage\":\"pt-PT\",\"@id\":\"https:\/\/www.csj-emballages.com\/pt-pt\/produit\/50-caixas-para-criancas-com-pega-17-x-16-x-10-cm\/#primaryimage\",\"url\":\"https:\/\/www.csj-emballages.com\/wp-content\/uploads\/2024\/03\/CPPKID-png.webp\",\"contentUrl\":\"https:\/\/www.csj-emballages.com\/wp-content\/uploads\/2024\/03\/CPPKID-png.webp\",\"width\":800,\"height\":800,\"caption\":\"boite repas enfant\"},{\"@type\":\"BreadcrumbList\",\"@id\":\"https:\/\/www.csj-emballages.com\/pt-pt\/produit\/50-caixas-para-criancas-com-pega-17-x-16-x-10-cm\/#breadcrumb\",\"itemListElement\":[{\"@type\":\"ListItem\",\"position\":1,\"name\":\"Acolhimento\",\"item\":\"https:\/\/www.csj-emballages.com\/pt-pt\/universo-das-embalagens-alimentares\/\"},{\"@type\":\"ListItem\",\"position\":2,\"name\":\"Shop\",\"item\":\"https:\/\/www.csj-emballages.com\/shop\/\"},{\"@type\":\"ListItem\",\"position\":3,\"name\":\"Lancheira para crian\u00e7as com pega 17 x 16 x 10 cm, 50 unidades\"}]},{\"@type\":\"WebSite\",\"@id\":\"https:\/\/www.csj-emballages.com\/pt-pt\/#website\",\"url\":\"https:\/\/www.csj-emballages.com\/pt-pt\/\",\"name\":\"CSJ Emballages\",\"description\":\"\",\"publisher\":{\"@id\":\"https:\/\/www.csj-emballages.com\/pt-pt\/#organization\"},\"potentialAction\":[{\"@type\":\"SearchAction\",\"target\":{\"@type\":\"EntryPoint\",\"urlTemplate\":\"https:\/\/www.csj-emballages.com\/pt-pt\/?s={search_term_string}\"},\"query-input\":{\"@type\":\"PropertyValueSpecification\",\"valueRequired\":true,\"valueName\":\"search_term_string\"}}],\"inLanguage\":\"pt-PT\"},{\"@type\":\"Organization\",\"@id\":\"https:\/\/www.csj-emballages.com\/pt-pt\/#Organization\/\",\"name\":\"CSJ Emballages\",\"url\":\"https:\/\/www.csj-emballages.com\/pt-pt\/\",\"logo\":{\"@type\":\"ImageObject\",\"inLanguage\":\"pt-PT\",\"@id\":\"https:\/\/www.csj-emballages.com\/pt-pt\/#\/schema\/logo\/image\/\",\"url\":\"https:\/\/www.csj-emballages.com\/wp-content\/uploads\/2023\/10\/logo_csj.webp\",\"contentUrl\":\"https:\/\/www.csj-emballages.com\/wp-content\/uploads\/2023\/10\/logo_csj.webp\",\"width\":250,\"height\":95,\"caption\":\"CSJ Emballages\"},\"image\":{\"@id\":\"https:\/\/www.csj-emballages.com\/pt-pt\/#\/schema\/logo\/image\/\"},\"sameAs\":[\"https:\/\/www.facebook.com\/csjemballages\"],\"address\":{\"@type\":\"PostalAddress\",\"streetAddress\":\"ZI La Lechere\",\"addressLocality\":\"Patornay\",\"postalCode\":\"39130\",\"addressCountry\":\"FR\"},\"contactPoint\":[{\"@type\":\"ContactPoint\",\"contactType\":\"Service client\",\"telephone\":\"0384254272\",\"email\":\"contact@csj-emballages.com\"}]}]}<\/script>\n<!-- \/ Yoast SEO Premium plugin. -->","yoast_head_json":{"title":"Lancheira para crian\u00e7as com pega 17 x 16 x 10 cm, 50 unidades","description":"Lancheira para crian\u00e7as com pega 17 x 16 x 10 cm - Pr\u00e1tica, leve e colorida, ideal para menus takeaway ou eventos infantis. Embalagem de 50.","robots":{"index":"index","follow":"follow","max-snippet":"max-snippet:-1","max-image-preview":"max-image-preview:large","max-video-preview":"max-video-preview:-1"},"canonical":"https:\/\/www.csj-emballages.com\/pt-pt\/produit\/50-caixas-para-criancas-com-pega-17-x-16-x-10-cm\/","og_locale":"pt_PT","og_type":"article","og_title":"Lancheira para crian\u00e7as com pega 17 x 16 x 10 cm, 50 unidades","og_description":"Lancheira para crian\u00e7as com pega 17 x 16 x 10 cm - Pr\u00e1tica, leve e colorida, ideal para menus takeaway ou eventos infantis. Embalagem de 50.","og_url":"https:\/\/www.csj-emballages.com\/pt-pt\/produit\/50-caixas-para-criancas-com-pega-17-x-16-x-10-cm\/","og_site_name":"CSJ Emballages","article_publisher":"https:\/\/www.facebook.com\/csjemballages","article_modified_time":"2026-04-03T00:15:12+00:00","og_image":[{"width":800,"height":800,"url":"https:\/\/www.csj-emballages.com\/wp-content\/uploads\/2024\/03\/CPPKID-png.webp","type":"image\/png"}],"twitter_card":"summary_large_image","twitter_misc":{"Tempo estimado de leitura":"2 minutos"},"schema":{"@context":"https:\/\/schema.org","@graph":[{"@type":"WebPage","@id":"https:\/\/www.csj-emballages.com\/pt-pt\/produit\/50-caixas-para-criancas-com-pega-17-x-16-x-10-cm\/","url":"https:\/\/www.csj-emballages.com\/pt-pt\/produit\/50-caixas-para-criancas-com-pega-17-x-16-x-10-cm\/","name":"Lancheira para crian\u00e7as com pega 17 x 16 x 10 cm, 50 unidades","isPartOf":{"@id":"https:\/\/www.csj-emballages.com\/pt-pt\/#website"},"primaryImageOfPage":{"@id":"https:\/\/www.csj-emballages.com\/pt-pt\/produit\/50-caixas-para-criancas-com-pega-17-x-16-x-10-cm\/#primaryimage"},"image":{"@id":"https:\/\/www.csj-emballages.com\/pt-pt\/produit\/50-caixas-para-criancas-com-pega-17-x-16-x-10-cm\/#primaryimage"},"thumbnailUrl":"https:\/\/www.csj-emballages.com\/wp-content\/uploads\/2024\/03\/CPPKID-png.webp","datePublished":"2024-03-01T15:54:39+00:00","dateModified":"2026-04-03T00:15:12+00:00","description":"Lancheira para crian\u00e7as com pega 17 x 16 x 10 cm - Pr\u00e1tica, leve e colorida, ideal para menus takeaway ou eventos infantis. Embalagem de 50.","breadcrumb":{"@id":"https:\/\/www.csj-emballages.com\/pt-pt\/produit\/50-caixas-para-criancas-com-pega-17-x-16-x-10-cm\/#breadcrumb"},"inLanguage":"pt-PT","potentialAction":[{"@type":"ReadAction","target":["https:\/\/www.csj-emballages.com\/pt-pt\/produit\/50-caixas-para-criancas-com-pega-17-x-16-x-10-cm\/"]}]},{"@type":"ImageObject","inLanguage":"pt-PT","@id":"https:\/\/www.csj-emballages.com\/pt-pt\/produit\/50-caixas-para-criancas-com-pega-17-x-16-x-10-cm\/#primaryimage","url":"https:\/\/www.csj-emballages.com\/wp-content\/uploads\/2024\/03\/CPPKID-png.webp","contentUrl":"https:\/\/www.csj-emballages.com\/wp-content\/uploads\/2024\/03\/CPPKID-png.webp","width":800,"height":800,"caption":"boite repas enfant"},{"@type":"BreadcrumbList","@id":"https:\/\/www.csj-emballages.com\/pt-pt\/produit\/50-caixas-para-criancas-com-pega-17-x-16-x-10-cm\/#breadcrumb","itemListElement":[{"@type":"ListItem","position":1,"name":"Acolhimento","item":"https:\/\/www.csj-emballages.com\/pt-pt\/universo-das-embalagens-alimentares\/"},{"@type":"ListItem","position":2,"name":"Shop","item":"https:\/\/www.csj-emballages.com\/shop\/"},{"@type":"ListItem","position":3,"name":"Lancheira para crian\u00e7as com pega 17 x 16 x 10 cm, 50 unidades"}]},{"@type":"WebSite","@id":"https:\/\/www.csj-emballages.com\/pt-pt\/#website","url":"https:\/\/www.csj-emballages.com\/pt-pt\/","name":"CSJ Emballages","description":"","publisher":{"@id":"https:\/\/www.csj-emballages.com\/pt-pt\/#organization"},"potentialAction":[{"@type":"SearchAction","target":{"@type":"EntryPoint","urlTemplate":"https:\/\/www.csj-emballages.com\/pt-pt\/?s={search_term_string}"},"query-input":{"@type":"PropertyValueSpecification","valueRequired":true,"valueName":"search_term_string"}}],"inLanguage":"pt-PT"},{"@type":"Organization","@id":"https:\/\/www.csj-emballages.com\/pt-pt\/#Organization\/","name":"CSJ Emballages","url":"https:\/\/www.csj-emballages.com\/pt-pt\/","logo":{"@type":"ImageObject","inLanguage":"pt-PT","@id":"https:\/\/www.csj-emballages.com\/pt-pt\/#\/schema\/logo\/image\/","url":"https:\/\/www.csj-emballages.com\/wp-content\/uploads\/2023\/10\/logo_csj.webp","contentUrl":"https:\/\/www.csj-emballages.com\/wp-content\/uploads\/2023\/10\/logo_csj.webp","width":250,"height":95,"caption":"CSJ Emballages"},"image":{"@id":"https:\/\/www.csj-emballages.com\/pt-pt\/#\/schema\/logo\/image\/"},"sameAs":["https:\/\/www.facebook.com\/csjemballages"],"address":{"@type":"PostalAddress","streetAddress":"ZI La Lechere","addressLocality":"Patornay","postalCode":"39130","addressCountry":"FR"},"contactPoint":[{"@type":"ContactPoint","contactType":"Service client","telephone":"0384254272","email":"contact@csj-emballages.com"}]}]}},"df_price":15.42,"df_sale_price":"","df_regular_price":15.42,"df_image_link":"https:\/\/www.csj-emballages.com\/wp-content\/uploads\/2024\/03\/CPPKID-300x300.webp","tiered_pricing_type":"fixed","tiered_pricing_fixed_rules":[],"tiered_pricing_percentage_rules":[],"tiered_pricing_minimum":1,"tiered_pricing_roles_data":[],"_links":{"self":[{"href":"https:\/\/www.csj-emballages.com\/pt-pt\/wp-json\/wp\/v2\/product\/20420","targetHints":{"allow":["GET"]}}],"collection":[{"href":"https:\/\/www.csj-emballages.com\/pt-pt\/wp-json\/wp\/v2\/product"}],"about":[{"href":"https:\/\/www.csj-emballages.com\/pt-pt\/wp-json\/wp\/v2\/types\/product"}],"wp:featuredmedia":[{"embeddable":true,"href":"https:\/\/www.csj-emballages.com\/pt-pt\/wp-json\/wp\/v2\/media\/230538"}],"wp:attachment":[{"href":"https:\/\/www.csj-emballages.com\/pt-pt\/wp-json\/wp\/v2\/media?parent=20420"}],"wp:term":[{"taxonomy":"product_brand","embeddable":true,"href":"https:\/\/www.csj-emballages.com\/pt-pt\/wp-json\/wp\/v2\/product_brand?post=20420"},{"taxonomy":"product_cat","embeddable":true,"href":"https:\/\/www.csj-emballages.com\/pt-pt\/wp-json\/wp\/v2\/product_cat?post=20420"},{"taxonomy":"product_tag","embeddable":true,"href":"https:\/\/www.csj-emballages.com\/pt-pt\/wp-json\/wp\/v2\/product_tag?post=20420"}],"curies":[{"name":"wp","href":"https:\/\/api.w.org\/{rel}","templated":true}]}}