{"id":20418,"date":"2024-03-01T16:54:39","date_gmt":"2024-03-01T15:54:39","guid":{"rendered":"https:\/\/u15jnbdpoq.preview.infomaniak.website\/produit\/50-caixas-de-pastelaria-brancas-com-pegas-10-x-18-x-7-cm\/"},"modified":"2026-04-28T02:14:07","modified_gmt":"2026-04-28T00:14:07","slug":"50-caixas-de-pastelaria-brancas-com-pegas-10-x-18-x-7-cm","status":"publish","type":"product","link":"https:\/\/www.csj-emballages.com\/pt-pt\/produit\/50-caixas-de-pastelaria-brancas-com-pegas-10-x-18-x-7-cm\/","title":{"rendered":"Caixa para pastelaria branca com pega 10 x 18 x 7 cm por 50"},"content":{"rendered":"<h2>Caixa para pastelaria<\/h2>\n<hr>\n<h3>Descri\u00e7\u00e3o da nossa caixa de pastelaria branca com pega 10 x 18 x 7 cm, 50 unidades<\/h3>\n<p><!--more--><\/p>\n<p>As caixas brancas 10x18x7cm com pegas s\u00e3o ideais para transportares os teus bolos com toda a seguran\u00e7a. O seu tamanho torna-as perfeitas para por\u00e7\u00f5es individuais ou pequenas cria\u00e7\u00f5es gourmet. Com uma pega pr\u00e1tica, s\u00e3o f\u00e1ceis de transportar e confort\u00e1veis de segurar. S\u00e3o feitas de cart\u00e3o resistente, para que as tuas sobremesas n\u00e3o sofram golpes ou sejam esmagadas. Al\u00e9m disso, a sua cor branca elegante d\u00e1 um toque de eleg\u00e2ncia \u00e0 apresenta\u00e7\u00e3o dos teus produtos. Muito pr\u00e1ticas para padarias, pastelarias ou para eventos privados como casamentos ou anivers\u00e1rios. Al\u00e9m disso, estas caixas brancas com pegas (10x18x7cm) s\u00e3o leves e f\u00e1ceis de montar, poupando-te tempo ao embalar. O seu cart\u00e3o recicl\u00e1vel torna-as tamb\u00e9m uma op\u00e7\u00e3o eco-respons\u00e1vel, ideal para profissionais preocupados com o ambiente.       <\/p>\n<p>&nbsp;<\/p>\n<p><!--more--><\/p>\n<p>Satisfeito com a sua qualidade, n\u00e3o vais querer passar sem eles!<\/p>\n<p>&nbsp;<\/p>\n<p><!--more--><\/p>\n<p><strong>As suas vantagens:<\/strong><\/p>\n<ul>\n<li><strong>F\u00e1cil de transportar<\/strong>: A pega integrada facilita o transporte seguro dos bolos.<\/li>\n<li><strong>Montagem r\u00e1pida<\/strong>: F\u00e1cil de montar, poupa tempo aos profissionais.<\/li>\n<li><strong>Versatilidade<\/strong>: Adequado para v\u00e1rios tipos de pastelaria, como bolos, tartes e entremets.<\/li>\n<li><strong>Pr\u00e1tico para eventos<\/strong>: Ideal para casamentos, anivers\u00e1rios e outros eventos.<\/li>\n<\/ul>\n<p>&nbsp;<\/p>\n<p><!--more--><\/p>\n<p>Dispon\u00edvel em v\u00e1rios tamanhos: <span style=\"color: #d12727;\"><a style=\"color: #d12727;\" href=\"https:\/\/www.csj-emballages.com\/produit\/50-caissettes-patissieres-blanches-a-poignee-carton-12-x-10-x-7-cm\/\">12 x 10 x 7 cm<\/a><\/span> \/ <span style=\"color: #d12727;\"><a style=\"color: #d12727;\" href=\"https:\/\/www.csj-emballages.com\/pt-pt\/produit\/50-caixas-de-pastelaria-brancas-com-pega-16-x-18-x-7-cm\/\">16 x 18 x 7 cm<\/a> <\/span>\/ <span style=\"color: #d12727;\"><a style=\"color: #d12727;\" href=\"https:\/\/www.csj-emballages.com\/pt-pt\/produit\/50-caixas-de-pastelaria-brancas-com-pegas-20-x-18-x-7-cm\/\">20 x 18 x 7 cm<\/a><\/span><\/p>\n<p>&nbsp;<\/p>\n<p><!--more--><\/p>\n<p><a href=\"https:\/\/www.csj-emballages.com\/pt-pt\/categorie-produit\/embalagem-de-alimentos\/padaria-e-pastelaria\/caixas-pt-pt-3\/caixas-para-pastelaria-com-pegas\/caixas-de-pastelaria-brancas-pt-pt\/\">V\u00ea o resto da nossa gama de caixas de pastelaria brancas com pega<\/a><\/p>\n","protected":false},"excerpt":{"rendered":"<p>Caixa para pastelaria Descri\u00e7\u00e3o da nossa caixa de pastelaria branca com pega 10 x 18 x 7 cm, 50 unidades<\/p>\n","protected":false},"featured_media":224184,"template":"","meta":{"_acf_changed":false},"product_brand":[],"product_cat":[1141,1177,1248,2499],"product_tag":[],"class_list":{"0":"post-20418","1":"product","2":"type-product","3":"status-publish","4":"has-post-thumbnail","6":"product_cat-embalagem-de-alimentos","7":"product_cat-padaria-e-pastelaria","8":"product_cat-caixas-para-pastelaria-com-pegas","9":"product_cat-caixas-de-pastelaria-brancas-pt-pt","11":"first","12":"instock","13":"taxable","14":"shipping-taxable","15":"purchasable","16":"product-type-simple"},"acf":[],"yoast_head":"<!-- This site is optimized with the Yoast SEO Premium plugin v26.6 (Yoast SEO v26.6) - https:\/\/yoast.com\/wordpress\/plugins\/seo\/ -->\n<title>Caixas brancas com pega 10x18x7cm \/ CSJ Emballages<\/title>\n<meta name=\"description\" content=\"Caixas brancas com pega 10x18x7cm: transporte pr\u00e1tico, prote\u00e7\u00e3o \u00f3ptima, elegantes, ecol\u00f3gicas, perfeitas para pastelarias e eventos.\" \/>\n<meta name=\"robots\" content=\"index, follow, max-snippet:-1, max-image-preview:large, max-video-preview:-1\" \/>\n<link rel=\"canonical\" href=\"https:\/\/www.csj-emballages.com\/pt-pt\/produit\/50-caixas-de-pastelaria-brancas-com-pegas-10-x-18-x-7-cm\/\" \/>\n<meta property=\"og:locale\" content=\"pt_PT\" \/>\n<meta property=\"og:type\" content=\"article\" \/>\n<meta property=\"og:title\" content=\"Caixa para pastelaria branca com pega 10 x 18 x 7 cm por 50\" \/>\n<meta property=\"og:description\" content=\"Caixas brancas com pega 10x18x7cm: transporte pr\u00e1tico, prote\u00e7\u00e3o \u00f3ptima, elegantes, ecol\u00f3gicas, perfeitas para pastelarias e eventos.\" \/>\n<meta property=\"og:url\" content=\"https:\/\/www.csj-emballages.com\/pt-pt\/produit\/50-caixas-de-pastelaria-brancas-com-pegas-10-x-18-x-7-cm\/\" \/>\n<meta property=\"og:site_name\" content=\"CSJ Emballages\" \/>\n<meta property=\"article:publisher\" content=\"https:\/\/www.facebook.com\/csjemballages\" \/>\n<meta property=\"article:modified_time\" content=\"2026-04-28T00:14:07+00:00\" \/>\n<meta property=\"og:image\" content=\"https:\/\/www.csj-emballages.com\/wp-content\/uploads\/2024\/03\/caissette-poignee.webp\" \/>\n\t<meta property=\"og:image:width\" content=\"800\" \/>\n\t<meta property=\"og:image:height\" content=\"800\" \/>\n\t<meta property=\"og:image:type\" content=\"image\/webp\" \/>\n<meta name=\"twitter:card\" content=\"summary_large_image\" \/>\n<meta name=\"twitter:label1\" content=\"Tempo estimado de leitura\" \/>\n\t<meta name=\"twitter:data1\" content=\"1 minuto\" \/>\n<script type=\"application\/ld+json\" class=\"yoast-schema-graph\">{\"@context\":\"https:\/\/schema.org\",\"@graph\":[{\"@type\":\"WebPage\",\"@id\":\"https:\/\/www.csj-emballages.com\/pt-pt\/produit\/50-caixas-de-pastelaria-brancas-com-pegas-10-x-18-x-7-cm\/\",\"url\":\"https:\/\/www.csj-emballages.com\/pt-pt\/produit\/50-caixas-de-pastelaria-brancas-com-pegas-10-x-18-x-7-cm\/\",\"name\":\"Caixas brancas com pega 10x18x7cm \/ CSJ Emballages\",\"isPartOf\":{\"@id\":\"https:\/\/www.csj-emballages.com\/pt-pt\/#website\"},\"primaryImageOfPage\":{\"@id\":\"https:\/\/www.csj-emballages.com\/pt-pt\/produit\/50-caixas-de-pastelaria-brancas-com-pegas-10-x-18-x-7-cm\/#primaryimage\"},\"image\":{\"@id\":\"https:\/\/www.csj-emballages.com\/pt-pt\/produit\/50-caixas-de-pastelaria-brancas-com-pegas-10-x-18-x-7-cm\/#primaryimage\"},\"thumbnailUrl\":\"https:\/\/www.csj-emballages.com\/wp-content\/uploads\/2024\/03\/caissette-poignee.webp\",\"datePublished\":\"2024-03-01T15:54:39+00:00\",\"dateModified\":\"2026-04-28T00:14:07+00:00\",\"description\":\"Caixas brancas com pega 10x18x7cm: transporte pr\u00e1tico, prote\u00e7\u00e3o \u00f3ptima, elegantes, ecol\u00f3gicas, perfeitas para pastelarias e eventos.\",\"breadcrumb\":{\"@id\":\"https:\/\/www.csj-emballages.com\/pt-pt\/produit\/50-caixas-de-pastelaria-brancas-com-pegas-10-x-18-x-7-cm\/#breadcrumb\"},\"inLanguage\":\"pt-PT\",\"potentialAction\":[{\"@type\":\"ReadAction\",\"target\":[\"https:\/\/www.csj-emballages.com\/pt-pt\/produit\/50-caixas-de-pastelaria-brancas-com-pegas-10-x-18-x-7-cm\/\"]}]},{\"@type\":\"ImageObject\",\"inLanguage\":\"pt-PT\",\"@id\":\"https:\/\/www.csj-emballages.com\/pt-pt\/produit\/50-caixas-de-pastelaria-brancas-com-pegas-10-x-18-x-7-cm\/#primaryimage\",\"url\":\"https:\/\/www.csj-emballages.com\/wp-content\/uploads\/2024\/03\/caissette-poignee.webp\",\"contentUrl\":\"https:\/\/www.csj-emballages.com\/wp-content\/uploads\/2024\/03\/caissette-poignee.webp\",\"width\":800,\"height\":800,\"caption\":\"Caissette p\u00e2tissi\u00e8re\"},{\"@type\":\"BreadcrumbList\",\"@id\":\"https:\/\/www.csj-emballages.com\/pt-pt\/produit\/50-caixas-de-pastelaria-brancas-com-pegas-10-x-18-x-7-cm\/#breadcrumb\",\"itemListElement\":[{\"@type\":\"ListItem\",\"position\":1,\"name\":\"Acolhimento\",\"item\":\"https:\/\/www.csj-emballages.com\/pt-pt\/universo-das-embalagens-alimentares\/\"},{\"@type\":\"ListItem\",\"position\":2,\"name\":\"Shop\",\"item\":\"https:\/\/www.csj-emballages.com\/shop\/\"},{\"@type\":\"ListItem\",\"position\":3,\"name\":\"Caixa para pastelaria branca com pega 10 x 18 x 7 cm por 50\"}]},{\"@type\":\"WebSite\",\"@id\":\"https:\/\/www.csj-emballages.com\/pt-pt\/#website\",\"url\":\"https:\/\/www.csj-emballages.com\/pt-pt\/\",\"name\":\"CSJ Emballages\",\"description\":\"\",\"publisher\":{\"@id\":\"https:\/\/www.csj-emballages.com\/pt-pt\/#organization\"},\"potentialAction\":[{\"@type\":\"SearchAction\",\"target\":{\"@type\":\"EntryPoint\",\"urlTemplate\":\"https:\/\/www.csj-emballages.com\/pt-pt\/?s={search_term_string}\"},\"query-input\":{\"@type\":\"PropertyValueSpecification\",\"valueRequired\":true,\"valueName\":\"search_term_string\"}}],\"inLanguage\":\"pt-PT\"},{\"@type\":\"Organization\",\"@id\":\"https:\/\/www.csj-emballages.com\/pt-pt\/#Organization\/\",\"name\":\"CSJ Emballages\",\"url\":\"https:\/\/www.csj-emballages.com\/pt-pt\/\",\"logo\":{\"@type\":\"ImageObject\",\"inLanguage\":\"pt-PT\",\"@id\":\"https:\/\/www.csj-emballages.com\/pt-pt\/#\/schema\/logo\/image\/\",\"url\":\"https:\/\/www.csj-emballages.com\/wp-content\/uploads\/2023\/10\/logo_csj.webp\",\"contentUrl\":\"https:\/\/www.csj-emballages.com\/wp-content\/uploads\/2023\/10\/logo_csj.webp\",\"width\":250,\"height\":95,\"caption\":\"CSJ Emballages\"},\"image\":{\"@id\":\"https:\/\/www.csj-emballages.com\/pt-pt\/#\/schema\/logo\/image\/\"},\"sameAs\":[\"https:\/\/www.facebook.com\/csjemballages\"],\"address\":{\"@type\":\"PostalAddress\",\"streetAddress\":\"ZI La Lechere\",\"addressLocality\":\"Patornay\",\"postalCode\":\"39130\",\"addressCountry\":\"FR\"},\"contactPoint\":[{\"@type\":\"ContactPoint\",\"contactType\":\"Service client\",\"telephone\":\"0384254272\",\"email\":\"contact@csj-emballages.com\"}]}]}<\/script>\n<!-- \/ Yoast SEO Premium plugin. -->","yoast_head_json":{"title":"Caixas brancas com pega 10x18x7cm \/ CSJ Emballages","description":"Caixas brancas com pega 10x18x7cm: transporte pr\u00e1tico, prote\u00e7\u00e3o \u00f3ptima, elegantes, ecol\u00f3gicas, perfeitas para pastelarias e eventos.","robots":{"index":"index","follow":"follow","max-snippet":"max-snippet:-1","max-image-preview":"max-image-preview:large","max-video-preview":"max-video-preview:-1"},"canonical":"https:\/\/www.csj-emballages.com\/pt-pt\/produit\/50-caixas-de-pastelaria-brancas-com-pegas-10-x-18-x-7-cm\/","og_locale":"pt_PT","og_type":"article","og_title":"Caixa para pastelaria branca com pega 10 x 18 x 7 cm por 50","og_description":"Caixas brancas com pega 10x18x7cm: transporte pr\u00e1tico, prote\u00e7\u00e3o \u00f3ptima, elegantes, ecol\u00f3gicas, perfeitas para pastelarias e eventos.","og_url":"https:\/\/www.csj-emballages.com\/pt-pt\/produit\/50-caixas-de-pastelaria-brancas-com-pegas-10-x-18-x-7-cm\/","og_site_name":"CSJ Emballages","article_publisher":"https:\/\/www.facebook.com\/csjemballages","article_modified_time":"2026-04-28T00:14:07+00:00","og_image":[{"width":800,"height":800,"url":"https:\/\/www.csj-emballages.com\/wp-content\/uploads\/2024\/03\/caissette-poignee.webp","type":"image\/webp"}],"twitter_card":"summary_large_image","twitter_misc":{"Tempo estimado de leitura":"1 minuto"},"schema":{"@context":"https:\/\/schema.org","@graph":[{"@type":"WebPage","@id":"https:\/\/www.csj-emballages.com\/pt-pt\/produit\/50-caixas-de-pastelaria-brancas-com-pegas-10-x-18-x-7-cm\/","url":"https:\/\/www.csj-emballages.com\/pt-pt\/produit\/50-caixas-de-pastelaria-brancas-com-pegas-10-x-18-x-7-cm\/","name":"Caixas brancas com pega 10x18x7cm \/ CSJ Emballages","isPartOf":{"@id":"https:\/\/www.csj-emballages.com\/pt-pt\/#website"},"primaryImageOfPage":{"@id":"https:\/\/www.csj-emballages.com\/pt-pt\/produit\/50-caixas-de-pastelaria-brancas-com-pegas-10-x-18-x-7-cm\/#primaryimage"},"image":{"@id":"https:\/\/www.csj-emballages.com\/pt-pt\/produit\/50-caixas-de-pastelaria-brancas-com-pegas-10-x-18-x-7-cm\/#primaryimage"},"thumbnailUrl":"https:\/\/www.csj-emballages.com\/wp-content\/uploads\/2024\/03\/caissette-poignee.webp","datePublished":"2024-03-01T15:54:39+00:00","dateModified":"2026-04-28T00:14:07+00:00","description":"Caixas brancas com pega 10x18x7cm: transporte pr\u00e1tico, prote\u00e7\u00e3o \u00f3ptima, elegantes, ecol\u00f3gicas, perfeitas para pastelarias e eventos.","breadcrumb":{"@id":"https:\/\/www.csj-emballages.com\/pt-pt\/produit\/50-caixas-de-pastelaria-brancas-com-pegas-10-x-18-x-7-cm\/#breadcrumb"},"inLanguage":"pt-PT","potentialAction":[{"@type":"ReadAction","target":["https:\/\/www.csj-emballages.com\/pt-pt\/produit\/50-caixas-de-pastelaria-brancas-com-pegas-10-x-18-x-7-cm\/"]}]},{"@type":"ImageObject","inLanguage":"pt-PT","@id":"https:\/\/www.csj-emballages.com\/pt-pt\/produit\/50-caixas-de-pastelaria-brancas-com-pegas-10-x-18-x-7-cm\/#primaryimage","url":"https:\/\/www.csj-emballages.com\/wp-content\/uploads\/2024\/03\/caissette-poignee.webp","contentUrl":"https:\/\/www.csj-emballages.com\/wp-content\/uploads\/2024\/03\/caissette-poignee.webp","width":800,"height":800,"caption":"Caissette p\u00e2tissi\u00e8re"},{"@type":"BreadcrumbList","@id":"https:\/\/www.csj-emballages.com\/pt-pt\/produit\/50-caixas-de-pastelaria-brancas-com-pegas-10-x-18-x-7-cm\/#breadcrumb","itemListElement":[{"@type":"ListItem","position":1,"name":"Acolhimento","item":"https:\/\/www.csj-emballages.com\/pt-pt\/universo-das-embalagens-alimentares\/"},{"@type":"ListItem","position":2,"name":"Shop","item":"https:\/\/www.csj-emballages.com\/shop\/"},{"@type":"ListItem","position":3,"name":"Caixa para pastelaria branca com pega 10 x 18 x 7 cm por 50"}]},{"@type":"WebSite","@id":"https:\/\/www.csj-emballages.com\/pt-pt\/#website","url":"https:\/\/www.csj-emballages.com\/pt-pt\/","name":"CSJ Emballages","description":"","publisher":{"@id":"https:\/\/www.csj-emballages.com\/pt-pt\/#organization"},"potentialAction":[{"@type":"SearchAction","target":{"@type":"EntryPoint","urlTemplate":"https:\/\/www.csj-emballages.com\/pt-pt\/?s={search_term_string}"},"query-input":{"@type":"PropertyValueSpecification","valueRequired":true,"valueName":"search_term_string"}}],"inLanguage":"pt-PT"},{"@type":"Organization","@id":"https:\/\/www.csj-emballages.com\/pt-pt\/#Organization\/","name":"CSJ Emballages","url":"https:\/\/www.csj-emballages.com\/pt-pt\/","logo":{"@type":"ImageObject","inLanguage":"pt-PT","@id":"https:\/\/www.csj-emballages.com\/pt-pt\/#\/schema\/logo\/image\/","url":"https:\/\/www.csj-emballages.com\/wp-content\/uploads\/2023\/10\/logo_csj.webp","contentUrl":"https:\/\/www.csj-emballages.com\/wp-content\/uploads\/2023\/10\/logo_csj.webp","width":250,"height":95,"caption":"CSJ Emballages"},"image":{"@id":"https:\/\/www.csj-emballages.com\/pt-pt\/#\/schema\/logo\/image\/"},"sameAs":["https:\/\/www.facebook.com\/csjemballages"],"address":{"@type":"PostalAddress","streetAddress":"ZI La Lechere","addressLocality":"Patornay","postalCode":"39130","addressCountry":"FR"},"contactPoint":[{"@type":"ContactPoint","contactType":"Service client","telephone":"0384254272","email":"contact@csj-emballages.com"}]}]}},"df_price":10.36,"df_sale_price":"","df_regular_price":10.36,"df_image_link":"https:\/\/www.csj-emballages.com\/wp-content\/uploads\/2024\/03\/caissette-poignee-300x300.webp","tiered_pricing_type":"fixed","tiered_pricing_fixed_rules":[],"tiered_pricing_percentage_rules":[],"tiered_pricing_minimum":1,"tiered_pricing_roles_data":[],"_links":{"self":[{"href":"https:\/\/www.csj-emballages.com\/pt-pt\/wp-json\/wp\/v2\/product\/20418","targetHints":{"allow":["GET"]}}],"collection":[{"href":"https:\/\/www.csj-emballages.com\/pt-pt\/wp-json\/wp\/v2\/product"}],"about":[{"href":"https:\/\/www.csj-emballages.com\/pt-pt\/wp-json\/wp\/v2\/types\/product"}],"wp:featuredmedia":[{"embeddable":true,"href":"https:\/\/www.csj-emballages.com\/pt-pt\/wp-json\/wp\/v2\/media\/224184"}],"wp:attachment":[{"href":"https:\/\/www.csj-emballages.com\/pt-pt\/wp-json\/wp\/v2\/media?parent=20418"}],"wp:term":[{"taxonomy":"product_brand","embeddable":true,"href":"https:\/\/www.csj-emballages.com\/pt-pt\/wp-json\/wp\/v2\/product_brand?post=20418"},{"taxonomy":"product_cat","embeddable":true,"href":"https:\/\/www.csj-emballages.com\/pt-pt\/wp-json\/wp\/v2\/product_cat?post=20418"},{"taxonomy":"product_tag","embeddable":true,"href":"https:\/\/www.csj-emballages.com\/pt-pt\/wp-json\/wp\/v2\/product_tag?post=20418"}],"curies":[{"name":"wp","href":"https:\/\/api.w.org\/{rel}","templated":true}]}}