{"id":20383,"date":"2024-03-01T16:54:41","date_gmt":"2024-03-01T15:54:41","guid":{"rendered":"https:\/\/u15jnbdpoq.preview.infomaniak.website\/produit\/20-tampas-translucidas-para-tabuleiros-descartaveis-de-2-compartimentos-675-415-ml\/"},"modified":"2026-04-03T02:15:02","modified_gmt":"2026-04-03T00:15:02","slug":"20-tampas-translucidas-para-tabuleiros-descartaveis-de-2-compartimentos-675-415-ml","status":"publish","type":"product","link":"https:\/\/www.csj-emballages.com\/pt-pt\/produit\/20-tampas-translucidas-para-tabuleiros-descartaveis-de-2-compartimentos-675-415-ml\/","title":{"rendered":"Tampa de pl\u00e1stico para tabuleiro de 2 compartimentos 675 \/ 415 ml, 20 unidades"},"content":{"rendered":"<div>\n<h2 style=\"font-family: Roboto, sans-serif;\">Tampa de pl\u00e1stico<\/h2>\n<hr>\n<h3 style=\"font-family: Roboto, sans-serif;\"><span style=\"font-weight: bold;\">Descobre as nossas tampas de pl\u00e1stico para tabuleiros de 2 compartimentos 675 \/ 415 ml, embalagem de 20<\/span><\/h3>\n<p><!--more--><\/p>\n<p>A <strong>tampa de pl\u00e1stico<\/strong> para <strong>tabuleiros de micro-ondas de 2 compartimentos de 675\/415 ml<\/strong> proporciona uma veda\u00e7\u00e3o pr\u00e1tica e herm\u00e9tica, adequada para <strong>micro-ondas<\/strong>. Concebida para manter o calor e a qualidade dos alimentos, \u00e9 perfeita para a utiliza\u00e7\u00e3o quotidiana na cozinha. Esta embalagem de <strong>20 tampas<\/strong> permite uma utiliza\u00e7\u00e3o flex\u00edvel para refei\u00e7\u00f5es para levar ou prepara\u00e7\u00f5es no micro-ondas. O seu design \u00e9 ideal para uma utiliza\u00e7\u00e3o r\u00e1pida e f\u00e1cil, mantendo-se dur\u00e1vel e funcional.<\/p>\n<p>&nbsp;<\/p>\n<\/div>\n<p><!--more--><\/p>\n<div>\n<p><strong>Um fecho de bot\u00f5es de press\u00e3o totalmente herm\u00e9tico e seguro.<\/strong><\/p>\n<p>&nbsp;<\/p>\n<p><!--more--><\/p>\n<p style=\"margin: 0pt; font-family: Roboto, sans-serif;\">Tampa concebida para tabuleiros <span style=\"color: #d12727;\"><a style=\"color: #d12727;\" href=\"https:\/\/www.csj-emballages.com\/es\/produit\/40-bandejas-cookipack-para-microondas-2-compartimentos-negras-675-415-ml-material-pp\/\">COOK1250N2C<\/a><\/span><\/p>\n<p>&nbsp;<\/p>\n<p><!--more--><\/p>\n<h4 style=\"margin: 0pt; font-family: Roboto, sans-serif;\">As suas vantagens:<\/h4>\n<ul>\n<li><strong>Adequado para utiliza\u00e7\u00e3o em micro-ondas<\/strong>: Permite aquecer os alimentos em seguran\u00e7a sem o risco de fugas.<\/li>\n<li><strong>Pr\u00e1tico<\/strong>: F\u00e1cil de colocar e retirar, adapta-se perfeitamente aos tabuleiros de 1250 ml com 2 compartimentos.<\/li>\n<li><strong>Estanque<\/strong>: Garante uma veda\u00e7\u00e3o herm\u00e9tica, mantendo os alimentos frescos e evitando derrames.<\/li>\n<li><strong>Dur\u00e1vel e resistente<\/strong>: Concebida para suportar as altas temperaturas do micro-ondas.<\/li>\n<\/ul>\n<p>&nbsp;<\/p>\n<p style=\"margin: 0pt; font-family: Roboto, sans-serif;\"><!--more--><\/p>\n<h4>Outras informa\u00e7\u00f5es :<\/h4>\n<ul>\n<li><strong>Embalagem<\/strong>: Pacote de 20<\/li>\n<li><strong>Dimens\u00f5es<\/strong>: 255 x 190 x 20 (C x L x A em mm)<\/li>\n<li><strong>Compatibilidade<\/strong>: COOK1250 2 compartimentos<\/li>\n<li><strong>Material<\/strong>: PP (polipropileno)<\/li>\n<li><strong>Temperatura de funcionamento: <\/strong>0\u00b0C \/ +100\u00b0C<\/li>\n<\/ul>\n<h2><\/h2>\n<p><!--more--><\/p>\n<p><a href=\"https:\/\/www.csj-emballages.com\/pt-pt\/categorie-produit\/embalagem-de-alimentos\/talho-e-charcutaria\/tabuleiros-latas-e-frascos\/tabuleiros-latas-frascos-para-alimentos\/tabuleiros-para-micro-ondas-cookipack\/\">V\u00ea o resto da nossa gama de tabuleiros para micro-ondas<\/a><\/p>\n<\/div>\n","protected":false},"excerpt":{"rendered":"<p>Tampa de pl\u00e1stico Descobre as nossas tampas de pl\u00e1stico para tabuleiros de 2 compartimentos 675 \/ 415 ml, embalagem de 20<\/p>\n","protected":false},"featured_media":215351,"template":"","meta":{"_acf_changed":false},"product_brand":[],"product_cat":[1176,1525,2347],"product_tag":[],"class_list":{"0":"post-20383","1":"product","2":"type-product","3":"status-publish","4":"has-post-thumbnail","6":"product_cat-talho-e-charcutaria","7":"product_cat-tabuleiros-latas-frascos-para-alimentos","8":"product_cat-tabuleiros-para-micro-ondas-cookipack","10":"first","11":"instock","12":"taxable","13":"shipping-taxable","14":"purchasable","15":"product-type-simple"},"acf":[],"yoast_head":"<!-- This site is optimized with the Yoast SEO Premium plugin v26.6 (Yoast SEO v26.6) - https:\/\/yoast.com\/wordpress\/plugins\/seo\/ -->\n<title>Tampa de pl\u00e1stico para tabuleiro de 2 compartimentos - 1250 ml<\/title>\n<meta name=\"description\" content=\"Tampa de pl\u00e1stico para um pr\u00e1tico e herm\u00e9tico tabuleiro de micro-ondas de 1250 ml com 2 compartimentos. Proporciona uma veda\u00e7\u00e3o estanque para um aquecimento seguro.\" \/>\n<meta name=\"robots\" content=\"index, follow, max-snippet:-1, max-image-preview:large, max-video-preview:-1\" \/>\n<link rel=\"canonical\" href=\"https:\/\/www.csj-emballages.com\/pt-pt\/produit\/20-tampas-translucidas-para-tabuleiros-descartaveis-de-2-compartimentos-675-415-ml\/\" \/>\n<meta property=\"og:locale\" content=\"pt_PT\" \/>\n<meta property=\"og:type\" content=\"article\" \/>\n<meta property=\"og:title\" content=\"Tampa de pl\u00e1stico para tabuleiro de 2 compartimentos 675 \/ 415 ml, 20 unidades\" \/>\n<meta property=\"og:description\" content=\"Tampa de pl\u00e1stico para um pr\u00e1tico e herm\u00e9tico tabuleiro de micro-ondas de 1250 ml com 2 compartimentos. Proporciona uma veda\u00e7\u00e3o estanque para um aquecimento seguro.\" \/>\n<meta property=\"og:url\" content=\"https:\/\/www.csj-emballages.com\/pt-pt\/produit\/20-tampas-translucidas-para-tabuleiros-descartaveis-de-2-compartimentos-675-415-ml\/\" \/>\n<meta property=\"og:site_name\" content=\"CSJ Emballages\" \/>\n<meta property=\"article:publisher\" content=\"https:\/\/www.facebook.com\/csjemballages\" \/>\n<meta property=\"article:modified_time\" content=\"2026-04-03T00:15:02+00:00\" \/>\n<meta property=\"og:image\" content=\"https:\/\/www.csj-emballages.com\/wp-content\/uploads\/2024\/03\/COVCOOK1250N2C.webp\" \/>\n\t<meta property=\"og:image:width\" content=\"801\" \/>\n\t<meta property=\"og:image:height\" content=\"801\" \/>\n\t<meta property=\"og:image:type\" content=\"image\/webp\" \/>\n<meta name=\"twitter:card\" content=\"summary_large_image\" \/>\n<meta name=\"twitter:label1\" content=\"Tempo estimado de leitura\" \/>\n\t<meta name=\"twitter:data1\" content=\"1 minuto\" \/>\n<script type=\"application\/ld+json\" class=\"yoast-schema-graph\">{\"@context\":\"https:\/\/schema.org\",\"@graph\":[{\"@type\":\"WebPage\",\"@id\":\"https:\/\/www.csj-emballages.com\/pt-pt\/produit\/20-tampas-translucidas-para-tabuleiros-descartaveis-de-2-compartimentos-675-415-ml\/\",\"url\":\"https:\/\/www.csj-emballages.com\/pt-pt\/produit\/20-tampas-translucidas-para-tabuleiros-descartaveis-de-2-compartimentos-675-415-ml\/\",\"name\":\"Tampa de pl\u00e1stico para tabuleiro de 2 compartimentos - 1250 ml\",\"isPartOf\":{\"@id\":\"https:\/\/www.csj-emballages.com\/pt-pt\/#website\"},\"primaryImageOfPage\":{\"@id\":\"https:\/\/www.csj-emballages.com\/pt-pt\/produit\/20-tampas-translucidas-para-tabuleiros-descartaveis-de-2-compartimentos-675-415-ml\/#primaryimage\"},\"image\":{\"@id\":\"https:\/\/www.csj-emballages.com\/pt-pt\/produit\/20-tampas-translucidas-para-tabuleiros-descartaveis-de-2-compartimentos-675-415-ml\/#primaryimage\"},\"thumbnailUrl\":\"https:\/\/www.csj-emballages.com\/wp-content\/uploads\/2024\/03\/COVCOOK1250N2C.webp\",\"datePublished\":\"2024-03-01T15:54:41+00:00\",\"dateModified\":\"2026-04-03T00:15:02+00:00\",\"description\":\"Tampa de pl\u00e1stico para um pr\u00e1tico e herm\u00e9tico tabuleiro de micro-ondas de 1250 ml com 2 compartimentos. Proporciona uma veda\u00e7\u00e3o estanque para um aquecimento seguro.\",\"breadcrumb\":{\"@id\":\"https:\/\/www.csj-emballages.com\/pt-pt\/produit\/20-tampas-translucidas-para-tabuleiros-descartaveis-de-2-compartimentos-675-415-ml\/#breadcrumb\"},\"inLanguage\":\"pt-PT\",\"potentialAction\":[{\"@type\":\"ReadAction\",\"target\":[\"https:\/\/www.csj-emballages.com\/pt-pt\/produit\/20-tampas-translucidas-para-tabuleiros-descartaveis-de-2-compartimentos-675-415-ml\/\"]}]},{\"@type\":\"ImageObject\",\"inLanguage\":\"pt-PT\",\"@id\":\"https:\/\/www.csj-emballages.com\/pt-pt\/produit\/20-tampas-translucidas-para-tabuleiros-descartaveis-de-2-compartimentos-675-415-ml\/#primaryimage\",\"url\":\"https:\/\/www.csj-emballages.com\/wp-content\/uploads\/2024\/03\/COVCOOK1250N2C.webp\",\"contentUrl\":\"https:\/\/www.csj-emballages.com\/wp-content\/uploads\/2024\/03\/COVCOOK1250N2C.webp\",\"width\":801,\"height\":801,\"caption\":\"Couvercle plastique\"},{\"@type\":\"BreadcrumbList\",\"@id\":\"https:\/\/www.csj-emballages.com\/pt-pt\/produit\/20-tampas-translucidas-para-tabuleiros-descartaveis-de-2-compartimentos-675-415-ml\/#breadcrumb\",\"itemListElement\":[{\"@type\":\"ListItem\",\"position\":1,\"name\":\"Acolhimento\",\"item\":\"https:\/\/www.csj-emballages.com\/pt-pt\/universo-das-embalagens-alimentares\/\"},{\"@type\":\"ListItem\",\"position\":2,\"name\":\"Shop\",\"item\":\"https:\/\/www.csj-emballages.com\/shop\/\"},{\"@type\":\"ListItem\",\"position\":3,\"name\":\"Tampa de pl\u00e1stico para tabuleiro de 2 compartimentos 675 \/ 415 ml, 20 unidades\"}]},{\"@type\":\"WebSite\",\"@id\":\"https:\/\/www.csj-emballages.com\/pt-pt\/#website\",\"url\":\"https:\/\/www.csj-emballages.com\/pt-pt\/\",\"name\":\"CSJ Emballages\",\"description\":\"\",\"publisher\":{\"@id\":\"https:\/\/www.csj-emballages.com\/pt-pt\/#organization\"},\"potentialAction\":[{\"@type\":\"SearchAction\",\"target\":{\"@type\":\"EntryPoint\",\"urlTemplate\":\"https:\/\/www.csj-emballages.com\/pt-pt\/?s={search_term_string}\"},\"query-input\":{\"@type\":\"PropertyValueSpecification\",\"valueRequired\":true,\"valueName\":\"search_term_string\"}}],\"inLanguage\":\"pt-PT\"},{\"@type\":\"Organization\",\"@id\":\"https:\/\/www.csj-emballages.com\/pt-pt\/#Organization\/\",\"name\":\"CSJ Emballages\",\"url\":\"https:\/\/www.csj-emballages.com\/pt-pt\/\",\"logo\":{\"@type\":\"ImageObject\",\"inLanguage\":\"pt-PT\",\"@id\":\"https:\/\/www.csj-emballages.com\/pt-pt\/#\/schema\/logo\/image\/\",\"url\":\"https:\/\/www.csj-emballages.com\/wp-content\/uploads\/2023\/10\/logo_csj.webp\",\"contentUrl\":\"https:\/\/www.csj-emballages.com\/wp-content\/uploads\/2023\/10\/logo_csj.webp\",\"width\":250,\"height\":95,\"caption\":\"CSJ Emballages\"},\"image\":{\"@id\":\"https:\/\/www.csj-emballages.com\/pt-pt\/#\/schema\/logo\/image\/\"},\"sameAs\":[\"https:\/\/www.facebook.com\/csjemballages\"],\"address\":{\"@type\":\"PostalAddress\",\"streetAddress\":\"ZI La Lechere\",\"addressLocality\":\"Patornay\",\"postalCode\":\"39130\",\"addressCountry\":\"FR\"},\"contactPoint\":[{\"@type\":\"ContactPoint\",\"contactType\":\"Service client\",\"telephone\":\"0384254272\",\"email\":\"contact@csj-emballages.com\"}]}]}<\/script>\n<!-- \/ Yoast SEO Premium plugin. -->","yoast_head_json":{"title":"Tampa de pl\u00e1stico para tabuleiro de 2 compartimentos - 1250 ml","description":"Tampa de pl\u00e1stico para um pr\u00e1tico e herm\u00e9tico tabuleiro de micro-ondas de 1250 ml com 2 compartimentos. Proporciona uma veda\u00e7\u00e3o estanque para um aquecimento seguro.","robots":{"index":"index","follow":"follow","max-snippet":"max-snippet:-1","max-image-preview":"max-image-preview:large","max-video-preview":"max-video-preview:-1"},"canonical":"https:\/\/www.csj-emballages.com\/pt-pt\/produit\/20-tampas-translucidas-para-tabuleiros-descartaveis-de-2-compartimentos-675-415-ml\/","og_locale":"pt_PT","og_type":"article","og_title":"Tampa de pl\u00e1stico para tabuleiro de 2 compartimentos 675 \/ 415 ml, 20 unidades","og_description":"Tampa de pl\u00e1stico para um pr\u00e1tico e herm\u00e9tico tabuleiro de micro-ondas de 1250 ml com 2 compartimentos. Proporciona uma veda\u00e7\u00e3o estanque para um aquecimento seguro.","og_url":"https:\/\/www.csj-emballages.com\/pt-pt\/produit\/20-tampas-translucidas-para-tabuleiros-descartaveis-de-2-compartimentos-675-415-ml\/","og_site_name":"CSJ Emballages","article_publisher":"https:\/\/www.facebook.com\/csjemballages","article_modified_time":"2026-04-03T00:15:02+00:00","og_image":[{"width":801,"height":801,"url":"https:\/\/www.csj-emballages.com\/wp-content\/uploads\/2024\/03\/COVCOOK1250N2C.webp","type":"image\/webp"}],"twitter_card":"summary_large_image","twitter_misc":{"Tempo estimado de leitura":"1 minuto"},"schema":{"@context":"https:\/\/schema.org","@graph":[{"@type":"WebPage","@id":"https:\/\/www.csj-emballages.com\/pt-pt\/produit\/20-tampas-translucidas-para-tabuleiros-descartaveis-de-2-compartimentos-675-415-ml\/","url":"https:\/\/www.csj-emballages.com\/pt-pt\/produit\/20-tampas-translucidas-para-tabuleiros-descartaveis-de-2-compartimentos-675-415-ml\/","name":"Tampa de pl\u00e1stico para tabuleiro de 2 compartimentos - 1250 ml","isPartOf":{"@id":"https:\/\/www.csj-emballages.com\/pt-pt\/#website"},"primaryImageOfPage":{"@id":"https:\/\/www.csj-emballages.com\/pt-pt\/produit\/20-tampas-translucidas-para-tabuleiros-descartaveis-de-2-compartimentos-675-415-ml\/#primaryimage"},"image":{"@id":"https:\/\/www.csj-emballages.com\/pt-pt\/produit\/20-tampas-translucidas-para-tabuleiros-descartaveis-de-2-compartimentos-675-415-ml\/#primaryimage"},"thumbnailUrl":"https:\/\/www.csj-emballages.com\/wp-content\/uploads\/2024\/03\/COVCOOK1250N2C.webp","datePublished":"2024-03-01T15:54:41+00:00","dateModified":"2026-04-03T00:15:02+00:00","description":"Tampa de pl\u00e1stico para um pr\u00e1tico e herm\u00e9tico tabuleiro de micro-ondas de 1250 ml com 2 compartimentos. Proporciona uma veda\u00e7\u00e3o estanque para um aquecimento seguro.","breadcrumb":{"@id":"https:\/\/www.csj-emballages.com\/pt-pt\/produit\/20-tampas-translucidas-para-tabuleiros-descartaveis-de-2-compartimentos-675-415-ml\/#breadcrumb"},"inLanguage":"pt-PT","potentialAction":[{"@type":"ReadAction","target":["https:\/\/www.csj-emballages.com\/pt-pt\/produit\/20-tampas-translucidas-para-tabuleiros-descartaveis-de-2-compartimentos-675-415-ml\/"]}]},{"@type":"ImageObject","inLanguage":"pt-PT","@id":"https:\/\/www.csj-emballages.com\/pt-pt\/produit\/20-tampas-translucidas-para-tabuleiros-descartaveis-de-2-compartimentos-675-415-ml\/#primaryimage","url":"https:\/\/www.csj-emballages.com\/wp-content\/uploads\/2024\/03\/COVCOOK1250N2C.webp","contentUrl":"https:\/\/www.csj-emballages.com\/wp-content\/uploads\/2024\/03\/COVCOOK1250N2C.webp","width":801,"height":801,"caption":"Couvercle plastique"},{"@type":"BreadcrumbList","@id":"https:\/\/www.csj-emballages.com\/pt-pt\/produit\/20-tampas-translucidas-para-tabuleiros-descartaveis-de-2-compartimentos-675-415-ml\/#breadcrumb","itemListElement":[{"@type":"ListItem","position":1,"name":"Acolhimento","item":"https:\/\/www.csj-emballages.com\/pt-pt\/universo-das-embalagens-alimentares\/"},{"@type":"ListItem","position":2,"name":"Shop","item":"https:\/\/www.csj-emballages.com\/shop\/"},{"@type":"ListItem","position":3,"name":"Tampa de pl\u00e1stico para tabuleiro de 2 compartimentos 675 \/ 415 ml, 20 unidades"}]},{"@type":"WebSite","@id":"https:\/\/www.csj-emballages.com\/pt-pt\/#website","url":"https:\/\/www.csj-emballages.com\/pt-pt\/","name":"CSJ Emballages","description":"","publisher":{"@id":"https:\/\/www.csj-emballages.com\/pt-pt\/#organization"},"potentialAction":[{"@type":"SearchAction","target":{"@type":"EntryPoint","urlTemplate":"https:\/\/www.csj-emballages.com\/pt-pt\/?s={search_term_string}"},"query-input":{"@type":"PropertyValueSpecification","valueRequired":true,"valueName":"search_term_string"}}],"inLanguage":"pt-PT"},{"@type":"Organization","@id":"https:\/\/www.csj-emballages.com\/pt-pt\/#Organization\/","name":"CSJ Emballages","url":"https:\/\/www.csj-emballages.com\/pt-pt\/","logo":{"@type":"ImageObject","inLanguage":"pt-PT","@id":"https:\/\/www.csj-emballages.com\/pt-pt\/#\/schema\/logo\/image\/","url":"https:\/\/www.csj-emballages.com\/wp-content\/uploads\/2023\/10\/logo_csj.webp","contentUrl":"https:\/\/www.csj-emballages.com\/wp-content\/uploads\/2023\/10\/logo_csj.webp","width":250,"height":95,"caption":"CSJ Emballages"},"image":{"@id":"https:\/\/www.csj-emballages.com\/pt-pt\/#\/schema\/logo\/image\/"},"sameAs":["https:\/\/www.facebook.com\/csjemballages"],"address":{"@type":"PostalAddress","streetAddress":"ZI La Lechere","addressLocality":"Patornay","postalCode":"39130","addressCountry":"FR"},"contactPoint":[{"@type":"ContactPoint","contactType":"Service client","telephone":"0384254272","email":"contact@csj-emballages.com"}]}]}},"df_price":4.44,"df_sale_price":"","df_regular_price":4.44,"df_image_link":"https:\/\/www.csj-emballages.com\/wp-content\/uploads\/2024\/03\/COVCOOK1250N2C-300x300.webp","tiered_pricing_type":"fixed","tiered_pricing_fixed_rules":[],"tiered_pricing_percentage_rules":[],"tiered_pricing_minimum":1,"tiered_pricing_roles_data":[],"_links":{"self":[{"href":"https:\/\/www.csj-emballages.com\/pt-pt\/wp-json\/wp\/v2\/product\/20383","targetHints":{"allow":["GET"]}}],"collection":[{"href":"https:\/\/www.csj-emballages.com\/pt-pt\/wp-json\/wp\/v2\/product"}],"about":[{"href":"https:\/\/www.csj-emballages.com\/pt-pt\/wp-json\/wp\/v2\/types\/product"}],"wp:featuredmedia":[{"embeddable":true,"href":"https:\/\/www.csj-emballages.com\/pt-pt\/wp-json\/wp\/v2\/media\/215351"}],"wp:attachment":[{"href":"https:\/\/www.csj-emballages.com\/pt-pt\/wp-json\/wp\/v2\/media?parent=20383"}],"wp:term":[{"taxonomy":"product_brand","embeddable":true,"href":"https:\/\/www.csj-emballages.com\/pt-pt\/wp-json\/wp\/v2\/product_brand?post=20383"},{"taxonomy":"product_cat","embeddable":true,"href":"https:\/\/www.csj-emballages.com\/pt-pt\/wp-json\/wp\/v2\/product_cat?post=20383"},{"taxonomy":"product_tag","embeddable":true,"href":"https:\/\/www.csj-emballages.com\/pt-pt\/wp-json\/wp\/v2\/product_tag?post=20383"}],"curies":[{"name":"wp","href":"https:\/\/api.w.org\/{rel}","templated":true}]}}