{"id":20357,"date":"2024-03-01T16:54:41","date_gmt":"2024-03-01T15:54:41","guid":{"rendered":"https:\/\/u15jnbdpoq.preview.infomaniak.website\/produit\/25-copos-de-plastico-translucidos-descartaveis-para-sobremesas-de-155-ml\/"},"modified":"2026-04-30T02:12:48","modified_gmt":"2026-04-30T00:12:48","slug":"25-copos-de-plastico-translucidos-descartaveis-para-sobremesas-de-155-ml","status":"publish","type":"product","link":"https:\/\/www.csj-emballages.com\/pt-pt\/produit\/25-copos-de-plastico-translucidos-descartaveis-para-sobremesas-de-155-ml\/","title":{"rendered":"Copo de pl\u00e1stico para sobremesas PP 155 ml \u00e0 25"},"content":{"rendered":"<h2>Copo de sobremesa<\/h2>\n<hr>\n<h3>Descri\u00e7\u00e3o do nosso copo de sobremesa em pl\u00e1stico PP 155 ml por 25<\/h3>\n<p><!--more--><\/p>\n<p data-start=\"306\" data-end=\"686\">D\u00ea um toque elegante \u00e0s suas sobremesas com o nosso <strong data-start=\"361\" data-end=\"400\">copo de sobremesa em pl\u00e1stico PP de 155 ml<\/strong>! <strong data-start=\"413\" data-end=\"449\">Pr\u00e1tica, robusta e transparente<\/strong>, \u00e9 perfeita para mostrar todas as suas cria\u00e7\u00f5es doces. Quer esteja a preparar uma <strong data-start=\"544\" data-end=\"561\">mousse leve<\/strong>, um <strong data-start=\"566\" data-end=\"587\">tiramisu gourmet<\/strong> ou uma <strong data-start=\"595\" data-end=\"623\">salada de fruta fresca<\/strong>, esta ta\u00e7a real\u00e7ar\u00e1 todas as camadas e todas as cores. <\/p>\n<p data-start=\"688\" data-end=\"1041\">Fabricado em <strong data-start=\"701\" data-end=\"723\">polipropileno (PP)<\/strong>, destaca-se pela sua <strong data-start=\"750\" data-end=\"782\">resist\u00eancia e flexibilidade<\/strong>. Ao contr\u00e1rio de outros pl\u00e1sticos, o PP resiste melhor ao calor e n\u00e3o se parte facilmente. \u00c9, por isso, a <strong data-start=\"900\" data-end=\"939\">escolha ideal para os profissionais<\/strong> da restaura\u00e7\u00e3o, pastelaria ou catering que procuram um produto fi\u00e1vel para o dia a dia.  <\/p>\n<p data-start=\"1043\" data-end=\"1354\">Gra\u00e7as \u00e0 sua <strong data-start=\"1054\" data-end=\"1078\">transpar\u00eancia cristalina<\/strong>, as suas sobremesas destacam-se \u00e0 primeira vista. E com o seu <strong data-start=\"1146\" data-end=\"1166\">tamanho de 155 ml<\/strong>, pode servir por\u00e7\u00f5es perfeitas: nem demasiado pequenas, nem demasiado grandes. \u00c9 o tamanho ideal para degusta\u00e7\u00f5es, buffets, eventos ou mesmo para sobremesas para levar.  <\/p>\n<p data-start=\"1356\" data-end=\"1688\">Vendido <strong data-start=\"1363\" data-end=\"1380\">em embalagens de 25 unidades<\/strong>, este copo de sobremesa combina <strong data-start=\"1412\" data-end=\"1437\">praticidade e economia<\/strong>. A sua <g id=\"gid_2\">pega confort\u00e1vel<\/g>, o seu <g id=\"gid_3\">design simples e moderno<\/g> e a sua <g id=\"gid_4\">facilidade de utiliza\u00e7\u00e3o<\/g> tornam-no indispens\u00e1vel para qualquer ocasi\u00e3o. Al\u00e9m disso, o PP \u00e9 <strong data-start=\"1607\" data-end=\"1621\">recicl\u00e1vel<\/strong>, o que o torna uma op\u00e7\u00e3o mais amiga do ambiente.  <\/p>\n<p data-start=\"1690\" data-end=\"1914\">Em suma, o <strong data-start=\"1704\" data-end=\"1743\">copo de sobremesa em pl\u00e1stico PP de 155 ml<\/strong> \u00e9 o equil\u00edbrio perfeito entre <strong data-start=\"1775\" data-end=\"1826\">est\u00e9tica, durabilidade e facilidade de utiliza\u00e7\u00e3o<\/strong>. Uma aposta segura para todas as suas apresenta\u00e7\u00f5es doces, sejam elas simples ou requintadas! <\/p>\n<p data-start=\"1690\" data-end=\"1914\">\n<p data-start=\"1546\" data-end=\"1762\"><!--more--><\/p>\n<h4 data-start=\"1546\" data-end=\"1762\">Vantagens :<\/h4>\n<ul>\n<li data-start=\"1975\" data-end=\"2034\"><strong data-start=\"1975\" data-end=\"2003\">Transparente e elegante<\/strong>: para mostrar as suas sobremesas.<\/li>\n<li data-start=\"2037\" data-end=\"2087\"><strong data-start=\"2037\" data-end=\"2063\">Leve mas resistente<\/strong>: f\u00e1cil de manusear.<\/li>\n<li data-start=\"2090\" data-end=\"2162\"><strong data-start=\"2090\" data-end=\"2119\">Formato pr\u00e1tico de 155 ml<\/strong>: ideal para doses individuais.<\/li>\n<li data-start=\"2165\" data-end=\"2215\"><strong data-start=\"2165\" data-end=\"2185\">Embalagem de 25 ch\u00e1venas<\/strong>: econ\u00f3mico para profissionais.<\/li>\n<li data-start=\"2218\" data-end=\"2301\"><strong data-start=\"2218\" data-end=\"2252\">Adequado para todos os eventos<\/strong>: buffets, recep\u00e7\u00f5es, catering, pastelarias.<\/li>\n<\/ul>\n<p>&nbsp;<\/p>\n<p><!--more--><\/p>\n<h4>Outras informa\u00e7\u00f5es :<\/h4>\n<ul>\n<li><strong>Dimens\u00f5es<\/strong>: 95 x 57 (\u00d8 x H em mm).<\/li>\n<li><strong>Embalagem<\/strong>: Embalagens de 25 unidades<\/li>\n<li><strong>Volume<\/strong>: 155 ml<\/li>\n<li><strong>Material<\/strong>: PP<\/li>\n<\/ul>\n<p>&nbsp;<\/p>\n<p><!--more--><\/p>\n<p>Encontre aqui as tampas vendidas separadamente, compat\u00edveis com esta ta\u00e7a de sobremesa: <span style=\"color: #d12727;\"><a style=\"color: #d12727;\" href=\"https:\/\/www.csj-emballages.com\/produit\/50-couvercles-domes-jetables-pour-coupe-dessert-cp125\/\">DOMECP<\/a> <span style=\"color: #000000;\">\/<\/span> <a style=\"color: #d12727;\" href=\"https:\/\/www.csj-emballages.com\/es\/produit\/tapa-de-plastico-cuenco-de-postre-cp125-50-uds\/\">COUVCP<\/a><\/span><\/p>\n<p>&nbsp;<\/p>\n<p><!--more--><\/p>\n<p><a href=\"https:\/\/www.csj-emballages.com\/pt-pt\/categorie-produit\/embalagem-de-alimentos\/talho-e-charcutaria\/copos-jarras-copos\/copos-de-sobremesa\/\">Descobre o resto da nossa gama de ta\u00e7as de sobremesa<\/a><\/p>\n","protected":false},"excerpt":{"rendered":"<p>Copo de sobremesa Descri\u00e7\u00e3o do nosso copo de sobremesa em pl\u00e1stico PP 155 ml por 25<\/p>\n","protected":false},"featured_media":218578,"template":"","meta":{"_acf_changed":false},"product_brand":[],"product_cat":[1176,1306,1459],"product_tag":[],"class_list":{"0":"post-20357","1":"product","2":"type-product","3":"status-publish","4":"has-post-thumbnail","6":"product_cat-talho-e-charcutaria","7":"product_cat-copos-jarras-copos","8":"product_cat-copos-de-sobremesa","10":"first","11":"instock","12":"taxable","13":"shipping-taxable","14":"purchasable","15":"product-type-simple"},"acf":[],"yoast_head":"<!-- This site is optimized with the Yoast SEO Premium plugin v26.6 (Yoast SEO v26.6) - https:\/\/yoast.com\/wordpress\/plugins\/seo\/ -->\n<title>Copo de pl\u00e1stico para sobremesas - 155 ml<\/title>\n<meta name=\"description\" content=\"Copo de sobremesa de 155 ml com tampa de pl\u00e1stico, ideal para apresentares e transportares as tuas sobremesas com toda a seguran\u00e7a. Pr\u00e1tico, elegante e herm\u00e9tico.\" \/>\n<meta name=\"robots\" content=\"index, follow, max-snippet:-1, max-image-preview:large, max-video-preview:-1\" \/>\n<link rel=\"canonical\" href=\"https:\/\/www.csj-emballages.com\/pt-pt\/produit\/25-copos-de-plastico-translucidos-descartaveis-para-sobremesas-de-155-ml\/\" \/>\n<meta property=\"og:locale\" content=\"pt_PT\" \/>\n<meta property=\"og:type\" content=\"article\" \/>\n<meta property=\"og:title\" content=\"Copo de pl\u00e1stico para sobremesas PP 155 ml \u00e0 25\" \/>\n<meta property=\"og:description\" content=\"Copo de sobremesa de 155 ml com tampa de pl\u00e1stico, ideal para apresentares e transportares as tuas sobremesas com toda a seguran\u00e7a. Pr\u00e1tico, elegante e herm\u00e9tico.\" \/>\n<meta property=\"og:url\" content=\"https:\/\/www.csj-emballages.com\/pt-pt\/produit\/25-copos-de-plastico-translucidos-descartaveis-para-sobremesas-de-155-ml\/\" \/>\n<meta property=\"og:site_name\" content=\"CSJ Emballages\" \/>\n<meta property=\"article:publisher\" content=\"https:\/\/www.facebook.com\/csjemballages\" \/>\n<meta property=\"article:modified_time\" content=\"2026-04-30T00:12:48+00:00\" \/>\n<meta property=\"og:image\" content=\"https:\/\/www.csj-emballages.com\/wp-content\/uploads\/2024\/03\/CP-125-PP.webp\" \/>\n\t<meta property=\"og:image:width\" content=\"800\" \/>\n\t<meta property=\"og:image:height\" content=\"800\" \/>\n\t<meta property=\"og:image:type\" content=\"image\/webp\" \/>\n<meta name=\"twitter:card\" content=\"summary_large_image\" \/>\n<meta name=\"twitter:label1\" content=\"Tempo estimado de leitura\" \/>\n\t<meta name=\"twitter:data1\" content=\"2 minutos\" \/>\n<script type=\"application\/ld+json\" class=\"yoast-schema-graph\">{\"@context\":\"https:\/\/schema.org\",\"@graph\":[{\"@type\":\"WebPage\",\"@id\":\"https:\/\/www.csj-emballages.com\/pt-pt\/produit\/25-copos-de-plastico-translucidos-descartaveis-para-sobremesas-de-155-ml\/\",\"url\":\"https:\/\/www.csj-emballages.com\/pt-pt\/produit\/25-copos-de-plastico-translucidos-descartaveis-para-sobremesas-de-155-ml\/\",\"name\":\"Copo de pl\u00e1stico para sobremesas - 155 ml\",\"isPartOf\":{\"@id\":\"https:\/\/www.csj-emballages.com\/pt-pt\/#website\"},\"primaryImageOfPage\":{\"@id\":\"https:\/\/www.csj-emballages.com\/pt-pt\/produit\/25-copos-de-plastico-translucidos-descartaveis-para-sobremesas-de-155-ml\/#primaryimage\"},\"image\":{\"@id\":\"https:\/\/www.csj-emballages.com\/pt-pt\/produit\/25-copos-de-plastico-translucidos-descartaveis-para-sobremesas-de-155-ml\/#primaryimage\"},\"thumbnailUrl\":\"https:\/\/www.csj-emballages.com\/wp-content\/uploads\/2024\/03\/CP-125-PP.webp\",\"datePublished\":\"2024-03-01T15:54:41+00:00\",\"dateModified\":\"2026-04-30T00:12:48+00:00\",\"description\":\"Copo de sobremesa de 155 ml com tampa de pl\u00e1stico, ideal para apresentares e transportares as tuas sobremesas com toda a seguran\u00e7a. Pr\u00e1tico, elegante e herm\u00e9tico.\",\"breadcrumb\":{\"@id\":\"https:\/\/www.csj-emballages.com\/pt-pt\/produit\/25-copos-de-plastico-translucidos-descartaveis-para-sobremesas-de-155-ml\/#breadcrumb\"},\"inLanguage\":\"pt-PT\",\"potentialAction\":[{\"@type\":\"ReadAction\",\"target\":[\"https:\/\/www.csj-emballages.com\/pt-pt\/produit\/25-copos-de-plastico-translucidos-descartaveis-para-sobremesas-de-155-ml\/\"]}]},{\"@type\":\"ImageObject\",\"inLanguage\":\"pt-PT\",\"@id\":\"https:\/\/www.csj-emballages.com\/pt-pt\/produit\/25-copos-de-plastico-translucidos-descartaveis-para-sobremesas-de-155-ml\/#primaryimage\",\"url\":\"https:\/\/www.csj-emballages.com\/wp-content\/uploads\/2024\/03\/CP-125-PP.webp\",\"contentUrl\":\"https:\/\/www.csj-emballages.com\/wp-content\/uploads\/2024\/03\/CP-125-PP.webp\",\"width\":800,\"height\":800,\"caption\":\"Coupe \u00e0 dessert\"},{\"@type\":\"BreadcrumbList\",\"@id\":\"https:\/\/www.csj-emballages.com\/pt-pt\/produit\/25-copos-de-plastico-translucidos-descartaveis-para-sobremesas-de-155-ml\/#breadcrumb\",\"itemListElement\":[{\"@type\":\"ListItem\",\"position\":1,\"name\":\"Acolhimento\",\"item\":\"https:\/\/www.csj-emballages.com\/pt-pt\/universo-das-embalagens-alimentares\/\"},{\"@type\":\"ListItem\",\"position\":2,\"name\":\"Shop\",\"item\":\"https:\/\/www.csj-emballages.com\/shop\/\"},{\"@type\":\"ListItem\",\"position\":3,\"name\":\"Copo de pl\u00e1stico para sobremesas PP 155 ml \u00e0 25\"}]},{\"@type\":\"WebSite\",\"@id\":\"https:\/\/www.csj-emballages.com\/pt-pt\/#website\",\"url\":\"https:\/\/www.csj-emballages.com\/pt-pt\/\",\"name\":\"CSJ Emballages\",\"description\":\"\",\"publisher\":{\"@id\":\"https:\/\/www.csj-emballages.com\/pt-pt\/#organization\"},\"potentialAction\":[{\"@type\":\"SearchAction\",\"target\":{\"@type\":\"EntryPoint\",\"urlTemplate\":\"https:\/\/www.csj-emballages.com\/pt-pt\/?s={search_term_string}\"},\"query-input\":{\"@type\":\"PropertyValueSpecification\",\"valueRequired\":true,\"valueName\":\"search_term_string\"}}],\"inLanguage\":\"pt-PT\"},{\"@type\":\"Organization\",\"@id\":\"https:\/\/www.csj-emballages.com\/pt-pt\/#Organization\/\",\"name\":\"CSJ Emballages\",\"url\":\"https:\/\/www.csj-emballages.com\/pt-pt\/\",\"logo\":{\"@type\":\"ImageObject\",\"inLanguage\":\"pt-PT\",\"@id\":\"https:\/\/www.csj-emballages.com\/pt-pt\/#\/schema\/logo\/image\/\",\"url\":\"https:\/\/www.csj-emballages.com\/wp-content\/uploads\/2023\/10\/logo_csj.webp\",\"contentUrl\":\"https:\/\/www.csj-emballages.com\/wp-content\/uploads\/2023\/10\/logo_csj.webp\",\"width\":250,\"height\":95,\"caption\":\"CSJ Emballages\"},\"image\":{\"@id\":\"https:\/\/www.csj-emballages.com\/pt-pt\/#\/schema\/logo\/image\/\"},\"sameAs\":[\"https:\/\/www.facebook.com\/csjemballages\"],\"address\":{\"@type\":\"PostalAddress\",\"streetAddress\":\"ZI La Lechere\",\"addressLocality\":\"Patornay\",\"postalCode\":\"39130\",\"addressCountry\":\"FR\"},\"contactPoint\":[{\"@type\":\"ContactPoint\",\"contactType\":\"Service client\",\"telephone\":\"0384254272\",\"email\":\"contact@csj-emballages.com\"}]}]}<\/script>\n<!-- \/ Yoast SEO Premium plugin. -->","yoast_head_json":{"title":"Copo de pl\u00e1stico para sobremesas - 155 ml","description":"Copo de sobremesa de 155 ml com tampa de pl\u00e1stico, ideal para apresentares e transportares as tuas sobremesas com toda a seguran\u00e7a. Pr\u00e1tico, elegante e herm\u00e9tico.","robots":{"index":"index","follow":"follow","max-snippet":"max-snippet:-1","max-image-preview":"max-image-preview:large","max-video-preview":"max-video-preview:-1"},"canonical":"https:\/\/www.csj-emballages.com\/pt-pt\/produit\/25-copos-de-plastico-translucidos-descartaveis-para-sobremesas-de-155-ml\/","og_locale":"pt_PT","og_type":"article","og_title":"Copo de pl\u00e1stico para sobremesas PP 155 ml \u00e0 25","og_description":"Copo de sobremesa de 155 ml com tampa de pl\u00e1stico, ideal para apresentares e transportares as tuas sobremesas com toda a seguran\u00e7a. Pr\u00e1tico, elegante e herm\u00e9tico.","og_url":"https:\/\/www.csj-emballages.com\/pt-pt\/produit\/25-copos-de-plastico-translucidos-descartaveis-para-sobremesas-de-155-ml\/","og_site_name":"CSJ Emballages","article_publisher":"https:\/\/www.facebook.com\/csjemballages","article_modified_time":"2026-04-30T00:12:48+00:00","og_image":[{"width":800,"height":800,"url":"https:\/\/www.csj-emballages.com\/wp-content\/uploads\/2024\/03\/CP-125-PP.webp","type":"image\/webp"}],"twitter_card":"summary_large_image","twitter_misc":{"Tempo estimado de leitura":"2 minutos"},"schema":{"@context":"https:\/\/schema.org","@graph":[{"@type":"WebPage","@id":"https:\/\/www.csj-emballages.com\/pt-pt\/produit\/25-copos-de-plastico-translucidos-descartaveis-para-sobremesas-de-155-ml\/","url":"https:\/\/www.csj-emballages.com\/pt-pt\/produit\/25-copos-de-plastico-translucidos-descartaveis-para-sobremesas-de-155-ml\/","name":"Copo de pl\u00e1stico para sobremesas - 155 ml","isPartOf":{"@id":"https:\/\/www.csj-emballages.com\/pt-pt\/#website"},"primaryImageOfPage":{"@id":"https:\/\/www.csj-emballages.com\/pt-pt\/produit\/25-copos-de-plastico-translucidos-descartaveis-para-sobremesas-de-155-ml\/#primaryimage"},"image":{"@id":"https:\/\/www.csj-emballages.com\/pt-pt\/produit\/25-copos-de-plastico-translucidos-descartaveis-para-sobremesas-de-155-ml\/#primaryimage"},"thumbnailUrl":"https:\/\/www.csj-emballages.com\/wp-content\/uploads\/2024\/03\/CP-125-PP.webp","datePublished":"2024-03-01T15:54:41+00:00","dateModified":"2026-04-30T00:12:48+00:00","description":"Copo de sobremesa de 155 ml com tampa de pl\u00e1stico, ideal para apresentares e transportares as tuas sobremesas com toda a seguran\u00e7a. Pr\u00e1tico, elegante e herm\u00e9tico.","breadcrumb":{"@id":"https:\/\/www.csj-emballages.com\/pt-pt\/produit\/25-copos-de-plastico-translucidos-descartaveis-para-sobremesas-de-155-ml\/#breadcrumb"},"inLanguage":"pt-PT","potentialAction":[{"@type":"ReadAction","target":["https:\/\/www.csj-emballages.com\/pt-pt\/produit\/25-copos-de-plastico-translucidos-descartaveis-para-sobremesas-de-155-ml\/"]}]},{"@type":"ImageObject","inLanguage":"pt-PT","@id":"https:\/\/www.csj-emballages.com\/pt-pt\/produit\/25-copos-de-plastico-translucidos-descartaveis-para-sobremesas-de-155-ml\/#primaryimage","url":"https:\/\/www.csj-emballages.com\/wp-content\/uploads\/2024\/03\/CP-125-PP.webp","contentUrl":"https:\/\/www.csj-emballages.com\/wp-content\/uploads\/2024\/03\/CP-125-PP.webp","width":800,"height":800,"caption":"Coupe \u00e0 dessert"},{"@type":"BreadcrumbList","@id":"https:\/\/www.csj-emballages.com\/pt-pt\/produit\/25-copos-de-plastico-translucidos-descartaveis-para-sobremesas-de-155-ml\/#breadcrumb","itemListElement":[{"@type":"ListItem","position":1,"name":"Acolhimento","item":"https:\/\/www.csj-emballages.com\/pt-pt\/universo-das-embalagens-alimentares\/"},{"@type":"ListItem","position":2,"name":"Shop","item":"https:\/\/www.csj-emballages.com\/shop\/"},{"@type":"ListItem","position":3,"name":"Copo de pl\u00e1stico para sobremesas PP 155 ml \u00e0 25"}]},{"@type":"WebSite","@id":"https:\/\/www.csj-emballages.com\/pt-pt\/#website","url":"https:\/\/www.csj-emballages.com\/pt-pt\/","name":"CSJ Emballages","description":"","publisher":{"@id":"https:\/\/www.csj-emballages.com\/pt-pt\/#organization"},"potentialAction":[{"@type":"SearchAction","target":{"@type":"EntryPoint","urlTemplate":"https:\/\/www.csj-emballages.com\/pt-pt\/?s={search_term_string}"},"query-input":{"@type":"PropertyValueSpecification","valueRequired":true,"valueName":"search_term_string"}}],"inLanguage":"pt-PT"},{"@type":"Organization","@id":"https:\/\/www.csj-emballages.com\/pt-pt\/#Organization\/","name":"CSJ Emballages","url":"https:\/\/www.csj-emballages.com\/pt-pt\/","logo":{"@type":"ImageObject","inLanguage":"pt-PT","@id":"https:\/\/www.csj-emballages.com\/pt-pt\/#\/schema\/logo\/image\/","url":"https:\/\/www.csj-emballages.com\/wp-content\/uploads\/2023\/10\/logo_csj.webp","contentUrl":"https:\/\/www.csj-emballages.com\/wp-content\/uploads\/2023\/10\/logo_csj.webp","width":250,"height":95,"caption":"CSJ Emballages"},"image":{"@id":"https:\/\/www.csj-emballages.com\/pt-pt\/#\/schema\/logo\/image\/"},"sameAs":["https:\/\/www.facebook.com\/csjemballages"],"address":{"@type":"PostalAddress","streetAddress":"ZI La Lechere","addressLocality":"Patornay","postalCode":"39130","addressCountry":"FR"},"contactPoint":[{"@type":"ContactPoint","contactType":"Service client","telephone":"0384254272","email":"contact@csj-emballages.com"}]}]}},"df_price":2.7,"df_sale_price":"","df_regular_price":2.7,"df_image_link":"https:\/\/www.csj-emballages.com\/wp-content\/uploads\/2024\/03\/CP-125-PP-300x300.webp","tiered_pricing_type":"fixed","tiered_pricing_fixed_rules":[],"tiered_pricing_percentage_rules":[],"tiered_pricing_minimum":1,"tiered_pricing_roles_data":[],"_links":{"self":[{"href":"https:\/\/www.csj-emballages.com\/pt-pt\/wp-json\/wp\/v2\/product\/20357","targetHints":{"allow":["GET"]}}],"collection":[{"href":"https:\/\/www.csj-emballages.com\/pt-pt\/wp-json\/wp\/v2\/product"}],"about":[{"href":"https:\/\/www.csj-emballages.com\/pt-pt\/wp-json\/wp\/v2\/types\/product"}],"wp:featuredmedia":[{"embeddable":true,"href":"https:\/\/www.csj-emballages.com\/pt-pt\/wp-json\/wp\/v2\/media\/218578"}],"wp:attachment":[{"href":"https:\/\/www.csj-emballages.com\/pt-pt\/wp-json\/wp\/v2\/media?parent=20357"}],"wp:term":[{"taxonomy":"product_brand","embeddable":true,"href":"https:\/\/www.csj-emballages.com\/pt-pt\/wp-json\/wp\/v2\/product_brand?post=20357"},{"taxonomy":"product_cat","embeddable":true,"href":"https:\/\/www.csj-emballages.com\/pt-pt\/wp-json\/wp\/v2\/product_cat?post=20357"},{"taxonomy":"product_tag","embeddable":true,"href":"https:\/\/www.csj-emballages.com\/pt-pt\/wp-json\/wp\/v2\/product_tag?post=20357"}],"curies":[{"name":"wp","href":"https:\/\/api.w.org\/{rel}","templated":true}]}}