{"id":20344,"date":"2024-03-01T16:54:44","date_gmt":"2024-03-01T15:54:44","guid":{"rendered":"https:\/\/u15jnbdpoq.preview.infomaniak.website\/produit\/25-tampas-para-panelas-de-sopa-kraft-psa780k-psa1000k\/"},"modified":"2026-04-25T02:12:32","modified_gmt":"2026-04-25T00:12:32","slug":"25-tampas-para-panelas-de-sopa-kraft-psa780k-psa1000k","status":"publish","type":"product","link":"https:\/\/www.csj-emballages.com\/pt-pt\/produit\/25-tampas-para-panelas-de-sopa-kraft-psa780k-psa1000k\/","title":{"rendered":"Tampa de cart\u00e3o para panelas de sopa PSA780K \/ PSA1000K, 25 unid."},"content":{"rendered":"<h2>Tampa de cart\u00e3o<\/h2>\n<hr>\n<h3>Descobre as nossas tampas de cart\u00e3o para panelas de sopa de 780 \/ 1000 ml, 25 unidades<\/h3>\n<p><!--more--><\/p>\n<p>A <strong>tampa de cart\u00e3o<\/strong> para <strong>panelas de sopa<\/strong> \u00e9 a solu\u00e7\u00e3o ideal para guardar os teus preparados alimentares. Concebida para se adaptar \u00e0s <strong>panelas de sopa de 780 a 1000 ml<\/strong>, oferece um fecho pr\u00e1tico e seguro. Este produto \u00e9 perfeito para uso profissional ou pessoal. Garante a frescura e a temperatura das suas sopas, molhos ou outras prepara\u00e7\u00f5es.   <\/p>\n<p>Esta <strong>tampa para panela de sopa<\/strong> \u00e9 f\u00e1cil de utilizar. Fixa-se r\u00e1pida e firmemente \u00e0 panela, evitando derrames. Facilita o transporte da comida, quer esteja quente ou fria. Os propriet\u00e1rios de restaurantes, fornecedores de refei\u00e7\u00f5es e entusiastas da comida para levar apreciar\u00e3o o seu car\u00e1cter pr\u00e1tico e a sua fiabilidade.   <\/p>\n<p>Fabricado em cart\u00e3o, este produto responde \u00e0s necessidades actuais de embalagens amigas do ambiente. Faz parte de uma abordagem mais amiga do ambiente, mantendo-se acess\u00edvel e eficaz. A <strong>tampa de cart\u00e3o<\/strong> \u00e9 uma escolha sensata para quem procura uma solu\u00e7\u00e3o sustent\u00e1vel e econ\u00f3mica.  <\/p>\n<h3><\/h3>\n<p><!--more--><\/p>\n<h4>Uma solu\u00e7\u00e3o vers\u00e1til e respeitadora<\/h4>\n<p>A <strong>tampa Soup Pot<\/strong> adapta-se a uma variedade de recipientes, gra\u00e7as ao seu tamanho adaptado. Quer estejas a servir sopas, molhos ou sobremesas, esta tampa proporciona uma prote\u00e7\u00e3o \u00f3ptima. Limita a perda de calor e protege os alimentos do p\u00f3 e da humidade.  <\/p>\n<p>Para al\u00e9m do seu car\u00e1cter pr\u00e1tico, esta <strong>tampa de cart\u00e3o<\/strong> foi concebida para uma utiliza\u00e7\u00e3o polivalente. \u00c9 vendida em embalagens de <strong>25<\/strong> unidades, o que a torna adequada tanto para pequenas como para grandes quantidades. Os propriet\u00e1rios de restaurantes podem utiliz\u00e1-la para encomendas de takeaway ou eventos. Tamb\u00e9m \u00e9 ideal para particulares que queiram organizar refei\u00e7\u00f5es ou transportar pratos.   <\/p>\n<p>O seu design s\u00f3brio e funcional integra-se facilmente em diferentes tipos de recipientes. Embora simples, d\u00e1 um toque profissional aos teus preparativos. Esta <strong>tampa de panela de sopa<\/strong> n\u00e3o s\u00f3 \u00e9 eficaz, como tamb\u00e9m \u00e9 esteticamente agrad\u00e1vel, combinando com as tuas panelas para uma apresenta\u00e7\u00e3o cuidada.  <\/p>\n<p>Com a <strong>tampa de cart\u00e3o<\/strong>, obt\u00e9m um produto fi\u00e1vel e amigo do ambiente. Leve e duradoura, responde \u00e0s necessidades dos profissionais e dos consumidores. As suas carater\u00edsticas facilitam a arruma\u00e7\u00e3o, o transporte e a utiliza\u00e7\u00e3o di\u00e1ria das tuas panelas de sopa.  <\/p>\n<p>&nbsp;<\/p>\n<p><!--more--><\/p>\n<p>Em conclus\u00e3o, a <strong>tampa de cart\u00e3o<\/strong> para panelas de sopa \u00e9 uma escolha modesta mas eficaz. O seu design pr\u00e1tico e amigo do ambiente torna-a um aliado indispens\u00e1vel para a restaura\u00e7\u00e3o, refei\u00e7\u00f5es para levar ou eventos privados. Oferece uma experi\u00eancia simples e segura com este produto vers\u00e1til.  <\/p>\n<p>&nbsp;<\/p>\n<p><!--more--><\/p>\n<h4>As suas vantagens:<\/h4>\n<ul>\n<li><strong>Compatibilidade universal<\/strong>: adapta-se a panelas de sopa de 780 a 1000 ml.<\/li>\n<li><strong>Pr\u00e1tico<\/strong>: fecho r\u00e1pido e seguro para evitar derrames.<\/li>\n<li><strong>Versatilidade<\/strong>: adequado para sopas, molhos e outras prepara\u00e7\u00f5es alimentares.<\/li>\n<li><strong>Amigo do ambiente<\/strong>: fabricado em cart\u00e3o, uma alternativa sustent\u00e1vel.<\/li>\n<li><strong>Manuten\u00e7\u00e3o da temperatura<\/strong>: limita a perda de calor para manter os teus pratos quentes ou frios.<\/li>\n<\/ul>\n<p>&nbsp;<\/p>\n<p><!--more--><\/p>\n<p>Tampas concebidas para diferentes tamanhos de caixas de cart\u00e3o : <span style=\"color: #d12727;\"><a style=\"color: #d12727;\" href=\"https:\/\/www.csj-emballages.com\/produit\/25-pots-a-soupe-jetables-kraft-780-ml\/\">780 ml<\/a><\/span> \/ <span style=\"color: #d12727;\"><a style=\"color: #d12727;\" href=\"https:\/\/www.csj-emballages.com\/produit\/25-pots-a-soupe-jetables-kraft-960-ml\/\">960 ml<\/a><\/span><\/p>\n<p>&nbsp;<\/p>\n<p><!--more--><\/p>\n<h4>Outras informa\u00e7\u00f5es :<\/h4>\n<ul>\n<li><strong>Material<\/strong>: Cart\u00e3o<\/li>\n<li><strong>Embalagem<\/strong>: Embalagem de 25 tampas<\/li>\n<li><strong>Cor<\/strong>: castanho<\/li>\n<li><strong>Compatibilidade<\/strong>: 780 a 1000 ml<\/li>\n<\/ul>\n<p>&nbsp;<\/p>\n<p><!--more--><\/p>\n<p><a href=\"https:\/\/www.csj-emballages.com\/categorie-produit\/emballages\/restauration-sur-place-ou-emporter-fastfood-snacks\/pots-bols-portes-gobelets\/pots-kraft\/\">V\u00ea o resto da nossa gama de vasos de cart\u00e3o<\/a><\/p>\n","protected":false},"excerpt":{"rendered":"<p>Tampa de cart\u00e3o Descobre as nossas tampas de cart\u00e3o para panelas de sopa de 780 \/ 1000 ml, 25 unidades<\/p>\n","protected":false},"featured_media":202798,"template":"","meta":{"_acf_changed":false},"product_brand":[],"product_cat":[1141,1138,1250,8635],"product_tag":[],"class_list":{"0":"post-20344","1":"product","2":"type-product","3":"status-publish","4":"has-post-thumbnail","6":"product_cat-embalagem-de-alimentos","7":"product_cat-restauracao","8":"product_cat-potes-kraft","9":"product_cat-panelas-de-sopa","11":"first","12":"instock","13":"taxable","14":"shipping-taxable","15":"purchasable","16":"product-type-simple"},"acf":[],"yoast_head":"<!-- This site is optimized with the Yoast SEO Premium plugin v26.6 (Yoast SEO v26.6) - https:\/\/yoast.com\/wordpress\/plugins\/seo\/ -->\n<title>Tampa de cart\u00e3o para frasco de sopa Kraft - 780 \/ 1000 ml<\/title>\n<meta name=\"description\" content=\"Descobre a tampa de cart\u00e3o para panelas de sopa (780-1000 ml): pr\u00e1tica, ecol\u00f3gica e ideal para guardar os teus preparados. Vendido em embalagens de 25 unidades.\" \/>\n<meta name=\"robots\" content=\"index, follow, max-snippet:-1, max-image-preview:large, max-video-preview:-1\" \/>\n<link rel=\"canonical\" href=\"https:\/\/www.csj-emballages.com\/pt-pt\/produit\/25-tampas-para-panelas-de-sopa-kraft-psa780k-psa1000k\/\" \/>\n<meta property=\"og:locale\" content=\"pt_PT\" \/>\n<meta property=\"og:type\" content=\"article\" \/>\n<meta property=\"og:title\" content=\"Tampa de cart\u00e3o para panelas de sopa PSA780K \/ PSA1000K, 25 unid.\" \/>\n<meta property=\"og:description\" content=\"Descobre a tampa de cart\u00e3o para panelas de sopa (780-1000 ml): pr\u00e1tica, ecol\u00f3gica e ideal para guardar os teus preparados. Vendido em embalagens de 25 unidades.\" \/>\n<meta property=\"og:url\" content=\"https:\/\/www.csj-emballages.com\/pt-pt\/produit\/25-tampas-para-panelas-de-sopa-kraft-psa780k-psa1000k\/\" \/>\n<meta property=\"og:site_name\" content=\"CSJ Emballages\" \/>\n<meta property=\"article:publisher\" content=\"https:\/\/www.facebook.com\/csjemballages\" \/>\n<meta property=\"article:modified_time\" content=\"2026-04-25T00:12:32+00:00\" \/>\n<meta property=\"og:image\" content=\"https:\/\/www.csj-emballages.com\/wp-content\/uploads\/2024\/03\/COUVPSA780-1.webp\" \/>\n\t<meta property=\"og:image:width\" content=\"800\" \/>\n\t<meta property=\"og:image:height\" content=\"800\" \/>\n\t<meta property=\"og:image:type\" content=\"image\/webp\" \/>\n<meta name=\"twitter:card\" content=\"summary_large_image\" \/>\n<meta name=\"twitter:label1\" content=\"Tempo estimado de leitura\" \/>\n\t<meta name=\"twitter:data1\" content=\"3 minutos\" \/>\n<script type=\"application\/ld+json\" class=\"yoast-schema-graph\">{\"@context\":\"https:\/\/schema.org\",\"@graph\":[{\"@type\":\"WebPage\",\"@id\":\"https:\/\/www.csj-emballages.com\/pt-pt\/produit\/25-tampas-para-panelas-de-sopa-kraft-psa780k-psa1000k\/\",\"url\":\"https:\/\/www.csj-emballages.com\/pt-pt\/produit\/25-tampas-para-panelas-de-sopa-kraft-psa780k-psa1000k\/\",\"name\":\"Tampa de cart\u00e3o para frasco de sopa Kraft - 780 \/ 1000 ml\",\"isPartOf\":{\"@id\":\"https:\/\/www.csj-emballages.com\/pt-pt\/#website\"},\"primaryImageOfPage\":{\"@id\":\"https:\/\/www.csj-emballages.com\/pt-pt\/produit\/25-tampas-para-panelas-de-sopa-kraft-psa780k-psa1000k\/#primaryimage\"},\"image\":{\"@id\":\"https:\/\/www.csj-emballages.com\/pt-pt\/produit\/25-tampas-para-panelas-de-sopa-kraft-psa780k-psa1000k\/#primaryimage\"},\"thumbnailUrl\":\"https:\/\/www.csj-emballages.com\/wp-content\/uploads\/2024\/03\/COUVPSA780-1.webp\",\"datePublished\":\"2024-03-01T15:54:44+00:00\",\"dateModified\":\"2026-04-25T00:12:32+00:00\",\"description\":\"Descobre a tampa de cart\u00e3o para panelas de sopa (780-1000 ml): pr\u00e1tica, ecol\u00f3gica e ideal para guardar os teus preparados. Vendido em embalagens de 25 unidades.\",\"breadcrumb\":{\"@id\":\"https:\/\/www.csj-emballages.com\/pt-pt\/produit\/25-tampas-para-panelas-de-sopa-kraft-psa780k-psa1000k\/#breadcrumb\"},\"inLanguage\":\"pt-PT\",\"potentialAction\":[{\"@type\":\"ReadAction\",\"target\":[\"https:\/\/www.csj-emballages.com\/pt-pt\/produit\/25-tampas-para-panelas-de-sopa-kraft-psa780k-psa1000k\/\"]}]},{\"@type\":\"ImageObject\",\"inLanguage\":\"pt-PT\",\"@id\":\"https:\/\/www.csj-emballages.com\/pt-pt\/produit\/25-tampas-para-panelas-de-sopa-kraft-psa780k-psa1000k\/#primaryimage\",\"url\":\"https:\/\/www.csj-emballages.com\/wp-content\/uploads\/2024\/03\/COUVPSA780-1.webp\",\"contentUrl\":\"https:\/\/www.csj-emballages.com\/wp-content\/uploads\/2024\/03\/COUVPSA780-1.webp\",\"width\":800,\"height\":800,\"caption\":\"Couvercle carton\"},{\"@type\":\"BreadcrumbList\",\"@id\":\"https:\/\/www.csj-emballages.com\/pt-pt\/produit\/25-tampas-para-panelas-de-sopa-kraft-psa780k-psa1000k\/#breadcrumb\",\"itemListElement\":[{\"@type\":\"ListItem\",\"position\":1,\"name\":\"Acolhimento\",\"item\":\"https:\/\/www.csj-emballages.com\/pt-pt\/universo-das-embalagens-alimentares\/\"},{\"@type\":\"ListItem\",\"position\":2,\"name\":\"Shop\",\"item\":\"https:\/\/www.csj-emballages.com\/shop\/\"},{\"@type\":\"ListItem\",\"position\":3,\"name\":\"Tampa de cart\u00e3o para panelas de sopa PSA780K \/ PSA1000K, 25 unid.\"}]},{\"@type\":\"WebSite\",\"@id\":\"https:\/\/www.csj-emballages.com\/pt-pt\/#website\",\"url\":\"https:\/\/www.csj-emballages.com\/pt-pt\/\",\"name\":\"CSJ Emballages\",\"description\":\"\",\"publisher\":{\"@id\":\"https:\/\/www.csj-emballages.com\/pt-pt\/#organization\"},\"potentialAction\":[{\"@type\":\"SearchAction\",\"target\":{\"@type\":\"EntryPoint\",\"urlTemplate\":\"https:\/\/www.csj-emballages.com\/pt-pt\/?s={search_term_string}\"},\"query-input\":{\"@type\":\"PropertyValueSpecification\",\"valueRequired\":true,\"valueName\":\"search_term_string\"}}],\"inLanguage\":\"pt-PT\"},{\"@type\":\"Organization\",\"@id\":\"https:\/\/www.csj-emballages.com\/pt-pt\/#Organization\/\",\"name\":\"CSJ Emballages\",\"url\":\"https:\/\/www.csj-emballages.com\/pt-pt\/\",\"logo\":{\"@type\":\"ImageObject\",\"inLanguage\":\"pt-PT\",\"@id\":\"https:\/\/www.csj-emballages.com\/pt-pt\/#\/schema\/logo\/image\/\",\"url\":\"https:\/\/www.csj-emballages.com\/wp-content\/uploads\/2023\/10\/logo_csj.webp\",\"contentUrl\":\"https:\/\/www.csj-emballages.com\/wp-content\/uploads\/2023\/10\/logo_csj.webp\",\"width\":250,\"height\":95,\"caption\":\"CSJ Emballages\"},\"image\":{\"@id\":\"https:\/\/www.csj-emballages.com\/pt-pt\/#\/schema\/logo\/image\/\"},\"sameAs\":[\"https:\/\/www.facebook.com\/csjemballages\"],\"address\":{\"@type\":\"PostalAddress\",\"streetAddress\":\"ZI La Lechere\",\"addressLocality\":\"Patornay\",\"postalCode\":\"39130\",\"addressCountry\":\"FR\"},\"contactPoint\":[{\"@type\":\"ContactPoint\",\"contactType\":\"Service client\",\"telephone\":\"0384254272\",\"email\":\"contact@csj-emballages.com\"}]}]}<\/script>\n<!-- \/ Yoast SEO Premium plugin. -->","yoast_head_json":{"title":"Tampa de cart\u00e3o para frasco de sopa Kraft - 780 \/ 1000 ml","description":"Descobre a tampa de cart\u00e3o para panelas de sopa (780-1000 ml): pr\u00e1tica, ecol\u00f3gica e ideal para guardar os teus preparados. Vendido em embalagens de 25 unidades.","robots":{"index":"index","follow":"follow","max-snippet":"max-snippet:-1","max-image-preview":"max-image-preview:large","max-video-preview":"max-video-preview:-1"},"canonical":"https:\/\/www.csj-emballages.com\/pt-pt\/produit\/25-tampas-para-panelas-de-sopa-kraft-psa780k-psa1000k\/","og_locale":"pt_PT","og_type":"article","og_title":"Tampa de cart\u00e3o para panelas de sopa PSA780K \/ PSA1000K, 25 unid.","og_description":"Descobre a tampa de cart\u00e3o para panelas de sopa (780-1000 ml): pr\u00e1tica, ecol\u00f3gica e ideal para guardar os teus preparados. Vendido em embalagens de 25 unidades.","og_url":"https:\/\/www.csj-emballages.com\/pt-pt\/produit\/25-tampas-para-panelas-de-sopa-kraft-psa780k-psa1000k\/","og_site_name":"CSJ Emballages","article_publisher":"https:\/\/www.facebook.com\/csjemballages","article_modified_time":"2026-04-25T00:12:32+00:00","og_image":[{"width":800,"height":800,"url":"https:\/\/www.csj-emballages.com\/wp-content\/uploads\/2024\/03\/COUVPSA780-1.webp","type":"image\/webp"}],"twitter_card":"summary_large_image","twitter_misc":{"Tempo estimado de leitura":"3 minutos"},"schema":{"@context":"https:\/\/schema.org","@graph":[{"@type":"WebPage","@id":"https:\/\/www.csj-emballages.com\/pt-pt\/produit\/25-tampas-para-panelas-de-sopa-kraft-psa780k-psa1000k\/","url":"https:\/\/www.csj-emballages.com\/pt-pt\/produit\/25-tampas-para-panelas-de-sopa-kraft-psa780k-psa1000k\/","name":"Tampa de cart\u00e3o para frasco de sopa Kraft - 780 \/ 1000 ml","isPartOf":{"@id":"https:\/\/www.csj-emballages.com\/pt-pt\/#website"},"primaryImageOfPage":{"@id":"https:\/\/www.csj-emballages.com\/pt-pt\/produit\/25-tampas-para-panelas-de-sopa-kraft-psa780k-psa1000k\/#primaryimage"},"image":{"@id":"https:\/\/www.csj-emballages.com\/pt-pt\/produit\/25-tampas-para-panelas-de-sopa-kraft-psa780k-psa1000k\/#primaryimage"},"thumbnailUrl":"https:\/\/www.csj-emballages.com\/wp-content\/uploads\/2024\/03\/COUVPSA780-1.webp","datePublished":"2024-03-01T15:54:44+00:00","dateModified":"2026-04-25T00:12:32+00:00","description":"Descobre a tampa de cart\u00e3o para panelas de sopa (780-1000 ml): pr\u00e1tica, ecol\u00f3gica e ideal para guardar os teus preparados. Vendido em embalagens de 25 unidades.","breadcrumb":{"@id":"https:\/\/www.csj-emballages.com\/pt-pt\/produit\/25-tampas-para-panelas-de-sopa-kraft-psa780k-psa1000k\/#breadcrumb"},"inLanguage":"pt-PT","potentialAction":[{"@type":"ReadAction","target":["https:\/\/www.csj-emballages.com\/pt-pt\/produit\/25-tampas-para-panelas-de-sopa-kraft-psa780k-psa1000k\/"]}]},{"@type":"ImageObject","inLanguage":"pt-PT","@id":"https:\/\/www.csj-emballages.com\/pt-pt\/produit\/25-tampas-para-panelas-de-sopa-kraft-psa780k-psa1000k\/#primaryimage","url":"https:\/\/www.csj-emballages.com\/wp-content\/uploads\/2024\/03\/COUVPSA780-1.webp","contentUrl":"https:\/\/www.csj-emballages.com\/wp-content\/uploads\/2024\/03\/COUVPSA780-1.webp","width":800,"height":800,"caption":"Couvercle carton"},{"@type":"BreadcrumbList","@id":"https:\/\/www.csj-emballages.com\/pt-pt\/produit\/25-tampas-para-panelas-de-sopa-kraft-psa780k-psa1000k\/#breadcrumb","itemListElement":[{"@type":"ListItem","position":1,"name":"Acolhimento","item":"https:\/\/www.csj-emballages.com\/pt-pt\/universo-das-embalagens-alimentares\/"},{"@type":"ListItem","position":2,"name":"Shop","item":"https:\/\/www.csj-emballages.com\/shop\/"},{"@type":"ListItem","position":3,"name":"Tampa de cart\u00e3o para panelas de sopa PSA780K \/ PSA1000K, 25 unid."}]},{"@type":"WebSite","@id":"https:\/\/www.csj-emballages.com\/pt-pt\/#website","url":"https:\/\/www.csj-emballages.com\/pt-pt\/","name":"CSJ Emballages","description":"","publisher":{"@id":"https:\/\/www.csj-emballages.com\/pt-pt\/#organization"},"potentialAction":[{"@type":"SearchAction","target":{"@type":"EntryPoint","urlTemplate":"https:\/\/www.csj-emballages.com\/pt-pt\/?s={search_term_string}"},"query-input":{"@type":"PropertyValueSpecification","valueRequired":true,"valueName":"search_term_string"}}],"inLanguage":"pt-PT"},{"@type":"Organization","@id":"https:\/\/www.csj-emballages.com\/pt-pt\/#Organization\/","name":"CSJ Emballages","url":"https:\/\/www.csj-emballages.com\/pt-pt\/","logo":{"@type":"ImageObject","inLanguage":"pt-PT","@id":"https:\/\/www.csj-emballages.com\/pt-pt\/#\/schema\/logo\/image\/","url":"https:\/\/www.csj-emballages.com\/wp-content\/uploads\/2023\/10\/logo_csj.webp","contentUrl":"https:\/\/www.csj-emballages.com\/wp-content\/uploads\/2023\/10\/logo_csj.webp","width":250,"height":95,"caption":"CSJ Emballages"},"image":{"@id":"https:\/\/www.csj-emballages.com\/pt-pt\/#\/schema\/logo\/image\/"},"sameAs":["https:\/\/www.facebook.com\/csjemballages"],"address":{"@type":"PostalAddress","streetAddress":"ZI La Lechere","addressLocality":"Patornay","postalCode":"39130","addressCountry":"FR"},"contactPoint":[{"@type":"ContactPoint","contactType":"Service client","telephone":"0384254272","email":"contact@csj-emballages.com"}]}]}},"df_price":3.8,"df_sale_price":"","df_regular_price":3.8,"df_image_link":"https:\/\/www.csj-emballages.com\/wp-content\/uploads\/2024\/03\/COUVPSA780-1-300x300.webp","tiered_pricing_type":"fixed","tiered_pricing_fixed_rules":[],"tiered_pricing_percentage_rules":[],"tiered_pricing_minimum":1,"tiered_pricing_roles_data":[],"_links":{"self":[{"href":"https:\/\/www.csj-emballages.com\/pt-pt\/wp-json\/wp\/v2\/product\/20344","targetHints":{"allow":["GET"]}}],"collection":[{"href":"https:\/\/www.csj-emballages.com\/pt-pt\/wp-json\/wp\/v2\/product"}],"about":[{"href":"https:\/\/www.csj-emballages.com\/pt-pt\/wp-json\/wp\/v2\/types\/product"}],"wp:featuredmedia":[{"embeddable":true,"href":"https:\/\/www.csj-emballages.com\/pt-pt\/wp-json\/wp\/v2\/media\/202798"}],"wp:attachment":[{"href":"https:\/\/www.csj-emballages.com\/pt-pt\/wp-json\/wp\/v2\/media?parent=20344"}],"wp:term":[{"taxonomy":"product_brand","embeddable":true,"href":"https:\/\/www.csj-emballages.com\/pt-pt\/wp-json\/wp\/v2\/product_brand?post=20344"},{"taxonomy":"product_cat","embeddable":true,"href":"https:\/\/www.csj-emballages.com\/pt-pt\/wp-json\/wp\/v2\/product_cat?post=20344"},{"taxonomy":"product_tag","embeddable":true,"href":"https:\/\/www.csj-emballages.com\/pt-pt\/wp-json\/wp\/v2\/product_tag?post=20344"}],"curies":[{"name":"wp","href":"https:\/\/api.w.org\/{rel}","templated":true}]}}