{"id":20338,"date":"2024-03-01T16:54:44","date_gmt":"2024-03-01T15:54:44","guid":{"rendered":"https:\/\/u15jnbdpoq.preview.infomaniak.website\/produit\/100-tampas-para-frascos-redondos-de-pp-o101-mm\/"},"modified":"2026-05-08T02:12:40","modified_gmt":"2026-05-08T00:12:40","slug":"100-tampas-para-frascos-redondos-de-pp-o101-mm","status":"publish","type":"product","link":"https:\/\/www.csj-emballages.com\/pt-pt\/produit\/100-tampas-para-frascos-redondos-de-pp-o101-mm\/","title":{"rendered":"Tampas de pl\u00e1stico para frascos redondos de PP \u00d8101 mm por 100"},"content":{"rendered":"<h2>Tampa de pl\u00e1stico<\/h2>\n<hr>\n<h3>Descri\u00e7\u00e3o da nossa tampa de pl\u00e1stico para frascos redondos de PP \u00d8101 mm por 100<\/h3>\n<p><!--more--><\/p>\n<p data-start=\"268\" data-end=\"628\">Um bom recipiente \u00e9 in\u00fatil sem uma tampa fi\u00e1vel. Esta <strong data-start=\"329\" data-end=\"379\">tampa de pl\u00e1stico para frascos redondos PP \u00d8101 mm<\/strong> foi concebida para tornar as suas prepara\u00e7\u00f5es seguras e f\u00e1ceis de utilizar todos os dias. Adapta-se perfeitamente aos frascos compat\u00edveis, assegurando uma veda\u00e7\u00e3o limpa e tranquilizadora, ideal tanto para a venda para levar como para o armazenamento.  <\/p>\n<p data-start=\"630\" data-end=\"989\">Gra\u00e7as \u00e0 sua conce\u00e7\u00e3o em pl\u00e1stico <strong>PP<\/strong>, oferece uma boa resist\u00eancia e mant\u00e9m a sua forma, mesmo em caso de manuseamento repetido. Uma vez fixada, a tampa mant\u00e9m-se firmemente no lugar, limitando as fugas e as surpresas desagrad\u00e1veis durante o transporte. Este \u00e9 exatamente o tipo de pormenor que poupa tempo no servi\u00e7o e evita devolu\u00e7\u00f5es desnecess\u00e1rias de clientes.  <\/p>\n<p data-start=\"991\" data-end=\"1313\">A sua <strong>transpar\u00eancia<\/strong> \u00e9 tamb\u00e9m uma verdadeira vantagem. Num relance, \u00e9 poss\u00edvel identificar o conte\u00fado do frasco, o que facilita a sua organiza\u00e7\u00e3o na cozinha, no balc\u00e3o ou numa vitrina refrigerada. Da mesma forma, o seu perfil plano permite empilhar facilmente os frascos fechados, optimizando o espa\u00e7o e tornando a arruma\u00e7\u00e3o mais limpa e eficaz.  <\/p>\n<p data-start=\"1315\" data-end=\"1642\">Esta <strong>tampa<\/strong> \u00e9 particularmente popular para molhos, acompanhamentos, sobremesas, prepara\u00e7\u00f5es frias ou quentes e tudo o que precise de ficar bem protegido at\u00e9 \u00e0 hora de comer. E, quer seja propriet\u00e1rio de um restaurante, de um catering, de um snack-bar ou de um cami\u00e3o de comida, ela adapta-se naturalmente \u00e0 sua rotina sem alterar os seus h\u00e1bitos. <\/p>\n<p data-start=\"1644\" data-end=\"1897\">Em suma, vendida <strong data-start=\"1650\" data-end=\"1668\">em embalagens de 100 unidades<\/strong>, representa uma solu\u00e7\u00e3o pr\u00e1tica e econ\u00f3mica para garantir a seguran\u00e7a das suas <strong>por\u00e7\u00f5es individuais<\/strong>. Em suma, esta tampa faz exatamente o que se espera dela: veda bem, facilita o servi\u00e7o e poupa-lhe trabalho. <\/p>\n<p data-start=\"1644\" data-end=\"1897\">\n<p data-start=\"1644\" data-end=\"1897\"><!--more--><\/p>\n<h4 data-start=\"1644\" data-end=\"1897\">Vantagens :<\/h4>\n<ul>\n<li data-start=\"1925\" data-end=\"1962\">Compat\u00edvel com <strong>tachos redondos de \u00d8101 mm<\/strong>.<\/li>\n<li data-start=\"1965\" data-end=\"1997\">Fecho fi\u00e1vel e seguro.<\/li>\n<li data-start=\"2000\" data-end=\"2025\"><strong>Pl\u00e1stico PP<\/strong> resistente.<\/li>\n<li data-start=\"2028\" data-end=\"2073\">Transparente para uma identifica\u00e7\u00e3o r\u00e1pida.<\/li>\n<li data-start=\"2076\" data-end=\"2108\">Empilh\u00e1vel e f\u00e1cil de guardar.<\/li>\n<li data-start=\"2111\" data-end=\"2133\">Embalagem de <strong>100 tampas<\/strong>.<\/li>\n<\/ul>\n<p>&nbsp;<\/p>\n<p><!--more--><\/p>\n<h4>Outras informa\u00e7\u00f5es :<\/h4>\n<ul>\n<li><strong>Embalagem<\/strong>: Pacote de 100<\/li>\n<li><strong>Di\u00e2metro<\/strong>: \u00d8101 mm<\/li>\n<li><strong>Material<\/strong>: PP (polipropileno)<\/li>\n<li><strong>Utiliza\u00e7\u00e3o<\/strong>: Quente<\/li>\n<\/ul>\n<p>&nbsp;<\/p>\n<p><!--more--><\/p>\n<p>Encontre aqui as panelas redondas compat\u00edveis com esta tampa: <span style=\"color: #d12727;\"><a style=\"color: #d12727;\" href=\"https:\/\/www.csj-emballages.com\/pt-pt\/produit\/100-frascos-redondos-pp-de-125-ml\/\">PTRPP125<\/a><\/span> \/ <span style=\"color: #d12727;\"><a style=\"color: #d12727;\" href=\"https:\/\/www.csj-emballages.com\/pt-pt\/produit\/100-frascos-redondos-pp-de-200-ml\/\">PTRPP200<\/a><\/span> \/ <span style=\"color: #d12727;\"><a style=\"color: #d12727;\" href=\"https:\/\/www.csj-emballages.com\/pt-pt\/produit\/100-frascos-redondos-pp-de-250-ml\/\">PTRPP250<\/a><\/span><\/p>\n<p>&nbsp;<\/p>\n<p><!--more--><\/p>\n<p><a href=\"\/?product_cat=pots-ronds-chauds-restauration\">V\u00ea o resto da nossa gama de panelas redondas para utiliza\u00e7\u00e3o a quente<\/a><\/p>\n<p>&nbsp;<\/p>\n","protected":false},"excerpt":{"rendered":"<p>Tampa de pl\u00e1stico Descri\u00e7\u00e3o da nossa tampa de pl\u00e1stico para frascos redondos de PP \u00d8101 mm por 100<\/p>\n","protected":false},"featured_media":203619,"template":"","meta":{"_acf_changed":false},"product_brand":[],"product_cat":[1141,1176,1525,1526,1527,1138,1528,1529],"product_tag":[],"class_list":{"0":"post-20338","1":"product","2":"type-product","3":"status-publish","4":"has-post-thumbnail","6":"product_cat-embalagem-de-alimentos","7":"product_cat-talho-e-charcutaria","8":"product_cat-tabuleiros-latas-frascos-para-alimentos","9":"product_cat-vasos-redondos","10":"product_cat-tachos-redondos-para-utilizacao-a-quente","11":"product_cat-restauracao","12":"product_cat-vasos-redondos-pt-pt","13":"product_cat-panelas-redondas-quentes","15":"first","16":"instock","17":"taxable","18":"shipping-taxable","19":"purchasable","20":"product-type-simple"},"acf":[],"yoast_head":"<!-- This site is optimized with the Yoast SEO Premium plugin v26.6 (Yoast SEO v26.6) - https:\/\/yoast.com\/wordpress\/plugins\/seo\/ -->\n<title>Tampa de pl\u00e1stico para recipientes redondos em PP \u00d8101 mm<\/title>\n<meta name=\"description\" content=\"Descubra as nossas tampas de pl\u00e1stico para recipientes redondos em PP! Oferecemos-lhe um pacote de 100 tampas PP resistentes e hermeticamente fechadas.\" \/>\n<meta name=\"robots\" content=\"index, follow, max-snippet:-1, max-image-preview:large, max-video-preview:-1\" \/>\n<link rel=\"canonical\" href=\"https:\/\/www.csj-emballages.com\/pt-pt\/produit\/100-tampas-para-frascos-redondos-de-pp-o101-mm\/\" \/>\n<meta property=\"og:locale\" content=\"pt_PT\" \/>\n<meta property=\"og:type\" content=\"article\" \/>\n<meta property=\"og:title\" content=\"Tampas de pl\u00e1stico para frascos redondos de PP \u00d8101 mm por 100\" \/>\n<meta property=\"og:description\" content=\"Descubra as nossas tampas de pl\u00e1stico para recipientes redondos em PP! Oferecemos-lhe um pacote de 100 tampas PP resistentes e hermeticamente fechadas.\" \/>\n<meta property=\"og:url\" content=\"https:\/\/www.csj-emballages.com\/pt-pt\/produit\/100-tampas-para-frascos-redondos-de-pp-o101-mm\/\" \/>\n<meta property=\"og:site_name\" content=\"CSJ Emballages\" \/>\n<meta property=\"article:publisher\" content=\"https:\/\/www.facebook.com\/csjemballages\" \/>\n<meta property=\"article:modified_time\" content=\"2026-05-08T00:12:40+00:00\" \/>\n<meta property=\"og:image\" content=\"https:\/\/www.csj-emballages.com\/wp-content\/uploads\/2024\/03\/COUV-POT-ROND-FROID.webp\" \/>\n\t<meta property=\"og:image:width\" content=\"800\" \/>\n\t<meta property=\"og:image:height\" content=\"800\" \/>\n\t<meta property=\"og:image:type\" content=\"image\/webp\" \/>\n<meta name=\"twitter:card\" content=\"summary_large_image\" \/>\n<meta name=\"twitter:label1\" content=\"Tempo estimado de leitura\" \/>\n\t<meta name=\"twitter:data1\" content=\"2 minutos\" \/>\n<script type=\"application\/ld+json\" class=\"yoast-schema-graph\">{\"@context\":\"https:\/\/schema.org\",\"@graph\":[{\"@type\":\"WebPage\",\"@id\":\"https:\/\/www.csj-emballages.com\/pt-pt\/produit\/100-tampas-para-frascos-redondos-de-pp-o101-mm\/\",\"url\":\"https:\/\/www.csj-emballages.com\/pt-pt\/produit\/100-tampas-para-frascos-redondos-de-pp-o101-mm\/\",\"name\":\"Tampa de pl\u00e1stico para recipientes redondos em PP \u00d8101 mm\",\"isPartOf\":{\"@id\":\"https:\/\/www.csj-emballages.com\/pt-pt\/#website\"},\"primaryImageOfPage\":{\"@id\":\"https:\/\/www.csj-emballages.com\/pt-pt\/produit\/100-tampas-para-frascos-redondos-de-pp-o101-mm\/#primaryimage\"},\"image\":{\"@id\":\"https:\/\/www.csj-emballages.com\/pt-pt\/produit\/100-tampas-para-frascos-redondos-de-pp-o101-mm\/#primaryimage\"},\"thumbnailUrl\":\"https:\/\/www.csj-emballages.com\/wp-content\/uploads\/2024\/03\/COUV-POT-ROND-FROID.webp\",\"datePublished\":\"2024-03-01T15:54:44+00:00\",\"dateModified\":\"2026-05-08T00:12:40+00:00\",\"description\":\"Descubra as nossas tampas de pl\u00e1stico para recipientes redondos em PP! Oferecemos-lhe um pacote de 100 tampas PP resistentes e hermeticamente fechadas.\",\"breadcrumb\":{\"@id\":\"https:\/\/www.csj-emballages.com\/pt-pt\/produit\/100-tampas-para-frascos-redondos-de-pp-o101-mm\/#breadcrumb\"},\"inLanguage\":\"pt-PT\",\"potentialAction\":[{\"@type\":\"ReadAction\",\"target\":[\"https:\/\/www.csj-emballages.com\/pt-pt\/produit\/100-tampas-para-frascos-redondos-de-pp-o101-mm\/\"]}]},{\"@type\":\"ImageObject\",\"inLanguage\":\"pt-PT\",\"@id\":\"https:\/\/www.csj-emballages.com\/pt-pt\/produit\/100-tampas-para-frascos-redondos-de-pp-o101-mm\/#primaryimage\",\"url\":\"https:\/\/www.csj-emballages.com\/wp-content\/uploads\/2024\/03\/COUV-POT-ROND-FROID.webp\",\"contentUrl\":\"https:\/\/www.csj-emballages.com\/wp-content\/uploads\/2024\/03\/COUV-POT-ROND-FROID.webp\",\"width\":800,\"height\":800,\"caption\":\"Couvercle plastique\"},{\"@type\":\"BreadcrumbList\",\"@id\":\"https:\/\/www.csj-emballages.com\/pt-pt\/produit\/100-tampas-para-frascos-redondos-de-pp-o101-mm\/#breadcrumb\",\"itemListElement\":[{\"@type\":\"ListItem\",\"position\":1,\"name\":\"Acolhimento\",\"item\":\"https:\/\/www.csj-emballages.com\/pt-pt\/universo-das-embalagens-alimentares\/\"},{\"@type\":\"ListItem\",\"position\":2,\"name\":\"Shop\",\"item\":\"https:\/\/www.csj-emballages.com\/shop\/\"},{\"@type\":\"ListItem\",\"position\":3,\"name\":\"Tampas de pl\u00e1stico para frascos redondos de PP \u00d8101 mm por 100\"}]},{\"@type\":\"WebSite\",\"@id\":\"https:\/\/www.csj-emballages.com\/pt-pt\/#website\",\"url\":\"https:\/\/www.csj-emballages.com\/pt-pt\/\",\"name\":\"CSJ Emballages\",\"description\":\"\",\"publisher\":{\"@id\":\"https:\/\/www.csj-emballages.com\/pt-pt\/#organization\"},\"potentialAction\":[{\"@type\":\"SearchAction\",\"target\":{\"@type\":\"EntryPoint\",\"urlTemplate\":\"https:\/\/www.csj-emballages.com\/pt-pt\/?s={search_term_string}\"},\"query-input\":{\"@type\":\"PropertyValueSpecification\",\"valueRequired\":true,\"valueName\":\"search_term_string\"}}],\"inLanguage\":\"pt-PT\"},{\"@type\":\"Organization\",\"@id\":\"https:\/\/www.csj-emballages.com\/pt-pt\/#Organization\/\",\"name\":\"CSJ Emballages\",\"url\":\"https:\/\/www.csj-emballages.com\/pt-pt\/\",\"logo\":{\"@type\":\"ImageObject\",\"inLanguage\":\"pt-PT\",\"@id\":\"https:\/\/www.csj-emballages.com\/pt-pt\/#\/schema\/logo\/image\/\",\"url\":\"https:\/\/www.csj-emballages.com\/wp-content\/uploads\/2023\/10\/logo_csj.webp\",\"contentUrl\":\"https:\/\/www.csj-emballages.com\/wp-content\/uploads\/2023\/10\/logo_csj.webp\",\"width\":250,\"height\":95,\"caption\":\"CSJ Emballages\"},\"image\":{\"@id\":\"https:\/\/www.csj-emballages.com\/pt-pt\/#\/schema\/logo\/image\/\"},\"sameAs\":[\"https:\/\/www.facebook.com\/csjemballages\"],\"address\":{\"@type\":\"PostalAddress\",\"streetAddress\":\"ZI La Lechere\",\"addressLocality\":\"Patornay\",\"postalCode\":\"39130\",\"addressCountry\":\"FR\"},\"contactPoint\":[{\"@type\":\"ContactPoint\",\"contactType\":\"Service client\",\"telephone\":\"0384254272\",\"email\":\"contact@csj-emballages.com\"}]}]}<\/script>\n<!-- \/ Yoast SEO Premium plugin. -->","yoast_head_json":{"title":"Tampa de pl\u00e1stico para recipientes redondos em PP \u00d8101 mm","description":"Descubra as nossas tampas de pl\u00e1stico para recipientes redondos em PP! Oferecemos-lhe um pacote de 100 tampas PP resistentes e hermeticamente fechadas.","robots":{"index":"index","follow":"follow","max-snippet":"max-snippet:-1","max-image-preview":"max-image-preview:large","max-video-preview":"max-video-preview:-1"},"canonical":"https:\/\/www.csj-emballages.com\/pt-pt\/produit\/100-tampas-para-frascos-redondos-de-pp-o101-mm\/","og_locale":"pt_PT","og_type":"article","og_title":"Tampas de pl\u00e1stico para frascos redondos de PP \u00d8101 mm por 100","og_description":"Descubra as nossas tampas de pl\u00e1stico para recipientes redondos em PP! Oferecemos-lhe um pacote de 100 tampas PP resistentes e hermeticamente fechadas.","og_url":"https:\/\/www.csj-emballages.com\/pt-pt\/produit\/100-tampas-para-frascos-redondos-de-pp-o101-mm\/","og_site_name":"CSJ Emballages","article_publisher":"https:\/\/www.facebook.com\/csjemballages","article_modified_time":"2026-05-08T00:12:40+00:00","og_image":[{"width":800,"height":800,"url":"https:\/\/www.csj-emballages.com\/wp-content\/uploads\/2024\/03\/COUV-POT-ROND-FROID.webp","type":"image\/webp"}],"twitter_card":"summary_large_image","twitter_misc":{"Tempo estimado de leitura":"2 minutos"},"schema":{"@context":"https:\/\/schema.org","@graph":[{"@type":"WebPage","@id":"https:\/\/www.csj-emballages.com\/pt-pt\/produit\/100-tampas-para-frascos-redondos-de-pp-o101-mm\/","url":"https:\/\/www.csj-emballages.com\/pt-pt\/produit\/100-tampas-para-frascos-redondos-de-pp-o101-mm\/","name":"Tampa de pl\u00e1stico para recipientes redondos em PP \u00d8101 mm","isPartOf":{"@id":"https:\/\/www.csj-emballages.com\/pt-pt\/#website"},"primaryImageOfPage":{"@id":"https:\/\/www.csj-emballages.com\/pt-pt\/produit\/100-tampas-para-frascos-redondos-de-pp-o101-mm\/#primaryimage"},"image":{"@id":"https:\/\/www.csj-emballages.com\/pt-pt\/produit\/100-tampas-para-frascos-redondos-de-pp-o101-mm\/#primaryimage"},"thumbnailUrl":"https:\/\/www.csj-emballages.com\/wp-content\/uploads\/2024\/03\/COUV-POT-ROND-FROID.webp","datePublished":"2024-03-01T15:54:44+00:00","dateModified":"2026-05-08T00:12:40+00:00","description":"Descubra as nossas tampas de pl\u00e1stico para recipientes redondos em PP! Oferecemos-lhe um pacote de 100 tampas PP resistentes e hermeticamente fechadas.","breadcrumb":{"@id":"https:\/\/www.csj-emballages.com\/pt-pt\/produit\/100-tampas-para-frascos-redondos-de-pp-o101-mm\/#breadcrumb"},"inLanguage":"pt-PT","potentialAction":[{"@type":"ReadAction","target":["https:\/\/www.csj-emballages.com\/pt-pt\/produit\/100-tampas-para-frascos-redondos-de-pp-o101-mm\/"]}]},{"@type":"ImageObject","inLanguage":"pt-PT","@id":"https:\/\/www.csj-emballages.com\/pt-pt\/produit\/100-tampas-para-frascos-redondos-de-pp-o101-mm\/#primaryimage","url":"https:\/\/www.csj-emballages.com\/wp-content\/uploads\/2024\/03\/COUV-POT-ROND-FROID.webp","contentUrl":"https:\/\/www.csj-emballages.com\/wp-content\/uploads\/2024\/03\/COUV-POT-ROND-FROID.webp","width":800,"height":800,"caption":"Couvercle plastique"},{"@type":"BreadcrumbList","@id":"https:\/\/www.csj-emballages.com\/pt-pt\/produit\/100-tampas-para-frascos-redondos-de-pp-o101-mm\/#breadcrumb","itemListElement":[{"@type":"ListItem","position":1,"name":"Acolhimento","item":"https:\/\/www.csj-emballages.com\/pt-pt\/universo-das-embalagens-alimentares\/"},{"@type":"ListItem","position":2,"name":"Shop","item":"https:\/\/www.csj-emballages.com\/shop\/"},{"@type":"ListItem","position":3,"name":"Tampas de pl\u00e1stico para frascos redondos de PP \u00d8101 mm por 100"}]},{"@type":"WebSite","@id":"https:\/\/www.csj-emballages.com\/pt-pt\/#website","url":"https:\/\/www.csj-emballages.com\/pt-pt\/","name":"CSJ Emballages","description":"","publisher":{"@id":"https:\/\/www.csj-emballages.com\/pt-pt\/#organization"},"potentialAction":[{"@type":"SearchAction","target":{"@type":"EntryPoint","urlTemplate":"https:\/\/www.csj-emballages.com\/pt-pt\/?s={search_term_string}"},"query-input":{"@type":"PropertyValueSpecification","valueRequired":true,"valueName":"search_term_string"}}],"inLanguage":"pt-PT"},{"@type":"Organization","@id":"https:\/\/www.csj-emballages.com\/pt-pt\/#Organization\/","name":"CSJ Emballages","url":"https:\/\/www.csj-emballages.com\/pt-pt\/","logo":{"@type":"ImageObject","inLanguage":"pt-PT","@id":"https:\/\/www.csj-emballages.com\/pt-pt\/#\/schema\/logo\/image\/","url":"https:\/\/www.csj-emballages.com\/wp-content\/uploads\/2023\/10\/logo_csj.webp","contentUrl":"https:\/\/www.csj-emballages.com\/wp-content\/uploads\/2023\/10\/logo_csj.webp","width":250,"height":95,"caption":"CSJ Emballages"},"image":{"@id":"https:\/\/www.csj-emballages.com\/pt-pt\/#\/schema\/logo\/image\/"},"sameAs":["https:\/\/www.facebook.com\/csjemballages"],"address":{"@type":"PostalAddress","streetAddress":"ZI La Lechere","addressLocality":"Patornay","postalCode":"39130","addressCountry":"FR"},"contactPoint":[{"@type":"ContactPoint","contactType":"Service client","telephone":"0384254272","email":"contact@csj-emballages.com"}]}]}},"df_price":3.8,"df_sale_price":"","df_regular_price":3.8,"df_image_link":"https:\/\/www.csj-emballages.com\/wp-content\/uploads\/2024\/03\/COUV-POT-ROND-FROID-300x300.webp","tiered_pricing_type":"fixed","tiered_pricing_fixed_rules":[],"tiered_pricing_percentage_rules":[],"tiered_pricing_minimum":1,"tiered_pricing_roles_data":[],"_links":{"self":[{"href":"https:\/\/www.csj-emballages.com\/pt-pt\/wp-json\/wp\/v2\/product\/20338","targetHints":{"allow":["GET"]}}],"collection":[{"href":"https:\/\/www.csj-emballages.com\/pt-pt\/wp-json\/wp\/v2\/product"}],"about":[{"href":"https:\/\/www.csj-emballages.com\/pt-pt\/wp-json\/wp\/v2\/types\/product"}],"wp:featuredmedia":[{"embeddable":true,"href":"https:\/\/www.csj-emballages.com\/pt-pt\/wp-json\/wp\/v2\/media\/203619"}],"wp:attachment":[{"href":"https:\/\/www.csj-emballages.com\/pt-pt\/wp-json\/wp\/v2\/media?parent=20338"}],"wp:term":[{"taxonomy":"product_brand","embeddable":true,"href":"https:\/\/www.csj-emballages.com\/pt-pt\/wp-json\/wp\/v2\/product_brand?post=20338"},{"taxonomy":"product_cat","embeddable":true,"href":"https:\/\/www.csj-emballages.com\/pt-pt\/wp-json\/wp\/v2\/product_cat?post=20338"},{"taxonomy":"product_tag","embeddable":true,"href":"https:\/\/www.csj-emballages.com\/pt-pt\/wp-json\/wp\/v2\/product_tag?post=20338"}],"curies":[{"name":"wp","href":"https:\/\/api.w.org\/{rel}","templated":true}]}}