{"id":20334,"date":"2024-03-01T16:54:45","date_gmt":"2024-03-01T15:54:45","guid":{"rendered":"https:\/\/u15jnbdpoq.preview.infomaniak.website\/produit\/50-tampas-de-plastico-baixas-para-tabuleiros-biodegradaveis-850-ml\/"},"modified":"2026-04-16T02:12:42","modified_gmt":"2026-04-16T00:12:42","slug":"50-tampas-de-plastico-baixas-para-tabuleiros-biodegradaveis-850-ml","status":"publish","type":"product","link":"https:\/\/www.csj-emballages.com\/pt-pt\/produit\/50-tampas-de-plastico-baixas-para-tabuleiros-biodegradaveis-850-ml\/","title":{"rendered":"Tampa de pl\u00e1stico para tabuleiro biodegrad\u00e1vel, embalagem de 50"},"content":{"rendered":"<h2 style=\"text-align: left;\">Tampa de pl\u00e1stico<\/h2>\n<hr>\n<div style=\"text-align: left;\">\n<h3>Descri\u00e7\u00e3o da nossa tampa de pl\u00e1stico para tabuleiros biodegrad\u00e1veis, embalagem de 50<\/h3>\n<p><!--more--><\/p>\n<p>Esta <strong>tampa de pl\u00e1stico<\/strong> transparente foi especialmente concebida para se adaptar perfeitamente ao tabuleiro biodegrad\u00e1vel <span style=\"color: #d12727;\"><a style=\"color: #d12727;\" href=\"https:\/\/www.csj-emballages.com\/es\/produit\/50-bandejas-biodegradables-con-tapas-separadas-850-ml\/\">tabuleiro biodegrad\u00e1vel KP710BIO<\/a><\/span>. Proporciona uma veda\u00e7\u00e3o herm\u00e9tica para o transporte seguro dos seus alimentos, quer estejam quentes ou frios. Gra\u00e7as \u00e0 sua transpar\u00eancia, a <strong>tampa<\/strong> oferece uma excelente visibilidade dos alimentos, real\u00e7ando os teus preparados e facilitando a sua identifica\u00e7\u00e3o. Ideal para catering, restaurantes e takeaways, garante uma apresenta\u00e7\u00e3o cuidada e profissional.   <\/p>\n<p>Simples de colocar e retirar, esta <strong>tampa<\/strong> \u00e9 perfeitamente compat\u00edvel com os <strong>tabuleiros<\/strong> de baga\u00e7o <strong>biodegrad\u00e1vel<\/strong>. \u00c9 f\u00e1cil de colocar, garantindo uma veda\u00e7\u00e3o perfeita e preservando a frescura e a qualidade dos teus pratos. <\/p>\n<p>&nbsp;<\/p>\n<p><!--more--><\/p>\n<h4><strong>Uma escolha respons\u00e1vel<\/strong><\/h4>\n<p>Apesar de ser feita de pl\u00e1stico, esta <strong>tampa<\/strong> foi concebida para ser utilizada com <strong>tabuleiros biodegrad\u00e1veis<\/strong>, oferecendo uma solu\u00e7\u00e3o pr\u00e1tica que cumpre as normas alimentares. Combina a funcionalidade e o compromisso ecol\u00f3gico ao associar estes dois produtos complementares. <\/p>\n<p>Em suma, embalada em pacotes de <strong>50<\/strong> unidades, esta <strong>tampa<\/strong> \u00e9 uma op\u00e7\u00e3o econ\u00f3mica e pr\u00e1tica para as tuas necessidades profissionais. Adiciona-a agora \u00e0s tuas embalagens para uma solu\u00e7\u00e3o completa e eficaz. <\/p>\n<\/div>\n<div style=\"text-align: left;\">\n<div style=\"text-align: left;\">\n<div style=\"text-align: left;\">\n<p>&nbsp;<\/p>\n<div style=\"text-align: left;\">\n<p><!--more--><\/p>\n<div style=\"text-align: left;\">\n<h4>Outras informa\u00e7\u00f5es :<\/h4>\n<div style=\"text-align: left;\">\n<ul>\n<li><strong>Dimens\u00f5es<\/strong>: 236,6 x 131,6 cm (C x L em mm)<\/li>\n<li><strong>Embalagem<\/strong>: Pacote de 50<\/li>\n<li><strong>Material<\/strong>: Pl\u00e1stico<\/li>\n<\/ul>\n<p>&nbsp;<\/p>\n<\/div>\n<\/div>\n<p><!--more--><\/p>\n<div style=\"text-align: left;\">\n<div style=\"text-align: left;\">\n<p>Encontra aqui o tabuleiro compat\u00edvel com esta tampa: <span style=\"color: #d12727;\"><a style=\"color: #d12727;\" href=\"https:\/\/www.csj-emballages.com\/es\/produit\/50-bandejas-biodegradables-con-tapas-separadas-850-ml\/\">KP710BIO<\/a><\/span><\/p>\n<p>&nbsp;<\/p>\n<\/div>\n<\/div>\n<\/div>\n<\/div>\n<\/div>\n<\/div>\n<p><!--more--><\/p>\n<p><a href=\"https:\/\/www.csj-emballages.com\/pt-pt\/categorie-produit\/embalagem-de-alimentos\/talho-e-charcutaria\/tabuleiros-latas-e-frascos\/tabuleiros-latas-frascos-para-alimentos\/tabuleiros-biodegradaveis\/\"><span style=\"font-style: italic; text-decoration: underline;\">Descobre o resto dos nossos tabuleiros biodegrad\u00e1veis<\/span><\/a><\/p>\n","protected":false},"excerpt":{"rendered":"<p>Tampa de pl\u00e1stico Descri\u00e7\u00e3o da nossa tampa de pl\u00e1stico para tabuleiros biodegrad\u00e1veis, embalagem de 50<\/p>\n","protected":false},"featured_media":239755,"template":"","meta":{"_acf_changed":false},"product_brand":[],"product_cat":[1176,1525,2474,1152,2475],"product_tag":[],"class_list":{"0":"post-20334","1":"product","2":"type-product","3":"status-publish","4":"has-post-thumbnail","6":"product_cat-talho-e-charcutaria","7":"product_cat-tabuleiros-latas-frascos-para-alimentos","8":"product_cat-tabuleiros-biodegradaveis","9":"product_cat-gama-biologica","10":"product_cat-tabuleiros-organicos-pt-pt","12":"first","13":"instock","14":"taxable","15":"shipping-taxable","16":"purchasable","17":"product-type-simple"},"acf":[],"yoast_head":"<!-- This site is optimized with the Yoast SEO Premium plugin v26.6 (Yoast SEO v26.6) - https:\/\/yoast.com\/wordpress\/plugins\/seo\/ -->\n<title>Tampa de pl\u00e1stico para o tabuleiro biodegrad\u00e1vel KP710BIO<\/title>\n<meta name=\"description\" content=\"Tampa de pl\u00e1stico transparente para o tabuleiro biodegrad\u00e1vel KP710BIO. Estanque, pr\u00e1tico e econ\u00f3mico, ideal para o transporte.\" \/>\n<meta name=\"robots\" content=\"index, follow, max-snippet:-1, max-image-preview:large, max-video-preview:-1\" \/>\n<link rel=\"canonical\" href=\"https:\/\/www.csj-emballages.com\/pt-pt\/produit\/50-tampas-de-plastico-baixas-para-tabuleiros-biodegradaveis-850-ml\/\" \/>\n<meta property=\"og:locale\" content=\"pt_PT\" \/>\n<meta property=\"og:type\" content=\"article\" \/>\n<meta property=\"og:title\" content=\"Tampa de pl\u00e1stico para tabuleiro biodegrad\u00e1vel, embalagem de 50\" \/>\n<meta property=\"og:description\" content=\"Tampa de pl\u00e1stico transparente para o tabuleiro biodegrad\u00e1vel KP710BIO. Estanque, pr\u00e1tico e econ\u00f3mico, ideal para o transporte.\" \/>\n<meta property=\"og:url\" content=\"https:\/\/www.csj-emballages.com\/pt-pt\/produit\/50-tampas-de-plastico-baixas-para-tabuleiros-biodegradaveis-850-ml\/\" \/>\n<meta property=\"og:site_name\" content=\"CSJ Emballages\" \/>\n<meta property=\"article:publisher\" content=\"https:\/\/www.facebook.com\/csjemballages\" \/>\n<meta property=\"article:modified_time\" content=\"2026-04-16T00:12:42+00:00\" \/>\n<meta property=\"og:image\" content=\"https:\/\/www.csj-emballages.com\/wp-content\/uploads\/2024\/03\/COUVKP710BIO.webp\" \/>\n\t<meta property=\"og:image:width\" content=\"800\" \/>\n\t<meta property=\"og:image:height\" content=\"800\" \/>\n\t<meta property=\"og:image:type\" content=\"image\/webp\" \/>\n<meta name=\"twitter:card\" content=\"summary_large_image\" \/>\n<meta name=\"twitter:label1\" content=\"Tempo estimado de leitura\" \/>\n\t<meta name=\"twitter:data1\" content=\"1 minuto\" \/>\n<script type=\"application\/ld+json\" class=\"yoast-schema-graph\">{\"@context\":\"https:\/\/schema.org\",\"@graph\":[{\"@type\":\"WebPage\",\"@id\":\"https:\/\/www.csj-emballages.com\/pt-pt\/produit\/50-tampas-de-plastico-baixas-para-tabuleiros-biodegradaveis-850-ml\/\",\"url\":\"https:\/\/www.csj-emballages.com\/pt-pt\/produit\/50-tampas-de-plastico-baixas-para-tabuleiros-biodegradaveis-850-ml\/\",\"name\":\"Tampa de pl\u00e1stico para o tabuleiro biodegrad\u00e1vel KP710BIO\",\"isPartOf\":{\"@id\":\"https:\/\/www.csj-emballages.com\/pt-pt\/#website\"},\"primaryImageOfPage\":{\"@id\":\"https:\/\/www.csj-emballages.com\/pt-pt\/produit\/50-tampas-de-plastico-baixas-para-tabuleiros-biodegradaveis-850-ml\/#primaryimage\"},\"image\":{\"@id\":\"https:\/\/www.csj-emballages.com\/pt-pt\/produit\/50-tampas-de-plastico-baixas-para-tabuleiros-biodegradaveis-850-ml\/#primaryimage\"},\"thumbnailUrl\":\"https:\/\/www.csj-emballages.com\/wp-content\/uploads\/2024\/03\/COUVKP710BIO.webp\",\"datePublished\":\"2024-03-01T15:54:45+00:00\",\"dateModified\":\"2026-04-16T00:12:42+00:00\",\"description\":\"Tampa de pl\u00e1stico transparente para o tabuleiro biodegrad\u00e1vel KP710BIO. Estanque, pr\u00e1tico e econ\u00f3mico, ideal para o transporte.\",\"breadcrumb\":{\"@id\":\"https:\/\/www.csj-emballages.com\/pt-pt\/produit\/50-tampas-de-plastico-baixas-para-tabuleiros-biodegradaveis-850-ml\/#breadcrumb\"},\"inLanguage\":\"pt-PT\",\"potentialAction\":[{\"@type\":\"ReadAction\",\"target\":[\"https:\/\/www.csj-emballages.com\/pt-pt\/produit\/50-tampas-de-plastico-baixas-para-tabuleiros-biodegradaveis-850-ml\/\"]}]},{\"@type\":\"ImageObject\",\"inLanguage\":\"pt-PT\",\"@id\":\"https:\/\/www.csj-emballages.com\/pt-pt\/produit\/50-tampas-de-plastico-baixas-para-tabuleiros-biodegradaveis-850-ml\/#primaryimage\",\"url\":\"https:\/\/www.csj-emballages.com\/wp-content\/uploads\/2024\/03\/COUVKP710BIO.webp\",\"contentUrl\":\"https:\/\/www.csj-emballages.com\/wp-content\/uploads\/2024\/03\/COUVKP710BIO.webp\",\"width\":800,\"height\":800,\"caption\":\"Couvercle plastique\"},{\"@type\":\"BreadcrumbList\",\"@id\":\"https:\/\/www.csj-emballages.com\/pt-pt\/produit\/50-tampas-de-plastico-baixas-para-tabuleiros-biodegradaveis-850-ml\/#breadcrumb\",\"itemListElement\":[{\"@type\":\"ListItem\",\"position\":1,\"name\":\"Acolhimento\",\"item\":\"https:\/\/www.csj-emballages.com\/pt-pt\/universo-das-embalagens-alimentares\/\"},{\"@type\":\"ListItem\",\"position\":2,\"name\":\"Shop\",\"item\":\"https:\/\/www.csj-emballages.com\/shop\/\"},{\"@type\":\"ListItem\",\"position\":3,\"name\":\"Tampa de pl\u00e1stico para tabuleiro biodegrad\u00e1vel, embalagem de 50\"}]},{\"@type\":\"WebSite\",\"@id\":\"https:\/\/www.csj-emballages.com\/pt-pt\/#website\",\"url\":\"https:\/\/www.csj-emballages.com\/pt-pt\/\",\"name\":\"CSJ Emballages\",\"description\":\"\",\"publisher\":{\"@id\":\"https:\/\/www.csj-emballages.com\/pt-pt\/#organization\"},\"potentialAction\":[{\"@type\":\"SearchAction\",\"target\":{\"@type\":\"EntryPoint\",\"urlTemplate\":\"https:\/\/www.csj-emballages.com\/pt-pt\/?s={search_term_string}\"},\"query-input\":{\"@type\":\"PropertyValueSpecification\",\"valueRequired\":true,\"valueName\":\"search_term_string\"}}],\"inLanguage\":\"pt-PT\"},{\"@type\":\"Organization\",\"@id\":\"https:\/\/www.csj-emballages.com\/pt-pt\/#Organization\/\",\"name\":\"CSJ Emballages\",\"url\":\"https:\/\/www.csj-emballages.com\/pt-pt\/\",\"logo\":{\"@type\":\"ImageObject\",\"inLanguage\":\"pt-PT\",\"@id\":\"https:\/\/www.csj-emballages.com\/pt-pt\/#\/schema\/logo\/image\/\",\"url\":\"https:\/\/www.csj-emballages.com\/wp-content\/uploads\/2023\/10\/logo_csj.webp\",\"contentUrl\":\"https:\/\/www.csj-emballages.com\/wp-content\/uploads\/2023\/10\/logo_csj.webp\",\"width\":250,\"height\":95,\"caption\":\"CSJ Emballages\"},\"image\":{\"@id\":\"https:\/\/www.csj-emballages.com\/pt-pt\/#\/schema\/logo\/image\/\"},\"sameAs\":[\"https:\/\/www.facebook.com\/csjemballages\"],\"address\":{\"@type\":\"PostalAddress\",\"streetAddress\":\"ZI La Lechere\",\"addressLocality\":\"Patornay\",\"postalCode\":\"39130\",\"addressCountry\":\"FR\"},\"contactPoint\":[{\"@type\":\"ContactPoint\",\"contactType\":\"Service client\",\"telephone\":\"0384254272\",\"email\":\"contact@csj-emballages.com\"}]}]}<\/script>\n<!-- \/ Yoast SEO Premium plugin. -->","yoast_head_json":{"title":"Tampa de pl\u00e1stico para o tabuleiro biodegrad\u00e1vel KP710BIO","description":"Tampa de pl\u00e1stico transparente para o tabuleiro biodegrad\u00e1vel KP710BIO. Estanque, pr\u00e1tico e econ\u00f3mico, ideal para o transporte.","robots":{"index":"index","follow":"follow","max-snippet":"max-snippet:-1","max-image-preview":"max-image-preview:large","max-video-preview":"max-video-preview:-1"},"canonical":"https:\/\/www.csj-emballages.com\/pt-pt\/produit\/50-tampas-de-plastico-baixas-para-tabuleiros-biodegradaveis-850-ml\/","og_locale":"pt_PT","og_type":"article","og_title":"Tampa de pl\u00e1stico para tabuleiro biodegrad\u00e1vel, embalagem de 50","og_description":"Tampa de pl\u00e1stico transparente para o tabuleiro biodegrad\u00e1vel KP710BIO. Estanque, pr\u00e1tico e econ\u00f3mico, ideal para o transporte.","og_url":"https:\/\/www.csj-emballages.com\/pt-pt\/produit\/50-tampas-de-plastico-baixas-para-tabuleiros-biodegradaveis-850-ml\/","og_site_name":"CSJ Emballages","article_publisher":"https:\/\/www.facebook.com\/csjemballages","article_modified_time":"2026-04-16T00:12:42+00:00","og_image":[{"width":800,"height":800,"url":"https:\/\/www.csj-emballages.com\/wp-content\/uploads\/2024\/03\/COUVKP710BIO.webp","type":"image\/webp"}],"twitter_card":"summary_large_image","twitter_misc":{"Tempo estimado de leitura":"1 minuto"},"schema":{"@context":"https:\/\/schema.org","@graph":[{"@type":"WebPage","@id":"https:\/\/www.csj-emballages.com\/pt-pt\/produit\/50-tampas-de-plastico-baixas-para-tabuleiros-biodegradaveis-850-ml\/","url":"https:\/\/www.csj-emballages.com\/pt-pt\/produit\/50-tampas-de-plastico-baixas-para-tabuleiros-biodegradaveis-850-ml\/","name":"Tampa de pl\u00e1stico para o tabuleiro biodegrad\u00e1vel KP710BIO","isPartOf":{"@id":"https:\/\/www.csj-emballages.com\/pt-pt\/#website"},"primaryImageOfPage":{"@id":"https:\/\/www.csj-emballages.com\/pt-pt\/produit\/50-tampas-de-plastico-baixas-para-tabuleiros-biodegradaveis-850-ml\/#primaryimage"},"image":{"@id":"https:\/\/www.csj-emballages.com\/pt-pt\/produit\/50-tampas-de-plastico-baixas-para-tabuleiros-biodegradaveis-850-ml\/#primaryimage"},"thumbnailUrl":"https:\/\/www.csj-emballages.com\/wp-content\/uploads\/2024\/03\/COUVKP710BIO.webp","datePublished":"2024-03-01T15:54:45+00:00","dateModified":"2026-04-16T00:12:42+00:00","description":"Tampa de pl\u00e1stico transparente para o tabuleiro biodegrad\u00e1vel KP710BIO. Estanque, pr\u00e1tico e econ\u00f3mico, ideal para o transporte.","breadcrumb":{"@id":"https:\/\/www.csj-emballages.com\/pt-pt\/produit\/50-tampas-de-plastico-baixas-para-tabuleiros-biodegradaveis-850-ml\/#breadcrumb"},"inLanguage":"pt-PT","potentialAction":[{"@type":"ReadAction","target":["https:\/\/www.csj-emballages.com\/pt-pt\/produit\/50-tampas-de-plastico-baixas-para-tabuleiros-biodegradaveis-850-ml\/"]}]},{"@type":"ImageObject","inLanguage":"pt-PT","@id":"https:\/\/www.csj-emballages.com\/pt-pt\/produit\/50-tampas-de-plastico-baixas-para-tabuleiros-biodegradaveis-850-ml\/#primaryimage","url":"https:\/\/www.csj-emballages.com\/wp-content\/uploads\/2024\/03\/COUVKP710BIO.webp","contentUrl":"https:\/\/www.csj-emballages.com\/wp-content\/uploads\/2024\/03\/COUVKP710BIO.webp","width":800,"height":800,"caption":"Couvercle plastique"},{"@type":"BreadcrumbList","@id":"https:\/\/www.csj-emballages.com\/pt-pt\/produit\/50-tampas-de-plastico-baixas-para-tabuleiros-biodegradaveis-850-ml\/#breadcrumb","itemListElement":[{"@type":"ListItem","position":1,"name":"Acolhimento","item":"https:\/\/www.csj-emballages.com\/pt-pt\/universo-das-embalagens-alimentares\/"},{"@type":"ListItem","position":2,"name":"Shop","item":"https:\/\/www.csj-emballages.com\/shop\/"},{"@type":"ListItem","position":3,"name":"Tampa de pl\u00e1stico para tabuleiro biodegrad\u00e1vel, embalagem de 50"}]},{"@type":"WebSite","@id":"https:\/\/www.csj-emballages.com\/pt-pt\/#website","url":"https:\/\/www.csj-emballages.com\/pt-pt\/","name":"CSJ Emballages","description":"","publisher":{"@id":"https:\/\/www.csj-emballages.com\/pt-pt\/#organization"},"potentialAction":[{"@type":"SearchAction","target":{"@type":"EntryPoint","urlTemplate":"https:\/\/www.csj-emballages.com\/pt-pt\/?s={search_term_string}"},"query-input":{"@type":"PropertyValueSpecification","valueRequired":true,"valueName":"search_term_string"}}],"inLanguage":"pt-PT"},{"@type":"Organization","@id":"https:\/\/www.csj-emballages.com\/pt-pt\/#Organization\/","name":"CSJ Emballages","url":"https:\/\/www.csj-emballages.com\/pt-pt\/","logo":{"@type":"ImageObject","inLanguage":"pt-PT","@id":"https:\/\/www.csj-emballages.com\/pt-pt\/#\/schema\/logo\/image\/","url":"https:\/\/www.csj-emballages.com\/wp-content\/uploads\/2023\/10\/logo_csj.webp","contentUrl":"https:\/\/www.csj-emballages.com\/wp-content\/uploads\/2023\/10\/logo_csj.webp","width":250,"height":95,"caption":"CSJ Emballages"},"image":{"@id":"https:\/\/www.csj-emballages.com\/pt-pt\/#\/schema\/logo\/image\/"},"sameAs":["https:\/\/www.facebook.com\/csjemballages"],"address":{"@type":"PostalAddress","streetAddress":"ZI La Lechere","addressLocality":"Patornay","postalCode":"39130","addressCountry":"FR"},"contactPoint":[{"@type":"ContactPoint","contactType":"Service client","telephone":"0384254272","email":"contact@csj-emballages.com"}]}]}},"df_price":11.3,"df_sale_price":"","df_regular_price":11.3,"df_image_link":"https:\/\/www.csj-emballages.com\/wp-content\/uploads\/2024\/03\/COUVKP710BIO-300x300.webp","tiered_pricing_type":"fixed","tiered_pricing_fixed_rules":[],"tiered_pricing_percentage_rules":[],"tiered_pricing_minimum":1,"tiered_pricing_roles_data":[],"_links":{"self":[{"href":"https:\/\/www.csj-emballages.com\/pt-pt\/wp-json\/wp\/v2\/product\/20334","targetHints":{"allow":["GET"]}}],"collection":[{"href":"https:\/\/www.csj-emballages.com\/pt-pt\/wp-json\/wp\/v2\/product"}],"about":[{"href":"https:\/\/www.csj-emballages.com\/pt-pt\/wp-json\/wp\/v2\/types\/product"}],"wp:featuredmedia":[{"embeddable":true,"href":"https:\/\/www.csj-emballages.com\/pt-pt\/wp-json\/wp\/v2\/media\/239755"}],"wp:attachment":[{"href":"https:\/\/www.csj-emballages.com\/pt-pt\/wp-json\/wp\/v2\/media?parent=20334"}],"wp:term":[{"taxonomy":"product_brand","embeddable":true,"href":"https:\/\/www.csj-emballages.com\/pt-pt\/wp-json\/wp\/v2\/product_brand?post=20334"},{"taxonomy":"product_cat","embeddable":true,"href":"https:\/\/www.csj-emballages.com\/pt-pt\/wp-json\/wp\/v2\/product_cat?post=20334"},{"taxonomy":"product_tag","embeddable":true,"href":"https:\/\/www.csj-emballages.com\/pt-pt\/wp-json\/wp\/v2\/product_tag?post=20334"}],"curies":[{"name":"wp","href":"https:\/\/api.w.org\/{rel}","templated":true}]}}