{"id":20320,"date":"2024-03-01T16:54:44","date_gmt":"2024-03-01T15:54:44","guid":{"rendered":"https:\/\/u15jnbdpoq.preview.infomaniak.website\/produit\/45-tampas-de-cristal-frio-para-frascos-de-alimentos-crus\/"},"modified":"2026-04-29T02:13:30","modified_gmt":"2026-04-29T00:13:30","slug":"45-tampas-de-cristal-frio-para-frascos-de-alimentos-crus","status":"publish","type":"product","link":"https:\/\/www.csj-emballages.com\/pt-pt\/produit\/45-tampas-de-cristal-frio-para-frascos-de-alimentos-crus\/","title":{"rendered":"Tampa de pl\u00e1stico para vasos redondos rPET, 45 unidades"},"content":{"rendered":"<h2>Tampa de pl\u00e1stico<\/h2>\n<hr>\n<h3>Descri\u00e7\u00e3o da nossa tampa de pl\u00e1stico para vasos redondos rPET \u00d8120 mm por 45<\/h3>\n<p><!--more--><\/p>\n<p data-start=\"213\" data-end=\"549\">A <strong>tampa de pl\u00e1stico para potes rPET redondos<\/strong> foi concebida para garantir um fecho fi\u00e1vel e pr\u00e1tico dos seus recipientes alimentares. Ideal para profissionais de <strong>snacking, bares de sumos, conceitos de bubble tea ou venda de fruta fresca<\/strong>, garante uma excelente prote\u00e7\u00e3o das prepara\u00e7\u00f5es durante o transporte e armazenamento. <\/p>\n<p data-start=\"551\" data-end=\"878\">Fabricada em <strong>pl\u00e1stico transparente<\/strong> de qualidade alimentar, esta <strong>tampa<\/strong> permite visualizar facilmente o conte\u00fado do pote protegendo-o de poeiras, salpicos e manipula\u00e7\u00f5es exteriores. Adapta-se perfeitamente aos <span style=\"color: #d12727;\"><a style=\"color: #d12727;\" href=\"https:\/\/www.csj-emballages.com\/pt-pt\/categorie-produit\/embalagem-de-alimentos\/restauracao\/tachos-tigelas-suportes-para-copos\/vasos-redondos-pt-pt\/tachos-redondos-frios\/\"><strong>potes redondos em rPET<\/strong><\/a><\/span>, assegurando uma fixa\u00e7\u00e3o segura e limitando os riscos de fuga. <\/p>\n<p data-start=\"880\" data-end=\"1166\">A sua conce\u00e7\u00e3o robusta facilita o encaixe r\u00e1pido e eficaz no pote. Leve e pr\u00e1tica, \u00e9 adequada tanto para utiliza\u00e7\u00e3o em vitrina refrigerada como para venda para levar. Permite conservar a <strong>frescura das bebidas, sobremesas, saladas de fruta ou prepara\u00e7\u00f5es frias<\/strong>.  <\/p>\n<p data-start=\"1168\" data-end=\"1354\">Acondicionada em lote de <strong>45 unidades<\/strong>, esta tampa est\u00e1 perfeitamente adaptada \u00e0s necessidades dos profissionais que procuram uma solu\u00e7\u00e3o simples, eficaz e coerente com a sua gama de potes rPET.<\/p>\n<p data-start=\"1168\" data-end=\"1354\">\n<p data-start=\"1168\" data-end=\"1354\"><!--more--><\/p>\n<h4 data-start=\"1168\" data-end=\"1354\">Vantagens :<\/h4>\n<ul>\n<li data-start=\"1392\" data-end=\"1425\">Compat\u00edvel com <strong>potes redondos rPET<\/strong>.<\/li>\n<li data-start=\"1482\" data-end=\"1518\">Boa resist\u00eancia e fecho seguro.<\/li>\n<li data-start=\"1521\" data-end=\"1566\">Protege contra fugas e contamina\u00e7\u00f5es.<\/li>\n<li data-start=\"1569\" data-end=\"1620\">Valoriza\u00e7\u00e3o do conte\u00fado gra\u00e7as \u00e0 transpar\u00eancia.<\/li>\n<li data-start=\"1623\" data-end=\"1653\">Adequado para venda para levar.<\/li>\n<li data-start=\"1656\" data-end=\"1683\">Leve e f\u00e1cil de encaixar.<\/li>\n<li data-start=\"1686\" data-end=\"1730\">Acondicionamento pr\u00e1tico por <strong>45 tampas<\/strong>.<\/li>\n<\/ul>\n<p>&nbsp;<\/p>\n<p><!--more--><\/p>\n<h4>Outras informa\u00e7\u00f5es :<\/h4>\n<ul>\n<li><strong>Embalagem<\/strong>: Pacote de 45<\/li>\n<li><strong>Di\u00e2metro<\/strong>: \u00d8120 mm<\/li>\n<li><strong>Altura<\/strong>: 17,5 mm<\/li>\n<li><strong>Material<\/strong>: rPET (tereftalato de polietileno reciclado)<\/li>\n<li><strong>Utiliza\u00e7\u00e3o<\/strong>: Frio<\/li>\n<li><strong>Temperatura de funcionamento<\/strong>: -40\u00b0C \/ +60\u00b0C<\/li>\n<\/ul>\n<p>&nbsp;<\/p>\n<p><!--more--><\/p>\n<p><a href=\"https:\/\/www.csj-emballages.com\/pt-pt\/categorie-produit\/embalagem-de-alimentos\/restauracao\/tachos-tigelas-suportes-para-copos\/vasos-redondos-pt-pt\/tachos-redondos-frios\/\">Consulte o resto da nossa gama de potes redondos frios<\/a><\/p>\n<h2><\/h2>\n","protected":false},"excerpt":{"rendered":"<p>Tampa de pl\u00e1stico Descri\u00e7\u00e3o da nossa tampa de pl\u00e1stico para vasos redondos rPET \u00d8120 mm por 45<\/p>\n","protected":false},"featured_media":204040,"template":"","meta":{"_acf_changed":false},"product_brand":[],"product_cat":[1141,1176,1525,1526,2463,1138,1528,2465],"product_tag":[],"class_list":{"0":"post-20320","1":"product","2":"type-product","3":"status-publish","4":"has-post-thumbnail","6":"product_cat-embalagem-de-alimentos","7":"product_cat-talho-e-charcutaria","8":"product_cat-tabuleiros-latas-frascos-para-alimentos","9":"product_cat-vasos-redondos","10":"product_cat-frascos-redondos-para-utilizacao-no-frio","11":"product_cat-restauracao","12":"product_cat-vasos-redondos-pt-pt","13":"product_cat-tachos-redondos-frios","15":"first","16":"instock","17":"taxable","18":"shipping-taxable","19":"purchasable","20":"product-type-simple"},"acf":[],"yoast_head":"<!-- This site is optimized with the Yoast SEO Premium plugin v26.6 (Yoast SEO v26.6) - https:\/\/yoast.com\/wordpress\/plugins\/seo\/ -->\n<title>Tampa de pl\u00e1stico para vasos redondos rPET - \u00d8120 mm<\/title>\n<meta name=\"description\" content=\"Tampa de pl\u00e1stico compat\u00edvel com os nossos potes redondos em rPET. Transparente e resistente, ideal para bebidas e sobremesas para levar.\" \/>\n<meta name=\"robots\" content=\"index, follow, max-snippet:-1, max-image-preview:large, max-video-preview:-1\" \/>\n<link rel=\"canonical\" href=\"https:\/\/www.csj-emballages.com\/pt-pt\/produit\/45-tampas-de-cristal-frio-para-frascos-de-alimentos-crus\/\" \/>\n<meta property=\"og:locale\" content=\"pt_PT\" \/>\n<meta property=\"og:type\" content=\"article\" \/>\n<meta property=\"og:title\" content=\"Tampa de pl\u00e1stico para vasos redondos rPET, 45 unidades\" \/>\n<meta property=\"og:description\" content=\"Tampa de pl\u00e1stico compat\u00edvel com os nossos potes redondos em rPET. Transparente e resistente, ideal para bebidas e sobremesas para levar.\" \/>\n<meta property=\"og:url\" content=\"https:\/\/www.csj-emballages.com\/pt-pt\/produit\/45-tampas-de-cristal-frio-para-frascos-de-alimentos-crus\/\" \/>\n<meta property=\"og:site_name\" content=\"CSJ Emballages\" \/>\n<meta property=\"article:publisher\" content=\"https:\/\/www.facebook.com\/csjemballages\" \/>\n<meta property=\"article:modified_time\" content=\"2026-04-29T00:13:30+00:00\" \/>\n<meta property=\"og:image\" content=\"https:\/\/www.csj-emballages.com\/wp-content\/uploads\/2024\/03\/COUVPO-POT-ROND-rPET.webp\" \/>\n\t<meta property=\"og:image:width\" content=\"800\" \/>\n\t<meta property=\"og:image:height\" content=\"800\" \/>\n\t<meta property=\"og:image:type\" content=\"image\/webp\" \/>\n<meta name=\"twitter:card\" content=\"summary_large_image\" \/>\n<meta name=\"twitter:label1\" content=\"Tempo estimado de leitura\" \/>\n\t<meta name=\"twitter:data1\" content=\"1 minuto\" \/>\n<script type=\"application\/ld+json\" class=\"yoast-schema-graph\">{\"@context\":\"https:\/\/schema.org\",\"@graph\":[{\"@type\":\"WebPage\",\"@id\":\"https:\/\/www.csj-emballages.com\/pt-pt\/produit\/45-tampas-de-cristal-frio-para-frascos-de-alimentos-crus\/\",\"url\":\"https:\/\/www.csj-emballages.com\/pt-pt\/produit\/45-tampas-de-cristal-frio-para-frascos-de-alimentos-crus\/\",\"name\":\"Tampa de pl\u00e1stico para vasos redondos rPET - \u00d8120 mm\",\"isPartOf\":{\"@id\":\"https:\/\/www.csj-emballages.com\/pt-pt\/#website\"},\"primaryImageOfPage\":{\"@id\":\"https:\/\/www.csj-emballages.com\/pt-pt\/produit\/45-tampas-de-cristal-frio-para-frascos-de-alimentos-crus\/#primaryimage\"},\"image\":{\"@id\":\"https:\/\/www.csj-emballages.com\/pt-pt\/produit\/45-tampas-de-cristal-frio-para-frascos-de-alimentos-crus\/#primaryimage\"},\"thumbnailUrl\":\"https:\/\/www.csj-emballages.com\/wp-content\/uploads\/2024\/03\/COUVPO-POT-ROND-rPET.webp\",\"datePublished\":\"2024-03-01T15:54:44+00:00\",\"dateModified\":\"2026-04-29T00:13:30+00:00\",\"description\":\"Tampa de pl\u00e1stico compat\u00edvel com os nossos potes redondos em rPET. Transparente e resistente, ideal para bebidas e sobremesas para levar.\",\"breadcrumb\":{\"@id\":\"https:\/\/www.csj-emballages.com\/pt-pt\/produit\/45-tampas-de-cristal-frio-para-frascos-de-alimentos-crus\/#breadcrumb\"},\"inLanguage\":\"pt-PT\",\"potentialAction\":[{\"@type\":\"ReadAction\",\"target\":[\"https:\/\/www.csj-emballages.com\/pt-pt\/produit\/45-tampas-de-cristal-frio-para-frascos-de-alimentos-crus\/\"]}]},{\"@type\":\"ImageObject\",\"inLanguage\":\"pt-PT\",\"@id\":\"https:\/\/www.csj-emballages.com\/pt-pt\/produit\/45-tampas-de-cristal-frio-para-frascos-de-alimentos-crus\/#primaryimage\",\"url\":\"https:\/\/www.csj-emballages.com\/wp-content\/uploads\/2024\/03\/COUVPO-POT-ROND-rPET.webp\",\"contentUrl\":\"https:\/\/www.csj-emballages.com\/wp-content\/uploads\/2024\/03\/COUVPO-POT-ROND-rPET.webp\",\"width\":800,\"height\":800,\"caption\":\"Couvercle plastique\"},{\"@type\":\"BreadcrumbList\",\"@id\":\"https:\/\/www.csj-emballages.com\/pt-pt\/produit\/45-tampas-de-cristal-frio-para-frascos-de-alimentos-crus\/#breadcrumb\",\"itemListElement\":[{\"@type\":\"ListItem\",\"position\":1,\"name\":\"Acolhimento\",\"item\":\"https:\/\/www.csj-emballages.com\/pt-pt\/universo-das-embalagens-alimentares\/\"},{\"@type\":\"ListItem\",\"position\":2,\"name\":\"Shop\",\"item\":\"https:\/\/www.csj-emballages.com\/shop\/\"},{\"@type\":\"ListItem\",\"position\":3,\"name\":\"Tampa de pl\u00e1stico para vasos redondos rPET, 45 unidades\"}]},{\"@type\":\"WebSite\",\"@id\":\"https:\/\/www.csj-emballages.com\/pt-pt\/#website\",\"url\":\"https:\/\/www.csj-emballages.com\/pt-pt\/\",\"name\":\"CSJ Emballages\",\"description\":\"\",\"publisher\":{\"@id\":\"https:\/\/www.csj-emballages.com\/pt-pt\/#organization\"},\"potentialAction\":[{\"@type\":\"SearchAction\",\"target\":{\"@type\":\"EntryPoint\",\"urlTemplate\":\"https:\/\/www.csj-emballages.com\/pt-pt\/?s={search_term_string}\"},\"query-input\":{\"@type\":\"PropertyValueSpecification\",\"valueRequired\":true,\"valueName\":\"search_term_string\"}}],\"inLanguage\":\"pt-PT\"},{\"@type\":\"Organization\",\"@id\":\"https:\/\/www.csj-emballages.com\/pt-pt\/#Organization\/\",\"name\":\"CSJ Emballages\",\"url\":\"https:\/\/www.csj-emballages.com\/pt-pt\/\",\"logo\":{\"@type\":\"ImageObject\",\"inLanguage\":\"pt-PT\",\"@id\":\"https:\/\/www.csj-emballages.com\/pt-pt\/#\/schema\/logo\/image\/\",\"url\":\"https:\/\/www.csj-emballages.com\/wp-content\/uploads\/2023\/10\/logo_csj.webp\",\"contentUrl\":\"https:\/\/www.csj-emballages.com\/wp-content\/uploads\/2023\/10\/logo_csj.webp\",\"width\":250,\"height\":95,\"caption\":\"CSJ Emballages\"},\"image\":{\"@id\":\"https:\/\/www.csj-emballages.com\/pt-pt\/#\/schema\/logo\/image\/\"},\"sameAs\":[\"https:\/\/www.facebook.com\/csjemballages\"],\"address\":{\"@type\":\"PostalAddress\",\"streetAddress\":\"ZI La Lechere\",\"addressLocality\":\"Patornay\",\"postalCode\":\"39130\",\"addressCountry\":\"FR\"},\"contactPoint\":[{\"@type\":\"ContactPoint\",\"contactType\":\"Service client\",\"telephone\":\"0384254272\",\"email\":\"contact@csj-emballages.com\"}]}]}<\/script>\n<!-- \/ Yoast SEO Premium plugin. -->","yoast_head_json":{"title":"Tampa de pl\u00e1stico para vasos redondos rPET - \u00d8120 mm","description":"Tampa de pl\u00e1stico compat\u00edvel com os nossos potes redondos em rPET. Transparente e resistente, ideal para bebidas e sobremesas para levar.","robots":{"index":"index","follow":"follow","max-snippet":"max-snippet:-1","max-image-preview":"max-image-preview:large","max-video-preview":"max-video-preview:-1"},"canonical":"https:\/\/www.csj-emballages.com\/pt-pt\/produit\/45-tampas-de-cristal-frio-para-frascos-de-alimentos-crus\/","og_locale":"pt_PT","og_type":"article","og_title":"Tampa de pl\u00e1stico para vasos redondos rPET, 45 unidades","og_description":"Tampa de pl\u00e1stico compat\u00edvel com os nossos potes redondos em rPET. Transparente e resistente, ideal para bebidas e sobremesas para levar.","og_url":"https:\/\/www.csj-emballages.com\/pt-pt\/produit\/45-tampas-de-cristal-frio-para-frascos-de-alimentos-crus\/","og_site_name":"CSJ Emballages","article_publisher":"https:\/\/www.facebook.com\/csjemballages","article_modified_time":"2026-04-29T00:13:30+00:00","og_image":[{"width":800,"height":800,"url":"https:\/\/www.csj-emballages.com\/wp-content\/uploads\/2024\/03\/COUVPO-POT-ROND-rPET.webp","type":"image\/webp"}],"twitter_card":"summary_large_image","twitter_misc":{"Tempo estimado de leitura":"1 minuto"},"schema":{"@context":"https:\/\/schema.org","@graph":[{"@type":"WebPage","@id":"https:\/\/www.csj-emballages.com\/pt-pt\/produit\/45-tampas-de-cristal-frio-para-frascos-de-alimentos-crus\/","url":"https:\/\/www.csj-emballages.com\/pt-pt\/produit\/45-tampas-de-cristal-frio-para-frascos-de-alimentos-crus\/","name":"Tampa de pl\u00e1stico para vasos redondos rPET - \u00d8120 mm","isPartOf":{"@id":"https:\/\/www.csj-emballages.com\/pt-pt\/#website"},"primaryImageOfPage":{"@id":"https:\/\/www.csj-emballages.com\/pt-pt\/produit\/45-tampas-de-cristal-frio-para-frascos-de-alimentos-crus\/#primaryimage"},"image":{"@id":"https:\/\/www.csj-emballages.com\/pt-pt\/produit\/45-tampas-de-cristal-frio-para-frascos-de-alimentos-crus\/#primaryimage"},"thumbnailUrl":"https:\/\/www.csj-emballages.com\/wp-content\/uploads\/2024\/03\/COUVPO-POT-ROND-rPET.webp","datePublished":"2024-03-01T15:54:44+00:00","dateModified":"2026-04-29T00:13:30+00:00","description":"Tampa de pl\u00e1stico compat\u00edvel com os nossos potes redondos em rPET. Transparente e resistente, ideal para bebidas e sobremesas para levar.","breadcrumb":{"@id":"https:\/\/www.csj-emballages.com\/pt-pt\/produit\/45-tampas-de-cristal-frio-para-frascos-de-alimentos-crus\/#breadcrumb"},"inLanguage":"pt-PT","potentialAction":[{"@type":"ReadAction","target":["https:\/\/www.csj-emballages.com\/pt-pt\/produit\/45-tampas-de-cristal-frio-para-frascos-de-alimentos-crus\/"]}]},{"@type":"ImageObject","inLanguage":"pt-PT","@id":"https:\/\/www.csj-emballages.com\/pt-pt\/produit\/45-tampas-de-cristal-frio-para-frascos-de-alimentos-crus\/#primaryimage","url":"https:\/\/www.csj-emballages.com\/wp-content\/uploads\/2024\/03\/COUVPO-POT-ROND-rPET.webp","contentUrl":"https:\/\/www.csj-emballages.com\/wp-content\/uploads\/2024\/03\/COUVPO-POT-ROND-rPET.webp","width":800,"height":800,"caption":"Couvercle plastique"},{"@type":"BreadcrumbList","@id":"https:\/\/www.csj-emballages.com\/pt-pt\/produit\/45-tampas-de-cristal-frio-para-frascos-de-alimentos-crus\/#breadcrumb","itemListElement":[{"@type":"ListItem","position":1,"name":"Acolhimento","item":"https:\/\/www.csj-emballages.com\/pt-pt\/universo-das-embalagens-alimentares\/"},{"@type":"ListItem","position":2,"name":"Shop","item":"https:\/\/www.csj-emballages.com\/shop\/"},{"@type":"ListItem","position":3,"name":"Tampa de pl\u00e1stico para vasos redondos rPET, 45 unidades"}]},{"@type":"WebSite","@id":"https:\/\/www.csj-emballages.com\/pt-pt\/#website","url":"https:\/\/www.csj-emballages.com\/pt-pt\/","name":"CSJ Emballages","description":"","publisher":{"@id":"https:\/\/www.csj-emballages.com\/pt-pt\/#organization"},"potentialAction":[{"@type":"SearchAction","target":{"@type":"EntryPoint","urlTemplate":"https:\/\/www.csj-emballages.com\/pt-pt\/?s={search_term_string}"},"query-input":{"@type":"PropertyValueSpecification","valueRequired":true,"valueName":"search_term_string"}}],"inLanguage":"pt-PT"},{"@type":"Organization","@id":"https:\/\/www.csj-emballages.com\/pt-pt\/#Organization\/","name":"CSJ Emballages","url":"https:\/\/www.csj-emballages.com\/pt-pt\/","logo":{"@type":"ImageObject","inLanguage":"pt-PT","@id":"https:\/\/www.csj-emballages.com\/pt-pt\/#\/schema\/logo\/image\/","url":"https:\/\/www.csj-emballages.com\/wp-content\/uploads\/2023\/10\/logo_csj.webp","contentUrl":"https:\/\/www.csj-emballages.com\/wp-content\/uploads\/2023\/10\/logo_csj.webp","width":250,"height":95,"caption":"CSJ Emballages"},"image":{"@id":"https:\/\/www.csj-emballages.com\/pt-pt\/#\/schema\/logo\/image\/"},"sameAs":["https:\/\/www.facebook.com\/csjemballages"],"address":{"@type":"PostalAddress","streetAddress":"ZI La Lechere","addressLocality":"Patornay","postalCode":"39130","addressCountry":"FR"},"contactPoint":[{"@type":"ContactPoint","contactType":"Service client","telephone":"0384254272","email":"contact@csj-emballages.com"}]}]}},"df_price":3.58,"df_sale_price":"","df_regular_price":3.58,"df_image_link":"https:\/\/www.csj-emballages.com\/wp-content\/uploads\/2024\/03\/COUVPO-POT-ROND-rPET-300x300.webp","tiered_pricing_type":"fixed","tiered_pricing_fixed_rules":[],"tiered_pricing_percentage_rules":[],"tiered_pricing_minimum":1,"tiered_pricing_roles_data":[],"_links":{"self":[{"href":"https:\/\/www.csj-emballages.com\/pt-pt\/wp-json\/wp\/v2\/product\/20320","targetHints":{"allow":["GET"]}}],"collection":[{"href":"https:\/\/www.csj-emballages.com\/pt-pt\/wp-json\/wp\/v2\/product"}],"about":[{"href":"https:\/\/www.csj-emballages.com\/pt-pt\/wp-json\/wp\/v2\/types\/product"}],"wp:featuredmedia":[{"embeddable":true,"href":"https:\/\/www.csj-emballages.com\/pt-pt\/wp-json\/wp\/v2\/media\/204040"}],"wp:attachment":[{"href":"https:\/\/www.csj-emballages.com\/pt-pt\/wp-json\/wp\/v2\/media?parent=20320"}],"wp:term":[{"taxonomy":"product_brand","embeddable":true,"href":"https:\/\/www.csj-emballages.com\/pt-pt\/wp-json\/wp\/v2\/product_brand?post=20320"},{"taxonomy":"product_cat","embeddable":true,"href":"https:\/\/www.csj-emballages.com\/pt-pt\/wp-json\/wp\/v2\/product_cat?post=20320"},{"taxonomy":"product_tag","embeddable":true,"href":"https:\/\/www.csj-emballages.com\/pt-pt\/wp-json\/wp\/v2\/product_tag?post=20320"}],"curies":[{"name":"wp","href":"https:\/\/api.w.org\/{rel}","templated":true}]}}