{"id":20293,"date":"2024-03-01T16:54:46","date_gmt":"2024-03-01T15:54:46","guid":{"rendered":"https:\/\/u15jnbdpoq.preview.infomaniak.website\/produit\/25-tampas-para-tabuleiros-de-refeicao-5-compartimentos-festivos\/"},"modified":"2026-03-12T16:20:55","modified_gmt":"2026-03-12T15:20:55","slug":"25-tampas-para-tabuleiros-de-refeicao-5-compartimentos-festivos","status":"publish","type":"product","link":"https:\/\/www.csj-emballages.com\/pt-pt\/produit\/25-tampas-para-tabuleiros-de-refeicao-5-compartimentos-festivos\/","title":{"rendered":"Tampa festiva para tabuleiro de refei\u00e7\u00f5es com 5 compartimentos, conjunto de 25"},"content":{"rendered":"<h2>Tampa do tabuleiro de refei\u00e7\u00f5es<\/h2>\n<hr>\n<h3>Descri\u00e7\u00e3o da nossa tampa para tabuleiro de refei\u00e7\u00e3o de 5 compartimentos PL5CFESTIF, 25 unidades<\/h3>\n<p><!--more--><\/p>\n<p data-start=\"112\" data-end=\"442\">Escolha a <strong data-start=\"126\" data-end=\"183\">tampa festiva para tabuleiro de refei\u00e7\u00e3o com 5 compartimentos da 25<\/strong>, o acess\u00f3rio indispens\u00e1vel para proteger e expor as suas refei\u00e7\u00f5es. Concebida para se adaptar perfeitamente aos tabuleiros de 5 compartimentos, garante um fecho fi\u00e1vel e pr\u00e1tico, ideal tanto para os profissionais da restaura\u00e7\u00e3o como para os particulares. Quer se trate de um profissional <strong data-start=\"459\" data-end=\"471\">da<\/strong> <strong data-start=\"473\" data-end=\"489\">restaura\u00e7\u00e3o<\/strong>, de um <strong data-start=\"473\" data-end=\"489\">dono de restaurante<\/strong> ou de um organizador de eventos, esta <strong>tampa de pl\u00e1stico<\/strong> \u00e9 o meio ideal para preservar a qualidade e a apresenta\u00e7\u00e3o dos seus alimentos. Gra\u00e7as ao seu encaixe preciso, os seus pratos ficam bem separados, sem se misturarem ou pingarem, garantindo uma apresenta\u00e7\u00e3o impec\u00e1vel at\u00e9 aos seus clientes ou convidados.   <\/p>\n<p data-start=\"786\" data-end=\"1167\">Fabricada num material resistente e transparente, esta <strong data-start=\"847\" data-end=\"879\">tampa para tabuleiro de refei\u00e7\u00f5es<\/strong> protege eficazmente os seus pratos enquanto revela o conte\u00fado, perfeito para mostrar as suas cria\u00e7\u00f5es culin\u00e1rias. S\u00f3lida e pr\u00e1tica, \u00e9 tamb\u00e9m f\u00e1cil de manusear para um servi\u00e7o r\u00e1pido ou para a prepara\u00e7\u00e3o de grandes quantidades de alimentos. <\/p>\n<p data-start=\"1169\" data-end=\"1471\">Esta <strong data-start=\"1172\" data-end=\"1206\">tampa de tabuleiro de refei\u00e7\u00e3o festiva<\/strong> \u00e9 tamb\u00e9m particularmente popular para recep\u00e7\u00f5es, buffets, refei\u00e7\u00f5es de empresa e servi\u00e7os de catering. Garante uma higiene impec\u00e1vel e oferece uma solu\u00e7\u00e3o elegante e profissional para as suas entregas ou refei\u00e7\u00f5es para levar. <\/p>\n<p data-start=\"1473\" data-end=\"1710\">Dispon\u00edvel em embalagens de <strong>25<\/strong> unidades, \u00e9 ideal para profissionais que procuram uma solu\u00e7\u00e3o econ\u00f3mica e fi\u00e1vel. Com este produto, \u00e9 poss\u00edvel combinar <strong data-start=\"1634\" data-end=\"1658\">seguran\u00e7a alimentar<\/strong>, <strong data-start=\"1660\" data-end=\"1673\">praticidade<\/strong> e <strong data-start=\"1677\" data-end=\"1707\">apresenta\u00e7\u00e3o de topo de gama<\/strong>. <\/p>\n<p data-start=\"1712\" data-end=\"1867\">Em suma, esta <strong data-start=\"1726\" data-end=\"1768\">tampa para tabuleiro de refei\u00e7\u00e3o<\/strong> \u00e9 indispens\u00e1vel para combinar a facilidade de utiliza\u00e7\u00e3o com a forma perfeita de exibir os seus pratos.<\/p>\n<p data-start=\"1712\" data-end=\"1867\">\n<p><!--more--><\/p>\n<p><strong><span style=\"color: #ff0000;\">*N\u00e3o \u00e9 adequado para o calor<\/span><\/strong><\/p>\n<p>&nbsp;<\/p>\n<p><!--more--><\/p>\n<h4>Vantagens :<\/h4>\n<ul>\n<li><strong data-start=\"1894\" data-end=\"1917\">Fecho seguro<\/strong>: evita derrames e mant\u00e9m os seus pratos intactos.<\/li>\n<li><strong data-start=\"1974\" data-end=\"1998\">Apresenta\u00e7\u00e3o cuidada<\/strong>: o conte\u00fado permanece vis\u00edvel e claramente separado.<\/li>\n<li><strong data-start=\"2046\" data-end=\"2066\">Higiene \u00f3ptima<\/strong>: prote\u00e7\u00e3o eficaz contra os contaminantes.<\/li>\n<li><strong data-start=\"2118\" data-end=\"2131\">Pr\u00e1tico<\/strong>: adequado para servi\u00e7o r\u00e1pido e refei\u00e7\u00f5es para levar.<\/li>\n<li><strong data-start=\"2191\" data-end=\"2205\">Econ\u00f3mica<\/strong>: vendida em embalagens de 25 unidades, ideal para utiliza\u00e7\u00e3o profissional.<\/li>\n<\/ul>\n<p>&nbsp;<\/p>\n<p><!--more--><\/p>\n<h4>Outras informa\u00e7\u00f5es :<\/h4>\n<ul>\n<li><strong>Embalagem<\/strong>: Pacote de 25<\/li>\n<li><strong>Dimens\u00f5es<\/strong>: 330 x 233 x 37 (C x L x A em mm)<\/li>\n<li><strong>Cor<\/strong>: Transparente<\/li>\n<li><strong>Material<\/strong>: PET<\/li>\n<\/ul>\n<p>&nbsp;<\/p>\n<p><!--more--><\/p>\n<p><a href=\"https:\/\/www.csj-emballages.com\/pt-pt\/categorie-produit\/embalagem-de-alimentos\/talho-e-charcutaria\/tabuleiros\/tabuleiros-de-refeicoes\/tabuleiros-de-plastico-para-refeicoes\/\">V\u00ea o resto da nossa gama de tabuleiros de refei\u00e7\u00e3o<\/a><\/p>\n","protected":false},"excerpt":{"rendered":"<p>Tampa do tabuleiro de refei\u00e7\u00f5es Descri\u00e7\u00e3o da nossa tampa para tabuleiro de refei\u00e7\u00e3o de 5 compartimentos PL5CFESTIF, 25 unidades<\/p>\n","protected":false},"featured_media":177112,"template":"","meta":{"_acf_changed":false},"product_brand":[],"product_cat":[1141,1176,1287,1292,1297,6707,1138,1301,1304,2377,1308],"product_tag":[],"class_list":{"0":"post-20293","1":"product","2":"type-product","3":"status-publish","4":"has-post-thumbnail","6":"product_cat-embalagem-de-alimentos","7":"product_cat-talho-e-charcutaria","8":"product_cat-tabuleiros","9":"product_cat-tabuleiros-de-refeicoes","10":"product_cat-tabuleiros-de-plastico-para-refeicoes","11":"product_cat-tabuleiros-festivos","12":"product_cat-restauracao","13":"product_cat-tabuleiros-pt-pt","14":"product_cat-tabuleiros-de-refeicao-descartaveis","15":"product_cat-tabuleiros-de-refeicao-biodegradaveis-pt-pt","16":"product_cat-tabuleiros-de-plastico-para-refeicoes-pt-pt","18":"first","19":"instock","20":"taxable","21":"shipping-taxable","22":"purchasable","23":"product-type-simple"},"acf":[],"yoast_head":"<!-- This site is optimized with the Yoast SEO Premium plugin v26.6 (Yoast SEO v26.6) - https:\/\/yoast.com\/wordpress\/plugins\/seo\/ -->\n<title>Tampa do tabuleiro de refei\u00e7\u00f5es com 5 compartimentos<\/title>\n<meta name=\"description\" content=\"Tampa festiva para tabuleiro de refei\u00e7\u00e3o com 5 compartimentos por 25: prote\u00e7\u00e3o, higiene e apresenta\u00e7\u00e3o impec\u00e1vel para os profissionais da restaura\u00e7\u00e3o.\" \/>\n<meta name=\"robots\" content=\"index, follow, max-snippet:-1, max-image-preview:large, max-video-preview:-1\" \/>\n<link rel=\"canonical\" href=\"https:\/\/www.csj-emballages.com\/pt-pt\/produit\/25-tampas-para-tabuleiros-de-refeicao-5-compartimentos-festivos\/\" \/>\n<meta property=\"og:locale\" content=\"pt_PT\" \/>\n<meta property=\"og:type\" content=\"article\" \/>\n<meta property=\"og:title\" content=\"Tampa festiva para tabuleiro de refei\u00e7\u00f5es com 5 compartimentos, conjunto de 25\" \/>\n<meta property=\"og:description\" content=\"Tampa festiva para tabuleiro de refei\u00e7\u00e3o com 5 compartimentos por 25: prote\u00e7\u00e3o, higiene e apresenta\u00e7\u00e3o impec\u00e1vel para os profissionais da restaura\u00e7\u00e3o.\" \/>\n<meta property=\"og:url\" content=\"https:\/\/www.csj-emballages.com\/pt-pt\/produit\/25-tampas-para-tabuleiros-de-refeicao-5-compartimentos-festivos\/\" \/>\n<meta property=\"og:site_name\" content=\"CSJ Emballages\" \/>\n<meta property=\"article:publisher\" content=\"https:\/\/www.facebook.com\/csjemballages\" \/>\n<meta property=\"article:modified_time\" content=\"2026-03-12T15:20:55+00:00\" \/>\n<meta property=\"og:image\" content=\"https:\/\/www.csj-emballages.com\/wp-content\/uploads\/2024\/03\/COUV-PR5-C-ECO.webp\" \/>\n\t<meta property=\"og:image:width\" content=\"800\" \/>\n\t<meta property=\"og:image:height\" content=\"801\" \/>\n\t<meta property=\"og:image:type\" content=\"image\/webp\" \/>\n<meta name=\"twitter:card\" content=\"summary_large_image\" \/>\n<meta name=\"twitter:label1\" content=\"Tempo estimado de leitura\" \/>\n\t<meta name=\"twitter:data1\" content=\"2 minutos\" \/>\n<script type=\"application\/ld+json\" class=\"yoast-schema-graph\">{\"@context\":\"https:\/\/schema.org\",\"@graph\":[{\"@type\":\"WebPage\",\"@id\":\"https:\/\/www.csj-emballages.com\/pt-pt\/produit\/25-tampas-para-tabuleiros-de-refeicao-5-compartimentos-festivos\/\",\"url\":\"https:\/\/www.csj-emballages.com\/pt-pt\/produit\/25-tampas-para-tabuleiros-de-refeicao-5-compartimentos-festivos\/\",\"name\":\"Tampa do tabuleiro de refei\u00e7\u00f5es com 5 compartimentos\",\"isPartOf\":{\"@id\":\"https:\/\/www.csj-emballages.com\/pt-pt\/#website\"},\"primaryImageOfPage\":{\"@id\":\"https:\/\/www.csj-emballages.com\/pt-pt\/produit\/25-tampas-para-tabuleiros-de-refeicao-5-compartimentos-festivos\/#primaryimage\"},\"image\":{\"@id\":\"https:\/\/www.csj-emballages.com\/pt-pt\/produit\/25-tampas-para-tabuleiros-de-refeicao-5-compartimentos-festivos\/#primaryimage\"},\"thumbnailUrl\":\"https:\/\/www.csj-emballages.com\/wp-content\/uploads\/2024\/03\/COUV-PR5-C-ECO.webp\",\"datePublished\":\"2024-03-01T15:54:46+00:00\",\"dateModified\":\"2026-03-12T15:20:55+00:00\",\"description\":\"Tampa festiva para tabuleiro de refei\u00e7\u00e3o com 5 compartimentos por 25: prote\u00e7\u00e3o, higiene e apresenta\u00e7\u00e3o impec\u00e1vel para os profissionais da restaura\u00e7\u00e3o.\",\"breadcrumb\":{\"@id\":\"https:\/\/www.csj-emballages.com\/pt-pt\/produit\/25-tampas-para-tabuleiros-de-refeicao-5-compartimentos-festivos\/#breadcrumb\"},\"inLanguage\":\"pt-PT\",\"potentialAction\":[{\"@type\":\"ReadAction\",\"target\":[\"https:\/\/www.csj-emballages.com\/pt-pt\/produit\/25-tampas-para-tabuleiros-de-refeicao-5-compartimentos-festivos\/\"]}]},{\"@type\":\"ImageObject\",\"inLanguage\":\"pt-PT\",\"@id\":\"https:\/\/www.csj-emballages.com\/pt-pt\/produit\/25-tampas-para-tabuleiros-de-refeicao-5-compartimentos-festivos\/#primaryimage\",\"url\":\"https:\/\/www.csj-emballages.com\/wp-content\/uploads\/2024\/03\/COUV-PR5-C-ECO.webp\",\"contentUrl\":\"https:\/\/www.csj-emballages.com\/wp-content\/uploads\/2024\/03\/COUV-PR5-C-ECO.webp\",\"width\":800,\"height\":801,\"caption\":\"Couvercle plateau repas\"},{\"@type\":\"BreadcrumbList\",\"@id\":\"https:\/\/www.csj-emballages.com\/pt-pt\/produit\/25-tampas-para-tabuleiros-de-refeicao-5-compartimentos-festivos\/#breadcrumb\",\"itemListElement\":[{\"@type\":\"ListItem\",\"position\":1,\"name\":\"Acolhimento\",\"item\":\"https:\/\/www.csj-emballages.com\/pt-pt\/universo-das-embalagens-alimentares\/\"},{\"@type\":\"ListItem\",\"position\":2,\"name\":\"Shop\",\"item\":\"https:\/\/www.csj-emballages.com\/shop\/\"},{\"@type\":\"ListItem\",\"position\":3,\"name\":\"Tampa festiva para tabuleiro de refei\u00e7\u00f5es com 5 compartimentos, conjunto de 25\"}]},{\"@type\":\"WebSite\",\"@id\":\"https:\/\/www.csj-emballages.com\/pt-pt\/#website\",\"url\":\"https:\/\/www.csj-emballages.com\/pt-pt\/\",\"name\":\"CSJ Emballages\",\"description\":\"\",\"publisher\":{\"@id\":\"https:\/\/www.csj-emballages.com\/pt-pt\/#organization\"},\"potentialAction\":[{\"@type\":\"SearchAction\",\"target\":{\"@type\":\"EntryPoint\",\"urlTemplate\":\"https:\/\/www.csj-emballages.com\/pt-pt\/?s={search_term_string}\"},\"query-input\":{\"@type\":\"PropertyValueSpecification\",\"valueRequired\":true,\"valueName\":\"search_term_string\"}}],\"inLanguage\":\"pt-PT\"},{\"@type\":\"Organization\",\"@id\":\"https:\/\/www.csj-emballages.com\/pt-pt\/#Organization\/\",\"name\":\"CSJ Emballages\",\"url\":\"https:\/\/www.csj-emballages.com\/pt-pt\/\",\"logo\":{\"@type\":\"ImageObject\",\"inLanguage\":\"pt-PT\",\"@id\":\"https:\/\/www.csj-emballages.com\/pt-pt\/#\/schema\/logo\/image\/\",\"url\":\"https:\/\/www.csj-emballages.com\/wp-content\/uploads\/2023\/10\/logo_csj.webp\",\"contentUrl\":\"https:\/\/www.csj-emballages.com\/wp-content\/uploads\/2023\/10\/logo_csj.webp\",\"width\":250,\"height\":95,\"caption\":\"CSJ Emballages\"},\"image\":{\"@id\":\"https:\/\/www.csj-emballages.com\/pt-pt\/#\/schema\/logo\/image\/\"},\"sameAs\":[\"https:\/\/www.facebook.com\/csjemballages\"],\"address\":{\"@type\":\"PostalAddress\",\"streetAddress\":\"ZI La Lechere\",\"addressLocality\":\"Patornay\",\"postalCode\":\"39130\",\"addressCountry\":\"FR\"},\"contactPoint\":[{\"@type\":\"ContactPoint\",\"contactType\":\"Service client\",\"telephone\":\"0384254272\",\"email\":\"contact@csj-emballages.com\"}]}]}<\/script>\n<!-- \/ Yoast SEO Premium plugin. -->","yoast_head_json":{"title":"Tampa do tabuleiro de refei\u00e7\u00f5es com 5 compartimentos","description":"Tampa festiva para tabuleiro de refei\u00e7\u00e3o com 5 compartimentos por 25: prote\u00e7\u00e3o, higiene e apresenta\u00e7\u00e3o impec\u00e1vel para os profissionais da restaura\u00e7\u00e3o.","robots":{"index":"index","follow":"follow","max-snippet":"max-snippet:-1","max-image-preview":"max-image-preview:large","max-video-preview":"max-video-preview:-1"},"canonical":"https:\/\/www.csj-emballages.com\/pt-pt\/produit\/25-tampas-para-tabuleiros-de-refeicao-5-compartimentos-festivos\/","og_locale":"pt_PT","og_type":"article","og_title":"Tampa festiva para tabuleiro de refei\u00e7\u00f5es com 5 compartimentos, conjunto de 25","og_description":"Tampa festiva para tabuleiro de refei\u00e7\u00e3o com 5 compartimentos por 25: prote\u00e7\u00e3o, higiene e apresenta\u00e7\u00e3o impec\u00e1vel para os profissionais da restaura\u00e7\u00e3o.","og_url":"https:\/\/www.csj-emballages.com\/pt-pt\/produit\/25-tampas-para-tabuleiros-de-refeicao-5-compartimentos-festivos\/","og_site_name":"CSJ Emballages","article_publisher":"https:\/\/www.facebook.com\/csjemballages","article_modified_time":"2026-03-12T15:20:55+00:00","og_image":[{"width":800,"height":801,"url":"https:\/\/www.csj-emballages.com\/wp-content\/uploads\/2024\/03\/COUV-PR5-C-ECO.webp","type":"image\/webp"}],"twitter_card":"summary_large_image","twitter_misc":{"Tempo estimado de leitura":"2 minutos"},"schema":{"@context":"https:\/\/schema.org","@graph":[{"@type":"WebPage","@id":"https:\/\/www.csj-emballages.com\/pt-pt\/produit\/25-tampas-para-tabuleiros-de-refeicao-5-compartimentos-festivos\/","url":"https:\/\/www.csj-emballages.com\/pt-pt\/produit\/25-tampas-para-tabuleiros-de-refeicao-5-compartimentos-festivos\/","name":"Tampa do tabuleiro de refei\u00e7\u00f5es com 5 compartimentos","isPartOf":{"@id":"https:\/\/www.csj-emballages.com\/pt-pt\/#website"},"primaryImageOfPage":{"@id":"https:\/\/www.csj-emballages.com\/pt-pt\/produit\/25-tampas-para-tabuleiros-de-refeicao-5-compartimentos-festivos\/#primaryimage"},"image":{"@id":"https:\/\/www.csj-emballages.com\/pt-pt\/produit\/25-tampas-para-tabuleiros-de-refeicao-5-compartimentos-festivos\/#primaryimage"},"thumbnailUrl":"https:\/\/www.csj-emballages.com\/wp-content\/uploads\/2024\/03\/COUV-PR5-C-ECO.webp","datePublished":"2024-03-01T15:54:46+00:00","dateModified":"2026-03-12T15:20:55+00:00","description":"Tampa festiva para tabuleiro de refei\u00e7\u00e3o com 5 compartimentos por 25: prote\u00e7\u00e3o, higiene e apresenta\u00e7\u00e3o impec\u00e1vel para os profissionais da restaura\u00e7\u00e3o.","breadcrumb":{"@id":"https:\/\/www.csj-emballages.com\/pt-pt\/produit\/25-tampas-para-tabuleiros-de-refeicao-5-compartimentos-festivos\/#breadcrumb"},"inLanguage":"pt-PT","potentialAction":[{"@type":"ReadAction","target":["https:\/\/www.csj-emballages.com\/pt-pt\/produit\/25-tampas-para-tabuleiros-de-refeicao-5-compartimentos-festivos\/"]}]},{"@type":"ImageObject","inLanguage":"pt-PT","@id":"https:\/\/www.csj-emballages.com\/pt-pt\/produit\/25-tampas-para-tabuleiros-de-refeicao-5-compartimentos-festivos\/#primaryimage","url":"https:\/\/www.csj-emballages.com\/wp-content\/uploads\/2024\/03\/COUV-PR5-C-ECO.webp","contentUrl":"https:\/\/www.csj-emballages.com\/wp-content\/uploads\/2024\/03\/COUV-PR5-C-ECO.webp","width":800,"height":801,"caption":"Couvercle plateau repas"},{"@type":"BreadcrumbList","@id":"https:\/\/www.csj-emballages.com\/pt-pt\/produit\/25-tampas-para-tabuleiros-de-refeicao-5-compartimentos-festivos\/#breadcrumb","itemListElement":[{"@type":"ListItem","position":1,"name":"Acolhimento","item":"https:\/\/www.csj-emballages.com\/pt-pt\/universo-das-embalagens-alimentares\/"},{"@type":"ListItem","position":2,"name":"Shop","item":"https:\/\/www.csj-emballages.com\/shop\/"},{"@type":"ListItem","position":3,"name":"Tampa festiva para tabuleiro de refei\u00e7\u00f5es com 5 compartimentos, conjunto de 25"}]},{"@type":"WebSite","@id":"https:\/\/www.csj-emballages.com\/pt-pt\/#website","url":"https:\/\/www.csj-emballages.com\/pt-pt\/","name":"CSJ Emballages","description":"","publisher":{"@id":"https:\/\/www.csj-emballages.com\/pt-pt\/#organization"},"potentialAction":[{"@type":"SearchAction","target":{"@type":"EntryPoint","urlTemplate":"https:\/\/www.csj-emballages.com\/pt-pt\/?s={search_term_string}"},"query-input":{"@type":"PropertyValueSpecification","valueRequired":true,"valueName":"search_term_string"}}],"inLanguage":"pt-PT"},{"@type":"Organization","@id":"https:\/\/www.csj-emballages.com\/pt-pt\/#Organization\/","name":"CSJ Emballages","url":"https:\/\/www.csj-emballages.com\/pt-pt\/","logo":{"@type":"ImageObject","inLanguage":"pt-PT","@id":"https:\/\/www.csj-emballages.com\/pt-pt\/#\/schema\/logo\/image\/","url":"https:\/\/www.csj-emballages.com\/wp-content\/uploads\/2023\/10\/logo_csj.webp","contentUrl":"https:\/\/www.csj-emballages.com\/wp-content\/uploads\/2023\/10\/logo_csj.webp","width":250,"height":95,"caption":"CSJ Emballages"},"image":{"@id":"https:\/\/www.csj-emballages.com\/pt-pt\/#\/schema\/logo\/image\/"},"sameAs":["https:\/\/www.facebook.com\/csjemballages"],"address":{"@type":"PostalAddress","streetAddress":"ZI La Lechere","addressLocality":"Patornay","postalCode":"39130","addressCountry":"FR"},"contactPoint":[{"@type":"ContactPoint","contactType":"Service client","telephone":"0384254272","email":"contact@csj-emballages.com"}]}]}},"df_price":11,"df_sale_price":"","df_regular_price":11,"df_image_link":"https:\/\/www.csj-emballages.com\/wp-content\/uploads\/2024\/03\/COUV-PR5-C-ECO-300x300.webp","tiered_pricing_type":"fixed","tiered_pricing_fixed_rules":[],"tiered_pricing_percentage_rules":[],"tiered_pricing_minimum":1,"tiered_pricing_roles_data":[],"_links":{"self":[{"href":"https:\/\/www.csj-emballages.com\/pt-pt\/wp-json\/wp\/v2\/product\/20293","targetHints":{"allow":["GET"]}}],"collection":[{"href":"https:\/\/www.csj-emballages.com\/pt-pt\/wp-json\/wp\/v2\/product"}],"about":[{"href":"https:\/\/www.csj-emballages.com\/pt-pt\/wp-json\/wp\/v2\/types\/product"}],"wp:featuredmedia":[{"embeddable":true,"href":"https:\/\/www.csj-emballages.com\/pt-pt\/wp-json\/wp\/v2\/media\/177112"}],"wp:attachment":[{"href":"https:\/\/www.csj-emballages.com\/pt-pt\/wp-json\/wp\/v2\/media?parent=20293"}],"wp:term":[{"taxonomy":"product_brand","embeddable":true,"href":"https:\/\/www.csj-emballages.com\/pt-pt\/wp-json\/wp\/v2\/product_brand?post=20293"},{"taxonomy":"product_cat","embeddable":true,"href":"https:\/\/www.csj-emballages.com\/pt-pt\/wp-json\/wp\/v2\/product_cat?post=20293"},{"taxonomy":"product_tag","embeddable":true,"href":"https:\/\/www.csj-emballages.com\/pt-pt\/wp-json\/wp\/v2\/product_tag?post=20293"}],"curies":[{"name":"wp","href":"https:\/\/api.w.org\/{rel}","templated":true}]}}