{"id":20289,"date":"2024-03-01T16:54:45","date_gmt":"2024-03-01T15:54:45","guid":{"rendered":"https:\/\/u15jnbdpoq.preview.infomaniak.website\/produit\/100-tampas-de-plastico-translucidas-bol400\/"},"modified":"2026-03-12T16:21:10","modified_gmt":"2026-03-12T15:21:10","slug":"100-tampas-de-plastico-translucidas-bol400","status":"publish","type":"product","link":"https:\/\/www.csj-emballages.com\/pt-pt\/produit\/100-tampas-de-plastico-translucidas-bol400\/","title":{"rendered":"Tampa de pl\u00e1stico para &#8220;BOL400&#8221; por 100"},"content":{"rendered":"<h2>Tampa de pl\u00e1stico<\/h2>\n<hr>\n<h3>Ver a nossa cobertura de pl\u00e1stico para &#8216;BOL400&#8217;, embalagem de 100<\/h3>\n<p><!--more--><\/p>\n<p data-start=\"264\" data-end=\"662\">Quando se serve comida para levar, sabe-se que a tampa certa pode fazer toda a diferen\u00e7a. Esta <strong data-start=\"366\" data-end=\"401\">tampa de pl\u00e1stico para a BOL400<\/strong> foi concebida para facilitar o quotidiano dos profissionais e tranquilizar os clientes. Uma vez encaixada, mant\u00e9m-se firmemente no lugar e evita surpresas desagrad\u00e1veis durante o transporte. O resultado: os seus alimentos chegam intactos, limpos e bem apresentados.   <\/p>\n<p data-start=\"664\" data-end=\"1102\">Gra\u00e7as \u00e0 sua <strong>transpar\u00eancia<\/strong>, o conte\u00fado permanece vis\u00edvel \u00e0 primeira vista. \u00c9 pr\u00e1tico para identificar rapidamente os pedidos, mas tamb\u00e9m \u00e9 \u00f3timo para mostrar os pratos. Saladas coloridas, tigelas de pok\u00e9, pratos frios ou prepara\u00e7\u00f5es prontas a comer: tudo permanece vis\u00edvel, limpo e apetitoso. Al\u00e9m disso, a sua forma ligeiramente <strong>abobadada<\/strong> deixa muito espa\u00e7o sem esmagar os alimentos, o que melhora claramente a apresenta\u00e7\u00e3o final.   <\/p>\n<p data-start=\"1104\" data-end=\"1441\">Outro ponto importante \u00e9 o facto de esta <strong>tampa<\/strong> ser f\u00e1cil de utilizar. Pode ser colocada rapidamente, sem for\u00e7ar, o que poupa tempo durante os per\u00edodos de servi\u00e7o mais intensos. E como \u00e9 vendida <strong data-start=\"1280\" data-end=\"1298\">em embalagens de 100 unidades<\/strong>, pode gerir o seu stock com maior tranquilidade, quer esteja a gerir um restaurante, uma empresa de catering, um snack-bar ou um takeaway regular.  <\/p>\n<p data-start=\"1443\" data-end=\"1715\">Em termos pr\u00e1ticos, esta <strong>tampa de pl\u00e1stico<\/strong> proporciona uma verdadeira paz de esp\u00edrito. Torna a prepara\u00e7\u00e3o dos alimentos mais segura, mais f\u00e1cil de organizar e melhora a imagem profissional do seu estabelecimento. Simples, eficaz e discreta, faz exatamente o que se espera dela, sem exagerar.  <\/p>\n<p data-start=\"1443\" data-end=\"1715\">\n<p data-start=\"1443\" data-end=\"1715\"><!--more--><\/p>\n<h4 data-start=\"1443\" data-end=\"1715\">Vantagens :<\/h4>\n<ul>\n<li data-start=\"1743\" data-end=\"1787\">Perfeitamente compat\u00edvel com as ta\u00e7as <strong>BOL400<\/strong>.<\/li>\n<li data-start=\"1790\" data-end=\"1821\">Boas propriedades de transporte.<\/li>\n<li data-start=\"1824\" data-end=\"1877\"><strong>Pl\u00e1stico<\/strong> transparente para uma visibilidade imediata.<\/li>\n<li data-start=\"1880\" data-end=\"1918\">R\u00e1pido de instalar e intuitivo de utilizar.<\/li>\n<li data-start=\"1921\" data-end=\"1971\">Embalagem de <strong>100<\/strong> unidades, pr\u00e1tica para utiliza\u00e7\u00e3o profissional.<\/li>\n<\/ul>\n<p>&nbsp;<\/p>\n<p><!--more--><\/p>\n<h4>Outras informa\u00e7\u00f5es :<\/h4>\n<ul>\n<li><strong>Embalagem<\/strong>: Pacote de 100<\/li>\n<li><strong>Cor<\/strong>: Incolor<\/li>\n<li><strong>Material<\/strong>: PP (polipropileno)<\/li>\n<\/ul>\n<p>&nbsp;<\/p>\n<p><!--more--><\/p>\n<p>Encontre aqui as ta\u00e7as compat\u00edveis com esta tampa: <span style=\"color: #d12727;\"><a style=\"color: #d12727;\" href=\"https:\/\/www.csj-emballages.com\/es\/produit\/100-cuencos-de-plastico-desechables-blancos-400-ml-uso-en-caliente\/\">BOL400BL<\/a><\/span> \/ <span style=\"color: #d12727;\"><a style=\"color: #d12727;\" href=\"https:\/\/www.csj-emballages.com\/es\/produit\/100-cuencos-de-plastico-desechables-negros-uso-en-caliente-400-ml\/\">BOL400N<\/a><\/span><\/p>\n<p>&nbsp;<\/p>\n<p><!--more--><\/p>\n<p><a href=\"https:\/\/www.csj-emballages.com\/pt-pt\/categorie-produit\/embalagem-de-alimentos\/restauracao\/tachos-tigelas-suportes-para-copos\/tigelas-descartaveis\/\">Ver o resto da nossa gama de ta\u00e7as reutiliz\u00e1veis  <\/a><\/p>\n<p>&nbsp;<\/p>\n","protected":false},"excerpt":{"rendered":"<p>Tampa de pl\u00e1stico Ver a nossa cobertura de pl\u00e1stico para &#8216;BOL400&#8217;, embalagem de 100<\/p>\n","protected":false},"featured_media":204392,"template":"","meta":{"_acf_changed":false},"product_brand":[],"product_cat":[1141,1138,3927,2227],"product_tag":[],"class_list":{"0":"post-20289","1":"product","2":"type-product","3":"status-publish","4":"has-post-thumbnail","6":"product_cat-embalagem-de-alimentos","7":"product_cat-restauracao","8":"product_cat-tachos-tigelas-suportes-para-copos","9":"product_cat-tigelas-descartaveis","11":"first","12":"instock","13":"taxable","14":"shipping-taxable","15":"purchasable","16":"product-type-simple"},"acf":[],"yoast_head":"<!-- This site is optimized with the Yoast SEO Premium plugin v26.6 (Yoast SEO v26.6) - https:\/\/yoast.com\/wordpress\/plugins\/seo\/ -->\n<title>Tampa de pl\u00e1stico para &quot;BOL400&quot; por 100<\/title>\n<meta name=\"description\" content=\"Tampa de pl\u00e1stico transparente para a ta\u00e7a BOL400, vendida em embalagens de 100 unidades. Pr\u00e1ticas, seguras e ideais para takeaway e refei\u00e7\u00f5es prontas.\" \/>\n<meta name=\"robots\" content=\"index, follow, max-snippet:-1, max-image-preview:large, max-video-preview:-1\" \/>\n<link rel=\"canonical\" href=\"https:\/\/www.csj-emballages.com\/pt-pt\/produit\/100-tampas-de-plastico-translucidas-bol400\/\" \/>\n<meta property=\"og:locale\" content=\"pt_PT\" \/>\n<meta property=\"og:type\" content=\"article\" \/>\n<meta property=\"og:title\" content=\"Tampa de pl\u00e1stico para &quot;BOL400&quot; por 100\" \/>\n<meta property=\"og:description\" content=\"Tampa de pl\u00e1stico transparente para a ta\u00e7a BOL400, vendida em embalagens de 100 unidades. Pr\u00e1ticas, seguras e ideais para takeaway e refei\u00e7\u00f5es prontas.\" \/>\n<meta property=\"og:url\" content=\"https:\/\/www.csj-emballages.com\/pt-pt\/produit\/100-tampas-de-plastico-translucidas-bol400\/\" \/>\n<meta property=\"og:site_name\" content=\"CSJ Emballages\" \/>\n<meta property=\"article:publisher\" content=\"https:\/\/www.facebook.com\/csjemballages\" \/>\n<meta property=\"article:modified_time\" content=\"2026-03-12T15:21:10+00:00\" \/>\n<meta property=\"og:image\" content=\"https:\/\/www.csj-emballages.com\/wp-content\/uploads\/2024\/03\/COUVBOL400.webp\" \/>\n\t<meta property=\"og:image:width\" content=\"800\" \/>\n\t<meta property=\"og:image:height\" content=\"800\" \/>\n\t<meta property=\"og:image:type\" content=\"image\/webp\" \/>\n<meta name=\"twitter:card\" content=\"summary_large_image\" \/>\n<meta name=\"twitter:label1\" content=\"Tempo estimado de leitura\" \/>\n\t<meta name=\"twitter:data1\" content=\"2 minutos\" \/>\n<script type=\"application\/ld+json\" class=\"yoast-schema-graph\">{\"@context\":\"https:\/\/schema.org\",\"@graph\":[{\"@type\":\"WebPage\",\"@id\":\"https:\/\/www.csj-emballages.com\/pt-pt\/produit\/100-tampas-de-plastico-translucidas-bol400\/\",\"url\":\"https:\/\/www.csj-emballages.com\/pt-pt\/produit\/100-tampas-de-plastico-translucidas-bol400\/\",\"name\":\"Tampa de pl\u00e1stico para \\\"BOL400\\\" por 100\",\"isPartOf\":{\"@id\":\"https:\/\/www.csj-emballages.com\/pt-pt\/#website\"},\"primaryImageOfPage\":{\"@id\":\"https:\/\/www.csj-emballages.com\/pt-pt\/produit\/100-tampas-de-plastico-translucidas-bol400\/#primaryimage\"},\"image\":{\"@id\":\"https:\/\/www.csj-emballages.com\/pt-pt\/produit\/100-tampas-de-plastico-translucidas-bol400\/#primaryimage\"},\"thumbnailUrl\":\"https:\/\/www.csj-emballages.com\/wp-content\/uploads\/2024\/03\/COUVBOL400.webp\",\"datePublished\":\"2024-03-01T15:54:45+00:00\",\"dateModified\":\"2026-03-12T15:21:10+00:00\",\"description\":\"Tampa de pl\u00e1stico transparente para a ta\u00e7a BOL400, vendida em embalagens de 100 unidades. Pr\u00e1ticas, seguras e ideais para takeaway e refei\u00e7\u00f5es prontas.\",\"breadcrumb\":{\"@id\":\"https:\/\/www.csj-emballages.com\/pt-pt\/produit\/100-tampas-de-plastico-translucidas-bol400\/#breadcrumb\"},\"inLanguage\":\"pt-PT\",\"potentialAction\":[{\"@type\":\"ReadAction\",\"target\":[\"https:\/\/www.csj-emballages.com\/pt-pt\/produit\/100-tampas-de-plastico-translucidas-bol400\/\"]}]},{\"@type\":\"ImageObject\",\"inLanguage\":\"pt-PT\",\"@id\":\"https:\/\/www.csj-emballages.com\/pt-pt\/produit\/100-tampas-de-plastico-translucidas-bol400\/#primaryimage\",\"url\":\"https:\/\/www.csj-emballages.com\/wp-content\/uploads\/2024\/03\/COUVBOL400.webp\",\"contentUrl\":\"https:\/\/www.csj-emballages.com\/wp-content\/uploads\/2024\/03\/COUVBOL400.webp\",\"width\":800,\"height\":800,\"caption\":\"couvercle plastique\"},{\"@type\":\"BreadcrumbList\",\"@id\":\"https:\/\/www.csj-emballages.com\/pt-pt\/produit\/100-tampas-de-plastico-translucidas-bol400\/#breadcrumb\",\"itemListElement\":[{\"@type\":\"ListItem\",\"position\":1,\"name\":\"Acolhimento\",\"item\":\"https:\/\/www.csj-emballages.com\/pt-pt\/universo-das-embalagens-alimentares\/\"},{\"@type\":\"ListItem\",\"position\":2,\"name\":\"Shop\",\"item\":\"https:\/\/www.csj-emballages.com\/shop\/\"},{\"@type\":\"ListItem\",\"position\":3,\"name\":\"Tampa de pl\u00e1stico para \u00ab\u00a0BOL400\u00a0\u00bb por 100\"}]},{\"@type\":\"WebSite\",\"@id\":\"https:\/\/www.csj-emballages.com\/pt-pt\/#website\",\"url\":\"https:\/\/www.csj-emballages.com\/pt-pt\/\",\"name\":\"CSJ Emballages\",\"description\":\"\",\"publisher\":{\"@id\":\"https:\/\/www.csj-emballages.com\/pt-pt\/#organization\"},\"potentialAction\":[{\"@type\":\"SearchAction\",\"target\":{\"@type\":\"EntryPoint\",\"urlTemplate\":\"https:\/\/www.csj-emballages.com\/pt-pt\/?s={search_term_string}\"},\"query-input\":{\"@type\":\"PropertyValueSpecification\",\"valueRequired\":true,\"valueName\":\"search_term_string\"}}],\"inLanguage\":\"pt-PT\"},{\"@type\":\"Organization\",\"@id\":\"https:\/\/www.csj-emballages.com\/pt-pt\/#Organization\/\",\"name\":\"CSJ Emballages\",\"url\":\"https:\/\/www.csj-emballages.com\/pt-pt\/\",\"logo\":{\"@type\":\"ImageObject\",\"inLanguage\":\"pt-PT\",\"@id\":\"https:\/\/www.csj-emballages.com\/pt-pt\/#\/schema\/logo\/image\/\",\"url\":\"https:\/\/www.csj-emballages.com\/wp-content\/uploads\/2023\/10\/logo_csj.webp\",\"contentUrl\":\"https:\/\/www.csj-emballages.com\/wp-content\/uploads\/2023\/10\/logo_csj.webp\",\"width\":250,\"height\":95,\"caption\":\"CSJ Emballages\"},\"image\":{\"@id\":\"https:\/\/www.csj-emballages.com\/pt-pt\/#\/schema\/logo\/image\/\"},\"sameAs\":[\"https:\/\/www.facebook.com\/csjemballages\"],\"address\":{\"@type\":\"PostalAddress\",\"streetAddress\":\"ZI La Lechere\",\"addressLocality\":\"Patornay\",\"postalCode\":\"39130\",\"addressCountry\":\"FR\"},\"contactPoint\":[{\"@type\":\"ContactPoint\",\"contactType\":\"Service client\",\"telephone\":\"0384254272\",\"email\":\"contact@csj-emballages.com\"}]}]}<\/script>\n<!-- \/ Yoast SEO Premium plugin. -->","yoast_head_json":{"title":"Tampa de pl\u00e1stico para \"BOL400\" por 100","description":"Tampa de pl\u00e1stico transparente para a ta\u00e7a BOL400, vendida em embalagens de 100 unidades. Pr\u00e1ticas, seguras e ideais para takeaway e refei\u00e7\u00f5es prontas.","robots":{"index":"index","follow":"follow","max-snippet":"max-snippet:-1","max-image-preview":"max-image-preview:large","max-video-preview":"max-video-preview:-1"},"canonical":"https:\/\/www.csj-emballages.com\/pt-pt\/produit\/100-tampas-de-plastico-translucidas-bol400\/","og_locale":"pt_PT","og_type":"article","og_title":"Tampa de pl\u00e1stico para \"BOL400\" por 100","og_description":"Tampa de pl\u00e1stico transparente para a ta\u00e7a BOL400, vendida em embalagens de 100 unidades. Pr\u00e1ticas, seguras e ideais para takeaway e refei\u00e7\u00f5es prontas.","og_url":"https:\/\/www.csj-emballages.com\/pt-pt\/produit\/100-tampas-de-plastico-translucidas-bol400\/","og_site_name":"CSJ Emballages","article_publisher":"https:\/\/www.facebook.com\/csjemballages","article_modified_time":"2026-03-12T15:21:10+00:00","og_image":[{"width":800,"height":800,"url":"https:\/\/www.csj-emballages.com\/wp-content\/uploads\/2024\/03\/COUVBOL400.webp","type":"image\/webp"}],"twitter_card":"summary_large_image","twitter_misc":{"Tempo estimado de leitura":"2 minutos"},"schema":{"@context":"https:\/\/schema.org","@graph":[{"@type":"WebPage","@id":"https:\/\/www.csj-emballages.com\/pt-pt\/produit\/100-tampas-de-plastico-translucidas-bol400\/","url":"https:\/\/www.csj-emballages.com\/pt-pt\/produit\/100-tampas-de-plastico-translucidas-bol400\/","name":"Tampa de pl\u00e1stico para \"BOL400\" por 100","isPartOf":{"@id":"https:\/\/www.csj-emballages.com\/pt-pt\/#website"},"primaryImageOfPage":{"@id":"https:\/\/www.csj-emballages.com\/pt-pt\/produit\/100-tampas-de-plastico-translucidas-bol400\/#primaryimage"},"image":{"@id":"https:\/\/www.csj-emballages.com\/pt-pt\/produit\/100-tampas-de-plastico-translucidas-bol400\/#primaryimage"},"thumbnailUrl":"https:\/\/www.csj-emballages.com\/wp-content\/uploads\/2024\/03\/COUVBOL400.webp","datePublished":"2024-03-01T15:54:45+00:00","dateModified":"2026-03-12T15:21:10+00:00","description":"Tampa de pl\u00e1stico transparente para a ta\u00e7a BOL400, vendida em embalagens de 100 unidades. Pr\u00e1ticas, seguras e ideais para takeaway e refei\u00e7\u00f5es prontas.","breadcrumb":{"@id":"https:\/\/www.csj-emballages.com\/pt-pt\/produit\/100-tampas-de-plastico-translucidas-bol400\/#breadcrumb"},"inLanguage":"pt-PT","potentialAction":[{"@type":"ReadAction","target":["https:\/\/www.csj-emballages.com\/pt-pt\/produit\/100-tampas-de-plastico-translucidas-bol400\/"]}]},{"@type":"ImageObject","inLanguage":"pt-PT","@id":"https:\/\/www.csj-emballages.com\/pt-pt\/produit\/100-tampas-de-plastico-translucidas-bol400\/#primaryimage","url":"https:\/\/www.csj-emballages.com\/wp-content\/uploads\/2024\/03\/COUVBOL400.webp","contentUrl":"https:\/\/www.csj-emballages.com\/wp-content\/uploads\/2024\/03\/COUVBOL400.webp","width":800,"height":800,"caption":"couvercle plastique"},{"@type":"BreadcrumbList","@id":"https:\/\/www.csj-emballages.com\/pt-pt\/produit\/100-tampas-de-plastico-translucidas-bol400\/#breadcrumb","itemListElement":[{"@type":"ListItem","position":1,"name":"Acolhimento","item":"https:\/\/www.csj-emballages.com\/pt-pt\/universo-das-embalagens-alimentares\/"},{"@type":"ListItem","position":2,"name":"Shop","item":"https:\/\/www.csj-emballages.com\/shop\/"},{"@type":"ListItem","position":3,"name":"Tampa de pl\u00e1stico para \u00ab\u00a0BOL400\u00a0\u00bb por 100"}]},{"@type":"WebSite","@id":"https:\/\/www.csj-emballages.com\/pt-pt\/#website","url":"https:\/\/www.csj-emballages.com\/pt-pt\/","name":"CSJ Emballages","description":"","publisher":{"@id":"https:\/\/www.csj-emballages.com\/pt-pt\/#organization"},"potentialAction":[{"@type":"SearchAction","target":{"@type":"EntryPoint","urlTemplate":"https:\/\/www.csj-emballages.com\/pt-pt\/?s={search_term_string}"},"query-input":{"@type":"PropertyValueSpecification","valueRequired":true,"valueName":"search_term_string"}}],"inLanguage":"pt-PT"},{"@type":"Organization","@id":"https:\/\/www.csj-emballages.com\/pt-pt\/#Organization\/","name":"CSJ Emballages","url":"https:\/\/www.csj-emballages.com\/pt-pt\/","logo":{"@type":"ImageObject","inLanguage":"pt-PT","@id":"https:\/\/www.csj-emballages.com\/pt-pt\/#\/schema\/logo\/image\/","url":"https:\/\/www.csj-emballages.com\/wp-content\/uploads\/2023\/10\/logo_csj.webp","contentUrl":"https:\/\/www.csj-emballages.com\/wp-content\/uploads\/2023\/10\/logo_csj.webp","width":250,"height":95,"caption":"CSJ Emballages"},"image":{"@id":"https:\/\/www.csj-emballages.com\/pt-pt\/#\/schema\/logo\/image\/"},"sameAs":["https:\/\/www.facebook.com\/csjemballages"],"address":{"@type":"PostalAddress","streetAddress":"ZI La Lechere","addressLocality":"Patornay","postalCode":"39130","addressCountry":"FR"},"contactPoint":[{"@type":"ContactPoint","contactType":"Service client","telephone":"0384254272","email":"contact@csj-emballages.com"}]}]}},"df_price":9.62,"df_sale_price":"","df_regular_price":9.62,"df_image_link":"https:\/\/www.csj-emballages.com\/wp-content\/uploads\/2024\/03\/COUVBOL400-300x300.webp","tiered_pricing_type":"fixed","tiered_pricing_fixed_rules":[],"tiered_pricing_percentage_rules":[],"tiered_pricing_minimum":1,"tiered_pricing_roles_data":[],"_links":{"self":[{"href":"https:\/\/www.csj-emballages.com\/pt-pt\/wp-json\/wp\/v2\/product\/20289","targetHints":{"allow":["GET"]}}],"collection":[{"href":"https:\/\/www.csj-emballages.com\/pt-pt\/wp-json\/wp\/v2\/product"}],"about":[{"href":"https:\/\/www.csj-emballages.com\/pt-pt\/wp-json\/wp\/v2\/types\/product"}],"wp:featuredmedia":[{"embeddable":true,"href":"https:\/\/www.csj-emballages.com\/pt-pt\/wp-json\/wp\/v2\/media\/204392"}],"wp:attachment":[{"href":"https:\/\/www.csj-emballages.com\/pt-pt\/wp-json\/wp\/v2\/media?parent=20289"}],"wp:term":[{"taxonomy":"product_brand","embeddable":true,"href":"https:\/\/www.csj-emballages.com\/pt-pt\/wp-json\/wp\/v2\/product_brand?post=20289"},{"taxonomy":"product_cat","embeddable":true,"href":"https:\/\/www.csj-emballages.com\/pt-pt\/wp-json\/wp\/v2\/product_cat?post=20289"},{"taxonomy":"product_tag","embeddable":true,"href":"https:\/\/www.csj-emballages.com\/pt-pt\/wp-json\/wp\/v2\/product_tag?post=20289"}],"curies":[{"name":"wp","href":"https:\/\/api.w.org\/{rel}","templated":true}]}}