{"id":20284,"date":"2024-03-01T16:54:45","date_gmt":"2024-03-01T15:54:45","guid":{"rendered":"https:\/\/u15jnbdpoq.preview.infomaniak.website\/produit\/50-tampas-para-copos-de-aluminio-descartaveis-de-150-ml\/"},"modified":"2026-04-16T02:12:39","modified_gmt":"2026-04-16T00:12:39","slug":"50-tampas-para-copos-de-aluminio-descartaveis-de-150-ml","status":"publish","type":"product","link":"https:\/\/www.csj-emballages.com\/pt-pt\/produit\/50-tampas-para-copos-de-aluminio-descartaveis-de-150-ml\/","title":{"rendered":"Tampa de pl\u00e1stico para copo GO125, embalagem de 50"},"content":{"rendered":"<h2 class=\"p1\">Tampa de pl\u00e1stico para copo<\/h2>\n<hr>\n<h3>Descri\u00e7\u00e3o da nossa tampa de pl\u00e1stico para copo GO125, embalagem de 50<\/h3>\n<p><!--more--><\/p>\n<p data-start=\"229\" data-end=\"562\">A <strong>tampa para copo de alum\u00ednio <span style=\"color: #d12727;\"><a style=\"color: #d12727;\" href=\"https:\/\/www.csj-emballages.com\/es\/produit\/100-vasos-de-aluminio-desechables-150-ml\/\">GO125<\/a><\/span><\/strong> \u00e9 a solu\u00e7\u00e3o ideal para garantir um fecho eficaz e higi\u00e9nico dos seus recipientes alimentares. De facto, concebida especialmente para se adaptar perfeitamente aos <strong>copos de alum\u00ednio de 135 ml<\/strong>, garante uma prote\u00e7\u00e3o ideal das prepara\u00e7\u00f5es, facilitando o seu transporte e conserva\u00e7\u00e3o. <\/p>\n<p data-start=\"564\" data-end=\"1054\">Da mesma forma, fabricada num <strong>material resistente<\/strong>, esta <strong>tampa<\/strong> permite preservar a frescura dos alimentos, limitar os riscos de fugas e evitar contamina\u00e7\u00f5es externas. \u00c9 particularmente adequada para profissionais da <strong>restaura\u00e7\u00e3o, neg\u00f3cios de alimenta\u00e7\u00e3o, catering, coletividades ou servi\u00e7os de take-away<\/strong>. Gra\u00e7as ao seu design pr\u00e1tico, instala-se rapidamente no <strong>copo<\/strong>, garantindo uma poupan\u00e7a de tempo apreci\u00e1vel na prepara\u00e7\u00e3o das encomendas.  <\/p>\n<p data-start=\"1056\" data-end=\"1383\">Esta <strong>tampa<\/strong> \u00e9 perfeitamente adequada para utiliza\u00e7\u00f5es alimentares comuns, como o acondicionamento de <strong>molhos, acompanhamentos, sobremesas, por\u00e7\u00f5es individuais ou prepara\u00e7\u00f5es quentes e frias<\/strong>. Permite tamb\u00e9m uma melhor organiza\u00e7\u00e3o na cozinha e na vitrine, oferecendo uma apresenta\u00e7\u00e3o limpa e profissional. <\/p>\n<p data-start=\"1385\" data-end=\"1731\">Acondicionado em lotes de <strong>50 unidades<\/strong>, este formato \u00e9 ideal para responder \u00e0s necessidades regulares dos profissionais. Em resumo, associado a um <strong>copo de alum\u00ednio<\/strong>, constitui uma solu\u00e7\u00e3o pr\u00e1tica, fi\u00e1vel e higi\u00e9nica para o acondicionamento alimentar. <\/p>\n<p data-start=\"1385\" data-end=\"1731\">\n<p><!--more--><\/p>\n<p><strong>Vantagens :<\/strong><\/p>\n<ul>\n<li data-start=\"1769\" data-end=\"1818\">Adapta\u00e7\u00e3o perfeita aos copos de alum\u00ednio <span style=\"color: #d12727;\"><a style=\"color: #d12727;\" href=\"https:\/\/www.csj-emballages.com\/es\/produit\/100-vasos-de-aluminio-desechables-150-ml\/\">GO125<\/a><\/span>.<\/li>\n<li data-start=\"1821\" data-end=\"1861\">Fecho eficaz que limita as fugas.<\/li>\n<li data-start=\"1903\" data-end=\"1935\"><strong>Coloca\u00e7\u00e3o r\u00e1pida<\/strong> e simples.<\/li>\n<li data-start=\"1987\" data-end=\"2020\">Formato econ\u00f3mico em lotes de <strong>50<\/strong>.<\/li>\n<li data-start=\"2023\" data-end=\"2074\">Ideal para restaura\u00e7\u00e3o e take-away.<\/li>\n<\/ul>\n<p>&nbsp;<\/p>\n<p><!--more--><\/p>\n<h4>Outras informa\u00e7\u00f5es :<\/h4>\n<ul>\n<li><strong>Embalagem<\/strong>: Pacote de 50<\/li>\n<li><strong>Dimens\u00f5es<\/strong>: \u00d880 x 10 mm (\u00d8 x h)<\/li>\n<li><strong>Material<\/strong>: Alum\u00ednio<\/li>\n<li><b>Temperatura de funcionamento <\/b>: -20\u00b0C \/ +350\u00b0C<\/li>\n<\/ul>\n<p>&nbsp;<\/p>\n<p><!--more--><\/p>\n<p>Encontre aqui o copo de alum\u00ednio compat\u00edvel com esta tampa: <span style=\"color: #d12727;\"><a style=\"color: #d12727;\" href=\"https:\/\/www.csj-emballages.com\/es\/produit\/100-vasos-de-aluminio-desechables-150-ml\/\">GO125<\/a><\/span><\/p>\n<p>&nbsp;<\/p>\n<p><!--more--><\/p>\n<p><a href=\"https:\/\/www.csj-emballages.com\/pt-pt\/categorie-produit\/embalagem-de-alimentos\/talho-e-charcutaria\/tabuleiros-latas-e-frascos\/tabuleiros-de-aluminio-pratos-formas-tabuleiros-de-refeicao-copos-ramequins-empadas-de-carne\/baldes-pt-pt\/\">Ver o resto da nossa gama de baldes de alum\u00ednio<\/a><\/p>\n","protected":false},"excerpt":{"rendered":"<p>Tampa de pl\u00e1stico para copo Descri\u00e7\u00e3o da nossa tampa de pl\u00e1stico para copo GO125, embalagem de 50<\/p>\n","protected":false},"featured_media":263476,"template":"","meta":{"_acf_changed":false},"product_brand":[],"product_cat":[1176,2001,2419],"product_tag":[],"class_list":{"0":"post-20284","1":"product","2":"type-product","3":"status-publish","4":"has-post-thumbnail","6":"product_cat-talho-e-charcutaria","7":"product_cat-tabuleiros-de-aluminio-pratos-formas-tabuleiros-de-refeicao-copos-ramequins-empadas-de-carne","8":"product_cat-baldes-pt-pt","10":"first","11":"instock","12":"taxable","13":"shipping-taxable","14":"purchasable","15":"product-type-simple"},"acf":[],"yoast_head":"<!-- This site is optimized with the Yoast SEO Premium plugin v26.6 (Yoast SEO v26.6) - https:\/\/yoast.com\/wordpress\/plugins\/seo\/ -->\n<title>Tampa de Pl\u00e1stico para Copo GO125, embalagem de 50<\/title>\n<meta name=\"description\" content=\"Tampa para copo de alum\u00ednio GO125, embalagem de 50. Fecho pr\u00e1tico e higi\u00e9nico, ideal para molhos, sobremesas e take-away.\" \/>\n<meta name=\"robots\" content=\"index, follow, max-snippet:-1, max-image-preview:large, max-video-preview:-1\" \/>\n<link rel=\"canonical\" href=\"https:\/\/www.csj-emballages.com\/pt-pt\/produit\/50-tampas-para-copos-de-aluminio-descartaveis-de-150-ml\/\" \/>\n<meta property=\"og:locale\" content=\"pt_PT\" \/>\n<meta property=\"og:type\" content=\"article\" \/>\n<meta property=\"og:title\" content=\"Tampa de pl\u00e1stico para copo GO125, embalagem de 50\" \/>\n<meta property=\"og:description\" content=\"Tampa para copo de alum\u00ednio GO125, embalagem de 50. Fecho pr\u00e1tico e higi\u00e9nico, ideal para molhos, sobremesas e take-away.\" \/>\n<meta property=\"og:url\" content=\"https:\/\/www.csj-emballages.com\/pt-pt\/produit\/50-tampas-para-copos-de-aluminio-descartaveis-de-150-ml\/\" \/>\n<meta property=\"og:site_name\" content=\"CSJ Emballages\" \/>\n<meta property=\"article:publisher\" content=\"https:\/\/www.facebook.com\/csjemballages\" \/>\n<meta property=\"article:modified_time\" content=\"2026-04-16T00:12:39+00:00\" \/>\n<meta property=\"og:image\" content=\"https:\/\/www.csj-emballages.com\/wp-content\/uploads\/2024\/03\/COUVGO125-1.webp\" \/>\n\t<meta property=\"og:image:width\" content=\"800\" \/>\n\t<meta property=\"og:image:height\" content=\"800\" \/>\n\t<meta property=\"og:image:type\" content=\"image\/webp\" \/>\n<meta name=\"twitter:card\" content=\"summary_large_image\" \/>\n<meta name=\"twitter:label1\" content=\"Tempo estimado de leitura\" \/>\n\t<meta name=\"twitter:data1\" content=\"2 minutos\" \/>\n<script type=\"application\/ld+json\" class=\"yoast-schema-graph\">{\"@context\":\"https:\/\/schema.org\",\"@graph\":[{\"@type\":\"WebPage\",\"@id\":\"https:\/\/www.csj-emballages.com\/pt-pt\/produit\/50-tampas-para-copos-de-aluminio-descartaveis-de-150-ml\/\",\"url\":\"https:\/\/www.csj-emballages.com\/pt-pt\/produit\/50-tampas-para-copos-de-aluminio-descartaveis-de-150-ml\/\",\"name\":\"Tampa de Pl\u00e1stico para Copo GO125, embalagem de 50\",\"isPartOf\":{\"@id\":\"https:\/\/www.csj-emballages.com\/pt-pt\/#website\"},\"primaryImageOfPage\":{\"@id\":\"https:\/\/www.csj-emballages.com\/pt-pt\/produit\/50-tampas-para-copos-de-aluminio-descartaveis-de-150-ml\/#primaryimage\"},\"image\":{\"@id\":\"https:\/\/www.csj-emballages.com\/pt-pt\/produit\/50-tampas-para-copos-de-aluminio-descartaveis-de-150-ml\/#primaryimage\"},\"thumbnailUrl\":\"https:\/\/www.csj-emballages.com\/wp-content\/uploads\/2024\/03\/COUVGO125-1.webp\",\"datePublished\":\"2024-03-01T15:54:45+00:00\",\"dateModified\":\"2026-04-16T00:12:39+00:00\",\"description\":\"Tampa para copo de alum\u00ednio GO125, embalagem de 50. Fecho pr\u00e1tico e higi\u00e9nico, ideal para molhos, sobremesas e take-away.\",\"breadcrumb\":{\"@id\":\"https:\/\/www.csj-emballages.com\/pt-pt\/produit\/50-tampas-para-copos-de-aluminio-descartaveis-de-150-ml\/#breadcrumb\"},\"inLanguage\":\"pt-PT\",\"potentialAction\":[{\"@type\":\"ReadAction\",\"target\":[\"https:\/\/www.csj-emballages.com\/pt-pt\/produit\/50-tampas-para-copos-de-aluminio-descartaveis-de-150-ml\/\"]}]},{\"@type\":\"ImageObject\",\"inLanguage\":\"pt-PT\",\"@id\":\"https:\/\/www.csj-emballages.com\/pt-pt\/produit\/50-tampas-para-copos-de-aluminio-descartaveis-de-150-ml\/#primaryimage\",\"url\":\"https:\/\/www.csj-emballages.com\/wp-content\/uploads\/2024\/03\/COUVGO125-1.webp\",\"contentUrl\":\"https:\/\/www.csj-emballages.com\/wp-content\/uploads\/2024\/03\/COUVGO125-1.webp\",\"width\":800,\"height\":800,\"caption\":\"Couvercle pour godet aluminium\"},{\"@type\":\"BreadcrumbList\",\"@id\":\"https:\/\/www.csj-emballages.com\/pt-pt\/produit\/50-tampas-para-copos-de-aluminio-descartaveis-de-150-ml\/#breadcrumb\",\"itemListElement\":[{\"@type\":\"ListItem\",\"position\":1,\"name\":\"Acolhimento\",\"item\":\"https:\/\/www.csj-emballages.com\/pt-pt\/universo-das-embalagens-alimentares\/\"},{\"@type\":\"ListItem\",\"position\":2,\"name\":\"Shop\",\"item\":\"https:\/\/www.csj-emballages.com\/shop\/\"},{\"@type\":\"ListItem\",\"position\":3,\"name\":\"Tampa de pl\u00e1stico para copo GO125, embalagem de 50\"}]},{\"@type\":\"WebSite\",\"@id\":\"https:\/\/www.csj-emballages.com\/pt-pt\/#website\",\"url\":\"https:\/\/www.csj-emballages.com\/pt-pt\/\",\"name\":\"CSJ Emballages\",\"description\":\"\",\"publisher\":{\"@id\":\"https:\/\/www.csj-emballages.com\/pt-pt\/#organization\"},\"potentialAction\":[{\"@type\":\"SearchAction\",\"target\":{\"@type\":\"EntryPoint\",\"urlTemplate\":\"https:\/\/www.csj-emballages.com\/pt-pt\/?s={search_term_string}\"},\"query-input\":{\"@type\":\"PropertyValueSpecification\",\"valueRequired\":true,\"valueName\":\"search_term_string\"}}],\"inLanguage\":\"pt-PT\"},{\"@type\":\"Organization\",\"@id\":\"https:\/\/www.csj-emballages.com\/pt-pt\/#Organization\/\",\"name\":\"CSJ Emballages\",\"url\":\"https:\/\/www.csj-emballages.com\/pt-pt\/\",\"logo\":{\"@type\":\"ImageObject\",\"inLanguage\":\"pt-PT\",\"@id\":\"https:\/\/www.csj-emballages.com\/pt-pt\/#\/schema\/logo\/image\/\",\"url\":\"https:\/\/www.csj-emballages.com\/wp-content\/uploads\/2023\/10\/logo_csj.webp\",\"contentUrl\":\"https:\/\/www.csj-emballages.com\/wp-content\/uploads\/2023\/10\/logo_csj.webp\",\"width\":250,\"height\":95,\"caption\":\"CSJ Emballages\"},\"image\":{\"@id\":\"https:\/\/www.csj-emballages.com\/pt-pt\/#\/schema\/logo\/image\/\"},\"sameAs\":[\"https:\/\/www.facebook.com\/csjemballages\"],\"address\":{\"@type\":\"PostalAddress\",\"streetAddress\":\"ZI La Lechere\",\"addressLocality\":\"Patornay\",\"postalCode\":\"39130\",\"addressCountry\":\"FR\"},\"contactPoint\":[{\"@type\":\"ContactPoint\",\"contactType\":\"Service client\",\"telephone\":\"0384254272\",\"email\":\"contact@csj-emballages.com\"}]}]}<\/script>\n<!-- \/ Yoast SEO Premium plugin. -->","yoast_head_json":{"title":"Tampa de Pl\u00e1stico para Copo GO125, embalagem de 50","description":"Tampa para copo de alum\u00ednio GO125, embalagem de 50. Fecho pr\u00e1tico e higi\u00e9nico, ideal para molhos, sobremesas e take-away.","robots":{"index":"index","follow":"follow","max-snippet":"max-snippet:-1","max-image-preview":"max-image-preview:large","max-video-preview":"max-video-preview:-1"},"canonical":"https:\/\/www.csj-emballages.com\/pt-pt\/produit\/50-tampas-para-copos-de-aluminio-descartaveis-de-150-ml\/","og_locale":"pt_PT","og_type":"article","og_title":"Tampa de pl\u00e1stico para copo GO125, embalagem de 50","og_description":"Tampa para copo de alum\u00ednio GO125, embalagem de 50. Fecho pr\u00e1tico e higi\u00e9nico, ideal para molhos, sobremesas e take-away.","og_url":"https:\/\/www.csj-emballages.com\/pt-pt\/produit\/50-tampas-para-copos-de-aluminio-descartaveis-de-150-ml\/","og_site_name":"CSJ Emballages","article_publisher":"https:\/\/www.facebook.com\/csjemballages","article_modified_time":"2026-04-16T00:12:39+00:00","og_image":[{"width":800,"height":800,"url":"https:\/\/www.csj-emballages.com\/wp-content\/uploads\/2024\/03\/COUVGO125-1.webp","type":"image\/webp"}],"twitter_card":"summary_large_image","twitter_misc":{"Tempo estimado de leitura":"2 minutos"},"schema":{"@context":"https:\/\/schema.org","@graph":[{"@type":"WebPage","@id":"https:\/\/www.csj-emballages.com\/pt-pt\/produit\/50-tampas-para-copos-de-aluminio-descartaveis-de-150-ml\/","url":"https:\/\/www.csj-emballages.com\/pt-pt\/produit\/50-tampas-para-copos-de-aluminio-descartaveis-de-150-ml\/","name":"Tampa de Pl\u00e1stico para Copo GO125, embalagem de 50","isPartOf":{"@id":"https:\/\/www.csj-emballages.com\/pt-pt\/#website"},"primaryImageOfPage":{"@id":"https:\/\/www.csj-emballages.com\/pt-pt\/produit\/50-tampas-para-copos-de-aluminio-descartaveis-de-150-ml\/#primaryimage"},"image":{"@id":"https:\/\/www.csj-emballages.com\/pt-pt\/produit\/50-tampas-para-copos-de-aluminio-descartaveis-de-150-ml\/#primaryimage"},"thumbnailUrl":"https:\/\/www.csj-emballages.com\/wp-content\/uploads\/2024\/03\/COUVGO125-1.webp","datePublished":"2024-03-01T15:54:45+00:00","dateModified":"2026-04-16T00:12:39+00:00","description":"Tampa para copo de alum\u00ednio GO125, embalagem de 50. Fecho pr\u00e1tico e higi\u00e9nico, ideal para molhos, sobremesas e take-away.","breadcrumb":{"@id":"https:\/\/www.csj-emballages.com\/pt-pt\/produit\/50-tampas-para-copos-de-aluminio-descartaveis-de-150-ml\/#breadcrumb"},"inLanguage":"pt-PT","potentialAction":[{"@type":"ReadAction","target":["https:\/\/www.csj-emballages.com\/pt-pt\/produit\/50-tampas-para-copos-de-aluminio-descartaveis-de-150-ml\/"]}]},{"@type":"ImageObject","inLanguage":"pt-PT","@id":"https:\/\/www.csj-emballages.com\/pt-pt\/produit\/50-tampas-para-copos-de-aluminio-descartaveis-de-150-ml\/#primaryimage","url":"https:\/\/www.csj-emballages.com\/wp-content\/uploads\/2024\/03\/COUVGO125-1.webp","contentUrl":"https:\/\/www.csj-emballages.com\/wp-content\/uploads\/2024\/03\/COUVGO125-1.webp","width":800,"height":800,"caption":"Couvercle pour godet aluminium"},{"@type":"BreadcrumbList","@id":"https:\/\/www.csj-emballages.com\/pt-pt\/produit\/50-tampas-para-copos-de-aluminio-descartaveis-de-150-ml\/#breadcrumb","itemListElement":[{"@type":"ListItem","position":1,"name":"Acolhimento","item":"https:\/\/www.csj-emballages.com\/pt-pt\/universo-das-embalagens-alimentares\/"},{"@type":"ListItem","position":2,"name":"Shop","item":"https:\/\/www.csj-emballages.com\/shop\/"},{"@type":"ListItem","position":3,"name":"Tampa de pl\u00e1stico para copo GO125, embalagem de 50"}]},{"@type":"WebSite","@id":"https:\/\/www.csj-emballages.com\/pt-pt\/#website","url":"https:\/\/www.csj-emballages.com\/pt-pt\/","name":"CSJ Emballages","description":"","publisher":{"@id":"https:\/\/www.csj-emballages.com\/pt-pt\/#organization"},"potentialAction":[{"@type":"SearchAction","target":{"@type":"EntryPoint","urlTemplate":"https:\/\/www.csj-emballages.com\/pt-pt\/?s={search_term_string}"},"query-input":{"@type":"PropertyValueSpecification","valueRequired":true,"valueName":"search_term_string"}}],"inLanguage":"pt-PT"},{"@type":"Organization","@id":"https:\/\/www.csj-emballages.com\/pt-pt\/#Organization\/","name":"CSJ Emballages","url":"https:\/\/www.csj-emballages.com\/pt-pt\/","logo":{"@type":"ImageObject","inLanguage":"pt-PT","@id":"https:\/\/www.csj-emballages.com\/pt-pt\/#\/schema\/logo\/image\/","url":"https:\/\/www.csj-emballages.com\/wp-content\/uploads\/2023\/10\/logo_csj.webp","contentUrl":"https:\/\/www.csj-emballages.com\/wp-content\/uploads\/2023\/10\/logo_csj.webp","width":250,"height":95,"caption":"CSJ Emballages"},"image":{"@id":"https:\/\/www.csj-emballages.com\/pt-pt\/#\/schema\/logo\/image\/"},"sameAs":["https:\/\/www.facebook.com\/csjemballages"],"address":{"@type":"PostalAddress","streetAddress":"ZI La Lechere","addressLocality":"Patornay","postalCode":"39130","addressCountry":"FR"},"contactPoint":[{"@type":"ContactPoint","contactType":"Service client","telephone":"0384254272","email":"contact@csj-emballages.com"}]}]}},"df_price":3.05,"df_sale_price":"","df_regular_price":3.05,"df_image_link":"https:\/\/www.csj-emballages.com\/wp-content\/uploads\/2024\/03\/COUVGO125-1-300x300.webp","tiered_pricing_type":"fixed","tiered_pricing_fixed_rules":[],"tiered_pricing_percentage_rules":[],"tiered_pricing_minimum":1,"tiered_pricing_roles_data":[],"_links":{"self":[{"href":"https:\/\/www.csj-emballages.com\/pt-pt\/wp-json\/wp\/v2\/product\/20284","targetHints":{"allow":["GET"]}}],"collection":[{"href":"https:\/\/www.csj-emballages.com\/pt-pt\/wp-json\/wp\/v2\/product"}],"about":[{"href":"https:\/\/www.csj-emballages.com\/pt-pt\/wp-json\/wp\/v2\/types\/product"}],"wp:featuredmedia":[{"embeddable":true,"href":"https:\/\/www.csj-emballages.com\/pt-pt\/wp-json\/wp\/v2\/media\/263476"}],"wp:attachment":[{"href":"https:\/\/www.csj-emballages.com\/pt-pt\/wp-json\/wp\/v2\/media?parent=20284"}],"wp:term":[{"taxonomy":"product_brand","embeddable":true,"href":"https:\/\/www.csj-emballages.com\/pt-pt\/wp-json\/wp\/v2\/product_brand?post=20284"},{"taxonomy":"product_cat","embeddable":true,"href":"https:\/\/www.csj-emballages.com\/pt-pt\/wp-json\/wp\/v2\/product_cat?post=20284"},{"taxonomy":"product_tag","embeddable":true,"href":"https:\/\/www.csj-emballages.com\/pt-pt\/wp-json\/wp\/v2\/product_tag?post=20284"}],"curies":[{"name":"wp","href":"https:\/\/api.w.org\/{rel}","templated":true}]}}