{"id":20269,"date":"2024-03-01T16:54:47","date_gmt":"2024-03-01T15:54:47","guid":{"rendered":"https:\/\/u15jnbdpoq.preview.infomaniak.website\/produit\/50-tampas-para-tabuleiros-de-refeicao-com-5-compartimentos\/"},"modified":"2026-05-07T02:13:51","modified_gmt":"2026-05-07T00:13:51","slug":"50-tampas-para-tabuleiros-de-refeicao-com-5-compartimentos","status":"publish","type":"product","link":"https:\/\/www.csj-emballages.com\/pt-pt\/produit\/50-tampas-para-tabuleiros-de-refeicao-com-5-compartimentos\/","title":{"rendered":"Tampa para tabuleiro de refei\u00e7\u00e3o &#8220;PL5C&#8221;, 50 unidades."},"content":{"rendered":"<h2>Tampa para tabuleiro de refei\u00e7\u00e3o &#8220;PL5C<\/h2>\n<hr>\n<h3>Descri\u00e7\u00e3o da nossa capa para tabuleiro de refei\u00e7\u00e3o &#8220;PL5C&#8221; por 50<\/h3>\n<p><!--more--><\/p>\n<p data-start=\"213\" data-end=\"706\">A <strong data-start=\"216\" data-end=\"262\">tampa de tabuleiro de refei\u00e7\u00e3o &#8220;PL5C&#8221; por 50<\/strong> \u00e9 um acess\u00f3rio indispens\u00e1vel para todos os profissionais de restaura\u00e7\u00e3o e de takeaway. Concebida para se adaptar perfeitamente aos tabuleiros de refei\u00e7\u00e3o compat\u00edveis, proporciona uma <strong data-start=\"439\" data-end=\"463\">veda\u00e7\u00e3o herm\u00e9tica<\/strong> e protege eficazmente os seus alimentos durante o transporte. Quer se trate de um <strong data-start=\"542\" data-end=\"554\">fornecedor de<\/strong> refei\u00e7\u00f5es, <strong data-start=\"556\" data-end=\"572\">propriet\u00e1rio de um restaurante<\/strong> ou gerente de uma cafetaria, esta tampa garante uma <strong data-start=\"644\" data-end=\"679\">solu\u00e7\u00e3o pr\u00e1tica e higi\u00e9nica<\/strong> para os seus menus completos.  <\/p>\n<p data-start=\"708\" data-end=\"1085\">Gra\u00e7as ao seu design robusto e transparente, esta <strong data-start=\"758\" data-end=\"781\">tampa de pl\u00e1stico<\/strong> real\u00e7a os seus pratos, mantendo-os bem protegidos. Evita derrames, conserva o calor durante mais tempo e assegura uma apresenta\u00e7\u00e3o cuidada para os seus clientes. Assim, cada refei\u00e7\u00e3o \u00e9 entregue em condi\u00e7\u00f5es \u00f3ptimas, sem risco de derrame ou mistura entre os compartimentos do tabuleiro.  <\/p>\n<p data-start=\"1087\" data-end=\"1445\">Embalada em pacotes de <strong>50<\/strong> unidades, a <strong data-start=\"1123\" data-end=\"1141\">tampa PL5C<\/strong> \u00e9 uma solu\u00e7\u00e3o econ\u00f3mica e eficaz para servi\u00e7os de catering, refei\u00e7\u00f5es de empresa e eventos com um grande n\u00famero de convidados. \u00c9 r\u00e1pida e f\u00e1cil de utilizar, o que a torna uma excelente aliada para as equipas de cozinha que procuram <strong data-start=\"1412\" data-end=\"1442\">poupar tempo e ser fi\u00e1veis<\/strong> ao mesmo tempo. <\/p>\n<p data-start=\"1447\" data-end=\"1678\">Ao escolher esta tampa, est\u00e1 a optar por um produto <strong data-start=\"1503\" data-end=\"1515\">pr\u00e1tico<\/strong> e <strong data-start=\"1517\" data-end=\"1529\">seguro<\/strong>, concebido para o uso di\u00e1rio de profissionais exigentes. Com ela, as suas refei\u00e7\u00f5es manter\u00e3o toda a sua qualidade, desde a prepara\u00e7\u00e3o at\u00e9 \u00e0 degusta\u00e7\u00e3o. <\/p>\n<p data-start=\"1447\" data-end=\"1678\">\n<p data-start=\"1447\" data-end=\"1678\"><!--more--><\/p>\n<p data-start=\"1447\" data-end=\"1678\"><strong><span style=\"color: #ff0000;\">*Esta tampa \u00e9 vendida separadamente do seu tabuleiro (ver liga\u00e7\u00e3o abaixo).<\/span><\/strong><\/p>\n<p>&nbsp;<\/p>\n<p><!--more--><\/p>\n<h4>Vantagens :<\/h4>\n<ul>\n<li><strong data-start=\"1705\" data-end=\"1729\">Fecho herm\u00e9tico<\/strong>: garante a seguran\u00e7a da loi\u00e7a durante o transporte.<\/li>\n<li><strong data-start=\"1789\" data-end=\"1805\">Transpar\u00eancia<\/strong>: destaca os seus preparativos.<\/li>\n<li><strong data-start=\"1844\" data-end=\"1858\">Resistente<\/strong>: protege as suas refei\u00e7\u00f5es sem as deformar.<\/li>\n<li><strong data-start=\"1901\" data-end=\"1914\">Pr\u00e1tico<\/strong>: f\u00e1cil de colocar e retirar.<\/li>\n<li>Embalagem <strong data-start=\"1950\" data-end=\"1976\">de 50 unidades<\/strong>: ideal para utiliza\u00e7\u00e3o profissional.<\/li>\n<\/ul>\n<p>&nbsp;<\/p>\n<p><!--more--><\/p>\n<h4>Outras informa\u00e7\u00f5es :<\/h4>\n<ul>\n<li><strong>Embalagem<\/strong>: Pacote de 50<\/li>\n<li><strong>Dimens\u00f5es<\/strong>: 290 x 224 x 50 mm<\/li>\n<li><strong>N\u00famero de compartimentos <\/strong>: 5<\/li>\n<li><strong>Cor<\/strong>: Cristal<\/li>\n<li><strong>Material<\/strong>: PET (polietileno)<\/li>\n<li><strong>Temperatura de funcionamento<\/strong>: -40\u00b0C \/ +60\u00b0C<\/li>\n<\/ul>\n<p>&nbsp;<\/p>\n<p><!--more--><\/p>\n<p>Encontre aqui o tabuleiro compat\u00edvel com esta tampa: <span style=\"color: #d12727;\"><a style=\"color: #d12727;\" href=\"https:\/\/www.csj-emballages.com\/pt-pt\/produit\/50-tabuleiros-para-takeaway-com-5-compartimentos\/\">PL5C<\/a><\/span><\/p>\n<p>&nbsp;<\/p>\n<p><!--more--><\/p>\n<p><a href=\"https:\/\/www.csj-emballages.com\/pt-pt\/categorie-produit\/embalagem-de-alimentos\/talho-e-charcutaria\/tabuleiros\/tabuleiros-de-refeicoes\/tabuleiros-de-plastico-para-refeicoes\/tabuleiros-pr290b\/\">V\u00ea o resto da nossa gama de tabuleiros de refei\u00e7\u00e3o<\/a><\/p>\n","protected":false},"excerpt":{"rendered":"<p>Tampa para tabuleiro de refei\u00e7\u00e3o &#8220;PL5C Descri\u00e7\u00e3o da nossa capa para tabuleiro de refei\u00e7\u00e3o &#8220;PL5C&#8221; por 50<\/p>\n","protected":false},"featured_media":241302,"template":"","meta":{"_acf_changed":false},"product_brand":[],"product_cat":[1141,1176,1287,1292,1297,6994,1138,1301,1304,1308],"product_tag":[],"class_list":{"0":"post-20269","1":"product","2":"type-product","3":"status-publish","4":"has-post-thumbnail","6":"product_cat-embalagem-de-alimentos","7":"product_cat-talho-e-charcutaria","8":"product_cat-tabuleiros","9":"product_cat-tabuleiros-de-refeicoes","10":"product_cat-tabuleiros-de-plastico-para-refeicoes","11":"product_cat-tabuleiros-pr290b","12":"product_cat-restauracao","13":"product_cat-tabuleiros-pt-pt","14":"product_cat-tabuleiros-de-refeicao-descartaveis","15":"product_cat-tabuleiros-de-plastico-para-refeicoes-pt-pt","17":"first","18":"instock","19":"taxable","20":"shipping-taxable","21":"purchasable","22":"product-type-simple"},"acf":[],"yoast_head":"<!-- This site is optimized with the Yoast SEO Premium plugin v26.6 (Yoast SEO v26.6) - https:\/\/yoast.com\/wordpress\/plugins\/seo\/ -->\n<title>Tampa para tabuleiro de refei\u00e7\u00f5es &quot;PL5C&quot; 50 unidades<\/title>\n<meta name=\"description\" content=\"Tampa para tabuleiros de refei\u00e7\u00e3o &quot;PL5C&quot;, embalagem de 50 unidades: pr\u00e1tica, resistente e transparente para proteger os seus pratos durante o transporte e a conserva\u00e7\u00e3o.\" \/>\n<meta name=\"robots\" content=\"index, follow, max-snippet:-1, max-image-preview:large, max-video-preview:-1\" \/>\n<link rel=\"canonical\" href=\"https:\/\/www.csj-emballages.com\/pt-pt\/produit\/50-tampas-para-tabuleiros-de-refeicao-com-5-compartimentos\/\" \/>\n<meta property=\"og:locale\" content=\"pt_PT\" \/>\n<meta property=\"og:type\" content=\"article\" \/>\n<meta property=\"og:title\" content=\"Tampa para tabuleiro de refei\u00e7\u00e3o &quot;PL5C&quot;, 50 unidades.\" \/>\n<meta property=\"og:description\" content=\"Tampa para tabuleiros de refei\u00e7\u00e3o &quot;PL5C&quot;, embalagem de 50 unidades: pr\u00e1tica, resistente e transparente para proteger os seus pratos durante o transporte e a conserva\u00e7\u00e3o.\" \/>\n<meta property=\"og:url\" content=\"https:\/\/www.csj-emballages.com\/pt-pt\/produit\/50-tampas-para-tabuleiros-de-refeicao-com-5-compartimentos\/\" \/>\n<meta property=\"og:site_name\" content=\"CSJ Emballages\" \/>\n<meta property=\"article:publisher\" content=\"https:\/\/www.facebook.com\/csjemballages\" \/>\n<meta property=\"article:modified_time\" content=\"2026-05-07T00:13:51+00:00\" \/>\n<meta property=\"og:image\" content=\"https:\/\/www.csj-emballages.com\/wp-content\/uploads\/2024\/03\/COPL5C.webp\" \/>\n\t<meta property=\"og:image:width\" content=\"800\" \/>\n\t<meta property=\"og:image:height\" content=\"800\" \/>\n\t<meta property=\"og:image:type\" content=\"image\/webp\" \/>\n<meta name=\"twitter:card\" content=\"summary_large_image\" \/>\n<meta name=\"twitter:label1\" content=\"Tempo estimado de leitura\" \/>\n\t<meta name=\"twitter:data1\" content=\"2 minutos\" \/>\n<script type=\"application\/ld+json\" class=\"yoast-schema-graph\">{\"@context\":\"https:\/\/schema.org\",\"@graph\":[{\"@type\":\"WebPage\",\"@id\":\"https:\/\/www.csj-emballages.com\/pt-pt\/produit\/50-tampas-para-tabuleiros-de-refeicao-com-5-compartimentos\/\",\"url\":\"https:\/\/www.csj-emballages.com\/pt-pt\/produit\/50-tampas-para-tabuleiros-de-refeicao-com-5-compartimentos\/\",\"name\":\"Tampa para tabuleiro de refei\u00e7\u00f5es \\\"PL5C\\\" 50 unidades\",\"isPartOf\":{\"@id\":\"https:\/\/www.csj-emballages.com\/pt-pt\/#website\"},\"primaryImageOfPage\":{\"@id\":\"https:\/\/www.csj-emballages.com\/pt-pt\/produit\/50-tampas-para-tabuleiros-de-refeicao-com-5-compartimentos\/#primaryimage\"},\"image\":{\"@id\":\"https:\/\/www.csj-emballages.com\/pt-pt\/produit\/50-tampas-para-tabuleiros-de-refeicao-com-5-compartimentos\/#primaryimage\"},\"thumbnailUrl\":\"https:\/\/www.csj-emballages.com\/wp-content\/uploads\/2024\/03\/COPL5C.webp\",\"datePublished\":\"2024-03-01T15:54:47+00:00\",\"dateModified\":\"2026-05-07T00:13:51+00:00\",\"description\":\"Tampa para tabuleiros de refei\u00e7\u00e3o \\\"PL5C\\\", embalagem de 50 unidades: pr\u00e1tica, resistente e transparente para proteger os seus pratos durante o transporte e a conserva\u00e7\u00e3o.\",\"breadcrumb\":{\"@id\":\"https:\/\/www.csj-emballages.com\/pt-pt\/produit\/50-tampas-para-tabuleiros-de-refeicao-com-5-compartimentos\/#breadcrumb\"},\"inLanguage\":\"pt-PT\",\"potentialAction\":[{\"@type\":\"ReadAction\",\"target\":[\"https:\/\/www.csj-emballages.com\/pt-pt\/produit\/50-tampas-para-tabuleiros-de-refeicao-com-5-compartimentos\/\"]}]},{\"@type\":\"ImageObject\",\"inLanguage\":\"pt-PT\",\"@id\":\"https:\/\/www.csj-emballages.com\/pt-pt\/produit\/50-tampas-para-tabuleiros-de-refeicao-com-5-compartimentos\/#primaryimage\",\"url\":\"https:\/\/www.csj-emballages.com\/wp-content\/uploads\/2024\/03\/COPL5C.webp\",\"contentUrl\":\"https:\/\/www.csj-emballages.com\/wp-content\/uploads\/2024\/03\/COPL5C.webp\",\"width\":800,\"height\":800,\"caption\":\"Couvercle pour plateau repas\"},{\"@type\":\"BreadcrumbList\",\"@id\":\"https:\/\/www.csj-emballages.com\/pt-pt\/produit\/50-tampas-para-tabuleiros-de-refeicao-com-5-compartimentos\/#breadcrumb\",\"itemListElement\":[{\"@type\":\"ListItem\",\"position\":1,\"name\":\"Acolhimento\",\"item\":\"https:\/\/www.csj-emballages.com\/pt-pt\/universo-das-embalagens-alimentares\/\"},{\"@type\":\"ListItem\",\"position\":2,\"name\":\"Shop\",\"item\":\"https:\/\/www.csj-emballages.com\/shop\/\"},{\"@type\":\"ListItem\",\"position\":3,\"name\":\"Tampa para tabuleiro de refei\u00e7\u00e3o \u00ab\u00a0PL5C\u00a0\u00bb, 50 unidades.\"}]},{\"@type\":\"WebSite\",\"@id\":\"https:\/\/www.csj-emballages.com\/pt-pt\/#website\",\"url\":\"https:\/\/www.csj-emballages.com\/pt-pt\/\",\"name\":\"CSJ Emballages\",\"description\":\"\",\"publisher\":{\"@id\":\"https:\/\/www.csj-emballages.com\/pt-pt\/#organization\"},\"potentialAction\":[{\"@type\":\"SearchAction\",\"target\":{\"@type\":\"EntryPoint\",\"urlTemplate\":\"https:\/\/www.csj-emballages.com\/pt-pt\/?s={search_term_string}\"},\"query-input\":{\"@type\":\"PropertyValueSpecification\",\"valueRequired\":true,\"valueName\":\"search_term_string\"}}],\"inLanguage\":\"pt-PT\"},{\"@type\":\"Organization\",\"@id\":\"https:\/\/www.csj-emballages.com\/pt-pt\/#Organization\/\",\"name\":\"CSJ Emballages\",\"url\":\"https:\/\/www.csj-emballages.com\/pt-pt\/\",\"logo\":{\"@type\":\"ImageObject\",\"inLanguage\":\"pt-PT\",\"@id\":\"https:\/\/www.csj-emballages.com\/pt-pt\/#\/schema\/logo\/image\/\",\"url\":\"https:\/\/www.csj-emballages.com\/wp-content\/uploads\/2023\/10\/logo_csj.webp\",\"contentUrl\":\"https:\/\/www.csj-emballages.com\/wp-content\/uploads\/2023\/10\/logo_csj.webp\",\"width\":250,\"height\":95,\"caption\":\"CSJ Emballages\"},\"image\":{\"@id\":\"https:\/\/www.csj-emballages.com\/pt-pt\/#\/schema\/logo\/image\/\"},\"sameAs\":[\"https:\/\/www.facebook.com\/csjemballages\"],\"address\":{\"@type\":\"PostalAddress\",\"streetAddress\":\"ZI La Lechere\",\"addressLocality\":\"Patornay\",\"postalCode\":\"39130\",\"addressCountry\":\"FR\"},\"contactPoint\":[{\"@type\":\"ContactPoint\",\"contactType\":\"Service client\",\"telephone\":\"0384254272\",\"email\":\"contact@csj-emballages.com\"}]}]}<\/script>\n<!-- \/ Yoast SEO Premium plugin. -->","yoast_head_json":{"title":"Tampa para tabuleiro de refei\u00e7\u00f5es \"PL5C\" 50 unidades","description":"Tampa para tabuleiros de refei\u00e7\u00e3o \"PL5C\", embalagem de 50 unidades: pr\u00e1tica, resistente e transparente para proteger os seus pratos durante o transporte e a conserva\u00e7\u00e3o.","robots":{"index":"index","follow":"follow","max-snippet":"max-snippet:-1","max-image-preview":"max-image-preview:large","max-video-preview":"max-video-preview:-1"},"canonical":"https:\/\/www.csj-emballages.com\/pt-pt\/produit\/50-tampas-para-tabuleiros-de-refeicao-com-5-compartimentos\/","og_locale":"pt_PT","og_type":"article","og_title":"Tampa para tabuleiro de refei\u00e7\u00e3o \"PL5C\", 50 unidades.","og_description":"Tampa para tabuleiros de refei\u00e7\u00e3o \"PL5C\", embalagem de 50 unidades: pr\u00e1tica, resistente e transparente para proteger os seus pratos durante o transporte e a conserva\u00e7\u00e3o.","og_url":"https:\/\/www.csj-emballages.com\/pt-pt\/produit\/50-tampas-para-tabuleiros-de-refeicao-com-5-compartimentos\/","og_site_name":"CSJ Emballages","article_publisher":"https:\/\/www.facebook.com\/csjemballages","article_modified_time":"2026-05-07T00:13:51+00:00","og_image":[{"width":800,"height":800,"url":"https:\/\/www.csj-emballages.com\/wp-content\/uploads\/2024\/03\/COPL5C.webp","type":"image\/webp"}],"twitter_card":"summary_large_image","twitter_misc":{"Tempo estimado de leitura":"2 minutos"},"schema":{"@context":"https:\/\/schema.org","@graph":[{"@type":"WebPage","@id":"https:\/\/www.csj-emballages.com\/pt-pt\/produit\/50-tampas-para-tabuleiros-de-refeicao-com-5-compartimentos\/","url":"https:\/\/www.csj-emballages.com\/pt-pt\/produit\/50-tampas-para-tabuleiros-de-refeicao-com-5-compartimentos\/","name":"Tampa para tabuleiro de refei\u00e7\u00f5es \"PL5C\" 50 unidades","isPartOf":{"@id":"https:\/\/www.csj-emballages.com\/pt-pt\/#website"},"primaryImageOfPage":{"@id":"https:\/\/www.csj-emballages.com\/pt-pt\/produit\/50-tampas-para-tabuleiros-de-refeicao-com-5-compartimentos\/#primaryimage"},"image":{"@id":"https:\/\/www.csj-emballages.com\/pt-pt\/produit\/50-tampas-para-tabuleiros-de-refeicao-com-5-compartimentos\/#primaryimage"},"thumbnailUrl":"https:\/\/www.csj-emballages.com\/wp-content\/uploads\/2024\/03\/COPL5C.webp","datePublished":"2024-03-01T15:54:47+00:00","dateModified":"2026-05-07T00:13:51+00:00","description":"Tampa para tabuleiros de refei\u00e7\u00e3o \"PL5C\", embalagem de 50 unidades: pr\u00e1tica, resistente e transparente para proteger os seus pratos durante o transporte e a conserva\u00e7\u00e3o.","breadcrumb":{"@id":"https:\/\/www.csj-emballages.com\/pt-pt\/produit\/50-tampas-para-tabuleiros-de-refeicao-com-5-compartimentos\/#breadcrumb"},"inLanguage":"pt-PT","potentialAction":[{"@type":"ReadAction","target":["https:\/\/www.csj-emballages.com\/pt-pt\/produit\/50-tampas-para-tabuleiros-de-refeicao-com-5-compartimentos\/"]}]},{"@type":"ImageObject","inLanguage":"pt-PT","@id":"https:\/\/www.csj-emballages.com\/pt-pt\/produit\/50-tampas-para-tabuleiros-de-refeicao-com-5-compartimentos\/#primaryimage","url":"https:\/\/www.csj-emballages.com\/wp-content\/uploads\/2024\/03\/COPL5C.webp","contentUrl":"https:\/\/www.csj-emballages.com\/wp-content\/uploads\/2024\/03\/COPL5C.webp","width":800,"height":800,"caption":"Couvercle pour plateau repas"},{"@type":"BreadcrumbList","@id":"https:\/\/www.csj-emballages.com\/pt-pt\/produit\/50-tampas-para-tabuleiros-de-refeicao-com-5-compartimentos\/#breadcrumb","itemListElement":[{"@type":"ListItem","position":1,"name":"Acolhimento","item":"https:\/\/www.csj-emballages.com\/pt-pt\/universo-das-embalagens-alimentares\/"},{"@type":"ListItem","position":2,"name":"Shop","item":"https:\/\/www.csj-emballages.com\/shop\/"},{"@type":"ListItem","position":3,"name":"Tampa para tabuleiro de refei\u00e7\u00e3o \u00ab\u00a0PL5C\u00a0\u00bb, 50 unidades."}]},{"@type":"WebSite","@id":"https:\/\/www.csj-emballages.com\/pt-pt\/#website","url":"https:\/\/www.csj-emballages.com\/pt-pt\/","name":"CSJ Emballages","description":"","publisher":{"@id":"https:\/\/www.csj-emballages.com\/pt-pt\/#organization"},"potentialAction":[{"@type":"SearchAction","target":{"@type":"EntryPoint","urlTemplate":"https:\/\/www.csj-emballages.com\/pt-pt\/?s={search_term_string}"},"query-input":{"@type":"PropertyValueSpecification","valueRequired":true,"valueName":"search_term_string"}}],"inLanguage":"pt-PT"},{"@type":"Organization","@id":"https:\/\/www.csj-emballages.com\/pt-pt\/#Organization\/","name":"CSJ Emballages","url":"https:\/\/www.csj-emballages.com\/pt-pt\/","logo":{"@type":"ImageObject","inLanguage":"pt-PT","@id":"https:\/\/www.csj-emballages.com\/pt-pt\/#\/schema\/logo\/image\/","url":"https:\/\/www.csj-emballages.com\/wp-content\/uploads\/2023\/10\/logo_csj.webp","contentUrl":"https:\/\/www.csj-emballages.com\/wp-content\/uploads\/2023\/10\/logo_csj.webp","width":250,"height":95,"caption":"CSJ Emballages"},"image":{"@id":"https:\/\/www.csj-emballages.com\/pt-pt\/#\/schema\/logo\/image\/"},"sameAs":["https:\/\/www.facebook.com\/csjemballages"],"address":{"@type":"PostalAddress","streetAddress":"ZI La Lechere","addressLocality":"Patornay","postalCode":"39130","addressCountry":"FR"},"contactPoint":[{"@type":"ContactPoint","contactType":"Service client","telephone":"0384254272","email":"contact@csj-emballages.com"}]}]}},"df_price":17.86,"df_sale_price":"","df_regular_price":17.86,"df_image_link":"https:\/\/www.csj-emballages.com\/wp-content\/uploads\/2024\/03\/COPL5C-300x300.webp","tiered_pricing_type":"fixed","tiered_pricing_fixed_rules":[],"tiered_pricing_percentage_rules":[],"tiered_pricing_minimum":1,"tiered_pricing_roles_data":[],"_links":{"self":[{"href":"https:\/\/www.csj-emballages.com\/pt-pt\/wp-json\/wp\/v2\/product\/20269","targetHints":{"allow":["GET"]}}],"collection":[{"href":"https:\/\/www.csj-emballages.com\/pt-pt\/wp-json\/wp\/v2\/product"}],"about":[{"href":"https:\/\/www.csj-emballages.com\/pt-pt\/wp-json\/wp\/v2\/types\/product"}],"wp:featuredmedia":[{"embeddable":true,"href":"https:\/\/www.csj-emballages.com\/pt-pt\/wp-json\/wp\/v2\/media\/241302"}],"wp:attachment":[{"href":"https:\/\/www.csj-emballages.com\/pt-pt\/wp-json\/wp\/v2\/media?parent=20269"}],"wp:term":[{"taxonomy":"product_brand","embeddable":true,"href":"https:\/\/www.csj-emballages.com\/pt-pt\/wp-json\/wp\/v2\/product_brand?post=20269"},{"taxonomy":"product_cat","embeddable":true,"href":"https:\/\/www.csj-emballages.com\/pt-pt\/wp-json\/wp\/v2\/product_cat?post=20269"},{"taxonomy":"product_tag","embeddable":true,"href":"https:\/\/www.csj-emballages.com\/pt-pt\/wp-json\/wp\/v2\/product_tag?post=20269"}],"curies":[{"name":"wp","href":"https:\/\/api.w.org\/{rel}","templated":true}]}}