{"id":20266,"date":"2024-03-01T16:54:45","date_gmt":"2024-03-01T15:54:45","guid":{"rendered":"https:\/\/u15jnbdpoq.preview.infomaniak.website\/produit\/25-tampas-para-tabuleiros-de-luxo-para-levar-com-5-compartimentos-pl5cluxen\/"},"modified":"2026-03-17T02:13:20","modified_gmt":"2026-03-17T01:13:20","slug":"25-tampas-para-tabuleiros-de-luxo-para-levar-com-5-compartimentos-pl5cluxen","status":"publish","type":"product","link":"https:\/\/www.csj-emballages.com\/pt-pt\/produit\/25-tampas-para-tabuleiros-de-luxo-para-levar-com-5-compartimentos-pl5cluxen\/","title":{"rendered":"PL5CLUXEN&#8221; tampa do tabuleiro de refei\u00e7\u00f5es, 25 unidades"},"content":{"rendered":"<h2>Tampa para tabuleiro de refei\u00e7\u00f5es<\/h2>\n<hr>\n<h3>Descri\u00e7\u00e3o da nossa tampa de tabuleiro de refei\u00e7\u00e3o &#8220;PL5CLUXEN&#8221;, 25 unidades<\/h3>\n<p><!--more--><\/p>\n<p data-start=\"273\" data-end=\"606\">A <strong data-start=\"276\" data-end=\"320\">tampa de tabuleiro de refei\u00e7\u00e3o &#8220;PL5CLUXEN&#8221;<\/strong> foi especialmente concebida para responder \u00e0s necessidades dos profissionais do sector da restaura\u00e7\u00e3o, do takeaway e do catering. Esta <strong>tampa de pl\u00e1stico<\/strong> transparente <strong>(OPS)<\/strong> adapta-se perfeitamente ao tabuleiro <span style=\"color: #d12727;\"><a style=\"color: #d12727;\" href=\"https:\/\/www.csj-emballages.com\/produit\/25-plateaux-repas-a-emporter-5-compartiments-luxe\/\"><strong data-start=\"537\" data-end=\"550\">PL5CLUXEN<\/strong><\/a><\/span>proporcionando uma veda\u00e7\u00e3o herm\u00e9tica e segura. <\/p>\n<p data-start=\"608\" data-end=\"1005\">Gra\u00e7as \u00e0 sua <strong data-start=\"619\" data-end=\"631\">robustez<\/strong> e ao seu ajuste preciso, garante uma excelente <strong data-start=\"687\" data-end=\"701\">veda\u00e7\u00e3o<\/strong> durante o transporte, para que os seus alimentos se mantenham frescos, quer estejam quentes ou frios. Para al\u00e9m de proteger eficazmente os seus alimentos, a <strong>tampa<\/strong> oferece <strong data-start=\"861\" data-end=\"888\">uma apresenta\u00e7\u00e3o impec\u00e1vel<\/strong>: a sua transpar\u00eancia real\u00e7a as suas prepara\u00e7\u00f5es e tranquiliza os seus clientes quanto \u00e0 frescura e qualidade do conte\u00fado. <\/p>\n<p data-start=\"1007\" data-end=\"1313\">Esta embalagem de <strong data-start=\"1017\" data-end=\"1034\">25 tampas<\/strong> foi concebida para facilitar a organiza\u00e7\u00e3o do trabalho dos profissionais, mantendo-se pr\u00e1tica para os consumidores que pretendem preparar antecipadamente refei\u00e7\u00f5es caseiras. A sua conce\u00e7\u00e3o resistente evita a deforma\u00e7\u00e3o e garante uma utiliza\u00e7\u00e3o fi\u00e1vel, mesmo em condi\u00e7\u00f5es de transporte intensivo. <\/p>\n<p data-start=\"1315\" data-end=\"1611\">Quer se trate de um fornecedor de refei\u00e7\u00f5es, de um restaurador ou de um organizador de eventos, esta tampa \u00e9 essencial para manter a higiene, a frescura e a qualidade dos seus pratos at\u00e9 estarem prontos a comer. Combinada com o tabuleiro de refei\u00e7\u00e3o adequado, pode oferecer um servi\u00e7o pr\u00e1tico, limpo e atrativo. <\/p>\n<p data-start=\"1613\" data-end=\"1832\">Em suma, esta <strong data-start=\"1627\" data-end=\"1671\">tampa para &#8220;PL5CLUXEN&#8221;<\/strong> n\u00e3o \u00e9 apenas um acess\u00f3rio, mas um verdadeiro trunfo para o seu neg\u00f3cio, combinando praticidade, seguran\u00e7a alimentar e valor acrescentado para as suas prepara\u00e7\u00f5es.<\/p>\n<p data-start=\"1613\" data-end=\"1832\">\n<p data-start=\"1613\" data-end=\"1832\">\n<p data-start=\"1704\" data-end=\"1889\"><!--more--><\/p>\n<p data-start=\"1704\" data-end=\"1889\"><strong><span style=\"color: #ff0000;\">*Esta tampa \u00e9 vendida separadamente do seu tabuleiro (ver liga\u00e7\u00e3o abaixo).<\/span><\/strong><\/p>\n<p data-start=\"1704\" data-end=\"1889\">\n<p data-start=\"1704\" data-end=\"1889\"><!--more--><\/p>\n<h4>Vantagens :<\/h4>\n<ul>\n<li>Hermeticamente fechado para evitar fugas e proteger os alimentos.<\/li>\n<li>Transpar\u00eancia para real\u00e7ar os seus preparativos.<\/li>\n<li>Resistente e robusto, adequado para o transporte.<\/li>\n<li>Embalagem pr\u00e1tica de 25 pe\u00e7as para uso profissional ou privado.<\/li>\n<li>Compat\u00edvel com o tabuleiro de refei\u00e7\u00f5es PL5CLUXEN.<\/li>\n<\/ul>\n<p>&nbsp;<\/p>\n<p><!--more--><\/p>\n<h4>Outras informa\u00e7\u00f5es :<\/h4>\n<ul>\n<li><strong>Embalagem<\/strong>: Pacote de 25<\/li>\n<li><strong>Dimens\u00f5es<\/strong>: 329 x 265 x 50 mm<\/li>\n<li><strong>Cor<\/strong>: Cristal<\/li>\n<li><strong>Material<\/strong>: OPS (pl\u00e1stico)<\/li>\n<li><strong>Temperatura de funcionamento<\/strong>: -5\u00b0C \/ +80\u00b0C<\/li>\n<\/ul>\n<p>&nbsp;<\/p>\n<p><!--more--><\/p>\n<p>Encontre aqui o tabuleiro compat\u00edvel com esta tampa: <span style=\"color: #d12727;\"><a style=\"color: #d12727;\" href=\"https:\/\/www.csj-emballages.com\/produit\/25-plateaux-repas-a-emporter-5-compartiments-luxe\/\">PL5CLUXEN<\/a><\/span><\/p>\n<p>&nbsp;<\/p>\n<p><!--more--><\/p>\n<p><a href=\"https:\/\/www.csj-emballages.com\/pt-pt\/categorie-produit\/embalagem-de-alimentos\/talho-e-charcutaria\/tabuleiros\/tabuleiros-de-refeicoes\/tabuleiros-de-plastico-para-refeicoes\/tabuleiros-de-luxo\/\">Ver o resto da nossa gama de tabuleiros &#8220;Luxury<\/a><\/p>\n<p>&nbsp;<\/p>\n<h2><span style=\"text-decoration-line: underline; font-size: 16px;\">Caracter\u00edsticas das tampas para tabuleiros de refei\u00e7\u00e3o descart\u00e1veis<\/span><\/h2>\n<p>&nbsp;<\/p>\n<ul>\n<li>Vendido a particulares \/ profissionais<\/li>\n<li>Dimens\u00f5es: 329 x 266 x 50 (C x L x A em mm)<\/li>\n<li>Embalagem: embalagens de 25 tampas para tabuleiros de refei\u00e7\u00e3o.<\/li>\n<li>Embalado em pel\u00edcula protetora para melhor armazenamento e prote\u00e7\u00e3o.<\/li>\n<li>Material: pl\u00e1stico<\/li>\n<\/ul>\n<p>&nbsp;<\/p>\n<h2>Escolhe capas para tabuleiros de refei\u00e7\u00e3o<\/h2>\n","protected":false},"excerpt":{"rendered":"<p>Tampa para tabuleiro de refei\u00e7\u00f5es Descri\u00e7\u00e3o da nossa tampa de tabuleiro de refei\u00e7\u00e3o &#8220;PL5CLUXEN&#8221;, 25 unidades<\/p>\n","protected":false},"featured_media":241286,"template":"","meta":{"_acf_changed":false},"product_brand":[],"product_cat":[1141,1176,1287,1292,1297,7228,1138,1301,1304,1308],"product_tag":[],"class_list":{"0":"post-20266","1":"product","2":"type-product","3":"status-publish","4":"has-post-thumbnail","6":"product_cat-embalagem-de-alimentos","7":"product_cat-talho-e-charcutaria","8":"product_cat-tabuleiros","9":"product_cat-tabuleiros-de-refeicoes","10":"product_cat-tabuleiros-de-plastico-para-refeicoes","11":"product_cat-tabuleiros-de-luxo","12":"product_cat-restauracao","13":"product_cat-tabuleiros-pt-pt","14":"product_cat-tabuleiros-de-refeicao-descartaveis","15":"product_cat-tabuleiros-de-plastico-para-refeicoes-pt-pt","17":"first","18":"instock","19":"taxable","20":"shipping-taxable","21":"purchasable","22":"product-type-simple"},"acf":[],"yoast_head":"<!-- This site is optimized with the Yoast SEO Premium plugin v26.6 (Yoast SEO v26.6) - https:\/\/yoast.com\/wordpress\/plugins\/seo\/ -->\n<title>PL5CLUXEN&quot; tampa do tabuleiro de refei\u00e7\u00f5es, 25 pe\u00e7as<\/title>\n<meta name=\"description\" content=\"Tampa para tabuleiro de refei\u00e7\u00e3o PL5CLUXEN, 25 unidades: pr\u00e1tica, resistente e transparente para proteger os seus pratos e garantir um transporte seguro.\" \/>\n<meta name=\"robots\" content=\"index, follow, max-snippet:-1, max-image-preview:large, max-video-preview:-1\" \/>\n<link rel=\"canonical\" href=\"https:\/\/www.csj-emballages.com\/pt-pt\/produit\/25-tampas-para-tabuleiros-de-luxo-para-levar-com-5-compartimentos-pl5cluxen\/\" \/>\n<meta property=\"og:locale\" content=\"pt_PT\" \/>\n<meta property=\"og:type\" content=\"article\" \/>\n<meta property=\"og:title\" content=\"PL5CLUXEN&quot; tampa do tabuleiro de refei\u00e7\u00f5es, 25 unidades\" \/>\n<meta property=\"og:description\" content=\"Tampa para tabuleiro de refei\u00e7\u00e3o PL5CLUXEN, 25 unidades: pr\u00e1tica, resistente e transparente para proteger os seus pratos e garantir um transporte seguro.\" \/>\n<meta property=\"og:url\" content=\"https:\/\/www.csj-emballages.com\/pt-pt\/produit\/25-tampas-para-tabuleiros-de-luxo-para-levar-com-5-compartimentos-pl5cluxen\/\" \/>\n<meta property=\"og:site_name\" content=\"CSJ Emballages\" \/>\n<meta property=\"article:publisher\" content=\"https:\/\/www.facebook.com\/csjemballages\" \/>\n<meta property=\"article:modified_time\" content=\"2026-03-17T01:13:20+00:00\" \/>\n<meta property=\"og:image\" content=\"https:\/\/www.csj-emballages.com\/wp-content\/uploads\/2024\/03\/COPL5CLUXEN.webp\" \/>\n\t<meta property=\"og:image:width\" content=\"800\" \/>\n\t<meta property=\"og:image:height\" content=\"800\" \/>\n\t<meta property=\"og:image:type\" content=\"image\/webp\" \/>\n<meta name=\"twitter:card\" content=\"summary_large_image\" \/>\n<meta name=\"twitter:label1\" content=\"Tempo estimado de leitura\" \/>\n\t<meta name=\"twitter:data1\" content=\"2 minutos\" \/>\n<script type=\"application\/ld+json\" class=\"yoast-schema-graph\">{\"@context\":\"https:\/\/schema.org\",\"@graph\":[{\"@type\":\"WebPage\",\"@id\":\"https:\/\/www.csj-emballages.com\/pt-pt\/produit\/25-tampas-para-tabuleiros-de-luxo-para-levar-com-5-compartimentos-pl5cluxen\/\",\"url\":\"https:\/\/www.csj-emballages.com\/pt-pt\/produit\/25-tampas-para-tabuleiros-de-luxo-para-levar-com-5-compartimentos-pl5cluxen\/\",\"name\":\"PL5CLUXEN\\\" tampa do tabuleiro de refei\u00e7\u00f5es, 25 pe\u00e7as\",\"isPartOf\":{\"@id\":\"https:\/\/www.csj-emballages.com\/pt-pt\/#website\"},\"primaryImageOfPage\":{\"@id\":\"https:\/\/www.csj-emballages.com\/pt-pt\/produit\/25-tampas-para-tabuleiros-de-luxo-para-levar-com-5-compartimentos-pl5cluxen\/#primaryimage\"},\"image\":{\"@id\":\"https:\/\/www.csj-emballages.com\/pt-pt\/produit\/25-tampas-para-tabuleiros-de-luxo-para-levar-com-5-compartimentos-pl5cluxen\/#primaryimage\"},\"thumbnailUrl\":\"https:\/\/www.csj-emballages.com\/wp-content\/uploads\/2024\/03\/COPL5CLUXEN.webp\",\"datePublished\":\"2024-03-01T15:54:45+00:00\",\"dateModified\":\"2026-03-17T01:13:20+00:00\",\"description\":\"Tampa para tabuleiro de refei\u00e7\u00e3o PL5CLUXEN, 25 unidades: pr\u00e1tica, resistente e transparente para proteger os seus pratos e garantir um transporte seguro.\",\"breadcrumb\":{\"@id\":\"https:\/\/www.csj-emballages.com\/pt-pt\/produit\/25-tampas-para-tabuleiros-de-luxo-para-levar-com-5-compartimentos-pl5cluxen\/#breadcrumb\"},\"inLanguage\":\"pt-PT\",\"potentialAction\":[{\"@type\":\"ReadAction\",\"target\":[\"https:\/\/www.csj-emballages.com\/pt-pt\/produit\/25-tampas-para-tabuleiros-de-luxo-para-levar-com-5-compartimentos-pl5cluxen\/\"]}]},{\"@type\":\"ImageObject\",\"inLanguage\":\"pt-PT\",\"@id\":\"https:\/\/www.csj-emballages.com\/pt-pt\/produit\/25-tampas-para-tabuleiros-de-luxo-para-levar-com-5-compartimentos-pl5cluxen\/#primaryimage\",\"url\":\"https:\/\/www.csj-emballages.com\/wp-content\/uploads\/2024\/03\/COPL5CLUXEN.webp\",\"contentUrl\":\"https:\/\/www.csj-emballages.com\/wp-content\/uploads\/2024\/03\/COPL5CLUXEN.webp\",\"width\":800,\"height\":800,\"caption\":\"Couvercle pour plateau repas\"},{\"@type\":\"BreadcrumbList\",\"@id\":\"https:\/\/www.csj-emballages.com\/pt-pt\/produit\/25-tampas-para-tabuleiros-de-luxo-para-levar-com-5-compartimentos-pl5cluxen\/#breadcrumb\",\"itemListElement\":[{\"@type\":\"ListItem\",\"position\":1,\"name\":\"Acolhimento\",\"item\":\"https:\/\/www.csj-emballages.com\/pt-pt\/universo-das-embalagens-alimentares\/\"},{\"@type\":\"ListItem\",\"position\":2,\"name\":\"Shop\",\"item\":\"https:\/\/www.csj-emballages.com\/shop\/\"},{\"@type\":\"ListItem\",\"position\":3,\"name\":\"PL5CLUXEN\u00a0\u00bb tampa do tabuleiro de refei\u00e7\u00f5es, 25 unidades\"}]},{\"@type\":\"WebSite\",\"@id\":\"https:\/\/www.csj-emballages.com\/pt-pt\/#website\",\"url\":\"https:\/\/www.csj-emballages.com\/pt-pt\/\",\"name\":\"CSJ Emballages\",\"description\":\"\",\"publisher\":{\"@id\":\"https:\/\/www.csj-emballages.com\/pt-pt\/#organization\"},\"potentialAction\":[{\"@type\":\"SearchAction\",\"target\":{\"@type\":\"EntryPoint\",\"urlTemplate\":\"https:\/\/www.csj-emballages.com\/pt-pt\/?s={search_term_string}\"},\"query-input\":{\"@type\":\"PropertyValueSpecification\",\"valueRequired\":true,\"valueName\":\"search_term_string\"}}],\"inLanguage\":\"pt-PT\"},{\"@type\":\"Organization\",\"@id\":\"https:\/\/www.csj-emballages.com\/pt-pt\/#Organization\/\",\"name\":\"CSJ Emballages\",\"url\":\"https:\/\/www.csj-emballages.com\/pt-pt\/\",\"logo\":{\"@type\":\"ImageObject\",\"inLanguage\":\"pt-PT\",\"@id\":\"https:\/\/www.csj-emballages.com\/pt-pt\/#\/schema\/logo\/image\/\",\"url\":\"https:\/\/www.csj-emballages.com\/wp-content\/uploads\/2023\/10\/logo_csj.webp\",\"contentUrl\":\"https:\/\/www.csj-emballages.com\/wp-content\/uploads\/2023\/10\/logo_csj.webp\",\"width\":250,\"height\":95,\"caption\":\"CSJ Emballages\"},\"image\":{\"@id\":\"https:\/\/www.csj-emballages.com\/pt-pt\/#\/schema\/logo\/image\/\"},\"sameAs\":[\"https:\/\/www.facebook.com\/csjemballages\"],\"address\":{\"@type\":\"PostalAddress\",\"streetAddress\":\"ZI La Lechere\",\"addressLocality\":\"Patornay\",\"postalCode\":\"39130\",\"addressCountry\":\"FR\"},\"contactPoint\":[{\"@type\":\"ContactPoint\",\"contactType\":\"Service client\",\"telephone\":\"0384254272\",\"email\":\"contact@csj-emballages.com\"}]}]}<\/script>\n<!-- \/ Yoast SEO Premium plugin. -->","yoast_head_json":{"title":"PL5CLUXEN\" tampa do tabuleiro de refei\u00e7\u00f5es, 25 pe\u00e7as","description":"Tampa para tabuleiro de refei\u00e7\u00e3o PL5CLUXEN, 25 unidades: pr\u00e1tica, resistente e transparente para proteger os seus pratos e garantir um transporte seguro.","robots":{"index":"index","follow":"follow","max-snippet":"max-snippet:-1","max-image-preview":"max-image-preview:large","max-video-preview":"max-video-preview:-1"},"canonical":"https:\/\/www.csj-emballages.com\/pt-pt\/produit\/25-tampas-para-tabuleiros-de-luxo-para-levar-com-5-compartimentos-pl5cluxen\/","og_locale":"pt_PT","og_type":"article","og_title":"PL5CLUXEN\" tampa do tabuleiro de refei\u00e7\u00f5es, 25 unidades","og_description":"Tampa para tabuleiro de refei\u00e7\u00e3o PL5CLUXEN, 25 unidades: pr\u00e1tica, resistente e transparente para proteger os seus pratos e garantir um transporte seguro.","og_url":"https:\/\/www.csj-emballages.com\/pt-pt\/produit\/25-tampas-para-tabuleiros-de-luxo-para-levar-com-5-compartimentos-pl5cluxen\/","og_site_name":"CSJ Emballages","article_publisher":"https:\/\/www.facebook.com\/csjemballages","article_modified_time":"2026-03-17T01:13:20+00:00","og_image":[{"width":800,"height":800,"url":"https:\/\/www.csj-emballages.com\/wp-content\/uploads\/2024\/03\/COPL5CLUXEN.webp","type":"image\/webp"}],"twitter_card":"summary_large_image","twitter_misc":{"Tempo estimado de leitura":"2 minutos"},"schema":{"@context":"https:\/\/schema.org","@graph":[{"@type":"WebPage","@id":"https:\/\/www.csj-emballages.com\/pt-pt\/produit\/25-tampas-para-tabuleiros-de-luxo-para-levar-com-5-compartimentos-pl5cluxen\/","url":"https:\/\/www.csj-emballages.com\/pt-pt\/produit\/25-tampas-para-tabuleiros-de-luxo-para-levar-com-5-compartimentos-pl5cluxen\/","name":"PL5CLUXEN\" tampa do tabuleiro de refei\u00e7\u00f5es, 25 pe\u00e7as","isPartOf":{"@id":"https:\/\/www.csj-emballages.com\/pt-pt\/#website"},"primaryImageOfPage":{"@id":"https:\/\/www.csj-emballages.com\/pt-pt\/produit\/25-tampas-para-tabuleiros-de-luxo-para-levar-com-5-compartimentos-pl5cluxen\/#primaryimage"},"image":{"@id":"https:\/\/www.csj-emballages.com\/pt-pt\/produit\/25-tampas-para-tabuleiros-de-luxo-para-levar-com-5-compartimentos-pl5cluxen\/#primaryimage"},"thumbnailUrl":"https:\/\/www.csj-emballages.com\/wp-content\/uploads\/2024\/03\/COPL5CLUXEN.webp","datePublished":"2024-03-01T15:54:45+00:00","dateModified":"2026-03-17T01:13:20+00:00","description":"Tampa para tabuleiro de refei\u00e7\u00e3o PL5CLUXEN, 25 unidades: pr\u00e1tica, resistente e transparente para proteger os seus pratos e garantir um transporte seguro.","breadcrumb":{"@id":"https:\/\/www.csj-emballages.com\/pt-pt\/produit\/25-tampas-para-tabuleiros-de-luxo-para-levar-com-5-compartimentos-pl5cluxen\/#breadcrumb"},"inLanguage":"pt-PT","potentialAction":[{"@type":"ReadAction","target":["https:\/\/www.csj-emballages.com\/pt-pt\/produit\/25-tampas-para-tabuleiros-de-luxo-para-levar-com-5-compartimentos-pl5cluxen\/"]}]},{"@type":"ImageObject","inLanguage":"pt-PT","@id":"https:\/\/www.csj-emballages.com\/pt-pt\/produit\/25-tampas-para-tabuleiros-de-luxo-para-levar-com-5-compartimentos-pl5cluxen\/#primaryimage","url":"https:\/\/www.csj-emballages.com\/wp-content\/uploads\/2024\/03\/COPL5CLUXEN.webp","contentUrl":"https:\/\/www.csj-emballages.com\/wp-content\/uploads\/2024\/03\/COPL5CLUXEN.webp","width":800,"height":800,"caption":"Couvercle pour plateau repas"},{"@type":"BreadcrumbList","@id":"https:\/\/www.csj-emballages.com\/pt-pt\/produit\/25-tampas-para-tabuleiros-de-luxo-para-levar-com-5-compartimentos-pl5cluxen\/#breadcrumb","itemListElement":[{"@type":"ListItem","position":1,"name":"Acolhimento","item":"https:\/\/www.csj-emballages.com\/pt-pt\/universo-das-embalagens-alimentares\/"},{"@type":"ListItem","position":2,"name":"Shop","item":"https:\/\/www.csj-emballages.com\/shop\/"},{"@type":"ListItem","position":3,"name":"PL5CLUXEN\u00a0\u00bb tampa do tabuleiro de refei\u00e7\u00f5es, 25 unidades"}]},{"@type":"WebSite","@id":"https:\/\/www.csj-emballages.com\/pt-pt\/#website","url":"https:\/\/www.csj-emballages.com\/pt-pt\/","name":"CSJ Emballages","description":"","publisher":{"@id":"https:\/\/www.csj-emballages.com\/pt-pt\/#organization"},"potentialAction":[{"@type":"SearchAction","target":{"@type":"EntryPoint","urlTemplate":"https:\/\/www.csj-emballages.com\/pt-pt\/?s={search_term_string}"},"query-input":{"@type":"PropertyValueSpecification","valueRequired":true,"valueName":"search_term_string"}}],"inLanguage":"pt-PT"},{"@type":"Organization","@id":"https:\/\/www.csj-emballages.com\/pt-pt\/#Organization\/","name":"CSJ Emballages","url":"https:\/\/www.csj-emballages.com\/pt-pt\/","logo":{"@type":"ImageObject","inLanguage":"pt-PT","@id":"https:\/\/www.csj-emballages.com\/pt-pt\/#\/schema\/logo\/image\/","url":"https:\/\/www.csj-emballages.com\/wp-content\/uploads\/2023\/10\/logo_csj.webp","contentUrl":"https:\/\/www.csj-emballages.com\/wp-content\/uploads\/2023\/10\/logo_csj.webp","width":250,"height":95,"caption":"CSJ Emballages"},"image":{"@id":"https:\/\/www.csj-emballages.com\/pt-pt\/#\/schema\/logo\/image\/"},"sameAs":["https:\/\/www.facebook.com\/csjemballages"],"address":{"@type":"PostalAddress","streetAddress":"ZI La Lechere","addressLocality":"Patornay","postalCode":"39130","addressCountry":"FR"},"contactPoint":[{"@type":"ContactPoint","contactType":"Service client","telephone":"0384254272","email":"contact@csj-emballages.com"}]}]}},"df_price":18.42,"df_sale_price":"","df_regular_price":18.42,"df_image_link":"https:\/\/www.csj-emballages.com\/wp-content\/uploads\/2024\/03\/COPL5CLUXEN-300x300.webp","tiered_pricing_type":"fixed","tiered_pricing_fixed_rules":[],"tiered_pricing_percentage_rules":[],"tiered_pricing_minimum":1,"tiered_pricing_roles_data":[],"_links":{"self":[{"href":"https:\/\/www.csj-emballages.com\/pt-pt\/wp-json\/wp\/v2\/product\/20266","targetHints":{"allow":["GET"]}}],"collection":[{"href":"https:\/\/www.csj-emballages.com\/pt-pt\/wp-json\/wp\/v2\/product"}],"about":[{"href":"https:\/\/www.csj-emballages.com\/pt-pt\/wp-json\/wp\/v2\/types\/product"}],"wp:featuredmedia":[{"embeddable":true,"href":"https:\/\/www.csj-emballages.com\/pt-pt\/wp-json\/wp\/v2\/media\/241286"}],"wp:attachment":[{"href":"https:\/\/www.csj-emballages.com\/pt-pt\/wp-json\/wp\/v2\/media?parent=20266"}],"wp:term":[{"taxonomy":"product_brand","embeddable":true,"href":"https:\/\/www.csj-emballages.com\/pt-pt\/wp-json\/wp\/v2\/product_brand?post=20266"},{"taxonomy":"product_cat","embeddable":true,"href":"https:\/\/www.csj-emballages.com\/pt-pt\/wp-json\/wp\/v2\/product_cat?post=20266"},{"taxonomy":"product_tag","embeddable":true,"href":"https:\/\/www.csj-emballages.com\/pt-pt\/wp-json\/wp\/v2\/product_tag?post=20266"}],"curies":[{"name":"wp","href":"https:\/\/api.w.org\/{rel}","templated":true}]}}