{"id":20228,"date":"2024-03-01T16:54:49","date_gmt":"2024-03-01T15:54:49","guid":{"rendered":"https:\/\/u15jnbdpoq.preview.infomaniak.website\/produit\/100-tabuleiros-de-aluminio-descartaveis-com-tampa-460ml\/"},"modified":"2026-04-05T02:10:36","modified_gmt":"2026-04-05T00:10:36","slug":"100-tabuleiros-de-aluminio-descartaveis-com-tampa-460ml","status":"publish","type":"product","link":"https:\/\/www.csj-emballages.com\/pt-pt\/produit\/100-tabuleiros-de-aluminio-descartaveis-com-tampa-460ml\/","title":{"rendered":"Tabuleiro de alum\u00ednio com tampa 430 ml por 100"},"content":{"rendered":"<h2 class=\"p1\">Tabuleiro de alum\u00ednio<\/h2>\n<hr>\n<h3>Descri\u00e7\u00e3o do nosso tabuleiro de alum\u00ednio com tampa 430 ml por 100<\/h3>\n<p><!--more--><\/p>\n<p data-start=\"78\" data-end=\"547\">Ideal para <strong data-start=\"94\" data-end=\"138\">empresas de catering, restaurantes e particulares<\/strong>, este <strong>tabuleiro de alum\u00ednio<\/strong> com <strong data-start=\"174\" data-end=\"199\">tampa sel\u00e1vel<\/strong> garante uma conserva\u00e7\u00e3o \u00f3ptima e um transporte seguro dos seus pratos. Com a sua capacidade de <strong data-start=\"290\" data-end=\"300\">430 ml<\/strong>, \u00e9 perfeito para embalar por\u00e7\u00f5es individuais de pratos quentes ou frios. Concebido para uso profissional e dom\u00e9stico, este <strong>tabuleiro de alum\u00ednio<\/strong> \u00e9 resistente a altas temperaturas, pelo que pode reaquecer os pratos diretamente num forno convencional. O seu material em alum\u00ednio proporciona <strong data-start=\"770\" data-end=\"804\">um excelente isolamento t\u00e9rmico<\/strong>, mantendo os alimentos \u00e0 temperatura correta durante mais tempo.   <\/p>\n<p data-start=\"864\" data-end=\"1147\">Al\u00e9m disso, com a sua <strong data-start=\"873\" data-end=\"898\">tampa sel\u00e1vel<\/strong>, este <strong>tabuleiro<\/strong> garante uma higiene impec\u00e1vel e uma dura\u00e7\u00e3o de conserva\u00e7\u00e3o mais longa, o que o torna ideal para a venda de refei\u00e7\u00f5es para levar ou para a entrega de refei\u00e7\u00f5es. Em suma, responde \u00e0s necessidades dos profissionais que procuram uma embalagem pr\u00e1tica, robusta e atractiva. <\/p>\n<p data-start=\"864\" data-end=\"1147\">\n<p data-start=\"864\" data-end=\"1147\"><!--more--><\/p>\n<p data-start=\"864\" data-end=\"1147\"><span style=\"color: #ff0000;\"><strong>*As tampas s\u00f3 podem ser utilizadas \u00e0 temperatura ambiente, no frigor\u00edfico ou no congelador. N\u00e3o s\u00e3o adequadas para utiliza\u00e7\u00e3o em fornos convencionais ou micro-ondas. <\/strong><\/span><\/p>\n<p><!--more--><\/p>\n<h4>Vantagens :<\/h4>\n<ul>\n<li data-start=\"1178\" data-end=\"1264\">Impede fugas e assegura uma conserva\u00e7\u00e3o \u00f3tima.<\/li>\n<li data-start=\"1265\" data-end=\"1330\">Compat\u00edvel com pratos quentes e frios.<\/li>\n<li data-start=\"1265\" data-end=\"1330\">Pode ir ao forno e ser armazenado no frigor\u00edfico.<\/li>\n<li data-start=\"1425\" data-end=\"1499\">Assegura o transporte das refei\u00e7\u00f5es.<\/li>\n<li data-start=\"1500\" data-end=\"1572\">430 ml, perfeita para por\u00e7\u00f5es individuais.<\/li>\n<\/ul>\n<p>&nbsp;<\/p>\n<p><!--more--><\/p>\n<h4>Outras informa\u00e7\u00f5es :<\/h4>\n<ul>\n<li><strong>Embalagem<\/strong>: Pacote de 100<\/li>\n<li><strong>Dimens\u00f5es<\/strong>: 146 x 121 x 40 mm<\/li>\n<li><strong>Volume<\/strong>: 430 ml<\/li>\n<li><strong>Material<\/strong>: Alum\u00ednio<\/li>\n<li><strong>Gama de temperaturas<\/strong>: -40\u00b0C \/ +350\u00b0C (tabuleiro)<\/li>\n<\/ul>\n<p>&nbsp;<\/p>\n<p><!--more--><\/p>\n<p>Este produto tamb\u00e9m est\u00e1 dispon\u00edvel em v\u00e1rios tamanhos:<span style=\"color: #d12727;\"> <span style=\"color: #d12727;\"><a style=\"color: #d12727;\" href=\"https:\/\/www.csj-emballages.com\/produit\/100-barquettes-jetables-aluminium-avec-couvercles-operculables-685ml\/\">685 ml<\/a><\/span> <span style=\"color: #000000;\">\/<\/span> <span style=\"color: #d12727;\"><a style=\"color: #d12727;\" href=\"https:\/\/www.csj-emballages.com\/produit\/100-barquettes-jetables-aluminium-avec-couvercles-operculables-930ml\/\">1000 ml<\/a><\/span> <span style=\"color: #000000;\">\/<\/span> <span style=\"color: #d12727;\"><a style=\"color: #d12727;\" href=\"https:\/\/www.csj-emballages.com\/produit\/100-barquettes-jetables-aluminium-avec-couvercles-operculables-1500ml\/\">1500 ml<\/a><\/span><\/span><\/p>\n<p>&nbsp;<\/p>\n<p><!--more--><\/p>\n<p><a href=\"https:\/\/www.csj-emballages.com\/pt-pt\/categorie-produit\/embalagem-de-alimentos\/talho-e-charcutaria\/tabuleiros-latas-e-frascos\/tabuleiros-de-aluminio-pratos-formas-tabuleiros-de-refeicao-copos-ramequins-empadas-de-carne\/tabuleiros-selaveis\/\">Ver o resto da nossa gama de tabuleiros de alum\u00ednio com tampa<\/a><\/p>\n","protected":false},"excerpt":{"rendered":"<p>Tabuleiro de alum\u00ednio Descri\u00e7\u00e3o do nosso tabuleiro de alum\u00ednio com tampa 430 ml por 100<\/p>\n","protected":false},"featured_media":227855,"template":"","meta":{"_acf_changed":false},"product_brand":[],"product_cat":[1141,1176,2001,2181],"product_tag":[],"class_list":{"0":"post-20228","1":"product","2":"type-product","3":"status-publish","4":"has-post-thumbnail","6":"product_cat-embalagem-de-alimentos","7":"product_cat-talho-e-charcutaria","8":"product_cat-tabuleiros-de-aluminio-pratos-formas-tabuleiros-de-refeicao-copos-ramequins-empadas-de-carne","9":"product_cat-tabuleiros-selaveis","11":"first","12":"instock","13":"taxable","14":"shipping-taxable","15":"purchasable","16":"product-type-simple"},"acf":[],"yoast_head":"<!-- This site is optimized with the Yoast SEO Premium plugin v26.6 (Yoast SEO v26.6) - https:\/\/yoast.com\/wordpress\/plugins\/seo\/ -->\n<title>Tabuleiro de alum\u00ednio com tampa 430 ml por 100<\/title>\n<meta name=\"description\" content=\"Bandeja de alum\u00ednio de 430 ml com tampa sel\u00e1vel. Ideal para take-away, assegura um transporte seguro com a sua tampa sel\u00e1vel.\" \/>\n<meta name=\"robots\" content=\"index, follow, max-snippet:-1, max-image-preview:large, max-video-preview:-1\" \/>\n<link rel=\"canonical\" href=\"https:\/\/www.csj-emballages.com\/pt-pt\/produit\/100-tabuleiros-de-aluminio-descartaveis-com-tampa-460ml\/\" \/>\n<meta property=\"og:locale\" content=\"pt_PT\" \/>\n<meta property=\"og:type\" content=\"article\" \/>\n<meta property=\"og:title\" content=\"Tabuleiro de alum\u00ednio com tampa 430 ml por 100\" \/>\n<meta property=\"og:description\" content=\"Bandeja de alum\u00ednio de 430 ml com tampa sel\u00e1vel. Ideal para take-away, assegura um transporte seguro com a sua tampa sel\u00e1vel.\" \/>\n<meta property=\"og:url\" content=\"https:\/\/www.csj-emballages.com\/pt-pt\/produit\/100-tabuleiros-de-aluminio-descartaveis-com-tampa-460ml\/\" \/>\n<meta property=\"og:site_name\" content=\"CSJ Emballages\" \/>\n<meta property=\"article:publisher\" content=\"https:\/\/www.facebook.com\/csjemballages\" \/>\n<meta property=\"article:modified_time\" content=\"2026-04-05T00:10:36+00:00\" \/>\n<meta property=\"og:image\" content=\"https:\/\/www.csj-emballages.com\/wp-content\/uploads\/2024\/03\/COMBO.webp\" \/>\n\t<meta property=\"og:image:width\" content=\"800\" \/>\n\t<meta property=\"og:image:height\" content=\"800\" \/>\n\t<meta property=\"og:image:type\" content=\"image\/jpeg\" \/>\n<meta name=\"twitter:card\" content=\"summary_large_image\" \/>\n<meta name=\"twitter:label1\" content=\"Tempo estimado de leitura\" \/>\n\t<meta name=\"twitter:data1\" content=\"1 minuto\" \/>\n<script type=\"application\/ld+json\" class=\"yoast-schema-graph\">{\"@context\":\"https:\/\/schema.org\",\"@graph\":[{\"@type\":\"WebPage\",\"@id\":\"https:\/\/www.csj-emballages.com\/pt-pt\/produit\/100-tabuleiros-de-aluminio-descartaveis-com-tampa-460ml\/\",\"url\":\"https:\/\/www.csj-emballages.com\/pt-pt\/produit\/100-tabuleiros-de-aluminio-descartaveis-com-tampa-460ml\/\",\"name\":\"Tabuleiro de alum\u00ednio com tampa 430 ml por 100\",\"isPartOf\":{\"@id\":\"https:\/\/www.csj-emballages.com\/pt-pt\/#website\"},\"primaryImageOfPage\":{\"@id\":\"https:\/\/www.csj-emballages.com\/pt-pt\/produit\/100-tabuleiros-de-aluminio-descartaveis-com-tampa-460ml\/#primaryimage\"},\"image\":{\"@id\":\"https:\/\/www.csj-emballages.com\/pt-pt\/produit\/100-tabuleiros-de-aluminio-descartaveis-com-tampa-460ml\/#primaryimage\"},\"thumbnailUrl\":\"https:\/\/www.csj-emballages.com\/wp-content\/uploads\/2024\/03\/COMBO.webp\",\"datePublished\":\"2024-03-01T15:54:49+00:00\",\"dateModified\":\"2026-04-05T00:10:36+00:00\",\"description\":\"Bandeja de alum\u00ednio de 430 ml com tampa sel\u00e1vel. Ideal para take-away, assegura um transporte seguro com a sua tampa sel\u00e1vel.\",\"breadcrumb\":{\"@id\":\"https:\/\/www.csj-emballages.com\/pt-pt\/produit\/100-tabuleiros-de-aluminio-descartaveis-com-tampa-460ml\/#breadcrumb\"},\"inLanguage\":\"pt-PT\",\"potentialAction\":[{\"@type\":\"ReadAction\",\"target\":[\"https:\/\/www.csj-emballages.com\/pt-pt\/produit\/100-tabuleiros-de-aluminio-descartaveis-com-tampa-460ml\/\"]}]},{\"@type\":\"ImageObject\",\"inLanguage\":\"pt-PT\",\"@id\":\"https:\/\/www.csj-emballages.com\/pt-pt\/produit\/100-tabuleiros-de-aluminio-descartaveis-com-tampa-460ml\/#primaryimage\",\"url\":\"https:\/\/www.csj-emballages.com\/wp-content\/uploads\/2024\/03\/COMBO.webp\",\"contentUrl\":\"https:\/\/www.csj-emballages.com\/wp-content\/uploads\/2024\/03\/COMBO.webp\",\"width\":800,\"height\":800,\"caption\":\"Barquette aluminium\"},{\"@type\":\"BreadcrumbList\",\"@id\":\"https:\/\/www.csj-emballages.com\/pt-pt\/produit\/100-tabuleiros-de-aluminio-descartaveis-com-tampa-460ml\/#breadcrumb\",\"itemListElement\":[{\"@type\":\"ListItem\",\"position\":1,\"name\":\"Acolhimento\",\"item\":\"https:\/\/www.csj-emballages.com\/pt-pt\/universo-das-embalagens-alimentares\/\"},{\"@type\":\"ListItem\",\"position\":2,\"name\":\"Shop\",\"item\":\"https:\/\/www.csj-emballages.com\/shop\/\"},{\"@type\":\"ListItem\",\"position\":3,\"name\":\"Tabuleiro de alum\u00ednio com tampa 430 ml por 100\"}]},{\"@type\":\"WebSite\",\"@id\":\"https:\/\/www.csj-emballages.com\/pt-pt\/#website\",\"url\":\"https:\/\/www.csj-emballages.com\/pt-pt\/\",\"name\":\"CSJ Emballages\",\"description\":\"\",\"publisher\":{\"@id\":\"https:\/\/www.csj-emballages.com\/pt-pt\/#organization\"},\"potentialAction\":[{\"@type\":\"SearchAction\",\"target\":{\"@type\":\"EntryPoint\",\"urlTemplate\":\"https:\/\/www.csj-emballages.com\/pt-pt\/?s={search_term_string}\"},\"query-input\":{\"@type\":\"PropertyValueSpecification\",\"valueRequired\":true,\"valueName\":\"search_term_string\"}}],\"inLanguage\":\"pt-PT\"},{\"@type\":\"Organization\",\"@id\":\"https:\/\/www.csj-emballages.com\/pt-pt\/#Organization\/\",\"name\":\"CSJ Emballages\",\"url\":\"https:\/\/www.csj-emballages.com\/pt-pt\/\",\"logo\":{\"@type\":\"ImageObject\",\"inLanguage\":\"pt-PT\",\"@id\":\"https:\/\/www.csj-emballages.com\/pt-pt\/#\/schema\/logo\/image\/\",\"url\":\"https:\/\/www.csj-emballages.com\/wp-content\/uploads\/2023\/10\/logo_csj.webp\",\"contentUrl\":\"https:\/\/www.csj-emballages.com\/wp-content\/uploads\/2023\/10\/logo_csj.webp\",\"width\":250,\"height\":95,\"caption\":\"CSJ Emballages\"},\"image\":{\"@id\":\"https:\/\/www.csj-emballages.com\/pt-pt\/#\/schema\/logo\/image\/\"},\"sameAs\":[\"https:\/\/www.facebook.com\/csjemballages\"],\"address\":{\"@type\":\"PostalAddress\",\"streetAddress\":\"ZI La Lechere\",\"addressLocality\":\"Patornay\",\"postalCode\":\"39130\",\"addressCountry\":\"FR\"},\"contactPoint\":[{\"@type\":\"ContactPoint\",\"contactType\":\"Service client\",\"telephone\":\"0384254272\",\"email\":\"contact@csj-emballages.com\"}]}]}<\/script>\n<!-- \/ Yoast SEO Premium plugin. -->","yoast_head_json":{"title":"Tabuleiro de alum\u00ednio com tampa 430 ml por 100","description":"Bandeja de alum\u00ednio de 430 ml com tampa sel\u00e1vel. Ideal para take-away, assegura um transporte seguro com a sua tampa sel\u00e1vel.","robots":{"index":"index","follow":"follow","max-snippet":"max-snippet:-1","max-image-preview":"max-image-preview:large","max-video-preview":"max-video-preview:-1"},"canonical":"https:\/\/www.csj-emballages.com\/pt-pt\/produit\/100-tabuleiros-de-aluminio-descartaveis-com-tampa-460ml\/","og_locale":"pt_PT","og_type":"article","og_title":"Tabuleiro de alum\u00ednio com tampa 430 ml por 100","og_description":"Bandeja de alum\u00ednio de 430 ml com tampa sel\u00e1vel. Ideal para take-away, assegura um transporte seguro com a sua tampa sel\u00e1vel.","og_url":"https:\/\/www.csj-emballages.com\/pt-pt\/produit\/100-tabuleiros-de-aluminio-descartaveis-com-tampa-460ml\/","og_site_name":"CSJ Emballages","article_publisher":"https:\/\/www.facebook.com\/csjemballages","article_modified_time":"2026-04-05T00:10:36+00:00","og_image":[{"width":800,"height":800,"url":"https:\/\/www.csj-emballages.com\/wp-content\/uploads\/2024\/03\/COMBO.webp","type":"image\/jpeg"}],"twitter_card":"summary_large_image","twitter_misc":{"Tempo estimado de leitura":"1 minuto"},"schema":{"@context":"https:\/\/schema.org","@graph":[{"@type":"WebPage","@id":"https:\/\/www.csj-emballages.com\/pt-pt\/produit\/100-tabuleiros-de-aluminio-descartaveis-com-tampa-460ml\/","url":"https:\/\/www.csj-emballages.com\/pt-pt\/produit\/100-tabuleiros-de-aluminio-descartaveis-com-tampa-460ml\/","name":"Tabuleiro de alum\u00ednio com tampa 430 ml por 100","isPartOf":{"@id":"https:\/\/www.csj-emballages.com\/pt-pt\/#website"},"primaryImageOfPage":{"@id":"https:\/\/www.csj-emballages.com\/pt-pt\/produit\/100-tabuleiros-de-aluminio-descartaveis-com-tampa-460ml\/#primaryimage"},"image":{"@id":"https:\/\/www.csj-emballages.com\/pt-pt\/produit\/100-tabuleiros-de-aluminio-descartaveis-com-tampa-460ml\/#primaryimage"},"thumbnailUrl":"https:\/\/www.csj-emballages.com\/wp-content\/uploads\/2024\/03\/COMBO.webp","datePublished":"2024-03-01T15:54:49+00:00","dateModified":"2026-04-05T00:10:36+00:00","description":"Bandeja de alum\u00ednio de 430 ml com tampa sel\u00e1vel. Ideal para take-away, assegura um transporte seguro com a sua tampa sel\u00e1vel.","breadcrumb":{"@id":"https:\/\/www.csj-emballages.com\/pt-pt\/produit\/100-tabuleiros-de-aluminio-descartaveis-com-tampa-460ml\/#breadcrumb"},"inLanguage":"pt-PT","potentialAction":[{"@type":"ReadAction","target":["https:\/\/www.csj-emballages.com\/pt-pt\/produit\/100-tabuleiros-de-aluminio-descartaveis-com-tampa-460ml\/"]}]},{"@type":"ImageObject","inLanguage":"pt-PT","@id":"https:\/\/www.csj-emballages.com\/pt-pt\/produit\/100-tabuleiros-de-aluminio-descartaveis-com-tampa-460ml\/#primaryimage","url":"https:\/\/www.csj-emballages.com\/wp-content\/uploads\/2024\/03\/COMBO.webp","contentUrl":"https:\/\/www.csj-emballages.com\/wp-content\/uploads\/2024\/03\/COMBO.webp","width":800,"height":800,"caption":"Barquette aluminium"},{"@type":"BreadcrumbList","@id":"https:\/\/www.csj-emballages.com\/pt-pt\/produit\/100-tabuleiros-de-aluminio-descartaveis-com-tampa-460ml\/#breadcrumb","itemListElement":[{"@type":"ListItem","position":1,"name":"Acolhimento","item":"https:\/\/www.csj-emballages.com\/pt-pt\/universo-das-embalagens-alimentares\/"},{"@type":"ListItem","position":2,"name":"Shop","item":"https:\/\/www.csj-emballages.com\/shop\/"},{"@type":"ListItem","position":3,"name":"Tabuleiro de alum\u00ednio com tampa 430 ml por 100"}]},{"@type":"WebSite","@id":"https:\/\/www.csj-emballages.com\/pt-pt\/#website","url":"https:\/\/www.csj-emballages.com\/pt-pt\/","name":"CSJ Emballages","description":"","publisher":{"@id":"https:\/\/www.csj-emballages.com\/pt-pt\/#organization"},"potentialAction":[{"@type":"SearchAction","target":{"@type":"EntryPoint","urlTemplate":"https:\/\/www.csj-emballages.com\/pt-pt\/?s={search_term_string}"},"query-input":{"@type":"PropertyValueSpecification","valueRequired":true,"valueName":"search_term_string"}}],"inLanguage":"pt-PT"},{"@type":"Organization","@id":"https:\/\/www.csj-emballages.com\/pt-pt\/#Organization\/","name":"CSJ Emballages","url":"https:\/\/www.csj-emballages.com\/pt-pt\/","logo":{"@type":"ImageObject","inLanguage":"pt-PT","@id":"https:\/\/www.csj-emballages.com\/pt-pt\/#\/schema\/logo\/image\/","url":"https:\/\/www.csj-emballages.com\/wp-content\/uploads\/2023\/10\/logo_csj.webp","contentUrl":"https:\/\/www.csj-emballages.com\/wp-content\/uploads\/2023\/10\/logo_csj.webp","width":250,"height":95,"caption":"CSJ Emballages"},"image":{"@id":"https:\/\/www.csj-emballages.com\/pt-pt\/#\/schema\/logo\/image\/"},"sameAs":["https:\/\/www.facebook.com\/csjemballages"],"address":{"@type":"PostalAddress","streetAddress":"ZI La Lechere","addressLocality":"Patornay","postalCode":"39130","addressCountry":"FR"},"contactPoint":[{"@type":"ContactPoint","contactType":"Service client","telephone":"0384254272","email":"contact@csj-emballages.com"}]}]}},"df_price":11.58,"df_sale_price":"","df_regular_price":11.58,"df_image_link":"https:\/\/www.csj-emballages.com\/wp-content\/uploads\/2024\/03\/COMBO-300x300.webp","tiered_pricing_type":"fixed","tiered_pricing_fixed_rules":[],"tiered_pricing_percentage_rules":[],"tiered_pricing_minimum":1,"tiered_pricing_roles_data":[],"_links":{"self":[{"href":"https:\/\/www.csj-emballages.com\/pt-pt\/wp-json\/wp\/v2\/product\/20228","targetHints":{"allow":["GET"]}}],"collection":[{"href":"https:\/\/www.csj-emballages.com\/pt-pt\/wp-json\/wp\/v2\/product"}],"about":[{"href":"https:\/\/www.csj-emballages.com\/pt-pt\/wp-json\/wp\/v2\/types\/product"}],"wp:featuredmedia":[{"embeddable":true,"href":"https:\/\/www.csj-emballages.com\/pt-pt\/wp-json\/wp\/v2\/media\/227855"}],"wp:attachment":[{"href":"https:\/\/www.csj-emballages.com\/pt-pt\/wp-json\/wp\/v2\/media?parent=20228"}],"wp:term":[{"taxonomy":"product_brand","embeddable":true,"href":"https:\/\/www.csj-emballages.com\/pt-pt\/wp-json\/wp\/v2\/product_brand?post=20228"},{"taxonomy":"product_cat","embeddable":true,"href":"https:\/\/www.csj-emballages.com\/pt-pt\/wp-json\/wp\/v2\/product_cat?post=20228"},{"taxonomy":"product_tag","embeddable":true,"href":"https:\/\/www.csj-emballages.com\/pt-pt\/wp-json\/wp\/v2\/product_tag?post=20228"}],"curies":[{"name":"wp","href":"https:\/\/api.w.org\/{rel}","templated":true}]}}