{"id":20225,"date":"2024-03-01T16:54:48","date_gmt":"2024-03-01T15:54:48","guid":{"rendered":"https:\/\/u15jnbdpoq.preview.infomaniak.website\/produit\/40-tabuleiros-para-micro-ondas-cookipack-2-compartimentos-pretos-675-415-ml-material-pp\/"},"modified":"2026-04-06T02:10:37","modified_gmt":"2026-04-06T00:10:37","slug":"40-tabuleiros-para-micro-ondas-cookipack-2-compartimentos-pretos-675-415-ml-material-pp","status":"publish","type":"product","link":"https:\/\/www.csj-emballages.com\/pt-pt\/produit\/40-tabuleiros-para-micro-ondas-cookipack-2-compartimentos-pretos-675-415-ml-material-pp\/","title":{"rendered":"Tabuleiro para micro-ondas COOKIPACK 2 compartimentos preto 675\/415 ml por 40"},"content":{"rendered":"<div>\n<div>\n<h2 style=\"font-family: Roboto, sans-serif;\">Tabuleiro para micro-ondas<\/h2>\n<hr>\n<h3 style=\"font-family: Roboto, sans-serif;\"><span style=\"font-weight: bold;\">Descobre o nosso tabuleiro para micro-ondas COOKIPACK 2 compartimentos, preto, 675\/415 ml, 40 unidades<\/span><\/h3>\n<p><!--more--><\/p>\n<p>O <strong>tabuleiro para micro-ondas<\/strong> <strong>COOKIPACK 2 compartimentos<\/strong> <strong>preto 675\/415 ml<\/strong> \u00e9 um produto pr\u00e1tico para o dia a dia. Concebido para reaquecer facilmente as refei\u00e7\u00f5es, \u00e9 ideal para refei\u00e7\u00f5es para levar ou refei\u00e7\u00f5es prontas. Para al\u00e9m da sua capacidade de <strong>1250<\/strong> ml, este <strong>tabuleiro de pl\u00e1stico<\/strong> \u00e9 dur\u00e1vel e adequado para utiliza\u00e7\u00e3o no micro-ondas. O seu tamanho torna-o ideal para grandes por\u00e7\u00f5es, com muito espa\u00e7o para uma variedade de pratos.   <\/p>\n<p>Cada <strong>tabuleiro preto<\/strong> \u00e9 fabricado em <strong>PP<\/strong> (polipropileno), o que o torna dur\u00e1vel e est\u00e1vel. S\u00e3o ideais para armazenar as tuas refei\u00e7\u00f5es em boas condi\u00e7\u00f5es, quer seja para uso pessoal ou para servi\u00e7os de fast-food. Gra\u00e7as \u00e0 sua cor <strong>preta<\/strong>, tamb\u00e9m d\u00e1 aos teus pratos uma apresenta\u00e7\u00e3o s\u00f3bria e elegante.  <\/p>\n<p>&nbsp;<\/p>\n<p><!--more--><\/p>\n<h4><strong>Tabuleiro COOKIPACK: Solu\u00e7\u00e3o eficiente para as refei\u00e7\u00f5es di\u00e1rias<\/strong><\/h4>\n<p>O <strong>tabuleiro para micro-ondas<\/strong> <strong>COOKIPACK<\/strong> <strong>preto de 1250<\/strong> ml \u00e9 uma solu\u00e7\u00e3o simples e eficaz para quem procura uma op\u00e7\u00e3o de arruma\u00e7\u00e3o pr\u00e1tica e funcional. Este modelo \u00e9 ideal para quem precisa de preparar ou reaquecer refei\u00e7\u00f5es rapidamente. Ao optar pelo <strong>tabuleiro de pl\u00e1stico<\/strong> <strong>COOKIPACK<\/strong>, escolhe um produto f\u00e1cil de utilizar e acess\u00edvel. Basta encher o <strong>tabuleiro preto<\/strong> com a sua refei\u00e7\u00e3o, coloc\u00e1-lo no <strong>micro-ondas<\/strong> e j\u00e1 est\u00e1. Al\u00e9m disso, \u00e9 suficientemente <strong>resistente<\/strong> para suportar o calor do <strong>micro-ondas<\/strong>, o que o torna pr\u00e1tico e fi\u00e1vel para o uso di\u00e1rio.    <\/p>\n<p>Em conclus\u00e3o, o <strong>tabuleiro para micro-ondas<\/strong> <strong>COOKIPACK 2 compartimentos<\/strong> <strong>preto 675\/415 ml<\/strong> \u00e9 a escolha ideal para quem procura um produto simples e eficaz. Quer seja para uso pessoal ou profissional, este <strong>tabuleiro de pl\u00e1stico<\/strong> ir\u00e1 satisfazer as tuas necessidades. <\/p>\n<p>&nbsp;<\/p>\n<\/div>\n<p><!--more--><\/p>\n<div>\n<p><strong><span style=\"color: #ff0000;\">*As tampas s\u00e3o vendidas separadamente<\/span><\/strong><\/p>\n<p>&nbsp;<\/p>\n<p><!--more--><\/p>\n<p style=\"margin: 0pt; font-family: Roboto, sans-serif;\"><span style=\"color: #d12727;\"><a style=\"color: #d12727;\" href=\"https:\/\/www.csj-emballages.com\/pt-pt\/produit\/20-tampas-translucidas-para-tabuleiros-descartaveis-de-2-compartimentos-675-415-ml\/\">Clica aqui para encontrar a tampa concebida para este tabuleiro<\/a><\/span><\/p>\n<p>&nbsp;<\/p>\n<p><!--more--><\/p>\n<h4 style=\"margin: 0pt; font-family: Roboto, sans-serif;\">As suas vantagens:<\/h4>\n<ul>\n<li><strong>Pr\u00e1tico e f\u00e1cil de utilizar<\/strong>: enche o <strong>tabuleiro de pl\u00e1stico<\/strong> <strong>COOKIPACK<\/strong>, coloca-o no micro-ondas e obt\u00e9m um prato pronto a comer num instante.<\/li>\n<li><strong>Ideal para refei\u00e7\u00f5es individuais<\/strong>: Com uma capacidade de 675\/415 ml, este <strong>tabuleiro de pl\u00e1stico<\/strong> \u00e9 perfeito para por\u00e7\u00f5es individuais.<\/li>\n<li><strong>Adequado para micro-ondas<\/strong>: concebido para suportar as altas temperaturas dos micro-ondas.<\/li>\n<li><strong>Design pr\u00e1tico e elegante<\/strong>: A cor preta e o design s\u00f3brio do <strong>tabuleiro de pl\u00e1stico<\/strong> conferem-lhe um aspeto moderno e requintado.<\/li>\n<\/ul>\n<p>&nbsp;<\/p>\n<p style=\"margin: 0pt; font-family: Roboto, sans-serif;\"><!--more--><\/p>\n<h4>Outras informa\u00e7\u00f5es :<\/h4>\n<ul>\n<li><strong>Embalagem<\/strong>: Pacote de 40<\/li>\n<li><strong>Dimens\u00f5es<\/strong>: 255 x 190 x 45 (C x L x A em mm)<\/li>\n<li><strong>Volume<\/strong>: 1250 ml (675\/415 ml)<\/li>\n<li><strong>Material<\/strong>: PP (polipropileno)<\/li>\n<li><strong>Temperatura de funcionamento: <\/strong>0\u00b0C \/ +100\u00b0C<\/li>\n<\/ul>\n<h2><\/h2>\n<p><!--more--><\/p>\n<p><a href=\"https:\/\/www.csj-emballages.com\/pt-pt\/categorie-produit\/embalagem-de-alimentos\/talho-e-charcutaria\/tabuleiros-latas-e-frascos\/tabuleiros-latas-frascos-para-alimentos\/tabuleiros-para-micro-ondas-cookipack\/\">V\u00ea o resto da nossa gama de tabuleiros para micro-ondas<\/a><\/p>\n<\/div>\n<\/div>\n<p>&nbsp;<\/p>\n","protected":false},"excerpt":{"rendered":"<p>Tabuleiro para micro-ondas Descobre o nosso tabuleiro para micro-ondas COOKIPACK 2 compartimentos, preto, 675\/415 ml, 40 unidades<\/p>\n","protected":false},"featured_media":215344,"template":"","meta":{"_acf_changed":false},"product_brand":[],"product_cat":[1176,1525,2347],"product_tag":[],"class_list":{"0":"post-20225","1":"product","2":"type-product","3":"status-publish","4":"has-post-thumbnail","6":"product_cat-talho-e-charcutaria","7":"product_cat-tabuleiros-latas-frascos-para-alimentos","8":"product_cat-tabuleiros-para-micro-ondas-cookipack","10":"first","11":"instock","12":"taxable","13":"shipping-taxable","14":"purchasable","15":"product-type-simple"},"acf":[],"yoast_head":"<!-- This site is optimized with the Yoast SEO Premium plugin v26.6 (Yoast SEO v26.6) - https:\/\/yoast.com\/wordpress\/plugins\/seo\/ -->\n<title>Tabuleiro para micro-ondas COOKIPACK 2 compartimentos - 675\/415 ml<\/title>\n<meta name=\"description\" content=\"Descobre o tabuleiro para micro-ondas COOKIPACK 2 compartimentos preto 675\/415 ml, pr\u00e1tico e resistente. Ideal para preparar refei\u00e7\u00f5es em fam\u00edlia.\" \/>\n<meta name=\"robots\" content=\"index, follow, max-snippet:-1, max-image-preview:large, max-video-preview:-1\" \/>\n<link rel=\"canonical\" href=\"https:\/\/www.csj-emballages.com\/pt-pt\/produit\/40-tabuleiros-para-micro-ondas-cookipack-2-compartimentos-pretos-675-415-ml-material-pp\/\" \/>\n<meta property=\"og:locale\" content=\"pt_PT\" \/>\n<meta property=\"og:type\" content=\"article\" \/>\n<meta property=\"og:title\" content=\"Tabuleiro para micro-ondas COOKIPACK 2 compartimentos preto 675\/415 ml por 40\" \/>\n<meta property=\"og:description\" content=\"Descobre o tabuleiro para micro-ondas COOKIPACK 2 compartimentos preto 675\/415 ml, pr\u00e1tico e resistente. Ideal para preparar refei\u00e7\u00f5es em fam\u00edlia.\" \/>\n<meta property=\"og:url\" content=\"https:\/\/www.csj-emballages.com\/pt-pt\/produit\/40-tabuleiros-para-micro-ondas-cookipack-2-compartimentos-pretos-675-415-ml-material-pp\/\" \/>\n<meta property=\"og:site_name\" content=\"CSJ Emballages\" \/>\n<meta property=\"article:publisher\" content=\"https:\/\/www.facebook.com\/csjemballages\" \/>\n<meta property=\"article:modified_time\" content=\"2026-04-06T00:10:37+00:00\" \/>\n<meta property=\"og:image\" content=\"https:\/\/www.csj-emballages.com\/wp-content\/uploads\/2024\/03\/COOK1250N2C.webp\" \/>\n\t<meta property=\"og:image:width\" content=\"800\" \/>\n\t<meta property=\"og:image:height\" content=\"800\" \/>\n\t<meta property=\"og:image:type\" content=\"image\/webp\" \/>\n<meta name=\"twitter:card\" content=\"summary_large_image\" \/>\n<meta name=\"twitter:label1\" content=\"Tempo estimado de leitura\" \/>\n\t<meta name=\"twitter:data1\" content=\"2 minutos\" \/>\n<script type=\"application\/ld+json\" class=\"yoast-schema-graph\">{\"@context\":\"https:\/\/schema.org\",\"@graph\":[{\"@type\":\"WebPage\",\"@id\":\"https:\/\/www.csj-emballages.com\/pt-pt\/produit\/40-tabuleiros-para-micro-ondas-cookipack-2-compartimentos-pretos-675-415-ml-material-pp\/\",\"url\":\"https:\/\/www.csj-emballages.com\/pt-pt\/produit\/40-tabuleiros-para-micro-ondas-cookipack-2-compartimentos-pretos-675-415-ml-material-pp\/\",\"name\":\"Tabuleiro para micro-ondas COOKIPACK 2 compartimentos - 675\/415 ml\",\"isPartOf\":{\"@id\":\"https:\/\/www.csj-emballages.com\/pt-pt\/#website\"},\"primaryImageOfPage\":{\"@id\":\"https:\/\/www.csj-emballages.com\/pt-pt\/produit\/40-tabuleiros-para-micro-ondas-cookipack-2-compartimentos-pretos-675-415-ml-material-pp\/#primaryimage\"},\"image\":{\"@id\":\"https:\/\/www.csj-emballages.com\/pt-pt\/produit\/40-tabuleiros-para-micro-ondas-cookipack-2-compartimentos-pretos-675-415-ml-material-pp\/#primaryimage\"},\"thumbnailUrl\":\"https:\/\/www.csj-emballages.com\/wp-content\/uploads\/2024\/03\/COOK1250N2C.webp\",\"datePublished\":\"2024-03-01T15:54:48+00:00\",\"dateModified\":\"2026-04-06T00:10:37+00:00\",\"description\":\"Descobre o tabuleiro para micro-ondas COOKIPACK 2 compartimentos preto 675\/415 ml, pr\u00e1tico e resistente. Ideal para preparar refei\u00e7\u00f5es em fam\u00edlia.\",\"breadcrumb\":{\"@id\":\"https:\/\/www.csj-emballages.com\/pt-pt\/produit\/40-tabuleiros-para-micro-ondas-cookipack-2-compartimentos-pretos-675-415-ml-material-pp\/#breadcrumb\"},\"inLanguage\":\"pt-PT\",\"potentialAction\":[{\"@type\":\"ReadAction\",\"target\":[\"https:\/\/www.csj-emballages.com\/pt-pt\/produit\/40-tabuleiros-para-micro-ondas-cookipack-2-compartimentos-pretos-675-415-ml-material-pp\/\"]}]},{\"@type\":\"ImageObject\",\"inLanguage\":\"pt-PT\",\"@id\":\"https:\/\/www.csj-emballages.com\/pt-pt\/produit\/40-tabuleiros-para-micro-ondas-cookipack-2-compartimentos-pretos-675-415-ml-material-pp\/#primaryimage\",\"url\":\"https:\/\/www.csj-emballages.com\/wp-content\/uploads\/2024\/03\/COOK1250N2C.webp\",\"contentUrl\":\"https:\/\/www.csj-emballages.com\/wp-content\/uploads\/2024\/03\/COOK1250N2C.webp\",\"width\":800,\"height\":800,\"caption\":\"Barquette micro-ondes\"},{\"@type\":\"BreadcrumbList\",\"@id\":\"https:\/\/www.csj-emballages.com\/pt-pt\/produit\/40-tabuleiros-para-micro-ondas-cookipack-2-compartimentos-pretos-675-415-ml-material-pp\/#breadcrumb\",\"itemListElement\":[{\"@type\":\"ListItem\",\"position\":1,\"name\":\"Acolhimento\",\"item\":\"https:\/\/www.csj-emballages.com\/pt-pt\/universo-das-embalagens-alimentares\/\"},{\"@type\":\"ListItem\",\"position\":2,\"name\":\"Shop\",\"item\":\"https:\/\/www.csj-emballages.com\/shop\/\"},{\"@type\":\"ListItem\",\"position\":3,\"name\":\"Tabuleiro para micro-ondas COOKIPACK 2 compartimentos preto 675\/415 ml por 40\"}]},{\"@type\":\"WebSite\",\"@id\":\"https:\/\/www.csj-emballages.com\/pt-pt\/#website\",\"url\":\"https:\/\/www.csj-emballages.com\/pt-pt\/\",\"name\":\"CSJ Emballages\",\"description\":\"\",\"publisher\":{\"@id\":\"https:\/\/www.csj-emballages.com\/pt-pt\/#organization\"},\"potentialAction\":[{\"@type\":\"SearchAction\",\"target\":{\"@type\":\"EntryPoint\",\"urlTemplate\":\"https:\/\/www.csj-emballages.com\/pt-pt\/?s={search_term_string}\"},\"query-input\":{\"@type\":\"PropertyValueSpecification\",\"valueRequired\":true,\"valueName\":\"search_term_string\"}}],\"inLanguage\":\"pt-PT\"},{\"@type\":\"Organization\",\"@id\":\"https:\/\/www.csj-emballages.com\/pt-pt\/#Organization\/\",\"name\":\"CSJ Emballages\",\"url\":\"https:\/\/www.csj-emballages.com\/pt-pt\/\",\"logo\":{\"@type\":\"ImageObject\",\"inLanguage\":\"pt-PT\",\"@id\":\"https:\/\/www.csj-emballages.com\/pt-pt\/#\/schema\/logo\/image\/\",\"url\":\"https:\/\/www.csj-emballages.com\/wp-content\/uploads\/2023\/10\/logo_csj.webp\",\"contentUrl\":\"https:\/\/www.csj-emballages.com\/wp-content\/uploads\/2023\/10\/logo_csj.webp\",\"width\":250,\"height\":95,\"caption\":\"CSJ Emballages\"},\"image\":{\"@id\":\"https:\/\/www.csj-emballages.com\/pt-pt\/#\/schema\/logo\/image\/\"},\"sameAs\":[\"https:\/\/www.facebook.com\/csjemballages\"],\"address\":{\"@type\":\"PostalAddress\",\"streetAddress\":\"ZI La Lechere\",\"addressLocality\":\"Patornay\",\"postalCode\":\"39130\",\"addressCountry\":\"FR\"},\"contactPoint\":[{\"@type\":\"ContactPoint\",\"contactType\":\"Service client\",\"telephone\":\"0384254272\",\"email\":\"contact@csj-emballages.com\"}]}]}<\/script>\n<!-- \/ Yoast SEO Premium plugin. -->","yoast_head_json":{"title":"Tabuleiro para micro-ondas COOKIPACK 2 compartimentos - 675\/415 ml","description":"Descobre o tabuleiro para micro-ondas COOKIPACK 2 compartimentos preto 675\/415 ml, pr\u00e1tico e resistente. Ideal para preparar refei\u00e7\u00f5es em fam\u00edlia.","robots":{"index":"index","follow":"follow","max-snippet":"max-snippet:-1","max-image-preview":"max-image-preview:large","max-video-preview":"max-video-preview:-1"},"canonical":"https:\/\/www.csj-emballages.com\/pt-pt\/produit\/40-tabuleiros-para-micro-ondas-cookipack-2-compartimentos-pretos-675-415-ml-material-pp\/","og_locale":"pt_PT","og_type":"article","og_title":"Tabuleiro para micro-ondas COOKIPACK 2 compartimentos preto 675\/415 ml por 40","og_description":"Descobre o tabuleiro para micro-ondas COOKIPACK 2 compartimentos preto 675\/415 ml, pr\u00e1tico e resistente. Ideal para preparar refei\u00e7\u00f5es em fam\u00edlia.","og_url":"https:\/\/www.csj-emballages.com\/pt-pt\/produit\/40-tabuleiros-para-micro-ondas-cookipack-2-compartimentos-pretos-675-415-ml-material-pp\/","og_site_name":"CSJ Emballages","article_publisher":"https:\/\/www.facebook.com\/csjemballages","article_modified_time":"2026-04-06T00:10:37+00:00","og_image":[{"width":800,"height":800,"url":"https:\/\/www.csj-emballages.com\/wp-content\/uploads\/2024\/03\/COOK1250N2C.webp","type":"image\/webp"}],"twitter_card":"summary_large_image","twitter_misc":{"Tempo estimado de leitura":"2 minutos"},"schema":{"@context":"https:\/\/schema.org","@graph":[{"@type":"WebPage","@id":"https:\/\/www.csj-emballages.com\/pt-pt\/produit\/40-tabuleiros-para-micro-ondas-cookipack-2-compartimentos-pretos-675-415-ml-material-pp\/","url":"https:\/\/www.csj-emballages.com\/pt-pt\/produit\/40-tabuleiros-para-micro-ondas-cookipack-2-compartimentos-pretos-675-415-ml-material-pp\/","name":"Tabuleiro para micro-ondas COOKIPACK 2 compartimentos - 675\/415 ml","isPartOf":{"@id":"https:\/\/www.csj-emballages.com\/pt-pt\/#website"},"primaryImageOfPage":{"@id":"https:\/\/www.csj-emballages.com\/pt-pt\/produit\/40-tabuleiros-para-micro-ondas-cookipack-2-compartimentos-pretos-675-415-ml-material-pp\/#primaryimage"},"image":{"@id":"https:\/\/www.csj-emballages.com\/pt-pt\/produit\/40-tabuleiros-para-micro-ondas-cookipack-2-compartimentos-pretos-675-415-ml-material-pp\/#primaryimage"},"thumbnailUrl":"https:\/\/www.csj-emballages.com\/wp-content\/uploads\/2024\/03\/COOK1250N2C.webp","datePublished":"2024-03-01T15:54:48+00:00","dateModified":"2026-04-06T00:10:37+00:00","description":"Descobre o tabuleiro para micro-ondas COOKIPACK 2 compartimentos preto 675\/415 ml, pr\u00e1tico e resistente. Ideal para preparar refei\u00e7\u00f5es em fam\u00edlia.","breadcrumb":{"@id":"https:\/\/www.csj-emballages.com\/pt-pt\/produit\/40-tabuleiros-para-micro-ondas-cookipack-2-compartimentos-pretos-675-415-ml-material-pp\/#breadcrumb"},"inLanguage":"pt-PT","potentialAction":[{"@type":"ReadAction","target":["https:\/\/www.csj-emballages.com\/pt-pt\/produit\/40-tabuleiros-para-micro-ondas-cookipack-2-compartimentos-pretos-675-415-ml-material-pp\/"]}]},{"@type":"ImageObject","inLanguage":"pt-PT","@id":"https:\/\/www.csj-emballages.com\/pt-pt\/produit\/40-tabuleiros-para-micro-ondas-cookipack-2-compartimentos-pretos-675-415-ml-material-pp\/#primaryimage","url":"https:\/\/www.csj-emballages.com\/wp-content\/uploads\/2024\/03\/COOK1250N2C.webp","contentUrl":"https:\/\/www.csj-emballages.com\/wp-content\/uploads\/2024\/03\/COOK1250N2C.webp","width":800,"height":800,"caption":"Barquette micro-ondes"},{"@type":"BreadcrumbList","@id":"https:\/\/www.csj-emballages.com\/pt-pt\/produit\/40-tabuleiros-para-micro-ondas-cookipack-2-compartimentos-pretos-675-415-ml-material-pp\/#breadcrumb","itemListElement":[{"@type":"ListItem","position":1,"name":"Acolhimento","item":"https:\/\/www.csj-emballages.com\/pt-pt\/universo-das-embalagens-alimentares\/"},{"@type":"ListItem","position":2,"name":"Shop","item":"https:\/\/www.csj-emballages.com\/shop\/"},{"@type":"ListItem","position":3,"name":"Tabuleiro para micro-ondas COOKIPACK 2 compartimentos preto 675\/415 ml por 40"}]},{"@type":"WebSite","@id":"https:\/\/www.csj-emballages.com\/pt-pt\/#website","url":"https:\/\/www.csj-emballages.com\/pt-pt\/","name":"CSJ Emballages","description":"","publisher":{"@id":"https:\/\/www.csj-emballages.com\/pt-pt\/#organization"},"potentialAction":[{"@type":"SearchAction","target":{"@type":"EntryPoint","urlTemplate":"https:\/\/www.csj-emballages.com\/pt-pt\/?s={search_term_string}"},"query-input":{"@type":"PropertyValueSpecification","valueRequired":true,"valueName":"search_term_string"}}],"inLanguage":"pt-PT"},{"@type":"Organization","@id":"https:\/\/www.csj-emballages.com\/pt-pt\/#Organization\/","name":"CSJ Emballages","url":"https:\/\/www.csj-emballages.com\/pt-pt\/","logo":{"@type":"ImageObject","inLanguage":"pt-PT","@id":"https:\/\/www.csj-emballages.com\/pt-pt\/#\/schema\/logo\/image\/","url":"https:\/\/www.csj-emballages.com\/wp-content\/uploads\/2023\/10\/logo_csj.webp","contentUrl":"https:\/\/www.csj-emballages.com\/wp-content\/uploads\/2023\/10\/logo_csj.webp","width":250,"height":95,"caption":"CSJ Emballages"},"image":{"@id":"https:\/\/www.csj-emballages.com\/pt-pt\/#\/schema\/logo\/image\/"},"sameAs":["https:\/\/www.facebook.com\/csjemballages"],"address":{"@type":"PostalAddress","streetAddress":"ZI La Lechere","addressLocality":"Patornay","postalCode":"39130","addressCountry":"FR"},"contactPoint":[{"@type":"ContactPoint","contactType":"Service client","telephone":"0384254272","email":"contact@csj-emballages.com"}]}]}},"df_price":8.88,"df_sale_price":"","df_regular_price":8.88,"df_image_link":"https:\/\/www.csj-emballages.com\/wp-content\/uploads\/2024\/03\/COOK1250N2C-300x300.webp","tiered_pricing_type":"fixed","tiered_pricing_fixed_rules":[],"tiered_pricing_percentage_rules":[],"tiered_pricing_minimum":1,"tiered_pricing_roles_data":[],"_links":{"self":[{"href":"https:\/\/www.csj-emballages.com\/pt-pt\/wp-json\/wp\/v2\/product\/20225","targetHints":{"allow":["GET"]}}],"collection":[{"href":"https:\/\/www.csj-emballages.com\/pt-pt\/wp-json\/wp\/v2\/product"}],"about":[{"href":"https:\/\/www.csj-emballages.com\/pt-pt\/wp-json\/wp\/v2\/types\/product"}],"wp:featuredmedia":[{"embeddable":true,"href":"https:\/\/www.csj-emballages.com\/pt-pt\/wp-json\/wp\/v2\/media\/215344"}],"wp:attachment":[{"href":"https:\/\/www.csj-emballages.com\/pt-pt\/wp-json\/wp\/v2\/media?parent=20225"}],"wp:term":[{"taxonomy":"product_brand","embeddable":true,"href":"https:\/\/www.csj-emballages.com\/pt-pt\/wp-json\/wp\/v2\/product_brand?post=20225"},{"taxonomy":"product_cat","embeddable":true,"href":"https:\/\/www.csj-emballages.com\/pt-pt\/wp-json\/wp\/v2\/product_cat?post=20225"},{"taxonomy":"product_tag","embeddable":true,"href":"https:\/\/www.csj-emballages.com\/pt-pt\/wp-json\/wp\/v2\/product_tag?post=20225"}],"curies":[{"name":"wp","href":"https:\/\/api.w.org\/{rel}","templated":true}]}}