{"id":20183,"date":"2024-03-01T16:55:58","date_gmt":"2024-03-01T15:55:58","guid":{"rendered":"https:\/\/u15jnbdpoq.preview.infomaniak.website\/produit\/50-caixas-de-cartao-branco-para-pastelaria-14-x-6-cm\/"},"modified":"2026-04-02T11:00:32","modified_gmt":"2026-04-02T09:00:32","slug":"50-caixas-de-cartao-branco-para-pastelaria-14-x-6-cm","status":"publish","type":"product","link":"https:\/\/www.csj-emballages.com\/pt-pt\/produit\/50-caixas-de-cartao-branco-para-pastelaria-14-x-6-cm\/","title":{"rendered":"Caixa de cart\u00e3o branco para pastelaria 14 x 6 cm, 50 unidades"},"content":{"rendered":"<h2 class=\"ai-optimize-32\">Caixa de pastelaria<\/h2>\n<hr>\n<h3 class=\"ai-optimize-33\">Descri\u00e7\u00e3o da nossa caixa de cart\u00e3o branca para pastelaria, 14 x 6 cm, embalagem de 50<\/h3>\n<p><!--more--><\/p>\n<div class=\"flex-1 overflow-hidden\">\n<div class=\"h-full\">\n<div class=\"react-scroll-to-bottom--css-topht-79elbk h-full\">\n<div class=\"react-scroll-to-bottom--css-topht-1n7m0yu\">\n<div class=\"flex flex-col text-sm md:pb-9\">\n<article class=\"w-full text-token-text-primary focus-visible:outline-2 focus-visible:outline-offset-[-4px]\" dir=\"auto\" data-testid=\"conversation-turn-3\" data-scroll-anchor=\"true\">\n<div class=\"text-base py-[18px] px-3 md:px-4 m-auto w-full md:px-5 lg:px-1 xl:px-5\">\n<div class=\"mx-auto flex flex-1 gap-4 text-base md:gap-5 lg:gap-6 md:max-w-3xl lg:max-w-[40rem] xl:max-w-[48rem]\">\n<div class=\"group\/conversation-turn relative flex w-full min-w-0 flex-col agent-turn\">\n<div class=\"flex-col gap-1 md:gap-3\">\n<div class=\"flex max-w-full flex-col flex-grow\">\n<div class=\"min-h-[20px] text-message flex w-full flex-col items-end gap-2 whitespace-normal break-words [.text-message+&amp;]:mt-5\" dir=\"auto\" data-message-author-role=\"assistant\" data-message-id=\"9b3be93c-2125-4d4a-a54f-505a21bded71\">\n<div class=\"flex w-full flex-col gap-1 empty:hidden first:pt-[3px]\">\n<div class=\"markdown prose w-full break-words dark:prose-invert light\">\n<p class=\"ai-optimize-42 ai-optimize-introduction\" data-start=\"381\" data-end=\"723\">Quer seja um padeiro profissional, um fornecedor de refei\u00e7\u00f5es ou um amador apaixonado, esta <strong>caixa de pastelaria em cart\u00e3o branco de<\/strong> <strong>14 x 6 cm<\/strong> \u00e9 uma parte essencial da sua rotina di\u00e1ria. Simples, elegante e concebida para <strong data-start=\"589\" data-end=\"616\">valorizar as suas cria\u00e7\u00f5es<\/strong>, oferece uma solu\u00e7\u00e3o pr\u00e1tica e higi\u00e9nica para transportar e apresentar as suas sobremesas. <\/p>\n<p class=\"ai-optimize-43\" data-start=\"725\" data-end=\"1049\">Fabricado em <strong>cart\u00e3o<\/strong> r\u00edgido de qualidade alimentar, \u00e9 <strong data-start=\"785\" data-end=\"839\">perfeito para pastelaria individual<\/strong>, mignardises, fatias de bolo, pequenos entremets ou mesmo queijos finos. A sua <strong data-start=\"918\" data-end=\"937\">cor branca<\/strong> confere-lhe um aspeto profissional, destacando os seus produtos, sem redemoinhos ou imagens sup\u00e9rfluas. <\/p>\n<p class=\"ai-optimize-44\" data-start=\"1051\" data-end=\"1297\">O seu tamanho compacto <strong>(14 cm de comprimento<\/strong> e <strong>6 cm de altura)<\/strong> torna-a numa <strong>caixa de pastelaria<\/strong> muito <strong data-start=\"1129\" data-end=\"1144\">vers\u00e1til<\/strong>, ideal para pequenos formatos de takeaway. A sua <strong data-start=\"1192\" data-end=\"1214\">montagem \u00e9 r\u00e1pida<\/strong>, sem necessidade de cola, permitindo-lhe poupar tempo precioso na prepara\u00e7\u00e3o dos seus pratos. <\/p>\n<p class=\"ai-optimize-45\" data-start=\"1299\" data-end=\"1505\">Fornecida em <strong data-start=\"1310\" data-end=\"1330\">embalagens de 50 unidades<\/strong>, esta caixa responde \u00e0s exig\u00eancias dos volumes profissionais.<\/p>\n<p>&nbsp;<\/p>\n<p><!--more--><\/p>\n<\/div>\n<\/div>\n<\/div>\n<\/div>\n<\/div>\n<\/div>\n<\/div>\n<\/div>\n<\/article>\n<\/div>\n<\/div>\n<\/div>\n<\/div>\n<\/div>\n<div class=\"flex-1 overflow-hidden\">\n<div class=\"h-full\">\n<div class=\"react-scroll-to-bottom--css-topht-79elbk h-full\">\n<div class=\"react-scroll-to-bottom--css-topht-1n7m0yu\">\n<div class=\"flex flex-col text-sm md:pb-9\">\n<article class=\"w-full text-token-text-primary focus-visible:outline-2 focus-visible:outline-offset-[-4px]\" dir=\"auto\" data-testid=\"conversation-turn-3\" data-scroll-anchor=\"true\">\n<div class=\"text-base py-[18px] px-3 md:px-4 m-auto w-full md:px-5 lg:px-1 xl:px-5\">\n<div class=\"mx-auto flex flex-1 gap-4 text-base md:gap-5 lg:gap-6 md:max-w-3xl lg:max-w-[40rem] xl:max-w-[48rem]\">\n<div class=\"group\/conversation-turn relative flex w-full min-w-0 flex-col agent-turn\">\n<div class=\"flex-col gap-1 md:gap-3\">\n<div class=\"flex max-w-full flex-col flex-grow\">\n<div class=\"min-h-[20px] text-message flex w-full flex-col items-end gap-2 whitespace-normal break-words [.text-message+&amp;]:mt-5\" dir=\"auto\" data-message-author-role=\"assistant\" data-message-id=\"9b3be93c-2125-4d4a-a54f-505a21bded71\">\n<div class=\"flex w-full flex-col gap-1 empty:hidden first:pt-[3px]\">\n<div class=\"markdown prose w-full break-words dark:prose-invert light\">\n<p class=\"ai-optimize-35\">Pode utiliz\u00e1-los para v\u00e1rios tipos de pastelaria, bolos e pastelaria vienense.<\/p>\n<\/div>\n<\/div>\n<\/div>\n<\/div>\n<\/div>\n<\/div>\n<\/div>\n<\/div>\n<\/article>\n<\/div>\n<\/div>\n<\/div>\n<\/div>\n<\/div>\n<p>&nbsp;<\/p>\n<p><!--more--><\/p>\n<h4 class=\"ai-optimize-36\"><strong>As suas vantagens:<\/strong><\/h4>\n<ul>\n<li class=\"ai-optimize-37\"><strong>Formato compacto e pr\u00e1tico<\/strong>: perfeito para doses individuais.<\/li>\n<li class=\"ai-optimize-38\"><strong>Cart\u00e3o r\u00edgido de alta qualidade <\/strong>: mant\u00e9m-se firme, mesmo com produtos h\u00famidos.<\/li>\n<li class=\"ai-optimize-39\"><strong>Embalagem de 50 unidades<\/strong>: econ\u00f3mica e adequada para uma utiliza\u00e7\u00e3o regular.<\/li>\n<li class=\"ai-optimize-40\">Esta caixa de pastelaria \u00e9 r\u00e1pida e f\u00e1cil de montar.<\/li>\n<li class=\"ai-optimize-46\">Gra\u00e7as ao seu aspeto s\u00f3brio e profissional, valoriza todos os tipos de cria\u00e7\u00f5es.<\/li>\n<\/ul>\n<p>&nbsp;<\/p>\n<p><!--more--><\/p>\n<p class=\"ai-optimize-41\"><a href=\"https:\/\/www.csj-emballages.com\/pt-pt\/categorie-produit\/embalagem-de-alimentos\/padaria-e-pastelaria\/caixas-e-estojos\/caixas-de-pastelaria\/caixas-de-pastelaria-brancas\/\">V\u00ea o resto da nossa gama de caixas de pastelaria brancas<\/a><\/p>\n","protected":false},"excerpt":{"rendered":"<p>Caixa de pastelaria Descri\u00e7\u00e3o da nossa caixa de cart\u00e3o branca para pastelaria, 14 x 6 cm, embalagem de 50<\/p>\n","protected":false},"featured_media":237329,"template":"","meta":{"_acf_changed":false},"product_brand":[],"product_cat":[1141,1177,1258,2321],"product_tag":[],"class_list":{"0":"post-20183","1":"product","2":"type-product","3":"status-publish","4":"has-post-thumbnail","6":"product_cat-embalagem-de-alimentos","7":"product_cat-padaria-e-pastelaria","8":"product_cat-caixas-de-pastelaria","9":"product_cat-caixas-de-pastelaria-brancas","11":"first","12":"outofstock","13":"taxable","14":"shipping-taxable","15":"purchasable","16":"product-type-simple"},"acf":[],"yoast_head":"<!-- This site is optimized with the Yoast SEO Premium plugin v26.6 (Yoast SEO v26.6) - https:\/\/yoast.com\/wordpress\/plugins\/seo\/ -->\n<title>Caixa de pastelaria branca 14 x 6 cm<\/title>\n<meta name=\"description\" content=\"Caixa para pastelaria branca de 14 x 6 cm: protetora, recicl\u00e1vel, elegante e personaliz\u00e1vel. Ideal para transportar e armazenar os seus bolos!\" \/>\n<meta name=\"robots\" content=\"index, follow, max-snippet:-1, max-image-preview:large, max-video-preview:-1\" \/>\n<link rel=\"canonical\" href=\"https:\/\/www.csj-emballages.com\/pt-pt\/produit\/50-caixas-de-cartao-branco-para-pastelaria-14-x-6-cm\/\" \/>\n<meta property=\"og:locale\" content=\"pt_PT\" \/>\n<meta property=\"og:type\" content=\"article\" \/>\n<meta property=\"og:title\" content=\"Caixa de cart\u00e3o branco para pastelaria 14 x 6 cm, 50 unidades\" \/>\n<meta property=\"og:description\" content=\"Caixa para pastelaria branca de 14 x 6 cm: protetora, recicl\u00e1vel, elegante e personaliz\u00e1vel. Ideal para transportar e armazenar os seus bolos!\" \/>\n<meta property=\"og:url\" content=\"https:\/\/www.csj-emballages.com\/pt-pt\/produit\/50-caixas-de-cartao-branco-para-pastelaria-14-x-6-cm\/\" \/>\n<meta property=\"og:site_name\" content=\"CSJ Emballages\" \/>\n<meta property=\"article:publisher\" content=\"https:\/\/www.facebook.com\/csjemballages\" \/>\n<meta property=\"article:modified_time\" content=\"2026-04-02T09:00:32+00:00\" \/>\n<meta property=\"og:image\" content=\"https:\/\/www.csj-emballages.com\/wp-content\/uploads\/2025\/03\/Boite-patissiere.webp\" \/>\n\t<meta property=\"og:image:width\" content=\"800\" \/>\n\t<meta property=\"og:image:height\" content=\"800\" \/>\n\t<meta property=\"og:image:type\" content=\"image\/webp\" \/>\n<meta name=\"twitter:card\" content=\"summary_large_image\" \/>\n<meta name=\"twitter:label1\" content=\"Tempo estimado de leitura\" \/>\n\t<meta name=\"twitter:data1\" content=\"1 minuto\" \/>\n<script type=\"application\/ld+json\" class=\"yoast-schema-graph\">{\"@context\":\"https:\/\/schema.org\",\"@graph\":[{\"@type\":\"WebPage\",\"@id\":\"https:\/\/www.csj-emballages.com\/pt-pt\/produit\/50-caixas-de-cartao-branco-para-pastelaria-14-x-6-cm\/\",\"url\":\"https:\/\/www.csj-emballages.com\/pt-pt\/produit\/50-caixas-de-cartao-branco-para-pastelaria-14-x-6-cm\/\",\"name\":\"Caixa de pastelaria branca 14 x 6 cm\",\"isPartOf\":{\"@id\":\"https:\/\/www.csj-emballages.com\/pt-pt\/#website\"},\"primaryImageOfPage\":{\"@id\":\"https:\/\/www.csj-emballages.com\/pt-pt\/produit\/50-caixas-de-cartao-branco-para-pastelaria-14-x-6-cm\/#primaryimage\"},\"image\":{\"@id\":\"https:\/\/www.csj-emballages.com\/pt-pt\/produit\/50-caixas-de-cartao-branco-para-pastelaria-14-x-6-cm\/#primaryimage\"},\"thumbnailUrl\":\"https:\/\/www.csj-emballages.com\/wp-content\/uploads\/2025\/03\/Boite-patissiere.webp\",\"datePublished\":\"2024-03-01T15:55:58+00:00\",\"dateModified\":\"2026-04-02T09:00:32+00:00\",\"description\":\"Caixa para pastelaria branca de 14 x 6 cm: protetora, recicl\u00e1vel, elegante e personaliz\u00e1vel. Ideal para transportar e armazenar os seus bolos!\",\"breadcrumb\":{\"@id\":\"https:\/\/www.csj-emballages.com\/pt-pt\/produit\/50-caixas-de-cartao-branco-para-pastelaria-14-x-6-cm\/#breadcrumb\"},\"inLanguage\":\"pt-PT\",\"potentialAction\":[{\"@type\":\"ReadAction\",\"target\":[\"https:\/\/www.csj-emballages.com\/pt-pt\/produit\/50-caixas-de-cartao-branco-para-pastelaria-14-x-6-cm\/\"]}]},{\"@type\":\"ImageObject\",\"inLanguage\":\"pt-PT\",\"@id\":\"https:\/\/www.csj-emballages.com\/pt-pt\/produit\/50-caixas-de-cartao-branco-para-pastelaria-14-x-6-cm\/#primaryimage\",\"url\":\"https:\/\/www.csj-emballages.com\/wp-content\/uploads\/2025\/03\/Boite-patissiere.webp\",\"contentUrl\":\"https:\/\/www.csj-emballages.com\/wp-content\/uploads\/2025\/03\/Boite-patissiere.webp\",\"width\":800,\"height\":800,\"caption\":\"Boite p\u00e2tissi\u00e8re\"},{\"@type\":\"BreadcrumbList\",\"@id\":\"https:\/\/www.csj-emballages.com\/pt-pt\/produit\/50-caixas-de-cartao-branco-para-pastelaria-14-x-6-cm\/#breadcrumb\",\"itemListElement\":[{\"@type\":\"ListItem\",\"position\":1,\"name\":\"Acolhimento\",\"item\":\"https:\/\/www.csj-emballages.com\/pt-pt\/universo-das-embalagens-alimentares\/\"},{\"@type\":\"ListItem\",\"position\":2,\"name\":\"Shop\",\"item\":\"https:\/\/www.csj-emballages.com\/shop\/\"},{\"@type\":\"ListItem\",\"position\":3,\"name\":\"Caixa de cart\u00e3o branco para pastelaria 14 x 6 cm, 50 unidades\"}]},{\"@type\":\"WebSite\",\"@id\":\"https:\/\/www.csj-emballages.com\/pt-pt\/#website\",\"url\":\"https:\/\/www.csj-emballages.com\/pt-pt\/\",\"name\":\"CSJ Emballages\",\"description\":\"\",\"publisher\":{\"@id\":\"https:\/\/www.csj-emballages.com\/pt-pt\/#organization\"},\"potentialAction\":[{\"@type\":\"SearchAction\",\"target\":{\"@type\":\"EntryPoint\",\"urlTemplate\":\"https:\/\/www.csj-emballages.com\/pt-pt\/?s={search_term_string}\"},\"query-input\":{\"@type\":\"PropertyValueSpecification\",\"valueRequired\":true,\"valueName\":\"search_term_string\"}}],\"inLanguage\":\"pt-PT\"},{\"@type\":\"Organization\",\"@id\":\"https:\/\/www.csj-emballages.com\/pt-pt\/#Organization\/\",\"name\":\"CSJ Emballages\",\"url\":\"https:\/\/www.csj-emballages.com\/pt-pt\/\",\"logo\":{\"@type\":\"ImageObject\",\"inLanguage\":\"pt-PT\",\"@id\":\"https:\/\/www.csj-emballages.com\/pt-pt\/#\/schema\/logo\/image\/\",\"url\":\"https:\/\/www.csj-emballages.com\/wp-content\/uploads\/2023\/10\/logo_csj.webp\",\"contentUrl\":\"https:\/\/www.csj-emballages.com\/wp-content\/uploads\/2023\/10\/logo_csj.webp\",\"width\":250,\"height\":95,\"caption\":\"CSJ Emballages\"},\"image\":{\"@id\":\"https:\/\/www.csj-emballages.com\/pt-pt\/#\/schema\/logo\/image\/\"},\"sameAs\":[\"https:\/\/www.facebook.com\/csjemballages\"],\"address\":{\"@type\":\"PostalAddress\",\"streetAddress\":\"ZI La Lechere\",\"addressLocality\":\"Patornay\",\"postalCode\":\"39130\",\"addressCountry\":\"FR\"},\"contactPoint\":[{\"@type\":\"ContactPoint\",\"contactType\":\"Service client\",\"telephone\":\"0384254272\",\"email\":\"contact@csj-emballages.com\"}]}]}<\/script>\n<!-- \/ Yoast SEO Premium plugin. -->","yoast_head_json":{"title":"Caixa de pastelaria branca 14 x 6 cm","description":"Caixa para pastelaria branca de 14 x 6 cm: protetora, recicl\u00e1vel, elegante e personaliz\u00e1vel. Ideal para transportar e armazenar os seus bolos!","robots":{"index":"index","follow":"follow","max-snippet":"max-snippet:-1","max-image-preview":"max-image-preview:large","max-video-preview":"max-video-preview:-1"},"canonical":"https:\/\/www.csj-emballages.com\/pt-pt\/produit\/50-caixas-de-cartao-branco-para-pastelaria-14-x-6-cm\/","og_locale":"pt_PT","og_type":"article","og_title":"Caixa de cart\u00e3o branco para pastelaria 14 x 6 cm, 50 unidades","og_description":"Caixa para pastelaria branca de 14 x 6 cm: protetora, recicl\u00e1vel, elegante e personaliz\u00e1vel. Ideal para transportar e armazenar os seus bolos!","og_url":"https:\/\/www.csj-emballages.com\/pt-pt\/produit\/50-caixas-de-cartao-branco-para-pastelaria-14-x-6-cm\/","og_site_name":"CSJ Emballages","article_publisher":"https:\/\/www.facebook.com\/csjemballages","article_modified_time":"2026-04-02T09:00:32+00:00","og_image":[{"width":800,"height":800,"url":"https:\/\/www.csj-emballages.com\/wp-content\/uploads\/2025\/03\/Boite-patissiere.webp","type":"image\/webp"}],"twitter_card":"summary_large_image","twitter_misc":{"Tempo estimado de leitura":"1 minuto"},"schema":{"@context":"https:\/\/schema.org","@graph":[{"@type":"WebPage","@id":"https:\/\/www.csj-emballages.com\/pt-pt\/produit\/50-caixas-de-cartao-branco-para-pastelaria-14-x-6-cm\/","url":"https:\/\/www.csj-emballages.com\/pt-pt\/produit\/50-caixas-de-cartao-branco-para-pastelaria-14-x-6-cm\/","name":"Caixa de pastelaria branca 14 x 6 cm","isPartOf":{"@id":"https:\/\/www.csj-emballages.com\/pt-pt\/#website"},"primaryImageOfPage":{"@id":"https:\/\/www.csj-emballages.com\/pt-pt\/produit\/50-caixas-de-cartao-branco-para-pastelaria-14-x-6-cm\/#primaryimage"},"image":{"@id":"https:\/\/www.csj-emballages.com\/pt-pt\/produit\/50-caixas-de-cartao-branco-para-pastelaria-14-x-6-cm\/#primaryimage"},"thumbnailUrl":"https:\/\/www.csj-emballages.com\/wp-content\/uploads\/2025\/03\/Boite-patissiere.webp","datePublished":"2024-03-01T15:55:58+00:00","dateModified":"2026-04-02T09:00:32+00:00","description":"Caixa para pastelaria branca de 14 x 6 cm: protetora, recicl\u00e1vel, elegante e personaliz\u00e1vel. Ideal para transportar e armazenar os seus bolos!","breadcrumb":{"@id":"https:\/\/www.csj-emballages.com\/pt-pt\/produit\/50-caixas-de-cartao-branco-para-pastelaria-14-x-6-cm\/#breadcrumb"},"inLanguage":"pt-PT","potentialAction":[{"@type":"ReadAction","target":["https:\/\/www.csj-emballages.com\/pt-pt\/produit\/50-caixas-de-cartao-branco-para-pastelaria-14-x-6-cm\/"]}]},{"@type":"ImageObject","inLanguage":"pt-PT","@id":"https:\/\/www.csj-emballages.com\/pt-pt\/produit\/50-caixas-de-cartao-branco-para-pastelaria-14-x-6-cm\/#primaryimage","url":"https:\/\/www.csj-emballages.com\/wp-content\/uploads\/2025\/03\/Boite-patissiere.webp","contentUrl":"https:\/\/www.csj-emballages.com\/wp-content\/uploads\/2025\/03\/Boite-patissiere.webp","width":800,"height":800,"caption":"Boite p\u00e2tissi\u00e8re"},{"@type":"BreadcrumbList","@id":"https:\/\/www.csj-emballages.com\/pt-pt\/produit\/50-caixas-de-cartao-branco-para-pastelaria-14-x-6-cm\/#breadcrumb","itemListElement":[{"@type":"ListItem","position":1,"name":"Acolhimento","item":"https:\/\/www.csj-emballages.com\/pt-pt\/universo-das-embalagens-alimentares\/"},{"@type":"ListItem","position":2,"name":"Shop","item":"https:\/\/www.csj-emballages.com\/shop\/"},{"@type":"ListItem","position":3,"name":"Caixa de cart\u00e3o branco para pastelaria 14 x 6 cm, 50 unidades"}]},{"@type":"WebSite","@id":"https:\/\/www.csj-emballages.com\/pt-pt\/#website","url":"https:\/\/www.csj-emballages.com\/pt-pt\/","name":"CSJ Emballages","description":"","publisher":{"@id":"https:\/\/www.csj-emballages.com\/pt-pt\/#organization"},"potentialAction":[{"@type":"SearchAction","target":{"@type":"EntryPoint","urlTemplate":"https:\/\/www.csj-emballages.com\/pt-pt\/?s={search_term_string}"},"query-input":{"@type":"PropertyValueSpecification","valueRequired":true,"valueName":"search_term_string"}}],"inLanguage":"pt-PT"},{"@type":"Organization","@id":"https:\/\/www.csj-emballages.com\/pt-pt\/#Organization\/","name":"CSJ Emballages","url":"https:\/\/www.csj-emballages.com\/pt-pt\/","logo":{"@type":"ImageObject","inLanguage":"pt-PT","@id":"https:\/\/www.csj-emballages.com\/pt-pt\/#\/schema\/logo\/image\/","url":"https:\/\/www.csj-emballages.com\/wp-content\/uploads\/2023\/10\/logo_csj.webp","contentUrl":"https:\/\/www.csj-emballages.com\/wp-content\/uploads\/2023\/10\/logo_csj.webp","width":250,"height":95,"caption":"CSJ Emballages"},"image":{"@id":"https:\/\/www.csj-emballages.com\/pt-pt\/#\/schema\/logo\/image\/"},"sameAs":["https:\/\/www.facebook.com\/csjemballages"],"address":{"@type":"PostalAddress","streetAddress":"ZI La Lechere","addressLocality":"Patornay","postalCode":"39130","addressCountry":"FR"},"contactPoint":[{"@type":"ContactPoint","contactType":"Service client","telephone":"0384254272","email":"contact@csj-emballages.com"}]}]}},"df_price":8.95,"df_sale_price":"","df_regular_price":8.95,"df_image_link":"https:\/\/www.csj-emballages.com\/wp-content\/uploads\/2025\/03\/Boite-patissiere-300x300.webp","tiered_pricing_type":"fixed","tiered_pricing_fixed_rules":[],"tiered_pricing_percentage_rules":[],"tiered_pricing_minimum":1,"tiered_pricing_roles_data":[],"_links":{"self":[{"href":"https:\/\/www.csj-emballages.com\/pt-pt\/wp-json\/wp\/v2\/product\/20183","targetHints":{"allow":["GET"]}}],"collection":[{"href":"https:\/\/www.csj-emballages.com\/pt-pt\/wp-json\/wp\/v2\/product"}],"about":[{"href":"https:\/\/www.csj-emballages.com\/pt-pt\/wp-json\/wp\/v2\/types\/product"}],"wp:featuredmedia":[{"embeddable":true,"href":"https:\/\/www.csj-emballages.com\/pt-pt\/wp-json\/wp\/v2\/media\/237329"}],"wp:attachment":[{"href":"https:\/\/www.csj-emballages.com\/pt-pt\/wp-json\/wp\/v2\/media?parent=20183"}],"wp:term":[{"taxonomy":"product_brand","embeddable":true,"href":"https:\/\/www.csj-emballages.com\/pt-pt\/wp-json\/wp\/v2\/product_brand?post=20183"},{"taxonomy":"product_cat","embeddable":true,"href":"https:\/\/www.csj-emballages.com\/pt-pt\/wp-json\/wp\/v2\/product_cat?post=20183"},{"taxonomy":"product_tag","embeddable":true,"href":"https:\/\/www.csj-emballages.com\/pt-pt\/wp-json\/wp\/v2\/product_tag?post=20183"}],"curies":[{"name":"wp","href":"https:\/\/api.w.org\/{rel}","templated":true}]}}