{"id":20127,"date":"2024-03-01T16:55:56","date_gmt":"2024-03-01T15:55:56","guid":{"rendered":"https:\/\/u15jnbdpoq.preview.infomaniak.website\/produit\/50-caixas-de-cartao-branco-para-pastelaria-20-x-8-cm\/"},"modified":"2026-04-16T12:00:26","modified_gmt":"2026-04-16T10:00:26","slug":"50-caixas-de-cartao-branco-para-pastelaria-20-x-8-cm","status":"publish","type":"product","link":"https:\/\/www.csj-emballages.com\/pt-pt\/produit\/50-caixas-de-cartao-branco-para-pastelaria-20-x-8-cm\/","title":{"rendered":"Caixa de cart\u00e3o branco para pastelaria 20 x 8 cm, 50 unidades"},"content":{"rendered":"<h2 class=\"ai-optimize-33\">Caixa de pastelaria<\/h2>\n<hr>\n<h3 class=\"ai-optimize-34\">Descri\u00e7\u00e3o da nossa caixa de cart\u00e3o branco para pastelaria 20 x 8 cm por 50<\/h3>\n<p><!--more--><\/p>\n<div class=\"flex-1 overflow-hidden\">\n<div class=\"h-full\">\n<div class=\"react-scroll-to-bottom--css-topht-79elbk h-full\">\n<div class=\"react-scroll-to-bottom--css-topht-1n7m0yu\">\n<div class=\"flex flex-col text-sm md:pb-9\">\n<article class=\"w-full text-token-text-primary focus-visible:outline-2 focus-visible:outline-offset-[-4px]\" dir=\"auto\" data-testid=\"conversation-turn-3\" data-scroll-anchor=\"true\">\n<div class=\"text-base py-[18px] px-3 md:px-4 m-auto w-full md:px-5 lg:px-1 xl:px-5\">\n<div class=\"mx-auto flex flex-1 gap-4 text-base md:gap-5 lg:gap-6 md:max-w-3xl lg:max-w-[40rem] xl:max-w-[48rem]\">\n<div class=\"group\/conversation-turn relative flex w-full min-w-0 flex-col agent-turn\">\n<div class=\"flex-col gap-1 md:gap-3\">\n<div class=\"flex max-w-full flex-col flex-grow\">\n<div class=\"min-h-[20px] text-message flex w-full flex-col items-end gap-2 whitespace-normal break-words [.text-message+&amp;]:mt-5\" dir=\"auto\" data-message-author-role=\"assistant\" data-message-id=\"9b3be93c-2125-4d4a-a54f-505a21bded71\">\n<div class=\"flex w-full flex-col gap-1 empty:hidden first:pt-[3px]\">\n<div class=\"markdown prose w-full break-words dark:prose-invert light\">\n<div class=\"flex-1 overflow-hidden\">\n<div class=\"h-full\">\n<div class=\"react-scroll-to-bottom--css-topht-79elbk h-full\">\n<div class=\"react-scroll-to-bottom--css-topht-1n7m0yu\">\n<div class=\"flex flex-col text-sm md:pb-9\">\n<article class=\"w-full text-token-text-primary focus-visible:outline-2 focus-visible:outline-offset-[-4px]\" dir=\"auto\" data-testid=\"conversation-turn-3\" data-scroll-anchor=\"true\">\n<div class=\"text-base py-[18px] px-3 md:px-4 m-auto w-full md:px-5 lg:px-1 xl:px-5\">\n<div class=\"mx-auto flex flex-1 gap-4 text-base md:gap-5 lg:gap-6 md:max-w-3xl lg:max-w-[40rem] xl:max-w-[48rem]\">\n<div class=\"group\/conversation-turn relative flex w-full min-w-0 flex-col agent-turn\">\n<div class=\"flex-col gap-1 md:gap-3\">\n<div class=\"flex max-w-full flex-col flex-grow\">\n<div class=\"min-h-[20px] text-message flex w-full flex-col items-end gap-2 whitespace-normal break-words [.text-message+&amp;]:mt-5\" dir=\"auto\" data-message-author-role=\"assistant\" data-message-id=\"9b3be93c-2125-4d4a-a54f-505a21bded71\">\n<div class=\"flex w-full flex-col gap-1 empty:hidden first:pt-[3px]\">\n<div class=\"markdown prose w-full break-words dark:prose-invert light\">\n<p class=\"ai-optimize-26 ai-optimize-introduction\" data-start=\"198\" data-end=\"554\">Perfeita para pasteleiros profissionais ou amadores exigentes, esta <strong>caixa de pastelaria<\/strong> <strong>em cart\u00e3o branco de<\/strong> <strong>20 x 8 cm<\/strong> foi concebida para combinar praticidade, robustez e est\u00e9tica. O seu tamanho compacto \u00e9 ideal para embalar pequenos doces: fatias individuais de bolo, mignardises, petits fours ou mesmo bolinhos caseiros. <\/p>\n<p class=\"ai-optimize-27\" data-start=\"556\" data-end=\"977\">Fabricada em <strong>cart\u00e3o<\/strong> de qualidade, mant\u00e9m-se bem unida e proporciona uma prote\u00e7\u00e3o eficaz durante o transporte. Quer se trate de vendas em loja, de encomendas para levar ou mesmo de oferecer uma doce cria\u00e7\u00e3o caseira, esta <strong>caixa para pastelaria<\/strong> garante uma apresenta\u00e7\u00e3o cuidada e profissional. A sua cor <strong>branca<\/strong> neutra permite-lhe adaptar-se a qualquer estilo de ambiente ou de personaliza\u00e7\u00e3o (etiquetas, carimbos, fitas, etc.).  <\/p>\n<p class=\"ai-optimize-28\" data-start=\"979\" data-end=\"1189\">Empilh\u00e1vel e entregue em formato plano, \u00e9 f\u00e1cil de montar e ocupa muito pouco espa\u00e7o de arruma\u00e7\u00e3o. Este pacote de <strong>50 unidades<\/strong> \u00e9 perfeito para satisfazer as suas necessidades di\u00e1rias sem faltas, mantendo o seu stock sob controlo. <\/p>\n<p class=\"ai-optimize-29\" data-start=\"1191\" data-end=\"1329\">Em suma, \u00e9 um produto indispens\u00e1vel no dia a dia para qualquer pasteleiro, fornecedor ou pessoa apaixonada por iguarias bem embaladas!<\/p>\n<p><!--more--><\/p>\n<\/div>\n<\/div>\n<\/div>\n<\/div>\n<\/div>\n<\/div>\n<\/div>\n<\/div>\n<\/article>\n<\/div>\n<\/div>\n<\/div>\n<\/div>\n<\/div>\n<div class=\"flex-1 overflow-hidden\">\n<div class=\"h-full\">\n<div class=\"react-scroll-to-bottom--css-topht-79elbk h-full\">\n<div class=\"react-scroll-to-bottom--css-topht-1n7m0yu\">\n<div class=\"flex flex-col text-sm md:pb-9\">\n<article class=\"w-full text-token-text-primary focus-visible:outline-2 focus-visible:outline-offset-[-4px]\" dir=\"auto\" data-testid=\"conversation-turn-3\" data-scroll-anchor=\"true\">\n<div class=\"text-base py-[18px] px-3 md:px-4 m-auto w-full md:px-5 lg:px-1 xl:px-5\">\n<div class=\"mx-auto flex flex-1 gap-4 text-base md:gap-5 lg:gap-6 md:max-w-3xl lg:max-w-[40rem] xl:max-w-[48rem]\">\n<div class=\"group\/conversation-turn relative flex w-full min-w-0 flex-col agent-turn\">\n<div class=\"flex-col gap-1 md:gap-3\">\n<div class=\"flex max-w-full flex-col flex-grow\">\n<div class=\"min-h-[20px] text-message flex w-full flex-col items-end gap-2 whitespace-normal break-words [.text-message+&amp;]:mt-5\" dir=\"auto\" data-message-author-role=\"assistant\" data-message-id=\"9b3be93c-2125-4d4a-a54f-505a21bded71\">\n<div class=\"flex w-full flex-col gap-1 empty:hidden first:pt-[3px]\">\n<div class=\"markdown prose w-full break-words dark:prose-invert light\">\n<p class=\"ai-optimize-35\">Podes utiliz\u00e1-los para todos os tipos de pastelaria, desde bolos a doces.<\/p>\n<\/div>\n<\/div>\n<\/div>\n<\/div>\n<\/div>\n<\/div>\n<\/div>\n<\/div>\n<\/article>\n<\/div>\n<\/div>\n<\/div>\n<\/div>\n<\/div>\n<p>&nbsp;<\/p>\n<p><!--more--><\/p>\n<h4 class=\"ai-optimize-36\"><strong>As suas vantagens:<\/strong><\/h4>\n<ul>\n<li class=\"ai-optimize-37\">Formato compacto ideal para por\u00e7\u00f5es individuais.<\/li>\n<li class=\"ai-optimize-37\">Esta caixa de pastelaria \u00e9 r\u00edgida e resistente.<\/li>\n<li class=\"ai-optimize-39\">Montagem r\u00e1pida e f\u00e1cil.<\/li>\n<li class=\"ai-optimize-40\">Branco neutro e elegante.<\/li>\n<li class=\"ai-optimize-46\">Embalagem econ\u00f3mica de 50 caixas.<\/li>\n<\/ul>\n<p>&nbsp;<\/p>\n<p><!--more--><\/p>\n<p class=\"ai-optimize-47\">Todas as nossas caixas para pastelaria com 8 cm de altura est\u00e3o dispon\u00edveis aqui: <span style=\"color: #d12727;\"><a style=\"color: #d12727;\" href=\"https:\/\/www.csj-emballages.com\/pt-pt\/produit\/50-caixas-de-cartao-branco-para-pastelaria-16-x-8-cm\/\">16 x 8 cm<\/a><\/span> \/ <span style=\"color: #d12727;\"><a style=\"color: #d12727;\" href=\"https:\/\/www.csj-emballages.com\/pt-pt\/produit\/50-caixas-de-cartao-branco-para-pastelaria-18-x-8-cm\/\">18 x 8 cm<\/a><\/span> \/ <span style=\"color: #d12727;\"><a style=\"color: #d12727;\" href=\"https:\/\/www.csj-emballages.com\/pt-pt\/produit\/50-caixas-de-cartao-branco-para-pastelaria-22-x-8-cm\/\">22 x 8 cm<\/a><\/span> \/ <span style=\"color: #d12727;\"><a style=\"color: #d12727;\" href=\"https:\/\/www.csj-emballages.com\/pt-pt\/produit\/50-caixas-de-cartao-branco-para-pastelaria-25-x-8-cm\/\">26 x 8 cm<\/a><\/span> \/ <span style=\"color: #d12727;\"><a style=\"color: #d12727;\" href=\"https:\/\/www.csj-emballages.com\/pt-pt\/produit\/50-caixas-de-cartao-branco-para-pastelaria-28-x-8-cm\/\">29 x 8 cm<\/a><\/span> \/ <span style=\"color: #d12727;\"><a style=\"color: #d12727;\" href=\"https:\/\/www.csj-emballages.com\/pt-pt\/produit\/50-caixas-de-cartao-branco-para-pastelaria-32-x-8-cm\/\">32 x 8 cm<\/a><\/span><\/p>\n<p>&nbsp;<\/p>\n<p><!--more--><\/p>\n<p class=\"ai-optimize-41\"><a href=\"https:\/\/www.csj-emballages.com\/pt-pt\/categorie-produit\/embalagem-de-alimentos\/padaria-e-pastelaria\/caixas-e-estojos\/caixas-de-pastelaria\/caixas-de-pastelaria-brancas\/\">V\u00ea o resto da nossa gama de caixas de pastelaria brancas<\/a><\/p>\n<\/div>\n<\/div>\n<\/div>\n<\/div>\n<\/div>\n<\/div>\n<\/div>\n<\/div>\n<\/article>\n<\/div>\n<\/div>\n<\/div>\n<\/div>\n<\/div>\n","protected":false},"excerpt":{"rendered":"<p>Caixa de pastelaria Descri\u00e7\u00e3o da nossa caixa de cart\u00e3o branco para pastelaria 20 x 8 cm por 50<\/p>\n","protected":false},"featured_media":237398,"template":"","meta":{"_acf_changed":false},"product_brand":[],"product_cat":[1141,1177,1258,2321],"product_tag":[],"class_list":{"0":"post-20127","1":"product","2":"type-product","3":"status-publish","4":"has-post-thumbnail","6":"product_cat-embalagem-de-alimentos","7":"product_cat-padaria-e-pastelaria","8":"product_cat-caixas-de-pastelaria","9":"product_cat-caixas-de-pastelaria-brancas","11":"first","12":"instock","13":"taxable","14":"shipping-taxable","15":"purchasable","16":"product-type-simple"},"acf":[],"yoast_head":"<!-- This site is optimized with the Yoast SEO Premium plugin v26.6 (Yoast SEO v26.6) - https:\/\/yoast.com\/wordpress\/plugins\/seo\/ -->\n<title>Caixa de cart\u00e3o branca para pastelaria 20 x 8 cm, 50 unidades<\/title>\n<meta name=\"description\" content=\"Caixa de cart\u00e3o branco para pastelaria 20x8 cm - embalagem de 50 Ideal para por\u00e7\u00f5es individuais, resistente e elegante. Pr\u00e1ticas para uso profissional e privado.\" \/>\n<meta name=\"robots\" content=\"index, follow, max-snippet:-1, max-image-preview:large, max-video-preview:-1\" \/>\n<link rel=\"canonical\" href=\"https:\/\/www.csj-emballages.com\/pt-pt\/produit\/50-caixas-de-cartao-branco-para-pastelaria-20-x-8-cm\/\" \/>\n<meta property=\"og:locale\" content=\"pt_PT\" \/>\n<meta property=\"og:type\" content=\"article\" \/>\n<meta property=\"og:title\" content=\"Caixa de cart\u00e3o branco para pastelaria 20 x 8 cm, 50 unidades\" \/>\n<meta property=\"og:description\" content=\"Caixa de cart\u00e3o branco para pastelaria 20x8 cm - embalagem de 50 Ideal para por\u00e7\u00f5es individuais, resistente e elegante. Pr\u00e1ticas para uso profissional e privado.\" \/>\n<meta property=\"og:url\" content=\"https:\/\/www.csj-emballages.com\/pt-pt\/produit\/50-caixas-de-cartao-branco-para-pastelaria-20-x-8-cm\/\" \/>\n<meta property=\"og:site_name\" content=\"CSJ Emballages\" \/>\n<meta property=\"article:publisher\" content=\"https:\/\/www.facebook.com\/csjemballages\" \/>\n<meta property=\"article:modified_time\" content=\"2026-04-16T10:00:26+00:00\" \/>\n<meta property=\"og:image\" content=\"https:\/\/www.csj-emballages.com\/wp-content\/uploads\/2024\/03\/Boite-patissiere-x8.webp\" \/>\n\t<meta property=\"og:image:width\" content=\"800\" \/>\n\t<meta property=\"og:image:height\" content=\"799\" \/>\n\t<meta property=\"og:image:type\" content=\"image\/webp\" \/>\n<meta name=\"twitter:card\" content=\"summary_large_image\" \/>\n<meta name=\"twitter:label1\" content=\"Tempo estimado de leitura\" \/>\n\t<meta name=\"twitter:data1\" content=\"1 minuto\" \/>\n<script type=\"application\/ld+json\" class=\"yoast-schema-graph\">{\"@context\":\"https:\/\/schema.org\",\"@graph\":[{\"@type\":\"WebPage\",\"@id\":\"https:\/\/www.csj-emballages.com\/pt-pt\/produit\/50-caixas-de-cartao-branco-para-pastelaria-20-x-8-cm\/\",\"url\":\"https:\/\/www.csj-emballages.com\/pt-pt\/produit\/50-caixas-de-cartao-branco-para-pastelaria-20-x-8-cm\/\",\"name\":\"Caixa de cart\u00e3o branca para pastelaria 20 x 8 cm, 50 unidades\",\"isPartOf\":{\"@id\":\"https:\/\/www.csj-emballages.com\/pt-pt\/#website\"},\"primaryImageOfPage\":{\"@id\":\"https:\/\/www.csj-emballages.com\/pt-pt\/produit\/50-caixas-de-cartao-branco-para-pastelaria-20-x-8-cm\/#primaryimage\"},\"image\":{\"@id\":\"https:\/\/www.csj-emballages.com\/pt-pt\/produit\/50-caixas-de-cartao-branco-para-pastelaria-20-x-8-cm\/#primaryimage\"},\"thumbnailUrl\":\"https:\/\/www.csj-emballages.com\/wp-content\/uploads\/2024\/03\/Boite-patissiere-x8.webp\",\"datePublished\":\"2024-03-01T15:55:56+00:00\",\"dateModified\":\"2026-04-16T10:00:26+00:00\",\"description\":\"Caixa de cart\u00e3o branco para pastelaria 20x8 cm - embalagem de 50 Ideal para por\u00e7\u00f5es individuais, resistente e elegante. Pr\u00e1ticas para uso profissional e privado.\",\"breadcrumb\":{\"@id\":\"https:\/\/www.csj-emballages.com\/pt-pt\/produit\/50-caixas-de-cartao-branco-para-pastelaria-20-x-8-cm\/#breadcrumb\"},\"inLanguage\":\"pt-PT\",\"potentialAction\":[{\"@type\":\"ReadAction\",\"target\":[\"https:\/\/www.csj-emballages.com\/pt-pt\/produit\/50-caixas-de-cartao-branco-para-pastelaria-20-x-8-cm\/\"]}]},{\"@type\":\"ImageObject\",\"inLanguage\":\"pt-PT\",\"@id\":\"https:\/\/www.csj-emballages.com\/pt-pt\/produit\/50-caixas-de-cartao-branco-para-pastelaria-20-x-8-cm\/#primaryimage\",\"url\":\"https:\/\/www.csj-emballages.com\/wp-content\/uploads\/2024\/03\/Boite-patissiere-x8.webp\",\"contentUrl\":\"https:\/\/www.csj-emballages.com\/wp-content\/uploads\/2024\/03\/Boite-patissiere-x8.webp\",\"width\":800,\"height\":799,\"caption\":\"Boite p\u00e2tissi\u00e8re\"},{\"@type\":\"BreadcrumbList\",\"@id\":\"https:\/\/www.csj-emballages.com\/pt-pt\/produit\/50-caixas-de-cartao-branco-para-pastelaria-20-x-8-cm\/#breadcrumb\",\"itemListElement\":[{\"@type\":\"ListItem\",\"position\":1,\"name\":\"Acolhimento\",\"item\":\"https:\/\/www.csj-emballages.com\/pt-pt\/universo-das-embalagens-alimentares\/\"},{\"@type\":\"ListItem\",\"position\":2,\"name\":\"Shop\",\"item\":\"https:\/\/www.csj-emballages.com\/shop\/\"},{\"@type\":\"ListItem\",\"position\":3,\"name\":\"Caixa de cart\u00e3o branco para pastelaria 20 x 8 cm, 50 unidades\"}]},{\"@type\":\"WebSite\",\"@id\":\"https:\/\/www.csj-emballages.com\/pt-pt\/#website\",\"url\":\"https:\/\/www.csj-emballages.com\/pt-pt\/\",\"name\":\"CSJ Emballages\",\"description\":\"\",\"publisher\":{\"@id\":\"https:\/\/www.csj-emballages.com\/pt-pt\/#organization\"},\"potentialAction\":[{\"@type\":\"SearchAction\",\"target\":{\"@type\":\"EntryPoint\",\"urlTemplate\":\"https:\/\/www.csj-emballages.com\/pt-pt\/?s={search_term_string}\"},\"query-input\":{\"@type\":\"PropertyValueSpecification\",\"valueRequired\":true,\"valueName\":\"search_term_string\"}}],\"inLanguage\":\"pt-PT\"},{\"@type\":\"Organization\",\"@id\":\"https:\/\/www.csj-emballages.com\/pt-pt\/#Organization\/\",\"name\":\"CSJ Emballages\",\"url\":\"https:\/\/www.csj-emballages.com\/pt-pt\/\",\"logo\":{\"@type\":\"ImageObject\",\"inLanguage\":\"pt-PT\",\"@id\":\"https:\/\/www.csj-emballages.com\/pt-pt\/#\/schema\/logo\/image\/\",\"url\":\"https:\/\/www.csj-emballages.com\/wp-content\/uploads\/2023\/10\/logo_csj.webp\",\"contentUrl\":\"https:\/\/www.csj-emballages.com\/wp-content\/uploads\/2023\/10\/logo_csj.webp\",\"width\":250,\"height\":95,\"caption\":\"CSJ Emballages\"},\"image\":{\"@id\":\"https:\/\/www.csj-emballages.com\/pt-pt\/#\/schema\/logo\/image\/\"},\"sameAs\":[\"https:\/\/www.facebook.com\/csjemballages\"],\"address\":{\"@type\":\"PostalAddress\",\"streetAddress\":\"ZI La Lechere\",\"addressLocality\":\"Patornay\",\"postalCode\":\"39130\",\"addressCountry\":\"FR\"},\"contactPoint\":[{\"@type\":\"ContactPoint\",\"contactType\":\"Service client\",\"telephone\":\"0384254272\",\"email\":\"contact@csj-emballages.com\"}]}]}<\/script>\n<!-- \/ Yoast SEO Premium plugin. -->","yoast_head_json":{"title":"Caixa de cart\u00e3o branca para pastelaria 20 x 8 cm, 50 unidades","description":"Caixa de cart\u00e3o branco para pastelaria 20x8 cm - embalagem de 50 Ideal para por\u00e7\u00f5es individuais, resistente e elegante. Pr\u00e1ticas para uso profissional e privado.","robots":{"index":"index","follow":"follow","max-snippet":"max-snippet:-1","max-image-preview":"max-image-preview:large","max-video-preview":"max-video-preview:-1"},"canonical":"https:\/\/www.csj-emballages.com\/pt-pt\/produit\/50-caixas-de-cartao-branco-para-pastelaria-20-x-8-cm\/","og_locale":"pt_PT","og_type":"article","og_title":"Caixa de cart\u00e3o branco para pastelaria 20 x 8 cm, 50 unidades","og_description":"Caixa de cart\u00e3o branco para pastelaria 20x8 cm - embalagem de 50 Ideal para por\u00e7\u00f5es individuais, resistente e elegante. Pr\u00e1ticas para uso profissional e privado.","og_url":"https:\/\/www.csj-emballages.com\/pt-pt\/produit\/50-caixas-de-cartao-branco-para-pastelaria-20-x-8-cm\/","og_site_name":"CSJ Emballages","article_publisher":"https:\/\/www.facebook.com\/csjemballages","article_modified_time":"2026-04-16T10:00:26+00:00","og_image":[{"width":800,"height":799,"url":"https:\/\/www.csj-emballages.com\/wp-content\/uploads\/2024\/03\/Boite-patissiere-x8.webp","type":"image\/webp"}],"twitter_card":"summary_large_image","twitter_misc":{"Tempo estimado de leitura":"1 minuto"},"schema":{"@context":"https:\/\/schema.org","@graph":[{"@type":"WebPage","@id":"https:\/\/www.csj-emballages.com\/pt-pt\/produit\/50-caixas-de-cartao-branco-para-pastelaria-20-x-8-cm\/","url":"https:\/\/www.csj-emballages.com\/pt-pt\/produit\/50-caixas-de-cartao-branco-para-pastelaria-20-x-8-cm\/","name":"Caixa de cart\u00e3o branca para pastelaria 20 x 8 cm, 50 unidades","isPartOf":{"@id":"https:\/\/www.csj-emballages.com\/pt-pt\/#website"},"primaryImageOfPage":{"@id":"https:\/\/www.csj-emballages.com\/pt-pt\/produit\/50-caixas-de-cartao-branco-para-pastelaria-20-x-8-cm\/#primaryimage"},"image":{"@id":"https:\/\/www.csj-emballages.com\/pt-pt\/produit\/50-caixas-de-cartao-branco-para-pastelaria-20-x-8-cm\/#primaryimage"},"thumbnailUrl":"https:\/\/www.csj-emballages.com\/wp-content\/uploads\/2024\/03\/Boite-patissiere-x8.webp","datePublished":"2024-03-01T15:55:56+00:00","dateModified":"2026-04-16T10:00:26+00:00","description":"Caixa de cart\u00e3o branco para pastelaria 20x8 cm - embalagem de 50 Ideal para por\u00e7\u00f5es individuais, resistente e elegante. Pr\u00e1ticas para uso profissional e privado.","breadcrumb":{"@id":"https:\/\/www.csj-emballages.com\/pt-pt\/produit\/50-caixas-de-cartao-branco-para-pastelaria-20-x-8-cm\/#breadcrumb"},"inLanguage":"pt-PT","potentialAction":[{"@type":"ReadAction","target":["https:\/\/www.csj-emballages.com\/pt-pt\/produit\/50-caixas-de-cartao-branco-para-pastelaria-20-x-8-cm\/"]}]},{"@type":"ImageObject","inLanguage":"pt-PT","@id":"https:\/\/www.csj-emballages.com\/pt-pt\/produit\/50-caixas-de-cartao-branco-para-pastelaria-20-x-8-cm\/#primaryimage","url":"https:\/\/www.csj-emballages.com\/wp-content\/uploads\/2024\/03\/Boite-patissiere-x8.webp","contentUrl":"https:\/\/www.csj-emballages.com\/wp-content\/uploads\/2024\/03\/Boite-patissiere-x8.webp","width":800,"height":799,"caption":"Boite p\u00e2tissi\u00e8re"},{"@type":"BreadcrumbList","@id":"https:\/\/www.csj-emballages.com\/pt-pt\/produit\/50-caixas-de-cartao-branco-para-pastelaria-20-x-8-cm\/#breadcrumb","itemListElement":[{"@type":"ListItem","position":1,"name":"Acolhimento","item":"https:\/\/www.csj-emballages.com\/pt-pt\/universo-das-embalagens-alimentares\/"},{"@type":"ListItem","position":2,"name":"Shop","item":"https:\/\/www.csj-emballages.com\/shop\/"},{"@type":"ListItem","position":3,"name":"Caixa de cart\u00e3o branco para pastelaria 20 x 8 cm, 50 unidades"}]},{"@type":"WebSite","@id":"https:\/\/www.csj-emballages.com\/pt-pt\/#website","url":"https:\/\/www.csj-emballages.com\/pt-pt\/","name":"CSJ Emballages","description":"","publisher":{"@id":"https:\/\/www.csj-emballages.com\/pt-pt\/#organization"},"potentialAction":[{"@type":"SearchAction","target":{"@type":"EntryPoint","urlTemplate":"https:\/\/www.csj-emballages.com\/pt-pt\/?s={search_term_string}"},"query-input":{"@type":"PropertyValueSpecification","valueRequired":true,"valueName":"search_term_string"}}],"inLanguage":"pt-PT"},{"@type":"Organization","@id":"https:\/\/www.csj-emballages.com\/pt-pt\/#Organization\/","name":"CSJ Emballages","url":"https:\/\/www.csj-emballages.com\/pt-pt\/","logo":{"@type":"ImageObject","inLanguage":"pt-PT","@id":"https:\/\/www.csj-emballages.com\/pt-pt\/#\/schema\/logo\/image\/","url":"https:\/\/www.csj-emballages.com\/wp-content\/uploads\/2023\/10\/logo_csj.webp","contentUrl":"https:\/\/www.csj-emballages.com\/wp-content\/uploads\/2023\/10\/logo_csj.webp","width":250,"height":95,"caption":"CSJ Emballages"},"image":{"@id":"https:\/\/www.csj-emballages.com\/pt-pt\/#\/schema\/logo\/image\/"},"sameAs":["https:\/\/www.facebook.com\/csjemballages"],"address":{"@type":"PostalAddress","streetAddress":"ZI La Lechere","addressLocality":"Patornay","postalCode":"39130","addressCountry":"FR"},"contactPoint":[{"@type":"ContactPoint","contactType":"Service client","telephone":"0384254272","email":"contact@csj-emballages.com"}]}]}},"df_price":12.04,"df_sale_price":"","df_regular_price":12.04,"df_image_link":"https:\/\/www.csj-emballages.com\/wp-content\/uploads\/2024\/03\/Boite-patissiere-x8-300x300.webp","tiered_pricing_type":"fixed","tiered_pricing_fixed_rules":[],"tiered_pricing_percentage_rules":[],"tiered_pricing_minimum":1,"tiered_pricing_roles_data":[],"_links":{"self":[{"href":"https:\/\/www.csj-emballages.com\/pt-pt\/wp-json\/wp\/v2\/product\/20127","targetHints":{"allow":["GET"]}}],"collection":[{"href":"https:\/\/www.csj-emballages.com\/pt-pt\/wp-json\/wp\/v2\/product"}],"about":[{"href":"https:\/\/www.csj-emballages.com\/pt-pt\/wp-json\/wp\/v2\/types\/product"}],"wp:featuredmedia":[{"embeddable":true,"href":"https:\/\/www.csj-emballages.com\/pt-pt\/wp-json\/wp\/v2\/media\/237398"}],"wp:attachment":[{"href":"https:\/\/www.csj-emballages.com\/pt-pt\/wp-json\/wp\/v2\/media?parent=20127"}],"wp:term":[{"taxonomy":"product_brand","embeddable":true,"href":"https:\/\/www.csj-emballages.com\/pt-pt\/wp-json\/wp\/v2\/product_brand?post=20127"},{"taxonomy":"product_cat","embeddable":true,"href":"https:\/\/www.csj-emballages.com\/pt-pt\/wp-json\/wp\/v2\/product_cat?post=20127"},{"taxonomy":"product_tag","embeddable":true,"href":"https:\/\/www.csj-emballages.com\/pt-pt\/wp-json\/wp\/v2\/product_tag?post=20127"}],"curies":[{"name":"wp","href":"https:\/\/api.w.org\/{rel}","templated":true}]}}