{"id":20121,"date":"2024-03-01T16:55:55","date_gmt":"2024-03-01T15:55:55","guid":{"rendered":"https:\/\/u15jnbdpoq.preview.infomaniak.website\/produit\/50-caixas-de-pastelaria-de-cartao-colorido-delicieux-20-x-5-cm\/"},"modified":"2026-04-22T02:11:12","modified_gmt":"2026-04-22T00:11:12","slug":"50-caixas-de-pastelaria-de-cartao-colorido-delicieux-20-x-5-cm","status":"publish","type":"product","link":"https:\/\/www.csj-emballages.com\/pt-pt\/produit\/50-caixas-de-pastelaria-de-cartao-colorido-delicieux-20-x-5-cm\/","title":{"rendered":"50 caixas de pastelaria Sensation em cart\u00e3o colorido 20 x 5 cm"},"content":{"rendered":"<h2>Caixas de pastelaria Sensation em cart\u00e3o colorido 20 x 5 cm &#8211; embalagem de 50<\/h2>\n<hr>\n<h3>Descri\u00e7\u00e3o do produto<\/h3>\n<p><!--more--><\/p>\n<p>Descobre as nossas caixas de pastelaria Sensation 20&#215;5 cm, concebidas para real\u00e7ar as tuas cria\u00e7\u00f5es doces. Com o seu design colorido, chamam instantaneamente a aten\u00e7\u00e3o e mostram os seus doces da melhor forma. Cada caixa \u00e9 feita de cart\u00e3o resistente, garantindo uma prote\u00e7\u00e3o \u00f3ptima para as suas del\u00edcias gourmet. O seu formato pr\u00e1tico de 20 x 5 cm \u00e9 ideal para guardar uma variedade de sobremesas, desde cupcakes e tartes a outros doces. Estas caixas tamb\u00e9m s\u00e3o perfeitas para pasteleiros profissionais que procuram uma apresenta\u00e7\u00e3o limpa e atractiva. Dispon\u00edveis numa variedade de tamanhos, d\u00e3o um toque de divers\u00e3o a qualquer ocasi\u00e3o, desde casamentos a festas de anivers\u00e1rio. F\u00e1ceis de montar, poupam-te tempo na prepara\u00e7\u00e3o das tuas encomendas. O seu fecho seguro permite-te transport\u00e1-las com toda a tranquilidade, sem risco de derrame. Estas caixas tamb\u00e9m s\u00e3o amigas do ambiente, sendo totalmente recicl\u00e1veis.        <\/p>\n<p>&nbsp;<\/p>\n<p><!--more--><\/p>\n<p>Oferece aos teus clientes uma experi\u00eancia \u00fanica com estas caixas para pastelaria Sensation 20&#215;5 cm, que combinam estilo, praticidade e respeito pelo planeta.<\/p>\n<p>&nbsp;<\/p>\n<p><!--more--><\/p>\n<p><strong>As suas vantagens:<\/strong><\/p>\n<ul>\n<li><strong>Design<\/strong>: Design atraente e colorido para mostrar as tuas cria\u00e7\u00f5es de pastelaria.<\/li>\n<li><strong>Pr\u00e1tico<\/strong>: F\u00e1cil de montar, poupa tempo precioso.<\/li>\n<li><strong>Amigo do ambiente<\/strong>: Totalmente recicl\u00e1vel, amigo do ambiente.<\/li>\n<li><strong>Vers\u00e1til<\/strong>: Perfeito para todas as ocasi\u00f5es: casamentos, anivers\u00e1rios e outros eventos especiais<\/li>\n<\/ul>\n<p>&nbsp;<\/p>\n<p><!--more--><\/p>\n<p>Clica aqui para veres os diferentes tamanhos dispon\u00edveis para este produto: <span style=\"color: #d12727;\"><a style=\"color: #d12727;\" href=\"https:\/\/www.csj-emballages.com\/produit\/50-boites-patissieres-sensation-cartons-colorees-16-x-5-cm\/\">16 x 5 cm<\/a><\/span> \/ <span style=\"color: #d12727;\"><a style=\"color: #d12727;\" href=\"https:\/\/www.csj-emballages.com\/es\/produit\/50-cajitas-de-carton-de-colores-delicieux-18-x-5-cm\/\">18 x 5 cm<\/a><\/span> \/ <span style=\"color: #d12727;\"><a style=\"color: #d12727;\" href=\"https:\/\/www.csj-emballages.com\/produit\/50-boites-patissieres-delicieux-carton-colorees-23-x-5-cm\/\">23 x 5 cm<\/a> <\/span>\/ <span style=\"color: #d12727;\"><a style=\"color: #d12727;\" href=\"https:\/\/www.csj-emballages.com\/produit\/50-boites-patissieres-delicieux-carton-colorees-26-x-5-cm\/\">26 x 5 cm<\/a><\/span> \/<span style=\"color: #d12727;\"><a style=\"color: #d12727;\" href=\"https:\/\/www.csj-emballages.com\/es\/produit\/50-cajas-de-pasteleria-sensation-en-cartulina-de-color-29-x-5-cm\/\">29 x 5 cm<\/a><\/span><\/p>\n<p>&nbsp;<\/p>\n<p><!--more--><\/p>\n<p><a href=\"\/?product_cat=boites-patissieres-colorees-delicieuses\">V\u00ea o resto da nossa gama de caixas de pastelaria Sensation \/ D\u00e9licieuse<\/a><\/p>\n","protected":false},"excerpt":{"rendered":"<p>Caixas de pastelaria Sensation em cart\u00e3o colorido 20 x 5 cm &#8211; embalagem de 50 Descri\u00e7\u00e3o do produto<\/p>\n","protected":false},"featured_media":89863,"template":"","meta":{"_acf_changed":false},"product_brand":[],"product_cat":[1141,1177,3916,1258,1264,9270,1267],"product_tag":[],"class_list":{"0":"post-20121","1":"product","2":"type-product","3":"status-publish","4":"has-post-thumbnail","6":"product_cat-embalagem-de-alimentos","7":"product_cat-padaria-e-pastelaria","8":"product_cat-caixas-e-estojos","9":"product_cat-caixas-de-pastelaria","10":"product_cat-caixas-de-pastelaria-coloridas-pt-pt","11":"product_cat-caixas-de-pastelaria-coloridas-licao","12":"product_cat-descontos-promocoes","14":"first","15":"instock","16":"sale","17":"taxable","18":"shipping-taxable","19":"purchasable","20":"product-type-simple"},"acf":[],"yoast_head":"<!-- This site is optimized with the Yoast SEO Premium plugin v26.6 (Yoast SEO v26.6) - https:\/\/yoast.com\/wordpress\/plugins\/seo\/ -->\n<title>Caixas de pastelaria Sensation 20x5 cm \/ CSJ Emballages<\/title>\n<meta name=\"description\" content=\"Descobre as nossas caixas de pastelaria Sensation 20x5 cm, ideais para transportar todos os tipos de pastelaria, desde bolos a pequenas tartes!\" \/>\n<meta name=\"robots\" content=\"index, follow, max-snippet:-1, max-image-preview:large, max-video-preview:-1\" \/>\n<link rel=\"canonical\" href=\"https:\/\/www.csj-emballages.com\/pt-pt\/produit\/50-caixas-de-pastelaria-de-cartao-colorido-delicieux-20-x-5-cm\/\" \/>\n<meta property=\"og:locale\" content=\"pt_PT\" \/>\n<meta property=\"og:type\" content=\"article\" \/>\n<meta property=\"og:title\" content=\"50 caixas de pastelaria Sensation em cart\u00e3o colorido 20 x 5 cm\" \/>\n<meta property=\"og:description\" content=\"Descobre as nossas caixas de pastelaria Sensation 20x5 cm, ideais para transportar todos os tipos de pastelaria, desde bolos a pequenas tartes!\" \/>\n<meta property=\"og:url\" content=\"https:\/\/www.csj-emballages.com\/pt-pt\/produit\/50-caixas-de-pastelaria-de-cartao-colorido-delicieux-20-x-5-cm\/\" \/>\n<meta property=\"og:site_name\" content=\"CSJ Emballages\" \/>\n<meta property=\"article:publisher\" content=\"https:\/\/www.facebook.com\/csjemballages\" \/>\n<meta property=\"article:modified_time\" content=\"2026-04-22T00:11:12+00:00\" \/>\n<meta property=\"og:image\" content=\"https:\/\/www.csj-emballages.com\/wp-content\/uploads\/2024\/03\/Capture_d_ecran_2024-06-28_a_15.40.07-removebg-preview-2-e1724336979806.png\" \/>\n\t<meta property=\"og:image:width\" content=\"499\" \/>\n\t<meta property=\"og:image:height\" content=\"500\" \/>\n\t<meta property=\"og:image:type\" content=\"image\/png\" \/>\n<meta name=\"twitter:card\" content=\"summary_large_image\" \/>\n<meta name=\"twitter:label1\" content=\"Tempo estimado de leitura\" \/>\n\t<meta name=\"twitter:data1\" content=\"1 minuto\" \/>\n<script type=\"application\/ld+json\" class=\"yoast-schema-graph\">{\"@context\":\"https:\/\/schema.org\",\"@graph\":[{\"@type\":\"WebPage\",\"@id\":\"https:\/\/www.csj-emballages.com\/pt-pt\/produit\/50-caixas-de-pastelaria-de-cartao-colorido-delicieux-20-x-5-cm\/\",\"url\":\"https:\/\/www.csj-emballages.com\/pt-pt\/produit\/50-caixas-de-pastelaria-de-cartao-colorido-delicieux-20-x-5-cm\/\",\"name\":\"Caixas de pastelaria Sensation 20x5 cm \/ CSJ Emballages\",\"isPartOf\":{\"@id\":\"https:\/\/www.csj-emballages.com\/pt-pt\/#website\"},\"primaryImageOfPage\":{\"@id\":\"https:\/\/www.csj-emballages.com\/pt-pt\/produit\/50-caixas-de-pastelaria-de-cartao-colorido-delicieux-20-x-5-cm\/#primaryimage\"},\"image\":{\"@id\":\"https:\/\/www.csj-emballages.com\/pt-pt\/produit\/50-caixas-de-pastelaria-de-cartao-colorido-delicieux-20-x-5-cm\/#primaryimage\"},\"thumbnailUrl\":\"https:\/\/www.csj-emballages.com\/wp-content\/uploads\/2024\/03\/Capture_d_ecran_2024-06-28_a_15.40.07-removebg-preview-2-e1724336979806.png\",\"datePublished\":\"2024-03-01T15:55:55+00:00\",\"dateModified\":\"2026-04-22T00:11:12+00:00\",\"description\":\"Descobre as nossas caixas de pastelaria Sensation 20x5 cm, ideais para transportar todos os tipos de pastelaria, desde bolos a pequenas tartes!\",\"breadcrumb\":{\"@id\":\"https:\/\/www.csj-emballages.com\/pt-pt\/produit\/50-caixas-de-pastelaria-de-cartao-colorido-delicieux-20-x-5-cm\/#breadcrumb\"},\"inLanguage\":\"pt-PT\",\"potentialAction\":[{\"@type\":\"ReadAction\",\"target\":[\"https:\/\/www.csj-emballages.com\/pt-pt\/produit\/50-caixas-de-pastelaria-de-cartao-colorido-delicieux-20-x-5-cm\/\"]}]},{\"@type\":\"ImageObject\",\"inLanguage\":\"pt-PT\",\"@id\":\"https:\/\/www.csj-emballages.com\/pt-pt\/produit\/50-caixas-de-pastelaria-de-cartao-colorido-delicieux-20-x-5-cm\/#primaryimage\",\"url\":\"https:\/\/www.csj-emballages.com\/wp-content\/uploads\/2024\/03\/Capture_d_ecran_2024-06-28_a_15.40.07-removebg-preview-2-e1724336979806.png\",\"contentUrl\":\"https:\/\/www.csj-emballages.com\/wp-content\/uploads\/2024\/03\/Capture_d_ecran_2024-06-28_a_15.40.07-removebg-preview-2-e1724336979806.png\",\"width\":499,\"height\":500,\"caption\":\"bo\u00eetes p\u00e2tissi\u00e8res Sensation 20x5 cm\"},{\"@type\":\"BreadcrumbList\",\"@id\":\"https:\/\/www.csj-emballages.com\/pt-pt\/produit\/50-caixas-de-pastelaria-de-cartao-colorido-delicieux-20-x-5-cm\/#breadcrumb\",\"itemListElement\":[{\"@type\":\"ListItem\",\"position\":1,\"name\":\"Acolhimento\",\"item\":\"https:\/\/www.csj-emballages.com\/pt-pt\/universo-das-embalagens-alimentares\/\"},{\"@type\":\"ListItem\",\"position\":2,\"name\":\"Shop\",\"item\":\"https:\/\/www.csj-emballages.com\/shop\/\"},{\"@type\":\"ListItem\",\"position\":3,\"name\":\"50 caixas de pastelaria Sensation em cart\u00e3o colorido 20 x 5 cm\"}]},{\"@type\":\"WebSite\",\"@id\":\"https:\/\/www.csj-emballages.com\/pt-pt\/#website\",\"url\":\"https:\/\/www.csj-emballages.com\/pt-pt\/\",\"name\":\"CSJ Emballages\",\"description\":\"\",\"publisher\":{\"@id\":\"https:\/\/www.csj-emballages.com\/pt-pt\/#organization\"},\"potentialAction\":[{\"@type\":\"SearchAction\",\"target\":{\"@type\":\"EntryPoint\",\"urlTemplate\":\"https:\/\/www.csj-emballages.com\/pt-pt\/?s={search_term_string}\"},\"query-input\":{\"@type\":\"PropertyValueSpecification\",\"valueRequired\":true,\"valueName\":\"search_term_string\"}}],\"inLanguage\":\"pt-PT\"},{\"@type\":\"Organization\",\"@id\":\"https:\/\/www.csj-emballages.com\/pt-pt\/#Organization\/\",\"name\":\"CSJ Emballages\",\"url\":\"https:\/\/www.csj-emballages.com\/pt-pt\/\",\"logo\":{\"@type\":\"ImageObject\",\"inLanguage\":\"pt-PT\",\"@id\":\"https:\/\/www.csj-emballages.com\/pt-pt\/#\/schema\/logo\/image\/\",\"url\":\"https:\/\/www.csj-emballages.com\/wp-content\/uploads\/2023\/10\/logo_csj.webp\",\"contentUrl\":\"https:\/\/www.csj-emballages.com\/wp-content\/uploads\/2023\/10\/logo_csj.webp\",\"width\":250,\"height\":95,\"caption\":\"CSJ Emballages\"},\"image\":{\"@id\":\"https:\/\/www.csj-emballages.com\/pt-pt\/#\/schema\/logo\/image\/\"},\"sameAs\":[\"https:\/\/www.facebook.com\/csjemballages\"],\"address\":{\"@type\":\"PostalAddress\",\"streetAddress\":\"ZI La Lechere\",\"addressLocality\":\"Patornay\",\"postalCode\":\"39130\",\"addressCountry\":\"FR\"},\"contactPoint\":[{\"@type\":\"ContactPoint\",\"contactType\":\"Service client\",\"telephone\":\"0384254272\",\"email\":\"contact@csj-emballages.com\"}]}]}<\/script>\n<!-- \/ Yoast SEO Premium plugin. -->","yoast_head_json":{"title":"Caixas de pastelaria Sensation 20x5 cm \/ CSJ Emballages","description":"Descobre as nossas caixas de pastelaria Sensation 20x5 cm, ideais para transportar todos os tipos de pastelaria, desde bolos a pequenas tartes!","robots":{"index":"index","follow":"follow","max-snippet":"max-snippet:-1","max-image-preview":"max-image-preview:large","max-video-preview":"max-video-preview:-1"},"canonical":"https:\/\/www.csj-emballages.com\/pt-pt\/produit\/50-caixas-de-pastelaria-de-cartao-colorido-delicieux-20-x-5-cm\/","og_locale":"pt_PT","og_type":"article","og_title":"50 caixas de pastelaria Sensation em cart\u00e3o colorido 20 x 5 cm","og_description":"Descobre as nossas caixas de pastelaria Sensation 20x5 cm, ideais para transportar todos os tipos de pastelaria, desde bolos a pequenas tartes!","og_url":"https:\/\/www.csj-emballages.com\/pt-pt\/produit\/50-caixas-de-pastelaria-de-cartao-colorido-delicieux-20-x-5-cm\/","og_site_name":"CSJ Emballages","article_publisher":"https:\/\/www.facebook.com\/csjemballages","article_modified_time":"2026-04-22T00:11:12+00:00","og_image":[{"width":499,"height":500,"url":"https:\/\/www.csj-emballages.com\/wp-content\/uploads\/2024\/03\/Capture_d_ecran_2024-06-28_a_15.40.07-removebg-preview-2-e1724336979806.png","type":"image\/png"}],"twitter_card":"summary_large_image","twitter_misc":{"Tempo estimado de leitura":"1 minuto"},"schema":{"@context":"https:\/\/schema.org","@graph":[{"@type":"WebPage","@id":"https:\/\/www.csj-emballages.com\/pt-pt\/produit\/50-caixas-de-pastelaria-de-cartao-colorido-delicieux-20-x-5-cm\/","url":"https:\/\/www.csj-emballages.com\/pt-pt\/produit\/50-caixas-de-pastelaria-de-cartao-colorido-delicieux-20-x-5-cm\/","name":"Caixas de pastelaria Sensation 20x5 cm \/ CSJ Emballages","isPartOf":{"@id":"https:\/\/www.csj-emballages.com\/pt-pt\/#website"},"primaryImageOfPage":{"@id":"https:\/\/www.csj-emballages.com\/pt-pt\/produit\/50-caixas-de-pastelaria-de-cartao-colorido-delicieux-20-x-5-cm\/#primaryimage"},"image":{"@id":"https:\/\/www.csj-emballages.com\/pt-pt\/produit\/50-caixas-de-pastelaria-de-cartao-colorido-delicieux-20-x-5-cm\/#primaryimage"},"thumbnailUrl":"https:\/\/www.csj-emballages.com\/wp-content\/uploads\/2024\/03\/Capture_d_ecran_2024-06-28_a_15.40.07-removebg-preview-2-e1724336979806.png","datePublished":"2024-03-01T15:55:55+00:00","dateModified":"2026-04-22T00:11:12+00:00","description":"Descobre as nossas caixas de pastelaria Sensation 20x5 cm, ideais para transportar todos os tipos de pastelaria, desde bolos a pequenas tartes!","breadcrumb":{"@id":"https:\/\/www.csj-emballages.com\/pt-pt\/produit\/50-caixas-de-pastelaria-de-cartao-colorido-delicieux-20-x-5-cm\/#breadcrumb"},"inLanguage":"pt-PT","potentialAction":[{"@type":"ReadAction","target":["https:\/\/www.csj-emballages.com\/pt-pt\/produit\/50-caixas-de-pastelaria-de-cartao-colorido-delicieux-20-x-5-cm\/"]}]},{"@type":"ImageObject","inLanguage":"pt-PT","@id":"https:\/\/www.csj-emballages.com\/pt-pt\/produit\/50-caixas-de-pastelaria-de-cartao-colorido-delicieux-20-x-5-cm\/#primaryimage","url":"https:\/\/www.csj-emballages.com\/wp-content\/uploads\/2024\/03\/Capture_d_ecran_2024-06-28_a_15.40.07-removebg-preview-2-e1724336979806.png","contentUrl":"https:\/\/www.csj-emballages.com\/wp-content\/uploads\/2024\/03\/Capture_d_ecran_2024-06-28_a_15.40.07-removebg-preview-2-e1724336979806.png","width":499,"height":500,"caption":"bo\u00eetes p\u00e2tissi\u00e8res Sensation 20x5 cm"},{"@type":"BreadcrumbList","@id":"https:\/\/www.csj-emballages.com\/pt-pt\/produit\/50-caixas-de-pastelaria-de-cartao-colorido-delicieux-20-x-5-cm\/#breadcrumb","itemListElement":[{"@type":"ListItem","position":1,"name":"Acolhimento","item":"https:\/\/www.csj-emballages.com\/pt-pt\/universo-das-embalagens-alimentares\/"},{"@type":"ListItem","position":2,"name":"Shop","item":"https:\/\/www.csj-emballages.com\/shop\/"},{"@type":"ListItem","position":3,"name":"50 caixas de pastelaria Sensation em cart\u00e3o colorido 20 x 5 cm"}]},{"@type":"WebSite","@id":"https:\/\/www.csj-emballages.com\/pt-pt\/#website","url":"https:\/\/www.csj-emballages.com\/pt-pt\/","name":"CSJ Emballages","description":"","publisher":{"@id":"https:\/\/www.csj-emballages.com\/pt-pt\/#organization"},"potentialAction":[{"@type":"SearchAction","target":{"@type":"EntryPoint","urlTemplate":"https:\/\/www.csj-emballages.com\/pt-pt\/?s={search_term_string}"},"query-input":{"@type":"PropertyValueSpecification","valueRequired":true,"valueName":"search_term_string"}}],"inLanguage":"pt-PT"},{"@type":"Organization","@id":"https:\/\/www.csj-emballages.com\/pt-pt\/#Organization\/","name":"CSJ Emballages","url":"https:\/\/www.csj-emballages.com\/pt-pt\/","logo":{"@type":"ImageObject","inLanguage":"pt-PT","@id":"https:\/\/www.csj-emballages.com\/pt-pt\/#\/schema\/logo\/image\/","url":"https:\/\/www.csj-emballages.com\/wp-content\/uploads\/2023\/10\/logo_csj.webp","contentUrl":"https:\/\/www.csj-emballages.com\/wp-content\/uploads\/2023\/10\/logo_csj.webp","width":250,"height":95,"caption":"CSJ Emballages"},"image":{"@id":"https:\/\/www.csj-emballages.com\/pt-pt\/#\/schema\/logo\/image\/"},"sameAs":["https:\/\/www.facebook.com\/csjemballages"],"address":{"@type":"PostalAddress","streetAddress":"ZI La Lechere","addressLocality":"Patornay","postalCode":"39130","addressCountry":"FR"},"contactPoint":[{"@type":"ContactPoint","contactType":"Service client","telephone":"0384254272","email":"contact@csj-emballages.com"}]}]}},"df_price":12.76,"df_sale_price":12.76,"df_regular_price":14.17,"df_image_link":"https:\/\/www.csj-emballages.com\/wp-content\/uploads\/2024\/03\/Capture_d_ecran_2024-06-28_a_15.40.07-removebg-preview-2-300x300.png","tiered_pricing_type":"fixed","tiered_pricing_fixed_rules":[],"tiered_pricing_percentage_rules":[],"tiered_pricing_minimum":1,"tiered_pricing_roles_data":[],"_links":{"self":[{"href":"https:\/\/www.csj-emballages.com\/pt-pt\/wp-json\/wp\/v2\/product\/20121","targetHints":{"allow":["GET"]}}],"collection":[{"href":"https:\/\/www.csj-emballages.com\/pt-pt\/wp-json\/wp\/v2\/product"}],"about":[{"href":"https:\/\/www.csj-emballages.com\/pt-pt\/wp-json\/wp\/v2\/types\/product"}],"wp:featuredmedia":[{"embeddable":true,"href":"https:\/\/www.csj-emballages.com\/pt-pt\/wp-json\/wp\/v2\/media\/89863"}],"wp:attachment":[{"href":"https:\/\/www.csj-emballages.com\/pt-pt\/wp-json\/wp\/v2\/media?parent=20121"}],"wp:term":[{"taxonomy":"product_brand","embeddable":true,"href":"https:\/\/www.csj-emballages.com\/pt-pt\/wp-json\/wp\/v2\/product_brand?post=20121"},{"taxonomy":"product_cat","embeddable":true,"href":"https:\/\/www.csj-emballages.com\/pt-pt\/wp-json\/wp\/v2\/product_cat?post=20121"},{"taxonomy":"product_tag","embeddable":true,"href":"https:\/\/www.csj-emballages.com\/pt-pt\/wp-json\/wp\/v2\/product_tag?post=20121"}],"curies":[{"name":"wp","href":"https:\/\/api.w.org\/{rel}","templated":true}]}}