{"id":20060,"date":"2024-03-01T16:55:56","date_gmt":"2024-03-01T15:55:56","guid":{"rendered":"https:\/\/u15jnbdpoq.preview.infomaniak.website\/produit\/50-caixas-de-cartao-coloridas-para-pastelaria-18-x-8-cm-inspiracao\/"},"modified":"2026-04-03T09:04:07","modified_gmt":"2026-04-03T07:04:07","slug":"50-caixas-de-cartao-coloridas-para-pastelaria-18-x-8-cm-inspiracao","status":"publish","type":"product","link":"https:\/\/www.csj-emballages.com\/pt-pt\/produit\/50-caixas-de-cartao-coloridas-para-pastelaria-18-x-8-cm-inspiracao\/","title":{"rendered":"Caixa de pastelaria em cart\u00e3o colorida 18 x 8 cm &#8216;Inspiration&#8217; (pack de 50)"},"content":{"rendered":"<h2>Caixa de pastelaria<\/h2>\n<hr>\n<h3>Descubra a nossa caixa de pastelaria em cart\u00e3o colorida 18 x 8 cm &#8216;Inspiration&#8217; (pack de 50)<\/h3>\n<p><!--more--><\/p>\n<p data-start=\"231\" data-end=\"541\">A <strong>caixa de pastelaria em cart\u00e3o colorida 18 x 8 cm \u00ab Inspiration \u00bb<\/strong> \u00e9 ideal para a apresenta\u00e7\u00e3o e o transporte de <strong>pastelaria individual ou pequenas cria\u00e7\u00f5es gourmet<\/strong>. Com o seu design elegante de acabamentos requintados e o seu universo chique e intemporal, valoriza imediatamente os seus produtos em loja. <\/p>\n<p data-start=\"543\" data-end=\"847\">Concebida em <strong>cart\u00e3o<\/strong> r\u00edgido de qualidade alimentar, esta caixa assegura uma excelente estabilidade e protege eficazmente as sobremesas durante o transporte. O seu formato <strong>18 x 8 cm<\/strong> est\u00e1 perfeitamente adaptado a <strong>entremets individuais, pequenos bolos, sortidos de mignardises, pastelaria fina ou cria\u00e7\u00f5es artesanais<\/strong>. <\/p>\n<p data-start=\"849\" data-end=\"1114\">A <strong>cole\u00e7\u00e3o \u00abInspiration\u00bb<\/strong> distingue-se pelo seu visual <strong>s\u00f3brio e de alta gama<\/strong>, misturando tons profundos e detalhes elegantes. Integra-se perfeitamente numa oferta premium e refor\u00e7a a imagem de qualidade de pasteleiros, padeiros, caterings e chocolateiros. <\/p>\n<p data-start=\"1116\" data-end=\"1366\">F\u00e1cil de montar e pr\u00e1tica de manusear, esta caixa permite uma poupan\u00e7a de tempo em laborat\u00f3rio, garantindo uma apresenta\u00e7\u00e3o homog\u00e9nea e cuidada. Embalada em lotes de <strong>50 unidades<\/strong>, \u00e9 perfeitamente adequada para uso profissional regular. <\/p>\n<p data-start=\"1252\" data-end=\"1497\"><!--more--><\/p>\n<h4 data-start=\"1252\" data-end=\"1497\">Vantagens :<\/h4>\n<ul>\n<li data-start=\"1404\" data-end=\"1447\">Design premium e elegante \u00ab<strong>Inspiration<\/strong>\u00bb.<\/li>\n<li data-start=\"1450\" data-end=\"1493\">Cart\u00e3o r\u00edgido adequado para contacto com alimentos.<\/li>\n<li data-start=\"1496\" data-end=\"1548\">Formato <strong>18 x 8 cm<\/strong> ideal para por\u00e7\u00f5es individuais.<\/li>\n<li data-start=\"1551\" data-end=\"1587\">Boa prote\u00e7\u00e3o durante o transporte.<\/li>\n<li data-start=\"1629\" data-end=\"1660\">F\u00e1cil de montar e de utilizar.<\/li>\n<li data-start=\"1663\" data-end=\"1712\">Adequada para pasteleiros, padeiros e catering.<\/li>\n<li data-start=\"1715\" data-end=\"1755\">Embalagem pr\u00e1tica de<strong> 50 caixas<\/strong>.<\/li>\n<\/ul>\n<p>&nbsp;<\/p>\n<p data-start=\"1252\" data-end=\"1497\"><!--more--><\/p>\n<h4 data-start=\"1252\" data-end=\"1497\">Outras informa\u00e7\u00f5es :<\/h4>\n<ul>\n<li><strong>Embalagem<\/strong>: Pacote de 50<\/li>\n<li><strong>Dimens\u00f5es<\/strong>: 18 x 18 x 8 cm<\/li>\n<li><strong>Cor<\/strong>: Preto \/ Dourado<\/li>\n<li><strong>Modelo<\/strong>: Inspiration<\/li>\n<li><strong>Material<\/strong>: Cart\u00e3o<\/li>\n<\/ul>\n<p>&nbsp;<\/p>\n<p><!--more--><\/p>\n<p><a href=\"https:\/\/www.csj-emballages.com\/pt-pt\/categorie-produit\/embalagem-de-alimentos\/padaria-e-pastelaria\/caixas-e-estojos\/caixas-de-pastelaria\/caixas-de-pastelaria-coloridas-pt-pt\/inspiracao-caixas-de-pastelaria-coloridas\/\">Consulte o resto da nossa gama de caixas de pastelaria &#8216;Inspiration&#8217;<\/a><\/p>\n","protected":false},"excerpt":{"rendered":"<p>Caixa de pastelaria Descubra a nossa caixa de pastelaria em cart\u00e3o colorida 18 x 8 cm &#8216;Inspiration&#8217; (pack de 50)<\/p>\n","protected":false},"featured_media":8440,"template":"","meta":{"_acf_changed":false},"product_brand":[],"product_cat":[1141,1177,3916,1258,1264,9270,1267],"product_tag":[],"class_list":{"0":"post-20060","1":"product","2":"type-product","3":"status-publish","4":"has-post-thumbnail","6":"product_cat-embalagem-de-alimentos","7":"product_cat-padaria-e-pastelaria","8":"product_cat-caixas-e-estojos","9":"product_cat-caixas-de-pastelaria","10":"product_cat-caixas-de-pastelaria-coloridas-pt-pt","11":"product_cat-caixas-de-pastelaria-coloridas-licao","12":"product_cat-descontos-promocoes","14":"first","15":"instock","16":"sale","17":"taxable","18":"shipping-taxable","19":"purchasable","20":"product-type-simple"},"acf":[],"yoast_head":"<!-- This site is optimized with the Yoast SEO Premium plugin v26.6 (Yoast SEO v26.6) - https:\/\/yoast.com\/wordpress\/plugins\/seo\/ -->\n<title>Caixa de Pastelaria em Cart\u00e3o Colorida 18 x 8 cm &#039;Inspiration&#039; (pack de 50)<\/title>\n<meta name=\"description\" content=\"Caixa de pastelaria em cart\u00e3o colorida 18 x 8 cm \u00ab Inspiration \u00bb (pack de 50). Elegante e resistente, ideal para pastelaria individual.\" \/>\n<meta name=\"robots\" content=\"index, follow, max-snippet:-1, max-image-preview:large, max-video-preview:-1\" \/>\n<link rel=\"canonical\" href=\"https:\/\/www.csj-emballages.com\/pt-pt\/produit\/50-caixas-de-cartao-coloridas-para-pastelaria-18-x-8-cm-inspiracao\/\" \/>\n<meta property=\"og:locale\" content=\"pt_PT\" \/>\n<meta property=\"og:type\" content=\"article\" \/>\n<meta property=\"og:title\" content=\"Caixa de pastelaria em cart\u00e3o colorida 18 x 8 cm &#039;Inspiration&#039; (pack de 50)\" \/>\n<meta property=\"og:description\" content=\"Caixa de pastelaria em cart\u00e3o colorida 18 x 8 cm \u00ab Inspiration \u00bb (pack de 50). Elegante e resistente, ideal para pastelaria individual.\" \/>\n<meta property=\"og:url\" content=\"https:\/\/www.csj-emballages.com\/pt-pt\/produit\/50-caixas-de-cartao-coloridas-para-pastelaria-18-x-8-cm-inspiracao\/\" \/>\n<meta property=\"og:site_name\" content=\"CSJ Emballages\" \/>\n<meta property=\"article:publisher\" content=\"https:\/\/www.facebook.com\/csjemballages\" \/>\n<meta property=\"article:modified_time\" content=\"2026-04-03T07:04:07+00:00\" \/>\n<meta property=\"og:image\" content=\"https:\/\/www.csj-emballages.com\/wp-content\/uploads\/2024\/03\/boite-patissiere-carton-modele-impression-hauteur-8-zoom-1-jpg.webp\" \/>\n\t<meta property=\"og:image:width\" content=\"500\" \/>\n\t<meta property=\"og:image:height\" content=\"500\" \/>\n\t<meta property=\"og:image:type\" content=\"image\/jpeg\" \/>\n<meta name=\"twitter:card\" content=\"summary_large_image\" \/>\n<meta name=\"twitter:label1\" content=\"Tempo estimado de leitura\" \/>\n\t<meta name=\"twitter:data1\" content=\"1 minuto\" \/>\n<script type=\"application\/ld+json\" class=\"yoast-schema-graph\">{\"@context\":\"https:\/\/schema.org\",\"@graph\":[{\"@type\":\"WebPage\",\"@id\":\"https:\/\/www.csj-emballages.com\/pt-pt\/produit\/50-caixas-de-cartao-coloridas-para-pastelaria-18-x-8-cm-inspiracao\/\",\"url\":\"https:\/\/www.csj-emballages.com\/pt-pt\/produit\/50-caixas-de-cartao-coloridas-para-pastelaria-18-x-8-cm-inspiracao\/\",\"name\":\"Caixa de Pastelaria em Cart\u00e3o Colorida 18 x 8 cm 'Inspiration' (pack de 50)\",\"isPartOf\":{\"@id\":\"https:\/\/www.csj-emballages.com\/pt-pt\/#website\"},\"primaryImageOfPage\":{\"@id\":\"https:\/\/www.csj-emballages.com\/pt-pt\/produit\/50-caixas-de-cartao-coloridas-para-pastelaria-18-x-8-cm-inspiracao\/#primaryimage\"},\"image\":{\"@id\":\"https:\/\/www.csj-emballages.com\/pt-pt\/produit\/50-caixas-de-cartao-coloridas-para-pastelaria-18-x-8-cm-inspiracao\/#primaryimage\"},\"thumbnailUrl\":\"https:\/\/www.csj-emballages.com\/wp-content\/uploads\/2024\/03\/boite-patissiere-carton-modele-impression-hauteur-8-zoom-1-jpg.webp\",\"datePublished\":\"2024-03-01T15:55:56+00:00\",\"dateModified\":\"2026-04-03T07:04:07+00:00\",\"description\":\"Caixa de pastelaria em cart\u00e3o colorida 18 x 8 cm \u00ab Inspiration \u00bb (pack de 50). Elegante e resistente, ideal para pastelaria individual.\",\"breadcrumb\":{\"@id\":\"https:\/\/www.csj-emballages.com\/pt-pt\/produit\/50-caixas-de-cartao-coloridas-para-pastelaria-18-x-8-cm-inspiracao\/#breadcrumb\"},\"inLanguage\":\"pt-PT\",\"potentialAction\":[{\"@type\":\"ReadAction\",\"target\":[\"https:\/\/www.csj-emballages.com\/pt-pt\/produit\/50-caixas-de-cartao-coloridas-para-pastelaria-18-x-8-cm-inspiracao\/\"]}]},{\"@type\":\"ImageObject\",\"inLanguage\":\"pt-PT\",\"@id\":\"https:\/\/www.csj-emballages.com\/pt-pt\/produit\/50-caixas-de-cartao-coloridas-para-pastelaria-18-x-8-cm-inspiracao\/#primaryimage\",\"url\":\"https:\/\/www.csj-emballages.com\/wp-content\/uploads\/2024\/03\/boite-patissiere-carton-modele-impression-hauteur-8-zoom-1-jpg.webp\",\"contentUrl\":\"https:\/\/www.csj-emballages.com\/wp-content\/uploads\/2024\/03\/boite-patissiere-carton-modele-impression-hauteur-8-zoom-1-jpg.webp\",\"width\":500,\"height\":500,\"caption\":\"Boite p\u00e2tissi\u00e8re\"},{\"@type\":\"BreadcrumbList\",\"@id\":\"https:\/\/www.csj-emballages.com\/pt-pt\/produit\/50-caixas-de-cartao-coloridas-para-pastelaria-18-x-8-cm-inspiracao\/#breadcrumb\",\"itemListElement\":[{\"@type\":\"ListItem\",\"position\":1,\"name\":\"Acolhimento\",\"item\":\"https:\/\/www.csj-emballages.com\/pt-pt\/universo-das-embalagens-alimentares\/\"},{\"@type\":\"ListItem\",\"position\":2,\"name\":\"Shop\",\"item\":\"https:\/\/www.csj-emballages.com\/shop\/\"},{\"@type\":\"ListItem\",\"position\":3,\"name\":\"Caixa de pastelaria em cart\u00e3o colorida 18 x 8 cm &lsquo;Inspiration&rsquo; (pack de 50)\"}]},{\"@type\":\"WebSite\",\"@id\":\"https:\/\/www.csj-emballages.com\/pt-pt\/#website\",\"url\":\"https:\/\/www.csj-emballages.com\/pt-pt\/\",\"name\":\"CSJ Emballages\",\"description\":\"\",\"publisher\":{\"@id\":\"https:\/\/www.csj-emballages.com\/pt-pt\/#organization\"},\"potentialAction\":[{\"@type\":\"SearchAction\",\"target\":{\"@type\":\"EntryPoint\",\"urlTemplate\":\"https:\/\/www.csj-emballages.com\/pt-pt\/?s={search_term_string}\"},\"query-input\":{\"@type\":\"PropertyValueSpecification\",\"valueRequired\":true,\"valueName\":\"search_term_string\"}}],\"inLanguage\":\"pt-PT\"},{\"@type\":\"Organization\",\"@id\":\"https:\/\/www.csj-emballages.com\/pt-pt\/#Organization\/\",\"name\":\"CSJ Emballages\",\"url\":\"https:\/\/www.csj-emballages.com\/pt-pt\/\",\"logo\":{\"@type\":\"ImageObject\",\"inLanguage\":\"pt-PT\",\"@id\":\"https:\/\/www.csj-emballages.com\/pt-pt\/#\/schema\/logo\/image\/\",\"url\":\"https:\/\/www.csj-emballages.com\/wp-content\/uploads\/2023\/10\/logo_csj.webp\",\"contentUrl\":\"https:\/\/www.csj-emballages.com\/wp-content\/uploads\/2023\/10\/logo_csj.webp\",\"width\":250,\"height\":95,\"caption\":\"CSJ Emballages\"},\"image\":{\"@id\":\"https:\/\/www.csj-emballages.com\/pt-pt\/#\/schema\/logo\/image\/\"},\"sameAs\":[\"https:\/\/www.facebook.com\/csjemballages\"],\"address\":{\"@type\":\"PostalAddress\",\"streetAddress\":\"ZI La Lechere\",\"addressLocality\":\"Patornay\",\"postalCode\":\"39130\",\"addressCountry\":\"FR\"},\"contactPoint\":[{\"@type\":\"ContactPoint\",\"contactType\":\"Service client\",\"telephone\":\"0384254272\",\"email\":\"contact@csj-emballages.com\"}]}]}<\/script>\n<!-- \/ Yoast SEO Premium plugin. -->","yoast_head_json":{"title":"Caixa de Pastelaria em Cart\u00e3o Colorida 18 x 8 cm 'Inspiration' (pack de 50)","description":"Caixa de pastelaria em cart\u00e3o colorida 18 x 8 cm \u00ab Inspiration \u00bb (pack de 50). Elegante e resistente, ideal para pastelaria individual.","robots":{"index":"index","follow":"follow","max-snippet":"max-snippet:-1","max-image-preview":"max-image-preview:large","max-video-preview":"max-video-preview:-1"},"canonical":"https:\/\/www.csj-emballages.com\/pt-pt\/produit\/50-caixas-de-cartao-coloridas-para-pastelaria-18-x-8-cm-inspiracao\/","og_locale":"pt_PT","og_type":"article","og_title":"Caixa de pastelaria em cart\u00e3o colorida 18 x 8 cm 'Inspiration' (pack de 50)","og_description":"Caixa de pastelaria em cart\u00e3o colorida 18 x 8 cm \u00ab Inspiration \u00bb (pack de 50). Elegante e resistente, ideal para pastelaria individual.","og_url":"https:\/\/www.csj-emballages.com\/pt-pt\/produit\/50-caixas-de-cartao-coloridas-para-pastelaria-18-x-8-cm-inspiracao\/","og_site_name":"CSJ Emballages","article_publisher":"https:\/\/www.facebook.com\/csjemballages","article_modified_time":"2026-04-03T07:04:07+00:00","og_image":[{"width":500,"height":500,"url":"https:\/\/www.csj-emballages.com\/wp-content\/uploads\/2024\/03\/boite-patissiere-carton-modele-impression-hauteur-8-zoom-1-jpg.webp","type":"image\/jpeg"}],"twitter_card":"summary_large_image","twitter_misc":{"Tempo estimado de leitura":"1 minuto"},"schema":{"@context":"https:\/\/schema.org","@graph":[{"@type":"WebPage","@id":"https:\/\/www.csj-emballages.com\/pt-pt\/produit\/50-caixas-de-cartao-coloridas-para-pastelaria-18-x-8-cm-inspiracao\/","url":"https:\/\/www.csj-emballages.com\/pt-pt\/produit\/50-caixas-de-cartao-coloridas-para-pastelaria-18-x-8-cm-inspiracao\/","name":"Caixa de Pastelaria em Cart\u00e3o Colorida 18 x 8 cm 'Inspiration' (pack de 50)","isPartOf":{"@id":"https:\/\/www.csj-emballages.com\/pt-pt\/#website"},"primaryImageOfPage":{"@id":"https:\/\/www.csj-emballages.com\/pt-pt\/produit\/50-caixas-de-cartao-coloridas-para-pastelaria-18-x-8-cm-inspiracao\/#primaryimage"},"image":{"@id":"https:\/\/www.csj-emballages.com\/pt-pt\/produit\/50-caixas-de-cartao-coloridas-para-pastelaria-18-x-8-cm-inspiracao\/#primaryimage"},"thumbnailUrl":"https:\/\/www.csj-emballages.com\/wp-content\/uploads\/2024\/03\/boite-patissiere-carton-modele-impression-hauteur-8-zoom-1-jpg.webp","datePublished":"2024-03-01T15:55:56+00:00","dateModified":"2026-04-03T07:04:07+00:00","description":"Caixa de pastelaria em cart\u00e3o colorida 18 x 8 cm \u00ab Inspiration \u00bb (pack de 50). Elegante e resistente, ideal para pastelaria individual.","breadcrumb":{"@id":"https:\/\/www.csj-emballages.com\/pt-pt\/produit\/50-caixas-de-cartao-coloridas-para-pastelaria-18-x-8-cm-inspiracao\/#breadcrumb"},"inLanguage":"pt-PT","potentialAction":[{"@type":"ReadAction","target":["https:\/\/www.csj-emballages.com\/pt-pt\/produit\/50-caixas-de-cartao-coloridas-para-pastelaria-18-x-8-cm-inspiracao\/"]}]},{"@type":"ImageObject","inLanguage":"pt-PT","@id":"https:\/\/www.csj-emballages.com\/pt-pt\/produit\/50-caixas-de-cartao-coloridas-para-pastelaria-18-x-8-cm-inspiracao\/#primaryimage","url":"https:\/\/www.csj-emballages.com\/wp-content\/uploads\/2024\/03\/boite-patissiere-carton-modele-impression-hauteur-8-zoom-1-jpg.webp","contentUrl":"https:\/\/www.csj-emballages.com\/wp-content\/uploads\/2024\/03\/boite-patissiere-carton-modele-impression-hauteur-8-zoom-1-jpg.webp","width":500,"height":500,"caption":"Boite p\u00e2tissi\u00e8re"},{"@type":"BreadcrumbList","@id":"https:\/\/www.csj-emballages.com\/pt-pt\/produit\/50-caixas-de-cartao-coloridas-para-pastelaria-18-x-8-cm-inspiracao\/#breadcrumb","itemListElement":[{"@type":"ListItem","position":1,"name":"Acolhimento","item":"https:\/\/www.csj-emballages.com\/pt-pt\/universo-das-embalagens-alimentares\/"},{"@type":"ListItem","position":2,"name":"Shop","item":"https:\/\/www.csj-emballages.com\/shop\/"},{"@type":"ListItem","position":3,"name":"Caixa de pastelaria em cart\u00e3o colorida 18 x 8 cm &lsquo;Inspiration&rsquo; (pack de 50)"}]},{"@type":"WebSite","@id":"https:\/\/www.csj-emballages.com\/pt-pt\/#website","url":"https:\/\/www.csj-emballages.com\/pt-pt\/","name":"CSJ Emballages","description":"","publisher":{"@id":"https:\/\/www.csj-emballages.com\/pt-pt\/#organization"},"potentialAction":[{"@type":"SearchAction","target":{"@type":"EntryPoint","urlTemplate":"https:\/\/www.csj-emballages.com\/pt-pt\/?s={search_term_string}"},"query-input":{"@type":"PropertyValueSpecification","valueRequired":true,"valueName":"search_term_string"}}],"inLanguage":"pt-PT"},{"@type":"Organization","@id":"https:\/\/www.csj-emballages.com\/pt-pt\/#Organization\/","name":"CSJ Emballages","url":"https:\/\/www.csj-emballages.com\/pt-pt\/","logo":{"@type":"ImageObject","inLanguage":"pt-PT","@id":"https:\/\/www.csj-emballages.com\/pt-pt\/#\/schema\/logo\/image\/","url":"https:\/\/www.csj-emballages.com\/wp-content\/uploads\/2023\/10\/logo_csj.webp","contentUrl":"https:\/\/www.csj-emballages.com\/wp-content\/uploads\/2023\/10\/logo_csj.webp","width":250,"height":95,"caption":"CSJ Emballages"},"image":{"@id":"https:\/\/www.csj-emballages.com\/pt-pt\/#\/schema\/logo\/image\/"},"sameAs":["https:\/\/www.facebook.com\/csjemballages"],"address":{"@type":"PostalAddress","streetAddress":"ZI La Lechere","addressLocality":"Patornay","postalCode":"39130","addressCountry":"FR"},"contactPoint":[{"@type":"ContactPoint","contactType":"Service client","telephone":"0384254272","email":"contact@csj-emballages.com"}]}]}},"df_price":12,"df_sale_price":12,"df_regular_price":15.01,"df_image_link":"https:\/\/www.csj-emballages.com\/wp-content\/uploads\/2024\/03\/boite-patissiere-carton-modele-impression-hauteur-8-zoom-1-300x300.webp","tiered_pricing_type":"fixed","tiered_pricing_fixed_rules":[],"tiered_pricing_percentage_rules":[],"tiered_pricing_minimum":1,"tiered_pricing_roles_data":[],"_links":{"self":[{"href":"https:\/\/www.csj-emballages.com\/pt-pt\/wp-json\/wp\/v2\/product\/20060","targetHints":{"allow":["GET"]}}],"collection":[{"href":"https:\/\/www.csj-emballages.com\/pt-pt\/wp-json\/wp\/v2\/product"}],"about":[{"href":"https:\/\/www.csj-emballages.com\/pt-pt\/wp-json\/wp\/v2\/types\/product"}],"wp:featuredmedia":[{"embeddable":true,"href":"https:\/\/www.csj-emballages.com\/pt-pt\/wp-json\/wp\/v2\/media\/8440"}],"wp:attachment":[{"href":"https:\/\/www.csj-emballages.com\/pt-pt\/wp-json\/wp\/v2\/media?parent=20060"}],"wp:term":[{"taxonomy":"product_brand","embeddable":true,"href":"https:\/\/www.csj-emballages.com\/pt-pt\/wp-json\/wp\/v2\/product_brand?post=20060"},{"taxonomy":"product_cat","embeddable":true,"href":"https:\/\/www.csj-emballages.com\/pt-pt\/wp-json\/wp\/v2\/product_cat?post=20060"},{"taxonomy":"product_tag","embeddable":true,"href":"https:\/\/www.csj-emballages.com\/pt-pt\/wp-json\/wp\/v2\/product_tag?post=20060"}],"curies":[{"name":"wp","href":"https:\/\/api.w.org\/{rel}","templated":true}]}}