{"id":20054,"date":"2024-03-01T16:55:59","date_gmt":"2024-03-01T15:55:59","guid":{"rendered":"https:\/\/u15jnbdpoq.preview.infomaniak.website\/produit\/10-rolos-para-terminal-de-pagamento-tpe-57-x-40-12-mm\/"},"modified":"2026-05-02T02:10:32","modified_gmt":"2026-05-02T00:10:32","slug":"10-rolos-para-terminal-de-pagamento-tpe-57-x-40-12-mm","status":"publish","type":"product","link":"https:\/\/www.csj-emballages.com\/pt-pt\/produit\/10-rolos-para-terminal-de-pagamento-tpe-57-x-40-12-mm\/","title":{"rendered":"Rolo TPE para terminal de pagamento 57 x 40 + 12 mm por 10"},"content":{"rendered":"<h4>Rolo TPE<\/h4>\n<hr>\n<h3>Descri\u00e7\u00e3o do nosso rolo TPE para terminal de pagamento 57 x 40 + 12 mm por 10<\/h3>\n<p><!--more--><\/p>\n<p data-start=\"274\" data-end=\"611\">Quando os pagamentos se sucedem, \u00e9 melhor poder contar com um consum\u00edvel fi\u00e1vel. Este <strong data-start=\"365\" data-end=\"396\">rolo TPE 57 x 40 + 12 mm<\/strong> foi concebido para acompanhar o ritmo do dia a dia, sem surpresas desagrad\u00e1veis. Instala-se facilmente na maioria dos <strong>terminais de pagamento<\/strong> e garante uma <strong>impress\u00e3o n\u00edtida<\/strong>, <strong>leg\u00edvel e regular<\/strong> em cada transa\u00e7\u00e3o.  <\/p>\n<p data-start=\"613\" data-end=\"922\">Gra\u00e7as ao seu <strong>papel t\u00e9rmico<\/strong> de qualidade, os <strong>tal\u00f5es saem rapidamente<\/strong>, sem borr\u00f5es nem zonas difusas. As informa\u00e7\u00f5es permanecem bem vis\u00edveis, o que evita reimpress\u00f5es desnecess\u00e1rias e poupa tempo no momento do pagamento. \u00c9 uma mais-valia, sobretudo nas horas de ponta, onde cada segundo conta.  <\/p>\n<p data-start=\"924\" data-end=\"1265\">Com efeito, o seu <strong>formato standard<\/strong> permite uma compatibilidade alargada com <strong>v\u00e1rios modelos de TPE<\/strong> utilizados no com\u00e9rcio, na restaura\u00e7\u00e3o ou nos mercados. Da mesma forma, o <strong>mandril de 12 mm<\/strong> garante uma boa fixa\u00e7\u00e3o do rolo no aparelho, o que limita os bloqueios e as interrup\u00e7\u00f5es em pleno pagamento. Trabalha com mais serenidade, sem interrup\u00e7\u00f5es.  <\/p>\n<p data-start=\"1267\" data-end=\"1577\">Vendido <strong data-start=\"1273\" data-end=\"1290\">em lote de 10<\/strong>, este <strong>rolo TPE<\/strong> \u00e9 ideal para antecipar as necessidades sem sobrecarregar o espa\u00e7o de armazenamento. Tem sempre o suficiente para substituir rapidamente um rolo vazio e continuar a sua atividade sem stress. Al\u00e9m disso, \u00e9 uma solu\u00e7\u00e3o simples, eficaz e perfeitamente adaptada a uma utiliza\u00e7\u00e3o profissional regular.  <\/p>\n<p data-start=\"1579\" data-end=\"1759\">Em resumo, este <strong>rolo TPE<\/strong> \u00e9 um indispens\u00e1vel discreto, mas essencial. Acompanha cada pagamento com fiabilidade e permite-lhe concentrar-se no essencial: os seus clientes. <\/p>\n<p data-start=\"1579\" data-end=\"1759\">\n<p data-start=\"1302\" data-end=\"1517\"><!--more--><\/p>\n<h4><strong>Vantagens :<\/strong><\/h4>\n<ul>\n<li data-start=\"1787\" data-end=\"1829\"><strong>Impress\u00e3o t\u00e9rmica<\/strong> clara e regular.<\/li>\n<li data-start=\"1832\" data-end=\"1887\"><strong>Compat\u00edvel<\/strong> com a maioria <strong>dos terminais de pagamento<\/strong>.<\/li>\n<li data-start=\"1890\" data-end=\"1927\">Instala\u00e7\u00e3o r\u00e1pida e sem bloqueios.<\/li>\n<li data-start=\"1930\" data-end=\"1967\"><strong>Mandril s\u00f3lido<\/strong> para uma boa fixa\u00e7\u00e3o.<\/li>\n<li data-start=\"1970\" data-end=\"2008\"><strong>Lote de 10<\/strong> pr\u00e1tico para o dia a dia.<\/li>\n<\/ul>\n<p>&nbsp;<\/p>\n<p><!--more--><\/p>\n<p><strong>Outras informa\u00e7\u00f5es :  <\/strong><\/p>\n<ul>\n<li><strong>Embalagem<\/strong>: Pacote de 10<\/li>\n<li><strong>Dimens\u00f5es<\/strong>: 57 x 40 + 12 mm<\/li>\n<li><strong>Material<\/strong>: Papel t\u00e9rmico<\/li>\n<li><strong>Cor<\/strong>: Branco<\/li>\n<\/ul>\n<p>&nbsp;<\/p>\n<p><!--more--><\/p>\n<p>Encontre aqui o tamanho superior dispon\u00edvel para este rolo TPE: <span style=\"color: #d12727;\"><a style=\"color: #d12727;\" href=\"https:\/\/www.csj-emballages.com\/pt-pt\/produit\/5-rolos-para-terminal-de-pagamento-tpe-57-x-60-12-mm\/\">BTH5760<\/a><\/span><\/p>\n<p>&nbsp;<\/p>\n<p><!--more--><\/p>\n<p><a href=\"https:\/\/www.csj-emballages.com\/pt-pt\/categorie-produit\/embalagem-de-alimentos\/loja-e-armazem\/rolos\/rolos-de-caixa-registadora-e-cartoes-bancarios\/\">Consulte o resto da nossa gama de rolos de caixas e cart\u00f5es banc\u00e1rios<\/a><\/p>\n","protected":false},"excerpt":{"rendered":"<p>Rolo TPE Descri\u00e7\u00e3o do nosso rolo TPE para terminal de pagamento 57 x 40 + 12 mm por 10<\/p>\n","protected":false},"featured_media":260605,"template":"","meta":{"_acf_changed":false},"product_brand":[],"product_cat":[1482,2308],"product_tag":[],"class_list":{"0":"post-20054","1":"product","2":"type-product","3":"status-publish","4":"has-post-thumbnail","6":"product_cat-loja-e-armazem","7":"product_cat-rolos-de-caixa-registadora-e-cartoes-bancarios","9":"first","10":"instock","11":"taxable","12":"shipping-taxable","13":"purchasable","14":"product-type-simple"},"acf":[],"yoast_head":"<!-- This site is optimized with the Yoast SEO Premium plugin v26.6 (Yoast SEO v26.6) - https:\/\/yoast.com\/wordpress\/plugins\/seo\/ -->\n<title>Rolo TPE para Terminal de Pagamento 57 x 40 + 12 mm por 10<\/title>\n<meta name=\"description\" content=\"Rolo TPE 57x40+12 mm vendido por 10. Papel t\u00e9rmico fi\u00e1vel, impress\u00e3o n\u00edtida e compat\u00edvel com a maioria dos terminais de pagamento.\" \/>\n<meta name=\"robots\" content=\"index, follow, max-snippet:-1, max-image-preview:large, max-video-preview:-1\" \/>\n<link rel=\"canonical\" href=\"https:\/\/www.csj-emballages.com\/pt-pt\/produit\/10-rolos-para-terminal-de-pagamento-tpe-57-x-40-12-mm\/\" \/>\n<meta property=\"og:locale\" content=\"pt_PT\" \/>\n<meta property=\"og:type\" content=\"article\" \/>\n<meta property=\"og:title\" content=\"Rolo TPE para terminal de pagamento 57 x 40 + 12 mm por 10\" \/>\n<meta property=\"og:description\" content=\"Rolo TPE 57x40+12 mm vendido por 10. Papel t\u00e9rmico fi\u00e1vel, impress\u00e3o n\u00edtida e compat\u00edvel com a maioria dos terminais de pagamento.\" \/>\n<meta property=\"og:url\" content=\"https:\/\/www.csj-emballages.com\/pt-pt\/produit\/10-rolos-para-terminal-de-pagamento-tpe-57-x-40-12-mm\/\" \/>\n<meta property=\"og:site_name\" content=\"CSJ Emballages\" \/>\n<meta property=\"article:publisher\" content=\"https:\/\/www.facebook.com\/csjemballages\" \/>\n<meta property=\"article:modified_time\" content=\"2026-05-02T00:10:32+00:00\" \/>\n<meta property=\"og:image\" content=\"https:\/\/www.csj-emballages.com\/wp-content\/uploads\/2024\/03\/BTH5740AL.webp\" \/>\n\t<meta property=\"og:image:width\" content=\"800\" \/>\n\t<meta property=\"og:image:height\" content=\"800\" \/>\n\t<meta property=\"og:image:type\" content=\"image\/webp\" \/>\n<meta name=\"twitter:card\" content=\"summary_large_image\" \/>\n<meta name=\"twitter:label1\" content=\"Tempo estimado de leitura\" \/>\n\t<meta name=\"twitter:data1\" content=\"2 minutos\" \/>\n<script type=\"application\/ld+json\" class=\"yoast-schema-graph\">{\"@context\":\"https:\/\/schema.org\",\"@graph\":[{\"@type\":\"WebPage\",\"@id\":\"https:\/\/www.csj-emballages.com\/pt-pt\/produit\/10-rolos-para-terminal-de-pagamento-tpe-57-x-40-12-mm\/\",\"url\":\"https:\/\/www.csj-emballages.com\/pt-pt\/produit\/10-rolos-para-terminal-de-pagamento-tpe-57-x-40-12-mm\/\",\"name\":\"Rolo TPE para Terminal de Pagamento 57 x 40 + 12 mm por 10\",\"isPartOf\":{\"@id\":\"https:\/\/www.csj-emballages.com\/pt-pt\/#website\"},\"primaryImageOfPage\":{\"@id\":\"https:\/\/www.csj-emballages.com\/pt-pt\/produit\/10-rolos-para-terminal-de-pagamento-tpe-57-x-40-12-mm\/#primaryimage\"},\"image\":{\"@id\":\"https:\/\/www.csj-emballages.com\/pt-pt\/produit\/10-rolos-para-terminal-de-pagamento-tpe-57-x-40-12-mm\/#primaryimage\"},\"thumbnailUrl\":\"https:\/\/www.csj-emballages.com\/wp-content\/uploads\/2024\/03\/BTH5740AL.webp\",\"datePublished\":\"2024-03-01T15:55:59+00:00\",\"dateModified\":\"2026-05-02T00:10:32+00:00\",\"description\":\"Rolo TPE 57x40+12 mm vendido por 10. Papel t\u00e9rmico fi\u00e1vel, impress\u00e3o n\u00edtida e compat\u00edvel com a maioria dos terminais de pagamento.\",\"breadcrumb\":{\"@id\":\"https:\/\/www.csj-emballages.com\/pt-pt\/produit\/10-rolos-para-terminal-de-pagamento-tpe-57-x-40-12-mm\/#breadcrumb\"},\"inLanguage\":\"pt-PT\",\"potentialAction\":[{\"@type\":\"ReadAction\",\"target\":[\"https:\/\/www.csj-emballages.com\/pt-pt\/produit\/10-rolos-para-terminal-de-pagamento-tpe-57-x-40-12-mm\/\"]}]},{\"@type\":\"ImageObject\",\"inLanguage\":\"pt-PT\",\"@id\":\"https:\/\/www.csj-emballages.com\/pt-pt\/produit\/10-rolos-para-terminal-de-pagamento-tpe-57-x-40-12-mm\/#primaryimage\",\"url\":\"https:\/\/www.csj-emballages.com\/wp-content\/uploads\/2024\/03\/BTH5740AL.webp\",\"contentUrl\":\"https:\/\/www.csj-emballages.com\/wp-content\/uploads\/2024\/03\/BTH5740AL.webp\",\"width\":800,\"height\":800,\"caption\":\"Rouleau TPE\"},{\"@type\":\"BreadcrumbList\",\"@id\":\"https:\/\/www.csj-emballages.com\/pt-pt\/produit\/10-rolos-para-terminal-de-pagamento-tpe-57-x-40-12-mm\/#breadcrumb\",\"itemListElement\":[{\"@type\":\"ListItem\",\"position\":1,\"name\":\"Acolhimento\",\"item\":\"https:\/\/www.csj-emballages.com\/pt-pt\/universo-das-embalagens-alimentares\/\"},{\"@type\":\"ListItem\",\"position\":2,\"name\":\"Shop\",\"item\":\"https:\/\/www.csj-emballages.com\/shop\/\"},{\"@type\":\"ListItem\",\"position\":3,\"name\":\"Rolo TPE para terminal de pagamento 57 x 40 + 12 mm por 10\"}]},{\"@type\":\"WebSite\",\"@id\":\"https:\/\/www.csj-emballages.com\/pt-pt\/#website\",\"url\":\"https:\/\/www.csj-emballages.com\/pt-pt\/\",\"name\":\"CSJ Emballages\",\"description\":\"\",\"publisher\":{\"@id\":\"https:\/\/www.csj-emballages.com\/pt-pt\/#organization\"},\"potentialAction\":[{\"@type\":\"SearchAction\",\"target\":{\"@type\":\"EntryPoint\",\"urlTemplate\":\"https:\/\/www.csj-emballages.com\/pt-pt\/?s={search_term_string}\"},\"query-input\":{\"@type\":\"PropertyValueSpecification\",\"valueRequired\":true,\"valueName\":\"search_term_string\"}}],\"inLanguage\":\"pt-PT\"},{\"@type\":\"Organization\",\"@id\":\"https:\/\/www.csj-emballages.com\/pt-pt\/#Organization\/\",\"name\":\"CSJ Emballages\",\"url\":\"https:\/\/www.csj-emballages.com\/pt-pt\/\",\"logo\":{\"@type\":\"ImageObject\",\"inLanguage\":\"pt-PT\",\"@id\":\"https:\/\/www.csj-emballages.com\/pt-pt\/#\/schema\/logo\/image\/\",\"url\":\"https:\/\/www.csj-emballages.com\/wp-content\/uploads\/2023\/10\/logo_csj.webp\",\"contentUrl\":\"https:\/\/www.csj-emballages.com\/wp-content\/uploads\/2023\/10\/logo_csj.webp\",\"width\":250,\"height\":95,\"caption\":\"CSJ Emballages\"},\"image\":{\"@id\":\"https:\/\/www.csj-emballages.com\/pt-pt\/#\/schema\/logo\/image\/\"},\"sameAs\":[\"https:\/\/www.facebook.com\/csjemballages\"],\"address\":{\"@type\":\"PostalAddress\",\"streetAddress\":\"ZI La Lechere\",\"addressLocality\":\"Patornay\",\"postalCode\":\"39130\",\"addressCountry\":\"FR\"},\"contactPoint\":[{\"@type\":\"ContactPoint\",\"contactType\":\"Service client\",\"telephone\":\"0384254272\",\"email\":\"contact@csj-emballages.com\"}]}]}<\/script>\n<!-- \/ Yoast SEO Premium plugin. -->","yoast_head_json":{"title":"Rolo TPE para Terminal de Pagamento 57 x 40 + 12 mm por 10","description":"Rolo TPE 57x40+12 mm vendido por 10. Papel t\u00e9rmico fi\u00e1vel, impress\u00e3o n\u00edtida e compat\u00edvel com a maioria dos terminais de pagamento.","robots":{"index":"index","follow":"follow","max-snippet":"max-snippet:-1","max-image-preview":"max-image-preview:large","max-video-preview":"max-video-preview:-1"},"canonical":"https:\/\/www.csj-emballages.com\/pt-pt\/produit\/10-rolos-para-terminal-de-pagamento-tpe-57-x-40-12-mm\/","og_locale":"pt_PT","og_type":"article","og_title":"Rolo TPE para terminal de pagamento 57 x 40 + 12 mm por 10","og_description":"Rolo TPE 57x40+12 mm vendido por 10. Papel t\u00e9rmico fi\u00e1vel, impress\u00e3o n\u00edtida e compat\u00edvel com a maioria dos terminais de pagamento.","og_url":"https:\/\/www.csj-emballages.com\/pt-pt\/produit\/10-rolos-para-terminal-de-pagamento-tpe-57-x-40-12-mm\/","og_site_name":"CSJ Emballages","article_publisher":"https:\/\/www.facebook.com\/csjemballages","article_modified_time":"2026-05-02T00:10:32+00:00","og_image":[{"width":800,"height":800,"url":"https:\/\/www.csj-emballages.com\/wp-content\/uploads\/2024\/03\/BTH5740AL.webp","type":"image\/webp"}],"twitter_card":"summary_large_image","twitter_misc":{"Tempo estimado de leitura":"2 minutos"},"schema":{"@context":"https:\/\/schema.org","@graph":[{"@type":"WebPage","@id":"https:\/\/www.csj-emballages.com\/pt-pt\/produit\/10-rolos-para-terminal-de-pagamento-tpe-57-x-40-12-mm\/","url":"https:\/\/www.csj-emballages.com\/pt-pt\/produit\/10-rolos-para-terminal-de-pagamento-tpe-57-x-40-12-mm\/","name":"Rolo TPE para Terminal de Pagamento 57 x 40 + 12 mm por 10","isPartOf":{"@id":"https:\/\/www.csj-emballages.com\/pt-pt\/#website"},"primaryImageOfPage":{"@id":"https:\/\/www.csj-emballages.com\/pt-pt\/produit\/10-rolos-para-terminal-de-pagamento-tpe-57-x-40-12-mm\/#primaryimage"},"image":{"@id":"https:\/\/www.csj-emballages.com\/pt-pt\/produit\/10-rolos-para-terminal-de-pagamento-tpe-57-x-40-12-mm\/#primaryimage"},"thumbnailUrl":"https:\/\/www.csj-emballages.com\/wp-content\/uploads\/2024\/03\/BTH5740AL.webp","datePublished":"2024-03-01T15:55:59+00:00","dateModified":"2026-05-02T00:10:32+00:00","description":"Rolo TPE 57x40+12 mm vendido por 10. Papel t\u00e9rmico fi\u00e1vel, impress\u00e3o n\u00edtida e compat\u00edvel com a maioria dos terminais de pagamento.","breadcrumb":{"@id":"https:\/\/www.csj-emballages.com\/pt-pt\/produit\/10-rolos-para-terminal-de-pagamento-tpe-57-x-40-12-mm\/#breadcrumb"},"inLanguage":"pt-PT","potentialAction":[{"@type":"ReadAction","target":["https:\/\/www.csj-emballages.com\/pt-pt\/produit\/10-rolos-para-terminal-de-pagamento-tpe-57-x-40-12-mm\/"]}]},{"@type":"ImageObject","inLanguage":"pt-PT","@id":"https:\/\/www.csj-emballages.com\/pt-pt\/produit\/10-rolos-para-terminal-de-pagamento-tpe-57-x-40-12-mm\/#primaryimage","url":"https:\/\/www.csj-emballages.com\/wp-content\/uploads\/2024\/03\/BTH5740AL.webp","contentUrl":"https:\/\/www.csj-emballages.com\/wp-content\/uploads\/2024\/03\/BTH5740AL.webp","width":800,"height":800,"caption":"Rouleau TPE"},{"@type":"BreadcrumbList","@id":"https:\/\/www.csj-emballages.com\/pt-pt\/produit\/10-rolos-para-terminal-de-pagamento-tpe-57-x-40-12-mm\/#breadcrumb","itemListElement":[{"@type":"ListItem","position":1,"name":"Acolhimento","item":"https:\/\/www.csj-emballages.com\/pt-pt\/universo-das-embalagens-alimentares\/"},{"@type":"ListItem","position":2,"name":"Shop","item":"https:\/\/www.csj-emballages.com\/shop\/"},{"@type":"ListItem","position":3,"name":"Rolo TPE para terminal de pagamento 57 x 40 + 12 mm por 10"}]},{"@type":"WebSite","@id":"https:\/\/www.csj-emballages.com\/pt-pt\/#website","url":"https:\/\/www.csj-emballages.com\/pt-pt\/","name":"CSJ Emballages","description":"","publisher":{"@id":"https:\/\/www.csj-emballages.com\/pt-pt\/#organization"},"potentialAction":[{"@type":"SearchAction","target":{"@type":"EntryPoint","urlTemplate":"https:\/\/www.csj-emballages.com\/pt-pt\/?s={search_term_string}"},"query-input":{"@type":"PropertyValueSpecification","valueRequired":true,"valueName":"search_term_string"}}],"inLanguage":"pt-PT"},{"@type":"Organization","@id":"https:\/\/www.csj-emballages.com\/pt-pt\/#Organization\/","name":"CSJ Emballages","url":"https:\/\/www.csj-emballages.com\/pt-pt\/","logo":{"@type":"ImageObject","inLanguage":"pt-PT","@id":"https:\/\/www.csj-emballages.com\/pt-pt\/#\/schema\/logo\/image\/","url":"https:\/\/www.csj-emballages.com\/wp-content\/uploads\/2023\/10\/logo_csj.webp","contentUrl":"https:\/\/www.csj-emballages.com\/wp-content\/uploads\/2023\/10\/logo_csj.webp","width":250,"height":95,"caption":"CSJ Emballages"},"image":{"@id":"https:\/\/www.csj-emballages.com\/pt-pt\/#\/schema\/logo\/image\/"},"sameAs":["https:\/\/www.facebook.com\/csjemballages"],"address":{"@type":"PostalAddress","streetAddress":"ZI La Lechere","addressLocality":"Patornay","postalCode":"39130","addressCountry":"FR"},"contactPoint":[{"@type":"ContactPoint","contactType":"Service client","telephone":"0384254272","email":"contact@csj-emballages.com"}]}]}},"df_price":3.38,"df_sale_price":"","df_regular_price":3.38,"df_image_link":"https:\/\/www.csj-emballages.com\/wp-content\/uploads\/2024\/03\/BTH5740AL-300x300.webp","tiered_pricing_type":"fixed","tiered_pricing_fixed_rules":[],"tiered_pricing_percentage_rules":[],"tiered_pricing_minimum":1,"tiered_pricing_roles_data":[],"_links":{"self":[{"href":"https:\/\/www.csj-emballages.com\/pt-pt\/wp-json\/wp\/v2\/product\/20054","targetHints":{"allow":["GET"]}}],"collection":[{"href":"https:\/\/www.csj-emballages.com\/pt-pt\/wp-json\/wp\/v2\/product"}],"about":[{"href":"https:\/\/www.csj-emballages.com\/pt-pt\/wp-json\/wp\/v2\/types\/product"}],"wp:featuredmedia":[{"embeddable":true,"href":"https:\/\/www.csj-emballages.com\/pt-pt\/wp-json\/wp\/v2\/media\/260605"}],"wp:attachment":[{"href":"https:\/\/www.csj-emballages.com\/pt-pt\/wp-json\/wp\/v2\/media?parent=20054"}],"wp:term":[{"taxonomy":"product_brand","embeddable":true,"href":"https:\/\/www.csj-emballages.com\/pt-pt\/wp-json\/wp\/v2\/product_brand?post=20054"},{"taxonomy":"product_cat","embeddable":true,"href":"https:\/\/www.csj-emballages.com\/pt-pt\/wp-json\/wp\/v2\/product_cat?post=20054"},{"taxonomy":"product_tag","embeddable":true,"href":"https:\/\/www.csj-emballages.com\/pt-pt\/wp-json\/wp\/v2\/product_tag?post=20054"}],"curies":[{"name":"wp","href":"https:\/\/api.w.org\/{rel}","templated":true}]}}