{"id":20000,"date":"2024-03-01T16:56:01","date_gmt":"2024-03-01T15:56:01","guid":{"rendered":"https:\/\/u15jnbdpoq.preview.infomaniak.website\/produit\/25-caixas-de-catering-brancas-43-x-33-x-6-cm\/"},"modified":"2026-05-04T11:00:47","modified_gmt":"2026-05-04T09:00:47","slug":"25-caixas-de-catering-brancas-43-x-33-x-6-cm","status":"publish","type":"product","link":"https:\/\/www.csj-emballages.com\/pt-pt\/produit\/25-caixas-de-catering-brancas-43-x-33-x-6-cm\/","title":{"rendered":"Caixa para tabuleiro de restaura\u00e7\u00e3o, branca 43 x 33 x 6 cm, embalagem de 25"},"content":{"rendered":"<h2 class=\"p1\">Caixa para tabuleiro de catering<\/h2>\n<hr>\n<h3>Descri\u00e7\u00e3o da nossa caixa de tabuleiro para restaura\u00e7\u00e3o branca 43 x 33 x 6 cm, embalagem de 25<\/h3>\n<p><!--more--><\/p>\n<p class=\"\" data-start=\"217\" data-end=\"620\">Ofere\u00e7a aos seus clientes uma apresenta\u00e7\u00e3o cuidada e profissional com esta <strong data-start=\"296\" data-end=\"335\">caixa para tabuleiros de catering branca<\/strong> com um generoso formato de <strong>43 x 33 x 6 cm<\/strong>. Vendido em embalagens de <strong>25<\/strong> unidades, foi especialmente concebido para satisfazer as necessidades de fornecedores de refei\u00e7\u00f5es, restauradores e organizadores de eventos que pretendam transportar e apresentar os seus preparados num <span style=\"color: #d12727\"><a style=\"color: #d12727\" href=\"\/?product_cat=plateaux-traiteurs\"><strong>tabuleiro de catering<\/strong><\/a><\/span> com eleg\u00e2ncia e seguran\u00e7a. Fabricada em cart\u00e3o r\u00edgido, esta <strong>caixa de catering<\/strong> aguenta-se perfeitamente durante o transporte e protege os seus pratos de qualquer dano exterior. A sua <strong>cor branca <\/strong>neutra e s\u00f3bria torna-a adequada a todos os tipos de eventos: casamentos, cocktails, recep\u00e7\u00f5es ou entregas topo de gama. Da mesma forma, o seu formato plano e largo \u00e9 ideal para conter <span style=\"color: #d12727\"><a style=\"color: #d12727\" href=\"\/?product_cat=plateaux-traiteurs\"><strong>tabuleiros<\/strong><\/a><\/span> charcutaria, queijos, petits fours, canap\u00e9s, sobremesas ou qualquer outro sortido culin\u00e1rio.    <\/p>\n<p class=\"\" data-start=\"1080\" data-end=\"1391\">Gra\u00e7as \u00e0 sua <strong data-start=\"1091\" data-end=\"1110\">altura de 6 cm<\/strong>, ajuda a manter a apresenta\u00e7\u00e3o dos seus pratos, oferecendo espa\u00e7o suficiente para os proteger sem os esmagar. Em suma, f\u00e1cil de montar, empilh\u00e1vel e leve, esta <strong>caixa para tabuleiro de restaura\u00e7\u00e3o branca<\/strong> \u00e9 simultaneamente pr\u00e1tica e elegante, uma escolha perfeita para combinar funcionalidade e est\u00e9tica. <\/p>\n<p data-start=\"1080\" data-end=\"1391\"><!--more--><\/p>\n<p data-pm-slice=\"1 1 []\"><span style=\"color: #ff0000\"><strong>*Os tabuleiros para refei\u00e7\u00f5es s\u00e3o vendidos separadamente.<\/strong><\/span><\/p>\n<h3><\/h3>\n<p><!--more--><\/p>\n<h4><strong>As suas vantagens:  <\/strong><\/h4>\n<ul>\n<li><strong data-start=\"132\" data-end=\"157\">Dimens\u00f5es generosas<\/strong>: 43 x 33 x 6 cm, perfeitas para tabuleiros de catering.<\/li>\n<li><strong data-start=\"218\" data-end=\"245\">Design simples e elegante<\/strong>: a sua cor branca torna-o ideal para todos os tipos de eventos.<\/li>\n<li><strong data-start=\"503\" data-end=\"526\">Utiliza\u00e7\u00e3o vers\u00e1til<\/strong>: ideal para buffets, aperitivos, sobremesas, pratos de queijo ou charcutaria.<\/li>\n<li><strong data-start=\"619\" data-end=\"637\">Montagem f\u00e1cil<\/strong>: economiza tempo e \u00e9 pr\u00e1tico para o uso quotidiano.<\/li>\n<li><strong data-start=\"750\" data-end=\"780\">Embalagem econ\u00f3mica<\/strong>: vendida em embalagens de 25 unidades para responder \u00e0s necessidades dos profissionais.<\/li>\n<\/ul>\n<p>&nbsp;<\/p>\n<p><!--more--><\/p>\n<h4>Outras informa\u00e7\u00f5es :<\/h4>\n<ul>\n<li><strong>Embalagem<\/strong>: Pacote de 25<\/li>\n<li><strong>Dimens\u00f5es<\/strong>: 43 x 33 x 6 (C x L x A em cm)<\/li>\n<li><strong>Material<\/strong>: Cart\u00e3o<\/li>\n<li><strong>Cor<\/strong>: Branco<\/li>\n<\/ul>\n<p>&nbsp;<\/p>\n<p><!--more--><\/p>\n<p><span style=\"color: #d12727\"><a style=\"color: #d12727\" href=\"https:\/\/www.csj-emballages.com\/pt-pt\/categorie-produit\/embalagem-de-alimentos\/talho-e-charcutaria\/tabuleiros-latas-e-frascos\/caixas-de-catering-almocos\/\">Clique aqui para ver a nossa gama de tabuleiros de catering<\/a><\/span><\/p>\n<h2><\/h2>\n<p><!--more--><\/p>\n<p>Este produto est\u00e1 dispon\u00edvel em v\u00e1rios tamanhos: <span style=\"color: #d12727\"><a style=\"color: #d12727\" href=\"https:\/\/www.csj-emballages.com\/produit\/25-boites-traiteurs-rectangles-blanches-28-x-20-x-5-cm\/\">28 x 20 x 6 cm<\/a><\/span> \/ <span style=\"color: #d12727\"><a style=\"color: #d12727\" href=\"https:\/\/www.csj-emballages.com\/pt-pt\/produit\/25-caixas-de-catering-brancas-425-x-285-x-6-cm\/\">42 x 28 x 6 cm<\/a><\/span><\/p>\n<p>&nbsp;<\/p>\n<p><!--more--><\/p>\n<p><span style=\"color: #000000\"><a style=\"color: #000000\" href=\"https:\/\/www.csj-emballages.com\/pt-pt\/categorie-produit\/embalagem-de-alimentos\/talho-e-charcutaria\/tabuleiros-latas-e-frascos\/caixas-de-catering-almocos\/\">Ver o resto da nossa gama de caixas para tabuleiros de restaura\u00e7\u00e3o<\/a><\/span><\/p>\n","protected":false},"excerpt":{"rendered":"<p>Caixa para tabuleiro de catering Descri\u00e7\u00e3o da nossa caixa de tabuleiro para restaura\u00e7\u00e3o branca 43 x 33 x 6 cm, embalagem de 25<\/p>\n","protected":false},"featured_media":230357,"template":"","meta":{"_acf_changed":false},"product_brand":[],"product_cat":[1141,1176,2289,1174,1177,3916,1258,3107,1138],"product_tag":[],"class_list":{"0":"post-20000","1":"product","2":"type-product","3":"status-publish","4":"has-post-thumbnail","6":"product_cat-embalagem-de-alimentos","7":"product_cat-talho-e-charcutaria","8":"product_cat-tabuleiros-latas-e-frascos","9":"product_cat-caixas-de-catering-almocos","10":"product_cat-padaria-e-pastelaria","11":"product_cat-caixas-e-estojos","12":"product_cat-caixas-de-pastelaria","13":"product_cat-latas-de-sobremesa","14":"product_cat-restauracao","16":"first","17":"instock","18":"taxable","19":"shipping-taxable","20":"purchasable","21":"product-type-simple"},"acf":[],"yoast_head":"<!-- This site is optimized with the Yoast SEO Premium plugin v26.6 (Yoast SEO v26.6) - https:\/\/yoast.com\/wordpress\/plugins\/seo\/ -->\n<title>Caixa para tabuleiro de catering branca 42 x 33 x 6 cm x 25<\/title>\n<meta name=\"description\" content=\"Caixa para tabuleiros de catering branca 42 x 33 x 6 cm - ideal para tabuleiros de catering, transporte seguro e apresenta\u00e7\u00e3o dos seus pratos. Embalagem de 25 unidades.\" \/>\n<meta name=\"robots\" content=\"index, follow, max-snippet:-1, max-image-preview:large, max-video-preview:-1\" \/>\n<link rel=\"canonical\" href=\"https:\/\/www.csj-emballages.com\/pt-pt\/produit\/25-caixas-de-catering-brancas-43-x-33-x-6-cm\/\" \/>\n<meta property=\"og:locale\" content=\"pt_PT\" \/>\n<meta property=\"og:type\" content=\"article\" \/>\n<meta property=\"og:title\" content=\"Caixa para tabuleiro de restaura\u00e7\u00e3o, branca 43 x 33 x 6 cm, embalagem de 25\" \/>\n<meta property=\"og:description\" content=\"Caixa para tabuleiros de catering branca 42 x 33 x 6 cm - ideal para tabuleiros de catering, transporte seguro e apresenta\u00e7\u00e3o dos seus pratos. Embalagem de 25 unidades.\" \/>\n<meta property=\"og:url\" content=\"https:\/\/www.csj-emballages.com\/pt-pt\/produit\/25-caixas-de-catering-brancas-43-x-33-x-6-cm\/\" \/>\n<meta property=\"og:site_name\" content=\"CSJ Emballages\" \/>\n<meta property=\"article:publisher\" content=\"https:\/\/www.facebook.com\/csjemballages\" \/>\n<meta property=\"article:modified_time\" content=\"2026-05-04T09:00:47+00:00\" \/>\n<meta property=\"og:image\" content=\"https:\/\/www.csj-emballages.com\/wp-content\/uploads\/2024\/03\/Boite-traiteur.webp\" \/>\n\t<meta property=\"og:image:width\" content=\"800\" \/>\n\t<meta property=\"og:image:height\" content=\"800\" \/>\n\t<meta property=\"og:image:type\" content=\"image\/webp\" \/>\n<meta name=\"twitter:card\" content=\"summary_large_image\" \/>\n<meta name=\"twitter:label1\" content=\"Tempo estimado de leitura\" \/>\n\t<meta name=\"twitter:data1\" content=\"2 minutos\" \/>\n<script type=\"application\/ld+json\" class=\"yoast-schema-graph\">{\"@context\":\"https:\/\/schema.org\",\"@graph\":[{\"@type\":\"WebPage\",\"@id\":\"https:\/\/www.csj-emballages.com\/pt-pt\/produit\/25-caixas-de-catering-brancas-43-x-33-x-6-cm\/\",\"url\":\"https:\/\/www.csj-emballages.com\/pt-pt\/produit\/25-caixas-de-catering-brancas-43-x-33-x-6-cm\/\",\"name\":\"Caixa para tabuleiro de catering branca 42 x 33 x 6 cm x 25\",\"isPartOf\":{\"@id\":\"https:\/\/www.csj-emballages.com\/pt-pt\/#website\"},\"primaryImageOfPage\":{\"@id\":\"https:\/\/www.csj-emballages.com\/pt-pt\/produit\/25-caixas-de-catering-brancas-43-x-33-x-6-cm\/#primaryimage\"},\"image\":{\"@id\":\"https:\/\/www.csj-emballages.com\/pt-pt\/produit\/25-caixas-de-catering-brancas-43-x-33-x-6-cm\/#primaryimage\"},\"thumbnailUrl\":\"https:\/\/www.csj-emballages.com\/wp-content\/uploads\/2024\/03\/Boite-traiteur.webp\",\"datePublished\":\"2024-03-01T15:56:01+00:00\",\"dateModified\":\"2026-05-04T09:00:47+00:00\",\"description\":\"Caixa para tabuleiros de catering branca 42 x 33 x 6 cm - ideal para tabuleiros de catering, transporte seguro e apresenta\u00e7\u00e3o dos seus pratos. Embalagem de 25 unidades.\",\"breadcrumb\":{\"@id\":\"https:\/\/www.csj-emballages.com\/pt-pt\/produit\/25-caixas-de-catering-brancas-43-x-33-x-6-cm\/#breadcrumb\"},\"inLanguage\":\"pt-PT\",\"potentialAction\":[{\"@type\":\"ReadAction\",\"target\":[\"https:\/\/www.csj-emballages.com\/pt-pt\/produit\/25-caixas-de-catering-brancas-43-x-33-x-6-cm\/\"]}]},{\"@type\":\"ImageObject\",\"inLanguage\":\"pt-PT\",\"@id\":\"https:\/\/www.csj-emballages.com\/pt-pt\/produit\/25-caixas-de-catering-brancas-43-x-33-x-6-cm\/#primaryimage\",\"url\":\"https:\/\/www.csj-emballages.com\/wp-content\/uploads\/2024\/03\/Boite-traiteur.webp\",\"contentUrl\":\"https:\/\/www.csj-emballages.com\/wp-content\/uploads\/2024\/03\/Boite-traiteur.webp\",\"width\":800,\"height\":800,\"caption\":\"Boite pour plateau traiteur\"},{\"@type\":\"BreadcrumbList\",\"@id\":\"https:\/\/www.csj-emballages.com\/pt-pt\/produit\/25-caixas-de-catering-brancas-43-x-33-x-6-cm\/#breadcrumb\",\"itemListElement\":[{\"@type\":\"ListItem\",\"position\":1,\"name\":\"Acolhimento\",\"item\":\"https:\/\/www.csj-emballages.com\/pt-pt\/universo-das-embalagens-alimentares\/\"},{\"@type\":\"ListItem\",\"position\":2,\"name\":\"Shop\",\"item\":\"https:\/\/www.csj-emballages.com\/shop\/\"},{\"@type\":\"ListItem\",\"position\":3,\"name\":\"Caixa para tabuleiro de restaura\u00e7\u00e3o, branca 43 x 33 x 6 cm, embalagem de 25\"}]},{\"@type\":\"WebSite\",\"@id\":\"https:\/\/www.csj-emballages.com\/pt-pt\/#website\",\"url\":\"https:\/\/www.csj-emballages.com\/pt-pt\/\",\"name\":\"CSJ Emballages\",\"description\":\"\",\"publisher\":{\"@id\":\"https:\/\/www.csj-emballages.com\/pt-pt\/#organization\"},\"potentialAction\":[{\"@type\":\"SearchAction\",\"target\":{\"@type\":\"EntryPoint\",\"urlTemplate\":\"https:\/\/www.csj-emballages.com\/pt-pt\/?s={search_term_string}\"},\"query-input\":{\"@type\":\"PropertyValueSpecification\",\"valueRequired\":true,\"valueName\":\"search_term_string\"}}],\"inLanguage\":\"pt-PT\"},{\"@type\":\"Organization\",\"@id\":\"https:\/\/www.csj-emballages.com\/pt-pt\/#Organization\/\",\"name\":\"CSJ Emballages\",\"url\":\"https:\/\/www.csj-emballages.com\/pt-pt\/\",\"logo\":{\"@type\":\"ImageObject\",\"inLanguage\":\"pt-PT\",\"@id\":\"https:\/\/www.csj-emballages.com\/pt-pt\/#\/schema\/logo\/image\/\",\"url\":\"https:\/\/www.csj-emballages.com\/wp-content\/uploads\/2023\/10\/logo_csj.webp\",\"contentUrl\":\"https:\/\/www.csj-emballages.com\/wp-content\/uploads\/2023\/10\/logo_csj.webp\",\"width\":250,\"height\":95,\"caption\":\"CSJ Emballages\"},\"image\":{\"@id\":\"https:\/\/www.csj-emballages.com\/pt-pt\/#\/schema\/logo\/image\/\"},\"sameAs\":[\"https:\/\/www.facebook.com\/csjemballages\"],\"address\":{\"@type\":\"PostalAddress\",\"streetAddress\":\"ZI La Lechere\",\"addressLocality\":\"Patornay\",\"postalCode\":\"39130\",\"addressCountry\":\"FR\"},\"contactPoint\":[{\"@type\":\"ContactPoint\",\"contactType\":\"Service client\",\"telephone\":\"0384254272\",\"email\":\"contact@csj-emballages.com\"}]}]}<\/script>\n<!-- \/ Yoast SEO Premium plugin. -->","yoast_head_json":{"title":"Caixa para tabuleiro de catering branca 42 x 33 x 6 cm x 25","description":"Caixa para tabuleiros de catering branca 42 x 33 x 6 cm - ideal para tabuleiros de catering, transporte seguro e apresenta\u00e7\u00e3o dos seus pratos. Embalagem de 25 unidades.","robots":{"index":"index","follow":"follow","max-snippet":"max-snippet:-1","max-image-preview":"max-image-preview:large","max-video-preview":"max-video-preview:-1"},"canonical":"https:\/\/www.csj-emballages.com\/pt-pt\/produit\/25-caixas-de-catering-brancas-43-x-33-x-6-cm\/","og_locale":"pt_PT","og_type":"article","og_title":"Caixa para tabuleiro de restaura\u00e7\u00e3o, branca 43 x 33 x 6 cm, embalagem de 25","og_description":"Caixa para tabuleiros de catering branca 42 x 33 x 6 cm - ideal para tabuleiros de catering, transporte seguro e apresenta\u00e7\u00e3o dos seus pratos. Embalagem de 25 unidades.","og_url":"https:\/\/www.csj-emballages.com\/pt-pt\/produit\/25-caixas-de-catering-brancas-43-x-33-x-6-cm\/","og_site_name":"CSJ Emballages","article_publisher":"https:\/\/www.facebook.com\/csjemballages","article_modified_time":"2026-05-04T09:00:47+00:00","og_image":[{"width":800,"height":800,"url":"https:\/\/www.csj-emballages.com\/wp-content\/uploads\/2024\/03\/Boite-traiteur.webp","type":"image\/webp"}],"twitter_card":"summary_large_image","twitter_misc":{"Tempo estimado de leitura":"2 minutos"},"schema":{"@context":"https:\/\/schema.org","@graph":[{"@type":"WebPage","@id":"https:\/\/www.csj-emballages.com\/pt-pt\/produit\/25-caixas-de-catering-brancas-43-x-33-x-6-cm\/","url":"https:\/\/www.csj-emballages.com\/pt-pt\/produit\/25-caixas-de-catering-brancas-43-x-33-x-6-cm\/","name":"Caixa para tabuleiro de catering branca 42 x 33 x 6 cm x 25","isPartOf":{"@id":"https:\/\/www.csj-emballages.com\/pt-pt\/#website"},"primaryImageOfPage":{"@id":"https:\/\/www.csj-emballages.com\/pt-pt\/produit\/25-caixas-de-catering-brancas-43-x-33-x-6-cm\/#primaryimage"},"image":{"@id":"https:\/\/www.csj-emballages.com\/pt-pt\/produit\/25-caixas-de-catering-brancas-43-x-33-x-6-cm\/#primaryimage"},"thumbnailUrl":"https:\/\/www.csj-emballages.com\/wp-content\/uploads\/2024\/03\/Boite-traiteur.webp","datePublished":"2024-03-01T15:56:01+00:00","dateModified":"2026-05-04T09:00:47+00:00","description":"Caixa para tabuleiros de catering branca 42 x 33 x 6 cm - ideal para tabuleiros de catering, transporte seguro e apresenta\u00e7\u00e3o dos seus pratos. Embalagem de 25 unidades.","breadcrumb":{"@id":"https:\/\/www.csj-emballages.com\/pt-pt\/produit\/25-caixas-de-catering-brancas-43-x-33-x-6-cm\/#breadcrumb"},"inLanguage":"pt-PT","potentialAction":[{"@type":"ReadAction","target":["https:\/\/www.csj-emballages.com\/pt-pt\/produit\/25-caixas-de-catering-brancas-43-x-33-x-6-cm\/"]}]},{"@type":"ImageObject","inLanguage":"pt-PT","@id":"https:\/\/www.csj-emballages.com\/pt-pt\/produit\/25-caixas-de-catering-brancas-43-x-33-x-6-cm\/#primaryimage","url":"https:\/\/www.csj-emballages.com\/wp-content\/uploads\/2024\/03\/Boite-traiteur.webp","contentUrl":"https:\/\/www.csj-emballages.com\/wp-content\/uploads\/2024\/03\/Boite-traiteur.webp","width":800,"height":800,"caption":"Boite pour plateau traiteur"},{"@type":"BreadcrumbList","@id":"https:\/\/www.csj-emballages.com\/pt-pt\/produit\/25-caixas-de-catering-brancas-43-x-33-x-6-cm\/#breadcrumb","itemListElement":[{"@type":"ListItem","position":1,"name":"Acolhimento","item":"https:\/\/www.csj-emballages.com\/pt-pt\/universo-das-embalagens-alimentares\/"},{"@type":"ListItem","position":2,"name":"Shop","item":"https:\/\/www.csj-emballages.com\/shop\/"},{"@type":"ListItem","position":3,"name":"Caixa para tabuleiro de restaura\u00e7\u00e3o, branca 43 x 33 x 6 cm, embalagem de 25"}]},{"@type":"WebSite","@id":"https:\/\/www.csj-emballages.com\/pt-pt\/#website","url":"https:\/\/www.csj-emballages.com\/pt-pt\/","name":"CSJ Emballages","description":"","publisher":{"@id":"https:\/\/www.csj-emballages.com\/pt-pt\/#organization"},"potentialAction":[{"@type":"SearchAction","target":{"@type":"EntryPoint","urlTemplate":"https:\/\/www.csj-emballages.com\/pt-pt\/?s={search_term_string}"},"query-input":{"@type":"PropertyValueSpecification","valueRequired":true,"valueName":"search_term_string"}}],"inLanguage":"pt-PT"},{"@type":"Organization","@id":"https:\/\/www.csj-emballages.com\/pt-pt\/#Organization\/","name":"CSJ Emballages","url":"https:\/\/www.csj-emballages.com\/pt-pt\/","logo":{"@type":"ImageObject","inLanguage":"pt-PT","@id":"https:\/\/www.csj-emballages.com\/pt-pt\/#\/schema\/logo\/image\/","url":"https:\/\/www.csj-emballages.com\/wp-content\/uploads\/2023\/10\/logo_csj.webp","contentUrl":"https:\/\/www.csj-emballages.com\/wp-content\/uploads\/2023\/10\/logo_csj.webp","width":250,"height":95,"caption":"CSJ Emballages"},"image":{"@id":"https:\/\/www.csj-emballages.com\/pt-pt\/#\/schema\/logo\/image\/"},"sameAs":["https:\/\/www.facebook.com\/csjemballages"],"address":{"@type":"PostalAddress","streetAddress":"ZI La Lechere","addressLocality":"Patornay","postalCode":"39130","addressCountry":"FR"},"contactPoint":[{"@type":"ContactPoint","contactType":"Service client","telephone":"0384254272","email":"contact@csj-emballages.com"}]}]}},"df_price":15.46,"df_sale_price":"","df_regular_price":15.46,"df_image_link":"https:\/\/www.csj-emballages.com\/wp-content\/uploads\/2024\/03\/Boite-traiteur-300x300.webp","tiered_pricing_type":"fixed","tiered_pricing_fixed_rules":[],"tiered_pricing_percentage_rules":[],"tiered_pricing_minimum":1,"tiered_pricing_roles_data":[],"_links":{"self":[{"href":"https:\/\/www.csj-emballages.com\/pt-pt\/wp-json\/wp\/v2\/product\/20000","targetHints":{"allow":["GET"]}}],"collection":[{"href":"https:\/\/www.csj-emballages.com\/pt-pt\/wp-json\/wp\/v2\/product"}],"about":[{"href":"https:\/\/www.csj-emballages.com\/pt-pt\/wp-json\/wp\/v2\/types\/product"}],"wp:featuredmedia":[{"embeddable":true,"href":"https:\/\/www.csj-emballages.com\/pt-pt\/wp-json\/wp\/v2\/media\/230357"}],"wp:attachment":[{"href":"https:\/\/www.csj-emballages.com\/pt-pt\/wp-json\/wp\/v2\/media?parent=20000"}],"wp:term":[{"taxonomy":"product_brand","embeddable":true,"href":"https:\/\/www.csj-emballages.com\/pt-pt\/wp-json\/wp\/v2\/product_brand?post=20000"},{"taxonomy":"product_cat","embeddable":true,"href":"https:\/\/www.csj-emballages.com\/pt-pt\/wp-json\/wp\/v2\/product_cat?post=20000"},{"taxonomy":"product_tag","embeddable":true,"href":"https:\/\/www.csj-emballages.com\/pt-pt\/wp-json\/wp\/v2\/product_tag?post=20000"}],"curies":[{"name":"wp","href":"https:\/\/api.w.org\/{rel}","templated":true}]}}