{"id":19974,"date":"2024-03-01T16:56:02","date_gmt":"2024-03-01T15:56:02","guid":{"rendered":"https:\/\/u15jnbdpoq.preview.infomaniak.website\/produit\/25-caixas-rectangulares-de-catering-em-kraft-345-x-258-x-6-cm\/"},"modified":"2026-04-29T02:12:09","modified_gmt":"2026-04-29T00:12:09","slug":"25-caixas-rectangulares-de-catering-em-kraft-345-x-258-x-6-cm","status":"publish","type":"product","link":"https:\/\/www.csj-emballages.com\/pt-pt\/produit\/25-caixas-rectangulares-de-catering-em-kraft-345-x-258-x-6-cm\/","title":{"rendered":"Caixa de catering retangular em cart\u00e3o 34,5 x 25,8 x 6 cm, embalagem de 25"},"content":{"rendered":"<h2>Caixa de catering<\/h2>\n<hr>\n<h3>Descri\u00e7\u00e3o da nossa caixa retangular de cart\u00e3o para restaura\u00e7\u00e3o 34,5 x 25,8 x 6 cm, embalagem de 25<\/h3>\n<p><!--more--><\/p>\n<p data-start=\"83\" data-end=\"434\">Esta <strong data-start=\"117\" data-end=\"159\">caixa de catering retangular em cart\u00e3o<\/strong> \u00e9 a solu\u00e7\u00e3o ideal para o acondicionamento e o transporte das suas prepara\u00e7\u00f5es culin\u00e1rias. Concebida para responder \u00e0s necessidades de empresas de catering, restaurantes e particulares, oferece uma alternativa ecol\u00f3gica e est\u00e9tica \u00e0s embalagens de pl\u00e1stico tradicionais. <\/p>\n<p data-start=\"436\" data-end=\"759\">Com as suas dimens\u00f5es generosas de<strong data-start=\"445\" data-end=\"491\"> 34,5 x 25,8 x 6 cm<\/strong>, pode conter uma grande variedade de pratos: buffets frios, prepara\u00e7\u00f5es quentes, pastelaria, carnes frias e refei\u00e7\u00f5es prontas. O seu design s\u00f3brio e elegante valoriza os seus pratos, garantindo um manuseamento f\u00e1cil e um transporte seguro. <\/p>\n<p data-start=\"761\" data-end=\"990\">Fabricada em <strong data-start=\"774\" data-end=\"796\">cart\u00e3o<\/strong>, esta <strong>caixa<\/strong> resistente mant\u00e9m os seus alimentos frescos e de alta qualidade. Empilh\u00e1vel e leve, optimiza a arruma\u00e7\u00e3o e facilita a organiza\u00e7\u00e3o na cozinha ou em eventos. <\/p>\n<p data-start=\"108\" data-end=\"487\"><!--more--><\/p>\n<h4>As suas vantagens:<\/h4>\n<ul>\n<li data-start=\"1014\" data-end=\"1114\"><strong data-start=\"1016\" data-end=\"1036\">Material resistente<\/strong>: Fabricado em cart\u00e3o espesso, garante uma boa resist\u00eancia aos choques e \u00e0 humidade.<\/li>\n<li data-start=\"1115\" data-end=\"1206\"><strong data-start=\"1117\" data-end=\"1131\">Ecol\u00f3gico<\/strong>: Uma alternativa sustent\u00e1vel e recicl\u00e1vel que reduz o impacto ambiental.<\/li>\n<li data-start=\"1207\" data-end=\"1295\"><strong data-start=\"1209\" data-end=\"1228\">Grande capacidade<\/strong>: Formato adequado para pratos grandes ou sortidos variados.<\/li>\n<li data-start=\"1296\" data-end=\"1392\"><strong data-start=\"1298\" data-end=\"1313\">Vers\u00e1til<\/strong>: Ideal para catering, takeaway, buffets e eventos.<\/li>\n<li data-start=\"1393\" data-end=\"1471\"><strong data-start=\"1395\" data-end=\"1421\">Facilidade de utiliza\u00e7\u00e3o<\/strong>: f\u00e1cil de empilhar, armazenar e manusear.<\/li>\n<li data-start=\"1472\" data-end=\"1558\"><strong data-start=\"1474\" data-end=\"1498\">Apresenta\u00e7\u00e3o meticulosa<\/strong>: design simples e elegante para valorizar as suas cria\u00e7\u00f5es.<\/li>\n<\/ul>\n<p>&nbsp;<\/p>\n<p><!--more--><\/p>\n<h4>Outras informa\u00e7\u00f5es :<\/h4>\n<ul>\n<li><strong>Embalagem<\/strong>: Pacote de 25<\/li>\n<li><strong>Dimens\u00f5es<\/strong>: 34,5 x 25,8 x 6 cm<\/li>\n<li><strong>Material<\/strong>: Cart\u00e3o<\/li>\n<li><strong>Cor<\/strong>: castanho<\/li>\n<li><strong>Tipo de tampa<\/strong>: Dobradi\u00e7a<\/li>\n<\/ul>\n<p>&nbsp;<\/p>\n<p><!--more--><\/p>\n<p>Encontre aqui os tabuleiros de catering compat\u00edveis com esta caixa de catering: <span style=\"color: #d12727;\"><a style=\"color: #d12727;\" href=\"https:\/\/www.csj-emballages.com\/pt-pt\/produit\/25-tabuleiros-de-catering-dourados-25-x-34-cm\/\">PLTOR2534<\/a><\/span><\/p>\n<p>&nbsp;<\/p>\n<p><!--more--><\/p>\n<p><a href=\"https:\/\/www.csj-emballages.com\/pt-pt\/categorie-produit\/embalagem-de-alimentos\/talho-e-charcutaria\/tabuleiros-latas-e-frascos\/caixas-de-catering-almocos\/\">V\u00ea o resto da nossa gama de caixas de catering<\/a><\/p>\n","protected":false},"excerpt":{"rendered":"<p>Caixa de catering Descri\u00e7\u00e3o da nossa caixa retangular de cart\u00e3o para restaura\u00e7\u00e3o 34,5 x 25,8 x 6 cm, embalagem de 25<\/p>\n","protected":false},"featured_media":10144,"template":"","meta":{"_acf_changed":false},"product_brand":[],"product_cat":[1141,1176,1174,1177,3916,1258,3107],"product_tag":[],"class_list":{"0":"post-19974","1":"product","2":"type-product","3":"status-publish","4":"has-post-thumbnail","6":"product_cat-embalagem-de-alimentos","7":"product_cat-talho-e-charcutaria","8":"product_cat-caixas-de-catering-almocos","9":"product_cat-padaria-e-pastelaria","10":"product_cat-caixas-e-estojos","11":"product_cat-caixas-de-pastelaria","12":"product_cat-latas-de-sobremesa","14":"first","15":"instock","16":"taxable","17":"shipping-taxable","18":"purchasable","19":"product-type-simple"},"acf":[],"yoast_head":"<!-- This site is optimized with the Yoast SEO Premium plugin v26.6 (Yoast SEO v26.6) - https:\/\/yoast.com\/wordpress\/plugins\/seo\/ -->\n<title>Caixa de cart\u00e3o retangular para catering 34,5 x 25,8 x 6 cm, 25 unidades<\/title>\n<meta name=\"description\" content=\"Caixa retangular de cart\u00e3o para restaura\u00e7\u00e3o 34 x 25 x 6 cm. Ideal para empresas de catering e propriet\u00e1rios de restaurantes, garante um transporte seguro e uma apresenta\u00e7\u00e3o cuidada.\" \/>\n<meta name=\"robots\" content=\"index, follow, max-snippet:-1, max-image-preview:large, max-video-preview:-1\" \/>\n<link rel=\"canonical\" href=\"https:\/\/www.csj-emballages.com\/pt-pt\/produit\/25-caixas-rectangulares-de-catering-em-kraft-345-x-258-x-6-cm\/\" \/>\n<meta property=\"og:locale\" content=\"pt_PT\" \/>\n<meta property=\"og:type\" content=\"article\" \/>\n<meta property=\"og:title\" content=\"Caixa de catering retangular em cart\u00e3o 34,5 x 25,8 x 6 cm, embalagem de 25\" \/>\n<meta property=\"og:description\" content=\"Caixa retangular de cart\u00e3o para restaura\u00e7\u00e3o 34 x 25 x 6 cm. Ideal para empresas de catering e propriet\u00e1rios de restaurantes, garante um transporte seguro e uma apresenta\u00e7\u00e3o cuidada.\" \/>\n<meta property=\"og:url\" content=\"https:\/\/www.csj-emballages.com\/pt-pt\/produit\/25-caixas-rectangulares-de-catering-em-kraft-345-x-258-x-6-cm\/\" \/>\n<meta property=\"og:site_name\" content=\"CSJ Emballages\" \/>\n<meta property=\"article:publisher\" content=\"https:\/\/www.facebook.com\/csjemballages\" \/>\n<meta property=\"article:modified_time\" content=\"2026-04-29T00:12:09+00:00\" \/>\n<meta property=\"og:image\" content=\"https:\/\/www.csj-emballages.com\/wp-content\/uploads\/2024\/03\/boite-traiteur-lunch-carton-rectangle-verrine-plateau-kraft-qualite-apero-bu-jpg.webp\" \/>\n\t<meta property=\"og:image:width\" content=\"800\" \/>\n\t<meta property=\"og:image:height\" content=\"800\" \/>\n\t<meta property=\"og:image:type\" content=\"image\/jpeg\" \/>\n<meta name=\"twitter:card\" content=\"summary_large_image\" \/>\n<meta name=\"twitter:label1\" content=\"Tempo estimado de leitura\" \/>\n\t<meta name=\"twitter:data1\" content=\"1 minuto\" \/>\n<script type=\"application\/ld+json\" class=\"yoast-schema-graph\">{\"@context\":\"https:\/\/schema.org\",\"@graph\":[{\"@type\":\"WebPage\",\"@id\":\"https:\/\/www.csj-emballages.com\/pt-pt\/produit\/25-caixas-rectangulares-de-catering-em-kraft-345-x-258-x-6-cm\/\",\"url\":\"https:\/\/www.csj-emballages.com\/pt-pt\/produit\/25-caixas-rectangulares-de-catering-em-kraft-345-x-258-x-6-cm\/\",\"name\":\"Caixa de cart\u00e3o retangular para catering 34,5 x 25,8 x 6 cm, 25 unidades\",\"isPartOf\":{\"@id\":\"https:\/\/www.csj-emballages.com\/pt-pt\/#website\"},\"primaryImageOfPage\":{\"@id\":\"https:\/\/www.csj-emballages.com\/pt-pt\/produit\/25-caixas-rectangulares-de-catering-em-kraft-345-x-258-x-6-cm\/#primaryimage\"},\"image\":{\"@id\":\"https:\/\/www.csj-emballages.com\/pt-pt\/produit\/25-caixas-rectangulares-de-catering-em-kraft-345-x-258-x-6-cm\/#primaryimage\"},\"thumbnailUrl\":\"https:\/\/www.csj-emballages.com\/wp-content\/uploads\/2024\/03\/boite-traiteur-lunch-carton-rectangle-verrine-plateau-kraft-qualite-apero-bu-jpg.webp\",\"datePublished\":\"2024-03-01T15:56:02+00:00\",\"dateModified\":\"2026-04-29T00:12:09+00:00\",\"description\":\"Caixa retangular de cart\u00e3o para restaura\u00e7\u00e3o 34 x 25 x 6 cm. Ideal para empresas de catering e propriet\u00e1rios de restaurantes, garante um transporte seguro e uma apresenta\u00e7\u00e3o cuidada.\",\"breadcrumb\":{\"@id\":\"https:\/\/www.csj-emballages.com\/pt-pt\/produit\/25-caixas-rectangulares-de-catering-em-kraft-345-x-258-x-6-cm\/#breadcrumb\"},\"inLanguage\":\"pt-PT\",\"potentialAction\":[{\"@type\":\"ReadAction\",\"target\":[\"https:\/\/www.csj-emballages.com\/pt-pt\/produit\/25-caixas-rectangulares-de-catering-em-kraft-345-x-258-x-6-cm\/\"]}]},{\"@type\":\"ImageObject\",\"inLanguage\":\"pt-PT\",\"@id\":\"https:\/\/www.csj-emballages.com\/pt-pt\/produit\/25-caixas-rectangulares-de-catering-em-kraft-345-x-258-x-6-cm\/#primaryimage\",\"url\":\"https:\/\/www.csj-emballages.com\/wp-content\/uploads\/2024\/03\/boite-traiteur-lunch-carton-rectangle-verrine-plateau-kraft-qualite-apero-bu-jpg.webp\",\"contentUrl\":\"https:\/\/www.csj-emballages.com\/wp-content\/uploads\/2024\/03\/boite-traiteur-lunch-carton-rectangle-verrine-plateau-kraft-qualite-apero-bu-jpg.webp\",\"width\":800,\"height\":800,\"caption\":\"boite traiteur\"},{\"@type\":\"BreadcrumbList\",\"@id\":\"https:\/\/www.csj-emballages.com\/pt-pt\/produit\/25-caixas-rectangulares-de-catering-em-kraft-345-x-258-x-6-cm\/#breadcrumb\",\"itemListElement\":[{\"@type\":\"ListItem\",\"position\":1,\"name\":\"Acolhimento\",\"item\":\"https:\/\/www.csj-emballages.com\/pt-pt\/universo-das-embalagens-alimentares\/\"},{\"@type\":\"ListItem\",\"position\":2,\"name\":\"Shop\",\"item\":\"https:\/\/www.csj-emballages.com\/shop\/\"},{\"@type\":\"ListItem\",\"position\":3,\"name\":\"Caixa de catering retangular em cart\u00e3o 34,5 x 25,8 x 6 cm, embalagem de 25\"}]},{\"@type\":\"WebSite\",\"@id\":\"https:\/\/www.csj-emballages.com\/pt-pt\/#website\",\"url\":\"https:\/\/www.csj-emballages.com\/pt-pt\/\",\"name\":\"CSJ Emballages\",\"description\":\"\",\"publisher\":{\"@id\":\"https:\/\/www.csj-emballages.com\/pt-pt\/#organization\"},\"potentialAction\":[{\"@type\":\"SearchAction\",\"target\":{\"@type\":\"EntryPoint\",\"urlTemplate\":\"https:\/\/www.csj-emballages.com\/pt-pt\/?s={search_term_string}\"},\"query-input\":{\"@type\":\"PropertyValueSpecification\",\"valueRequired\":true,\"valueName\":\"search_term_string\"}}],\"inLanguage\":\"pt-PT\"},{\"@type\":\"Organization\",\"@id\":\"https:\/\/www.csj-emballages.com\/pt-pt\/#Organization\/\",\"name\":\"CSJ Emballages\",\"url\":\"https:\/\/www.csj-emballages.com\/pt-pt\/\",\"logo\":{\"@type\":\"ImageObject\",\"inLanguage\":\"pt-PT\",\"@id\":\"https:\/\/www.csj-emballages.com\/pt-pt\/#\/schema\/logo\/image\/\",\"url\":\"https:\/\/www.csj-emballages.com\/wp-content\/uploads\/2023\/10\/logo_csj.webp\",\"contentUrl\":\"https:\/\/www.csj-emballages.com\/wp-content\/uploads\/2023\/10\/logo_csj.webp\",\"width\":250,\"height\":95,\"caption\":\"CSJ Emballages\"},\"image\":{\"@id\":\"https:\/\/www.csj-emballages.com\/pt-pt\/#\/schema\/logo\/image\/\"},\"sameAs\":[\"https:\/\/www.facebook.com\/csjemballages\"],\"address\":{\"@type\":\"PostalAddress\",\"streetAddress\":\"ZI La Lechere\",\"addressLocality\":\"Patornay\",\"postalCode\":\"39130\",\"addressCountry\":\"FR\"},\"contactPoint\":[{\"@type\":\"ContactPoint\",\"contactType\":\"Service client\",\"telephone\":\"0384254272\",\"email\":\"contact@csj-emballages.com\"}]}]}<\/script>\n<!-- \/ Yoast SEO Premium plugin. -->","yoast_head_json":{"title":"Caixa de cart\u00e3o retangular para catering 34,5 x 25,8 x 6 cm, 25 unidades","description":"Caixa retangular de cart\u00e3o para restaura\u00e7\u00e3o 34 x 25 x 6 cm. Ideal para empresas de catering e propriet\u00e1rios de restaurantes, garante um transporte seguro e uma apresenta\u00e7\u00e3o cuidada.","robots":{"index":"index","follow":"follow","max-snippet":"max-snippet:-1","max-image-preview":"max-image-preview:large","max-video-preview":"max-video-preview:-1"},"canonical":"https:\/\/www.csj-emballages.com\/pt-pt\/produit\/25-caixas-rectangulares-de-catering-em-kraft-345-x-258-x-6-cm\/","og_locale":"pt_PT","og_type":"article","og_title":"Caixa de catering retangular em cart\u00e3o 34,5 x 25,8 x 6 cm, embalagem de 25","og_description":"Caixa retangular de cart\u00e3o para restaura\u00e7\u00e3o 34 x 25 x 6 cm. Ideal para empresas de catering e propriet\u00e1rios de restaurantes, garante um transporte seguro e uma apresenta\u00e7\u00e3o cuidada.","og_url":"https:\/\/www.csj-emballages.com\/pt-pt\/produit\/25-caixas-rectangulares-de-catering-em-kraft-345-x-258-x-6-cm\/","og_site_name":"CSJ Emballages","article_publisher":"https:\/\/www.facebook.com\/csjemballages","article_modified_time":"2026-04-29T00:12:09+00:00","og_image":[{"width":800,"height":800,"url":"https:\/\/www.csj-emballages.com\/wp-content\/uploads\/2024\/03\/boite-traiteur-lunch-carton-rectangle-verrine-plateau-kraft-qualite-apero-bu-jpg.webp","type":"image\/jpeg"}],"twitter_card":"summary_large_image","twitter_misc":{"Tempo estimado de leitura":"1 minuto"},"schema":{"@context":"https:\/\/schema.org","@graph":[{"@type":"WebPage","@id":"https:\/\/www.csj-emballages.com\/pt-pt\/produit\/25-caixas-rectangulares-de-catering-em-kraft-345-x-258-x-6-cm\/","url":"https:\/\/www.csj-emballages.com\/pt-pt\/produit\/25-caixas-rectangulares-de-catering-em-kraft-345-x-258-x-6-cm\/","name":"Caixa de cart\u00e3o retangular para catering 34,5 x 25,8 x 6 cm, 25 unidades","isPartOf":{"@id":"https:\/\/www.csj-emballages.com\/pt-pt\/#website"},"primaryImageOfPage":{"@id":"https:\/\/www.csj-emballages.com\/pt-pt\/produit\/25-caixas-rectangulares-de-catering-em-kraft-345-x-258-x-6-cm\/#primaryimage"},"image":{"@id":"https:\/\/www.csj-emballages.com\/pt-pt\/produit\/25-caixas-rectangulares-de-catering-em-kraft-345-x-258-x-6-cm\/#primaryimage"},"thumbnailUrl":"https:\/\/www.csj-emballages.com\/wp-content\/uploads\/2024\/03\/boite-traiteur-lunch-carton-rectangle-verrine-plateau-kraft-qualite-apero-bu-jpg.webp","datePublished":"2024-03-01T15:56:02+00:00","dateModified":"2026-04-29T00:12:09+00:00","description":"Caixa retangular de cart\u00e3o para restaura\u00e7\u00e3o 34 x 25 x 6 cm. Ideal para empresas de catering e propriet\u00e1rios de restaurantes, garante um transporte seguro e uma apresenta\u00e7\u00e3o cuidada.","breadcrumb":{"@id":"https:\/\/www.csj-emballages.com\/pt-pt\/produit\/25-caixas-rectangulares-de-catering-em-kraft-345-x-258-x-6-cm\/#breadcrumb"},"inLanguage":"pt-PT","potentialAction":[{"@type":"ReadAction","target":["https:\/\/www.csj-emballages.com\/pt-pt\/produit\/25-caixas-rectangulares-de-catering-em-kraft-345-x-258-x-6-cm\/"]}]},{"@type":"ImageObject","inLanguage":"pt-PT","@id":"https:\/\/www.csj-emballages.com\/pt-pt\/produit\/25-caixas-rectangulares-de-catering-em-kraft-345-x-258-x-6-cm\/#primaryimage","url":"https:\/\/www.csj-emballages.com\/wp-content\/uploads\/2024\/03\/boite-traiteur-lunch-carton-rectangle-verrine-plateau-kraft-qualite-apero-bu-jpg.webp","contentUrl":"https:\/\/www.csj-emballages.com\/wp-content\/uploads\/2024\/03\/boite-traiteur-lunch-carton-rectangle-verrine-plateau-kraft-qualite-apero-bu-jpg.webp","width":800,"height":800,"caption":"boite traiteur"},{"@type":"BreadcrumbList","@id":"https:\/\/www.csj-emballages.com\/pt-pt\/produit\/25-caixas-rectangulares-de-catering-em-kraft-345-x-258-x-6-cm\/#breadcrumb","itemListElement":[{"@type":"ListItem","position":1,"name":"Acolhimento","item":"https:\/\/www.csj-emballages.com\/pt-pt\/universo-das-embalagens-alimentares\/"},{"@type":"ListItem","position":2,"name":"Shop","item":"https:\/\/www.csj-emballages.com\/shop\/"},{"@type":"ListItem","position":3,"name":"Caixa de catering retangular em cart\u00e3o 34,5 x 25,8 x 6 cm, embalagem de 25"}]},{"@type":"WebSite","@id":"https:\/\/www.csj-emballages.com\/pt-pt\/#website","url":"https:\/\/www.csj-emballages.com\/pt-pt\/","name":"CSJ Emballages","description":"","publisher":{"@id":"https:\/\/www.csj-emballages.com\/pt-pt\/#organization"},"potentialAction":[{"@type":"SearchAction","target":{"@type":"EntryPoint","urlTemplate":"https:\/\/www.csj-emballages.com\/pt-pt\/?s={search_term_string}"},"query-input":{"@type":"PropertyValueSpecification","valueRequired":true,"valueName":"search_term_string"}}],"inLanguage":"pt-PT"},{"@type":"Organization","@id":"https:\/\/www.csj-emballages.com\/pt-pt\/#Organization\/","name":"CSJ Emballages","url":"https:\/\/www.csj-emballages.com\/pt-pt\/","logo":{"@type":"ImageObject","inLanguage":"pt-PT","@id":"https:\/\/www.csj-emballages.com\/pt-pt\/#\/schema\/logo\/image\/","url":"https:\/\/www.csj-emballages.com\/wp-content\/uploads\/2023\/10\/logo_csj.webp","contentUrl":"https:\/\/www.csj-emballages.com\/wp-content\/uploads\/2023\/10\/logo_csj.webp","width":250,"height":95,"caption":"CSJ Emballages"},"image":{"@id":"https:\/\/www.csj-emballages.com\/pt-pt\/#\/schema\/logo\/image\/"},"sameAs":["https:\/\/www.facebook.com\/csjemballages"],"address":{"@type":"PostalAddress","streetAddress":"ZI La Lechere","addressLocality":"Patornay","postalCode":"39130","addressCountry":"FR"},"contactPoint":[{"@type":"ContactPoint","contactType":"Service client","telephone":"0384254272","email":"contact@csj-emballages.com"}]}]}},"df_price":14.66,"df_sale_price":"","df_regular_price":14.66,"df_image_link":"https:\/\/www.csj-emballages.com\/wp-content\/uploads\/2024\/03\/boite-traiteur-lunch-carton-rectangle-verrine-plateau-kraft-qualite-apero-bu-300x300.webp","tiered_pricing_type":"fixed","tiered_pricing_fixed_rules":[],"tiered_pricing_percentage_rules":[],"tiered_pricing_minimum":1,"tiered_pricing_roles_data":[],"_links":{"self":[{"href":"https:\/\/www.csj-emballages.com\/pt-pt\/wp-json\/wp\/v2\/product\/19974","targetHints":{"allow":["GET"]}}],"collection":[{"href":"https:\/\/www.csj-emballages.com\/pt-pt\/wp-json\/wp\/v2\/product"}],"about":[{"href":"https:\/\/www.csj-emballages.com\/pt-pt\/wp-json\/wp\/v2\/types\/product"}],"wp:featuredmedia":[{"embeddable":true,"href":"https:\/\/www.csj-emballages.com\/pt-pt\/wp-json\/wp\/v2\/media\/10144"}],"wp:attachment":[{"href":"https:\/\/www.csj-emballages.com\/pt-pt\/wp-json\/wp\/v2\/media?parent=19974"}],"wp:term":[{"taxonomy":"product_brand","embeddable":true,"href":"https:\/\/www.csj-emballages.com\/pt-pt\/wp-json\/wp\/v2\/product_brand?post=19974"},{"taxonomy":"product_cat","embeddable":true,"href":"https:\/\/www.csj-emballages.com\/pt-pt\/wp-json\/wp\/v2\/product_cat?post=19974"},{"taxonomy":"product_tag","embeddable":true,"href":"https:\/\/www.csj-emballages.com\/pt-pt\/wp-json\/wp\/v2\/product_tag?post=19974"}],"curies":[{"name":"wp","href":"https:\/\/api.w.org\/{rel}","templated":true}]}}