{"id":19947,"date":"2024-03-01T16:56:05","date_gmt":"2024-03-01T15:56:05","guid":{"rendered":"https:\/\/u15jnbdpoq.preview.infomaniak.website\/produit\/1-lata-de-pastas-de-fruta-375g\/"},"modified":"2026-03-12T16:15:29","modified_gmt":"2026-03-12T15:15:29","slug":"1-lata-de-pastas-de-fruta-375g","status":"publish","type":"product","link":"https:\/\/www.csj-emballages.com\/pt-pt\/produit\/1-lata-de-pastas-de-fruta-375g\/","title":{"rendered":"Pastas de frutos 375g"},"content":{"rendered":"<h2>Caixa de geleias de fruta<\/h2>\n<hr>\n<h3>Descri\u00e7\u00e3o da nossa caixa de geleia de frutos 375g<\/h3>\n<p><!--more--><\/p>\n<p data-start=\"78\" data-end=\"486\">D\u00ea aos seus doces uma apresenta\u00e7\u00e3o limpa e elegante com a nossa <strong data-start=\"151\" data-end=\"182\">lata de gelatina de fruta de 375 g<\/strong>. Especialmente concebida para mostrar as suas cria\u00e7\u00f5es caseiras, esta <strong data-start=\"289\" data-end=\"310\">lata de alimentos<\/strong> combina praticidade e est\u00e9tica. Com o tamanho ideal para conter cerca de 375 g de <strong>geleia<\/strong> de <strong>fruta<\/strong>, \u00e9 um formato generoso e atrativo para os seus clientes.  <\/p>\n<p data-start=\"78\" data-end=\"486\">Esta <strong>caixa<\/strong> cont\u00e9m uma placa de cart\u00e3o no interior para uma melhor apresenta\u00e7\u00e3o.<\/p>\n<p data-start=\"488\" data-end=\"848\">Fabricada em <strong data-start=\"512\" data-end=\"543\">pl\u00e1stico r\u00edgido de alta qualidade<\/strong>, a caixa oferece uma excelente prote\u00e7\u00e3o contra a humidade, os choques e o p\u00f3. O seu design s\u00f3brio e requintado oferece um aspeto profissional, perfeito para uma boutique, uma charcutaria ou mesmo para eventos como festas de fim de ano, casamentos ou ofertas de empresas. <\/p>\n<p data-start=\"850\" data-end=\"1218\">Esta <strong data-start=\"856\" data-end=\"876\">caixa para massas de fruta<\/strong> foi tamb\u00e9m concebida para simplificar o acondicionamento: \u00e9 r\u00e1pida de montar, a sua tampa fecha-se com seguran\u00e7a e o seu tamanho compacto facilita a sua arruma\u00e7\u00e3o e transporte. Pode personaliz\u00e1-la adicionando uma fita, uma etiqueta ou o seu log\u00f3tipo, para refor\u00e7ar a sua imagem de marca e atrair ainda mais os seus clientes. <\/p>\n<p data-start=\"1220\" data-end=\"1503\">Quer se trate de um pasteleiro artesanal, de um chocolateiro ou de um particular que pretende oferecer as suas pr\u00f3prias cria\u00e7\u00f5es, esta <strong data-start=\"1337\" data-end=\"1367\">caixa de geleia de fruta<\/strong> \u00e9 uma solu\u00e7\u00e3o fi\u00e1vel e atraente. Combina higiene, robustez e eleg\u00e2ncia para valorizar ao m\u00e1ximo as suas iguarias. <\/p>\n<p data-start=\"1220\" data-end=\"1503\">\n<p data-start=\"1423\" data-end=\"1694\"><!--more--><\/p>\n<h4 data-start=\"1423\" data-end=\"1694\">Vantagens :<\/h4>\n<ul>\n<li data-start=\"1423\" data-end=\"1694\">Tamanho ideal para <strong>375g de pastas de fruta.<\/strong><\/li>\n<li data-start=\"1423\" data-end=\"1694\"><strong data-start=\"1579\" data-end=\"1596\">Pl\u00e1stico resistente<\/strong> para proteger os seus produtos.<\/li>\n<li data-start=\"1423\" data-end=\"1694\">Um design s\u00f3brio e elegante para todas as ocasi\u00f5es.<\/li>\n<li data-start=\"1423\" data-end=\"1694\">Perfeito para <strong data-start=\"1745\" data-end=\"1765\">personaliza\u00e7\u00e3o<\/strong> (fita, etiqueta).<\/li>\n<li data-start=\"1423\" data-end=\"1694\">Acrescente valor \u00e0s suas cria\u00e7\u00f5es artesanais ou presentes gourmet.<\/li>\n<\/ul>\n<p>&nbsp;<\/p>\n<p><!--more--><\/p>\n<h4>Outras informa\u00e7\u00f5es :<\/h4>\n<ul style=\"box-sizing: inherit; font-family: Roboto, sans-serif;\">\n<li><strong>Embalagem<\/strong>: Por unidade<\/li>\n<li><span style=\"font-weight: bold;\">Dimens\u00f5es<\/span>: 200 x 100 x 15 (C x L x A em mm)<\/li>\n<li><strong>Material<\/strong>: pl\u00e1stico PVC<\/li>\n<li><strong>Cor<\/strong>: cristalino<\/li>\n<\/ul>\n<p>&nbsp;<\/p>\n<p><!--more--><\/p>\n<p>Tamb\u00e9m dispon\u00edvel em 250g: <span style=\"color: #d12727;\"><a style=\"color: #d12727;\" href=\"https:\/\/www.csj-emballages.com\/es\/produit\/1-lata-de-pastas-de-frutas-250-g\/\">BPF1<\/a><\/span><\/p>\n<p>&nbsp;<\/p>\n<p><!--more--><\/p>\n<p><a href=\"https:\/\/www.csj-emballages.com\/es\/produit\/1-lata-de-pastas-de-frutas-250-g\/\">Ver o resto da nossa gama de latas de gelatina de fruta<\/a><\/p>\n","protected":false},"excerpt":{"rendered":"<p>Caixa de geleias de fruta Descri\u00e7\u00e3o da nossa caixa de geleia de frutos 375g<\/p>\n","protected":false},"featured_media":242046,"template":"","meta":{"_acf_changed":false},"product_brand":[],"product_cat":[1141,1177,1732,2245],"product_tag":[],"class_list":{"0":"post-19947","1":"product","2":"type-product","3":"status-publish","4":"has-post-thumbnail","6":"product_cat-embalagem-de-alimentos","7":"product_cat-padaria-e-pastelaria","8":"product_cat-caixas-estojos-para-macarons","9":"product_cat-latas-de-geleia-de-frutos","11":"first","12":"outofstock","13":"taxable","14":"shipping-taxable","15":"purchasable","16":"product-type-simple"},"acf":[],"yoast_head":"<!-- This site is optimized with the Yoast SEO Premium plugin v26.6 (Yoast SEO v26.6) - https:\/\/yoast.com\/wordpress\/plugins\/seo\/ -->\n<title>Lata de massa de fruta 375g<\/title>\n<meta name=\"description\" content=\"Elegante caixa de pl\u00e1stico PVC para 375 g de geleias de fruta. Resistente, pr\u00e1tica e personaliz\u00e1vel, \u00e9 ideal para expor as suas guloseimas caseiras.\" \/>\n<meta name=\"robots\" content=\"index, follow, max-snippet:-1, max-image-preview:large, max-video-preview:-1\" \/>\n<link rel=\"canonical\" href=\"https:\/\/www.csj-emballages.com\/pt-pt\/produit\/1-lata-de-pastas-de-fruta-375g\/\" \/>\n<meta property=\"og:locale\" content=\"pt_PT\" \/>\n<meta property=\"og:type\" content=\"article\" \/>\n<meta property=\"og:title\" content=\"Pastas de frutos 375g\" \/>\n<meta property=\"og:description\" content=\"Elegante caixa de pl\u00e1stico PVC para 375 g de geleias de fruta. Resistente, pr\u00e1tica e personaliz\u00e1vel, \u00e9 ideal para expor as suas guloseimas caseiras.\" \/>\n<meta property=\"og:url\" content=\"https:\/\/www.csj-emballages.com\/pt-pt\/produit\/1-lata-de-pastas-de-fruta-375g\/\" \/>\n<meta property=\"og:site_name\" content=\"CSJ Emballages\" \/>\n<meta property=\"article:publisher\" content=\"https:\/\/www.facebook.com\/csjemballages\" \/>\n<meta property=\"article:modified_time\" content=\"2026-03-12T15:15:29+00:00\" \/>\n<meta property=\"og:image\" content=\"https:\/\/www.csj-emballages.com\/wp-content\/uploads\/2024\/03\/BPF2.webp\" \/>\n\t<meta property=\"og:image:width\" content=\"800\" \/>\n\t<meta property=\"og:image:height\" content=\"800\" \/>\n\t<meta property=\"og:image:type\" content=\"image\/webp\" \/>\n<meta name=\"twitter:card\" content=\"summary_large_image\" \/>\n<meta name=\"twitter:label1\" content=\"Tempo estimado de leitura\" \/>\n\t<meta name=\"twitter:data1\" content=\"1 minuto\" \/>\n<script type=\"application\/ld+json\" class=\"yoast-schema-graph\">{\"@context\":\"https:\/\/schema.org\",\"@graph\":[{\"@type\":\"WebPage\",\"@id\":\"https:\/\/www.csj-emballages.com\/pt-pt\/produit\/1-lata-de-pastas-de-fruta-375g\/\",\"url\":\"https:\/\/www.csj-emballages.com\/pt-pt\/produit\/1-lata-de-pastas-de-fruta-375g\/\",\"name\":\"Lata de massa de fruta 375g\",\"isPartOf\":{\"@id\":\"https:\/\/www.csj-emballages.com\/pt-pt\/#website\"},\"primaryImageOfPage\":{\"@id\":\"https:\/\/www.csj-emballages.com\/pt-pt\/produit\/1-lata-de-pastas-de-fruta-375g\/#primaryimage\"},\"image\":{\"@id\":\"https:\/\/www.csj-emballages.com\/pt-pt\/produit\/1-lata-de-pastas-de-fruta-375g\/#primaryimage\"},\"thumbnailUrl\":\"https:\/\/www.csj-emballages.com\/wp-content\/uploads\/2024\/03\/BPF2.webp\",\"datePublished\":\"2024-03-01T15:56:05+00:00\",\"dateModified\":\"2026-03-12T15:15:29+00:00\",\"description\":\"Elegante caixa de pl\u00e1stico PVC para 375 g de geleias de fruta. Resistente, pr\u00e1tica e personaliz\u00e1vel, \u00e9 ideal para expor as suas guloseimas caseiras.\",\"breadcrumb\":{\"@id\":\"https:\/\/www.csj-emballages.com\/pt-pt\/produit\/1-lata-de-pastas-de-fruta-375g\/#breadcrumb\"},\"inLanguage\":\"pt-PT\",\"potentialAction\":[{\"@type\":\"ReadAction\",\"target\":[\"https:\/\/www.csj-emballages.com\/pt-pt\/produit\/1-lata-de-pastas-de-fruta-375g\/\"]}]},{\"@type\":\"ImageObject\",\"inLanguage\":\"pt-PT\",\"@id\":\"https:\/\/www.csj-emballages.com\/pt-pt\/produit\/1-lata-de-pastas-de-fruta-375g\/#primaryimage\",\"url\":\"https:\/\/www.csj-emballages.com\/wp-content\/uploads\/2024\/03\/BPF2.webp\",\"contentUrl\":\"https:\/\/www.csj-emballages.com\/wp-content\/uploads\/2024\/03\/BPF2.webp\",\"width\":800,\"height\":800,\"caption\":\"Boite p\u00e2tes de fruits\"},{\"@type\":\"BreadcrumbList\",\"@id\":\"https:\/\/www.csj-emballages.com\/pt-pt\/produit\/1-lata-de-pastas-de-fruta-375g\/#breadcrumb\",\"itemListElement\":[{\"@type\":\"ListItem\",\"position\":1,\"name\":\"Acolhimento\",\"item\":\"https:\/\/www.csj-emballages.com\/pt-pt\/universo-das-embalagens-alimentares\/\"},{\"@type\":\"ListItem\",\"position\":2,\"name\":\"Shop\",\"item\":\"https:\/\/www.csj-emballages.com\/shop\/\"},{\"@type\":\"ListItem\",\"position\":3,\"name\":\"Pastas de frutos 375g\"}]},{\"@type\":\"WebSite\",\"@id\":\"https:\/\/www.csj-emballages.com\/pt-pt\/#website\",\"url\":\"https:\/\/www.csj-emballages.com\/pt-pt\/\",\"name\":\"CSJ Emballages\",\"description\":\"\",\"publisher\":{\"@id\":\"https:\/\/www.csj-emballages.com\/pt-pt\/#organization\"},\"potentialAction\":[{\"@type\":\"SearchAction\",\"target\":{\"@type\":\"EntryPoint\",\"urlTemplate\":\"https:\/\/www.csj-emballages.com\/pt-pt\/?s={search_term_string}\"},\"query-input\":{\"@type\":\"PropertyValueSpecification\",\"valueRequired\":true,\"valueName\":\"search_term_string\"}}],\"inLanguage\":\"pt-PT\"},{\"@type\":\"Organization\",\"@id\":\"https:\/\/www.csj-emballages.com\/pt-pt\/#Organization\/\",\"name\":\"CSJ Emballages\",\"url\":\"https:\/\/www.csj-emballages.com\/pt-pt\/\",\"logo\":{\"@type\":\"ImageObject\",\"inLanguage\":\"pt-PT\",\"@id\":\"https:\/\/www.csj-emballages.com\/pt-pt\/#\/schema\/logo\/image\/\",\"url\":\"https:\/\/www.csj-emballages.com\/wp-content\/uploads\/2023\/10\/logo_csj.webp\",\"contentUrl\":\"https:\/\/www.csj-emballages.com\/wp-content\/uploads\/2023\/10\/logo_csj.webp\",\"width\":250,\"height\":95,\"caption\":\"CSJ Emballages\"},\"image\":{\"@id\":\"https:\/\/www.csj-emballages.com\/pt-pt\/#\/schema\/logo\/image\/\"},\"sameAs\":[\"https:\/\/www.facebook.com\/csjemballages\"],\"address\":{\"@type\":\"PostalAddress\",\"streetAddress\":\"ZI La Lechere\",\"addressLocality\":\"Patornay\",\"postalCode\":\"39130\",\"addressCountry\":\"FR\"},\"contactPoint\":[{\"@type\":\"ContactPoint\",\"contactType\":\"Service client\",\"telephone\":\"0384254272\",\"email\":\"contact@csj-emballages.com\"}]}]}<\/script>\n<!-- \/ Yoast SEO Premium plugin. -->","yoast_head_json":{"title":"Lata de massa de fruta 375g","description":"Elegante caixa de pl\u00e1stico PVC para 375 g de geleias de fruta. Resistente, pr\u00e1tica e personaliz\u00e1vel, \u00e9 ideal para expor as suas guloseimas caseiras.","robots":{"index":"index","follow":"follow","max-snippet":"max-snippet:-1","max-image-preview":"max-image-preview:large","max-video-preview":"max-video-preview:-1"},"canonical":"https:\/\/www.csj-emballages.com\/pt-pt\/produit\/1-lata-de-pastas-de-fruta-375g\/","og_locale":"pt_PT","og_type":"article","og_title":"Pastas de frutos 375g","og_description":"Elegante caixa de pl\u00e1stico PVC para 375 g de geleias de fruta. Resistente, pr\u00e1tica e personaliz\u00e1vel, \u00e9 ideal para expor as suas guloseimas caseiras.","og_url":"https:\/\/www.csj-emballages.com\/pt-pt\/produit\/1-lata-de-pastas-de-fruta-375g\/","og_site_name":"CSJ Emballages","article_publisher":"https:\/\/www.facebook.com\/csjemballages","article_modified_time":"2026-03-12T15:15:29+00:00","og_image":[{"width":800,"height":800,"url":"https:\/\/www.csj-emballages.com\/wp-content\/uploads\/2024\/03\/BPF2.webp","type":"image\/webp"}],"twitter_card":"summary_large_image","twitter_misc":{"Tempo estimado de leitura":"1 minuto"},"schema":{"@context":"https:\/\/schema.org","@graph":[{"@type":"WebPage","@id":"https:\/\/www.csj-emballages.com\/pt-pt\/produit\/1-lata-de-pastas-de-fruta-375g\/","url":"https:\/\/www.csj-emballages.com\/pt-pt\/produit\/1-lata-de-pastas-de-fruta-375g\/","name":"Lata de massa de fruta 375g","isPartOf":{"@id":"https:\/\/www.csj-emballages.com\/pt-pt\/#website"},"primaryImageOfPage":{"@id":"https:\/\/www.csj-emballages.com\/pt-pt\/produit\/1-lata-de-pastas-de-fruta-375g\/#primaryimage"},"image":{"@id":"https:\/\/www.csj-emballages.com\/pt-pt\/produit\/1-lata-de-pastas-de-fruta-375g\/#primaryimage"},"thumbnailUrl":"https:\/\/www.csj-emballages.com\/wp-content\/uploads\/2024\/03\/BPF2.webp","datePublished":"2024-03-01T15:56:05+00:00","dateModified":"2026-03-12T15:15:29+00:00","description":"Elegante caixa de pl\u00e1stico PVC para 375 g de geleias de fruta. Resistente, pr\u00e1tica e personaliz\u00e1vel, \u00e9 ideal para expor as suas guloseimas caseiras.","breadcrumb":{"@id":"https:\/\/www.csj-emballages.com\/pt-pt\/produit\/1-lata-de-pastas-de-fruta-375g\/#breadcrumb"},"inLanguage":"pt-PT","potentialAction":[{"@type":"ReadAction","target":["https:\/\/www.csj-emballages.com\/pt-pt\/produit\/1-lata-de-pastas-de-fruta-375g\/"]}]},{"@type":"ImageObject","inLanguage":"pt-PT","@id":"https:\/\/www.csj-emballages.com\/pt-pt\/produit\/1-lata-de-pastas-de-fruta-375g\/#primaryimage","url":"https:\/\/www.csj-emballages.com\/wp-content\/uploads\/2024\/03\/BPF2.webp","contentUrl":"https:\/\/www.csj-emballages.com\/wp-content\/uploads\/2024\/03\/BPF2.webp","width":800,"height":800,"caption":"Boite p\u00e2tes de fruits"},{"@type":"BreadcrumbList","@id":"https:\/\/www.csj-emballages.com\/pt-pt\/produit\/1-lata-de-pastas-de-fruta-375g\/#breadcrumb","itemListElement":[{"@type":"ListItem","position":1,"name":"Acolhimento","item":"https:\/\/www.csj-emballages.com\/pt-pt\/universo-das-embalagens-alimentares\/"},{"@type":"ListItem","position":2,"name":"Shop","item":"https:\/\/www.csj-emballages.com\/shop\/"},{"@type":"ListItem","position":3,"name":"Pastas de frutos 375g"}]},{"@type":"WebSite","@id":"https:\/\/www.csj-emballages.com\/pt-pt\/#website","url":"https:\/\/www.csj-emballages.com\/pt-pt\/","name":"CSJ Emballages","description":"","publisher":{"@id":"https:\/\/www.csj-emballages.com\/pt-pt\/#organization"},"potentialAction":[{"@type":"SearchAction","target":{"@type":"EntryPoint","urlTemplate":"https:\/\/www.csj-emballages.com\/pt-pt\/?s={search_term_string}"},"query-input":{"@type":"PropertyValueSpecification","valueRequired":true,"valueName":"search_term_string"}}],"inLanguage":"pt-PT"},{"@type":"Organization","@id":"https:\/\/www.csj-emballages.com\/pt-pt\/#Organization\/","name":"CSJ Emballages","url":"https:\/\/www.csj-emballages.com\/pt-pt\/","logo":{"@type":"ImageObject","inLanguage":"pt-PT","@id":"https:\/\/www.csj-emballages.com\/pt-pt\/#\/schema\/logo\/image\/","url":"https:\/\/www.csj-emballages.com\/wp-content\/uploads\/2023\/10\/logo_csj.webp","contentUrl":"https:\/\/www.csj-emballages.com\/wp-content\/uploads\/2023\/10\/logo_csj.webp","width":250,"height":95,"caption":"CSJ Emballages"},"image":{"@id":"https:\/\/www.csj-emballages.com\/pt-pt\/#\/schema\/logo\/image\/"},"sameAs":["https:\/\/www.facebook.com\/csjemballages"],"address":{"@type":"PostalAddress","streetAddress":"ZI La Lechere","addressLocality":"Patornay","postalCode":"39130","addressCountry":"FR"},"contactPoint":[{"@type":"ContactPoint","contactType":"Service client","telephone":"0384254272","email":"contact@csj-emballages.com"}]}]}},"df_price":3.43,"df_sale_price":"","df_regular_price":3.43,"df_image_link":"https:\/\/www.csj-emballages.com\/wp-content\/uploads\/2024\/03\/BPF2-300x300.webp","tiered_pricing_type":"fixed","tiered_pricing_fixed_rules":[],"tiered_pricing_percentage_rules":[],"tiered_pricing_minimum":1,"tiered_pricing_roles_data":[],"_links":{"self":[{"href":"https:\/\/www.csj-emballages.com\/pt-pt\/wp-json\/wp\/v2\/product\/19947","targetHints":{"allow":["GET"]}}],"collection":[{"href":"https:\/\/www.csj-emballages.com\/pt-pt\/wp-json\/wp\/v2\/product"}],"about":[{"href":"https:\/\/www.csj-emballages.com\/pt-pt\/wp-json\/wp\/v2\/types\/product"}],"wp:featuredmedia":[{"embeddable":true,"href":"https:\/\/www.csj-emballages.com\/pt-pt\/wp-json\/wp\/v2\/media\/242046"}],"wp:attachment":[{"href":"https:\/\/www.csj-emballages.com\/pt-pt\/wp-json\/wp\/v2\/media?parent=19947"}],"wp:term":[{"taxonomy":"product_brand","embeddable":true,"href":"https:\/\/www.csj-emballages.com\/pt-pt\/wp-json\/wp\/v2\/product_brand?post=19947"},{"taxonomy":"product_cat","embeddable":true,"href":"https:\/\/www.csj-emballages.com\/pt-pt\/wp-json\/wp\/v2\/product_cat?post=19947"},{"taxonomy":"product_tag","embeddable":true,"href":"https:\/\/www.csj-emballages.com\/pt-pt\/wp-json\/wp\/v2\/product_tag?post=19947"}],"curies":[{"name":"wp","href":"https:\/\/api.w.org\/{rel}","templated":true}]}}