{"id":19944,"date":"2024-03-01T16:56:04","date_gmt":"2024-03-01T15:56:04","guid":{"rendered":"https:\/\/u15jnbdpoq.preview.infomaniak.website\/produit\/250-suportes-para-fatias-de-tarte-em-cartao\/"},"modified":"2026-05-06T02:11:36","modified_gmt":"2026-05-06T00:11:36","slug":"250-suportes-para-fatias-de-tarte-em-cartao","status":"publish","type":"product","link":"https:\/\/www.csj-emballages.com\/pt-pt\/produit\/250-suportes-para-fatias-de-tarte-em-cartao\/","title":{"rendered":"Suporte de cart\u00e3o para fatia individual 170 x 190 x 20 mm, embalagem de 250 unidades"},"content":{"rendered":"<h2>Suporte de cart\u00e3o<\/h2>\n<hr>\n<h3>Descri\u00e7\u00e3o do nosso suporte de cart\u00e3o para fatia individual 170 x 190 x 20 mm, embalagem de 250 unidades<\/h3>\n<p><!--more--><\/p>\n<p data-start=\"235\" data-end=\"651\">Servir uma fatia para levar pode parecer simples, mas um bom suporte faz toda a diferen\u00e7a. Este <strong data-start=\"323\" data-end=\"382\">suporte de cart\u00e3o para fatia individual 170 x 190 x 20 mm<\/strong> foi concebido para tornar o servi\u00e7o mais limpo, mais pr\u00e1tico e, sobretudo, mais confort\u00e1vel, tanto para si como para os seus clientes. O seu formato ligeiramente <strong>elevado nas laterais<\/strong> mant\u00e9m a fatia no lugar e evita que esta escorregue ou se deforme durante o transporte.  <\/p>\n<p data-start=\"653\" data-end=\"970\">Seja para uma <strong>fatia de pizza, de tarte, de quiche ou at\u00e9 de bolo<\/strong>, este <strong>suporte<\/strong> oferece uma base est\u00e1vel e agrad\u00e1vel de manusear. Gra\u00e7as ao seu cart\u00e3o r\u00edgido, suporta facilmente prepara\u00e7\u00f5es quentes ou frias sem dobrar. Assim, ganha serenidade durante o servi\u00e7o, mesmo em per\u00edodos de grande aflu\u00eancia.  <\/p>\n<p data-start=\"972\" data-end=\"1309\">Da mesma forma, o seu formato <strong>individual<\/strong> \u00e9 perfeito para a <strong>venda para levar<\/strong>, snacks, padarias ou pizzarias que querem ser r\u00e1pidas, mas sem descurar o aspeto. O cliente pode segurar a sua fatia facilmente, comer sem se sujar e desfrutar plenamente do seu produto. \u00c9 um pequeno detalhe, mas melhora claramente a experi\u00eancia.  <\/p>\n<p data-start=\"1311\" data-end=\"1564\">Vendido <strong data-start=\"1317\" data-end=\"1335\">em embalagens de 250 unidades<\/strong>, este suporte permite-lhe gerir o seu stock de forma eficiente e ter sempre a quantidade certa \u00e0 m\u00e3o. Simples, discreto e eficaz, integra-se naturalmente na sua organiza\u00e7\u00e3o di\u00e1ria sem adicionar restri\u00e7\u00f5es.<\/p>\n<p data-start=\"1566\" data-end=\"1718\">Em resumo, este <strong>suporte de cart\u00e3o para fatia individual<\/strong> \u00e9 uma solu\u00e7\u00e3o pr\u00e1tica para servir fatias individuais de forma limpa, r\u00e1pida e sem comprometer a apresenta\u00e7\u00e3o.<\/p>\n<p data-start=\"1566\" data-end=\"1718\"><!--more--><\/p>\n<h4 data-start=\"1566\" data-end=\"1718\">Vantagens :<\/h4>\n<ul>\n<li data-start=\"1746\" data-end=\"1795\">Fixa\u00e7\u00e3o eficaz da <strong>fatia gra\u00e7as \u00e0s bordas<\/strong>.<\/li>\n<li data-start=\"1798\" data-end=\"1824\"><strong>Cart\u00e3o r\u00edgido<\/strong> e fi\u00e1vel.<\/li>\n<li data-start=\"1827\" data-end=\"1866\">Adequado para produtos quentes e frios.<\/li>\n<li data-start=\"1869\" data-end=\"1907\">F\u00e1cil de segurar para o cliente.<\/li>\n<li data-start=\"1910\" data-end=\"1939\">Lote econ\u00f3mico de <strong>250 unidades<\/strong>.<\/li>\n<\/ul>\n<p>&nbsp;<\/p>\n<p><!--more--><\/p>\n<h4>Outras informa\u00e7\u00f5es :<\/h4>\n<ul>\n<li><strong>Embalagem<\/strong>: Embalagem de 250 tri\u00e2ngulos com ranhuras<\/li>\n<li><strong>Material<\/strong>: Cart\u00e3o<\/li>\n<li><strong>Dimens\u00f5es<\/strong>: 170 x 190 x 20 mm (excluindo os bordos)<\/li>\n<li>Rebordos de dobragem de 20 mm de cada lado<\/li>\n<li><strong>Cor<\/strong>: Branco<\/li>\n<\/ul>\n<p>&nbsp;<\/p>\n<p><!--more--><\/p>\n<p><a href=\"\/?product_cat=supports-triangulaires\">V\u00ea o resto da nossa gama de suportes triangulares<\/a><\/p>\n","protected":false},"excerpt":{"rendered":"<p>Suporte de cart\u00e3o Descri\u00e7\u00e3o do nosso suporte de cart\u00e3o para fatia individual 170 x 190 x 20 mm, embalagem de 250 unidades<\/p>\n","protected":false},"featured_media":209239,"template":"","meta":{"_acf_changed":false},"product_brand":[],"product_cat":[1141,1177,1914,2255,1138,3929,2534],"product_tag":[],"class_list":{"0":"post-19944","1":"product","2":"type-product","3":"status-publish","4":"has-post-thumbnail","6":"product_cat-embalagem-de-alimentos","7":"product_cat-padaria-e-pastelaria","8":"product_cat-suportes-para-bases-de-bolos","9":"product_cat-quadrados-ranhurados","10":"product_cat-restauracao","11":"product_cat-apoia-te","12":"product_cat-parenteses-rectos","14":"first","15":"instock","16":"taxable","17":"shipping-taxable","18":"purchasable","19":"product-type-simple"},"acf":[],"yoast_head":"<!-- This site is optimized with the Yoast SEO Premium plugin v26.6 (Yoast SEO v26.6) - https:\/\/yoast.com\/wordpress\/plugins\/seo\/ -->\n<title>Suporte para tartes triangular em cart\u00e3o - 170 x 190 x 40 mm<\/title>\n<meta name=\"description\" content=\"Suporte de cart\u00e3o triangular para fatias de tarte \u2013 embalagem de 250 unidades. S\u00f3lidos, pr\u00e1ticos e recicl\u00e1veis, valorizam as suas sobremesas e facilitam o seu transporte\" \/>\n<meta name=\"robots\" content=\"index, follow, max-snippet:-1, max-image-preview:large, max-video-preview:-1\" \/>\n<link rel=\"canonical\" href=\"https:\/\/www.csj-emballages.com\/pt-pt\/produit\/250-suportes-para-fatias-de-tarte-em-cartao\/\" \/>\n<meta property=\"og:locale\" content=\"pt_PT\" \/>\n<meta property=\"og:type\" content=\"article\" \/>\n<meta property=\"og:title\" content=\"Suporte de cart\u00e3o para fatia individual 170 x 190 x 20 mm, embalagem de 250 unidades\" \/>\n<meta property=\"og:description\" content=\"Suporte de cart\u00e3o triangular para fatias de tarte \u2013 embalagem de 250 unidades. S\u00f3lidos, pr\u00e1ticos e recicl\u00e1veis, valorizam as suas sobremesas e facilitam o seu transporte\" \/>\n<meta property=\"og:url\" content=\"https:\/\/www.csj-emballages.com\/pt-pt\/produit\/250-suportes-para-fatias-de-tarte-em-cartao\/\" \/>\n<meta property=\"og:site_name\" content=\"CSJ Emballages\" \/>\n<meta property=\"article:publisher\" content=\"https:\/\/www.facebook.com\/csjemballages\" \/>\n<meta property=\"article:modified_time\" content=\"2026-05-06T00:11:36+00:00\" \/>\n<meta property=\"og:image\" content=\"https:\/\/www.csj-emballages.com\/wp-content\/uploads\/2024\/03\/PART-PIZZA-2.webp\" \/>\n\t<meta property=\"og:image:width\" content=\"802\" \/>\n\t<meta property=\"og:image:height\" content=\"802\" \/>\n\t<meta property=\"og:image:type\" content=\"image\/webp\" \/>\n<meta name=\"twitter:card\" content=\"summary_large_image\" \/>\n<meta name=\"twitter:label1\" content=\"Tempo estimado de leitura\" \/>\n\t<meta name=\"twitter:data1\" content=\"2 minutos\" \/>\n<script type=\"application\/ld+json\" class=\"yoast-schema-graph\">{\"@context\":\"https:\/\/schema.org\",\"@graph\":[{\"@type\":\"WebPage\",\"@id\":\"https:\/\/www.csj-emballages.com\/pt-pt\/produit\/250-suportes-para-fatias-de-tarte-em-cartao\/\",\"url\":\"https:\/\/www.csj-emballages.com\/pt-pt\/produit\/250-suportes-para-fatias-de-tarte-em-cartao\/\",\"name\":\"Suporte para tartes triangular em cart\u00e3o - 170 x 190 x 40 mm\",\"isPartOf\":{\"@id\":\"https:\/\/www.csj-emballages.com\/pt-pt\/#website\"},\"primaryImageOfPage\":{\"@id\":\"https:\/\/www.csj-emballages.com\/pt-pt\/produit\/250-suportes-para-fatias-de-tarte-em-cartao\/#primaryimage\"},\"image\":{\"@id\":\"https:\/\/www.csj-emballages.com\/pt-pt\/produit\/250-suportes-para-fatias-de-tarte-em-cartao\/#primaryimage\"},\"thumbnailUrl\":\"https:\/\/www.csj-emballages.com\/wp-content\/uploads\/2024\/03\/PART-PIZZA-2.webp\",\"datePublished\":\"2024-03-01T15:56:04+00:00\",\"dateModified\":\"2026-05-06T00:11:36+00:00\",\"description\":\"Suporte de cart\u00e3o triangular para fatias de tarte \u2013 embalagem de 250 unidades. S\u00f3lidos, pr\u00e1ticos e recicl\u00e1veis, valorizam as suas sobremesas e facilitam o seu transporte\",\"breadcrumb\":{\"@id\":\"https:\/\/www.csj-emballages.com\/pt-pt\/produit\/250-suportes-para-fatias-de-tarte-em-cartao\/#breadcrumb\"},\"inLanguage\":\"pt-PT\",\"potentialAction\":[{\"@type\":\"ReadAction\",\"target\":[\"https:\/\/www.csj-emballages.com\/pt-pt\/produit\/250-suportes-para-fatias-de-tarte-em-cartao\/\"]}]},{\"@type\":\"ImageObject\",\"inLanguage\":\"pt-PT\",\"@id\":\"https:\/\/www.csj-emballages.com\/pt-pt\/produit\/250-suportes-para-fatias-de-tarte-em-cartao\/#primaryimage\",\"url\":\"https:\/\/www.csj-emballages.com\/wp-content\/uploads\/2024\/03\/PART-PIZZA-2.webp\",\"contentUrl\":\"https:\/\/www.csj-emballages.com\/wp-content\/uploads\/2024\/03\/PART-PIZZA-2.webp\",\"width\":802,\"height\":802,\"caption\":\"Support carton\"},{\"@type\":\"BreadcrumbList\",\"@id\":\"https:\/\/www.csj-emballages.com\/pt-pt\/produit\/250-suportes-para-fatias-de-tarte-em-cartao\/#breadcrumb\",\"itemListElement\":[{\"@type\":\"ListItem\",\"position\":1,\"name\":\"Acolhimento\",\"item\":\"https:\/\/www.csj-emballages.com\/pt-pt\/universo-das-embalagens-alimentares\/\"},{\"@type\":\"ListItem\",\"position\":2,\"name\":\"Shop\",\"item\":\"https:\/\/www.csj-emballages.com\/shop\/\"},{\"@type\":\"ListItem\",\"position\":3,\"name\":\"Suporte de cart\u00e3o para fatia individual 170 x 190 x 20 mm, embalagem de 250 unidades\"}]},{\"@type\":\"WebSite\",\"@id\":\"https:\/\/www.csj-emballages.com\/pt-pt\/#website\",\"url\":\"https:\/\/www.csj-emballages.com\/pt-pt\/\",\"name\":\"CSJ Emballages\",\"description\":\"\",\"publisher\":{\"@id\":\"https:\/\/www.csj-emballages.com\/pt-pt\/#organization\"},\"potentialAction\":[{\"@type\":\"SearchAction\",\"target\":{\"@type\":\"EntryPoint\",\"urlTemplate\":\"https:\/\/www.csj-emballages.com\/pt-pt\/?s={search_term_string}\"},\"query-input\":{\"@type\":\"PropertyValueSpecification\",\"valueRequired\":true,\"valueName\":\"search_term_string\"}}],\"inLanguage\":\"pt-PT\"},{\"@type\":\"Organization\",\"@id\":\"https:\/\/www.csj-emballages.com\/pt-pt\/#Organization\/\",\"name\":\"CSJ Emballages\",\"url\":\"https:\/\/www.csj-emballages.com\/pt-pt\/\",\"logo\":{\"@type\":\"ImageObject\",\"inLanguage\":\"pt-PT\",\"@id\":\"https:\/\/www.csj-emballages.com\/pt-pt\/#\/schema\/logo\/image\/\",\"url\":\"https:\/\/www.csj-emballages.com\/wp-content\/uploads\/2023\/10\/logo_csj.webp\",\"contentUrl\":\"https:\/\/www.csj-emballages.com\/wp-content\/uploads\/2023\/10\/logo_csj.webp\",\"width\":250,\"height\":95,\"caption\":\"CSJ Emballages\"},\"image\":{\"@id\":\"https:\/\/www.csj-emballages.com\/pt-pt\/#\/schema\/logo\/image\/\"},\"sameAs\":[\"https:\/\/www.facebook.com\/csjemballages\"],\"address\":{\"@type\":\"PostalAddress\",\"streetAddress\":\"ZI La Lechere\",\"addressLocality\":\"Patornay\",\"postalCode\":\"39130\",\"addressCountry\":\"FR\"},\"contactPoint\":[{\"@type\":\"ContactPoint\",\"contactType\":\"Service client\",\"telephone\":\"0384254272\",\"email\":\"contact@csj-emballages.com\"}]}]}<\/script>\n<!-- \/ Yoast SEO Premium plugin. -->","yoast_head_json":{"title":"Suporte para tartes triangular em cart\u00e3o - 170 x 190 x 40 mm","description":"Suporte de cart\u00e3o triangular para fatias de tarte \u2013 embalagem de 250 unidades. S\u00f3lidos, pr\u00e1ticos e recicl\u00e1veis, valorizam as suas sobremesas e facilitam o seu transporte","robots":{"index":"index","follow":"follow","max-snippet":"max-snippet:-1","max-image-preview":"max-image-preview:large","max-video-preview":"max-video-preview:-1"},"canonical":"https:\/\/www.csj-emballages.com\/pt-pt\/produit\/250-suportes-para-fatias-de-tarte-em-cartao\/","og_locale":"pt_PT","og_type":"article","og_title":"Suporte de cart\u00e3o para fatia individual 170 x 190 x 20 mm, embalagem de 250 unidades","og_description":"Suporte de cart\u00e3o triangular para fatias de tarte \u2013 embalagem de 250 unidades. S\u00f3lidos, pr\u00e1ticos e recicl\u00e1veis, valorizam as suas sobremesas e facilitam o seu transporte","og_url":"https:\/\/www.csj-emballages.com\/pt-pt\/produit\/250-suportes-para-fatias-de-tarte-em-cartao\/","og_site_name":"CSJ Emballages","article_publisher":"https:\/\/www.facebook.com\/csjemballages","article_modified_time":"2026-05-06T00:11:36+00:00","og_image":[{"width":802,"height":802,"url":"https:\/\/www.csj-emballages.com\/wp-content\/uploads\/2024\/03\/PART-PIZZA-2.webp","type":"image\/webp"}],"twitter_card":"summary_large_image","twitter_misc":{"Tempo estimado de leitura":"2 minutos"},"schema":{"@context":"https:\/\/schema.org","@graph":[{"@type":"WebPage","@id":"https:\/\/www.csj-emballages.com\/pt-pt\/produit\/250-suportes-para-fatias-de-tarte-em-cartao\/","url":"https:\/\/www.csj-emballages.com\/pt-pt\/produit\/250-suportes-para-fatias-de-tarte-em-cartao\/","name":"Suporte para tartes triangular em cart\u00e3o - 170 x 190 x 40 mm","isPartOf":{"@id":"https:\/\/www.csj-emballages.com\/pt-pt\/#website"},"primaryImageOfPage":{"@id":"https:\/\/www.csj-emballages.com\/pt-pt\/produit\/250-suportes-para-fatias-de-tarte-em-cartao\/#primaryimage"},"image":{"@id":"https:\/\/www.csj-emballages.com\/pt-pt\/produit\/250-suportes-para-fatias-de-tarte-em-cartao\/#primaryimage"},"thumbnailUrl":"https:\/\/www.csj-emballages.com\/wp-content\/uploads\/2024\/03\/PART-PIZZA-2.webp","datePublished":"2024-03-01T15:56:04+00:00","dateModified":"2026-05-06T00:11:36+00:00","description":"Suporte de cart\u00e3o triangular para fatias de tarte \u2013 embalagem de 250 unidades. S\u00f3lidos, pr\u00e1ticos e recicl\u00e1veis, valorizam as suas sobremesas e facilitam o seu transporte","breadcrumb":{"@id":"https:\/\/www.csj-emballages.com\/pt-pt\/produit\/250-suportes-para-fatias-de-tarte-em-cartao\/#breadcrumb"},"inLanguage":"pt-PT","potentialAction":[{"@type":"ReadAction","target":["https:\/\/www.csj-emballages.com\/pt-pt\/produit\/250-suportes-para-fatias-de-tarte-em-cartao\/"]}]},{"@type":"ImageObject","inLanguage":"pt-PT","@id":"https:\/\/www.csj-emballages.com\/pt-pt\/produit\/250-suportes-para-fatias-de-tarte-em-cartao\/#primaryimage","url":"https:\/\/www.csj-emballages.com\/wp-content\/uploads\/2024\/03\/PART-PIZZA-2.webp","contentUrl":"https:\/\/www.csj-emballages.com\/wp-content\/uploads\/2024\/03\/PART-PIZZA-2.webp","width":802,"height":802,"caption":"Support carton"},{"@type":"BreadcrumbList","@id":"https:\/\/www.csj-emballages.com\/pt-pt\/produit\/250-suportes-para-fatias-de-tarte-em-cartao\/#breadcrumb","itemListElement":[{"@type":"ListItem","position":1,"name":"Acolhimento","item":"https:\/\/www.csj-emballages.com\/pt-pt\/universo-das-embalagens-alimentares\/"},{"@type":"ListItem","position":2,"name":"Shop","item":"https:\/\/www.csj-emballages.com\/shop\/"},{"@type":"ListItem","position":3,"name":"Suporte de cart\u00e3o para fatia individual 170 x 190 x 20 mm, embalagem de 250 unidades"}]},{"@type":"WebSite","@id":"https:\/\/www.csj-emballages.com\/pt-pt\/#website","url":"https:\/\/www.csj-emballages.com\/pt-pt\/","name":"CSJ Emballages","description":"","publisher":{"@id":"https:\/\/www.csj-emballages.com\/pt-pt\/#organization"},"potentialAction":[{"@type":"SearchAction","target":{"@type":"EntryPoint","urlTemplate":"https:\/\/www.csj-emballages.com\/pt-pt\/?s={search_term_string}"},"query-input":{"@type":"PropertyValueSpecification","valueRequired":true,"valueName":"search_term_string"}}],"inLanguage":"pt-PT"},{"@type":"Organization","@id":"https:\/\/www.csj-emballages.com\/pt-pt\/#Organization\/","name":"CSJ Emballages","url":"https:\/\/www.csj-emballages.com\/pt-pt\/","logo":{"@type":"ImageObject","inLanguage":"pt-PT","@id":"https:\/\/www.csj-emballages.com\/pt-pt\/#\/schema\/logo\/image\/","url":"https:\/\/www.csj-emballages.com\/wp-content\/uploads\/2023\/10\/logo_csj.webp","contentUrl":"https:\/\/www.csj-emballages.com\/wp-content\/uploads\/2023\/10\/logo_csj.webp","width":250,"height":95,"caption":"CSJ Emballages"},"image":{"@id":"https:\/\/www.csj-emballages.com\/pt-pt\/#\/schema\/logo\/image\/"},"sameAs":["https:\/\/www.facebook.com\/csjemballages"],"address":{"@type":"PostalAddress","streetAddress":"ZI La Lechere","addressLocality":"Patornay","postalCode":"39130","addressCountry":"FR"},"contactPoint":[{"@type":"ContactPoint","contactType":"Service client","telephone":"0384254272","email":"contact@csj-emballages.com"}]}]}},"df_price":13.18,"df_sale_price":"","df_regular_price":13.18,"df_image_link":"https:\/\/www.csj-emballages.com\/wp-content\/uploads\/2024\/03\/PART-PIZZA-2-300x300.webp","tiered_pricing_type":"fixed","tiered_pricing_fixed_rules":[],"tiered_pricing_percentage_rules":[],"tiered_pricing_minimum":1,"tiered_pricing_roles_data":[],"_links":{"self":[{"href":"https:\/\/www.csj-emballages.com\/pt-pt\/wp-json\/wp\/v2\/product\/19944","targetHints":{"allow":["GET"]}}],"collection":[{"href":"https:\/\/www.csj-emballages.com\/pt-pt\/wp-json\/wp\/v2\/product"}],"about":[{"href":"https:\/\/www.csj-emballages.com\/pt-pt\/wp-json\/wp\/v2\/types\/product"}],"wp:featuredmedia":[{"embeddable":true,"href":"https:\/\/www.csj-emballages.com\/pt-pt\/wp-json\/wp\/v2\/media\/209239"}],"wp:attachment":[{"href":"https:\/\/www.csj-emballages.com\/pt-pt\/wp-json\/wp\/v2\/media?parent=19944"}],"wp:term":[{"taxonomy":"product_brand","embeddable":true,"href":"https:\/\/www.csj-emballages.com\/pt-pt\/wp-json\/wp\/v2\/product_brand?post=19944"},{"taxonomy":"product_cat","embeddable":true,"href":"https:\/\/www.csj-emballages.com\/pt-pt\/wp-json\/wp\/v2\/product_cat?post=19944"},{"taxonomy":"product_tag","embeddable":true,"href":"https:\/\/www.csj-emballages.com\/pt-pt\/wp-json\/wp\/v2\/product_tag?post=19944"}],"curies":[{"name":"wp","href":"https:\/\/api.w.org\/{rel}","templated":true}]}}