{"id":19930,"date":"2024-03-01T16:56:05","date_gmt":"2024-03-01T15:56:05","guid":{"rendered":"https:\/\/u15jnbdpoq.preview.infomaniak.website\/produit\/25-caixas-de-cartao-verde-para-janelas-130-x-90-x-130-mm-n0\/"},"modified":"2026-03-24T02:11:37","modified_gmt":"2026-03-24T01:11:37","slug":"25-caixas-de-cartao-verde-para-janelas-130-x-90-x-130-mm-n0","status":"publish","type":"product","link":"https:\/\/www.csj-emballages.com\/pt-pt\/produit\/25-caixas-de-cartao-verde-para-janelas-130-x-90-x-130-mm-n0\/","title":{"rendered":"25 caixas de cart\u00e3o verde para janelas 130 x 90 x 130 mm N\u00b00"},"content":{"rendered":"<h2 class=\"p1\">Caixa de frango<\/h2>\n<hr>\n<h3>Descri\u00e7\u00e3o da nossa caixa de cart\u00e3o verde para galinhas com janela 130 x 90 x 130 mm N\u00b00 por 25<\/h3>\n<p><!--more--><\/p>\n<p>A <strong data-start=\"31\" data-end=\"103\">caixa de galinha de cart\u00e3o verde com janela (130 x 90 x 130 mm &#8211; N.\u00ba 0)<\/strong> \u00e9 ideal para o transporte seguro da sua <strong>galinha de chocolate<\/strong>. Concebida em cart\u00e3o resistente, garante uma excelente firmeza e uma prote\u00e7\u00e3o ideal durante o transporte. Gra\u00e7as \u00e0 sua <strong data-start=\"310\" data-end=\"334\" data-is-only-node=\"\">janela transparente<\/strong>, oferece uma visibilidade imediata do conte\u00fado, valorizando assim o seu produto junto dos clientes. Vendida em lote de <strong>25<\/strong>, \u00e9 perfeitamente adequada \u00e0s necessidades das <b>padarias-pastelarias<\/b>.<\/p>\n<p>&nbsp;<\/p>\n<p><!--more--><\/p>\n<p><strong>As suas vantagens:<\/strong><\/p>\n<div>\n<ul>\n<li data-start=\"589\" data-end=\"679\"><strong data-start=\"591\" data-end=\"611\">Cart\u00e3o resistente<\/strong>: Proporciona uma prote\u00e7\u00e3o \u00f3ptima para o transporte de galinhas da P\u00e1scoa.<\/li>\n<li data-start=\"680\" data-end=\"765\"><strong data-start=\"682\" data-end=\"706\">Janela transparente<\/strong>: Destaca o produto e facilita a sua identifica\u00e7\u00e3o.<\/li>\n<li data-start=\"766\" data-end=\"850\"><strong data-start=\"768\" data-end=\"807\">Tamanho pr\u00e1tico (130 x 90 x 130 mm)<\/strong>: ideal para os pequenos frangos de chocolate.<\/li>\n<li data-start=\"851\" data-end=\"903\"><strong data-start=\"853\" data-end=\"867\">Amigo do ambiente<\/strong>: Fabricado em cart\u00e3o recicl\u00e1vel.<\/li>\n<\/ul>\n<\/div>\n<p>&nbsp;<\/p>\n<p><!--more--><\/p>\n<h4>Outras informa\u00e7\u00f5es :<\/h4>\n<ul>\n<li><strong>Embalagem<\/strong>: Pacote de 25<\/li>\n<li><strong>Dimens\u00f5es<\/strong>: 130 x 90 x 130 mm<\/li>\n<li><strong>Forma<\/strong>: galinha<\/li>\n<li><strong>Material<\/strong>: Cart\u00e3o<\/li>\n<li><strong>Cor<\/strong>: verde<\/li>\n<\/ul>\n<p>&nbsp;<\/p>\n<p><!--more--><\/p>\n<p><a href=\"\/?product_cat=boites-paques-1\">Ver o resto da nossa gama de caixas de P\u00e1scoa<\/a><\/p>\n","protected":false},"excerpt":{"rendered":"<p>Caixa de frango Descri\u00e7\u00e3o da nossa caixa de cart\u00e3o verde para galinhas com janela 130 x 90 x 130 mm N\u00b00 por 25<\/p>\n","protected":false},"featured_media":225041,"template":"","meta":{"_acf_changed":false},"product_brand":[],"product_cat":[1141,1177,1178,2084,1267],"product_tag":[],"class_list":{"0":"post-19930","1":"product","2":"type-product","3":"status-publish","4":"has-post-thumbnail","6":"product_cat-embalagem-de-alimentos","7":"product_cat-padaria-e-pastelaria","8":"product_cat-caixas-de-janela","9":"product_cat-caixas-de-pascoa","10":"product_cat-descontos-promocoes","12":"first","13":"instock","14":"sale","15":"taxable","16":"shipping-taxable","17":"purchasable","18":"product-type-simple"},"acf":[],"yoast_head":"<!-- This site is optimized with the Yoast SEO Premium plugin v26.6 (Yoast SEO v26.6) - https:\/\/yoast.com\/wordpress\/plugins\/seo\/ -->\n<title>Caixa de papel\u00e3o verde para galinhas com janela 130 x 90 x 130 mm, 25 por caixa<\/title>\n<meta name=\"description\" content=\"Caixa de cart\u00e3o verde para galinhas com janela (130 x 90 x 130 mm). Pr\u00e1tico, resistente e recicl\u00e1vel, ideal para transportar as suas galinhas de chocolate em seguran\u00e7a.\" \/>\n<meta name=\"robots\" content=\"index, follow, max-snippet:-1, max-image-preview:large, max-video-preview:-1\" \/>\n<link rel=\"canonical\" href=\"https:\/\/www.csj-emballages.com\/pt-pt\/produit\/25-caixas-de-cartao-verde-para-janelas-130-x-90-x-130-mm-n0\/\" \/>\n<meta property=\"og:locale\" content=\"pt_PT\" \/>\n<meta property=\"og:type\" content=\"article\" \/>\n<meta property=\"og:title\" content=\"25 caixas de cart\u00e3o verde para janelas 130 x 90 x 130 mm N\u00b00\" \/>\n<meta property=\"og:description\" content=\"Caixa de cart\u00e3o verde para galinhas com janela (130 x 90 x 130 mm). Pr\u00e1tico, resistente e recicl\u00e1vel, ideal para transportar as suas galinhas de chocolate em seguran\u00e7a.\" \/>\n<meta property=\"og:url\" content=\"https:\/\/www.csj-emballages.com\/pt-pt\/produit\/25-caixas-de-cartao-verde-para-janelas-130-x-90-x-130-mm-n0\/\" \/>\n<meta property=\"og:site_name\" content=\"CSJ Emballages\" \/>\n<meta property=\"article:publisher\" content=\"https:\/\/www.facebook.com\/csjemballages\" \/>\n<meta property=\"article:modified_time\" content=\"2026-03-24T01:11:37+00:00\" \/>\n<meta property=\"og:image\" content=\"https:\/\/www.csj-emballages.com\/wp-content\/uploads\/2024\/03\/Boite-poule-verte-13-x-9-x-13.webp\" \/>\n\t<meta property=\"og:image:width\" content=\"801\" \/>\n\t<meta property=\"og:image:height\" content=\"801\" \/>\n\t<meta property=\"og:image:type\" content=\"image\/webp\" \/>\n<meta name=\"twitter:card\" content=\"summary_large_image\" \/>\n<meta name=\"twitter:label1\" content=\"Tempo estimado de leitura\" \/>\n\t<meta name=\"twitter:data1\" content=\"1 minuto\" \/>\n<script type=\"application\/ld+json\" class=\"yoast-schema-graph\">{\"@context\":\"https:\/\/schema.org\",\"@graph\":[{\"@type\":\"WebPage\",\"@id\":\"https:\/\/www.csj-emballages.com\/pt-pt\/produit\/25-caixas-de-cartao-verde-para-janelas-130-x-90-x-130-mm-n0\/\",\"url\":\"https:\/\/www.csj-emballages.com\/pt-pt\/produit\/25-caixas-de-cartao-verde-para-janelas-130-x-90-x-130-mm-n0\/\",\"name\":\"Caixa de papel\u00e3o verde para galinhas com janela 130 x 90 x 130 mm, 25 por caixa\",\"isPartOf\":{\"@id\":\"https:\/\/www.csj-emballages.com\/pt-pt\/#website\"},\"primaryImageOfPage\":{\"@id\":\"https:\/\/www.csj-emballages.com\/pt-pt\/produit\/25-caixas-de-cartao-verde-para-janelas-130-x-90-x-130-mm-n0\/#primaryimage\"},\"image\":{\"@id\":\"https:\/\/www.csj-emballages.com\/pt-pt\/produit\/25-caixas-de-cartao-verde-para-janelas-130-x-90-x-130-mm-n0\/#primaryimage\"},\"thumbnailUrl\":\"https:\/\/www.csj-emballages.com\/wp-content\/uploads\/2024\/03\/Boite-poule-verte-13-x-9-x-13.webp\",\"datePublished\":\"2024-03-01T15:56:05+00:00\",\"dateModified\":\"2026-03-24T01:11:37+00:00\",\"description\":\"Caixa de cart\u00e3o verde para galinhas com janela (130 x 90 x 130 mm). Pr\u00e1tico, resistente e recicl\u00e1vel, ideal para transportar as suas galinhas de chocolate em seguran\u00e7a.\",\"breadcrumb\":{\"@id\":\"https:\/\/www.csj-emballages.com\/pt-pt\/produit\/25-caixas-de-cartao-verde-para-janelas-130-x-90-x-130-mm-n0\/#breadcrumb\"},\"inLanguage\":\"pt-PT\",\"potentialAction\":[{\"@type\":\"ReadAction\",\"target\":[\"https:\/\/www.csj-emballages.com\/pt-pt\/produit\/25-caixas-de-cartao-verde-para-janelas-130-x-90-x-130-mm-n0\/\"]}]},{\"@type\":\"ImageObject\",\"inLanguage\":\"pt-PT\",\"@id\":\"https:\/\/www.csj-emballages.com\/pt-pt\/produit\/25-caixas-de-cartao-verde-para-janelas-130-x-90-x-130-mm-n0\/#primaryimage\",\"url\":\"https:\/\/www.csj-emballages.com\/wp-content\/uploads\/2024\/03\/Boite-poule-verte-13-x-9-x-13.webp\",\"contentUrl\":\"https:\/\/www.csj-emballages.com\/wp-content\/uploads\/2024\/03\/Boite-poule-verte-13-x-9-x-13.webp\",\"width\":801,\"height\":801,\"caption\":\"boites \u00e0 poule\"},{\"@type\":\"BreadcrumbList\",\"@id\":\"https:\/\/www.csj-emballages.com\/pt-pt\/produit\/25-caixas-de-cartao-verde-para-janelas-130-x-90-x-130-mm-n0\/#breadcrumb\",\"itemListElement\":[{\"@type\":\"ListItem\",\"position\":1,\"name\":\"Acolhimento\",\"item\":\"https:\/\/www.csj-emballages.com\/pt-pt\/universo-das-embalagens-alimentares\/\"},{\"@type\":\"ListItem\",\"position\":2,\"name\":\"Shop\",\"item\":\"https:\/\/www.csj-emballages.com\/shop\/\"},{\"@type\":\"ListItem\",\"position\":3,\"name\":\"25 caixas de cart\u00e3o verde para janelas 130 x 90 x 130 mm N\u00b00\"}]},{\"@type\":\"WebSite\",\"@id\":\"https:\/\/www.csj-emballages.com\/pt-pt\/#website\",\"url\":\"https:\/\/www.csj-emballages.com\/pt-pt\/\",\"name\":\"CSJ Emballages\",\"description\":\"\",\"publisher\":{\"@id\":\"https:\/\/www.csj-emballages.com\/pt-pt\/#organization\"},\"potentialAction\":[{\"@type\":\"SearchAction\",\"target\":{\"@type\":\"EntryPoint\",\"urlTemplate\":\"https:\/\/www.csj-emballages.com\/pt-pt\/?s={search_term_string}\"},\"query-input\":{\"@type\":\"PropertyValueSpecification\",\"valueRequired\":true,\"valueName\":\"search_term_string\"}}],\"inLanguage\":\"pt-PT\"},{\"@type\":\"Organization\",\"@id\":\"https:\/\/www.csj-emballages.com\/pt-pt\/#Organization\/\",\"name\":\"CSJ Emballages\",\"url\":\"https:\/\/www.csj-emballages.com\/pt-pt\/\",\"logo\":{\"@type\":\"ImageObject\",\"inLanguage\":\"pt-PT\",\"@id\":\"https:\/\/www.csj-emballages.com\/pt-pt\/#\/schema\/logo\/image\/\",\"url\":\"https:\/\/www.csj-emballages.com\/wp-content\/uploads\/2023\/10\/logo_csj.webp\",\"contentUrl\":\"https:\/\/www.csj-emballages.com\/wp-content\/uploads\/2023\/10\/logo_csj.webp\",\"width\":250,\"height\":95,\"caption\":\"CSJ Emballages\"},\"image\":{\"@id\":\"https:\/\/www.csj-emballages.com\/pt-pt\/#\/schema\/logo\/image\/\"},\"sameAs\":[\"https:\/\/www.facebook.com\/csjemballages\"],\"address\":{\"@type\":\"PostalAddress\",\"streetAddress\":\"ZI La Lechere\",\"addressLocality\":\"Patornay\",\"postalCode\":\"39130\",\"addressCountry\":\"FR\"},\"contactPoint\":[{\"@type\":\"ContactPoint\",\"contactType\":\"Service client\",\"telephone\":\"0384254272\",\"email\":\"contact@csj-emballages.com\"}]}]}<\/script>\n<!-- \/ Yoast SEO Premium plugin. -->","yoast_head_json":{"title":"Caixa de papel\u00e3o verde para galinhas com janela 130 x 90 x 130 mm, 25 por caixa","description":"Caixa de cart\u00e3o verde para galinhas com janela (130 x 90 x 130 mm). Pr\u00e1tico, resistente e recicl\u00e1vel, ideal para transportar as suas galinhas de chocolate em seguran\u00e7a.","robots":{"index":"index","follow":"follow","max-snippet":"max-snippet:-1","max-image-preview":"max-image-preview:large","max-video-preview":"max-video-preview:-1"},"canonical":"https:\/\/www.csj-emballages.com\/pt-pt\/produit\/25-caixas-de-cartao-verde-para-janelas-130-x-90-x-130-mm-n0\/","og_locale":"pt_PT","og_type":"article","og_title":"25 caixas de cart\u00e3o verde para janelas 130 x 90 x 130 mm N\u00b00","og_description":"Caixa de cart\u00e3o verde para galinhas com janela (130 x 90 x 130 mm). Pr\u00e1tico, resistente e recicl\u00e1vel, ideal para transportar as suas galinhas de chocolate em seguran\u00e7a.","og_url":"https:\/\/www.csj-emballages.com\/pt-pt\/produit\/25-caixas-de-cartao-verde-para-janelas-130-x-90-x-130-mm-n0\/","og_site_name":"CSJ Emballages","article_publisher":"https:\/\/www.facebook.com\/csjemballages","article_modified_time":"2026-03-24T01:11:37+00:00","og_image":[{"width":801,"height":801,"url":"https:\/\/www.csj-emballages.com\/wp-content\/uploads\/2024\/03\/Boite-poule-verte-13-x-9-x-13.webp","type":"image\/webp"}],"twitter_card":"summary_large_image","twitter_misc":{"Tempo estimado de leitura":"1 minuto"},"schema":{"@context":"https:\/\/schema.org","@graph":[{"@type":"WebPage","@id":"https:\/\/www.csj-emballages.com\/pt-pt\/produit\/25-caixas-de-cartao-verde-para-janelas-130-x-90-x-130-mm-n0\/","url":"https:\/\/www.csj-emballages.com\/pt-pt\/produit\/25-caixas-de-cartao-verde-para-janelas-130-x-90-x-130-mm-n0\/","name":"Caixa de papel\u00e3o verde para galinhas com janela 130 x 90 x 130 mm, 25 por caixa","isPartOf":{"@id":"https:\/\/www.csj-emballages.com\/pt-pt\/#website"},"primaryImageOfPage":{"@id":"https:\/\/www.csj-emballages.com\/pt-pt\/produit\/25-caixas-de-cartao-verde-para-janelas-130-x-90-x-130-mm-n0\/#primaryimage"},"image":{"@id":"https:\/\/www.csj-emballages.com\/pt-pt\/produit\/25-caixas-de-cartao-verde-para-janelas-130-x-90-x-130-mm-n0\/#primaryimage"},"thumbnailUrl":"https:\/\/www.csj-emballages.com\/wp-content\/uploads\/2024\/03\/Boite-poule-verte-13-x-9-x-13.webp","datePublished":"2024-03-01T15:56:05+00:00","dateModified":"2026-03-24T01:11:37+00:00","description":"Caixa de cart\u00e3o verde para galinhas com janela (130 x 90 x 130 mm). Pr\u00e1tico, resistente e recicl\u00e1vel, ideal para transportar as suas galinhas de chocolate em seguran\u00e7a.","breadcrumb":{"@id":"https:\/\/www.csj-emballages.com\/pt-pt\/produit\/25-caixas-de-cartao-verde-para-janelas-130-x-90-x-130-mm-n0\/#breadcrumb"},"inLanguage":"pt-PT","potentialAction":[{"@type":"ReadAction","target":["https:\/\/www.csj-emballages.com\/pt-pt\/produit\/25-caixas-de-cartao-verde-para-janelas-130-x-90-x-130-mm-n0\/"]}]},{"@type":"ImageObject","inLanguage":"pt-PT","@id":"https:\/\/www.csj-emballages.com\/pt-pt\/produit\/25-caixas-de-cartao-verde-para-janelas-130-x-90-x-130-mm-n0\/#primaryimage","url":"https:\/\/www.csj-emballages.com\/wp-content\/uploads\/2024\/03\/Boite-poule-verte-13-x-9-x-13.webp","contentUrl":"https:\/\/www.csj-emballages.com\/wp-content\/uploads\/2024\/03\/Boite-poule-verte-13-x-9-x-13.webp","width":801,"height":801,"caption":"boites \u00e0 poule"},{"@type":"BreadcrumbList","@id":"https:\/\/www.csj-emballages.com\/pt-pt\/produit\/25-caixas-de-cartao-verde-para-janelas-130-x-90-x-130-mm-n0\/#breadcrumb","itemListElement":[{"@type":"ListItem","position":1,"name":"Acolhimento","item":"https:\/\/www.csj-emballages.com\/pt-pt\/universo-das-embalagens-alimentares\/"},{"@type":"ListItem","position":2,"name":"Shop","item":"https:\/\/www.csj-emballages.com\/shop\/"},{"@type":"ListItem","position":3,"name":"25 caixas de cart\u00e3o verde para janelas 130 x 90 x 130 mm N\u00b00"}]},{"@type":"WebSite","@id":"https:\/\/www.csj-emballages.com\/pt-pt\/#website","url":"https:\/\/www.csj-emballages.com\/pt-pt\/","name":"CSJ Emballages","description":"","publisher":{"@id":"https:\/\/www.csj-emballages.com\/pt-pt\/#organization"},"potentialAction":[{"@type":"SearchAction","target":{"@type":"EntryPoint","urlTemplate":"https:\/\/www.csj-emballages.com\/pt-pt\/?s={search_term_string}"},"query-input":{"@type":"PropertyValueSpecification","valueRequired":true,"valueName":"search_term_string"}}],"inLanguage":"pt-PT"},{"@type":"Organization","@id":"https:\/\/www.csj-emballages.com\/pt-pt\/#Organization\/","name":"CSJ Emballages","url":"https:\/\/www.csj-emballages.com\/pt-pt\/","logo":{"@type":"ImageObject","inLanguage":"pt-PT","@id":"https:\/\/www.csj-emballages.com\/pt-pt\/#\/schema\/logo\/image\/","url":"https:\/\/www.csj-emballages.com\/wp-content\/uploads\/2023\/10\/logo_csj.webp","contentUrl":"https:\/\/www.csj-emballages.com\/wp-content\/uploads\/2023\/10\/logo_csj.webp","width":250,"height":95,"caption":"CSJ Emballages"},"image":{"@id":"https:\/\/www.csj-emballages.com\/pt-pt\/#\/schema\/logo\/image\/"},"sameAs":["https:\/\/www.facebook.com\/csjemballages"],"address":{"@type":"PostalAddress","streetAddress":"ZI La Lechere","addressLocality":"Patornay","postalCode":"39130","addressCountry":"FR"},"contactPoint":[{"@type":"ContactPoint","contactType":"Service client","telephone":"0384254272","email":"contact@csj-emballages.com"}]}]}},"df_price":18.05,"df_sale_price":18.05,"df_regular_price":21.23,"df_image_link":"https:\/\/www.csj-emballages.com\/wp-content\/uploads\/2024\/03\/Boite-poule-verte-13-x-9-x-13-300x300.webp","tiered_pricing_type":"fixed","tiered_pricing_fixed_rules":[],"tiered_pricing_percentage_rules":[],"tiered_pricing_minimum":1,"tiered_pricing_roles_data":[],"_links":{"self":[{"href":"https:\/\/www.csj-emballages.com\/pt-pt\/wp-json\/wp\/v2\/product\/19930","targetHints":{"allow":["GET"]}}],"collection":[{"href":"https:\/\/www.csj-emballages.com\/pt-pt\/wp-json\/wp\/v2\/product"}],"about":[{"href":"https:\/\/www.csj-emballages.com\/pt-pt\/wp-json\/wp\/v2\/types\/product"}],"wp:featuredmedia":[{"embeddable":true,"href":"https:\/\/www.csj-emballages.com\/pt-pt\/wp-json\/wp\/v2\/media\/225041"}],"wp:attachment":[{"href":"https:\/\/www.csj-emballages.com\/pt-pt\/wp-json\/wp\/v2\/media?parent=19930"}],"wp:term":[{"taxonomy":"product_brand","embeddable":true,"href":"https:\/\/www.csj-emballages.com\/pt-pt\/wp-json\/wp\/v2\/product_brand?post=19930"},{"taxonomy":"product_cat","embeddable":true,"href":"https:\/\/www.csj-emballages.com\/pt-pt\/wp-json\/wp\/v2\/product_cat?post=19930"},{"taxonomy":"product_tag","embeddable":true,"href":"https:\/\/www.csj-emballages.com\/pt-pt\/wp-json\/wp\/v2\/product_tag?post=19930"}],"curies":[{"name":"wp","href":"https:\/\/api.w.org\/{rel}","templated":true}]}}