{"id":19891,"date":"2024-03-01T16:56:07","date_gmt":"2024-03-01T15:56:07","guid":{"rendered":"https:\/\/u15jnbdpoq.preview.infomaniak.website\/produit\/74-garrafas-de-plastico-pet-translucidas-com-tampa-de-100-cl\/"},"modified":"2026-05-04T15:00:40","modified_gmt":"2026-05-04T13:00:40","slug":"74-garrafas-de-plastico-pet-translucidas-com-tampa-de-100-cl","status":"publish","type":"product","link":"https:\/\/www.csj-emballages.com\/pt-pt\/produit\/74-garrafas-de-plastico-pet-translucidas-com-tampa-de-100-cl\/","title":{"rendered":"Garrafa de pl\u00e1stico PET transl\u00facida com tampa laranja 100 cl par 74"},"content":{"rendered":"<h2 style=\"font-family: Roboto, sans-serif;\">Garrafa de pl\u00e1stico<\/h2>\n<hr>\n<h3 style=\"font-family: Roboto, sans-serif;\"><span style=\"font-weight: bold;\">Descubra a nossa garrafa de pl\u00e1stico PET transl\u00facida com tampa laranja 100 cl por 74<\/span><\/h3>\n<p><!--more--><\/p>\n<p><strong>Garrafa de pl\u00e1stico<\/strong> <strong>PET transl\u00facida com tampa<\/strong>: a escolha ideal para as suas necessidades de embalagem de bebidas. Esta <strong>garrafa de 100 cl<\/strong> destaca-se pelo seu design pr\u00e1tico e formato compacto. Adequada para bebidas, oferece uma solu\u00e7\u00e3o funcional para os seus produtos. Antes de mais, esta <strong>garrafa de pl\u00e1stico<\/strong> \u00e9 fabricada em <strong>PET<\/strong>, um material conhecido pela sua resist\u00eancia e leveza. Al\u00e9m disso, a sua transpar\u00eancia real\u00e7a os seus l\u00edquidos, quer se trate de \u00e1gua, sumo ou outras bebidas. Al\u00e9m disso, facilita a visualiza\u00e7\u00e3o do produto pelos consumidores.     <\/p>\n<p>Em segundo lugar, esta <strong>garrafa de 100cl<\/strong> est\u00e1 equipada com uma <strong>rolha de corti\u00e7a que est\u00e1 em conformidade com as recentes normas europeias<\/strong>. Esta tampa segura permanece presa \u00e0 garrafa ap\u00f3s a abertura. Assim, evita perdas acidentais e simplifica o manuseamento para os seus clientes. Este pormenor melhora a experi\u00eancia do utilizador e cumpre os requisitos de sustentabilidade.   <\/p>\n<h3><\/h3>\n<p><!--more--><\/p>\n<h4><strong>A garrafa de pl\u00e1stico: a embalagem perfeita para todas as suas bebidas<\/strong><\/h4>\n<p>A <strong>garrafa de pl\u00e1stico<\/strong><strong> de 100cl<\/strong> \u00e9 tamb\u00e9m ideal para produtores de bebidas que procuram um formato pr\u00e1tico e econ\u00f3mico. O seu tamanho compacto \u00e9 perfeito para doses individuais, refei\u00e7\u00f5es em movimento ou degusta\u00e7\u00f5es. Embalada em lotes de <strong>74<\/strong> unidades, optimiza os seus custos de armazenamento e de transporte.  <\/p>\n<p>Al\u00e9m disso, a <strong>garrafa de pl\u00e1stico<\/strong> <strong>PET<\/strong> <strong>transl\u00facida<\/strong> \u00e9 adequada para uma variedade de sectores, incluindo a ind\u00fastria alimentar, restaurantes de fast-food e eventos. A sua tampa garante uma higiene \u00f3ptima e aumenta a seguran\u00e7a do utilizador. Este formato vers\u00e1til pode ser utilizado para uma vasta gama de aplica\u00e7\u00f5es, aumentando o seu valor acrescentado.  <\/p>\n<p>Em suma, optar por esta <strong>garrafa de pl\u00e1stico<\/strong> <strong>PET transl\u00facida <\/strong>com<strong> tampa acoplada<\/strong> significa escolher uma solu\u00e7\u00e3o fi\u00e1vel e econ\u00f3mica. A sua capacidade de<strong> 100 cl<\/strong> torna-a ideal para uma vasta gama de ocasi\u00f5es. Com uma embalagem <strong>de 74 unidades<\/strong>, obt\u00e9m uma excelente rela\u00e7\u00e3o qualidade\/pre\u00e7o. Escolha hoje uma embalagem moderna, pr\u00e1tica e duradoura.   <\/p>\n<p>&nbsp;<\/p>\n<p><!--more--><\/p>\n<p style=\"margin: 0pt; font-family: Roboto, sans-serif;\">Este produto est\u00e1 dispon\u00edvel em v\u00e1rios tamanhos: <span style=\"color: #d12727;\"><a style=\"color: #d12727;\" href=\"https:\/\/www.csj-emballages.com\/pt-pt\/produit\/270-garrafas-de-plastico-pet-translucidas-com-tampa-de-25-cl\/\">25 cl<\/a><\/span> \/ <span style=\"color: #d12727;\"><a style=\"color: #d12727;\" href=\"https:\/\/www.csj-emballages.com\/pt-pt\/produit\/240-garrafas-de-plastico-pet-translucidas-com-tampa-de-33-cl\/\">33 cl<\/a><\/span> \/ <span style=\"color: #d12727;\"><a style=\"color: #d12727;\" href=\"https:\/\/www.csj-emballages.com\/pt-pt\/produit\/150-garrafas-de-plastico-pet-translucidas-com-tampas-de-50-cl\/\">50 cl<\/a><\/span><\/p>\n<p>&nbsp;<\/p>\n<p><!--more--><\/p>\n<h4 style=\"margin: 0pt; font-family: Roboto, sans-serif;\">As suas vantagens:<\/h4>\n<ul>\n<li><strong>Material resistente<\/strong>: Fabricada em <strong>PET<\/strong>, esta <strong>garrafa de pl\u00e1stico<\/strong> \u00e9 leve e robusta, oferecendo uma boa prote\u00e7\u00e3o aos seus produtos.<\/li>\n<li><strong>Recicl\u00e1vel<\/strong>: O PET \u00e9 um material recicl\u00e1vel, contribuindo para uma abordagem amiga do ambiente.<\/li>\n<li><strong>Formato ideal<\/strong>: Com uma capacidade de <strong>100cl<\/strong>, adapta-se perfeitamente a doses individuais e \u00e0s necessidades dos consumidores em movimento.<\/li>\n<li><strong>Versatilidade<\/strong>: Este formato \u00e9 adequado para uma vasta gama de produtos, incluindo sumos e outros alimentos l\u00edquidos.<\/li>\n<\/ul>\n<p>&nbsp;<\/p>\n<p style=\"margin: 0pt; font-family: Roboto, sans-serif;\"><!--more--><\/p>\n<h4>Outras informa\u00e7\u00f5es :<\/h4>\n<ul>\n<li><strong>Embalagem<\/strong>: Caixa de 74 garrafas<\/li>\n<li><strong>Dimens\u00f5es<\/strong>: 35 x 240 (\u00d8 x h em mm)<\/li>\n<li><strong>Volume<\/strong>: 100 cl<\/li>\n<li><strong>Material<\/strong>: pl\u00e1stico PET<\/li>\n<\/ul>\n<h2><\/h2>\n<p><!--more--><\/p>\n<p><a href=\"https:\/\/www.csj-emballages.com\/pt-pt\/categorie-produit\/embalagem-de-alimentos\/restauracao\/chavenas-copos-baldes-garrafas\/garrafas-de-plastico\/\">Ver o resto da nossa gama de garrafas de pl\u00e1stico<\/a><\/p>\n","protected":false},"excerpt":{"rendered":"<p>Garrafa de pl\u00e1stico Descubra a nossa garrafa de pl\u00e1stico PET transl\u00facida com tampa laranja 100 cl por 74<\/p>\n","protected":false},"featured_media":198106,"template":"","meta":{"_acf_changed":false},"product_brand":[],"product_cat":[1141,1176,1138,1985],"product_tag":[],"class_list":{"0":"post-19891","1":"product","2":"type-product","3":"status-publish","4":"has-post-thumbnail","6":"product_cat-embalagem-de-alimentos","7":"product_cat-talho-e-charcutaria","8":"product_cat-restauracao","9":"product_cat-garrafas-de-plastico","10":"product_shipping_class-nao-e-permitido-em-reles","12":"first","13":"instock","14":"taxable","15":"shipping-taxable","16":"purchasable","17":"product-type-simple"},"acf":[],"yoast_head":"<!-- This site is optimized with the Yoast SEO Premium plugin v26.6 (Yoast SEO v26.6) - https:\/\/yoast.com\/wordpress\/plugins\/seo\/ -->\n<title>Garrafa de pl\u00e1stico transl\u00facida - 100 cl<\/title>\n<meta name=\"description\" content=\"Descubra a nossa garrafa de pl\u00e1stico PET de 100cl! Tamanho: 240 x 35 mm! Opte por um pacote de 74 garrafas de pl\u00e1stico com rolhas.\" \/>\n<meta name=\"robots\" content=\"index, follow, max-snippet:-1, max-image-preview:large, max-video-preview:-1\" \/>\n<link rel=\"canonical\" href=\"https:\/\/www.csj-emballages.com\/pt-pt\/produit\/74-garrafas-de-plastico-pet-translucidas-com-tampa-de-100-cl\/\" \/>\n<meta property=\"og:locale\" content=\"pt_PT\" \/>\n<meta property=\"og:type\" content=\"article\" \/>\n<meta property=\"og:title\" content=\"Garrafa de pl\u00e1stico PET transl\u00facida com tampa laranja 100 cl par 74\" \/>\n<meta property=\"og:description\" content=\"Descubra a nossa garrafa de pl\u00e1stico PET de 100cl! Tamanho: 240 x 35 mm! Opte por um pacote de 74 garrafas de pl\u00e1stico com rolhas.\" \/>\n<meta property=\"og:url\" content=\"https:\/\/www.csj-emballages.com\/pt-pt\/produit\/74-garrafas-de-plastico-pet-translucidas-com-tampa-de-100-cl\/\" \/>\n<meta property=\"og:site_name\" content=\"CSJ Emballages\" \/>\n<meta property=\"article:publisher\" content=\"https:\/\/www.facebook.com\/csjemballages\" \/>\n<meta property=\"article:modified_time\" content=\"2026-05-04T13:00:40+00:00\" \/>\n<meta property=\"og:image\" content=\"https:\/\/www.csj-emballages.com\/wp-content\/uploads\/2024\/03\/BOUT100.webp\" \/>\n\t<meta property=\"og:image:width\" content=\"800\" \/>\n\t<meta property=\"og:image:height\" content=\"800\" \/>\n\t<meta property=\"og:image:type\" content=\"image\/webp\" \/>\n<meta name=\"twitter:card\" content=\"summary_large_image\" \/>\n<meta name=\"twitter:label1\" content=\"Tempo estimado de leitura\" \/>\n\t<meta name=\"twitter:data1\" content=\"2 minutos\" \/>\n<script type=\"application\/ld+json\" class=\"yoast-schema-graph\">{\"@context\":\"https:\/\/schema.org\",\"@graph\":[{\"@type\":\"WebPage\",\"@id\":\"https:\/\/www.csj-emballages.com\/pt-pt\/produit\/74-garrafas-de-plastico-pet-translucidas-com-tampa-de-100-cl\/\",\"url\":\"https:\/\/www.csj-emballages.com\/pt-pt\/produit\/74-garrafas-de-plastico-pet-translucidas-com-tampa-de-100-cl\/\",\"name\":\"Garrafa de pl\u00e1stico transl\u00facida - 100 cl\",\"isPartOf\":{\"@id\":\"https:\/\/www.csj-emballages.com\/pt-pt\/#website\"},\"primaryImageOfPage\":{\"@id\":\"https:\/\/www.csj-emballages.com\/pt-pt\/produit\/74-garrafas-de-plastico-pet-translucidas-com-tampa-de-100-cl\/#primaryimage\"},\"image\":{\"@id\":\"https:\/\/www.csj-emballages.com\/pt-pt\/produit\/74-garrafas-de-plastico-pet-translucidas-com-tampa-de-100-cl\/#primaryimage\"},\"thumbnailUrl\":\"https:\/\/www.csj-emballages.com\/wp-content\/uploads\/2024\/03\/BOUT100.webp\",\"datePublished\":\"2024-03-01T15:56:07+00:00\",\"dateModified\":\"2026-05-04T13:00:40+00:00\",\"description\":\"Descubra a nossa garrafa de pl\u00e1stico PET de 100cl! Tamanho: 240 x 35 mm! Opte por um pacote de 74 garrafas de pl\u00e1stico com rolhas.\",\"breadcrumb\":{\"@id\":\"https:\/\/www.csj-emballages.com\/pt-pt\/produit\/74-garrafas-de-plastico-pet-translucidas-com-tampa-de-100-cl\/#breadcrumb\"},\"inLanguage\":\"pt-PT\",\"potentialAction\":[{\"@type\":\"ReadAction\",\"target\":[\"https:\/\/www.csj-emballages.com\/pt-pt\/produit\/74-garrafas-de-plastico-pet-translucidas-com-tampa-de-100-cl\/\"]}]},{\"@type\":\"ImageObject\",\"inLanguage\":\"pt-PT\",\"@id\":\"https:\/\/www.csj-emballages.com\/pt-pt\/produit\/74-garrafas-de-plastico-pet-translucidas-com-tampa-de-100-cl\/#primaryimage\",\"url\":\"https:\/\/www.csj-emballages.com\/wp-content\/uploads\/2024\/03\/BOUT100.webp\",\"contentUrl\":\"https:\/\/www.csj-emballages.com\/wp-content\/uploads\/2024\/03\/BOUT100.webp\",\"width\":800,\"height\":800,\"caption\":\"Bouteille en plastique\"},{\"@type\":\"BreadcrumbList\",\"@id\":\"https:\/\/www.csj-emballages.com\/pt-pt\/produit\/74-garrafas-de-plastico-pet-translucidas-com-tampa-de-100-cl\/#breadcrumb\",\"itemListElement\":[{\"@type\":\"ListItem\",\"position\":1,\"name\":\"Acolhimento\",\"item\":\"https:\/\/www.csj-emballages.com\/pt-pt\/universo-das-embalagens-alimentares\/\"},{\"@type\":\"ListItem\",\"position\":2,\"name\":\"Shop\",\"item\":\"https:\/\/www.csj-emballages.com\/shop\/\"},{\"@type\":\"ListItem\",\"position\":3,\"name\":\"Garrafa de pl\u00e1stico PET transl\u00facida com tampa laranja 100 cl par 74\"}]},{\"@type\":\"WebSite\",\"@id\":\"https:\/\/www.csj-emballages.com\/pt-pt\/#website\",\"url\":\"https:\/\/www.csj-emballages.com\/pt-pt\/\",\"name\":\"CSJ Emballages\",\"description\":\"\",\"publisher\":{\"@id\":\"https:\/\/www.csj-emballages.com\/pt-pt\/#organization\"},\"potentialAction\":[{\"@type\":\"SearchAction\",\"target\":{\"@type\":\"EntryPoint\",\"urlTemplate\":\"https:\/\/www.csj-emballages.com\/pt-pt\/?s={search_term_string}\"},\"query-input\":{\"@type\":\"PropertyValueSpecification\",\"valueRequired\":true,\"valueName\":\"search_term_string\"}}],\"inLanguage\":\"pt-PT\"},{\"@type\":\"Organization\",\"@id\":\"https:\/\/www.csj-emballages.com\/pt-pt\/#Organization\/\",\"name\":\"CSJ Emballages\",\"url\":\"https:\/\/www.csj-emballages.com\/pt-pt\/\",\"logo\":{\"@type\":\"ImageObject\",\"inLanguage\":\"pt-PT\",\"@id\":\"https:\/\/www.csj-emballages.com\/pt-pt\/#\/schema\/logo\/image\/\",\"url\":\"https:\/\/www.csj-emballages.com\/wp-content\/uploads\/2023\/10\/logo_csj.webp\",\"contentUrl\":\"https:\/\/www.csj-emballages.com\/wp-content\/uploads\/2023\/10\/logo_csj.webp\",\"width\":250,\"height\":95,\"caption\":\"CSJ Emballages\"},\"image\":{\"@id\":\"https:\/\/www.csj-emballages.com\/pt-pt\/#\/schema\/logo\/image\/\"},\"sameAs\":[\"https:\/\/www.facebook.com\/csjemballages\"],\"address\":{\"@type\":\"PostalAddress\",\"streetAddress\":\"ZI La Lechere\",\"addressLocality\":\"Patornay\",\"postalCode\":\"39130\",\"addressCountry\":\"FR\"},\"contactPoint\":[{\"@type\":\"ContactPoint\",\"contactType\":\"Service client\",\"telephone\":\"0384254272\",\"email\":\"contact@csj-emballages.com\"}]}]}<\/script>\n<!-- \/ Yoast SEO Premium plugin. -->","yoast_head_json":{"title":"Garrafa de pl\u00e1stico transl\u00facida - 100 cl","description":"Descubra a nossa garrafa de pl\u00e1stico PET de 100cl! Tamanho: 240 x 35 mm! Opte por um pacote de 74 garrafas de pl\u00e1stico com rolhas.","robots":{"index":"index","follow":"follow","max-snippet":"max-snippet:-1","max-image-preview":"max-image-preview:large","max-video-preview":"max-video-preview:-1"},"canonical":"https:\/\/www.csj-emballages.com\/pt-pt\/produit\/74-garrafas-de-plastico-pet-translucidas-com-tampa-de-100-cl\/","og_locale":"pt_PT","og_type":"article","og_title":"Garrafa de pl\u00e1stico PET transl\u00facida com tampa laranja 100 cl par 74","og_description":"Descubra a nossa garrafa de pl\u00e1stico PET de 100cl! Tamanho: 240 x 35 mm! Opte por um pacote de 74 garrafas de pl\u00e1stico com rolhas.","og_url":"https:\/\/www.csj-emballages.com\/pt-pt\/produit\/74-garrafas-de-plastico-pet-translucidas-com-tampa-de-100-cl\/","og_site_name":"CSJ Emballages","article_publisher":"https:\/\/www.facebook.com\/csjemballages","article_modified_time":"2026-05-04T13:00:40+00:00","og_image":[{"width":800,"height":800,"url":"https:\/\/www.csj-emballages.com\/wp-content\/uploads\/2024\/03\/BOUT100.webp","type":"image\/webp"}],"twitter_card":"summary_large_image","twitter_misc":{"Tempo estimado de leitura":"2 minutos"},"schema":{"@context":"https:\/\/schema.org","@graph":[{"@type":"WebPage","@id":"https:\/\/www.csj-emballages.com\/pt-pt\/produit\/74-garrafas-de-plastico-pet-translucidas-com-tampa-de-100-cl\/","url":"https:\/\/www.csj-emballages.com\/pt-pt\/produit\/74-garrafas-de-plastico-pet-translucidas-com-tampa-de-100-cl\/","name":"Garrafa de pl\u00e1stico transl\u00facida - 100 cl","isPartOf":{"@id":"https:\/\/www.csj-emballages.com\/pt-pt\/#website"},"primaryImageOfPage":{"@id":"https:\/\/www.csj-emballages.com\/pt-pt\/produit\/74-garrafas-de-plastico-pet-translucidas-com-tampa-de-100-cl\/#primaryimage"},"image":{"@id":"https:\/\/www.csj-emballages.com\/pt-pt\/produit\/74-garrafas-de-plastico-pet-translucidas-com-tampa-de-100-cl\/#primaryimage"},"thumbnailUrl":"https:\/\/www.csj-emballages.com\/wp-content\/uploads\/2024\/03\/BOUT100.webp","datePublished":"2024-03-01T15:56:07+00:00","dateModified":"2026-05-04T13:00:40+00:00","description":"Descubra a nossa garrafa de pl\u00e1stico PET de 100cl! Tamanho: 240 x 35 mm! Opte por um pacote de 74 garrafas de pl\u00e1stico com rolhas.","breadcrumb":{"@id":"https:\/\/www.csj-emballages.com\/pt-pt\/produit\/74-garrafas-de-plastico-pet-translucidas-com-tampa-de-100-cl\/#breadcrumb"},"inLanguage":"pt-PT","potentialAction":[{"@type":"ReadAction","target":["https:\/\/www.csj-emballages.com\/pt-pt\/produit\/74-garrafas-de-plastico-pet-translucidas-com-tampa-de-100-cl\/"]}]},{"@type":"ImageObject","inLanguage":"pt-PT","@id":"https:\/\/www.csj-emballages.com\/pt-pt\/produit\/74-garrafas-de-plastico-pet-translucidas-com-tampa-de-100-cl\/#primaryimage","url":"https:\/\/www.csj-emballages.com\/wp-content\/uploads\/2024\/03\/BOUT100.webp","contentUrl":"https:\/\/www.csj-emballages.com\/wp-content\/uploads\/2024\/03\/BOUT100.webp","width":800,"height":800,"caption":"Bouteille en plastique"},{"@type":"BreadcrumbList","@id":"https:\/\/www.csj-emballages.com\/pt-pt\/produit\/74-garrafas-de-plastico-pet-translucidas-com-tampa-de-100-cl\/#breadcrumb","itemListElement":[{"@type":"ListItem","position":1,"name":"Acolhimento","item":"https:\/\/www.csj-emballages.com\/pt-pt\/universo-das-embalagens-alimentares\/"},{"@type":"ListItem","position":2,"name":"Shop","item":"https:\/\/www.csj-emballages.com\/shop\/"},{"@type":"ListItem","position":3,"name":"Garrafa de pl\u00e1stico PET transl\u00facida com tampa laranja 100 cl par 74"}]},{"@type":"WebSite","@id":"https:\/\/www.csj-emballages.com\/pt-pt\/#website","url":"https:\/\/www.csj-emballages.com\/pt-pt\/","name":"CSJ Emballages","description":"","publisher":{"@id":"https:\/\/www.csj-emballages.com\/pt-pt\/#organization"},"potentialAction":[{"@type":"SearchAction","target":{"@type":"EntryPoint","urlTemplate":"https:\/\/www.csj-emballages.com\/pt-pt\/?s={search_term_string}"},"query-input":{"@type":"PropertyValueSpecification","valueRequired":true,"valueName":"search_term_string"}}],"inLanguage":"pt-PT"},{"@type":"Organization","@id":"https:\/\/www.csj-emballages.com\/pt-pt\/#Organization\/","name":"CSJ Emballages","url":"https:\/\/www.csj-emballages.com\/pt-pt\/","logo":{"@type":"ImageObject","inLanguage":"pt-PT","@id":"https:\/\/www.csj-emballages.com\/pt-pt\/#\/schema\/logo\/image\/","url":"https:\/\/www.csj-emballages.com\/wp-content\/uploads\/2023\/10\/logo_csj.webp","contentUrl":"https:\/\/www.csj-emballages.com\/wp-content\/uploads\/2023\/10\/logo_csj.webp","width":250,"height":95,"caption":"CSJ Emballages"},"image":{"@id":"https:\/\/www.csj-emballages.com\/pt-pt\/#\/schema\/logo\/image\/"},"sameAs":["https:\/\/www.facebook.com\/csjemballages"],"address":{"@type":"PostalAddress","streetAddress":"ZI La Lechere","addressLocality":"Patornay","postalCode":"39130","addressCountry":"FR"},"contactPoint":[{"@type":"ContactPoint","contactType":"Service client","telephone":"0384254272","email":"contact@csj-emballages.com"}]}]}},"df_price":31.92,"df_sale_price":"","df_regular_price":31.92,"df_image_link":"https:\/\/www.csj-emballages.com\/wp-content\/uploads\/2024\/03\/BOUT100-300x300.webp","tiered_pricing_type":"fixed","tiered_pricing_fixed_rules":[],"tiered_pricing_percentage_rules":[],"tiered_pricing_minimum":1,"tiered_pricing_roles_data":[],"_links":{"self":[{"href":"https:\/\/www.csj-emballages.com\/pt-pt\/wp-json\/wp\/v2\/product\/19891","targetHints":{"allow":["GET"]}}],"collection":[{"href":"https:\/\/www.csj-emballages.com\/pt-pt\/wp-json\/wp\/v2\/product"}],"about":[{"href":"https:\/\/www.csj-emballages.com\/pt-pt\/wp-json\/wp\/v2\/types\/product"}],"wp:featuredmedia":[{"embeddable":true,"href":"https:\/\/www.csj-emballages.com\/pt-pt\/wp-json\/wp\/v2\/media\/198106"}],"wp:attachment":[{"href":"https:\/\/www.csj-emballages.com\/pt-pt\/wp-json\/wp\/v2\/media?parent=19891"}],"wp:term":[{"taxonomy":"product_brand","embeddable":true,"href":"https:\/\/www.csj-emballages.com\/pt-pt\/wp-json\/wp\/v2\/product_brand?post=19891"},{"taxonomy":"product_cat","embeddable":true,"href":"https:\/\/www.csj-emballages.com\/pt-pt\/wp-json\/wp\/v2\/product_cat?post=19891"},{"taxonomy":"product_tag","embeddable":true,"href":"https:\/\/www.csj-emballages.com\/pt-pt\/wp-json\/wp\/v2\/product_tag?post=19891"}],"curies":[{"name":"wp","href":"https:\/\/api.w.org\/{rel}","templated":true}]}}