{"id":19883,"date":"2024-03-01T16:56:06","date_gmt":"2024-03-01T15:56:06","guid":{"rendered":"https:\/\/u15jnbdpoq.preview.infomaniak.website\/produit\/maquina-manual-para-selar-tabuleiros-com-peso-entre-250-e-2000-gramas\/"},"modified":"2026-03-12T16:15:14","modified_gmt":"2026-03-12T15:15:14","slug":"maquina-manual-para-selar-tabuleiros-com-peso-entre-250-e-2000-gramas","status":"publish","type":"product","link":"https:\/\/www.csj-emballages.com\/pt-pt\/produit\/maquina-manual-para-selar-tabuleiros-com-peso-entre-250-e-2000-gramas\/","title":{"rendered":"Seladora t\u00e9rmica manual para tabuleiros sel\u00e1veis"},"content":{"rendered":"<h2>Seladora t\u00e9rmica manual<\/h2>\n<hr>\n<h3>Descri\u00e7\u00e3o da nossa m\u00e1quina manual de selagem a quente para tabuleiros sel\u00e1veis<\/h3>\n<p><!--more--><\/p>\n<p>Este <strong>selador t\u00e9rmico manual<\/strong> \u00e9 o instrumento indispens\u00e1vel para os <strong>profissionais da restaura\u00e7\u00e3o<\/strong>, <strong>os fornecedores de refei\u00e7\u00f5es<\/strong> e mesmo <strong>os particulares<\/strong>. Concebida para <strong>selar<\/strong> hermeticamente os seus <strong>tabuleiros<\/strong>, garante <strong>uma prote\u00e7\u00e3o \u00f3ptima<\/strong> dos alimentos. <\/p>\n<p>Corte e selagem simult\u00e2neos de pel\u00edcula de matriz ajust\u00e1vel de pequeno e grande formato, mudan\u00e7a de ferramenta r\u00e1pida e f\u00e1cil. Base em a\u00e7o inoxid\u00e1vel polido de qualidade alimentar Tampa em policarbonato. Corte e selagem simult\u00e2neos da pel\u00edcula Troca r\u00e1pida e f\u00e1cil de ferramentas Placa de selagem em alum\u00ednio revestido a teflon (antiaderente e f\u00e1cil de limpar) Controlo eletr\u00f3nico da temperatura.  <\/p>\n<p>&nbsp;<\/p>\n<p><!--more--><\/p>\n<h4>Vantagens:<\/h4>\n<ul>\n<li><strong>Selagem r\u00e1pida e eficiente<\/strong>: sela os tabuleiros em segundos gra\u00e7as a um mecanismo manual simples e de elevado desempenho.<\/li>\n<li><strong>Versatilidade<\/strong>: Compat\u00edvel com uma vasta gama de tabuleiros sel\u00e1veis para pratos quentes ou frios.<\/li>\n<li><strong>Seguran\u00e7a alimentar<\/strong>: Garante uma veda\u00e7\u00e3o herm\u00e9tica, ideal para evitar fugas e contamina\u00e7\u00e3o e prolongar a conserva\u00e7\u00e3o dos alimentos.<\/li>\n<li><strong>Compacto e robusto<\/strong>: tamanho pequeno para ocupar o m\u00ednimo de espa\u00e7o, com uma estrutura duradoura para uma utiliza\u00e7\u00e3o regular.<\/li>\n<li><strong>Econ\u00f3mica<\/strong>: n\u00e3o necessita de liga\u00e7\u00e3o el\u00e9ctrica, ideal para pequenos volumes ou eventos pontuais<\/li>\n<\/ul>\n<h4><\/h4>\n<p><!--more--><\/p>\n<h4>Outras informa\u00e7\u00f5es :<\/h4>\n<ul>\n<li><strong>Capacidade de selagem<\/strong>: 195 x 150 mm<\/li>\n<li><strong>Dimens\u00f5es m\u00e1ximas do tabuleiro<\/strong>: 195 x 150 x 100 mm<\/li>\n<li><strong>Largura m\u00e1xima da bobina<\/strong>: 160 mm<\/li>\n<li><strong>Di\u00e2metro m\u00e1ximo da bobina<\/strong>: 200 mm<\/li>\n<li>Fonte de <strong>alimenta\u00e7\u00e3o<\/strong>: 230 V (monof\u00e1sico) + terra Pot\u00eancia: 450 Watts<\/li>\n<li><strong>Peso<\/strong>: 8 kg<\/li>\n<li><strong>Dimens\u00f5es da m\u00e1quina<\/strong>: 225 x 540 x 440 (C x L x A em mm)<\/li>\n<\/ul>\n<p>&nbsp;<\/p>\n<p><!--more--><\/p>\n<p>Encontre aqui o nosso <strong>rolo de pel\u00edcula sel\u00e1vel<\/strong> compat\u00edvel com este produto: <span style=\"color: #d12727;\"><a style=\"color: #d12727;\" href=\"https:\/\/www.csj-emballages.com\/es\/produit\/film-precintable-40%c2%b5-15-cm-x-500-m-pp\/\">FL15<\/a><\/span><\/p>\n<p>&nbsp;<\/p>\n<p><!--more--><\/p>\n<p><a href=\"https:\/\/www.csj-emballages.com\/pt-pt\/categorie-produit\/embalagem-de-alimentos\/talho-e-charcutaria\/tabuleiros-latas-e-frascos\/tabuleiros-latas-frascos-para-alimentos\/tabuleiros-selaveis-alphacel\/maquinas-selaveis\/\">Ver o resto da nossa gama de seladoras t\u00e9rmicas<\/a><\/p>\n","protected":false},"excerpt":{"rendered":"<p>Seladora t\u00e9rmica manual Descri\u00e7\u00e3o da nossa m\u00e1quina manual de selagem a quente para tabuleiros sel\u00e1veis<\/p>\n","protected":false},"featured_media":220560,"template":"","meta":{"_acf_changed":false},"product_brand":[],"product_cat":[1176,1525,2243,2244],"product_tag":[],"class_list":{"0":"post-19883","1":"product","2":"type-product","3":"status-publish","4":"has-post-thumbnail","6":"product_cat-talho-e-charcutaria","7":"product_cat-tabuleiros-latas-frascos-para-alimentos","8":"product_cat-tabuleiros-selaveis-alphacel","9":"product_cat-maquinas-selaveis","11":"first","12":"instock","13":"taxable","14":"shipping-taxable","15":"purchasable","16":"product-type-simple"},"acf":[],"yoast_head":"<!-- This site is optimized with the Yoast SEO Premium plugin v26.6 (Yoast SEO v26.6) - https:\/\/yoast.com\/wordpress\/plugins\/seo\/ -->\n<title>Seladora t\u00e9rmica manual para tabuleiros sel\u00e1veis<\/title>\n<meta name=\"description\" content=\"Seladora t\u00e9rmica manual para tabuleiros sel\u00e1veis: selagem r\u00e1pida, armazenamento e transporte seguros. Ideal para catering e restaurantes.\" \/>\n<meta name=\"robots\" content=\"index, follow, max-snippet:-1, max-image-preview:large, max-video-preview:-1\" \/>\n<link rel=\"canonical\" href=\"https:\/\/www.csj-emballages.com\/pt-pt\/produit\/maquina-manual-para-selar-tabuleiros-com-peso-entre-250-e-2000-gramas\/\" \/>\n<meta property=\"og:locale\" content=\"pt_PT\" \/>\n<meta property=\"og:type\" content=\"article\" \/>\n<meta property=\"og:title\" content=\"Seladora t\u00e9rmica manual para tabuleiros sel\u00e1veis\" \/>\n<meta property=\"og:description\" content=\"Seladora t\u00e9rmica manual para tabuleiros sel\u00e1veis: selagem r\u00e1pida, armazenamento e transporte seguros. Ideal para catering e restaurantes.\" \/>\n<meta property=\"og:url\" content=\"https:\/\/www.csj-emballages.com\/pt-pt\/produit\/maquina-manual-para-selar-tabuleiros-com-peso-entre-250-e-2000-gramas\/\" \/>\n<meta property=\"og:site_name\" content=\"CSJ Emballages\" \/>\n<meta property=\"article:publisher\" content=\"https:\/\/www.facebook.com\/csjemballages\" \/>\n<meta property=\"article:modified_time\" content=\"2026-03-12T15:15:14+00:00\" \/>\n<meta property=\"og:image\" content=\"https:\/\/www.csj-emballages.com\/wp-content\/uploads\/2024\/03\/Thermoscelleuse.webp\" \/>\n\t<meta property=\"og:image:width\" content=\"800\" \/>\n\t<meta property=\"og:image:height\" content=\"800\" \/>\n\t<meta property=\"og:image:type\" content=\"image\/webp\" \/>\n<meta name=\"twitter:card\" content=\"summary_large_image\" \/>\n<meta name=\"twitter:label1\" content=\"Tempo estimado de leitura\" \/>\n\t<meta name=\"twitter:data1\" content=\"2 minutos\" \/>\n<script type=\"application\/ld+json\" class=\"yoast-schema-graph\">{\"@context\":\"https:\/\/schema.org\",\"@graph\":[{\"@type\":\"WebPage\",\"@id\":\"https:\/\/www.csj-emballages.com\/pt-pt\/produit\/maquina-manual-para-selar-tabuleiros-com-peso-entre-250-e-2000-gramas\/\",\"url\":\"https:\/\/www.csj-emballages.com\/pt-pt\/produit\/maquina-manual-para-selar-tabuleiros-com-peso-entre-250-e-2000-gramas\/\",\"name\":\"Seladora t\u00e9rmica manual para tabuleiros sel\u00e1veis\",\"isPartOf\":{\"@id\":\"https:\/\/www.csj-emballages.com\/pt-pt\/#website\"},\"primaryImageOfPage\":{\"@id\":\"https:\/\/www.csj-emballages.com\/pt-pt\/produit\/maquina-manual-para-selar-tabuleiros-com-peso-entre-250-e-2000-gramas\/#primaryimage\"},\"image\":{\"@id\":\"https:\/\/www.csj-emballages.com\/pt-pt\/produit\/maquina-manual-para-selar-tabuleiros-com-peso-entre-250-e-2000-gramas\/#primaryimage\"},\"thumbnailUrl\":\"https:\/\/www.csj-emballages.com\/wp-content\/uploads\/2024\/03\/Thermoscelleuse.webp\",\"datePublished\":\"2024-03-01T15:56:06+00:00\",\"dateModified\":\"2026-03-12T15:15:14+00:00\",\"description\":\"Seladora t\u00e9rmica manual para tabuleiros sel\u00e1veis: selagem r\u00e1pida, armazenamento e transporte seguros. Ideal para catering e restaurantes.\",\"breadcrumb\":{\"@id\":\"https:\/\/www.csj-emballages.com\/pt-pt\/produit\/maquina-manual-para-selar-tabuleiros-com-peso-entre-250-e-2000-gramas\/#breadcrumb\"},\"inLanguage\":\"pt-PT\",\"potentialAction\":[{\"@type\":\"ReadAction\",\"target\":[\"https:\/\/www.csj-emballages.com\/pt-pt\/produit\/maquina-manual-para-selar-tabuleiros-com-peso-entre-250-e-2000-gramas\/\"]}]},{\"@type\":\"ImageObject\",\"inLanguage\":\"pt-PT\",\"@id\":\"https:\/\/www.csj-emballages.com\/pt-pt\/produit\/maquina-manual-para-selar-tabuleiros-com-peso-entre-250-e-2000-gramas\/#primaryimage\",\"url\":\"https:\/\/www.csj-emballages.com\/wp-content\/uploads\/2024\/03\/Thermoscelleuse.webp\",\"contentUrl\":\"https:\/\/www.csj-emballages.com\/wp-content\/uploads\/2024\/03\/Thermoscelleuse.webp\",\"width\":800,\"height\":800,\"caption\":\"Thermoscelleuse\"},{\"@type\":\"BreadcrumbList\",\"@id\":\"https:\/\/www.csj-emballages.com\/pt-pt\/produit\/maquina-manual-para-selar-tabuleiros-com-peso-entre-250-e-2000-gramas\/#breadcrumb\",\"itemListElement\":[{\"@type\":\"ListItem\",\"position\":1,\"name\":\"Acolhimento\",\"item\":\"https:\/\/www.csj-emballages.com\/pt-pt\/universo-das-embalagens-alimentares\/\"},{\"@type\":\"ListItem\",\"position\":2,\"name\":\"Shop\",\"item\":\"https:\/\/www.csj-emballages.com\/shop\/\"},{\"@type\":\"ListItem\",\"position\":3,\"name\":\"Seladora t\u00e9rmica manual para tabuleiros sel\u00e1veis\"}]},{\"@type\":\"WebSite\",\"@id\":\"https:\/\/www.csj-emballages.com\/pt-pt\/#website\",\"url\":\"https:\/\/www.csj-emballages.com\/pt-pt\/\",\"name\":\"CSJ Emballages\",\"description\":\"\",\"publisher\":{\"@id\":\"https:\/\/www.csj-emballages.com\/pt-pt\/#organization\"},\"potentialAction\":[{\"@type\":\"SearchAction\",\"target\":{\"@type\":\"EntryPoint\",\"urlTemplate\":\"https:\/\/www.csj-emballages.com\/pt-pt\/?s={search_term_string}\"},\"query-input\":{\"@type\":\"PropertyValueSpecification\",\"valueRequired\":true,\"valueName\":\"search_term_string\"}}],\"inLanguage\":\"pt-PT\"},{\"@type\":\"Organization\",\"@id\":\"https:\/\/www.csj-emballages.com\/pt-pt\/#Organization\/\",\"name\":\"CSJ Emballages\",\"url\":\"https:\/\/www.csj-emballages.com\/pt-pt\/\",\"logo\":{\"@type\":\"ImageObject\",\"inLanguage\":\"pt-PT\",\"@id\":\"https:\/\/www.csj-emballages.com\/pt-pt\/#\/schema\/logo\/image\/\",\"url\":\"https:\/\/www.csj-emballages.com\/wp-content\/uploads\/2023\/10\/logo_csj.webp\",\"contentUrl\":\"https:\/\/www.csj-emballages.com\/wp-content\/uploads\/2023\/10\/logo_csj.webp\",\"width\":250,\"height\":95,\"caption\":\"CSJ Emballages\"},\"image\":{\"@id\":\"https:\/\/www.csj-emballages.com\/pt-pt\/#\/schema\/logo\/image\/\"},\"sameAs\":[\"https:\/\/www.facebook.com\/csjemballages\"],\"address\":{\"@type\":\"PostalAddress\",\"streetAddress\":\"ZI La Lechere\",\"addressLocality\":\"Patornay\",\"postalCode\":\"39130\",\"addressCountry\":\"FR\"},\"contactPoint\":[{\"@type\":\"ContactPoint\",\"contactType\":\"Service client\",\"telephone\":\"0384254272\",\"email\":\"contact@csj-emballages.com\"}]}]}<\/script>\n<!-- \/ Yoast SEO Premium plugin. -->","yoast_head_json":{"title":"Seladora t\u00e9rmica manual para tabuleiros sel\u00e1veis","description":"Seladora t\u00e9rmica manual para tabuleiros sel\u00e1veis: selagem r\u00e1pida, armazenamento e transporte seguros. Ideal para catering e restaurantes.","robots":{"index":"index","follow":"follow","max-snippet":"max-snippet:-1","max-image-preview":"max-image-preview:large","max-video-preview":"max-video-preview:-1"},"canonical":"https:\/\/www.csj-emballages.com\/pt-pt\/produit\/maquina-manual-para-selar-tabuleiros-com-peso-entre-250-e-2000-gramas\/","og_locale":"pt_PT","og_type":"article","og_title":"Seladora t\u00e9rmica manual para tabuleiros sel\u00e1veis","og_description":"Seladora t\u00e9rmica manual para tabuleiros sel\u00e1veis: selagem r\u00e1pida, armazenamento e transporte seguros. Ideal para catering e restaurantes.","og_url":"https:\/\/www.csj-emballages.com\/pt-pt\/produit\/maquina-manual-para-selar-tabuleiros-com-peso-entre-250-e-2000-gramas\/","og_site_name":"CSJ Emballages","article_publisher":"https:\/\/www.facebook.com\/csjemballages","article_modified_time":"2026-03-12T15:15:14+00:00","og_image":[{"width":800,"height":800,"url":"https:\/\/www.csj-emballages.com\/wp-content\/uploads\/2024\/03\/Thermoscelleuse.webp","type":"image\/webp"}],"twitter_card":"summary_large_image","twitter_misc":{"Tempo estimado de leitura":"2 minutos"},"schema":{"@context":"https:\/\/schema.org","@graph":[{"@type":"WebPage","@id":"https:\/\/www.csj-emballages.com\/pt-pt\/produit\/maquina-manual-para-selar-tabuleiros-com-peso-entre-250-e-2000-gramas\/","url":"https:\/\/www.csj-emballages.com\/pt-pt\/produit\/maquina-manual-para-selar-tabuleiros-com-peso-entre-250-e-2000-gramas\/","name":"Seladora t\u00e9rmica manual para tabuleiros sel\u00e1veis","isPartOf":{"@id":"https:\/\/www.csj-emballages.com\/pt-pt\/#website"},"primaryImageOfPage":{"@id":"https:\/\/www.csj-emballages.com\/pt-pt\/produit\/maquina-manual-para-selar-tabuleiros-com-peso-entre-250-e-2000-gramas\/#primaryimage"},"image":{"@id":"https:\/\/www.csj-emballages.com\/pt-pt\/produit\/maquina-manual-para-selar-tabuleiros-com-peso-entre-250-e-2000-gramas\/#primaryimage"},"thumbnailUrl":"https:\/\/www.csj-emballages.com\/wp-content\/uploads\/2024\/03\/Thermoscelleuse.webp","datePublished":"2024-03-01T15:56:06+00:00","dateModified":"2026-03-12T15:15:14+00:00","description":"Seladora t\u00e9rmica manual para tabuleiros sel\u00e1veis: selagem r\u00e1pida, armazenamento e transporte seguros. Ideal para catering e restaurantes.","breadcrumb":{"@id":"https:\/\/www.csj-emballages.com\/pt-pt\/produit\/maquina-manual-para-selar-tabuleiros-com-peso-entre-250-e-2000-gramas\/#breadcrumb"},"inLanguage":"pt-PT","potentialAction":[{"@type":"ReadAction","target":["https:\/\/www.csj-emballages.com\/pt-pt\/produit\/maquina-manual-para-selar-tabuleiros-com-peso-entre-250-e-2000-gramas\/"]}]},{"@type":"ImageObject","inLanguage":"pt-PT","@id":"https:\/\/www.csj-emballages.com\/pt-pt\/produit\/maquina-manual-para-selar-tabuleiros-com-peso-entre-250-e-2000-gramas\/#primaryimage","url":"https:\/\/www.csj-emballages.com\/wp-content\/uploads\/2024\/03\/Thermoscelleuse.webp","contentUrl":"https:\/\/www.csj-emballages.com\/wp-content\/uploads\/2024\/03\/Thermoscelleuse.webp","width":800,"height":800,"caption":"Thermoscelleuse"},{"@type":"BreadcrumbList","@id":"https:\/\/www.csj-emballages.com\/pt-pt\/produit\/maquina-manual-para-selar-tabuleiros-com-peso-entre-250-e-2000-gramas\/#breadcrumb","itemListElement":[{"@type":"ListItem","position":1,"name":"Acolhimento","item":"https:\/\/www.csj-emballages.com\/pt-pt\/universo-das-embalagens-alimentares\/"},{"@type":"ListItem","position":2,"name":"Shop","item":"https:\/\/www.csj-emballages.com\/shop\/"},{"@type":"ListItem","position":3,"name":"Seladora t\u00e9rmica manual para tabuleiros sel\u00e1veis"}]},{"@type":"WebSite","@id":"https:\/\/www.csj-emballages.com\/pt-pt\/#website","url":"https:\/\/www.csj-emballages.com\/pt-pt\/","name":"CSJ Emballages","description":"","publisher":{"@id":"https:\/\/www.csj-emballages.com\/pt-pt\/#organization"},"potentialAction":[{"@type":"SearchAction","target":{"@type":"EntryPoint","urlTemplate":"https:\/\/www.csj-emballages.com\/pt-pt\/?s={search_term_string}"},"query-input":{"@type":"PropertyValueSpecification","valueRequired":true,"valueName":"search_term_string"}}],"inLanguage":"pt-PT"},{"@type":"Organization","@id":"https:\/\/www.csj-emballages.com\/pt-pt\/#Organization\/","name":"CSJ Emballages","url":"https:\/\/www.csj-emballages.com\/pt-pt\/","logo":{"@type":"ImageObject","inLanguage":"pt-PT","@id":"https:\/\/www.csj-emballages.com\/pt-pt\/#\/schema\/logo\/image\/","url":"https:\/\/www.csj-emballages.com\/wp-content\/uploads\/2023\/10\/logo_csj.webp","contentUrl":"https:\/\/www.csj-emballages.com\/wp-content\/uploads\/2023\/10\/logo_csj.webp","width":250,"height":95,"caption":"CSJ Emballages"},"image":{"@id":"https:\/\/www.csj-emballages.com\/pt-pt\/#\/schema\/logo\/image\/"},"sameAs":["https:\/\/www.facebook.com\/csjemballages"],"address":{"@type":"PostalAddress","streetAddress":"ZI La Lechere","addressLocality":"Patornay","postalCode":"39130","addressCountry":"FR"},"contactPoint":[{"@type":"ContactPoint","contactType":"Service client","telephone":"0384254272","email":"contact@csj-emballages.com"}]}]}},"df_price":946.68,"df_sale_price":"","df_regular_price":946.68,"df_image_link":"https:\/\/www.csj-emballages.com\/wp-content\/uploads\/2024\/03\/Thermoscelleuse-300x300.webp","tiered_pricing_type":"fixed","tiered_pricing_fixed_rules":[],"tiered_pricing_percentage_rules":[],"tiered_pricing_minimum":1,"tiered_pricing_roles_data":[],"_links":{"self":[{"href":"https:\/\/www.csj-emballages.com\/pt-pt\/wp-json\/wp\/v2\/product\/19883","targetHints":{"allow":["GET"]}}],"collection":[{"href":"https:\/\/www.csj-emballages.com\/pt-pt\/wp-json\/wp\/v2\/product"}],"about":[{"href":"https:\/\/www.csj-emballages.com\/pt-pt\/wp-json\/wp\/v2\/types\/product"}],"wp:featuredmedia":[{"embeddable":true,"href":"https:\/\/www.csj-emballages.com\/pt-pt\/wp-json\/wp\/v2\/media\/220560"}],"wp:attachment":[{"href":"https:\/\/www.csj-emballages.com\/pt-pt\/wp-json\/wp\/v2\/media?parent=19883"}],"wp:term":[{"taxonomy":"product_brand","embeddable":true,"href":"https:\/\/www.csj-emballages.com\/pt-pt\/wp-json\/wp\/v2\/product_brand?post=19883"},{"taxonomy":"product_cat","embeddable":true,"href":"https:\/\/www.csj-emballages.com\/pt-pt\/wp-json\/wp\/v2\/product_cat?post=19883"},{"taxonomy":"product_tag","embeddable":true,"href":"https:\/\/www.csj-emballages.com\/pt-pt\/wp-json\/wp\/v2\/product_tag?post=19883"}],"curies":[{"name":"wp","href":"https:\/\/api.w.org\/{rel}","templated":true}]}}