{"id":19870,"date":"2024-03-01T16:56:06","date_gmt":"2024-03-01T15:56:06","guid":{"rendered":"https:\/\/u15jnbdpoq.preview.infomaniak.website\/produit\/100-caixas-de-pizza-31-x-31-x-4-cm\/"},"modified":"2026-03-14T02:11:19","modified_gmt":"2026-03-14T01:11:19","slug":"100-caixas-de-pizza-31-x-31-x-4-cm","status":"publish","type":"product","link":"https:\/\/www.csj-emballages.com\/pt-pt\/produit\/100-caixas-de-pizza-31-x-31-x-4-cm\/","title":{"rendered":"Caixa de pizza 31 x 31 x 4 cm por 100"},"content":{"rendered":"<h2>Caixa de pizza<\/h2>\n<hr>\n<h3>Descri\u00e7\u00e3o da nossa caixa para piza 31 x 31 x 4 cm por 100<\/h3>\n<p><!--more--><\/p>\n<p data-start=\"213\" data-end=\"569\">Se procura uma <strong>caixa de pizza<\/strong> fi\u00e1vel, resistente e divertida de utilizar todos os dias, esta <strong data-start=\"306\" data-end=\"330\">caixa de 31 x 31 x 4 cm<\/strong> \u00e9 exatamente o que precisa. Tem o tamanho perfeito para uma <g id=\"gid_2\">piza normal<\/g> e, o melhor de tudo, cabe perfeitamente na sua m\u00e3o. Nada fica esmagado e nada se deforma, mesmo quando a piza acaba de sair do forno.  <\/p>\n<p data-start=\"571\" data-end=\"976\">Fabricada em <strong>cart\u00e3o<\/strong> r\u00edgido, resiste muito bem ao calor. O resultado: a sua pizza mant\u00e9m-se no lugar, n\u00e3o fica encharcada e chega \u00e0 porta do cliente com uma base estaladi\u00e7a. Gra\u00e7as ao seu sistema de fecho simples, pode embrulhar em apenas alguns segundos, sem ter de se debater com uma aba temperamental ou uma caixa de cart\u00e3o que se rasga. \u00c9 suave, r\u00e1pido, eficiente&#8230; em suma, perfeito para trabalhos urgentes.   <\/p>\n<p data-start=\"978\" data-end=\"1305\">E n\u00e3o \u00e9 tudo. O facto de o cart\u00e3o ser microondulado limita a condensa\u00e7\u00e3o. Assim, n\u00e3o h\u00e1 pizzas encharcadas ou que percam a sua textura. Quando o cliente abre a caixa, encontra uma pizza ainda quente e apetitosa, com todos os seus cheiros. Isto melhora a experi\u00eancia e tem um impacto direto na satisfa\u00e7\u00e3o.    <\/p>\n<p data-start=\"1536\" data-end=\"1725\">Quer seja uma pizzaria, um snack-bar, um food truck ou um restaurante para levar, este <strong>pacote de 100 latas<\/strong> significa que pode gerir as suas encomendas sem stress, mantendo uma qualidade consistente.<\/p>\n<p><!--more--><\/p>\n<h4><strong>Vantagens :<\/strong><\/h4>\n<ul>\n<li data-start=\"1753\" data-end=\"1801\">Cart\u00e3o s\u00f3lido que mant\u00e9m a pizza estaladi\u00e7a.<\/li>\n<li data-start=\"1804\" data-end=\"1845\">Tamanho ideal para pizzas individuais.<\/li>\n<li data-start=\"1848\" data-end=\"1878\">Fecho r\u00e1pido e pr\u00e1tico.<\/li>\n<li data-start=\"1881\" data-end=\"1929\">Esta caixa para pizzas \u00e9 resistente ao calor e limita a condensa\u00e7\u00e3o.<\/li>\n<li data-start=\"1932\" data-end=\"1956\">F\u00e1cil de personalizar.<\/li>\n<li data-start=\"1959\" data-end=\"2012\"><strong>Pacote de 100<\/strong>: perfeito para profissionais e muito econ\u00f3mico.<\/li>\n<\/ul>\n<p>&nbsp;<\/p>\n<p><!--more--><\/p>\n<h4>Outras informa\u00e7\u00f5es :<\/h4>\n<ul>\n<li><strong>Embalagem<\/strong>: Pacote de 100<\/li>\n<li><strong>Dimens\u00f5es<\/strong>: 31 x 31 x 4 cm<\/li>\n<li><strong>Material<\/strong>: Cart\u00e3o<\/li>\n<\/ul>\n<p>&nbsp;<\/p>\n<p><!--more--><\/p>\n<p>Encontre aqui o nosso trip\u00e9 para pizzas: <span style=\"color: #d12727;\"><a style=\"color: #d12727;\" href=\"https:\/\/www.csj-emballages.com\/es\/produit\/200-tripodes-de-plastico-para-pizza-37-mm\/\">PP<\/a><\/span><\/p>\n<p>&nbsp;<\/p>\n<p><!--more--><\/p>\n<p>Esta caixa para piza est\u00e1 dispon\u00edvel em diferentes tamanhos: <span style=\"color: #d12727;\"><a style=\"color: #d12727;\" href=\"https:\/\/www.csj-emballages.com\/es\/produit\/100-cajas-de-pizza-26-x-26-x-4-cm\/\">26 x 26 x 4 cm<\/a> <\/span>\/ <span style=\"color: #d12727;\"><a style=\"color: #d12727;\" href=\"https:\/\/www.csj-emballages.com\/es\/produit\/100-cajas-de-pizza-29-x-29-x-4-cm-2\/\">29 x 29 x 4 cm<\/a><\/span> \/ <span style=\"color: #d12727;\"><a style=\"color: #d12727;\" href=\"https:\/\/www.csj-emballages.com\/produit\/100-boites-a-pizza-33-x-33-x-4-cm\/\">33 x 33 x 4 cm<\/a><\/span> \/ <span style=\"color: #d12727;\"><a style=\"color: #d12727;\" href=\"https:\/\/www.csj-emballages.com\/produit\/100-boites-a-pizza-40-x-40-x-4-cm\/\">40 x 40 x 4 cm<\/a><\/span><\/p>\n<p>&nbsp;<\/p>\n<p><!--more--><\/p>\n<p><a href=\"https:\/\/www.csj-emballages.com\/pt-pt\/categorie-produit\/embalagem-de-alimentos\/restauracao\/caixas-tabuleiros-bolsas-cones\/caixas-de-pizza\/\">Ver o resto da nossa gama de caixas de pizza<\/a><\/p>\n","protected":false},"excerpt":{"rendered":"<p>Caixa de pizza Descri\u00e7\u00e3o da nossa caixa para piza 31 x 31 x 4 cm por 100<\/p>\n","protected":false},"featured_media":6488,"template":"","meta":{"_acf_changed":false},"product_brand":[],"product_cat":[1141,1138,2236],"product_tag":[],"class_list":{"0":"post-19870","1":"product","2":"type-product","3":"status-publish","4":"has-post-thumbnail","6":"product_cat-embalagem-de-alimentos","7":"product_cat-restauracao","8":"product_cat-caixas-de-pizza","9":"product_shipping_class-nao-e-permitido-em-reles","11":"first","12":"instock","13":"taxable","14":"shipping-taxable","15":"purchasable","16":"product-type-simple"},"acf":[],"yoast_head":"<!-- This site is optimized with the Yoast SEO Premium plugin v26.6 (Yoast SEO v26.6) - https:\/\/yoast.com\/wordpress\/plugins\/seo\/ -->\n<title>Caixa de pizza 31 x 31 x 4 cm por 100<\/title>\n<meta name=\"description\" content=\"Caixa para piza 31 x 31 x 4 cm por 100. Robusta, pr\u00e1tica e concebida para manter a piza quente e estaladi\u00e7a. Ideal para pizzarias e takeaways.\" \/>\n<meta name=\"robots\" content=\"index, follow, max-snippet:-1, max-image-preview:large, max-video-preview:-1\" \/>\n<link rel=\"canonical\" href=\"https:\/\/www.csj-emballages.com\/pt-pt\/produit\/100-caixas-de-pizza-31-x-31-x-4-cm\/\" \/>\n<meta property=\"og:locale\" content=\"pt_PT\" \/>\n<meta property=\"og:type\" content=\"article\" \/>\n<meta property=\"og:title\" content=\"Caixa de pizza 31 x 31 x 4 cm por 100\" \/>\n<meta property=\"og:description\" content=\"Caixa para piza 31 x 31 x 4 cm por 100. Robusta, pr\u00e1tica e concebida para manter a piza quente e estaladi\u00e7a. Ideal para pizzarias e takeaways.\" \/>\n<meta property=\"og:url\" content=\"https:\/\/www.csj-emballages.com\/pt-pt\/produit\/100-caixas-de-pizza-31-x-31-x-4-cm\/\" \/>\n<meta property=\"og:site_name\" content=\"CSJ Emballages\" \/>\n<meta property=\"article:publisher\" content=\"https:\/\/www.facebook.com\/csjemballages\" \/>\n<meta property=\"article:modified_time\" content=\"2026-03-14T01:11:19+00:00\" \/>\n<meta property=\"og:image\" content=\"https:\/\/www.csj-emballages.com\/wp-content\/uploads\/2024\/03\/boite-pizza-carre-carton-qualite-pas-cher-discount-csj-emballages-zoom-1-jpg.webp\" \/>\n\t<meta property=\"og:image:width\" content=\"800\" \/>\n\t<meta property=\"og:image:height\" content=\"800\" \/>\n\t<meta property=\"og:image:type\" content=\"image\/jpeg\" \/>\n<meta name=\"twitter:card\" content=\"summary_large_image\" \/>\n<meta name=\"twitter:label1\" content=\"Tempo estimado de leitura\" \/>\n\t<meta name=\"twitter:data1\" content=\"2 minutos\" \/>\n<script type=\"application\/ld+json\" class=\"yoast-schema-graph\">{\"@context\":\"https:\/\/schema.org\",\"@graph\":[{\"@type\":\"WebPage\",\"@id\":\"https:\/\/www.csj-emballages.com\/pt-pt\/produit\/100-caixas-de-pizza-31-x-31-x-4-cm\/\",\"url\":\"https:\/\/www.csj-emballages.com\/pt-pt\/produit\/100-caixas-de-pizza-31-x-31-x-4-cm\/\",\"name\":\"Caixa de pizza 31 x 31 x 4 cm por 100\",\"isPartOf\":{\"@id\":\"https:\/\/www.csj-emballages.com\/pt-pt\/#website\"},\"primaryImageOfPage\":{\"@id\":\"https:\/\/www.csj-emballages.com\/pt-pt\/produit\/100-caixas-de-pizza-31-x-31-x-4-cm\/#primaryimage\"},\"image\":{\"@id\":\"https:\/\/www.csj-emballages.com\/pt-pt\/produit\/100-caixas-de-pizza-31-x-31-x-4-cm\/#primaryimage\"},\"thumbnailUrl\":\"https:\/\/www.csj-emballages.com\/wp-content\/uploads\/2024\/03\/boite-pizza-carre-carton-qualite-pas-cher-discount-csj-emballages-zoom-1-jpg.webp\",\"datePublished\":\"2024-03-01T15:56:06+00:00\",\"dateModified\":\"2026-03-14T01:11:19+00:00\",\"description\":\"Caixa para piza 31 x 31 x 4 cm por 100. Robusta, pr\u00e1tica e concebida para manter a piza quente e estaladi\u00e7a. Ideal para pizzarias e takeaways.\",\"breadcrumb\":{\"@id\":\"https:\/\/www.csj-emballages.com\/pt-pt\/produit\/100-caixas-de-pizza-31-x-31-x-4-cm\/#breadcrumb\"},\"inLanguage\":\"pt-PT\",\"potentialAction\":[{\"@type\":\"ReadAction\",\"target\":[\"https:\/\/www.csj-emballages.com\/pt-pt\/produit\/100-caixas-de-pizza-31-x-31-x-4-cm\/\"]}]},{\"@type\":\"ImageObject\",\"inLanguage\":\"pt-PT\",\"@id\":\"https:\/\/www.csj-emballages.com\/pt-pt\/produit\/100-caixas-de-pizza-31-x-31-x-4-cm\/#primaryimage\",\"url\":\"https:\/\/www.csj-emballages.com\/wp-content\/uploads\/2024\/03\/boite-pizza-carre-carton-qualite-pas-cher-discount-csj-emballages-zoom-1-jpg.webp\",\"contentUrl\":\"https:\/\/www.csj-emballages.com\/wp-content\/uploads\/2024\/03\/boite-pizza-carre-carton-qualite-pas-cher-discount-csj-emballages-zoom-1-jpg.webp\",\"width\":800,\"height\":800,\"caption\":\"Boite \u00e0 pizza\"},{\"@type\":\"BreadcrumbList\",\"@id\":\"https:\/\/www.csj-emballages.com\/pt-pt\/produit\/100-caixas-de-pizza-31-x-31-x-4-cm\/#breadcrumb\",\"itemListElement\":[{\"@type\":\"ListItem\",\"position\":1,\"name\":\"Acolhimento\",\"item\":\"https:\/\/www.csj-emballages.com\/pt-pt\/universo-das-embalagens-alimentares\/\"},{\"@type\":\"ListItem\",\"position\":2,\"name\":\"Shop\",\"item\":\"https:\/\/www.csj-emballages.com\/shop\/\"},{\"@type\":\"ListItem\",\"position\":3,\"name\":\"Caixa de pizza 31 x 31 x 4 cm por 100\"}]},{\"@type\":\"WebSite\",\"@id\":\"https:\/\/www.csj-emballages.com\/pt-pt\/#website\",\"url\":\"https:\/\/www.csj-emballages.com\/pt-pt\/\",\"name\":\"CSJ Emballages\",\"description\":\"\",\"publisher\":{\"@id\":\"https:\/\/www.csj-emballages.com\/pt-pt\/#organization\"},\"potentialAction\":[{\"@type\":\"SearchAction\",\"target\":{\"@type\":\"EntryPoint\",\"urlTemplate\":\"https:\/\/www.csj-emballages.com\/pt-pt\/?s={search_term_string}\"},\"query-input\":{\"@type\":\"PropertyValueSpecification\",\"valueRequired\":true,\"valueName\":\"search_term_string\"}}],\"inLanguage\":\"pt-PT\"},{\"@type\":\"Organization\",\"@id\":\"https:\/\/www.csj-emballages.com\/pt-pt\/#Organization\/\",\"name\":\"CSJ Emballages\",\"url\":\"https:\/\/www.csj-emballages.com\/pt-pt\/\",\"logo\":{\"@type\":\"ImageObject\",\"inLanguage\":\"pt-PT\",\"@id\":\"https:\/\/www.csj-emballages.com\/pt-pt\/#\/schema\/logo\/image\/\",\"url\":\"https:\/\/www.csj-emballages.com\/wp-content\/uploads\/2023\/10\/logo_csj.webp\",\"contentUrl\":\"https:\/\/www.csj-emballages.com\/wp-content\/uploads\/2023\/10\/logo_csj.webp\",\"width\":250,\"height\":95,\"caption\":\"CSJ Emballages\"},\"image\":{\"@id\":\"https:\/\/www.csj-emballages.com\/pt-pt\/#\/schema\/logo\/image\/\"},\"sameAs\":[\"https:\/\/www.facebook.com\/csjemballages\"],\"address\":{\"@type\":\"PostalAddress\",\"streetAddress\":\"ZI La Lechere\",\"addressLocality\":\"Patornay\",\"postalCode\":\"39130\",\"addressCountry\":\"FR\"},\"contactPoint\":[{\"@type\":\"ContactPoint\",\"contactType\":\"Service client\",\"telephone\":\"0384254272\",\"email\":\"contact@csj-emballages.com\"}]}]}<\/script>\n<!-- \/ Yoast SEO Premium plugin. -->","yoast_head_json":{"title":"Caixa de pizza 31 x 31 x 4 cm por 100","description":"Caixa para piza 31 x 31 x 4 cm por 100. Robusta, pr\u00e1tica e concebida para manter a piza quente e estaladi\u00e7a. Ideal para pizzarias e takeaways.","robots":{"index":"index","follow":"follow","max-snippet":"max-snippet:-1","max-image-preview":"max-image-preview:large","max-video-preview":"max-video-preview:-1"},"canonical":"https:\/\/www.csj-emballages.com\/pt-pt\/produit\/100-caixas-de-pizza-31-x-31-x-4-cm\/","og_locale":"pt_PT","og_type":"article","og_title":"Caixa de pizza 31 x 31 x 4 cm por 100","og_description":"Caixa para piza 31 x 31 x 4 cm por 100. Robusta, pr\u00e1tica e concebida para manter a piza quente e estaladi\u00e7a. Ideal para pizzarias e takeaways.","og_url":"https:\/\/www.csj-emballages.com\/pt-pt\/produit\/100-caixas-de-pizza-31-x-31-x-4-cm\/","og_site_name":"CSJ Emballages","article_publisher":"https:\/\/www.facebook.com\/csjemballages","article_modified_time":"2026-03-14T01:11:19+00:00","og_image":[{"width":800,"height":800,"url":"https:\/\/www.csj-emballages.com\/wp-content\/uploads\/2024\/03\/boite-pizza-carre-carton-qualite-pas-cher-discount-csj-emballages-zoom-1-jpg.webp","type":"image\/jpeg"}],"twitter_card":"summary_large_image","twitter_misc":{"Tempo estimado de leitura":"2 minutos"},"schema":{"@context":"https:\/\/schema.org","@graph":[{"@type":"WebPage","@id":"https:\/\/www.csj-emballages.com\/pt-pt\/produit\/100-caixas-de-pizza-31-x-31-x-4-cm\/","url":"https:\/\/www.csj-emballages.com\/pt-pt\/produit\/100-caixas-de-pizza-31-x-31-x-4-cm\/","name":"Caixa de pizza 31 x 31 x 4 cm por 100","isPartOf":{"@id":"https:\/\/www.csj-emballages.com\/pt-pt\/#website"},"primaryImageOfPage":{"@id":"https:\/\/www.csj-emballages.com\/pt-pt\/produit\/100-caixas-de-pizza-31-x-31-x-4-cm\/#primaryimage"},"image":{"@id":"https:\/\/www.csj-emballages.com\/pt-pt\/produit\/100-caixas-de-pizza-31-x-31-x-4-cm\/#primaryimage"},"thumbnailUrl":"https:\/\/www.csj-emballages.com\/wp-content\/uploads\/2024\/03\/boite-pizza-carre-carton-qualite-pas-cher-discount-csj-emballages-zoom-1-jpg.webp","datePublished":"2024-03-01T15:56:06+00:00","dateModified":"2026-03-14T01:11:19+00:00","description":"Caixa para piza 31 x 31 x 4 cm por 100. Robusta, pr\u00e1tica e concebida para manter a piza quente e estaladi\u00e7a. Ideal para pizzarias e takeaways.","breadcrumb":{"@id":"https:\/\/www.csj-emballages.com\/pt-pt\/produit\/100-caixas-de-pizza-31-x-31-x-4-cm\/#breadcrumb"},"inLanguage":"pt-PT","potentialAction":[{"@type":"ReadAction","target":["https:\/\/www.csj-emballages.com\/pt-pt\/produit\/100-caixas-de-pizza-31-x-31-x-4-cm\/"]}]},{"@type":"ImageObject","inLanguage":"pt-PT","@id":"https:\/\/www.csj-emballages.com\/pt-pt\/produit\/100-caixas-de-pizza-31-x-31-x-4-cm\/#primaryimage","url":"https:\/\/www.csj-emballages.com\/wp-content\/uploads\/2024\/03\/boite-pizza-carre-carton-qualite-pas-cher-discount-csj-emballages-zoom-1-jpg.webp","contentUrl":"https:\/\/www.csj-emballages.com\/wp-content\/uploads\/2024\/03\/boite-pizza-carre-carton-qualite-pas-cher-discount-csj-emballages-zoom-1-jpg.webp","width":800,"height":800,"caption":"Boite \u00e0 pizza"},{"@type":"BreadcrumbList","@id":"https:\/\/www.csj-emballages.com\/pt-pt\/produit\/100-caixas-de-pizza-31-x-31-x-4-cm\/#breadcrumb","itemListElement":[{"@type":"ListItem","position":1,"name":"Acolhimento","item":"https:\/\/www.csj-emballages.com\/pt-pt\/universo-das-embalagens-alimentares\/"},{"@type":"ListItem","position":2,"name":"Shop","item":"https:\/\/www.csj-emballages.com\/shop\/"},{"@type":"ListItem","position":3,"name":"Caixa de pizza 31 x 31 x 4 cm por 100"}]},{"@type":"WebSite","@id":"https:\/\/www.csj-emballages.com\/pt-pt\/#website","url":"https:\/\/www.csj-emballages.com\/pt-pt\/","name":"CSJ Emballages","description":"","publisher":{"@id":"https:\/\/www.csj-emballages.com\/pt-pt\/#organization"},"potentialAction":[{"@type":"SearchAction","target":{"@type":"EntryPoint","urlTemplate":"https:\/\/www.csj-emballages.com\/pt-pt\/?s={search_term_string}"},"query-input":{"@type":"PropertyValueSpecification","valueRequired":true,"valueName":"search_term_string"}}],"inLanguage":"pt-PT"},{"@type":"Organization","@id":"https:\/\/www.csj-emballages.com\/pt-pt\/#Organization\/","name":"CSJ Emballages","url":"https:\/\/www.csj-emballages.com\/pt-pt\/","logo":{"@type":"ImageObject","inLanguage":"pt-PT","@id":"https:\/\/www.csj-emballages.com\/pt-pt\/#\/schema\/logo\/image\/","url":"https:\/\/www.csj-emballages.com\/wp-content\/uploads\/2023\/10\/logo_csj.webp","contentUrl":"https:\/\/www.csj-emballages.com\/wp-content\/uploads\/2023\/10\/logo_csj.webp","width":250,"height":95,"caption":"CSJ Emballages"},"image":{"@id":"https:\/\/www.csj-emballages.com\/pt-pt\/#\/schema\/logo\/image\/"},"sameAs":["https:\/\/www.facebook.com\/csjemballages"],"address":{"@type":"PostalAddress","streetAddress":"ZI La Lechere","addressLocality":"Patornay","postalCode":"39130","addressCountry":"FR"},"contactPoint":[{"@type":"ContactPoint","contactType":"Service client","telephone":"0384254272","email":"contact@csj-emballages.com"}]}]}},"df_price":29.03,"df_sale_price":"","df_regular_price":29.03,"df_image_link":"https:\/\/www.csj-emballages.com\/wp-content\/uploads\/2024\/03\/boite-pizza-carre-carton-qualite-pas-cher-discount-csj-emballages-zoom-1-300x300.webp","tiered_pricing_type":"fixed","tiered_pricing_fixed_rules":[],"tiered_pricing_percentage_rules":[],"tiered_pricing_minimum":1,"tiered_pricing_roles_data":[],"_links":{"self":[{"href":"https:\/\/www.csj-emballages.com\/pt-pt\/wp-json\/wp\/v2\/product\/19870","targetHints":{"allow":["GET"]}}],"collection":[{"href":"https:\/\/www.csj-emballages.com\/pt-pt\/wp-json\/wp\/v2\/product"}],"about":[{"href":"https:\/\/www.csj-emballages.com\/pt-pt\/wp-json\/wp\/v2\/types\/product"}],"wp:featuredmedia":[{"embeddable":true,"href":"https:\/\/www.csj-emballages.com\/pt-pt\/wp-json\/wp\/v2\/media\/6488"}],"wp:attachment":[{"href":"https:\/\/www.csj-emballages.com\/pt-pt\/wp-json\/wp\/v2\/media?parent=19870"}],"wp:term":[{"taxonomy":"product_brand","embeddable":true,"href":"https:\/\/www.csj-emballages.com\/pt-pt\/wp-json\/wp\/v2\/product_brand?post=19870"},{"taxonomy":"product_cat","embeddable":true,"href":"https:\/\/www.csj-emballages.com\/pt-pt\/wp-json\/wp\/v2\/product_cat?post=19870"},{"taxonomy":"product_tag","embeddable":true,"href":"https:\/\/www.csj-emballages.com\/pt-pt\/wp-json\/wp\/v2\/product_tag?post=19870"}],"curies":[{"name":"wp","href":"https:\/\/api.w.org\/{rel}","templated":true}]}}