{"id":19852,"date":"2024-03-01T16:56:09","date_gmt":"2024-03-01T15:56:09","guid":{"rendered":"https:\/\/u15jnbdpoq.preview.infomaniak.website\/produit\/100-tacas-de-plastico-descartaveis-pretas-para-uso-a-quente-400-ml\/"},"modified":"2026-04-22T02:10:58","modified_gmt":"2026-04-22T00:10:58","slug":"100-tacas-de-plastico-descartaveis-pretas-para-uso-a-quente-400-ml","status":"publish","type":"product","link":"https:\/\/www.csj-emballages.com\/pt-pt\/produit\/100-tacas-de-plastico-descartaveis-pretas-para-uso-a-quente-400-ml\/","title":{"rendered":"Ta\u00e7a de pl\u00e1stico reutiliz\u00e1vel preta 400 ml por 100"},"content":{"rendered":"<h2>Ta\u00e7a de pl\u00e1stico<\/h2>\n<hr>\n<h3>Descri\u00e7\u00e3o da nossa ta\u00e7a de pl\u00e1stico reutiliz\u00e1vel preta 400 ml por 100<\/h3>\n<p><!--more--><\/p>\n<p data-start=\"302\" data-end=\"660\">Simples, pr\u00e1tica e eficaz: esta <strong data-start=\"336\" data-end=\"382\">ta\u00e7a de pl\u00e1stico preta reutiliz\u00e1vel de 400 ml<\/strong> \u00e9 claramente um daqueles objectos indispens\u00e1veis que facilitam muito o servi\u00e7o di\u00e1rio. Com um tamanho que n\u00e3o \u00e9 nem demasiado grande nem demasiado pequeno, \u00e9 perfeita para uma multiplicidade de utiliza\u00e7\u00f5es. Saladas, sobremesas, acompanhamentos, molhos ou por\u00e7\u00f5es individuais &#8211; \u00e9 f\u00e1cil encontrar um lugar para tudo nela.  <\/p>\n<p data-start=\"662\" data-end=\"1024\">O seu <strong>design s\u00f3brio<\/strong> e <strong>preto<\/strong> permite uma apresenta\u00e7\u00e3o limpa e cuidada, sem roubar a aten\u00e7\u00e3o ao conte\u00fado. Quer se trate de um servi\u00e7o r\u00e1pido, de um evento, de um buffet ou de uma utiliza\u00e7\u00e3o no sector da restaura\u00e7\u00e3o, esta <g id=\"gid_2\">ta\u00e7a<\/g> adapta-se a qualquer lugar. A sua forma ligeiramente estriada garante uma boa ader\u00eancia, para que n\u00e3o escorregue quando estiver a servir.  <\/p>\n<p data-start=\"1026\" data-end=\"1396\">Fabricado em <strong>pl\u00e1stico reutiliz\u00e1vel<\/strong>, resiste bem ao manuseamento repetido. Pode empilh\u00e1-lo sem dificuldade, transport\u00e1-lo facilmente e otimizar o seu espa\u00e7o de armazenamento. \u00c9 uma verdadeira poupan\u00e7a de tempo e de organiza\u00e7\u00e3o, especialmente para grandes volumes. E com um <strong data-start=\"1313\" data-end=\"1327\">pacote de 100<\/strong>, est\u00e1 pronto para gerir servi\u00e7os de grande escala sem ficar sem loi\u00e7a.   <\/p>\n<p data-start=\"1398\" data-end=\"1688\">Al\u00e9m disso, a <strong>ta\u00e7a<\/strong> \u00e9 f\u00e1cil de limpar e resiste a uma utiliza\u00e7\u00e3o intensiva. Trata-se, portanto, de uma alternativa interessante aos recipientes descart\u00e1veis, mantendo-se simples de utilizar. O seu formato de <strong>400 ml<\/strong> permite controlar as por\u00e7\u00f5es, o que \u00e9 ideal para uma gest\u00e3o mais precisa dos custos.  <\/p>\n<p data-start=\"1690\" data-end=\"1906\">Em suma, esta <strong>ta\u00e7a de pl\u00e1stico reutiliz\u00e1vel preta<\/strong> preenche todos os requisitos: vers\u00e1til, robusta e discreta. \u00c9 perfeita para todas as suas actividades, desde o servi\u00e7o no local at\u00e9 aos eventos especiais. <\/p>\n<p><!--more--><\/p>\n<p><strong><span style=\"color: #ff0000;\">*Esta ta\u00e7a pode ir ao micro-ondas<\/span><\/strong><\/p>\n<p>&nbsp;<\/p>\n<p><!--more--><\/p>\n<h4>Vantagens :<\/h4>\n<ul>\n<li data-start=\"1934\" data-end=\"1966\">Pr\u00e1tica capacidade <strong>de 400 ml<\/strong>.<\/li>\n<li data-start=\"1969\" data-end=\"2007\">Design s\u00f3brio e profissional em preto.<\/li>\n<li data-start=\"2010\" data-end=\"2048\">Pl\u00e1stico resistente e <strong>reutiliz\u00e1vel<\/strong>.<\/li>\n<li data-start=\"2051\" data-end=\"2087\">Empilh\u00e1vel para uma f\u00e1cil arruma\u00e7\u00e3o.<\/li>\n<li data-start=\"2090\" data-end=\"2131\">Embalagem de <strong>100<\/strong> unidades ideal para profissionais.<\/li>\n<\/ul>\n<p>&nbsp;<\/p>\n<p><!--more--><\/p>\n<h4>Outras informa\u00e7\u00f5es :<\/h4>\n<ul>\n<li><strong>Embalagem<\/strong>: Pacote de 100<\/li>\n<li><strong>Cor<\/strong>: preto<\/li>\n<li><strong>Material<\/strong>: PP (polipropileno)<\/li>\n<li><strong>Volume<\/strong>: 400 ml<\/li>\n<li><strong>Temperatura de funcionamento<\/strong>: -20\u00b0C \/ + 130\u00b0C<\/li>\n<\/ul>\n<p>&nbsp;<\/p>\n<p><!--more--><\/p>\n<p>Encontre aqui a tampa compat\u00edvel com esta ta\u00e7a: <span style=\"color: #d12727;\"><a style=\"color: #d12727;\" href=\"https:\/\/www.csj-emballages.com\/pt-pt\/produit\/100-tampas-de-plastico-translucidas-bol400\/\">COUVBOL400<\/a><\/span><\/p>\n<p>&nbsp;<\/p>\n<p><!--more--><\/p>\n<p>Este produto est\u00e1 dispon\u00edvel em v\u00e1rias cores e tamanhos: <span style=\"color: #d12727;\"><a style=\"color: #d12727;\" href=\"https:\/\/www.csj-emballages.com\/pt-pt\/produit\/100-tacas-de-plastico-pp-brancas-descartaveis-de-350-ml\/\">350 ml Branco<\/a><\/span> \/ <span style=\"color: #d12727;\"><a style=\"color: #d12727;\" href=\"https:\/\/www.csj-emballages.com\/pt-pt\/produit\/100-tacas-de-plastico-descartaveis-brancas-de-400-ml-para-utilizacao-a-quente\/\">400 ml Branco<\/a><\/span> \/ <span style=\"color: #d12727;\"><a style=\"color: #d12727;\" href=\"https:\/\/www.csj-emballages.com\/produit\/100-bols-jetables-blanc-en-plastique-ps-500-ml\/\">500 ml Branco<\/a><\/span><\/p>\n<p>&nbsp;<\/p>\n<p><!--more--><\/p>\n<p><a href=\"https:\/\/www.csj-emballages.com\/pt-pt\/categorie-produit\/embalagem-de-alimentos\/restauracao\/tachos-tigelas-suportes-para-copos\/tigelas-descartaveis\/\">Ver o resto da nossa gama de ta\u00e7as reutiliz\u00e1veis  <\/a><\/p>\n","protected":false},"excerpt":{"rendered":"<p>Ta\u00e7a de pl\u00e1stico Descri\u00e7\u00e3o da nossa ta\u00e7a de pl\u00e1stico reutiliz\u00e1vel preta 400 ml por 100<\/p>\n","protected":false},"featured_media":203554,"template":"","meta":{"_acf_changed":false},"product_brand":[],"product_cat":[1141,1138,2227],"product_tag":[],"class_list":{"0":"post-19852","1":"product","2":"type-product","3":"status-publish","4":"has-post-thumbnail","6":"product_cat-embalagem-de-alimentos","7":"product_cat-restauracao","8":"product_cat-tigelas-descartaveis","10":"first","11":"instock","12":"taxable","13":"shipping-taxable","14":"purchasable","15":"product-type-simple"},"acf":[],"yoast_head":"<!-- This site is optimized with the Yoast SEO Premium plugin v26.6 (Yoast SEO v26.6) - https:\/\/yoast.com\/wordpress\/plugins\/seo\/ -->\n<title>Ta\u00e7a de pl\u00e1stico reutiliz\u00e1vel preta 400 ml por 100<\/title>\n<meta name=\"description\" content=\"Ta\u00e7a de pl\u00e1stico reutiliz\u00e1vel preta de 400 ml vendida por 100. Pr\u00e1tica, robusta e vers\u00e1til, ideal para saladas, sobremesas e por\u00e7\u00f5es individuais.\" \/>\n<meta name=\"robots\" content=\"index, follow, max-snippet:-1, max-image-preview:large, max-video-preview:-1\" \/>\n<link rel=\"canonical\" href=\"https:\/\/www.csj-emballages.com\/pt-pt\/produit\/100-tacas-de-plastico-descartaveis-pretas-para-uso-a-quente-400-ml\/\" \/>\n<meta property=\"og:locale\" content=\"pt_PT\" \/>\n<meta property=\"og:type\" content=\"article\" \/>\n<meta property=\"og:title\" content=\"Ta\u00e7a de pl\u00e1stico reutiliz\u00e1vel preta 400 ml por 100\" \/>\n<meta property=\"og:description\" content=\"Ta\u00e7a de pl\u00e1stico reutiliz\u00e1vel preta de 400 ml vendida por 100. Pr\u00e1tica, robusta e vers\u00e1til, ideal para saladas, sobremesas e por\u00e7\u00f5es individuais.\" \/>\n<meta property=\"og:url\" content=\"https:\/\/www.csj-emballages.com\/pt-pt\/produit\/100-tacas-de-plastico-descartaveis-pretas-para-uso-a-quente-400-ml\/\" \/>\n<meta property=\"og:site_name\" content=\"CSJ Emballages\" \/>\n<meta property=\"article:publisher\" content=\"https:\/\/www.facebook.com\/csjemballages\" \/>\n<meta property=\"article:modified_time\" content=\"2026-04-22T00:10:58+00:00\" \/>\n<meta property=\"og:image\" content=\"https:\/\/www.csj-emballages.com\/wp-content\/uploads\/2024\/03\/BOL-350-PP-N.webp\" \/>\n\t<meta property=\"og:image:width\" content=\"800\" \/>\n\t<meta property=\"og:image:height\" content=\"800\" \/>\n\t<meta property=\"og:image:type\" content=\"image\/webp\" \/>\n<meta name=\"twitter:card\" content=\"summary_large_image\" \/>\n<meta name=\"twitter:label1\" content=\"Tempo estimado de leitura\" \/>\n\t<meta name=\"twitter:data1\" content=\"2 minutos\" \/>\n<script type=\"application\/ld+json\" class=\"yoast-schema-graph\">{\"@context\":\"https:\/\/schema.org\",\"@graph\":[{\"@type\":\"WebPage\",\"@id\":\"https:\/\/www.csj-emballages.com\/pt-pt\/produit\/100-tacas-de-plastico-descartaveis-pretas-para-uso-a-quente-400-ml\/\",\"url\":\"https:\/\/www.csj-emballages.com\/pt-pt\/produit\/100-tacas-de-plastico-descartaveis-pretas-para-uso-a-quente-400-ml\/\",\"name\":\"Ta\u00e7a de pl\u00e1stico reutiliz\u00e1vel preta 400 ml por 100\",\"isPartOf\":{\"@id\":\"https:\/\/www.csj-emballages.com\/pt-pt\/#website\"},\"primaryImageOfPage\":{\"@id\":\"https:\/\/www.csj-emballages.com\/pt-pt\/produit\/100-tacas-de-plastico-descartaveis-pretas-para-uso-a-quente-400-ml\/#primaryimage\"},\"image\":{\"@id\":\"https:\/\/www.csj-emballages.com\/pt-pt\/produit\/100-tacas-de-plastico-descartaveis-pretas-para-uso-a-quente-400-ml\/#primaryimage\"},\"thumbnailUrl\":\"https:\/\/www.csj-emballages.com\/wp-content\/uploads\/2024\/03\/BOL-350-PP-N.webp\",\"datePublished\":\"2024-03-01T15:56:09+00:00\",\"dateModified\":\"2026-04-22T00:10:58+00:00\",\"description\":\"Ta\u00e7a de pl\u00e1stico reutiliz\u00e1vel preta de 400 ml vendida por 100. Pr\u00e1tica, robusta e vers\u00e1til, ideal para saladas, sobremesas e por\u00e7\u00f5es individuais.\",\"breadcrumb\":{\"@id\":\"https:\/\/www.csj-emballages.com\/pt-pt\/produit\/100-tacas-de-plastico-descartaveis-pretas-para-uso-a-quente-400-ml\/#breadcrumb\"},\"inLanguage\":\"pt-PT\",\"potentialAction\":[{\"@type\":\"ReadAction\",\"target\":[\"https:\/\/www.csj-emballages.com\/pt-pt\/produit\/100-tacas-de-plastico-descartaveis-pretas-para-uso-a-quente-400-ml\/\"]}]},{\"@type\":\"ImageObject\",\"inLanguage\":\"pt-PT\",\"@id\":\"https:\/\/www.csj-emballages.com\/pt-pt\/produit\/100-tacas-de-plastico-descartaveis-pretas-para-uso-a-quente-400-ml\/#primaryimage\",\"url\":\"https:\/\/www.csj-emballages.com\/wp-content\/uploads\/2024\/03\/BOL-350-PP-N.webp\",\"contentUrl\":\"https:\/\/www.csj-emballages.com\/wp-content\/uploads\/2024\/03\/BOL-350-PP-N.webp\",\"width\":800,\"height\":800,\"caption\":\"Bol plastique\"},{\"@type\":\"BreadcrumbList\",\"@id\":\"https:\/\/www.csj-emballages.com\/pt-pt\/produit\/100-tacas-de-plastico-descartaveis-pretas-para-uso-a-quente-400-ml\/#breadcrumb\",\"itemListElement\":[{\"@type\":\"ListItem\",\"position\":1,\"name\":\"Acolhimento\",\"item\":\"https:\/\/www.csj-emballages.com\/pt-pt\/universo-das-embalagens-alimentares\/\"},{\"@type\":\"ListItem\",\"position\":2,\"name\":\"Shop\",\"item\":\"https:\/\/www.csj-emballages.com\/shop\/\"},{\"@type\":\"ListItem\",\"position\":3,\"name\":\"Ta\u00e7a de pl\u00e1stico reutiliz\u00e1vel preta 400 ml por 100\"}]},{\"@type\":\"WebSite\",\"@id\":\"https:\/\/www.csj-emballages.com\/pt-pt\/#website\",\"url\":\"https:\/\/www.csj-emballages.com\/pt-pt\/\",\"name\":\"CSJ Emballages\",\"description\":\"\",\"publisher\":{\"@id\":\"https:\/\/www.csj-emballages.com\/pt-pt\/#organization\"},\"potentialAction\":[{\"@type\":\"SearchAction\",\"target\":{\"@type\":\"EntryPoint\",\"urlTemplate\":\"https:\/\/www.csj-emballages.com\/pt-pt\/?s={search_term_string}\"},\"query-input\":{\"@type\":\"PropertyValueSpecification\",\"valueRequired\":true,\"valueName\":\"search_term_string\"}}],\"inLanguage\":\"pt-PT\"},{\"@type\":\"Organization\",\"@id\":\"https:\/\/www.csj-emballages.com\/pt-pt\/#Organization\/\",\"name\":\"CSJ Emballages\",\"url\":\"https:\/\/www.csj-emballages.com\/pt-pt\/\",\"logo\":{\"@type\":\"ImageObject\",\"inLanguage\":\"pt-PT\",\"@id\":\"https:\/\/www.csj-emballages.com\/pt-pt\/#\/schema\/logo\/image\/\",\"url\":\"https:\/\/www.csj-emballages.com\/wp-content\/uploads\/2023\/10\/logo_csj.webp\",\"contentUrl\":\"https:\/\/www.csj-emballages.com\/wp-content\/uploads\/2023\/10\/logo_csj.webp\",\"width\":250,\"height\":95,\"caption\":\"CSJ Emballages\"},\"image\":{\"@id\":\"https:\/\/www.csj-emballages.com\/pt-pt\/#\/schema\/logo\/image\/\"},\"sameAs\":[\"https:\/\/www.facebook.com\/csjemballages\"],\"address\":{\"@type\":\"PostalAddress\",\"streetAddress\":\"ZI La Lechere\",\"addressLocality\":\"Patornay\",\"postalCode\":\"39130\",\"addressCountry\":\"FR\"},\"contactPoint\":[{\"@type\":\"ContactPoint\",\"contactType\":\"Service client\",\"telephone\":\"0384254272\",\"email\":\"contact@csj-emballages.com\"}]}]}<\/script>\n<!-- \/ Yoast SEO Premium plugin. -->","yoast_head_json":{"title":"Ta\u00e7a de pl\u00e1stico reutiliz\u00e1vel preta 400 ml por 100","description":"Ta\u00e7a de pl\u00e1stico reutiliz\u00e1vel preta de 400 ml vendida por 100. Pr\u00e1tica, robusta e vers\u00e1til, ideal para saladas, sobremesas e por\u00e7\u00f5es individuais.","robots":{"index":"index","follow":"follow","max-snippet":"max-snippet:-1","max-image-preview":"max-image-preview:large","max-video-preview":"max-video-preview:-1"},"canonical":"https:\/\/www.csj-emballages.com\/pt-pt\/produit\/100-tacas-de-plastico-descartaveis-pretas-para-uso-a-quente-400-ml\/","og_locale":"pt_PT","og_type":"article","og_title":"Ta\u00e7a de pl\u00e1stico reutiliz\u00e1vel preta 400 ml por 100","og_description":"Ta\u00e7a de pl\u00e1stico reutiliz\u00e1vel preta de 400 ml vendida por 100. Pr\u00e1tica, robusta e vers\u00e1til, ideal para saladas, sobremesas e por\u00e7\u00f5es individuais.","og_url":"https:\/\/www.csj-emballages.com\/pt-pt\/produit\/100-tacas-de-plastico-descartaveis-pretas-para-uso-a-quente-400-ml\/","og_site_name":"CSJ Emballages","article_publisher":"https:\/\/www.facebook.com\/csjemballages","article_modified_time":"2026-04-22T00:10:58+00:00","og_image":[{"width":800,"height":800,"url":"https:\/\/www.csj-emballages.com\/wp-content\/uploads\/2024\/03\/BOL-350-PP-N.webp","type":"image\/webp"}],"twitter_card":"summary_large_image","twitter_misc":{"Tempo estimado de leitura":"2 minutos"},"schema":{"@context":"https:\/\/schema.org","@graph":[{"@type":"WebPage","@id":"https:\/\/www.csj-emballages.com\/pt-pt\/produit\/100-tacas-de-plastico-descartaveis-pretas-para-uso-a-quente-400-ml\/","url":"https:\/\/www.csj-emballages.com\/pt-pt\/produit\/100-tacas-de-plastico-descartaveis-pretas-para-uso-a-quente-400-ml\/","name":"Ta\u00e7a de pl\u00e1stico reutiliz\u00e1vel preta 400 ml por 100","isPartOf":{"@id":"https:\/\/www.csj-emballages.com\/pt-pt\/#website"},"primaryImageOfPage":{"@id":"https:\/\/www.csj-emballages.com\/pt-pt\/produit\/100-tacas-de-plastico-descartaveis-pretas-para-uso-a-quente-400-ml\/#primaryimage"},"image":{"@id":"https:\/\/www.csj-emballages.com\/pt-pt\/produit\/100-tacas-de-plastico-descartaveis-pretas-para-uso-a-quente-400-ml\/#primaryimage"},"thumbnailUrl":"https:\/\/www.csj-emballages.com\/wp-content\/uploads\/2024\/03\/BOL-350-PP-N.webp","datePublished":"2024-03-01T15:56:09+00:00","dateModified":"2026-04-22T00:10:58+00:00","description":"Ta\u00e7a de pl\u00e1stico reutiliz\u00e1vel preta de 400 ml vendida por 100. Pr\u00e1tica, robusta e vers\u00e1til, ideal para saladas, sobremesas e por\u00e7\u00f5es individuais.","breadcrumb":{"@id":"https:\/\/www.csj-emballages.com\/pt-pt\/produit\/100-tacas-de-plastico-descartaveis-pretas-para-uso-a-quente-400-ml\/#breadcrumb"},"inLanguage":"pt-PT","potentialAction":[{"@type":"ReadAction","target":["https:\/\/www.csj-emballages.com\/pt-pt\/produit\/100-tacas-de-plastico-descartaveis-pretas-para-uso-a-quente-400-ml\/"]}]},{"@type":"ImageObject","inLanguage":"pt-PT","@id":"https:\/\/www.csj-emballages.com\/pt-pt\/produit\/100-tacas-de-plastico-descartaveis-pretas-para-uso-a-quente-400-ml\/#primaryimage","url":"https:\/\/www.csj-emballages.com\/wp-content\/uploads\/2024\/03\/BOL-350-PP-N.webp","contentUrl":"https:\/\/www.csj-emballages.com\/wp-content\/uploads\/2024\/03\/BOL-350-PP-N.webp","width":800,"height":800,"caption":"Bol plastique"},{"@type":"BreadcrumbList","@id":"https:\/\/www.csj-emballages.com\/pt-pt\/produit\/100-tacas-de-plastico-descartaveis-pretas-para-uso-a-quente-400-ml\/#breadcrumb","itemListElement":[{"@type":"ListItem","position":1,"name":"Acolhimento","item":"https:\/\/www.csj-emballages.com\/pt-pt\/universo-das-embalagens-alimentares\/"},{"@type":"ListItem","position":2,"name":"Shop","item":"https:\/\/www.csj-emballages.com\/shop\/"},{"@type":"ListItem","position":3,"name":"Ta\u00e7a de pl\u00e1stico reutiliz\u00e1vel preta 400 ml por 100"}]},{"@type":"WebSite","@id":"https:\/\/www.csj-emballages.com\/pt-pt\/#website","url":"https:\/\/www.csj-emballages.com\/pt-pt\/","name":"CSJ Emballages","description":"","publisher":{"@id":"https:\/\/www.csj-emballages.com\/pt-pt\/#organization"},"potentialAction":[{"@type":"SearchAction","target":{"@type":"EntryPoint","urlTemplate":"https:\/\/www.csj-emballages.com\/pt-pt\/?s={search_term_string}"},"query-input":{"@type":"PropertyValueSpecification","valueRequired":true,"valueName":"search_term_string"}}],"inLanguage":"pt-PT"},{"@type":"Organization","@id":"https:\/\/www.csj-emballages.com\/pt-pt\/#Organization\/","name":"CSJ Emballages","url":"https:\/\/www.csj-emballages.com\/pt-pt\/","logo":{"@type":"ImageObject","inLanguage":"pt-PT","@id":"https:\/\/www.csj-emballages.com\/pt-pt\/#\/schema\/logo\/image\/","url":"https:\/\/www.csj-emballages.com\/wp-content\/uploads\/2023\/10\/logo_csj.webp","contentUrl":"https:\/\/www.csj-emballages.com\/wp-content\/uploads\/2023\/10\/logo_csj.webp","width":250,"height":95,"caption":"CSJ Emballages"},"image":{"@id":"https:\/\/www.csj-emballages.com\/pt-pt\/#\/schema\/logo\/image\/"},"sameAs":["https:\/\/www.facebook.com\/csjemballages"],"address":{"@type":"PostalAddress","streetAddress":"ZI La Lechere","addressLocality":"Patornay","postalCode":"39130","addressCountry":"FR"},"contactPoint":[{"@type":"ContactPoint","contactType":"Service client","telephone":"0384254272","email":"contact@csj-emballages.com"}]}]}},"df_price":16.04,"df_sale_price":"","df_regular_price":16.04,"df_image_link":"https:\/\/www.csj-emballages.com\/wp-content\/uploads\/2024\/03\/BOL-350-PP-N-300x300.webp","tiered_pricing_type":"fixed","tiered_pricing_fixed_rules":[],"tiered_pricing_percentage_rules":[],"tiered_pricing_minimum":1,"tiered_pricing_roles_data":[],"_links":{"self":[{"href":"https:\/\/www.csj-emballages.com\/pt-pt\/wp-json\/wp\/v2\/product\/19852","targetHints":{"allow":["GET"]}}],"collection":[{"href":"https:\/\/www.csj-emballages.com\/pt-pt\/wp-json\/wp\/v2\/product"}],"about":[{"href":"https:\/\/www.csj-emballages.com\/pt-pt\/wp-json\/wp\/v2\/types\/product"}],"wp:featuredmedia":[{"embeddable":true,"href":"https:\/\/www.csj-emballages.com\/pt-pt\/wp-json\/wp\/v2\/media\/203554"}],"wp:attachment":[{"href":"https:\/\/www.csj-emballages.com\/pt-pt\/wp-json\/wp\/v2\/media?parent=19852"}],"wp:term":[{"taxonomy":"product_brand","embeddable":true,"href":"https:\/\/www.csj-emballages.com\/pt-pt\/wp-json\/wp\/v2\/product_brand?post=19852"},{"taxonomy":"product_cat","embeddable":true,"href":"https:\/\/www.csj-emballages.com\/pt-pt\/wp-json\/wp\/v2\/product_cat?post=19852"},{"taxonomy":"product_tag","embeddable":true,"href":"https:\/\/www.csj-emballages.com\/pt-pt\/wp-json\/wp\/v2\/product_tag?post=19852"}],"curies":[{"name":"wp","href":"https:\/\/api.w.org\/{rel}","templated":true}]}}