{"id":19828,"date":"2024-03-01T16:56:10","date_gmt":"2024-03-01T15:56:10","guid":{"rendered":"https:\/\/u15jnbdpoq.preview.infomaniak.website\/produit\/carretel-de-tecido-verde-escuro-taftlene-50m-x-10mm\/"},"modified":"2026-04-15T09:46:52","modified_gmt":"2026-04-15T07:46:52","slug":"carretel-de-tecido-verde-escuro-taftlene-50m-x-10mm","status":"publish","type":"product","link":"https:\/\/www.csj-emballages.com\/pt-pt\/produit\/carretel-de-tecido-verde-escuro-taftlene-50m-x-10mm\/","title":{"rendered":"Carretel de tecido verde escuro &#8220;Taftl\u00e8ne&#8221; 50m x 10mm"},"content":{"rendered":"<h2>Bobina de tecido verde escuro<\/h2>\n<hr>\n<h3>Descubra a nossa bobina de tecido verde escuro &#8220;Taftl\u00e8ne&#8221; 50 m x 10 mm<\/h3>\n<p><!--more--><\/p>\n<p data-start=\"69\" data-end=\"301\">Adicione um toque chique e aut\u00eantico \u00e0s suas embalagens com esta <strong>bobina de fita de tecido verde escuro<\/strong>. O seu tom <strong>profundo e natural<\/strong> evoca requinte e sobriedade, ideal para apresenta\u00e7\u00f5es elegantes e profissionais. <\/p>\n<p data-start=\"303\" data-end=\"525\">Gra\u00e7as ao seu material em <strong>tecido<\/strong>, esta <strong>fita<\/strong> oferece uma excelente fixa\u00e7\u00e3o: os la\u00e7os permanecem bem colocados e mant\u00eam uma forma bonita. Permite estruturar as suas embalagens, adicionando um acabamento cuidado e de qualidade. <\/p>\n<p data-start=\"574\" data-end=\"768\">O <strong>verde escuro<\/strong> \u00e9 uma aposta segura para apresenta\u00e7\u00f5es elegantes. Confere profundidade e combina perfeitamente com tons kraft, brancos, dourados ou naturais para um resultado harmonioso. <\/p>\n<p data-start=\"624\" data-end=\"795\"><!--more--><\/p>\n<h4 data-start=\"624\" data-end=\"795\">Vantagens :<\/h4>\n<ul>\n<li data-section-id=\"jcjijg\" data-start=\"835\" data-end=\"903\"><strong data-start=\"813\" data-end=\"844\">Cor verde escuro elegante<\/strong>: s\u00f3bria e requintada<\/li>\n<li data-section-id=\"4pj3ch\" data-start=\"904\" data-end=\"965\"><strong data-start=\"909\" data-end=\"927\">Fita em tecido<\/strong>: acabamento qualitativo e profissional<\/li>\n<li data-section-id=\"1da6fzz\" data-start=\"966\" data-end=\"1032\"><strong data-start=\"971\" data-end=\"996\">Boa fixa\u00e7\u00e3o dos la\u00e7os<\/strong>: mant\u00e9m-se no lugar sem se deformar<\/li>\n<li data-section-id=\"192xbxr\" data-start=\"1033\" data-end=\"1096\">Corta-se e ata-se facilmente<\/li>\n<li data-section-id=\"ug5r61\" data-start=\"1097\" data-end=\"1156\"><strong data-start=\"1102\" data-end=\"1121\">Grande comprimento<\/strong>: perfeito para um uso regular<\/li>\n<li data-section-id=\"1ug553t\" data-start=\"1157\" data-end=\"1224\">Ideal para presentes, decora\u00e7\u00f5es, embalagens<\/li>\n<\/ul>\n<p>&nbsp;<\/p>\n<p><!--more--><\/p>\n<h4>Outras informa\u00e7\u00f5es :<\/h4>\n<ul>\n<li><strong>Embalagem<\/strong>: Por unidade<\/li>\n<li><strong>Cor<\/strong>: Verde escuro<\/li>\n<li><strong>Modelo<\/strong>: Taftl\u00e8ne<\/li>\n<li><strong>Largura<\/strong>: 10 mm<\/li>\n<li><strong>Comprimento<\/strong>: 50 m<\/li>\n<li><strong>Material<\/strong>: Tecido<\/li>\n<\/ul>\n<p>&nbsp;<\/p>\n<p><!--more--><\/p>\n<p>Esta bobina de tecido amarelo est\u00e1 dispon\u00edvel em diferentes tamanhos: <span style=\"color: #d12727;\"><a style=\"color: #d12727;\" href=\"https:\/\/www.csj-emballages.com\/es\/produit\/bobina-de-tela-amarilla-taftlene-50m-x-10mm\/\">Amarelo<\/a><\/span> \/ <span style=\"color: #d12727;\"><a style=\"color: #d12727;\" href=\"https:\/\/www.csj-emballages.com\/es\/produit\/bobina-de-tela-verde-claro-taftlene-50m-x-10mm\/\">Verde claro<\/a><\/span> \/ <span style=\"color: #d12727;\"><a style=\"color: #d12727;\" href=\"https:\/\/www.csj-emballages.com\/es\/produit\/bobina-de-tela-taftlene-rosa-caramelo-50m-x-10mm\/\">Rosa choque<\/a><\/span> \/ <span style=\"color: #d12727;\"><a style=\"color: #d12727;\" href=\"https:\/\/www.csj-emballages.com\/es\/produit\/bobina-de-tejido-taftlene-violeta-50m-x-10mm\/\">Violeta<\/a><\/span><\/p>\n<p>&nbsp;<\/p>\n<p><!--more--><\/p>\n<p><a href=\"https:\/\/www.csj-emballages.com\/pt-pt\/categorie-produit\/embalagem-de-alimentos\/padaria-e-pastelaria\/acessorios-e-equipamentos\/acessorios-decorativos\/carreteis-de-tecido\/\">Consulte o restante da nossa gama de bobinas de tecido<\/a><\/p>\n","protected":false},"excerpt":{"rendered":"<p>Bobina de tecido verde escuro Descubra a nossa bobina de tecido verde escuro &#8220;Taftl\u00e8ne&#8221; 50 m x 10 mm<\/p>\n","protected":false},"featured_media":277525,"template":"","meta":{"_acf_changed":false},"product_brand":[],"product_cat":[1141,1177,1796,2146,1482,1805,2150],"product_tag":[],"class_list":{"0":"post-19828","1":"product","2":"type-product","3":"status-publish","4":"has-post-thumbnail","6":"product_cat-embalagem-de-alimentos","7":"product_cat-padaria-e-pastelaria","8":"product_cat-acessorios-decorativos","9":"product_cat-carreteis-de-tecido","10":"product_cat-loja-e-armazem","11":"product_cat-acessorios-decorativos-pt-pt","12":"product_cat-carreteis-de-tecido-pt-pt","14":"first","15":"instock","16":"taxable","17":"shipping-taxable","18":"purchasable","19":"product-type-simple"},"acf":[],"yoast_head":"<!-- This site is optimized with the Yoast SEO Premium plugin v26.6 (Yoast SEO v26.6) - https:\/\/yoast.com\/wordpress\/plugins\/seo\/ -->\n<title>Bobina de Tecido Verde Escuro &quot;Taftl\u00e8ne&quot; 50 m x 10 mm<\/title>\n<meta name=\"description\" content=\"Bobina de tecido verde escuro: elegante, resistente e ideal para embrulhos de presente e decora\u00e7\u00f5es. Acabamento cuidado e fixa\u00e7\u00e3o perfeita.\" \/>\n<meta name=\"robots\" content=\"index, follow, max-snippet:-1, max-image-preview:large, max-video-preview:-1\" \/>\n<link rel=\"canonical\" href=\"https:\/\/www.csj-emballages.com\/pt-pt\/produit\/carretel-de-tecido-verde-escuro-taftlene-50m-x-10mm\/\" \/>\n<meta property=\"og:locale\" content=\"pt_PT\" \/>\n<meta property=\"og:type\" content=\"article\" \/>\n<meta property=\"og:title\" content=\"Carretel de tecido verde escuro &quot;Taftl\u00e8ne&quot; 50m x 10mm\" \/>\n<meta property=\"og:description\" content=\"Bobina de tecido verde escuro: elegante, resistente e ideal para embrulhos de presente e decora\u00e7\u00f5es. Acabamento cuidado e fixa\u00e7\u00e3o perfeita.\" \/>\n<meta property=\"og:url\" content=\"https:\/\/www.csj-emballages.com\/pt-pt\/produit\/carretel-de-tecido-verde-escuro-taftlene-50m-x-10mm\/\" \/>\n<meta property=\"og:site_name\" content=\"CSJ Emballages\" \/>\n<meta property=\"article:publisher\" content=\"https:\/\/www.facebook.com\/csjemballages\" \/>\n<meta property=\"article:modified_time\" content=\"2026-04-15T07:46:52+00:00\" \/>\n<meta property=\"og:image\" content=\"https:\/\/www.csj-emballages.com\/wp-content\/uploads\/2024\/03\/BOBTAFL87.webp\" \/>\n\t<meta property=\"og:image:width\" content=\"800\" \/>\n\t<meta property=\"og:image:height\" content=\"800\" \/>\n\t<meta property=\"og:image:type\" content=\"image\/webp\" \/>\n<meta name=\"twitter:card\" content=\"summary_large_image\" \/>\n<meta name=\"twitter:label1\" content=\"Tempo estimado de leitura\" \/>\n\t<meta name=\"twitter:data1\" content=\"1 minuto\" \/>\n<script type=\"application\/ld+json\" class=\"yoast-schema-graph\">{\"@context\":\"https:\/\/schema.org\",\"@graph\":[{\"@type\":\"WebPage\",\"@id\":\"https:\/\/www.csj-emballages.com\/pt-pt\/produit\/carretel-de-tecido-verde-escuro-taftlene-50m-x-10mm\/\",\"url\":\"https:\/\/www.csj-emballages.com\/pt-pt\/produit\/carretel-de-tecido-verde-escuro-taftlene-50m-x-10mm\/\",\"name\":\"Bobina de Tecido Verde Escuro \\\"Taftl\u00e8ne\\\" 50 m x 10 mm\",\"isPartOf\":{\"@id\":\"https:\/\/www.csj-emballages.com\/pt-pt\/#website\"},\"primaryImageOfPage\":{\"@id\":\"https:\/\/www.csj-emballages.com\/pt-pt\/produit\/carretel-de-tecido-verde-escuro-taftlene-50m-x-10mm\/#primaryimage\"},\"image\":{\"@id\":\"https:\/\/www.csj-emballages.com\/pt-pt\/produit\/carretel-de-tecido-verde-escuro-taftlene-50m-x-10mm\/#primaryimage\"},\"thumbnailUrl\":\"https:\/\/www.csj-emballages.com\/wp-content\/uploads\/2024\/03\/BOBTAFL87.webp\",\"datePublished\":\"2024-03-01T15:56:10+00:00\",\"dateModified\":\"2026-04-15T07:46:52+00:00\",\"description\":\"Bobina de tecido verde escuro: elegante, resistente e ideal para embrulhos de presente e decora\u00e7\u00f5es. Acabamento cuidado e fixa\u00e7\u00e3o perfeita.\",\"breadcrumb\":{\"@id\":\"https:\/\/www.csj-emballages.com\/pt-pt\/produit\/carretel-de-tecido-verde-escuro-taftlene-50m-x-10mm\/#breadcrumb\"},\"inLanguage\":\"pt-PT\",\"potentialAction\":[{\"@type\":\"ReadAction\",\"target\":[\"https:\/\/www.csj-emballages.com\/pt-pt\/produit\/carretel-de-tecido-verde-escuro-taftlene-50m-x-10mm\/\"]}]},{\"@type\":\"ImageObject\",\"inLanguage\":\"pt-PT\",\"@id\":\"https:\/\/www.csj-emballages.com\/pt-pt\/produit\/carretel-de-tecido-verde-escuro-taftlene-50m-x-10mm\/#primaryimage\",\"url\":\"https:\/\/www.csj-emballages.com\/wp-content\/uploads\/2024\/03\/BOBTAFL87.webp\",\"contentUrl\":\"https:\/\/www.csj-emballages.com\/wp-content\/uploads\/2024\/03\/BOBTAFL87.webp\",\"width\":800,\"height\":800,\"caption\":\"Bobine tissue vert fonc\u00e9\"},{\"@type\":\"BreadcrumbList\",\"@id\":\"https:\/\/www.csj-emballages.com\/pt-pt\/produit\/carretel-de-tecido-verde-escuro-taftlene-50m-x-10mm\/#breadcrumb\",\"itemListElement\":[{\"@type\":\"ListItem\",\"position\":1,\"name\":\"Acolhimento\",\"item\":\"https:\/\/www.csj-emballages.com\/pt-pt\/universo-das-embalagens-alimentares\/\"},{\"@type\":\"ListItem\",\"position\":2,\"name\":\"Shop\",\"item\":\"https:\/\/www.csj-emballages.com\/shop\/\"},{\"@type\":\"ListItem\",\"position\":3,\"name\":\"Carretel de tecido verde escuro \u00ab\u00a0Taftl\u00e8ne\u00a0\u00bb 50m x 10mm\"}]},{\"@type\":\"WebSite\",\"@id\":\"https:\/\/www.csj-emballages.com\/pt-pt\/#website\",\"url\":\"https:\/\/www.csj-emballages.com\/pt-pt\/\",\"name\":\"CSJ Emballages\",\"description\":\"\",\"publisher\":{\"@id\":\"https:\/\/www.csj-emballages.com\/pt-pt\/#organization\"},\"potentialAction\":[{\"@type\":\"SearchAction\",\"target\":{\"@type\":\"EntryPoint\",\"urlTemplate\":\"https:\/\/www.csj-emballages.com\/pt-pt\/?s={search_term_string}\"},\"query-input\":{\"@type\":\"PropertyValueSpecification\",\"valueRequired\":true,\"valueName\":\"search_term_string\"}}],\"inLanguage\":\"pt-PT\"},{\"@type\":\"Organization\",\"@id\":\"https:\/\/www.csj-emballages.com\/pt-pt\/#Organization\/\",\"name\":\"CSJ Emballages\",\"url\":\"https:\/\/www.csj-emballages.com\/pt-pt\/\",\"logo\":{\"@type\":\"ImageObject\",\"inLanguage\":\"pt-PT\",\"@id\":\"https:\/\/www.csj-emballages.com\/pt-pt\/#\/schema\/logo\/image\/\",\"url\":\"https:\/\/www.csj-emballages.com\/wp-content\/uploads\/2023\/10\/logo_csj.webp\",\"contentUrl\":\"https:\/\/www.csj-emballages.com\/wp-content\/uploads\/2023\/10\/logo_csj.webp\",\"width\":250,\"height\":95,\"caption\":\"CSJ Emballages\"},\"image\":{\"@id\":\"https:\/\/www.csj-emballages.com\/pt-pt\/#\/schema\/logo\/image\/\"},\"sameAs\":[\"https:\/\/www.facebook.com\/csjemballages\"],\"address\":{\"@type\":\"PostalAddress\",\"streetAddress\":\"ZI La Lechere\",\"addressLocality\":\"Patornay\",\"postalCode\":\"39130\",\"addressCountry\":\"FR\"},\"contactPoint\":[{\"@type\":\"ContactPoint\",\"contactType\":\"Service client\",\"telephone\":\"0384254272\",\"email\":\"contact@csj-emballages.com\"}]}]}<\/script>\n<!-- \/ Yoast SEO Premium plugin. -->","yoast_head_json":{"title":"Bobina de Tecido Verde Escuro \"Taftl\u00e8ne\" 50 m x 10 mm","description":"Bobina de tecido verde escuro: elegante, resistente e ideal para embrulhos de presente e decora\u00e7\u00f5es. Acabamento cuidado e fixa\u00e7\u00e3o perfeita.","robots":{"index":"index","follow":"follow","max-snippet":"max-snippet:-1","max-image-preview":"max-image-preview:large","max-video-preview":"max-video-preview:-1"},"canonical":"https:\/\/www.csj-emballages.com\/pt-pt\/produit\/carretel-de-tecido-verde-escuro-taftlene-50m-x-10mm\/","og_locale":"pt_PT","og_type":"article","og_title":"Carretel de tecido verde escuro \"Taftl\u00e8ne\" 50m x 10mm","og_description":"Bobina de tecido verde escuro: elegante, resistente e ideal para embrulhos de presente e decora\u00e7\u00f5es. Acabamento cuidado e fixa\u00e7\u00e3o perfeita.","og_url":"https:\/\/www.csj-emballages.com\/pt-pt\/produit\/carretel-de-tecido-verde-escuro-taftlene-50m-x-10mm\/","og_site_name":"CSJ Emballages","article_publisher":"https:\/\/www.facebook.com\/csjemballages","article_modified_time":"2026-04-15T07:46:52+00:00","og_image":[{"width":800,"height":800,"url":"https:\/\/www.csj-emballages.com\/wp-content\/uploads\/2024\/03\/BOBTAFL87.webp","type":"image\/webp"}],"twitter_card":"summary_large_image","twitter_misc":{"Tempo estimado de leitura":"1 minuto"},"schema":{"@context":"https:\/\/schema.org","@graph":[{"@type":"WebPage","@id":"https:\/\/www.csj-emballages.com\/pt-pt\/produit\/carretel-de-tecido-verde-escuro-taftlene-50m-x-10mm\/","url":"https:\/\/www.csj-emballages.com\/pt-pt\/produit\/carretel-de-tecido-verde-escuro-taftlene-50m-x-10mm\/","name":"Bobina de Tecido Verde Escuro \"Taftl\u00e8ne\" 50 m x 10 mm","isPartOf":{"@id":"https:\/\/www.csj-emballages.com\/pt-pt\/#website"},"primaryImageOfPage":{"@id":"https:\/\/www.csj-emballages.com\/pt-pt\/produit\/carretel-de-tecido-verde-escuro-taftlene-50m-x-10mm\/#primaryimage"},"image":{"@id":"https:\/\/www.csj-emballages.com\/pt-pt\/produit\/carretel-de-tecido-verde-escuro-taftlene-50m-x-10mm\/#primaryimage"},"thumbnailUrl":"https:\/\/www.csj-emballages.com\/wp-content\/uploads\/2024\/03\/BOBTAFL87.webp","datePublished":"2024-03-01T15:56:10+00:00","dateModified":"2026-04-15T07:46:52+00:00","description":"Bobina de tecido verde escuro: elegante, resistente e ideal para embrulhos de presente e decora\u00e7\u00f5es. Acabamento cuidado e fixa\u00e7\u00e3o perfeita.","breadcrumb":{"@id":"https:\/\/www.csj-emballages.com\/pt-pt\/produit\/carretel-de-tecido-verde-escuro-taftlene-50m-x-10mm\/#breadcrumb"},"inLanguage":"pt-PT","potentialAction":[{"@type":"ReadAction","target":["https:\/\/www.csj-emballages.com\/pt-pt\/produit\/carretel-de-tecido-verde-escuro-taftlene-50m-x-10mm\/"]}]},{"@type":"ImageObject","inLanguage":"pt-PT","@id":"https:\/\/www.csj-emballages.com\/pt-pt\/produit\/carretel-de-tecido-verde-escuro-taftlene-50m-x-10mm\/#primaryimage","url":"https:\/\/www.csj-emballages.com\/wp-content\/uploads\/2024\/03\/BOBTAFL87.webp","contentUrl":"https:\/\/www.csj-emballages.com\/wp-content\/uploads\/2024\/03\/BOBTAFL87.webp","width":800,"height":800,"caption":"Bobine tissue vert fonc\u00e9"},{"@type":"BreadcrumbList","@id":"https:\/\/www.csj-emballages.com\/pt-pt\/produit\/carretel-de-tecido-verde-escuro-taftlene-50m-x-10mm\/#breadcrumb","itemListElement":[{"@type":"ListItem","position":1,"name":"Acolhimento","item":"https:\/\/www.csj-emballages.com\/pt-pt\/universo-das-embalagens-alimentares\/"},{"@type":"ListItem","position":2,"name":"Shop","item":"https:\/\/www.csj-emballages.com\/shop\/"},{"@type":"ListItem","position":3,"name":"Carretel de tecido verde escuro \u00ab\u00a0Taftl\u00e8ne\u00a0\u00bb 50m x 10mm"}]},{"@type":"WebSite","@id":"https:\/\/www.csj-emballages.com\/pt-pt\/#website","url":"https:\/\/www.csj-emballages.com\/pt-pt\/","name":"CSJ Emballages","description":"","publisher":{"@id":"https:\/\/www.csj-emballages.com\/pt-pt\/#organization"},"potentialAction":[{"@type":"SearchAction","target":{"@type":"EntryPoint","urlTemplate":"https:\/\/www.csj-emballages.com\/pt-pt\/?s={search_term_string}"},"query-input":{"@type":"PropertyValueSpecification","valueRequired":true,"valueName":"search_term_string"}}],"inLanguage":"pt-PT"},{"@type":"Organization","@id":"https:\/\/www.csj-emballages.com\/pt-pt\/#Organization\/","name":"CSJ Emballages","url":"https:\/\/www.csj-emballages.com\/pt-pt\/","logo":{"@type":"ImageObject","inLanguage":"pt-PT","@id":"https:\/\/www.csj-emballages.com\/pt-pt\/#\/schema\/logo\/image\/","url":"https:\/\/www.csj-emballages.com\/wp-content\/uploads\/2023\/10\/logo_csj.webp","contentUrl":"https:\/\/www.csj-emballages.com\/wp-content\/uploads\/2023\/10\/logo_csj.webp","width":250,"height":95,"caption":"CSJ Emballages"},"image":{"@id":"https:\/\/www.csj-emballages.com\/pt-pt\/#\/schema\/logo\/image\/"},"sameAs":["https:\/\/www.facebook.com\/csjemballages"],"address":{"@type":"PostalAddress","streetAddress":"ZI La Lechere","addressLocality":"Patornay","postalCode":"39130","addressCountry":"FR"},"contactPoint":[{"@type":"ContactPoint","contactType":"Service client","telephone":"0384254272","email":"contact@csj-emballages.com"}]}]}},"df_price":7.15,"df_sale_price":"","df_regular_price":7.15,"df_image_link":"https:\/\/www.csj-emballages.com\/wp-content\/uploads\/2024\/03\/BOBTAFL87-300x300.webp","tiered_pricing_type":"fixed","tiered_pricing_fixed_rules":[],"tiered_pricing_percentage_rules":[],"tiered_pricing_minimum":1,"tiered_pricing_roles_data":[],"_links":{"self":[{"href":"https:\/\/www.csj-emballages.com\/pt-pt\/wp-json\/wp\/v2\/product\/19828","targetHints":{"allow":["GET"]}}],"collection":[{"href":"https:\/\/www.csj-emballages.com\/pt-pt\/wp-json\/wp\/v2\/product"}],"about":[{"href":"https:\/\/www.csj-emballages.com\/pt-pt\/wp-json\/wp\/v2\/types\/product"}],"wp:featuredmedia":[{"embeddable":true,"href":"https:\/\/www.csj-emballages.com\/pt-pt\/wp-json\/wp\/v2\/media\/277525"}],"wp:attachment":[{"href":"https:\/\/www.csj-emballages.com\/pt-pt\/wp-json\/wp\/v2\/media?parent=19828"}],"wp:term":[{"taxonomy":"product_brand","embeddable":true,"href":"https:\/\/www.csj-emballages.com\/pt-pt\/wp-json\/wp\/v2\/product_brand?post=19828"},{"taxonomy":"product_cat","embeddable":true,"href":"https:\/\/www.csj-emballages.com\/pt-pt\/wp-json\/wp\/v2\/product_cat?post=19828"},{"taxonomy":"product_tag","embeddable":true,"href":"https:\/\/www.csj-emballages.com\/pt-pt\/wp-json\/wp\/v2\/product_tag?post=19828"}],"curies":[{"name":"wp","href":"https:\/\/api.w.org\/{rel}","templated":true}]}}