{"id":19816,"date":"2024-03-01T16:56:08","date_gmt":"2024-03-01T15:56:08","guid":{"rendered":"https:\/\/u15jnbdpoq.preview.infomaniak.website\/produit\/288-lampadas-de-cha\/"},"modified":"2026-04-01T02:12:14","modified_gmt":"2026-04-01T00:12:14","slug":"288-lampadas-de-cha","status":"publish","type":"product","link":"https:\/\/www.csj-emballages.com\/pt-pt\/produit\/288-lampadas-de-cha\/","title":{"rendered":"Vela rechaud por 288"},"content":{"rendered":"<h2>Vela rechaud<\/h2>\n<hr>\n<h3>Descubra a nossa vela rechaud por 288<\/h3>\n<p><!--more--><\/p>\n<p data-start=\"167\" data-end=\"449\">A <strong>vela rechaud<\/strong> em alum\u00ednio \u00e9 indispens\u00e1vel para criar um ambiente acolhedor e elegante, seja para uso profissional ou dom\u00e9stico. Gra\u00e7as \u00e0 sua conce\u00e7\u00e3o compacta e ao seu suporte em alum\u00ednio resistente, garante uma combust\u00e3o homog\u00e9nea e segura. <\/p>\n<p data-start=\"451\" data-end=\"653\">Ideal para restaurantes, hot\u00e9is, eventos ou em casa, difunde uma luz suave e relaxante, perfeita para real\u00e7ar as suas mesas ou acompanhar os seus momentos de descontra\u00e7\u00e3o.<\/p>\n<p data-start=\"655\" data-end=\"775\">O seu formato pr\u00e1tico permite uma utiliza\u00e7\u00e3o f\u00e1cil em porta-velas, queimadores de perfume ou rechauds alimentares.<\/p>\n<h3 data-section-id=\"12ex0pq\" data-start=\"782\" data-end=\"809\"><\/h3>\n<p><!--more--><\/p>\n<h4>Vantagens :<\/h4>\n<ul>\n<li data-section-id=\"180bjgy\" data-start=\"810\" data-end=\"875\"><strong data-start=\"815\" data-end=\"842\">Combust\u00e3o de longa dura\u00e7\u00e3o<\/strong> para uma utiliza\u00e7\u00e3o prolongada<\/li>\n<li data-section-id=\"1h6437i\" data-start=\"876\" data-end=\"944\">Chama est\u00e1vel e regular para um ambiente acolhedor<\/li>\n<li data-section-id=\"u2gxkt\" data-start=\"945\" data-end=\"999\">Suporte em alum\u00ednio resistente e seguro<\/li>\n<li data-section-id=\"125jyz0\" data-start=\"1000\" data-end=\"1082\">Ideal para profissionais e particulares<\/li>\n<li data-section-id=\"1v0x0j0\" data-start=\"1083\" data-end=\"1157\"><strong data-start=\"1088\" data-end=\"1102\">Polivalente<\/strong>: decora\u00e7\u00e3o, manuten\u00e7\u00e3o do calor, difus\u00e3o de perfume<\/li>\n<li data-section-id=\"6fdzhx\" data-start=\"1158\" data-end=\"1201\">Formato compacto e f\u00e1cil de armazenar<\/li>\n<\/ul>\n<p>&nbsp;<\/p>\n<p><!--more--><\/p>\n<h4>Outras informa\u00e7\u00f5es :<\/h4>\n<ul>\n<li><strong>Acondicionamento<\/strong>: Caixa de 288<\/li>\n<li><strong>Cor<\/strong>: Branco<\/li>\n<li><strong>Material<\/strong>: Parafina<\/li>\n<li><strong>Peso<\/strong>: 200 g<\/li>\n<\/ul>\n<p>&nbsp;<\/p>\n<p><!--more--><\/p>\n<p><a href=\"https:\/\/www.csj-emballages.com\/pt-pt\/categorie-produit\/embalagem-de-alimentos\/descontos-promocoes\/\">V\u00ea o resto dos nossos produtos em stock<\/a><\/p>\n","protected":false},"excerpt":{"rendered":"<p>Vela rechaud Descubra a nossa vela rechaud por 288<\/p>\n","protected":false},"featured_media":275654,"template":"","meta":{"_acf_changed":false},"product_brand":[],"product_cat":[1141,1267],"product_tag":[],"class_list":{"0":"post-19816","1":"product","2":"type-product","3":"status-publish","4":"has-post-thumbnail","6":"product_cat-embalagem-de-alimentos","7":"product_cat-descontos-promocoes","9":"first","10":"instock","11":"sale","12":"taxable","13":"shipping-taxable","14":"purchasable","15":"product-type-simple"},"acf":[],"yoast_head":"<!-- This site is optimized with the Yoast SEO Premium plugin v26.6 (Yoast SEO v26.6) - https:\/\/yoast.com\/wordpress\/plugins\/seo\/ -->\n<title>Vela Rechaud por 288<\/title>\n<meta name=\"description\" content=\"Crie um ambiente acolhedor nas suas mesas com as nossas velas rechaud, pr\u00e1ticas e ideais para decora\u00e7\u00e3o ou servi\u00e7o em restaura\u00e7\u00e3o\" \/>\n<meta name=\"robots\" content=\"index, follow, max-snippet:-1, max-image-preview:large, max-video-preview:-1\" \/>\n<link rel=\"canonical\" href=\"https:\/\/www.csj-emballages.com\/pt-pt\/produit\/288-lampadas-de-cha\/\" \/>\n<meta property=\"og:locale\" content=\"pt_PT\" \/>\n<meta property=\"og:type\" content=\"article\" \/>\n<meta property=\"og:title\" content=\"Vela rechaud por 288\" \/>\n<meta property=\"og:description\" content=\"Crie um ambiente acolhedor nas suas mesas com as nossas velas rechaud, pr\u00e1ticas e ideais para decora\u00e7\u00e3o ou servi\u00e7o em restaura\u00e7\u00e3o\" \/>\n<meta property=\"og:url\" content=\"https:\/\/www.csj-emballages.com\/pt-pt\/produit\/288-lampadas-de-cha\/\" \/>\n<meta property=\"og:site_name\" content=\"CSJ Emballages\" \/>\n<meta property=\"article:publisher\" content=\"https:\/\/www.facebook.com\/csjemballages\" \/>\n<meta property=\"article:modified_time\" content=\"2026-04-01T00:12:14+00:00\" \/>\n<meta property=\"og:image\" content=\"https:\/\/www.csj-emballages.com\/wp-content\/uploads\/2024\/03\/Boug.webp\" \/>\n\t<meta property=\"og:image:width\" content=\"800\" \/>\n\t<meta property=\"og:image:height\" content=\"800\" \/>\n\t<meta property=\"og:image:type\" content=\"image\/webp\" \/>\n<meta name=\"twitter:card\" content=\"summary_large_image\" \/>\n<meta name=\"twitter:label1\" content=\"Tempo estimado de leitura\" \/>\n\t<meta name=\"twitter:data1\" content=\"1 minuto\" \/>\n<script type=\"application\/ld+json\" class=\"yoast-schema-graph\">{\"@context\":\"https:\/\/schema.org\",\"@graph\":[{\"@type\":\"WebPage\",\"@id\":\"https:\/\/www.csj-emballages.com\/pt-pt\/produit\/288-lampadas-de-cha\/\",\"url\":\"https:\/\/www.csj-emballages.com\/pt-pt\/produit\/288-lampadas-de-cha\/\",\"name\":\"Vela Rechaud por 288\",\"isPartOf\":{\"@id\":\"https:\/\/www.csj-emballages.com\/pt-pt\/#website\"},\"primaryImageOfPage\":{\"@id\":\"https:\/\/www.csj-emballages.com\/pt-pt\/produit\/288-lampadas-de-cha\/#primaryimage\"},\"image\":{\"@id\":\"https:\/\/www.csj-emballages.com\/pt-pt\/produit\/288-lampadas-de-cha\/#primaryimage\"},\"thumbnailUrl\":\"https:\/\/www.csj-emballages.com\/wp-content\/uploads\/2024\/03\/Boug.webp\",\"datePublished\":\"2024-03-01T15:56:08+00:00\",\"dateModified\":\"2026-04-01T00:12:14+00:00\",\"description\":\"Crie um ambiente acolhedor nas suas mesas com as nossas velas rechaud, pr\u00e1ticas e ideais para decora\u00e7\u00e3o ou servi\u00e7o em restaura\u00e7\u00e3o\",\"breadcrumb\":{\"@id\":\"https:\/\/www.csj-emballages.com\/pt-pt\/produit\/288-lampadas-de-cha\/#breadcrumb\"},\"inLanguage\":\"pt-PT\",\"potentialAction\":[{\"@type\":\"ReadAction\",\"target\":[\"https:\/\/www.csj-emballages.com\/pt-pt\/produit\/288-lampadas-de-cha\/\"]}]},{\"@type\":\"ImageObject\",\"inLanguage\":\"pt-PT\",\"@id\":\"https:\/\/www.csj-emballages.com\/pt-pt\/produit\/288-lampadas-de-cha\/#primaryimage\",\"url\":\"https:\/\/www.csj-emballages.com\/wp-content\/uploads\/2024\/03\/Boug.webp\",\"contentUrl\":\"https:\/\/www.csj-emballages.com\/wp-content\/uploads\/2024\/03\/Boug.webp\",\"width\":800,\"height\":800,\"caption\":\"Bougie chauffe plat\"},{\"@type\":\"BreadcrumbList\",\"@id\":\"https:\/\/www.csj-emballages.com\/pt-pt\/produit\/288-lampadas-de-cha\/#breadcrumb\",\"itemListElement\":[{\"@type\":\"ListItem\",\"position\":1,\"name\":\"Acolhimento\",\"item\":\"https:\/\/www.csj-emballages.com\/pt-pt\/universo-das-embalagens-alimentares\/\"},{\"@type\":\"ListItem\",\"position\":2,\"name\":\"Shop\",\"item\":\"https:\/\/www.csj-emballages.com\/shop\/\"},{\"@type\":\"ListItem\",\"position\":3,\"name\":\"Vela rechaud por 288\"}]},{\"@type\":\"WebSite\",\"@id\":\"https:\/\/www.csj-emballages.com\/pt-pt\/#website\",\"url\":\"https:\/\/www.csj-emballages.com\/pt-pt\/\",\"name\":\"CSJ Emballages\",\"description\":\"\",\"publisher\":{\"@id\":\"https:\/\/www.csj-emballages.com\/pt-pt\/#organization\"},\"potentialAction\":[{\"@type\":\"SearchAction\",\"target\":{\"@type\":\"EntryPoint\",\"urlTemplate\":\"https:\/\/www.csj-emballages.com\/pt-pt\/?s={search_term_string}\"},\"query-input\":{\"@type\":\"PropertyValueSpecification\",\"valueRequired\":true,\"valueName\":\"search_term_string\"}}],\"inLanguage\":\"pt-PT\"},{\"@type\":\"Organization\",\"@id\":\"https:\/\/www.csj-emballages.com\/pt-pt\/#Organization\/\",\"name\":\"CSJ Emballages\",\"url\":\"https:\/\/www.csj-emballages.com\/pt-pt\/\",\"logo\":{\"@type\":\"ImageObject\",\"inLanguage\":\"pt-PT\",\"@id\":\"https:\/\/www.csj-emballages.com\/pt-pt\/#\/schema\/logo\/image\/\",\"url\":\"https:\/\/www.csj-emballages.com\/wp-content\/uploads\/2023\/10\/logo_csj.webp\",\"contentUrl\":\"https:\/\/www.csj-emballages.com\/wp-content\/uploads\/2023\/10\/logo_csj.webp\",\"width\":250,\"height\":95,\"caption\":\"CSJ Emballages\"},\"image\":{\"@id\":\"https:\/\/www.csj-emballages.com\/pt-pt\/#\/schema\/logo\/image\/\"},\"sameAs\":[\"https:\/\/www.facebook.com\/csjemballages\"],\"address\":{\"@type\":\"PostalAddress\",\"streetAddress\":\"ZI La Lechere\",\"addressLocality\":\"Patornay\",\"postalCode\":\"39130\",\"addressCountry\":\"FR\"},\"contactPoint\":[{\"@type\":\"ContactPoint\",\"contactType\":\"Service client\",\"telephone\":\"0384254272\",\"email\":\"contact@csj-emballages.com\"}]}]}<\/script>\n<!-- \/ Yoast SEO Premium plugin. -->","yoast_head_json":{"title":"Vela Rechaud por 288","description":"Crie um ambiente acolhedor nas suas mesas com as nossas velas rechaud, pr\u00e1ticas e ideais para decora\u00e7\u00e3o ou servi\u00e7o em restaura\u00e7\u00e3o","robots":{"index":"index","follow":"follow","max-snippet":"max-snippet:-1","max-image-preview":"max-image-preview:large","max-video-preview":"max-video-preview:-1"},"canonical":"https:\/\/www.csj-emballages.com\/pt-pt\/produit\/288-lampadas-de-cha\/","og_locale":"pt_PT","og_type":"article","og_title":"Vela rechaud por 288","og_description":"Crie um ambiente acolhedor nas suas mesas com as nossas velas rechaud, pr\u00e1ticas e ideais para decora\u00e7\u00e3o ou servi\u00e7o em restaura\u00e7\u00e3o","og_url":"https:\/\/www.csj-emballages.com\/pt-pt\/produit\/288-lampadas-de-cha\/","og_site_name":"CSJ Emballages","article_publisher":"https:\/\/www.facebook.com\/csjemballages","article_modified_time":"2026-04-01T00:12:14+00:00","og_image":[{"width":800,"height":800,"url":"https:\/\/www.csj-emballages.com\/wp-content\/uploads\/2024\/03\/Boug.webp","type":"image\/webp"}],"twitter_card":"summary_large_image","twitter_misc":{"Tempo estimado de leitura":"1 minuto"},"schema":{"@context":"https:\/\/schema.org","@graph":[{"@type":"WebPage","@id":"https:\/\/www.csj-emballages.com\/pt-pt\/produit\/288-lampadas-de-cha\/","url":"https:\/\/www.csj-emballages.com\/pt-pt\/produit\/288-lampadas-de-cha\/","name":"Vela Rechaud por 288","isPartOf":{"@id":"https:\/\/www.csj-emballages.com\/pt-pt\/#website"},"primaryImageOfPage":{"@id":"https:\/\/www.csj-emballages.com\/pt-pt\/produit\/288-lampadas-de-cha\/#primaryimage"},"image":{"@id":"https:\/\/www.csj-emballages.com\/pt-pt\/produit\/288-lampadas-de-cha\/#primaryimage"},"thumbnailUrl":"https:\/\/www.csj-emballages.com\/wp-content\/uploads\/2024\/03\/Boug.webp","datePublished":"2024-03-01T15:56:08+00:00","dateModified":"2026-04-01T00:12:14+00:00","description":"Crie um ambiente acolhedor nas suas mesas com as nossas velas rechaud, pr\u00e1ticas e ideais para decora\u00e7\u00e3o ou servi\u00e7o em restaura\u00e7\u00e3o","breadcrumb":{"@id":"https:\/\/www.csj-emballages.com\/pt-pt\/produit\/288-lampadas-de-cha\/#breadcrumb"},"inLanguage":"pt-PT","potentialAction":[{"@type":"ReadAction","target":["https:\/\/www.csj-emballages.com\/pt-pt\/produit\/288-lampadas-de-cha\/"]}]},{"@type":"ImageObject","inLanguage":"pt-PT","@id":"https:\/\/www.csj-emballages.com\/pt-pt\/produit\/288-lampadas-de-cha\/#primaryimage","url":"https:\/\/www.csj-emballages.com\/wp-content\/uploads\/2024\/03\/Boug.webp","contentUrl":"https:\/\/www.csj-emballages.com\/wp-content\/uploads\/2024\/03\/Boug.webp","width":800,"height":800,"caption":"Bougie chauffe plat"},{"@type":"BreadcrumbList","@id":"https:\/\/www.csj-emballages.com\/pt-pt\/produit\/288-lampadas-de-cha\/#breadcrumb","itemListElement":[{"@type":"ListItem","position":1,"name":"Acolhimento","item":"https:\/\/www.csj-emballages.com\/pt-pt\/universo-das-embalagens-alimentares\/"},{"@type":"ListItem","position":2,"name":"Shop","item":"https:\/\/www.csj-emballages.com\/shop\/"},{"@type":"ListItem","position":3,"name":"Vela rechaud por 288"}]},{"@type":"WebSite","@id":"https:\/\/www.csj-emballages.com\/pt-pt\/#website","url":"https:\/\/www.csj-emballages.com\/pt-pt\/","name":"CSJ Emballages","description":"","publisher":{"@id":"https:\/\/www.csj-emballages.com\/pt-pt\/#organization"},"potentialAction":[{"@type":"SearchAction","target":{"@type":"EntryPoint","urlTemplate":"https:\/\/www.csj-emballages.com\/pt-pt\/?s={search_term_string}"},"query-input":{"@type":"PropertyValueSpecification","valueRequired":true,"valueName":"search_term_string"}}],"inLanguage":"pt-PT"},{"@type":"Organization","@id":"https:\/\/www.csj-emballages.com\/pt-pt\/#Organization\/","name":"CSJ Emballages","url":"https:\/\/www.csj-emballages.com\/pt-pt\/","logo":{"@type":"ImageObject","inLanguage":"pt-PT","@id":"https:\/\/www.csj-emballages.com\/pt-pt\/#\/schema\/logo\/image\/","url":"https:\/\/www.csj-emballages.com\/wp-content\/uploads\/2023\/10\/logo_csj.webp","contentUrl":"https:\/\/www.csj-emballages.com\/wp-content\/uploads\/2023\/10\/logo_csj.webp","width":250,"height":95,"caption":"CSJ Emballages"},"image":{"@id":"https:\/\/www.csj-emballages.com\/pt-pt\/#\/schema\/logo\/image\/"},"sameAs":["https:\/\/www.facebook.com\/csjemballages"],"address":{"@type":"PostalAddress","streetAddress":"ZI La Lechere","addressLocality":"Patornay","postalCode":"39130","addressCountry":"FR"},"contactPoint":[{"@type":"ContactPoint","contactType":"Service client","telephone":"0384254272","email":"contact@csj-emballages.com"}]}]}},"df_price":29.46,"df_sale_price":29.46,"df_regular_price":34.66,"df_image_link":"https:\/\/www.csj-emballages.com\/wp-content\/uploads\/2024\/03\/Boug-300x300.webp","tiered_pricing_type":"fixed","tiered_pricing_fixed_rules":[],"tiered_pricing_percentage_rules":[],"tiered_pricing_minimum":1,"tiered_pricing_roles_data":[],"_links":{"self":[{"href":"https:\/\/www.csj-emballages.com\/pt-pt\/wp-json\/wp\/v2\/product\/19816","targetHints":{"allow":["GET"]}}],"collection":[{"href":"https:\/\/www.csj-emballages.com\/pt-pt\/wp-json\/wp\/v2\/product"}],"about":[{"href":"https:\/\/www.csj-emballages.com\/pt-pt\/wp-json\/wp\/v2\/types\/product"}],"wp:featuredmedia":[{"embeddable":true,"href":"https:\/\/www.csj-emballages.com\/pt-pt\/wp-json\/wp\/v2\/media\/275654"}],"wp:attachment":[{"href":"https:\/\/www.csj-emballages.com\/pt-pt\/wp-json\/wp\/v2\/media?parent=19816"}],"wp:term":[{"taxonomy":"product_brand","embeddable":true,"href":"https:\/\/www.csj-emballages.com\/pt-pt\/wp-json\/wp\/v2\/product_brand?post=19816"},{"taxonomy":"product_cat","embeddable":true,"href":"https:\/\/www.csj-emballages.com\/pt-pt\/wp-json\/wp\/v2\/product_cat?post=19816"},{"taxonomy":"product_tag","embeddable":true,"href":"https:\/\/www.csj-emballages.com\/pt-pt\/wp-json\/wp\/v2\/product_tag?post=19816"}],"curies":[{"name":"wp","href":"https:\/\/api.w.org\/{rel}","templated":true}]}}