{"id":19791,"date":"2024-03-01T16:56:16","date_gmt":"2024-03-01T15:56:16","guid":{"rendered":"https:\/\/u15jnbdpoq.preview.infomaniak.website\/produit\/bobina-de-bolduche-matline-250m-x-10mm-chocolate-rosa\/"},"modified":"2026-03-12T16:13:34","modified_gmt":"2026-03-12T15:13:34","slug":"bobina-de-bolduche-matline-250m-x-10mm-chocolate-rosa","status":"publish","type":"product","link":"https:\/\/www.csj-emballages.com\/pt-pt\/produit\/bobina-de-bolduche-matline-250m-x-10mm-chocolate-rosa\/","title":{"rendered":"Bobina de bolduche matline 250m x 10mm chocolate\/rosa"},"content":{"rendered":"<div style=\"text-align: center;\">\n<div style=\"text-align: left;\">\n<div class=\"flex flex-grow flex-col max-w-full\">\n<div class=\"min-h-[20px] text-message flex flex-col items-start whitespace-pre-wrap break-words [.text-message+&amp;]:mt-5 juice:w-full juice:items-end overflow-x-auto gap-2\" dir=\"auto\" data-message-author-role=\"assistant\" data-message-id=\"2034782e-88f9-44ef-b4dc-07dd7bf0115f\">\n<div class=\"flex w-full flex-col gap-1 juice:empty:hidden juice:first:pt-[3px]\">\n<div class=\"markdown prose w-full break-words dark:prose-invert light\">\n<div style=\"box-sizing: inherit; font-family: Roboto, sans-serif;\">\n<div style=\"box-sizing: inherit; font-family: Roboto, sans-serif;\">\n<div style=\"box-sizing: inherit; font-family: Roboto, sans-serif;\">\n<div style=\"box-sizing: inherit; font-family: Roboto, sans-serif;\">\n<div style=\"box-sizing: inherit; font-family: Roboto, sans-serif;\">\n<div style=\"box-sizing: inherit; font-family: Roboto, sans-serif;\">\n<h2><strong style=\"font-family: Roboto, sans-serif;\">Bobina de fita bolduc  <\/strong><\/h2>\n<div style=\"box-sizing: inherit; font-family: Roboto, sans-serif;\">\n<div style=\"box-sizing: inherit; font-family: Roboto, sans-serif;\">\n<div style=\"box-sizing: inherit; font-family: Roboto, sans-serif;\">\n<div style=\"text-align: center;\">\n<div style=\"box-sizing: inherit; font-family: Roboto, sans-serif;\">\n<div style=\"box-sizing: inherit; font-family: Roboto, sans-serif;\">\n<div style=\"box-sizing: inherit; font-family: Roboto, sans-serif;\">\n<div style=\"box-sizing: inherit; font-family: Roboto, sans-serif;\">\n<div style=\"box-sizing: inherit; font-family: Roboto, sans-serif;\">\n<div style=\"box-sizing: inherit; font-family: Roboto, sans-serif; text-align: left;\">\n<hr>\n<h3 style=\"text-align: left;\">Descri\u00e7\u00e3o da bobina de bolduche &#8220;matline&#8221; 250m x 10mm chocolate \/ rosa<!--more--><\/h3>\n<p data-start=\"260\" data-end=\"602\">A <strong>bobina de fita bolduc chocolate \/ rosa \u00abMatline\u00bb 250 metros x 10 mm<\/strong> \u00e9 o acess\u00f3rio indispens\u00e1vel para real\u00e7ar os seus embrulhos de presentes e apresenta\u00e7\u00f5es comerciais. Primeiro, com a sua elegante combina\u00e7\u00e3o de <strong>tons chocolate e rosa<\/strong> com <strong>acabamento mate<\/strong>, confere um toque requintado e moderno a todas as suas embalagens, composi\u00e7\u00f5es florais e embrulhos festivos. <\/p>\n<p data-start=\"604\" data-end=\"888\">De facto, a sua <strong>largura de 10 mm<\/strong> oferece um belo equil\u00edbrio visual, ideal para criar la\u00e7os volumosos ou acabamentos cuidados. Da mesma forma, o aspeto mate confere uma eleg\u00e2ncia discreta e contempor\u00e2nea, perfeitamente adaptada a <strong>boutiques, floristas, pastelarias, com\u00e9rcio a retalho ou eventos especiais<\/strong>. <\/p>\n<p data-start=\"890\" data-end=\"1201\">Flex\u00edvel e f\u00e1cil de manusear, a <strong>fita bolduc \u00abMatline\u00bb<\/strong> permite criar rapidamente la\u00e7os decorativos. Al\u00e9m disso, o seu <strong>comprimento generoso de 250<\/strong> <strong>metros<\/strong> garante uma utiliza\u00e7\u00e3o duradoura e econ\u00f3mica, adaptada \u00e0s necessidades dos profissionais e a utiliza\u00e7\u00f5es intensivas em \u00e9pocas festivas. <\/p>\n<p data-start=\"1203\" data-end=\"1481\">Em resumo, esta <strong>bobina<\/strong> \u00e9 ideal para <strong>embrulhos de presentes, cabazes gourmet, caixas de pastelaria, composi\u00e7\u00f5es florais ou decora\u00e7\u00f5es de eventos<\/strong>. A <strong>combina\u00e7\u00e3o de chocolate e rosa<\/strong> permite jogar com os contrastes, mantendo uma harmonia elegante e atual.<\/p>\n<p data-start=\"1203\" data-end=\"1481\">\n<\/div>\n<\/div>\n<\/div>\n<\/div>\n<\/div>\n<\/div>\n<\/div>\n<\/div>\n<\/div>\n<\/div>\n<\/div>\n<\/div>\n<\/div>\n<\/div>\n<\/div>\n<\/div>\n<\/div>\n<\/div>\n<\/div>\n<\/div>\n<div class=\"flex flex-grow flex-col max-w-full\">\n<div class=\"min-h-[20px] text-message flex flex-col items-start whitespace-pre-wrap break-words [.text-message+&amp;]:mt-5 juice:w-full juice:items-end overflow-x-auto gap-2\" dir=\"auto\" data-message-author-role=\"assistant\" data-message-id=\"2034782e-88f9-44ef-b4dc-07dd7bf0115f\">\n<div class=\"flex w-full flex-col gap-1 juice:empty:hidden juice:first:pt-[3px]\">\n<div class=\"markdown prose w-full break-words dark:prose-invert light\">\n<div style=\"box-sizing: inherit; font-family: Roboto, sans-serif;\">\n<div style=\"box-sizing: inherit; font-family: Roboto, sans-serif;\">\n<div style=\"box-sizing: inherit; font-family: Roboto, sans-serif;\">\n<div style=\"box-sizing: inherit; font-family: Roboto, sans-serif;\">\n<div style=\"box-sizing: inherit; font-family: Roboto, sans-serif;\">\n<div style=\"box-sizing: inherit; font-family: Roboto, sans-serif;\">\n<p><!--more--><\/p>\n<h4 style=\"text-align: left;\"><strong>Vantagens :<\/strong><\/h4>\n<ul>\n<li data-start=\"1519\" data-end=\"1569\">Combina\u00e7\u00e3o de <strong>cores chocolate \/ rosa<\/strong> elegante.<\/li>\n<li data-start=\"1572\" data-end=\"1607\">Acabamento mate moderno e requintado.<\/li>\n<li data-start=\"1610\" data-end=\"1656\"><strong>Largura 10 mm<\/strong> ideal para la\u00e7os e acabamentos.<\/li>\n<li data-start=\"1659\" data-end=\"1707\"><strong>Comprimento 250 m<\/strong> para uma utiliza\u00e7\u00e3o econ\u00f3mica.<\/li>\n<li data-start=\"1710\" data-end=\"1740\">Flex\u00edvel e f\u00e1cil de manusear.<\/li>\n<li data-start=\"1743\" data-end=\"1790\">Ideal para embrulhos de presentes e composi\u00e7\u00f5es.<\/li>\n<li data-start=\"1793\" data-end=\"1845\">Adaptado a profissionais e a \u00e9pocas festivas.<\/li>\n<\/ul>\n<p>&nbsp;<\/p>\n<p><!--more--><\/p>\n<\/div>\n<\/div>\n<h4>Outras informa\u00e7\u00f5es :<\/h4>\n<ul>\n<li><strong>Embalagem<\/strong>: Por unidade<\/li>\n<li><strong>Dimens\u00f5es<\/strong>: 250m x 10mm<\/li>\n<li><strong>Cor<\/strong>: Chocolate \/ Rosa<\/li>\n<\/ul>\n<\/div>\n<\/div>\n<\/div>\n<\/div>\n<\/div>\n<\/div>\n<\/div>\n<\/div>\n<p>&nbsp;<\/p>\n<p style=\"text-align: left;\"><!--more--><\/p>\n<p><a href=\"https:\/\/www.csj-emballages.com\/pt-pt\/categorie-produit\/embalagem-de-alimentos\/padaria-e-pastelaria\/acessorios-e-equipamentos\/acessorios-decorativos\/carreteis-bolduc\/\">Ver o resto da nossa gama de carretos bolduc<\/a><\/p>\n<\/div>\n<\/div>\n","protected":false},"excerpt":{"rendered":"<p>Bobina de fita bolduc Descri\u00e7\u00e3o da bobina de bolduche &#8220;matline&#8221; 250m x 10mm chocolate \/ rosa<\/p>\n","protected":false},"featured_media":264245,"template":"","meta":{"_acf_changed":false},"product_brand":[],"product_cat":[1141,1177,1796,1809,2223,1482,1805,2126,2224],"product_tag":[],"class_list":{"0":"post-19791","1":"product","2":"type-product","3":"status-publish","4":"has-post-thumbnail","6":"product_cat-embalagem-de-alimentos","7":"product_cat-padaria-e-pastelaria","8":"product_cat-acessorios-decorativos","9":"product_cat-carreteis-bolduc","10":"product_cat-carreteis-matline-bolduc","11":"product_cat-loja-e-armazem","12":"product_cat-acessorios-decorativos-pt-pt","13":"product_cat-carreteis-bolduc-pt-pt","14":"product_cat-carreteis-matline-bolduc-pt-pt","16":"first","17":"instock","18":"taxable","19":"shipping-taxable","20":"purchasable","21":"product-type-simple"},"acf":[],"yoast_head":"<!-- This site is optimized with the Yoast SEO Premium plugin v26.6 (Yoast SEO v26.6) - https:\/\/yoast.com\/wordpress\/plugins\/seo\/ -->\n<title>Bobina de Fita Bolduc Chocolate \/ Rosa &quot;Matline&quot; 250m x 10mm<\/title>\n<meta name=\"description\" content=\"Bobina de fita bolduc chocolate \/ rosa Matline 250 m x 10 mm. Acabamento mate elegante, ideal para embrulhos de presentes e decora\u00e7\u00f5es profissionais.\" \/>\n<meta name=\"robots\" content=\"index, follow, max-snippet:-1, max-image-preview:large, max-video-preview:-1\" \/>\n<link rel=\"canonical\" href=\"https:\/\/www.csj-emballages.com\/pt-pt\/produit\/bobina-de-bolduche-matline-250m-x-10mm-chocolate-rosa\/\" \/>\n<meta property=\"og:locale\" content=\"pt_PT\" \/>\n<meta property=\"og:type\" content=\"article\" \/>\n<meta property=\"og:title\" content=\"Bobina de bolduche matline 250m x 10mm chocolate\/rosa\" \/>\n<meta property=\"og:description\" content=\"Bobina de fita bolduc chocolate \/ rosa Matline 250 m x 10 mm. Acabamento mate elegante, ideal para embrulhos de presentes e decora\u00e7\u00f5es profissionais.\" \/>\n<meta property=\"og:url\" content=\"https:\/\/www.csj-emballages.com\/pt-pt\/produit\/bobina-de-bolduche-matline-250m-x-10mm-chocolate-rosa\/\" \/>\n<meta property=\"og:site_name\" content=\"CSJ Emballages\" \/>\n<meta property=\"article:publisher\" content=\"https:\/\/www.facebook.com\/csjemballages\" \/>\n<meta property=\"article:modified_time\" content=\"2026-03-12T15:13:34+00:00\" \/>\n<meta property=\"og:image\" content=\"https:\/\/www.csj-emballages.com\/wp-content\/uploads\/2024\/03\/BOBMATB46.webp\" \/>\n\t<meta property=\"og:image:width\" content=\"800\" \/>\n\t<meta property=\"og:image:height\" content=\"800\" \/>\n\t<meta property=\"og:image:type\" content=\"image\/webp\" \/>\n<meta name=\"twitter:card\" content=\"summary_large_image\" \/>\n<meta name=\"twitter:label1\" content=\"Tempo estimado de leitura\" \/>\n\t<meta name=\"twitter:data1\" content=\"1 minuto\" \/>\n<script type=\"application\/ld+json\" class=\"yoast-schema-graph\">{\"@context\":\"https:\/\/schema.org\",\"@graph\":[{\"@type\":\"WebPage\",\"@id\":\"https:\/\/www.csj-emballages.com\/pt-pt\/produit\/bobina-de-bolduche-matline-250m-x-10mm-chocolate-rosa\/\",\"url\":\"https:\/\/www.csj-emballages.com\/pt-pt\/produit\/bobina-de-bolduche-matline-250m-x-10mm-chocolate-rosa\/\",\"name\":\"Bobina de Fita Bolduc Chocolate \/ Rosa \\\"Matline\\\" 250m x 10mm\",\"isPartOf\":{\"@id\":\"https:\/\/www.csj-emballages.com\/pt-pt\/#website\"},\"primaryImageOfPage\":{\"@id\":\"https:\/\/www.csj-emballages.com\/pt-pt\/produit\/bobina-de-bolduche-matline-250m-x-10mm-chocolate-rosa\/#primaryimage\"},\"image\":{\"@id\":\"https:\/\/www.csj-emballages.com\/pt-pt\/produit\/bobina-de-bolduche-matline-250m-x-10mm-chocolate-rosa\/#primaryimage\"},\"thumbnailUrl\":\"https:\/\/www.csj-emballages.com\/wp-content\/uploads\/2024\/03\/BOBMATB46.webp\",\"datePublished\":\"2024-03-01T15:56:16+00:00\",\"dateModified\":\"2026-03-12T15:13:34+00:00\",\"description\":\"Bobina de fita bolduc chocolate \/ rosa Matline 250 m x 10 mm. Acabamento mate elegante, ideal para embrulhos de presentes e decora\u00e7\u00f5es profissionais.\",\"breadcrumb\":{\"@id\":\"https:\/\/www.csj-emballages.com\/pt-pt\/produit\/bobina-de-bolduche-matline-250m-x-10mm-chocolate-rosa\/#breadcrumb\"},\"inLanguage\":\"pt-PT\",\"potentialAction\":[{\"@type\":\"ReadAction\",\"target\":[\"https:\/\/www.csj-emballages.com\/pt-pt\/produit\/bobina-de-bolduche-matline-250m-x-10mm-chocolate-rosa\/\"]}]},{\"@type\":\"ImageObject\",\"inLanguage\":\"pt-PT\",\"@id\":\"https:\/\/www.csj-emballages.com\/pt-pt\/produit\/bobina-de-bolduche-matline-250m-x-10mm-chocolate-rosa\/#primaryimage\",\"url\":\"https:\/\/www.csj-emballages.com\/wp-content\/uploads\/2024\/03\/BOBMATB46.webp\",\"contentUrl\":\"https:\/\/www.csj-emballages.com\/wp-content\/uploads\/2024\/03\/BOBMATB46.webp\",\"width\":800,\"height\":800,\"caption\":\"Bobine bolduc\"},{\"@type\":\"BreadcrumbList\",\"@id\":\"https:\/\/www.csj-emballages.com\/pt-pt\/produit\/bobina-de-bolduche-matline-250m-x-10mm-chocolate-rosa\/#breadcrumb\",\"itemListElement\":[{\"@type\":\"ListItem\",\"position\":1,\"name\":\"Acolhimento\",\"item\":\"https:\/\/www.csj-emballages.com\/pt-pt\/universo-das-embalagens-alimentares\/\"},{\"@type\":\"ListItem\",\"position\":2,\"name\":\"Shop\",\"item\":\"https:\/\/www.csj-emballages.com\/shop\/\"},{\"@type\":\"ListItem\",\"position\":3,\"name\":\"Bobina de bolduche matline 250m x 10mm chocolate\/rosa\"}]},{\"@type\":\"WebSite\",\"@id\":\"https:\/\/www.csj-emballages.com\/pt-pt\/#website\",\"url\":\"https:\/\/www.csj-emballages.com\/pt-pt\/\",\"name\":\"CSJ Emballages\",\"description\":\"\",\"publisher\":{\"@id\":\"https:\/\/www.csj-emballages.com\/pt-pt\/#organization\"},\"potentialAction\":[{\"@type\":\"SearchAction\",\"target\":{\"@type\":\"EntryPoint\",\"urlTemplate\":\"https:\/\/www.csj-emballages.com\/pt-pt\/?s={search_term_string}\"},\"query-input\":{\"@type\":\"PropertyValueSpecification\",\"valueRequired\":true,\"valueName\":\"search_term_string\"}}],\"inLanguage\":\"pt-PT\"},{\"@type\":\"Organization\",\"@id\":\"https:\/\/www.csj-emballages.com\/pt-pt\/#Organization\/\",\"name\":\"CSJ Emballages\",\"url\":\"https:\/\/www.csj-emballages.com\/pt-pt\/\",\"logo\":{\"@type\":\"ImageObject\",\"inLanguage\":\"pt-PT\",\"@id\":\"https:\/\/www.csj-emballages.com\/pt-pt\/#\/schema\/logo\/image\/\",\"url\":\"https:\/\/www.csj-emballages.com\/wp-content\/uploads\/2023\/10\/logo_csj.webp\",\"contentUrl\":\"https:\/\/www.csj-emballages.com\/wp-content\/uploads\/2023\/10\/logo_csj.webp\",\"width\":250,\"height\":95,\"caption\":\"CSJ Emballages\"},\"image\":{\"@id\":\"https:\/\/www.csj-emballages.com\/pt-pt\/#\/schema\/logo\/image\/\"},\"sameAs\":[\"https:\/\/www.facebook.com\/csjemballages\"],\"address\":{\"@type\":\"PostalAddress\",\"streetAddress\":\"ZI La Lechere\",\"addressLocality\":\"Patornay\",\"postalCode\":\"39130\",\"addressCountry\":\"FR\"},\"contactPoint\":[{\"@type\":\"ContactPoint\",\"contactType\":\"Service client\",\"telephone\":\"0384254272\",\"email\":\"contact@csj-emballages.com\"}]}]}<\/script>\n<!-- \/ Yoast SEO Premium plugin. -->","yoast_head_json":{"title":"Bobina de Fita Bolduc Chocolate \/ Rosa \"Matline\" 250m x 10mm","description":"Bobina de fita bolduc chocolate \/ rosa Matline 250 m x 10 mm. Acabamento mate elegante, ideal para embrulhos de presentes e decora\u00e7\u00f5es profissionais.","robots":{"index":"index","follow":"follow","max-snippet":"max-snippet:-1","max-image-preview":"max-image-preview:large","max-video-preview":"max-video-preview:-1"},"canonical":"https:\/\/www.csj-emballages.com\/pt-pt\/produit\/bobina-de-bolduche-matline-250m-x-10mm-chocolate-rosa\/","og_locale":"pt_PT","og_type":"article","og_title":"Bobina de bolduche matline 250m x 10mm chocolate\/rosa","og_description":"Bobina de fita bolduc chocolate \/ rosa Matline 250 m x 10 mm. Acabamento mate elegante, ideal para embrulhos de presentes e decora\u00e7\u00f5es profissionais.","og_url":"https:\/\/www.csj-emballages.com\/pt-pt\/produit\/bobina-de-bolduche-matline-250m-x-10mm-chocolate-rosa\/","og_site_name":"CSJ Emballages","article_publisher":"https:\/\/www.facebook.com\/csjemballages","article_modified_time":"2026-03-12T15:13:34+00:00","og_image":[{"width":800,"height":800,"url":"https:\/\/www.csj-emballages.com\/wp-content\/uploads\/2024\/03\/BOBMATB46.webp","type":"image\/webp"}],"twitter_card":"summary_large_image","twitter_misc":{"Tempo estimado de leitura":"1 minuto"},"schema":{"@context":"https:\/\/schema.org","@graph":[{"@type":"WebPage","@id":"https:\/\/www.csj-emballages.com\/pt-pt\/produit\/bobina-de-bolduche-matline-250m-x-10mm-chocolate-rosa\/","url":"https:\/\/www.csj-emballages.com\/pt-pt\/produit\/bobina-de-bolduche-matline-250m-x-10mm-chocolate-rosa\/","name":"Bobina de Fita Bolduc Chocolate \/ Rosa \"Matline\" 250m x 10mm","isPartOf":{"@id":"https:\/\/www.csj-emballages.com\/pt-pt\/#website"},"primaryImageOfPage":{"@id":"https:\/\/www.csj-emballages.com\/pt-pt\/produit\/bobina-de-bolduche-matline-250m-x-10mm-chocolate-rosa\/#primaryimage"},"image":{"@id":"https:\/\/www.csj-emballages.com\/pt-pt\/produit\/bobina-de-bolduche-matline-250m-x-10mm-chocolate-rosa\/#primaryimage"},"thumbnailUrl":"https:\/\/www.csj-emballages.com\/wp-content\/uploads\/2024\/03\/BOBMATB46.webp","datePublished":"2024-03-01T15:56:16+00:00","dateModified":"2026-03-12T15:13:34+00:00","description":"Bobina de fita bolduc chocolate \/ rosa Matline 250 m x 10 mm. Acabamento mate elegante, ideal para embrulhos de presentes e decora\u00e7\u00f5es profissionais.","breadcrumb":{"@id":"https:\/\/www.csj-emballages.com\/pt-pt\/produit\/bobina-de-bolduche-matline-250m-x-10mm-chocolate-rosa\/#breadcrumb"},"inLanguage":"pt-PT","potentialAction":[{"@type":"ReadAction","target":["https:\/\/www.csj-emballages.com\/pt-pt\/produit\/bobina-de-bolduche-matline-250m-x-10mm-chocolate-rosa\/"]}]},{"@type":"ImageObject","inLanguage":"pt-PT","@id":"https:\/\/www.csj-emballages.com\/pt-pt\/produit\/bobina-de-bolduche-matline-250m-x-10mm-chocolate-rosa\/#primaryimage","url":"https:\/\/www.csj-emballages.com\/wp-content\/uploads\/2024\/03\/BOBMATB46.webp","contentUrl":"https:\/\/www.csj-emballages.com\/wp-content\/uploads\/2024\/03\/BOBMATB46.webp","width":800,"height":800,"caption":"Bobine bolduc"},{"@type":"BreadcrumbList","@id":"https:\/\/www.csj-emballages.com\/pt-pt\/produit\/bobina-de-bolduche-matline-250m-x-10mm-chocolate-rosa\/#breadcrumb","itemListElement":[{"@type":"ListItem","position":1,"name":"Acolhimento","item":"https:\/\/www.csj-emballages.com\/pt-pt\/universo-das-embalagens-alimentares\/"},{"@type":"ListItem","position":2,"name":"Shop","item":"https:\/\/www.csj-emballages.com\/shop\/"},{"@type":"ListItem","position":3,"name":"Bobina de bolduche matline 250m x 10mm chocolate\/rosa"}]},{"@type":"WebSite","@id":"https:\/\/www.csj-emballages.com\/pt-pt\/#website","url":"https:\/\/www.csj-emballages.com\/pt-pt\/","name":"CSJ Emballages","description":"","publisher":{"@id":"https:\/\/www.csj-emballages.com\/pt-pt\/#organization"},"potentialAction":[{"@type":"SearchAction","target":{"@type":"EntryPoint","urlTemplate":"https:\/\/www.csj-emballages.com\/pt-pt\/?s={search_term_string}"},"query-input":{"@type":"PropertyValueSpecification","valueRequired":true,"valueName":"search_term_string"}}],"inLanguage":"pt-PT"},{"@type":"Organization","@id":"https:\/\/www.csj-emballages.com\/pt-pt\/#Organization\/","name":"CSJ Emballages","url":"https:\/\/www.csj-emballages.com\/pt-pt\/","logo":{"@type":"ImageObject","inLanguage":"pt-PT","@id":"https:\/\/www.csj-emballages.com\/pt-pt\/#\/schema\/logo\/image\/","url":"https:\/\/www.csj-emballages.com\/wp-content\/uploads\/2023\/10\/logo_csj.webp","contentUrl":"https:\/\/www.csj-emballages.com\/wp-content\/uploads\/2023\/10\/logo_csj.webp","width":250,"height":95,"caption":"CSJ Emballages"},"image":{"@id":"https:\/\/www.csj-emballages.com\/pt-pt\/#\/schema\/logo\/image\/"},"sameAs":["https:\/\/www.facebook.com\/csjemballages"],"address":{"@type":"PostalAddress","streetAddress":"ZI La Lechere","addressLocality":"Patornay","postalCode":"39130","addressCountry":"FR"},"contactPoint":[{"@type":"ContactPoint","contactType":"Service client","telephone":"0384254272","email":"contact@csj-emballages.com"}]}]}},"df_price":7.28,"df_sale_price":"","df_regular_price":7.28,"df_image_link":"https:\/\/www.csj-emballages.com\/wp-content\/uploads\/2024\/03\/BOBMATB46-300x300.webp","tiered_pricing_type":"fixed","tiered_pricing_fixed_rules":[],"tiered_pricing_percentage_rules":[],"tiered_pricing_minimum":1,"tiered_pricing_roles_data":[],"_links":{"self":[{"href":"https:\/\/www.csj-emballages.com\/pt-pt\/wp-json\/wp\/v2\/product\/19791","targetHints":{"allow":["GET"]}}],"collection":[{"href":"https:\/\/www.csj-emballages.com\/pt-pt\/wp-json\/wp\/v2\/product"}],"about":[{"href":"https:\/\/www.csj-emballages.com\/pt-pt\/wp-json\/wp\/v2\/types\/product"}],"wp:featuredmedia":[{"embeddable":true,"href":"https:\/\/www.csj-emballages.com\/pt-pt\/wp-json\/wp\/v2\/media\/264245"}],"wp:attachment":[{"href":"https:\/\/www.csj-emballages.com\/pt-pt\/wp-json\/wp\/v2\/media?parent=19791"}],"wp:term":[{"taxonomy":"product_brand","embeddable":true,"href":"https:\/\/www.csj-emballages.com\/pt-pt\/wp-json\/wp\/v2\/product_brand?post=19791"},{"taxonomy":"product_cat","embeddable":true,"href":"https:\/\/www.csj-emballages.com\/pt-pt\/wp-json\/wp\/v2\/product_cat?post=19791"},{"taxonomy":"product_tag","embeddable":true,"href":"https:\/\/www.csj-emballages.com\/pt-pt\/wp-json\/wp\/v2\/product_tag?post=19791"}],"curies":[{"name":"wp","href":"https:\/\/api.w.org\/{rel}","templated":true}]}}