{"id":19788,"date":"2024-03-01T16:57:09","date_gmt":"2024-03-01T15:57:09","guid":{"rendered":"https:\/\/u15jnbdpoq.preview.infomaniak.website\/produit\/carretel-de-bolduche-prateado-joyeux-fetes-225m-x-10mm\/"},"modified":"2026-03-12T16:13:22","modified_gmt":"2026-03-12T15:13:22","slug":"carretel-de-bolduche-prateado-joyeux-fetes-225m-x-10mm","status":"publish","type":"product","link":"https:\/\/www.csj-emballages.com\/pt-pt\/produit\/carretel-de-bolduche-prateado-joyeux-fetes-225m-x-10mm\/","title":{"rendered":"Carretel de bolduche prateado &#8220;joyeux f\u00eates&#8221; 225m x 10mm"},"content":{"rendered":"<h2><strong style=\"font-family: Roboto, sans-serif\">Boas Festas&#8221; bobine de bolducs<\/strong><\/h2>\n<div style=\"font-family: Roboto, sans-serif\">\n<div style=\"font-family: Roboto, sans-serif\">\n<div style=\"font-family: Roboto, sans-serif\">\n<div style=\"text-align: center\">\n<div style=\"font-family: Roboto, sans-serif\">\n<div style=\"font-family: Roboto, sans-serif\">\n<div style=\"font-family: Roboto, sans-serif\">\n<div style=\"font-family: Roboto, sans-serif\">\n<div style=\"font-family: Roboto, sans-serif\">\n<div style=\"font-family: Roboto, sans-serif;text-align: left\">\n<hr>\n<h3 style=\"text-align: left\">Descri\u00e7\u00e3o do carreto de bolducho  <!--more--><\/h3>\n<p>D\u00ea um toque festivo \u00e0s suas decora\u00e7\u00f5es com o <strong>rolo de bolducks<\/strong> <strong>&#8220;Happy Holidays&#8221;<\/strong>. Esta fita colorida \u00e9 perfeita para embelezar os seus pacotes de presentes. Em pouco tempo, estar\u00e1 a criar uma apresenta\u00e7\u00e3o deslumbrante que far\u00e1 as del\u00edcias dos seus entes queridos.  <\/p>\n<p>Fabricado em polipropileno, este <strong>bolduc<\/strong> \u00e9 simultaneamente resistente e flex\u00edvel. Assim, pode utiliz\u00e1-lo para fazer la\u00e7os ou grinaldas elegantes. Gra\u00e7as ao seu brilho, esta fita chama imediatamente a aten\u00e7\u00e3o. Os seus presentes n\u00e3o passar\u00e3o despercebidos!   <\/p>\n<p>Al\u00e9m disso, o <strong>carreto<\/strong> mede 225 metros, o que lhe d\u00e1 uma grande liberdade de utiliza\u00e7\u00e3o. Quer se trate do Natal ou de uma festa de fim de ano, este <strong>bolduc<\/strong> \u00e9 adequado para todas as ocasi\u00f5es. As cores vivas e os motivos festivos conferem um ambiente alegre \u00e0s suas celebra\u00e7\u00f5es.  <\/p>\n<p>Al\u00e9m disso, \u00e9 f\u00e1cil de cortar e manusear. Assim, n\u00e3o tem de se preocupar com emaranhados. Isto poupa-lhe tempo e permite-lhe ser criativo ao mesmo tempo. Pode tamb\u00e9m combin\u00e1-lo com outros elementos decorativos. Por exemplo, etiquetas personalizadas ou decora\u00e7\u00f5es em papel.    <\/p>\n<p>N\u00e3o perca esta oportunidade de dar um toque de magia \u00e0s suas festividades. Encomende j\u00e1 o <strong>rolo de bolducks &#8220;Boas Festas&#8221;<\/strong>. Fa\u00e7a brilhar os seus momentos especiais com esta fita excecional. As suas decora\u00e7\u00f5es ser\u00e3o ainda mais memor\u00e1veis!   <\/p>\n<p>&nbsp;<\/p>\n<\/div>\n<\/div>\n<\/div>\n<\/div>\n<\/div>\n<\/div>\n<\/div>\n<\/div>\n<\/div>\n<\/div>\n<p><!--more--><\/p>\n<p style=\"text-align: left\"><strong>As vantagens da nossa bobina bolduc :<\/strong><\/p>\n<ul style=\"text-align: left\">\n<li><strong>Est\u00e9tica f<\/strong> estiva: Com as suas cores vivas e padr\u00f5es alegres, esta fita d\u00e1 um toque festivo instant\u00e2neo a todas as tuas embalagens.<\/li>\n<li><strong>Comprimento pr\u00e1tico<\/strong>: Com 225 metros de fita, tens mais do que suficiente para embelezar muitos presentes e decora\u00e7\u00f5es sem teres de comprar novas fitas com frequ\u00eancia.<\/li>\n<li><strong>Apelo visual<\/strong>: O seu brilho apelativo torna cada presente \u00fanico e memor\u00e1vel, perfeito para impressionar os teus entes queridos.<\/li>\n<\/ul>\n<div class=\"elementor elementor-2384 elementor-location-archive product\" data-elementor-type=\"product-archive\" data-elementor-id=\"2384\" data-elementor-post-type=\"elementor_library\">\n<div class=\"elementor-element elementor-element-c44cccd nt-archive-products e-flex e-con-boxed e-con e-parent e-lazyloaded\" data-id=\"c44cccd\" data-element_type=\"container\">\n<div class=\"e-con-inner\">\n<div class=\"elementor-element elementor-element-f35cc29 e-con-full e-flex e-con e-child\" data-id=\"f35cc29\" data-element_type=\"container\">\n<div class=\"elementor-element elementor-element-8781411 elementor-widget elementor-widget-woocommerce-archive-description\" data-id=\"8781411\" data-element_type=\"widget\" data-widget_type=\"woocommerce-archive-description.default\">\n<div class=\"elementor-widget-container\">\n<div class=\"term-description\"><\/div>\n<\/div>\n<\/div>\n<\/div>\n<\/div>\n<\/div>\n<\/div>\n<div class=\"elementor elementor-175 elementor-location-footer\" data-elementor-type=\"footer\" data-elementor-id=\"175\" data-elementor-post-type=\"elementor_library\">\n<div class=\"elementor-element elementor-element-d413b54 e-flex e-con-boxed e-con e-parent e-lazyloaded\" data-id=\"d413b54\" data-element_type=\"container\">\n<div class=\"e-con-inner\">\n<div class=\"elementor-element elementor-element-9493a3c elementor-widget elementor-widget-shortcode\" data-id=\"9493a3c\" data-element_type=\"widget\" data-widget_type=\"shortcode.default\">\n<div class=\"elementor-widget-container\"><\/div>\n<\/div>\n<\/div>\n<\/div>\n<\/div>\n<p><!--more--><\/p>\n<h4>Artigos relacionados:<\/h4>\n<p><span style=\"color: #d12727\"><a style=\"color: #d12727\" href=\"https:\/\/www.csj-emballages.com\/pt-pt\/produit\/alicate-bolduc\/\">Alicate Bolduc<\/a><\/span><\/p>\n<p><span style=\"color: #d12727\"><a style=\"color: #d12727\" href=\"https:\/\/www.csj-emballages.com\/pt-pt\/produit\/500-etiquetas-douradas-boas-festas\/\">Etiqueta &#8220;Boas Festas<\/a><\/span><\/p>\n<p>&nbsp;<\/p>\n<p style=\"text-align: left\"><!--more--><\/p>\n<p><a href=\"https:\/\/www.csj-emballages.com\/pt-pt\/categorie-produit\/embalagem-de-alimentos\/padaria-e-pastelaria\/acessorios-e-equipamentos\/acessorios-decorativos\/carreteis-bolduc\/boas-festas-bolduc-enrola\/\">Ver o resto da nossa gama de carret\u00e9is de bolducs &#8220;Happy Holidays&#8221;<\/a><\/p>\n","protected":false},"excerpt":{"rendered":"<p>Boas Festas&#8221; bobine de bolducs Descri\u00e7\u00e3o do carreto de bolducho<\/p>\n","protected":false},"featured_media":130387,"template":"","meta":{"_acf_changed":false},"product_brand":[],"product_cat":[1141,1177,1796,2204,1482,1805,2126,2212],"product_tag":[],"class_list":{"0":"post-19788","1":"product","2":"type-product","3":"status-publish","4":"has-post-thumbnail","6":"product_cat-embalagem-de-alimentos","7":"product_cat-padaria-e-pastelaria","8":"product_cat-acessorios-decorativos","9":"product_cat-boas-festas-bolduc-enrola","10":"product_cat-loja-e-armazem","11":"product_cat-acessorios-decorativos-pt-pt","12":"product_cat-carreteis-bolduc-pt-pt","13":"product_cat-boas-festas-bolduc-enrola-pt-pt","15":"first","16":"instock","17":"taxable","18":"shipping-taxable","19":"purchasable","20":"product-type-simple"},"acf":[],"yoast_head":"<!-- This site is optimized with the Yoast SEO Premium plugin v26.6 (Yoast SEO v26.6) - https:\/\/yoast.com\/wordpress\/plugins\/seo\/ -->\n<title>Bobina de bolduche &quot;Happy Holidays&quot; 225m x 10mm<\/title>\n<meta name=\"description\" content=\"Comprar o nosso carreto de bolducs &quot;Happy Holidays&quot; ! Dimens\u00f5es: 225 m x 10 mm! Escolha uma bobina de bolduche &quot;joyeux f\u00eates&quot; de cor prata.\" \/>\n<meta name=\"robots\" content=\"index, follow, max-snippet:-1, max-image-preview:large, max-video-preview:-1\" \/>\n<link rel=\"canonical\" href=\"https:\/\/www.csj-emballages.com\/pt-pt\/produit\/carretel-de-bolduche-prateado-joyeux-fetes-225m-x-10mm\/\" \/>\n<meta property=\"og:locale\" content=\"pt_PT\" \/>\n<meta property=\"og:type\" content=\"article\" \/>\n<meta property=\"og:title\" content=\"Carretel de bolduche prateado &quot;joyeux f\u00eates&quot; 225m x 10mm\" \/>\n<meta property=\"og:description\" content=\"Comprar o nosso carreto de bolducs &quot;Happy Holidays&quot; ! Dimens\u00f5es: 225 m x 10 mm! Escolha uma bobina de bolduche &quot;joyeux f\u00eates&quot; de cor prata.\" \/>\n<meta property=\"og:url\" content=\"https:\/\/www.csj-emballages.com\/pt-pt\/produit\/carretel-de-bolduche-prateado-joyeux-fetes-225m-x-10mm\/\" \/>\n<meta property=\"og:site_name\" content=\"CSJ Emballages\" \/>\n<meta property=\"article:publisher\" content=\"https:\/\/www.facebook.com\/csjemballages\" \/>\n<meta property=\"article:modified_time\" content=\"2026-03-12T15:13:22+00:00\" \/>\n<meta property=\"og:image\" content=\"https:\/\/www.csj-emballages.com\/wp-content\/uploads\/2024\/03\/e-amande-2-jpg.webp\" \/>\n\t<meta property=\"og:image:width\" content=\"300\" \/>\n\t<meta property=\"og:image:height\" content=\"300\" \/>\n\t<meta property=\"og:image:type\" content=\"image\/jpeg\" \/>\n<meta name=\"twitter:card\" content=\"summary_large_image\" \/>\n<meta name=\"twitter:label1\" content=\"Tempo estimado de leitura\" \/>\n\t<meta name=\"twitter:data1\" content=\"2 minutos\" \/>\n<script type=\"application\/ld+json\" class=\"yoast-schema-graph\">{\"@context\":\"https:\/\/schema.org\",\"@graph\":[{\"@type\":\"WebPage\",\"@id\":\"https:\/\/www.csj-emballages.com\/pt-pt\/produit\/carretel-de-bolduche-prateado-joyeux-fetes-225m-x-10mm\/\",\"url\":\"https:\/\/www.csj-emballages.com\/pt-pt\/produit\/carretel-de-bolduche-prateado-joyeux-fetes-225m-x-10mm\/\",\"name\":\"Bobina de bolduche \\\"Happy Holidays\\\" 225m x 10mm\",\"isPartOf\":{\"@id\":\"https:\/\/www.csj-emballages.com\/pt-pt\/#website\"},\"primaryImageOfPage\":{\"@id\":\"https:\/\/www.csj-emballages.com\/pt-pt\/produit\/carretel-de-bolduche-prateado-joyeux-fetes-225m-x-10mm\/#primaryimage\"},\"image\":{\"@id\":\"https:\/\/www.csj-emballages.com\/pt-pt\/produit\/carretel-de-bolduche-prateado-joyeux-fetes-225m-x-10mm\/#primaryimage\"},\"thumbnailUrl\":\"https:\/\/www.csj-emballages.com\/wp-content\/uploads\/2024\/03\/e-amande-2-jpg.webp\",\"datePublished\":\"2024-03-01T15:57:09+00:00\",\"dateModified\":\"2026-03-12T15:13:22+00:00\",\"description\":\"Comprar o nosso carreto de bolducs \\\"Happy Holidays\\\" ! Dimens\u00f5es: 225 m x 10 mm! Escolha uma bobina de bolduche \\\"joyeux f\u00eates\\\" de cor prata.\",\"breadcrumb\":{\"@id\":\"https:\/\/www.csj-emballages.com\/pt-pt\/produit\/carretel-de-bolduche-prateado-joyeux-fetes-225m-x-10mm\/#breadcrumb\"},\"inLanguage\":\"pt-PT\",\"potentialAction\":[{\"@type\":\"ReadAction\",\"target\":[\"https:\/\/www.csj-emballages.com\/pt-pt\/produit\/carretel-de-bolduche-prateado-joyeux-fetes-225m-x-10mm\/\"]}]},{\"@type\":\"ImageObject\",\"inLanguage\":\"pt-PT\",\"@id\":\"https:\/\/www.csj-emballages.com\/pt-pt\/produit\/carretel-de-bolduche-prateado-joyeux-fetes-225m-x-10mm\/#primaryimage\",\"url\":\"https:\/\/www.csj-emballages.com\/wp-content\/uploads\/2024\/03\/e-amande-2-jpg.webp\",\"contentUrl\":\"https:\/\/www.csj-emballages.com\/wp-content\/uploads\/2024\/03\/e-amande-2-jpg.webp\",\"width\":300,\"height\":300,\"caption\":\"bobine bolduc \\\"Joyeuses F\u00eates\\\"\"},{\"@type\":\"BreadcrumbList\",\"@id\":\"https:\/\/www.csj-emballages.com\/pt-pt\/produit\/carretel-de-bolduche-prateado-joyeux-fetes-225m-x-10mm\/#breadcrumb\",\"itemListElement\":[{\"@type\":\"ListItem\",\"position\":1,\"name\":\"Acolhimento\",\"item\":\"https:\/\/www.csj-emballages.com\/pt-pt\/universo-das-embalagens-alimentares\/\"},{\"@type\":\"ListItem\",\"position\":2,\"name\":\"Shop\",\"item\":\"https:\/\/www.csj-emballages.com\/shop\/\"},{\"@type\":\"ListItem\",\"position\":3,\"name\":\"Carretel de bolduche prateado \u00ab\u00a0joyeux f\u00eates\u00a0\u00bb 225m x 10mm\"}]},{\"@type\":\"WebSite\",\"@id\":\"https:\/\/www.csj-emballages.com\/pt-pt\/#website\",\"url\":\"https:\/\/www.csj-emballages.com\/pt-pt\/\",\"name\":\"CSJ Emballages\",\"description\":\"\",\"publisher\":{\"@id\":\"https:\/\/www.csj-emballages.com\/pt-pt\/#organization\"},\"potentialAction\":[{\"@type\":\"SearchAction\",\"target\":{\"@type\":\"EntryPoint\",\"urlTemplate\":\"https:\/\/www.csj-emballages.com\/pt-pt\/?s={search_term_string}\"},\"query-input\":{\"@type\":\"PropertyValueSpecification\",\"valueRequired\":true,\"valueName\":\"search_term_string\"}}],\"inLanguage\":\"pt-PT\"},{\"@type\":\"Organization\",\"@id\":\"https:\/\/www.csj-emballages.com\/pt-pt\/#Organization\/\",\"name\":\"CSJ Emballages\",\"url\":\"https:\/\/www.csj-emballages.com\/pt-pt\/\",\"logo\":{\"@type\":\"ImageObject\",\"inLanguage\":\"pt-PT\",\"@id\":\"https:\/\/www.csj-emballages.com\/pt-pt\/#\/schema\/logo\/image\/\",\"url\":\"https:\/\/www.csj-emballages.com\/wp-content\/uploads\/2023\/10\/logo_csj.webp\",\"contentUrl\":\"https:\/\/www.csj-emballages.com\/wp-content\/uploads\/2023\/10\/logo_csj.webp\",\"width\":250,\"height\":95,\"caption\":\"CSJ Emballages\"},\"image\":{\"@id\":\"https:\/\/www.csj-emballages.com\/pt-pt\/#\/schema\/logo\/image\/\"},\"sameAs\":[\"https:\/\/www.facebook.com\/csjemballages\"],\"address\":{\"@type\":\"PostalAddress\",\"streetAddress\":\"ZI La Lechere\",\"addressLocality\":\"Patornay\",\"postalCode\":\"39130\",\"addressCountry\":\"FR\"},\"contactPoint\":[{\"@type\":\"ContactPoint\",\"contactType\":\"Service client\",\"telephone\":\"0384254272\",\"email\":\"contact@csj-emballages.com\"}]}]}<\/script>\n<!-- \/ Yoast SEO Premium plugin. -->","yoast_head_json":{"title":"Bobina de bolduche \"Happy Holidays\" 225m x 10mm","description":"Comprar o nosso carreto de bolducs \"Happy Holidays\" ! Dimens\u00f5es: 225 m x 10 mm! Escolha uma bobina de bolduche \"joyeux f\u00eates\" de cor prata.","robots":{"index":"index","follow":"follow","max-snippet":"max-snippet:-1","max-image-preview":"max-image-preview:large","max-video-preview":"max-video-preview:-1"},"canonical":"https:\/\/www.csj-emballages.com\/pt-pt\/produit\/carretel-de-bolduche-prateado-joyeux-fetes-225m-x-10mm\/","og_locale":"pt_PT","og_type":"article","og_title":"Carretel de bolduche prateado \"joyeux f\u00eates\" 225m x 10mm","og_description":"Comprar o nosso carreto de bolducs \"Happy Holidays\" ! Dimens\u00f5es: 225 m x 10 mm! Escolha uma bobina de bolduche \"joyeux f\u00eates\" de cor prata.","og_url":"https:\/\/www.csj-emballages.com\/pt-pt\/produit\/carretel-de-bolduche-prateado-joyeux-fetes-225m-x-10mm\/","og_site_name":"CSJ Emballages","article_publisher":"https:\/\/www.facebook.com\/csjemballages","article_modified_time":"2026-03-12T15:13:22+00:00","og_image":[{"width":300,"height":300,"url":"https:\/\/www.csj-emballages.com\/wp-content\/uploads\/2024\/03\/e-amande-2-jpg.webp","type":"image\/jpeg"}],"twitter_card":"summary_large_image","twitter_misc":{"Tempo estimado de leitura":"2 minutos"},"schema":{"@context":"https:\/\/schema.org","@graph":[{"@type":"WebPage","@id":"https:\/\/www.csj-emballages.com\/pt-pt\/produit\/carretel-de-bolduche-prateado-joyeux-fetes-225m-x-10mm\/","url":"https:\/\/www.csj-emballages.com\/pt-pt\/produit\/carretel-de-bolduche-prateado-joyeux-fetes-225m-x-10mm\/","name":"Bobina de bolduche \"Happy Holidays\" 225m x 10mm","isPartOf":{"@id":"https:\/\/www.csj-emballages.com\/pt-pt\/#website"},"primaryImageOfPage":{"@id":"https:\/\/www.csj-emballages.com\/pt-pt\/produit\/carretel-de-bolduche-prateado-joyeux-fetes-225m-x-10mm\/#primaryimage"},"image":{"@id":"https:\/\/www.csj-emballages.com\/pt-pt\/produit\/carretel-de-bolduche-prateado-joyeux-fetes-225m-x-10mm\/#primaryimage"},"thumbnailUrl":"https:\/\/www.csj-emballages.com\/wp-content\/uploads\/2024\/03\/e-amande-2-jpg.webp","datePublished":"2024-03-01T15:57:09+00:00","dateModified":"2026-03-12T15:13:22+00:00","description":"Comprar o nosso carreto de bolducs \"Happy Holidays\" ! Dimens\u00f5es: 225 m x 10 mm! Escolha uma bobina de bolduche \"joyeux f\u00eates\" de cor prata.","breadcrumb":{"@id":"https:\/\/www.csj-emballages.com\/pt-pt\/produit\/carretel-de-bolduche-prateado-joyeux-fetes-225m-x-10mm\/#breadcrumb"},"inLanguage":"pt-PT","potentialAction":[{"@type":"ReadAction","target":["https:\/\/www.csj-emballages.com\/pt-pt\/produit\/carretel-de-bolduche-prateado-joyeux-fetes-225m-x-10mm\/"]}]},{"@type":"ImageObject","inLanguage":"pt-PT","@id":"https:\/\/www.csj-emballages.com\/pt-pt\/produit\/carretel-de-bolduche-prateado-joyeux-fetes-225m-x-10mm\/#primaryimage","url":"https:\/\/www.csj-emballages.com\/wp-content\/uploads\/2024\/03\/e-amande-2-jpg.webp","contentUrl":"https:\/\/www.csj-emballages.com\/wp-content\/uploads\/2024\/03\/e-amande-2-jpg.webp","width":300,"height":300,"caption":"bobine bolduc \"Joyeuses F\u00eates\""},{"@type":"BreadcrumbList","@id":"https:\/\/www.csj-emballages.com\/pt-pt\/produit\/carretel-de-bolduche-prateado-joyeux-fetes-225m-x-10mm\/#breadcrumb","itemListElement":[{"@type":"ListItem","position":1,"name":"Acolhimento","item":"https:\/\/www.csj-emballages.com\/pt-pt\/universo-das-embalagens-alimentares\/"},{"@type":"ListItem","position":2,"name":"Shop","item":"https:\/\/www.csj-emballages.com\/shop\/"},{"@type":"ListItem","position":3,"name":"Carretel de bolduche prateado \u00ab\u00a0joyeux f\u00eates\u00a0\u00bb 225m x 10mm"}]},{"@type":"WebSite","@id":"https:\/\/www.csj-emballages.com\/pt-pt\/#website","url":"https:\/\/www.csj-emballages.com\/pt-pt\/","name":"CSJ Emballages","description":"","publisher":{"@id":"https:\/\/www.csj-emballages.com\/pt-pt\/#organization"},"potentialAction":[{"@type":"SearchAction","target":{"@type":"EntryPoint","urlTemplate":"https:\/\/www.csj-emballages.com\/pt-pt\/?s={search_term_string}"},"query-input":{"@type":"PropertyValueSpecification","valueRequired":true,"valueName":"search_term_string"}}],"inLanguage":"pt-PT"},{"@type":"Organization","@id":"https:\/\/www.csj-emballages.com\/pt-pt\/#Organization\/","name":"CSJ Emballages","url":"https:\/\/www.csj-emballages.com\/pt-pt\/","logo":{"@type":"ImageObject","inLanguage":"pt-PT","@id":"https:\/\/www.csj-emballages.com\/pt-pt\/#\/schema\/logo\/image\/","url":"https:\/\/www.csj-emballages.com\/wp-content\/uploads\/2023\/10\/logo_csj.webp","contentUrl":"https:\/\/www.csj-emballages.com\/wp-content\/uploads\/2023\/10\/logo_csj.webp","width":250,"height":95,"caption":"CSJ Emballages"},"image":{"@id":"https:\/\/www.csj-emballages.com\/pt-pt\/#\/schema\/logo\/image\/"},"sameAs":["https:\/\/www.facebook.com\/csjemballages"],"address":{"@type":"PostalAddress","streetAddress":"ZI La Lechere","addressLocality":"Patornay","postalCode":"39130","addressCountry":"FR"},"contactPoint":[{"@type":"ContactPoint","contactType":"Service client","telephone":"0384254272","email":"contact@csj-emballages.com"}]}]}},"df_price":8.47,"df_sale_price":"","df_regular_price":8.47,"df_image_link":"https:\/\/www.csj-emballages.com\/wp-content\/uploads\/2024\/03\/e-amande-2-jpg.webp","tiered_pricing_type":"fixed","tiered_pricing_fixed_rules":[],"tiered_pricing_percentage_rules":[],"tiered_pricing_minimum":1,"tiered_pricing_roles_data":[],"_links":{"self":[{"href":"https:\/\/www.csj-emballages.com\/pt-pt\/wp-json\/wp\/v2\/product\/19788","targetHints":{"allow":["GET"]}}],"collection":[{"href":"https:\/\/www.csj-emballages.com\/pt-pt\/wp-json\/wp\/v2\/product"}],"about":[{"href":"https:\/\/www.csj-emballages.com\/pt-pt\/wp-json\/wp\/v2\/types\/product"}],"wp:featuredmedia":[{"embeddable":true,"href":"https:\/\/www.csj-emballages.com\/pt-pt\/wp-json\/wp\/v2\/media\/130387"}],"wp:attachment":[{"href":"https:\/\/www.csj-emballages.com\/pt-pt\/wp-json\/wp\/v2\/media?parent=19788"}],"wp:term":[{"taxonomy":"product_brand","embeddable":true,"href":"https:\/\/www.csj-emballages.com\/pt-pt\/wp-json\/wp\/v2\/product_brand?post=19788"},{"taxonomy":"product_cat","embeddable":true,"href":"https:\/\/www.csj-emballages.com\/pt-pt\/wp-json\/wp\/v2\/product_cat?post=19788"},{"taxonomy":"product_tag","embeddable":true,"href":"https:\/\/www.csj-emballages.com\/pt-pt\/wp-json\/wp\/v2\/product_tag?post=19788"}],"curies":[{"name":"wp","href":"https:\/\/api.w.org\/{rel}","templated":true}]}}