{"id":19775,"date":"2024-03-01T16:57:09","date_gmt":"2024-03-01T15:57:09","guid":{"rendered":"https:\/\/u15jnbdpoq.preview.infomaniak.website\/produit\/bobina-de-bolduche-prateada-lido-100m-x-10mm\/"},"modified":"2026-03-13T02:11:00","modified_gmt":"2026-03-13T01:11:00","slug":"bobina-de-bolduche-prateada-lido-100m-x-10mm","status":"publish","type":"product","link":"https:\/\/www.csj-emballages.com\/pt-pt\/produit\/bobina-de-bolduche-prateada-lido-100m-x-10mm\/","title":{"rendered":"Bolduc prata brilhante &#8220;lido&#8221; 100m x 10mm"},"content":{"rendered":"<h2>Bolduche de prata<\/h2>\n<hr>\n<h3>Descri\u00e7\u00e3o do nosso bolduche prateado brilhante &#8220;lido&#8221; 100m x 10mm<\/h3>\n<p><!--more--><\/p>\n<p data-start=\"0\" data-end=\"463\">D\u00ea um toque de eleg\u00e2ncia a todas as suas embalagens com o <strong data-start=\"98\" data-end=\"145\">bolduche prateado brilhante &#8220;Lido&#8221; de 100 m x 10 mm<\/strong>. Esta <strong>fita cinzenta cintilante<\/strong> \u00e9 o aliado perfeito para real\u00e7ar as suas cria\u00e7\u00f5es, seja para embrulhos de presentes, decora\u00e7\u00f5es de festas ou apresenta\u00e7\u00f5es profissionais. A sua <strong data-start=\"328\" data-end=\"356\">cor prateada deslumbrante<\/strong> capta a luz e chama instantaneamente a aten\u00e7\u00e3o, dando um toque festivo a todas as cria\u00e7\u00f5es.  <\/p>\n<p data-start=\"465\" data-end=\"854\">Com uma <strong data-start=\"474\" data-end=\"494\">largura de 10 mm<\/strong> e um <strong data-start=\"502\" data-end=\"533\">comprimento generoso de 100 m<\/strong>, esta <strong>fita cinzenta brilhante<\/strong> d\u00e1-lhe uma grande liberdade de utiliza\u00e7\u00e3o. Pode embrulhar muitas embalagens sem se preocupar com a falta de material. A sua textura suave e resistente tamb\u00e9m facilita o seu manuseamento: pode ser atada, enrolada ou franzida com um simples movimento, garantindo acabamentos perfeitos em pouco tempo.  <\/p>\n<p data-start=\"856\" data-end=\"1182\">Ideal para <strong data-start=\"871\" data-end=\"886\">retalhistas<\/strong>, <strong data-start=\"892\" data-end=\"905\">empresas de catering<\/strong> ou <strong data-start=\"913\" data-end=\"939\">organizadores de eventos<\/strong>, o bolduche <strong>&#8220;Lido&#8221; prateado brilhante<\/strong> \u00e9 adequado para todas as ocasi\u00f5es. Quer se trate de um casamento, Natal, anivers\u00e1rio ou inaugura\u00e7\u00e3o, d\u00e1 um acabamento profissional que valoriza os seus produtos e mostra a sua experi\u00eancia. <\/p>\n<p data-start=\"1184\" data-end=\"1559\">Al\u00e9m disso, esta <strong>fita<\/strong> decorativa <strong>cinzenta brilhante<\/strong> combina facilmente com outras cores: combine-a com branco, vermelho ou preto para obter um contraste chique e moderno. Pode utiliz\u00e1-la para fechar sacos, embrulhar caixas ou fazer decora\u00e7\u00f5es suspensas. O seu <strong data-start=\"1453\" data-end=\"1473\">brilho met\u00e1lico<\/strong> reflecte a luz para garantir um efeito glamoroso, mantendo-se s\u00f3brio e refinado.  <\/p>\n<p data-start=\"1561\" data-end=\"1790\">Ao escolher o <strong>bolduc de prata brilhante &#8220;Lido&#8221;,<\/strong> est\u00e1 a optar por um produto pr\u00e1tico, duradouro e elegante. \u00c9 um produto imprescind\u00edvel para uma embalagem que chama a aten\u00e7\u00e3o \u00e0 primeira vista e que garantir\u00e1 o brilho das suas cria\u00e7\u00f5es! <\/p>\n<p>&nbsp;<\/p>\n<p><!--more--><\/p>\n<h4><strong>Vantagens :<\/strong><\/h4>\n<ul>\n<li>Um <strong data-start=\"2020\" data-end=\"2037\">brilho prateado<\/strong> apelativo que ilumina as suas cria\u00e7\u00f5es.<\/li>\n<li><strong data-start=\"2089\" data-end=\"2117\">Comprimento longo de 100 m<\/strong> para uma vasta gama de embalagens.<\/li>\n<li><strong data-start=\"2150\" data-end=\"2179\">Largura pr\u00e1tica de 10 mm<\/strong>, f\u00e1cil de atar ou enrolar.<\/li>\n<li>Textura <strong data-start=\"2218\" data-end=\"2242\">suave e resistente<\/strong>, f\u00e1cil de manusear.<\/li>\n<li>Ideal para embrulhos <strong data-start=\"2278\" data-end=\"2344\">de presentes, eventos e decora\u00e7\u00f5es profissionais.<\/strong><\/li>\n<\/ul>\n<p>&nbsp;<\/p>\n<p><!--more--><\/p>\n<h4>Outras informa\u00e7\u00f5es :<\/h4>\n<ul>\n<li><strong>Embalagem<\/strong>: Por unidade<\/li>\n<li><strong>Dimens\u00f5es<\/strong>: 100m x 10mm<\/li>\n<li><strong>Cor<\/strong>: Prateado \/ Brilhante<\/li>\n<\/ul>\n<p>&nbsp;<\/p>\n<p><!--more--><\/p>\n<p>Este produto est\u00e1 dispon\u00edvel em v\u00e1rias cores: <span style=\"color: #d12727;\"><a style=\"color: #d12727;\" href=\"https:\/\/www.csj-emballages.com\/produit\/bobine-bolduc-noir-lido-100m-x-10mm\/\">preto<\/a><\/span> \/ <span style=\"color: #d12727;\"><a style=\"color: #d12727;\" href=\"https:\/\/www.csj-emballages.com\/produit\/bobine-bolduc-or-lido-100m-x-10mm\/\">dourado<\/a><\/span> \/ <span style=\"color: #d12727;\"><a style=\"color: #d12727;\" href=\"https:\/\/www.csj-emballages.com\/pt-pt\/produit\/bobina-bolduc-violeta-lido-100m-x-10mm\/\">Violino<\/a><\/span><\/p>\n<p>&nbsp;<\/p>\n<p><!--more--><\/p>\n<p><a href=\"https:\/\/www.csj-emballages.com\/pt-pt\/categorie-produit\/embalagem-de-alimentos\/padaria-e-pastelaria\/acessorios-e-equipamentos\/acessorios-decorativos\/carreteis-bolduc\/carreteis-lido-bolduc\/\">Ver o resto da nossa gama de bolducs &#8220;Lido<\/a><\/p>\n","protected":false},"excerpt":{"rendered":"<p>Bolduche de prata Descri\u00e7\u00e3o do nosso bolduche prateado brilhante &#8220;lido&#8221; 100m x 10mm<\/p>\n","protected":false},"featured_media":243994,"template":"","meta":{"_acf_changed":false},"product_brand":[],"product_cat":[1141,1177,1796,2207,1482,1805,2126,2214],"product_tag":[],"class_list":{"0":"post-19775","1":"product","2":"type-product","3":"status-publish","4":"has-post-thumbnail","6":"product_cat-embalagem-de-alimentos","7":"product_cat-padaria-e-pastelaria","8":"product_cat-acessorios-decorativos","9":"product_cat-carreteis-lido-bolduc","10":"product_cat-loja-e-armazem","11":"product_cat-acessorios-decorativos-pt-pt","12":"product_cat-carreteis-bolduc-pt-pt","13":"product_cat-carreteis-lido-bolduc-pt-pt","15":"first","16":"instock","17":"taxable","18":"shipping-taxable","19":"purchasable","20":"product-type-simple"},"acf":[],"yoast_head":"<!-- This site is optimized with the Yoast SEO Premium plugin v26.6 (Yoast SEO v26.6) - https:\/\/yoast.com\/wordpress\/plugins\/seo\/ -->\n<title>Bolduc Prata Brilhante &quot;Lido&quot; 100m x 10mm<\/title>\n<meta name=\"description\" content=\"Melhore as suas embalagens com o bolduche prateado brilhante &quot;Lido&quot; 100 m x 10 mm: uma fita cintilante, flex\u00edvel e elegante para todas as suas decora\u00e7\u00f5es.\" \/>\n<meta name=\"robots\" content=\"index, follow, max-snippet:-1, max-image-preview:large, max-video-preview:-1\" \/>\n<link rel=\"canonical\" href=\"https:\/\/www.csj-emballages.com\/pt-pt\/produit\/bobina-de-bolduche-prateada-lido-100m-x-10mm\/\" \/>\n<meta property=\"og:locale\" content=\"pt_PT\" \/>\n<meta property=\"og:type\" content=\"article\" \/>\n<meta property=\"og:title\" content=\"Bolduc prata brilhante &quot;lido&quot; 100m x 10mm\" \/>\n<meta property=\"og:description\" content=\"Melhore as suas embalagens com o bolduche prateado brilhante &quot;Lido&quot; 100 m x 10 mm: uma fita cintilante, flex\u00edvel e elegante para todas as suas decora\u00e7\u00f5es.\" \/>\n<meta property=\"og:url\" content=\"https:\/\/www.csj-emballages.com\/pt-pt\/produit\/bobina-de-bolduche-prateada-lido-100m-x-10mm\/\" \/>\n<meta property=\"og:site_name\" content=\"CSJ Emballages\" \/>\n<meta property=\"article:publisher\" content=\"https:\/\/www.facebook.com\/csjemballages\" \/>\n<meta property=\"article:modified_time\" content=\"2026-03-13T01:11:00+00:00\" \/>\n<meta property=\"og:image\" content=\"https:\/\/www.csj-emballages.com\/wp-content\/uploads\/2024\/03\/BOBLIDO05.webp\" \/>\n\t<meta property=\"og:image:width\" content=\"800\" \/>\n\t<meta property=\"og:image:height\" content=\"800\" \/>\n\t<meta property=\"og:image:type\" content=\"image\/webp\" \/>\n<meta name=\"twitter:card\" content=\"summary_large_image\" \/>\n<meta name=\"twitter:label1\" content=\"Tempo estimado de leitura\" \/>\n\t<meta name=\"twitter:data1\" content=\"2 minutos\" \/>\n<script type=\"application\/ld+json\" class=\"yoast-schema-graph\">{\"@context\":\"https:\/\/schema.org\",\"@graph\":[{\"@type\":\"WebPage\",\"@id\":\"https:\/\/www.csj-emballages.com\/pt-pt\/produit\/bobina-de-bolduche-prateada-lido-100m-x-10mm\/\",\"url\":\"https:\/\/www.csj-emballages.com\/pt-pt\/produit\/bobina-de-bolduche-prateada-lido-100m-x-10mm\/\",\"name\":\"Bolduc Prata Brilhante \\\"Lido\\\" 100m x 10mm\",\"isPartOf\":{\"@id\":\"https:\/\/www.csj-emballages.com\/pt-pt\/#website\"},\"primaryImageOfPage\":{\"@id\":\"https:\/\/www.csj-emballages.com\/pt-pt\/produit\/bobina-de-bolduche-prateada-lido-100m-x-10mm\/#primaryimage\"},\"image\":{\"@id\":\"https:\/\/www.csj-emballages.com\/pt-pt\/produit\/bobina-de-bolduche-prateada-lido-100m-x-10mm\/#primaryimage\"},\"thumbnailUrl\":\"https:\/\/www.csj-emballages.com\/wp-content\/uploads\/2024\/03\/BOBLIDO05.webp\",\"datePublished\":\"2024-03-01T15:57:09+00:00\",\"dateModified\":\"2026-03-13T01:11:00+00:00\",\"description\":\"Melhore as suas embalagens com o bolduche prateado brilhante \\\"Lido\\\" 100 m x 10 mm: uma fita cintilante, flex\u00edvel e elegante para todas as suas decora\u00e7\u00f5es.\",\"breadcrumb\":{\"@id\":\"https:\/\/www.csj-emballages.com\/pt-pt\/produit\/bobina-de-bolduche-prateada-lido-100m-x-10mm\/#breadcrumb\"},\"inLanguage\":\"pt-PT\",\"potentialAction\":[{\"@type\":\"ReadAction\",\"target\":[\"https:\/\/www.csj-emballages.com\/pt-pt\/produit\/bobina-de-bolduche-prateada-lido-100m-x-10mm\/\"]}]},{\"@type\":\"ImageObject\",\"inLanguage\":\"pt-PT\",\"@id\":\"https:\/\/www.csj-emballages.com\/pt-pt\/produit\/bobina-de-bolduche-prateada-lido-100m-x-10mm\/#primaryimage\",\"url\":\"https:\/\/www.csj-emballages.com\/wp-content\/uploads\/2024\/03\/BOBLIDO05.webp\",\"contentUrl\":\"https:\/\/www.csj-emballages.com\/wp-content\/uploads\/2024\/03\/BOBLIDO05.webp\",\"width\":800,\"height\":800,\"caption\":\"Bolduc argent\"},{\"@type\":\"BreadcrumbList\",\"@id\":\"https:\/\/www.csj-emballages.com\/pt-pt\/produit\/bobina-de-bolduche-prateada-lido-100m-x-10mm\/#breadcrumb\",\"itemListElement\":[{\"@type\":\"ListItem\",\"position\":1,\"name\":\"Acolhimento\",\"item\":\"https:\/\/www.csj-emballages.com\/pt-pt\/universo-das-embalagens-alimentares\/\"},{\"@type\":\"ListItem\",\"position\":2,\"name\":\"Shop\",\"item\":\"https:\/\/www.csj-emballages.com\/shop\/\"},{\"@type\":\"ListItem\",\"position\":3,\"name\":\"Bolduc prata brilhante \u00ab\u00a0lido\u00a0\u00bb 100m x 10mm\"}]},{\"@type\":\"WebSite\",\"@id\":\"https:\/\/www.csj-emballages.com\/pt-pt\/#website\",\"url\":\"https:\/\/www.csj-emballages.com\/pt-pt\/\",\"name\":\"CSJ Emballages\",\"description\":\"\",\"publisher\":{\"@id\":\"https:\/\/www.csj-emballages.com\/pt-pt\/#organization\"},\"potentialAction\":[{\"@type\":\"SearchAction\",\"target\":{\"@type\":\"EntryPoint\",\"urlTemplate\":\"https:\/\/www.csj-emballages.com\/pt-pt\/?s={search_term_string}\"},\"query-input\":{\"@type\":\"PropertyValueSpecification\",\"valueRequired\":true,\"valueName\":\"search_term_string\"}}],\"inLanguage\":\"pt-PT\"},{\"@type\":\"Organization\",\"@id\":\"https:\/\/www.csj-emballages.com\/pt-pt\/#Organization\/\",\"name\":\"CSJ Emballages\",\"url\":\"https:\/\/www.csj-emballages.com\/pt-pt\/\",\"logo\":{\"@type\":\"ImageObject\",\"inLanguage\":\"pt-PT\",\"@id\":\"https:\/\/www.csj-emballages.com\/pt-pt\/#\/schema\/logo\/image\/\",\"url\":\"https:\/\/www.csj-emballages.com\/wp-content\/uploads\/2023\/10\/logo_csj.webp\",\"contentUrl\":\"https:\/\/www.csj-emballages.com\/wp-content\/uploads\/2023\/10\/logo_csj.webp\",\"width\":250,\"height\":95,\"caption\":\"CSJ Emballages\"},\"image\":{\"@id\":\"https:\/\/www.csj-emballages.com\/pt-pt\/#\/schema\/logo\/image\/\"},\"sameAs\":[\"https:\/\/www.facebook.com\/csjemballages\"],\"address\":{\"@type\":\"PostalAddress\",\"streetAddress\":\"ZI La Lechere\",\"addressLocality\":\"Patornay\",\"postalCode\":\"39130\",\"addressCountry\":\"FR\"},\"contactPoint\":[{\"@type\":\"ContactPoint\",\"contactType\":\"Service client\",\"telephone\":\"0384254272\",\"email\":\"contact@csj-emballages.com\"}]}]}<\/script>\n<!-- \/ Yoast SEO Premium plugin. -->","yoast_head_json":{"title":"Bolduc Prata Brilhante \"Lido\" 100m x 10mm","description":"Melhore as suas embalagens com o bolduche prateado brilhante \"Lido\" 100 m x 10 mm: uma fita cintilante, flex\u00edvel e elegante para todas as suas decora\u00e7\u00f5es.","robots":{"index":"index","follow":"follow","max-snippet":"max-snippet:-1","max-image-preview":"max-image-preview:large","max-video-preview":"max-video-preview:-1"},"canonical":"https:\/\/www.csj-emballages.com\/pt-pt\/produit\/bobina-de-bolduche-prateada-lido-100m-x-10mm\/","og_locale":"pt_PT","og_type":"article","og_title":"Bolduc prata brilhante \"lido\" 100m x 10mm","og_description":"Melhore as suas embalagens com o bolduche prateado brilhante \"Lido\" 100 m x 10 mm: uma fita cintilante, flex\u00edvel e elegante para todas as suas decora\u00e7\u00f5es.","og_url":"https:\/\/www.csj-emballages.com\/pt-pt\/produit\/bobina-de-bolduche-prateada-lido-100m-x-10mm\/","og_site_name":"CSJ Emballages","article_publisher":"https:\/\/www.facebook.com\/csjemballages","article_modified_time":"2026-03-13T01:11:00+00:00","og_image":[{"width":800,"height":800,"url":"https:\/\/www.csj-emballages.com\/wp-content\/uploads\/2024\/03\/BOBLIDO05.webp","type":"image\/webp"}],"twitter_card":"summary_large_image","twitter_misc":{"Tempo estimado de leitura":"2 minutos"},"schema":{"@context":"https:\/\/schema.org","@graph":[{"@type":"WebPage","@id":"https:\/\/www.csj-emballages.com\/pt-pt\/produit\/bobina-de-bolduche-prateada-lido-100m-x-10mm\/","url":"https:\/\/www.csj-emballages.com\/pt-pt\/produit\/bobina-de-bolduche-prateada-lido-100m-x-10mm\/","name":"Bolduc Prata Brilhante \"Lido\" 100m x 10mm","isPartOf":{"@id":"https:\/\/www.csj-emballages.com\/pt-pt\/#website"},"primaryImageOfPage":{"@id":"https:\/\/www.csj-emballages.com\/pt-pt\/produit\/bobina-de-bolduche-prateada-lido-100m-x-10mm\/#primaryimage"},"image":{"@id":"https:\/\/www.csj-emballages.com\/pt-pt\/produit\/bobina-de-bolduche-prateada-lido-100m-x-10mm\/#primaryimage"},"thumbnailUrl":"https:\/\/www.csj-emballages.com\/wp-content\/uploads\/2024\/03\/BOBLIDO05.webp","datePublished":"2024-03-01T15:57:09+00:00","dateModified":"2026-03-13T01:11:00+00:00","description":"Melhore as suas embalagens com o bolduche prateado brilhante \"Lido\" 100 m x 10 mm: uma fita cintilante, flex\u00edvel e elegante para todas as suas decora\u00e7\u00f5es.","breadcrumb":{"@id":"https:\/\/www.csj-emballages.com\/pt-pt\/produit\/bobina-de-bolduche-prateada-lido-100m-x-10mm\/#breadcrumb"},"inLanguage":"pt-PT","potentialAction":[{"@type":"ReadAction","target":["https:\/\/www.csj-emballages.com\/pt-pt\/produit\/bobina-de-bolduche-prateada-lido-100m-x-10mm\/"]}]},{"@type":"ImageObject","inLanguage":"pt-PT","@id":"https:\/\/www.csj-emballages.com\/pt-pt\/produit\/bobina-de-bolduche-prateada-lido-100m-x-10mm\/#primaryimage","url":"https:\/\/www.csj-emballages.com\/wp-content\/uploads\/2024\/03\/BOBLIDO05.webp","contentUrl":"https:\/\/www.csj-emballages.com\/wp-content\/uploads\/2024\/03\/BOBLIDO05.webp","width":800,"height":800,"caption":"Bolduc argent"},{"@type":"BreadcrumbList","@id":"https:\/\/www.csj-emballages.com\/pt-pt\/produit\/bobina-de-bolduche-prateada-lido-100m-x-10mm\/#breadcrumb","itemListElement":[{"@type":"ListItem","position":1,"name":"Acolhimento","item":"https:\/\/www.csj-emballages.com\/pt-pt\/universo-das-embalagens-alimentares\/"},{"@type":"ListItem","position":2,"name":"Shop","item":"https:\/\/www.csj-emballages.com\/shop\/"},{"@type":"ListItem","position":3,"name":"Bolduc prata brilhante \u00ab\u00a0lido\u00a0\u00bb 100m x 10mm"}]},{"@type":"WebSite","@id":"https:\/\/www.csj-emballages.com\/pt-pt\/#website","url":"https:\/\/www.csj-emballages.com\/pt-pt\/","name":"CSJ Emballages","description":"","publisher":{"@id":"https:\/\/www.csj-emballages.com\/pt-pt\/#organization"},"potentialAction":[{"@type":"SearchAction","target":{"@type":"EntryPoint","urlTemplate":"https:\/\/www.csj-emballages.com\/pt-pt\/?s={search_term_string}"},"query-input":{"@type":"PropertyValueSpecification","valueRequired":true,"valueName":"search_term_string"}}],"inLanguage":"pt-PT"},{"@type":"Organization","@id":"https:\/\/www.csj-emballages.com\/pt-pt\/#Organization\/","name":"CSJ Emballages","url":"https:\/\/www.csj-emballages.com\/pt-pt\/","logo":{"@type":"ImageObject","inLanguage":"pt-PT","@id":"https:\/\/www.csj-emballages.com\/pt-pt\/#\/schema\/logo\/image\/","url":"https:\/\/www.csj-emballages.com\/wp-content\/uploads\/2023\/10\/logo_csj.webp","contentUrl":"https:\/\/www.csj-emballages.com\/wp-content\/uploads\/2023\/10\/logo_csj.webp","width":250,"height":95,"caption":"CSJ Emballages"},"image":{"@id":"https:\/\/www.csj-emballages.com\/pt-pt\/#\/schema\/logo\/image\/"},"sameAs":["https:\/\/www.facebook.com\/csjemballages"],"address":{"@type":"PostalAddress","streetAddress":"ZI La Lechere","addressLocality":"Patornay","postalCode":"39130","addressCountry":"FR"},"contactPoint":[{"@type":"ContactPoint","contactType":"Service client","telephone":"0384254272","email":"contact@csj-emballages.com"}]}]}},"df_price":7.58,"df_sale_price":"","df_regular_price":7.58,"df_image_link":"https:\/\/www.csj-emballages.com\/wp-content\/uploads\/2024\/03\/BOBLIDO05-300x300.webp","tiered_pricing_type":"fixed","tiered_pricing_fixed_rules":[],"tiered_pricing_percentage_rules":[],"tiered_pricing_minimum":1,"tiered_pricing_roles_data":[],"_links":{"self":[{"href":"https:\/\/www.csj-emballages.com\/pt-pt\/wp-json\/wp\/v2\/product\/19775","targetHints":{"allow":["GET"]}}],"collection":[{"href":"https:\/\/www.csj-emballages.com\/pt-pt\/wp-json\/wp\/v2\/product"}],"about":[{"href":"https:\/\/www.csj-emballages.com\/pt-pt\/wp-json\/wp\/v2\/types\/product"}],"wp:featuredmedia":[{"embeddable":true,"href":"https:\/\/www.csj-emballages.com\/pt-pt\/wp-json\/wp\/v2\/media\/243994"}],"wp:attachment":[{"href":"https:\/\/www.csj-emballages.com\/pt-pt\/wp-json\/wp\/v2\/media?parent=19775"}],"wp:term":[{"taxonomy":"product_brand","embeddable":true,"href":"https:\/\/www.csj-emballages.com\/pt-pt\/wp-json\/wp\/v2\/product_brand?post=19775"},{"taxonomy":"product_cat","embeddable":true,"href":"https:\/\/www.csj-emballages.com\/pt-pt\/wp-json\/wp\/v2\/product_cat?post=19775"},{"taxonomy":"product_tag","embeddable":true,"href":"https:\/\/www.csj-emballages.com\/pt-pt\/wp-json\/wp\/v2\/product_tag?post=19775"}],"curies":[{"name":"wp","href":"https:\/\/api.w.org\/{rel}","templated":true}]}}