{"id":19725,"date":"2024-03-01T16:57:12","date_gmt":"2024-03-01T15:57:12","guid":{"rendered":"https:\/\/u15jnbdpoq.preview.infomaniak.website\/produit\/50-tabuleiros-de-aluminio-descartaveis-com-tampas-separadas-selaveis-2100ml\/"},"modified":"2026-04-16T02:11:17","modified_gmt":"2026-04-16T00:11:17","slug":"50-tabuleiros-de-aluminio-descartaveis-com-tampas-separadas-selaveis-2100ml","status":"publish","type":"product","link":"https:\/\/www.csj-emballages.com\/pt-pt\/produit\/50-tabuleiros-de-aluminio-descartaveis-com-tampas-separadas-selaveis-2100ml\/","title":{"rendered":"Tabuleiro de alum\u00ednio de 2100 ml com tampa separada, embalagem de 50"},"content":{"rendered":"<h2>Tabuleiro de alum\u00ednio<\/h2>\n<hr>\n<h3>Descri\u00e7\u00e3o do nosso tabuleiro de alum\u00ednio com tampa separada, sel\u00e1vel, 2100 ml, 50 unidades<\/h3>\n<p><!--more--><\/p>\n<p data-start=\"83\" data-end=\"457\">Ideal para empresas de catering, restaurantes e particulares, este <strong>tabuleiro de alum\u00ednio de<\/strong> <strong>2100<\/strong> ml oferece uma solu\u00e7\u00e3o pr\u00e1tica e eficiente para embalar e armazenar os seus pratos. A <strong>tampa separada<\/strong> permite uma veda\u00e7\u00e3o adicional ap\u00f3s a abertura, oferecendo flexibilidade de utiliza\u00e7\u00e3o. Concebido para pratos quentes e frios, este <strong>tabuleiro<\/strong> suporta temperaturas elevadas e pode ser utilizado no micro-ondas, no forno e no frigor\u00edfico, bem como para transportar e armazenar refei\u00e7\u00f5es. O seu material <strong>em alum\u00ednio<\/strong> garante uma excelente distribui\u00e7\u00e3o do calor para uma cozedura uniforme.   <\/p>\n<p data-start=\"854\" data-end=\"1171\">Esta solu\u00e7\u00e3o de embalagem \u00e9 ideal para <strong data-start=\"901\" data-end=\"987\">refei\u00e7\u00f5es para levar, vendas para levar, eventos e servi\u00e7os de entrega<\/strong>. Gra\u00e7as \u00e0 sua robustez e \u00e0 sua capacidade de manter a temperatura dos alimentos, responde \u00e0s exig\u00eancias dos profissionais e \u00e9 f\u00e1cil de utilizar pelos consumidores. <\/p>\n<p>&nbsp;<\/p>\n<p><!--more--><\/p>\n<p><strong>Vantagens :<\/strong><\/p>\n<ul>\n<li data-start=\"1197\" data-end=\"1285\">Bordo sel\u00e1vel para um fecho seguro e sem fugas.<\/li>\n<li data-start=\"1286\" data-end=\"1369\">Tampa separada para uma prote\u00e7\u00e3o refor\u00e7ada ap\u00f3s a abertura.<\/li>\n<li data-start=\"1370\" data-end=\"1464\">Adequado para pratos quentes e frios, compat\u00edvel com cozinhar no forno.<\/li>\n<li data-start=\"1465\" data-end=\"1555\">Material r\u00edgido e resistente, ideal para take-away.<\/li>\n<li data-start=\"1556\" data-end=\"1649\">Estas embalagens de alum\u00ednio protegem os alimentos da humidade e de contaminantes externos.<\/li>\n<\/ul>\n<p>&nbsp;<\/p>\n<p><!--more--><\/p>\n<h4>Outras informa\u00e7\u00f5es :<\/h4>\n<ul>\n<li><strong>Embalagem<\/strong>: Pacote de 50<\/li>\n<li><strong>Dimens\u00f5es<\/strong>: 315 x 215 x 42 mm<\/li>\n<li><strong>Volume<\/strong>: 2100 ml<\/li>\n<li><strong>Material<\/strong>: Alum\u00ednio<\/li>\n<li><b>Temperatura de funcionamento <\/b>: -40\u00b0C \/ +350\u00b0C<\/li>\n<\/ul>\n<p>&nbsp;<\/p>\n<p><!--more--><\/p>\n<p>Clique aqui para encontrar a tampa compat\u00edvel com este tabuleiro: <span style=\"color: #d12727;\"><a style=\"color: #d12727;\" href=\"https:\/\/www.csj-emballages.com\/produit\/50-couvercles-pour-barquettes-operculable-bo2200\/\">CO2200<\/a><\/span><\/p>\n<p>&nbsp;<\/p>\n<p><!--more--><\/p>\n<p>Este produto est\u00e1 dispon\u00edvel em v\u00e1rios tamanhos: <span style=\"color: #d12727;\"><a style=\"color: #d12727;\" href=\"https:\/\/www.csj-emballages.com\/produit\/100-barquettes-jetables-aluminium-couvercles-separes-operculable-685ml\/\">685 ml<\/a> <span style=\"color: #000000;\">\/<\/span> <a style=\"color: #d12727;\" href=\"https:\/\/www.csj-emballages.com\/es\/produit\/100-bandejas-de-aluminio-desechables-con-tapas-separadas-900-ml\/\">900 ml<\/a> <span style=\"color: #000000;\">\/<\/span> <a style=\"color: #d12727;\" href=\"https:\/\/www.csj-emballages.com\/es\/produit\/100-bandejas-de-aluminio-desechables-con-tapa-separada-1100ml\/\">1070 ml<\/a> <span style=\"color: #000000;\">\/<\/span> <a style=\"color: #d12727;\" href=\"https:\/\/www.csj-emballages.com\/es\/produit\/100-bandejas-de-aluminio-desechables-con-tapa-separada-1170ml\/\">1170 ml<\/a><\/span><\/p>\n<p>&nbsp;<\/p>\n<p><!--more--><\/p>\n<p><a href=\"https:\/\/www.csj-emballages.com\/pt-pt\/categorie-produit\/embalagem-de-alimentos\/talho-e-charcutaria\/tabuleiros-latas-e-frascos\/tabuleiros-de-aluminio-pratos-formas-tabuleiros-de-refeicao-copos-ramequins-empadas-de-carne\/tabuleiros-selaveis\/\">Ver o resto da nossa gama de tabuleiros de alum\u00ednio com tampa<\/a><\/p>\n","protected":false},"excerpt":{"rendered":"<p>Tabuleiro de alum\u00ednio Descri\u00e7\u00e3o do nosso tabuleiro de alum\u00ednio com tampa separada, sel\u00e1vel, 2100 ml, 50 unidades<\/p>\n","protected":false},"featured_media":227947,"template":"","meta":{"_acf_changed":false},"product_brand":[],"product_cat":[1141,1176,2001,2181],"product_tag":[],"class_list":{"0":"post-19725","1":"product","2":"type-product","3":"status-publish","4":"has-post-thumbnail","6":"product_cat-embalagem-de-alimentos","7":"product_cat-talho-e-charcutaria","8":"product_cat-tabuleiros-de-aluminio-pratos-formas-tabuleiros-de-refeicao-copos-ramequins-empadas-de-carne","9":"product_cat-tabuleiros-selaveis","11":"first","12":"instock","13":"taxable","14":"shipping-taxable","15":"purchasable","16":"product-type-simple"},"acf":[],"yoast_head":"<!-- This site is optimized with the Yoast SEO Premium plugin v26.6 (Yoast SEO v26.6) - https:\/\/yoast.com\/wordpress\/plugins\/seo\/ -->\n<title>Tabuleiro de alum\u00ednio de 2100 ml com tampa separada, sel\u00e1vel<\/title>\n<meta name=\"description\" content=\"Recipiente de alum\u00ednio 2100 ml com tampa separada, sel\u00e1vel para uma selagem herm\u00e9tica. Ideal para catering e restaurantes. Embalagem de 50.\" \/>\n<meta name=\"robots\" content=\"index, follow, max-snippet:-1, max-image-preview:large, max-video-preview:-1\" \/>\n<link rel=\"canonical\" href=\"https:\/\/www.csj-emballages.com\/pt-pt\/produit\/50-tabuleiros-de-aluminio-descartaveis-com-tampas-separadas-selaveis-2100ml\/\" \/>\n<meta property=\"og:locale\" content=\"pt_PT\" \/>\n<meta property=\"og:type\" content=\"article\" \/>\n<meta property=\"og:title\" content=\"Tabuleiro de alum\u00ednio de 2100 ml com tampa separada, embalagem de 50\" \/>\n<meta property=\"og:description\" content=\"Recipiente de alum\u00ednio 2100 ml com tampa separada, sel\u00e1vel para uma selagem herm\u00e9tica. Ideal para catering e restaurantes. Embalagem de 50.\" \/>\n<meta property=\"og:url\" content=\"https:\/\/www.csj-emballages.com\/pt-pt\/produit\/50-tabuleiros-de-aluminio-descartaveis-com-tampas-separadas-selaveis-2100ml\/\" \/>\n<meta property=\"og:site_name\" content=\"CSJ Emballages\" \/>\n<meta property=\"article:publisher\" content=\"https:\/\/www.facebook.com\/csjemballages\" \/>\n<meta property=\"article:modified_time\" content=\"2026-04-16T00:11:17+00:00\" \/>\n<meta property=\"og:image\" content=\"https:\/\/www.csj-emballages.com\/wp-content\/uploads\/2024\/03\/BO-2200.webp\" \/>\n\t<meta property=\"og:image:width\" content=\"1268\" \/>\n\t<meta property=\"og:image:height\" content=\"1268\" \/>\n\t<meta property=\"og:image:type\" content=\"image\/webp\" \/>\n<meta name=\"twitter:card\" content=\"summary_large_image\" \/>\n<meta name=\"twitter:label1\" content=\"Tempo estimado de leitura\" \/>\n\t<meta name=\"twitter:data1\" content=\"1 minuto\" \/>\n<script type=\"application\/ld+json\" class=\"yoast-schema-graph\">{\"@context\":\"https:\/\/schema.org\",\"@graph\":[{\"@type\":\"WebPage\",\"@id\":\"https:\/\/www.csj-emballages.com\/pt-pt\/produit\/50-tabuleiros-de-aluminio-descartaveis-com-tampas-separadas-selaveis-2100ml\/\",\"url\":\"https:\/\/www.csj-emballages.com\/pt-pt\/produit\/50-tabuleiros-de-aluminio-descartaveis-com-tampas-separadas-selaveis-2100ml\/\",\"name\":\"Tabuleiro de alum\u00ednio de 2100 ml com tampa separada, sel\u00e1vel\",\"isPartOf\":{\"@id\":\"https:\/\/www.csj-emballages.com\/pt-pt\/#website\"},\"primaryImageOfPage\":{\"@id\":\"https:\/\/www.csj-emballages.com\/pt-pt\/produit\/50-tabuleiros-de-aluminio-descartaveis-com-tampas-separadas-selaveis-2100ml\/#primaryimage\"},\"image\":{\"@id\":\"https:\/\/www.csj-emballages.com\/pt-pt\/produit\/50-tabuleiros-de-aluminio-descartaveis-com-tampas-separadas-selaveis-2100ml\/#primaryimage\"},\"thumbnailUrl\":\"https:\/\/www.csj-emballages.com\/wp-content\/uploads\/2024\/03\/BO-2200.webp\",\"datePublished\":\"2024-03-01T15:57:12+00:00\",\"dateModified\":\"2026-04-16T00:11:17+00:00\",\"description\":\"Recipiente de alum\u00ednio 2100 ml com tampa separada, sel\u00e1vel para uma selagem herm\u00e9tica. Ideal para catering e restaurantes. Embalagem de 50.\",\"breadcrumb\":{\"@id\":\"https:\/\/www.csj-emballages.com\/pt-pt\/produit\/50-tabuleiros-de-aluminio-descartaveis-com-tampas-separadas-selaveis-2100ml\/#breadcrumb\"},\"inLanguage\":\"pt-PT\",\"potentialAction\":[{\"@type\":\"ReadAction\",\"target\":[\"https:\/\/www.csj-emballages.com\/pt-pt\/produit\/50-tabuleiros-de-aluminio-descartaveis-com-tampas-separadas-selaveis-2100ml\/\"]}]},{\"@type\":\"ImageObject\",\"inLanguage\":\"pt-PT\",\"@id\":\"https:\/\/www.csj-emballages.com\/pt-pt\/produit\/50-tabuleiros-de-aluminio-descartaveis-com-tampas-separadas-selaveis-2100ml\/#primaryimage\",\"url\":\"https:\/\/www.csj-emballages.com\/wp-content\/uploads\/2024\/03\/BO-2200.webp\",\"contentUrl\":\"https:\/\/www.csj-emballages.com\/wp-content\/uploads\/2024\/03\/BO-2200.webp\",\"width\":1268,\"height\":1268,\"caption\":\"Barquette aluminium\"},{\"@type\":\"BreadcrumbList\",\"@id\":\"https:\/\/www.csj-emballages.com\/pt-pt\/produit\/50-tabuleiros-de-aluminio-descartaveis-com-tampas-separadas-selaveis-2100ml\/#breadcrumb\",\"itemListElement\":[{\"@type\":\"ListItem\",\"position\":1,\"name\":\"Acolhimento\",\"item\":\"https:\/\/www.csj-emballages.com\/pt-pt\/universo-das-embalagens-alimentares\/\"},{\"@type\":\"ListItem\",\"position\":2,\"name\":\"Shop\",\"item\":\"https:\/\/www.csj-emballages.com\/shop\/\"},{\"@type\":\"ListItem\",\"position\":3,\"name\":\"Tabuleiro de alum\u00ednio de 2100 ml com tampa separada, embalagem de 50\"}]},{\"@type\":\"WebSite\",\"@id\":\"https:\/\/www.csj-emballages.com\/pt-pt\/#website\",\"url\":\"https:\/\/www.csj-emballages.com\/pt-pt\/\",\"name\":\"CSJ Emballages\",\"description\":\"\",\"publisher\":{\"@id\":\"https:\/\/www.csj-emballages.com\/pt-pt\/#organization\"},\"potentialAction\":[{\"@type\":\"SearchAction\",\"target\":{\"@type\":\"EntryPoint\",\"urlTemplate\":\"https:\/\/www.csj-emballages.com\/pt-pt\/?s={search_term_string}\"},\"query-input\":{\"@type\":\"PropertyValueSpecification\",\"valueRequired\":true,\"valueName\":\"search_term_string\"}}],\"inLanguage\":\"pt-PT\"},{\"@type\":\"Organization\",\"@id\":\"https:\/\/www.csj-emballages.com\/pt-pt\/#Organization\/\",\"name\":\"CSJ Emballages\",\"url\":\"https:\/\/www.csj-emballages.com\/pt-pt\/\",\"logo\":{\"@type\":\"ImageObject\",\"inLanguage\":\"pt-PT\",\"@id\":\"https:\/\/www.csj-emballages.com\/pt-pt\/#\/schema\/logo\/image\/\",\"url\":\"https:\/\/www.csj-emballages.com\/wp-content\/uploads\/2023\/10\/logo_csj.webp\",\"contentUrl\":\"https:\/\/www.csj-emballages.com\/wp-content\/uploads\/2023\/10\/logo_csj.webp\",\"width\":250,\"height\":95,\"caption\":\"CSJ Emballages\"},\"image\":{\"@id\":\"https:\/\/www.csj-emballages.com\/pt-pt\/#\/schema\/logo\/image\/\"},\"sameAs\":[\"https:\/\/www.facebook.com\/csjemballages\"],\"address\":{\"@type\":\"PostalAddress\",\"streetAddress\":\"ZI La Lechere\",\"addressLocality\":\"Patornay\",\"postalCode\":\"39130\",\"addressCountry\":\"FR\"},\"contactPoint\":[{\"@type\":\"ContactPoint\",\"contactType\":\"Service client\",\"telephone\":\"0384254272\",\"email\":\"contact@csj-emballages.com\"}]}]}<\/script>\n<!-- \/ Yoast SEO Premium plugin. -->","yoast_head_json":{"title":"Tabuleiro de alum\u00ednio de 2100 ml com tampa separada, sel\u00e1vel","description":"Recipiente de alum\u00ednio 2100 ml com tampa separada, sel\u00e1vel para uma selagem herm\u00e9tica. Ideal para catering e restaurantes. Embalagem de 50.","robots":{"index":"index","follow":"follow","max-snippet":"max-snippet:-1","max-image-preview":"max-image-preview:large","max-video-preview":"max-video-preview:-1"},"canonical":"https:\/\/www.csj-emballages.com\/pt-pt\/produit\/50-tabuleiros-de-aluminio-descartaveis-com-tampas-separadas-selaveis-2100ml\/","og_locale":"pt_PT","og_type":"article","og_title":"Tabuleiro de alum\u00ednio de 2100 ml com tampa separada, embalagem de 50","og_description":"Recipiente de alum\u00ednio 2100 ml com tampa separada, sel\u00e1vel para uma selagem herm\u00e9tica. Ideal para catering e restaurantes. Embalagem de 50.","og_url":"https:\/\/www.csj-emballages.com\/pt-pt\/produit\/50-tabuleiros-de-aluminio-descartaveis-com-tampas-separadas-selaveis-2100ml\/","og_site_name":"CSJ Emballages","article_publisher":"https:\/\/www.facebook.com\/csjemballages","article_modified_time":"2026-04-16T00:11:17+00:00","og_image":[{"width":1268,"height":1268,"url":"https:\/\/www.csj-emballages.com\/wp-content\/uploads\/2024\/03\/BO-2200.webp","type":"image\/webp"}],"twitter_card":"summary_large_image","twitter_misc":{"Tempo estimado de leitura":"1 minuto"},"schema":{"@context":"https:\/\/schema.org","@graph":[{"@type":"WebPage","@id":"https:\/\/www.csj-emballages.com\/pt-pt\/produit\/50-tabuleiros-de-aluminio-descartaveis-com-tampas-separadas-selaveis-2100ml\/","url":"https:\/\/www.csj-emballages.com\/pt-pt\/produit\/50-tabuleiros-de-aluminio-descartaveis-com-tampas-separadas-selaveis-2100ml\/","name":"Tabuleiro de alum\u00ednio de 2100 ml com tampa separada, sel\u00e1vel","isPartOf":{"@id":"https:\/\/www.csj-emballages.com\/pt-pt\/#website"},"primaryImageOfPage":{"@id":"https:\/\/www.csj-emballages.com\/pt-pt\/produit\/50-tabuleiros-de-aluminio-descartaveis-com-tampas-separadas-selaveis-2100ml\/#primaryimage"},"image":{"@id":"https:\/\/www.csj-emballages.com\/pt-pt\/produit\/50-tabuleiros-de-aluminio-descartaveis-com-tampas-separadas-selaveis-2100ml\/#primaryimage"},"thumbnailUrl":"https:\/\/www.csj-emballages.com\/wp-content\/uploads\/2024\/03\/BO-2200.webp","datePublished":"2024-03-01T15:57:12+00:00","dateModified":"2026-04-16T00:11:17+00:00","description":"Recipiente de alum\u00ednio 2100 ml com tampa separada, sel\u00e1vel para uma selagem herm\u00e9tica. Ideal para catering e restaurantes. Embalagem de 50.","breadcrumb":{"@id":"https:\/\/www.csj-emballages.com\/pt-pt\/produit\/50-tabuleiros-de-aluminio-descartaveis-com-tampas-separadas-selaveis-2100ml\/#breadcrumb"},"inLanguage":"pt-PT","potentialAction":[{"@type":"ReadAction","target":["https:\/\/www.csj-emballages.com\/pt-pt\/produit\/50-tabuleiros-de-aluminio-descartaveis-com-tampas-separadas-selaveis-2100ml\/"]}]},{"@type":"ImageObject","inLanguage":"pt-PT","@id":"https:\/\/www.csj-emballages.com\/pt-pt\/produit\/50-tabuleiros-de-aluminio-descartaveis-com-tampas-separadas-selaveis-2100ml\/#primaryimage","url":"https:\/\/www.csj-emballages.com\/wp-content\/uploads\/2024\/03\/BO-2200.webp","contentUrl":"https:\/\/www.csj-emballages.com\/wp-content\/uploads\/2024\/03\/BO-2200.webp","width":1268,"height":1268,"caption":"Barquette aluminium"},{"@type":"BreadcrumbList","@id":"https:\/\/www.csj-emballages.com\/pt-pt\/produit\/50-tabuleiros-de-aluminio-descartaveis-com-tampas-separadas-selaveis-2100ml\/#breadcrumb","itemListElement":[{"@type":"ListItem","position":1,"name":"Acolhimento","item":"https:\/\/www.csj-emballages.com\/pt-pt\/universo-das-embalagens-alimentares\/"},{"@type":"ListItem","position":2,"name":"Shop","item":"https:\/\/www.csj-emballages.com\/shop\/"},{"@type":"ListItem","position":3,"name":"Tabuleiro de alum\u00ednio de 2100 ml com tampa separada, embalagem de 50"}]},{"@type":"WebSite","@id":"https:\/\/www.csj-emballages.com\/pt-pt\/#website","url":"https:\/\/www.csj-emballages.com\/pt-pt\/","name":"CSJ Emballages","description":"","publisher":{"@id":"https:\/\/www.csj-emballages.com\/pt-pt\/#organization"},"potentialAction":[{"@type":"SearchAction","target":{"@type":"EntryPoint","urlTemplate":"https:\/\/www.csj-emballages.com\/pt-pt\/?s={search_term_string}"},"query-input":{"@type":"PropertyValueSpecification","valueRequired":true,"valueName":"search_term_string"}}],"inLanguage":"pt-PT"},{"@type":"Organization","@id":"https:\/\/www.csj-emballages.com\/pt-pt\/#Organization\/","name":"CSJ Emballages","url":"https:\/\/www.csj-emballages.com\/pt-pt\/","logo":{"@type":"ImageObject","inLanguage":"pt-PT","@id":"https:\/\/www.csj-emballages.com\/pt-pt\/#\/schema\/logo\/image\/","url":"https:\/\/www.csj-emballages.com\/wp-content\/uploads\/2023\/10\/logo_csj.webp","contentUrl":"https:\/\/www.csj-emballages.com\/wp-content\/uploads\/2023\/10\/logo_csj.webp","width":250,"height":95,"caption":"CSJ Emballages"},"image":{"@id":"https:\/\/www.csj-emballages.com\/pt-pt\/#\/schema\/logo\/image\/"},"sameAs":["https:\/\/www.facebook.com\/csjemballages"],"address":{"@type":"PostalAddress","streetAddress":"ZI La Lechere","addressLocality":"Patornay","postalCode":"39130","addressCountry":"FR"},"contactPoint":[{"@type":"ContactPoint","contactType":"Service client","telephone":"0384254272","email":"contact@csj-emballages.com"}]}]}},"df_price":24.37,"df_sale_price":"","df_regular_price":24.37,"df_image_link":"https:\/\/www.csj-emballages.com\/wp-content\/uploads\/2024\/03\/BO-2200-300x300.webp","tiered_pricing_type":"fixed","tiered_pricing_fixed_rules":[],"tiered_pricing_percentage_rules":[],"tiered_pricing_minimum":1,"tiered_pricing_roles_data":[],"_links":{"self":[{"href":"https:\/\/www.csj-emballages.com\/pt-pt\/wp-json\/wp\/v2\/product\/19725","targetHints":{"allow":["GET"]}}],"collection":[{"href":"https:\/\/www.csj-emballages.com\/pt-pt\/wp-json\/wp\/v2\/product"}],"about":[{"href":"https:\/\/www.csj-emballages.com\/pt-pt\/wp-json\/wp\/v2\/types\/product"}],"wp:featuredmedia":[{"embeddable":true,"href":"https:\/\/www.csj-emballages.com\/pt-pt\/wp-json\/wp\/v2\/media\/227947"}],"wp:attachment":[{"href":"https:\/\/www.csj-emballages.com\/pt-pt\/wp-json\/wp\/v2\/media?parent=19725"}],"wp:term":[{"taxonomy":"product_brand","embeddable":true,"href":"https:\/\/www.csj-emballages.com\/pt-pt\/wp-json\/wp\/v2\/product_brand?post=19725"},{"taxonomy":"product_cat","embeddable":true,"href":"https:\/\/www.csj-emballages.com\/pt-pt\/wp-json\/wp\/v2\/product_cat?post=19725"},{"taxonomy":"product_tag","embeddable":true,"href":"https:\/\/www.csj-emballages.com\/pt-pt\/wp-json\/wp\/v2\/product_tag?post=19725"}],"curies":[{"name":"wp","href":"https:\/\/api.w.org\/{rel}","templated":true}]}}