{"id":19692,"date":"2024-03-01T16:57:11","date_gmt":"2024-03-01T15:57:11","guid":{"rendered":"https:\/\/u15jnbdpoq.preview.infomaniak.website\/produit\/bobina-bolduc-azalea-violeta-duo-listel-100m-x-125mm\/"},"modified":"2026-02-04T02:11:21","modified_gmt":"2026-02-04T01:11:21","slug":"bobina-bolduc-azalea-violeta-duo-listel-100m-x-125mm","status":"publish","type":"product","link":"https:\/\/www.csj-emballages.com\/pt-pt\/produit\/bobina-bolduc-azalea-violeta-duo-listel-100m-x-125mm\/","title":{"rendered":"Bolduc rosa \/ roxo &#8220;Duo Listel&#8221; 100m x 12,5mm"},"content":{"rendered":"<h2>Bolduche cor-de-rosa \/ roxo<\/h2>\n<hr>\n<h3>Descri\u00e7\u00e3o do nosso bolduche rosa \/ roxo &#8220;Duo Listel&#8221; 100m x 12,5mm<\/h3>\n<p><!--more--><\/p>\n<p data-start=\"100\" data-end=\"580\">Acrescente um toque de eleg\u00e2ncia cintilante \u00e0s suas embalagens com o <strong data-start=\"170\" data-end=\"221\">bolduche rosa\/p\u00farpura &#8220;Duo Listel&#8221;, 100 m x 12,5 mm<\/strong>. Esta <strong data-start=\"226\" data-end=\"245\">fita decorativa<\/strong> cativa pelo jogo subtil de <strong data-start=\"275\" data-end=\"308\">duas cores complementares<\/strong>, combinando um <strong data-start=\"320\" data-end=\"333\">rosa doce<\/strong> e um <strong data-start=\"340\" data-end=\"358\">roxo profundo<\/strong> que chamam imediatamente a aten\u00e7\u00e3o. Ideal para <strong data-start=\"408\" data-end=\"443\">real\u00e7ar o seu embrulho<\/strong>, \u00e9 perfeita para todas as ocasi\u00f5es: anivers\u00e1rios, casamentos, festas de fim de ano ou apresenta\u00e7\u00f5es de produtos topo de gama.  <\/p>\n<p data-start=\"582\" data-end=\"1104\">Este <strong>bolduche cor-de-rosa e roxo<\/strong> acrescenta um brilho sofisticado que capta a luz e cria um efeito &#8220;uau&#8221; em cada embalagem. A sua <strong data-start=\"724\" data-end=\"746\">largura de 12,5 mm<\/strong> oferece o equil\u00edbrio perfeito entre espessura e visibilidade, enquanto o seu <strong data-start=\"817\" data-end=\"848\">comprimento generoso de 100 m<\/strong> permite-lhe criar um grande n\u00famero de embalagens sem se preocupar com a falta de <strong>fita<\/strong>. Do mesmo modo, o seu material flex\u00edvel, mas forte, facilita a cria\u00e7\u00e3o de la\u00e7os <strong data-start=\"999\" data-end=\"1017\">elegantes<\/strong>, la\u00e7os originais ou tor\u00e7\u00f5es decorativas, assegurando simultaneamente uma boa fixa\u00e7\u00e3o.  <\/p>\n<p data-start=\"1106\" data-end=\"1493\">Ao optar por esta <strong data-start=\"1124\" data-end=\"1149\">fita bolduc de duas cores<\/strong>, n\u00e3o s\u00f3 poupa tempo, como tamb\u00e9m estilo: uma \u00fanica <strong>fita<\/strong> \u00e9 tudo o que precisa para dar relevo e um acabamento profissional \u00e0s suas apresenta\u00e7\u00f5es. Quer seja <strong data-start=\"1315\" data-end=\"1329\">lojista<\/strong>, pasteleiro, florista ou simplesmente um apaixonado por passatempos, esta <strong>fita cor-de-rosa e roxa<\/strong> tornar-se-\u00e1 rapidamente um acess\u00f3rio indispens\u00e1vel. <\/p>\n<p data-start=\"1495\" data-end=\"1793\">Em suma, o <strong data-start=\"1509\" data-end=\"1544\">bolduche &#8220;Duo Listel&#8221; rosa\/p\u00farpura<\/strong> \u00e9 muito mais do que uma simples fita: \u00e9 um <strong data-start=\"1589\" data-end=\"1616\">pormenor chique e moderno<\/strong>. Deixe a sua criatividade brilhar e d\u00ea a cada embalagem aquele pequeno extra que faz toda a diferen\u00e7a. <\/p>\n<p data-start=\"1495\" data-end=\"1793\">\n<p><!--more--><\/p>\n<h4><strong>Vantagens :<\/strong><\/h4>\n<ul>\n<li><strong data-start=\"2018\" data-end=\"2036\">Dupla<\/strong> cor-de-rosa e p\u00farpura para um efeito visual \u00fanico.<\/li>\n<li><strong data-start=\"2085\" data-end=\"2107\">Um acabamento brilhante<\/strong> que capta a luz e chama a aten\u00e7\u00e3o.<\/li>\n<li><strong data-start=\"2150\" data-end=\"2171\">100 m de comprimento<\/strong> para uma vasta gama de embalagens.<\/li>\n<li><strong data-start=\"2205\" data-end=\"2224\">12,5 mm de largura<\/strong>, ideal para la\u00e7os e decora\u00e7\u00f5es diversas.<\/li>\n<li>Material <strong data-start=\"2279\" data-end=\"2303\">flex\u00edvel e resistente<\/strong>, f\u00e1cil de manusear.<\/li>\n<\/ul>\n<p>&nbsp;<\/p>\n<p><!--more--><\/p>\n<h4>Outras informa\u00e7\u00f5es :<\/h4>\n<ul>\n<li><strong>Embalagem<\/strong>: Por unidade<\/li>\n<li><strong>Dimens\u00f5es<\/strong>: 100m x 12,5mm<\/li>\n<li><strong>Cor<\/strong>: Rosa \/ Violeta<\/li>\n<li><strong>Material<\/strong>: Polipropileno<\/li>\n<\/ul>\n<p>&nbsp;<\/p>\n<p>&nbsp;<\/p>\n<p><!--more--><\/p>\n<p><a href=\"\/?product_cat=bobines-bolduc-duo-listel\">Ver o resto da nossa gama de bolducs &#8220;Duo Listel<\/a><\/p>\n","protected":false},"excerpt":{"rendered":"<p>Bolduche cor-de-rosa \/ roxo Descri\u00e7\u00e3o do nosso bolduche rosa \/ roxo &#8220;Duo Listel&#8221; 100m x 12,5mm<\/p>\n","protected":false},"featured_media":244022,"template":"","meta":{"_acf_changed":false},"product_brand":[],"product_cat":[1141,1177,1796,1809,2175,1482,1805,2126,2184],"product_tag":[],"class_list":{"0":"post-19692","1":"product","2":"type-product","3":"status-publish","4":"has-post-thumbnail","6":"product_cat-embalagem-de-alimentos","7":"product_cat-padaria-e-pastelaria","8":"product_cat-acessorios-decorativos","9":"product_cat-carreteis-bolduc","10":"product_cat-carreteis-duo-listel-bolduc","11":"product_cat-loja-e-armazem","12":"product_cat-acessorios-decorativos-pt-pt","13":"product_cat-carreteis-bolduc-pt-pt","14":"product_cat-carreteis-duo-listel-bolduc-pt-pt","16":"first","17":"outofstock","18":"taxable","19":"shipping-taxable","20":"purchasable","21":"product-type-simple"},"acf":[],"yoast_head":"<!-- This site is optimized with the Yoast SEO Premium plugin v26.6 (Yoast SEO v26.6) - https:\/\/yoast.com\/wordpress\/plugins\/seo\/ -->\n<title>Bolduc Rosa \/ Roxo &quot;Duo Listel&quot; 100m x 12,5mm<\/title>\n<meta name=\"description\" content=\"Duo Listel&quot; bolduc rosa\/roxo 100 m x 12,5 mm: fita com lantejoulas de dois tons ideal para embrulhos elegantes e brilhantes.\" \/>\n<meta name=\"robots\" content=\"index, follow, max-snippet:-1, max-image-preview:large, max-video-preview:-1\" \/>\n<link rel=\"canonical\" href=\"https:\/\/www.csj-emballages.com\/pt-pt\/produit\/bobina-bolduc-azalea-violeta-duo-listel-100m-x-125mm\/\" \/>\n<meta property=\"og:locale\" content=\"pt_PT\" \/>\n<meta property=\"og:type\" content=\"article\" \/>\n<meta property=\"og:title\" content=\"Bolduc rosa \/ roxo &quot;Duo Listel&quot; 100m x 12,5mm\" \/>\n<meta property=\"og:description\" content=\"Duo Listel&quot; bolduc rosa\/roxo 100 m x 12,5 mm: fita com lantejoulas de dois tons ideal para embrulhos elegantes e brilhantes.\" \/>\n<meta property=\"og:url\" content=\"https:\/\/www.csj-emballages.com\/pt-pt\/produit\/bobina-bolduc-azalea-violeta-duo-listel-100m-x-125mm\/\" \/>\n<meta property=\"og:site_name\" content=\"CSJ Emballages\" \/>\n<meta property=\"article:publisher\" content=\"https:\/\/www.facebook.com\/csjemballages\" \/>\n<meta property=\"article:modified_time\" content=\"2026-02-04T01:11:21+00:00\" \/>\n<meta property=\"og:image\" content=\"https:\/\/www.csj-emballages.com\/wp-content\/uploads\/2024\/03\/BOBDUOLISTELD10.webp\" \/>\n\t<meta property=\"og:image:width\" content=\"800\" \/>\n\t<meta property=\"og:image:height\" content=\"800\" \/>\n\t<meta property=\"og:image:type\" content=\"image\/webp\" \/>\n<meta name=\"twitter:card\" content=\"summary_large_image\" \/>\n<meta name=\"twitter:label1\" content=\"Tempo estimado de leitura\" \/>\n\t<meta name=\"twitter:data1\" content=\"2 minutos\" \/>\n<script type=\"application\/ld+json\" class=\"yoast-schema-graph\">{\"@context\":\"https:\/\/schema.org\",\"@graph\":[{\"@type\":\"WebPage\",\"@id\":\"https:\/\/www.csj-emballages.com\/pt-pt\/produit\/bobina-bolduc-azalea-violeta-duo-listel-100m-x-125mm\/\",\"url\":\"https:\/\/www.csj-emballages.com\/pt-pt\/produit\/bobina-bolduc-azalea-violeta-duo-listel-100m-x-125mm\/\",\"name\":\"Bolduc Rosa \/ Roxo \\\"Duo Listel\\\" 100m x 12,5mm\",\"isPartOf\":{\"@id\":\"https:\/\/www.csj-emballages.com\/pt-pt\/#website\"},\"primaryImageOfPage\":{\"@id\":\"https:\/\/www.csj-emballages.com\/pt-pt\/produit\/bobina-bolduc-azalea-violeta-duo-listel-100m-x-125mm\/#primaryimage\"},\"image\":{\"@id\":\"https:\/\/www.csj-emballages.com\/pt-pt\/produit\/bobina-bolduc-azalea-violeta-duo-listel-100m-x-125mm\/#primaryimage\"},\"thumbnailUrl\":\"https:\/\/www.csj-emballages.com\/wp-content\/uploads\/2024\/03\/BOBDUOLISTELD10.webp\",\"datePublished\":\"2024-03-01T15:57:11+00:00\",\"dateModified\":\"2026-02-04T01:11:21+00:00\",\"description\":\"Duo Listel\\\" bolduc rosa\/roxo 100 m x 12,5 mm: fita com lantejoulas de dois tons ideal para embrulhos elegantes e brilhantes.\",\"breadcrumb\":{\"@id\":\"https:\/\/www.csj-emballages.com\/pt-pt\/produit\/bobina-bolduc-azalea-violeta-duo-listel-100m-x-125mm\/#breadcrumb\"},\"inLanguage\":\"pt-PT\",\"potentialAction\":[{\"@type\":\"ReadAction\",\"target\":[\"https:\/\/www.csj-emballages.com\/pt-pt\/produit\/bobina-bolduc-azalea-violeta-duo-listel-100m-x-125mm\/\"]}]},{\"@type\":\"ImageObject\",\"inLanguage\":\"pt-PT\",\"@id\":\"https:\/\/www.csj-emballages.com\/pt-pt\/produit\/bobina-bolduc-azalea-violeta-duo-listel-100m-x-125mm\/#primaryimage\",\"url\":\"https:\/\/www.csj-emballages.com\/wp-content\/uploads\/2024\/03\/BOBDUOLISTELD10.webp\",\"contentUrl\":\"https:\/\/www.csj-emballages.com\/wp-content\/uploads\/2024\/03\/BOBDUOLISTELD10.webp\",\"width\":800,\"height\":800,\"caption\":\"Bolduc rose\"},{\"@type\":\"BreadcrumbList\",\"@id\":\"https:\/\/www.csj-emballages.com\/pt-pt\/produit\/bobina-bolduc-azalea-violeta-duo-listel-100m-x-125mm\/#breadcrumb\",\"itemListElement\":[{\"@type\":\"ListItem\",\"position\":1,\"name\":\"Acolhimento\",\"item\":\"https:\/\/www.csj-emballages.com\/pt-pt\/universo-das-embalagens-alimentares\/\"},{\"@type\":\"ListItem\",\"position\":2,\"name\":\"Shop\",\"item\":\"https:\/\/www.csj-emballages.com\/shop\/\"},{\"@type\":\"ListItem\",\"position\":3,\"name\":\"Bolduc rosa \/ roxo \u00ab\u00a0Duo Listel\u00a0\u00bb 100m x 12,5mm\"}]},{\"@type\":\"WebSite\",\"@id\":\"https:\/\/www.csj-emballages.com\/pt-pt\/#website\",\"url\":\"https:\/\/www.csj-emballages.com\/pt-pt\/\",\"name\":\"CSJ Emballages\",\"description\":\"\",\"publisher\":{\"@id\":\"https:\/\/www.csj-emballages.com\/pt-pt\/#organization\"},\"potentialAction\":[{\"@type\":\"SearchAction\",\"target\":{\"@type\":\"EntryPoint\",\"urlTemplate\":\"https:\/\/www.csj-emballages.com\/pt-pt\/?s={search_term_string}\"},\"query-input\":{\"@type\":\"PropertyValueSpecification\",\"valueRequired\":true,\"valueName\":\"search_term_string\"}}],\"inLanguage\":\"pt-PT\"},{\"@type\":\"Organization\",\"@id\":\"https:\/\/www.csj-emballages.com\/pt-pt\/#Organization\/\",\"name\":\"CSJ Emballages\",\"url\":\"https:\/\/www.csj-emballages.com\/pt-pt\/\",\"logo\":{\"@type\":\"ImageObject\",\"inLanguage\":\"pt-PT\",\"@id\":\"https:\/\/www.csj-emballages.com\/pt-pt\/#\/schema\/logo\/image\/\",\"url\":\"https:\/\/www.csj-emballages.com\/wp-content\/uploads\/2023\/10\/logo_csj.webp\",\"contentUrl\":\"https:\/\/www.csj-emballages.com\/wp-content\/uploads\/2023\/10\/logo_csj.webp\",\"width\":250,\"height\":95,\"caption\":\"CSJ Emballages\"},\"image\":{\"@id\":\"https:\/\/www.csj-emballages.com\/pt-pt\/#\/schema\/logo\/image\/\"},\"sameAs\":[\"https:\/\/www.facebook.com\/csjemballages\"],\"address\":{\"@type\":\"PostalAddress\",\"streetAddress\":\"ZI La Lechere\",\"addressLocality\":\"Patornay\",\"postalCode\":\"39130\",\"addressCountry\":\"FR\"},\"contactPoint\":[{\"@type\":\"ContactPoint\",\"contactType\":\"Service client\",\"telephone\":\"0384254272\",\"email\":\"contact@csj-emballages.com\"}]}]}<\/script>\n<!-- \/ Yoast SEO Premium plugin. -->","yoast_head_json":{"title":"Bolduc Rosa \/ Roxo \"Duo Listel\" 100m x 12,5mm","description":"Duo Listel\" bolduc rosa\/roxo 100 m x 12,5 mm: fita com lantejoulas de dois tons ideal para embrulhos elegantes e brilhantes.","robots":{"index":"index","follow":"follow","max-snippet":"max-snippet:-1","max-image-preview":"max-image-preview:large","max-video-preview":"max-video-preview:-1"},"canonical":"https:\/\/www.csj-emballages.com\/pt-pt\/produit\/bobina-bolduc-azalea-violeta-duo-listel-100m-x-125mm\/","og_locale":"pt_PT","og_type":"article","og_title":"Bolduc rosa \/ roxo \"Duo Listel\" 100m x 12,5mm","og_description":"Duo Listel\" bolduc rosa\/roxo 100 m x 12,5 mm: fita com lantejoulas de dois tons ideal para embrulhos elegantes e brilhantes.","og_url":"https:\/\/www.csj-emballages.com\/pt-pt\/produit\/bobina-bolduc-azalea-violeta-duo-listel-100m-x-125mm\/","og_site_name":"CSJ Emballages","article_publisher":"https:\/\/www.facebook.com\/csjemballages","article_modified_time":"2026-02-04T01:11:21+00:00","og_image":[{"width":800,"height":800,"url":"https:\/\/www.csj-emballages.com\/wp-content\/uploads\/2024\/03\/BOBDUOLISTELD10.webp","type":"image\/webp"}],"twitter_card":"summary_large_image","twitter_misc":{"Tempo estimado de leitura":"2 minutos"},"schema":{"@context":"https:\/\/schema.org","@graph":[{"@type":"WebPage","@id":"https:\/\/www.csj-emballages.com\/pt-pt\/produit\/bobina-bolduc-azalea-violeta-duo-listel-100m-x-125mm\/","url":"https:\/\/www.csj-emballages.com\/pt-pt\/produit\/bobina-bolduc-azalea-violeta-duo-listel-100m-x-125mm\/","name":"Bolduc Rosa \/ Roxo \"Duo Listel\" 100m x 12,5mm","isPartOf":{"@id":"https:\/\/www.csj-emballages.com\/pt-pt\/#website"},"primaryImageOfPage":{"@id":"https:\/\/www.csj-emballages.com\/pt-pt\/produit\/bobina-bolduc-azalea-violeta-duo-listel-100m-x-125mm\/#primaryimage"},"image":{"@id":"https:\/\/www.csj-emballages.com\/pt-pt\/produit\/bobina-bolduc-azalea-violeta-duo-listel-100m-x-125mm\/#primaryimage"},"thumbnailUrl":"https:\/\/www.csj-emballages.com\/wp-content\/uploads\/2024\/03\/BOBDUOLISTELD10.webp","datePublished":"2024-03-01T15:57:11+00:00","dateModified":"2026-02-04T01:11:21+00:00","description":"Duo Listel\" bolduc rosa\/roxo 100 m x 12,5 mm: fita com lantejoulas de dois tons ideal para embrulhos elegantes e brilhantes.","breadcrumb":{"@id":"https:\/\/www.csj-emballages.com\/pt-pt\/produit\/bobina-bolduc-azalea-violeta-duo-listel-100m-x-125mm\/#breadcrumb"},"inLanguage":"pt-PT","potentialAction":[{"@type":"ReadAction","target":["https:\/\/www.csj-emballages.com\/pt-pt\/produit\/bobina-bolduc-azalea-violeta-duo-listel-100m-x-125mm\/"]}]},{"@type":"ImageObject","inLanguage":"pt-PT","@id":"https:\/\/www.csj-emballages.com\/pt-pt\/produit\/bobina-bolduc-azalea-violeta-duo-listel-100m-x-125mm\/#primaryimage","url":"https:\/\/www.csj-emballages.com\/wp-content\/uploads\/2024\/03\/BOBDUOLISTELD10.webp","contentUrl":"https:\/\/www.csj-emballages.com\/wp-content\/uploads\/2024\/03\/BOBDUOLISTELD10.webp","width":800,"height":800,"caption":"Bolduc rose"},{"@type":"BreadcrumbList","@id":"https:\/\/www.csj-emballages.com\/pt-pt\/produit\/bobina-bolduc-azalea-violeta-duo-listel-100m-x-125mm\/#breadcrumb","itemListElement":[{"@type":"ListItem","position":1,"name":"Acolhimento","item":"https:\/\/www.csj-emballages.com\/pt-pt\/universo-das-embalagens-alimentares\/"},{"@type":"ListItem","position":2,"name":"Shop","item":"https:\/\/www.csj-emballages.com\/shop\/"},{"@type":"ListItem","position":3,"name":"Bolduc rosa \/ roxo \u00ab\u00a0Duo Listel\u00a0\u00bb 100m x 12,5mm"}]},{"@type":"WebSite","@id":"https:\/\/www.csj-emballages.com\/pt-pt\/#website","url":"https:\/\/www.csj-emballages.com\/pt-pt\/","name":"CSJ Emballages","description":"","publisher":{"@id":"https:\/\/www.csj-emballages.com\/pt-pt\/#organization"},"potentialAction":[{"@type":"SearchAction","target":{"@type":"EntryPoint","urlTemplate":"https:\/\/www.csj-emballages.com\/pt-pt\/?s={search_term_string}"},"query-input":{"@type":"PropertyValueSpecification","valueRequired":true,"valueName":"search_term_string"}}],"inLanguage":"pt-PT"},{"@type":"Organization","@id":"https:\/\/www.csj-emballages.com\/pt-pt\/#Organization\/","name":"CSJ Emballages","url":"https:\/\/www.csj-emballages.com\/pt-pt\/","logo":{"@type":"ImageObject","inLanguage":"pt-PT","@id":"https:\/\/www.csj-emballages.com\/pt-pt\/#\/schema\/logo\/image\/","url":"https:\/\/www.csj-emballages.com\/wp-content\/uploads\/2023\/10\/logo_csj.webp","contentUrl":"https:\/\/www.csj-emballages.com\/wp-content\/uploads\/2023\/10\/logo_csj.webp","width":250,"height":95,"caption":"CSJ Emballages"},"image":{"@id":"https:\/\/www.csj-emballages.com\/pt-pt\/#\/schema\/logo\/image\/"},"sameAs":["https:\/\/www.facebook.com\/csjemballages"],"address":{"@type":"PostalAddress","streetAddress":"ZI La Lechere","addressLocality":"Patornay","postalCode":"39130","addressCountry":"FR"},"contactPoint":[{"@type":"ContactPoint","contactType":"Service client","telephone":"0384254272","email":"contact@csj-emballages.com"}]}]}},"df_price":5.89,"df_sale_price":"","df_regular_price":5.89,"df_image_link":"https:\/\/www.csj-emballages.com\/wp-content\/uploads\/2024\/03\/BOBDUOLISTELD10-300x300.webp","tiered_pricing_type":"fixed","tiered_pricing_fixed_rules":[],"tiered_pricing_percentage_rules":[],"tiered_pricing_minimum":1,"tiered_pricing_roles_data":[],"_links":{"self":[{"href":"https:\/\/www.csj-emballages.com\/pt-pt\/wp-json\/wp\/v2\/product\/19692","targetHints":{"allow":["GET"]}}],"collection":[{"href":"https:\/\/www.csj-emballages.com\/pt-pt\/wp-json\/wp\/v2\/product"}],"about":[{"href":"https:\/\/www.csj-emballages.com\/pt-pt\/wp-json\/wp\/v2\/types\/product"}],"wp:featuredmedia":[{"embeddable":true,"href":"https:\/\/www.csj-emballages.com\/pt-pt\/wp-json\/wp\/v2\/media\/244022"}],"wp:attachment":[{"href":"https:\/\/www.csj-emballages.com\/pt-pt\/wp-json\/wp\/v2\/media?parent=19692"}],"wp:term":[{"taxonomy":"product_brand","embeddable":true,"href":"https:\/\/www.csj-emballages.com\/pt-pt\/wp-json\/wp\/v2\/product_brand?post=19692"},{"taxonomy":"product_cat","embeddable":true,"href":"https:\/\/www.csj-emballages.com\/pt-pt\/wp-json\/wp\/v2\/product_cat?post=19692"},{"taxonomy":"product_tag","embeddable":true,"href":"https:\/\/www.csj-emballages.com\/pt-pt\/wp-json\/wp\/v2\/product_tag?post=19692"}],"curies":[{"name":"wp","href":"https:\/\/api.w.org\/{rel}","templated":true}]}}