{"id":19688,"date":"2024-03-01T16:57:13","date_gmt":"2024-03-01T15:57:13","guid":{"rendered":"https:\/\/u15jnbdpoq.preview.infomaniak.website\/produit\/caixa-de-cartao-preta-para-25-macarons\/"},"modified":"2026-03-12T16:12:47","modified_gmt":"2026-03-12T15:12:47","slug":"caixa-de-cartao-preta-para-25-macarons","status":"publish","type":"product","link":"https:\/\/www.csj-emballages.com\/pt-pt\/produit\/caixa-de-cartao-preta-para-25-macarons\/","title":{"rendered":"Caixa de macarons preta para 25 macarons"},"content":{"rendered":"<h2>Caixa de macarons<\/h2>\n<hr>\n<h3>Descri\u00e7\u00e3o da nossa caixa de macarons preta para 25 macarons<\/h3>\n<p><!--more--><\/p>\n<p data-start=\"79\" data-end=\"480\">Descubra a nossa <strong data-start=\"95\" data-end=\"143\">caixa preta para 25 macarons<\/strong>, a embalagem indispens\u00e1vel para as suas cria\u00e7\u00f5es doces. Elegante e robusta, esta <g id=\"gid_1\">caixa com janela<\/g> foi especialmente concebida para os pasteleiros, chocolatiers e fornecedores de refei\u00e7\u00f5es que desejam combinar est\u00e9tica e praticidade. A sua <g id=\"gid_2\">cor preta<\/g> confere um toque de requinte e real\u00e7a o brilho e as tonalidades coloridas dos seus macarons. Fabricado em <g id=\"gid_3\">cart\u00e3o r\u00edgido de qualidade alimentar<\/g>, garante uma excelente prote\u00e7\u00e3o durante o transporte e a conserva\u00e7\u00e3o. Os seus macarons permanecem intactos, protegidos da humidade e dos choques exteriores. O seu design meticuloso acomoda <strong data-start=\"738\" data-end=\"753\">25 macarons<\/strong> perfeitamente alinhados para uma apresenta\u00e7\u00e3o impec\u00e1vel em eventos, vendas em loja ou como presentes gourmet.     <\/p>\n<p data-start=\"878\" data-end=\"1091\">F\u00e1cil de manusear, esta <strong data-start=\"904\" data-end=\"923\">caixa de cart\u00e3o<\/strong> \u00e9 tamb\u00e9m amiga do ambiente, uma vez que pode ser reciclada ap\u00f3s a sua utiliza\u00e7\u00e3o. Combina as exig\u00eancias dos profissionais com uma abordagem respons\u00e1vel. <\/p>\n<p data-start=\"1093\" data-end=\"1421\">Ideal para festas, casamentos, anivers\u00e1rios ou para uma simples degusta\u00e7\u00e3o requintada, a <strong data-start=\"1184\" data-end=\"1232\">caixa de cart\u00e3o preta para 25 macarons<\/strong> est\u00e1 a tornar-se rapidamente uma parte essencial da sua gama de embalagens. Ela reflecte o cuidado que tem com as suas cria\u00e7\u00f5es artesanais e tranquiliza os seus clientes quanto \u00e0 qualidade dos seus produtos. <\/p>\n<p data-start=\"1423\" data-end=\"1694\">Optar por esta <strong>caixa de macarons<\/strong> significa escolher uma apresenta\u00e7\u00e3o s\u00f3bria e chique, garantindo ao mesmo tempo a seguran\u00e7a e a frescura dos seus doces. Permite-lhe oferecer uma experi\u00eancia gustativa completa, em que a embalagem se torna a extens\u00e3o natural do seu saber-fazer. <\/p>\n<p data-start=\"1423\" data-end=\"1694\"><!--more--><\/p>\n<h4 data-start=\"1423\" data-end=\"1694\">Vantagens :<\/h4>\n<ul>\n<li data-start=\"1423\" data-end=\"1694\">Acabamento elegante em <strong data-start=\"1932\" data-end=\"1941\">preto<\/strong> para real\u00e7ar os seus macarons.<\/li>\n<li data-start=\"1423\" data-end=\"1694\">Tamanho ideal: <strong data-start=\"1998\" data-end=\"2013\">25 macarons.<\/strong><\/li>\n<li data-start=\"1423\" data-end=\"1694\"><strong data-start=\"2018\" data-end=\"2035\">Cart\u00e3o resistente<\/strong>, de qualidade alimentar.<\/li>\n<li data-start=\"1423\" data-end=\"1694\">Embalagem <strong data-start=\"2141\" data-end=\"2155\">recicl\u00e1vel<\/strong> e amiga do ambiente.<\/li>\n<li data-start=\"1423\" data-end=\"1694\">Apresenta\u00e7\u00e3o profissional para lojas, eventos ou presentes.<\/li>\n<\/ul>\n<p>&nbsp;<\/p>\n<p><!--more--><\/p>\n<h4>Outras informa\u00e7\u00f5es :<\/h4>\n<ul style=\"box-sizing: inherit; font-family: Roboto, sans-serif;\">\n<li><strong>Embalagem<\/strong>: Vendido individualmente<\/li>\n<li><span style=\"font-weight: bold;\">Dimens\u00f5es<\/span>: 220 x 147 x 55 (C x L x A em mm)<\/li>\n<li><strong>Material<\/strong>: Cart\u00e3o + PET<\/li>\n<li><strong>Cor<\/strong>: preto<\/li>\n<li><strong>Capacidade<\/strong>: 25 macarons<\/li>\n<li><strong>Op\u00e7\u00e3o<\/strong>: Caixa concebida com uma janela<\/li>\n<\/ul>\n<p>&nbsp;<\/p>\n<p><!--more--><\/p>\n<p>Dispon\u00edvel em v\u00e1rias cores: <span style=\"color: #d12727;\"><br \/>\n  <a style=\"color: #d12727;\" href=\"https:\/\/www.csj-emballages.com\/produit\/boites-oranges-pour-25-macarons-en-carton\/\">laranja<\/a><br \/>\n<\/span> \/ <span style=\"color: #d12727;\"><a style=\"color: #d12727;\" href=\"https:\/\/www.csj-emballages.com\/produit\/boites-vertes-pour-25-macarons-en-carton\/\">verde<\/a> <\/span>\/ <span style=\"color: #d12727;\"><br \/>\n  <a style=\"color: #d12727;\" href=\"https:\/\/www.csj-emballages.com\/produit\/boites-roses-pour-25-macarons-en-carton\/\">cor-de-rosa<\/a><br \/>\n<\/span><\/p>\n<p>&nbsp;<\/p>\n<p><!--more--><\/p>\n<p>Aqui encontra os nossos dois tipos de inser\u00e7\u00f5es de macarr\u00e3o compat\u00edveis com esta caixa: <span style=\"color: #d12727;\"><br \/>\n  <a style=\"color: #d12727;\" href=\"https:\/\/www.csj-emballages.com\/produit\/50-calages-noir-plastique-25-macarons-pour-boite\/\">CALBM25NOIR<\/a><br \/>\n<\/span> (preto) \/ <span style=\"color: #d12727;\"><a style=\"color: #d12727;\" href=\"https:\/\/www.csj-emballages.com\/produit\/50-calages-transparent-plastique-25-macarons-pour-boite\/\">CALBM25TRAN<\/a> <span style=\"color: #000000;\">(Transparente)<\/span><\/span><\/p>\n<p>&nbsp;<\/p>\n<p><!--more--><\/p>\n<p><a href=\"https:\/\/www.csj-emballages.com\/pt-pt\/categorie-produit\/embalagem-de-alimentos\/padaria-e-pastelaria\/caixas-e-estojos\/caixas-estojos-para-macarons\/caixas-macarons\/caixas-de-macarrao\/\">V\u00ea o resto da nossa gama de caixas de macarons<\/a><\/p>\n","protected":false},"excerpt":{"rendered":"<p>Caixa de macarons Descri\u00e7\u00e3o da nossa caixa de macarons preta para 25 macarons<\/p>\n","protected":false},"featured_media":241890,"template":"","meta":{"_acf_changed":false},"product_brand":[],"product_cat":[1141,1177,1732,2170,2171,1178],"product_tag":[],"class_list":{"0":"post-19688","1":"product","2":"type-product","3":"status-publish","4":"has-post-thumbnail","6":"product_cat-embalagem-de-alimentos","7":"product_cat-padaria-e-pastelaria","8":"product_cat-caixas-estojos-para-macarons","9":"product_cat-caixas-macarons","10":"product_cat-caixas-de-macarrao","11":"product_cat-caixas-de-janela","13":"first","14":"instock","15":"taxable","16":"shipping-taxable","17":"purchasable","18":"product-type-simple"},"acf":[],"yoast_head":"<!-- This site is optimized with the Yoast SEO Premium plugin v26.6 (Yoast SEO v26.6) - https:\/\/yoast.com\/wordpress\/plugins\/seo\/ -->\n<title>Caixa preta para 25 macarons<\/title>\n<meta name=\"description\" content=\"Elegante caixa de cart\u00e3o preta para 25 macarons: prote\u00e7\u00e3o, apresenta\u00e7\u00e3o requintada e embalagem recicl\u00e1vel para as suas cria\u00e7\u00f5es doces.\" \/>\n<meta name=\"robots\" content=\"index, follow, max-snippet:-1, max-image-preview:large, max-video-preview:-1\" \/>\n<link rel=\"canonical\" href=\"https:\/\/www.csj-emballages.com\/pt-pt\/produit\/caixa-de-cartao-preta-para-25-macarons\/\" \/>\n<meta property=\"og:locale\" content=\"pt_PT\" \/>\n<meta property=\"og:type\" content=\"article\" \/>\n<meta property=\"og:title\" content=\"Caixa de macarons preta para 25 macarons\" \/>\n<meta property=\"og:description\" content=\"Elegante caixa de cart\u00e3o preta para 25 macarons: prote\u00e7\u00e3o, apresenta\u00e7\u00e3o requintada e embalagem recicl\u00e1vel para as suas cria\u00e7\u00f5es doces.\" \/>\n<meta property=\"og:url\" content=\"https:\/\/www.csj-emballages.com\/pt-pt\/produit\/caixa-de-cartao-preta-para-25-macarons\/\" \/>\n<meta property=\"og:site_name\" content=\"CSJ Emballages\" \/>\n<meta property=\"article:publisher\" content=\"https:\/\/www.facebook.com\/csjemballages\" \/>\n<meta property=\"article:modified_time\" content=\"2026-03-12T15:12:47+00:00\" \/>\n<meta property=\"og:image\" content=\"https:\/\/www.csj-emballages.com\/wp-content\/uploads\/2024\/03\/BM25NOIR-1.webp\" \/>\n\t<meta property=\"og:image:width\" content=\"800\" \/>\n\t<meta property=\"og:image:height\" content=\"800\" \/>\n\t<meta property=\"og:image:type\" content=\"image\/webp\" \/>\n<meta name=\"twitter:card\" content=\"summary_large_image\" \/>\n<meta name=\"twitter:label1\" content=\"Tempo estimado de leitura\" \/>\n\t<meta name=\"twitter:data1\" content=\"2 minutos\" \/>\n<script type=\"application\/ld+json\" class=\"yoast-schema-graph\">{\"@context\":\"https:\/\/schema.org\",\"@graph\":[{\"@type\":\"WebPage\",\"@id\":\"https:\/\/www.csj-emballages.com\/pt-pt\/produit\/caixa-de-cartao-preta-para-25-macarons\/\",\"url\":\"https:\/\/www.csj-emballages.com\/pt-pt\/produit\/caixa-de-cartao-preta-para-25-macarons\/\",\"name\":\"Caixa preta para 25 macarons\",\"isPartOf\":{\"@id\":\"https:\/\/www.csj-emballages.com\/pt-pt\/#website\"},\"primaryImageOfPage\":{\"@id\":\"https:\/\/www.csj-emballages.com\/pt-pt\/produit\/caixa-de-cartao-preta-para-25-macarons\/#primaryimage\"},\"image\":{\"@id\":\"https:\/\/www.csj-emballages.com\/pt-pt\/produit\/caixa-de-cartao-preta-para-25-macarons\/#primaryimage\"},\"thumbnailUrl\":\"https:\/\/www.csj-emballages.com\/wp-content\/uploads\/2024\/03\/BM25NOIR-1.webp\",\"datePublished\":\"2024-03-01T15:57:13+00:00\",\"dateModified\":\"2026-03-12T15:12:47+00:00\",\"description\":\"Elegante caixa de cart\u00e3o preta para 25 macarons: prote\u00e7\u00e3o, apresenta\u00e7\u00e3o requintada e embalagem recicl\u00e1vel para as suas cria\u00e7\u00f5es doces.\",\"breadcrumb\":{\"@id\":\"https:\/\/www.csj-emballages.com\/pt-pt\/produit\/caixa-de-cartao-preta-para-25-macarons\/#breadcrumb\"},\"inLanguage\":\"pt-PT\",\"potentialAction\":[{\"@type\":\"ReadAction\",\"target\":[\"https:\/\/www.csj-emballages.com\/pt-pt\/produit\/caixa-de-cartao-preta-para-25-macarons\/\"]}]},{\"@type\":\"ImageObject\",\"inLanguage\":\"pt-PT\",\"@id\":\"https:\/\/www.csj-emballages.com\/pt-pt\/produit\/caixa-de-cartao-preta-para-25-macarons\/#primaryimage\",\"url\":\"https:\/\/www.csj-emballages.com\/wp-content\/uploads\/2024\/03\/BM25NOIR-1.webp\",\"contentUrl\":\"https:\/\/www.csj-emballages.com\/wp-content\/uploads\/2024\/03\/BM25NOIR-1.webp\",\"width\":800,\"height\":800,\"caption\":\"Boite macarons\"},{\"@type\":\"BreadcrumbList\",\"@id\":\"https:\/\/www.csj-emballages.com\/pt-pt\/produit\/caixa-de-cartao-preta-para-25-macarons\/#breadcrumb\",\"itemListElement\":[{\"@type\":\"ListItem\",\"position\":1,\"name\":\"Acolhimento\",\"item\":\"https:\/\/www.csj-emballages.com\/pt-pt\/universo-das-embalagens-alimentares\/\"},{\"@type\":\"ListItem\",\"position\":2,\"name\":\"Shop\",\"item\":\"https:\/\/www.csj-emballages.com\/shop\/\"},{\"@type\":\"ListItem\",\"position\":3,\"name\":\"Caixa de macarons preta para 25 macarons\"}]},{\"@type\":\"WebSite\",\"@id\":\"https:\/\/www.csj-emballages.com\/pt-pt\/#website\",\"url\":\"https:\/\/www.csj-emballages.com\/pt-pt\/\",\"name\":\"CSJ Emballages\",\"description\":\"\",\"publisher\":{\"@id\":\"https:\/\/www.csj-emballages.com\/pt-pt\/#organization\"},\"potentialAction\":[{\"@type\":\"SearchAction\",\"target\":{\"@type\":\"EntryPoint\",\"urlTemplate\":\"https:\/\/www.csj-emballages.com\/pt-pt\/?s={search_term_string}\"},\"query-input\":{\"@type\":\"PropertyValueSpecification\",\"valueRequired\":true,\"valueName\":\"search_term_string\"}}],\"inLanguage\":\"pt-PT\"},{\"@type\":\"Organization\",\"@id\":\"https:\/\/www.csj-emballages.com\/pt-pt\/#Organization\/\",\"name\":\"CSJ Emballages\",\"url\":\"https:\/\/www.csj-emballages.com\/pt-pt\/\",\"logo\":{\"@type\":\"ImageObject\",\"inLanguage\":\"pt-PT\",\"@id\":\"https:\/\/www.csj-emballages.com\/pt-pt\/#\/schema\/logo\/image\/\",\"url\":\"https:\/\/www.csj-emballages.com\/wp-content\/uploads\/2023\/10\/logo_csj.webp\",\"contentUrl\":\"https:\/\/www.csj-emballages.com\/wp-content\/uploads\/2023\/10\/logo_csj.webp\",\"width\":250,\"height\":95,\"caption\":\"CSJ Emballages\"},\"image\":{\"@id\":\"https:\/\/www.csj-emballages.com\/pt-pt\/#\/schema\/logo\/image\/\"},\"sameAs\":[\"https:\/\/www.facebook.com\/csjemballages\"],\"address\":{\"@type\":\"PostalAddress\",\"streetAddress\":\"ZI La Lechere\",\"addressLocality\":\"Patornay\",\"postalCode\":\"39130\",\"addressCountry\":\"FR\"},\"contactPoint\":[{\"@type\":\"ContactPoint\",\"contactType\":\"Service client\",\"telephone\":\"0384254272\",\"email\":\"contact@csj-emballages.com\"}]}]}<\/script>\n<!-- \/ Yoast SEO Premium plugin. -->","yoast_head_json":{"title":"Caixa preta para 25 macarons","description":"Elegante caixa de cart\u00e3o preta para 25 macarons: prote\u00e7\u00e3o, apresenta\u00e7\u00e3o requintada e embalagem recicl\u00e1vel para as suas cria\u00e7\u00f5es doces.","robots":{"index":"index","follow":"follow","max-snippet":"max-snippet:-1","max-image-preview":"max-image-preview:large","max-video-preview":"max-video-preview:-1"},"canonical":"https:\/\/www.csj-emballages.com\/pt-pt\/produit\/caixa-de-cartao-preta-para-25-macarons\/","og_locale":"pt_PT","og_type":"article","og_title":"Caixa de macarons preta para 25 macarons","og_description":"Elegante caixa de cart\u00e3o preta para 25 macarons: prote\u00e7\u00e3o, apresenta\u00e7\u00e3o requintada e embalagem recicl\u00e1vel para as suas cria\u00e7\u00f5es doces.","og_url":"https:\/\/www.csj-emballages.com\/pt-pt\/produit\/caixa-de-cartao-preta-para-25-macarons\/","og_site_name":"CSJ Emballages","article_publisher":"https:\/\/www.facebook.com\/csjemballages","article_modified_time":"2026-03-12T15:12:47+00:00","og_image":[{"width":800,"height":800,"url":"https:\/\/www.csj-emballages.com\/wp-content\/uploads\/2024\/03\/BM25NOIR-1.webp","type":"image\/webp"}],"twitter_card":"summary_large_image","twitter_misc":{"Tempo estimado de leitura":"2 minutos"},"schema":{"@context":"https:\/\/schema.org","@graph":[{"@type":"WebPage","@id":"https:\/\/www.csj-emballages.com\/pt-pt\/produit\/caixa-de-cartao-preta-para-25-macarons\/","url":"https:\/\/www.csj-emballages.com\/pt-pt\/produit\/caixa-de-cartao-preta-para-25-macarons\/","name":"Caixa preta para 25 macarons","isPartOf":{"@id":"https:\/\/www.csj-emballages.com\/pt-pt\/#website"},"primaryImageOfPage":{"@id":"https:\/\/www.csj-emballages.com\/pt-pt\/produit\/caixa-de-cartao-preta-para-25-macarons\/#primaryimage"},"image":{"@id":"https:\/\/www.csj-emballages.com\/pt-pt\/produit\/caixa-de-cartao-preta-para-25-macarons\/#primaryimage"},"thumbnailUrl":"https:\/\/www.csj-emballages.com\/wp-content\/uploads\/2024\/03\/BM25NOIR-1.webp","datePublished":"2024-03-01T15:57:13+00:00","dateModified":"2026-03-12T15:12:47+00:00","description":"Elegante caixa de cart\u00e3o preta para 25 macarons: prote\u00e7\u00e3o, apresenta\u00e7\u00e3o requintada e embalagem recicl\u00e1vel para as suas cria\u00e7\u00f5es doces.","breadcrumb":{"@id":"https:\/\/www.csj-emballages.com\/pt-pt\/produit\/caixa-de-cartao-preta-para-25-macarons\/#breadcrumb"},"inLanguage":"pt-PT","potentialAction":[{"@type":"ReadAction","target":["https:\/\/www.csj-emballages.com\/pt-pt\/produit\/caixa-de-cartao-preta-para-25-macarons\/"]}]},{"@type":"ImageObject","inLanguage":"pt-PT","@id":"https:\/\/www.csj-emballages.com\/pt-pt\/produit\/caixa-de-cartao-preta-para-25-macarons\/#primaryimage","url":"https:\/\/www.csj-emballages.com\/wp-content\/uploads\/2024\/03\/BM25NOIR-1.webp","contentUrl":"https:\/\/www.csj-emballages.com\/wp-content\/uploads\/2024\/03\/BM25NOIR-1.webp","width":800,"height":800,"caption":"Boite macarons"},{"@type":"BreadcrumbList","@id":"https:\/\/www.csj-emballages.com\/pt-pt\/produit\/caixa-de-cartao-preta-para-25-macarons\/#breadcrumb","itemListElement":[{"@type":"ListItem","position":1,"name":"Acolhimento","item":"https:\/\/www.csj-emballages.com\/pt-pt\/universo-das-embalagens-alimentares\/"},{"@type":"ListItem","position":2,"name":"Shop","item":"https:\/\/www.csj-emballages.com\/shop\/"},{"@type":"ListItem","position":3,"name":"Caixa de macarons preta para 25 macarons"}]},{"@type":"WebSite","@id":"https:\/\/www.csj-emballages.com\/pt-pt\/#website","url":"https:\/\/www.csj-emballages.com\/pt-pt\/","name":"CSJ Emballages","description":"","publisher":{"@id":"https:\/\/www.csj-emballages.com\/pt-pt\/#organization"},"potentialAction":[{"@type":"SearchAction","target":{"@type":"EntryPoint","urlTemplate":"https:\/\/www.csj-emballages.com\/pt-pt\/?s={search_term_string}"},"query-input":{"@type":"PropertyValueSpecification","valueRequired":true,"valueName":"search_term_string"}}],"inLanguage":"pt-PT"},{"@type":"Organization","@id":"https:\/\/www.csj-emballages.com\/pt-pt\/#Organization\/","name":"CSJ Emballages","url":"https:\/\/www.csj-emballages.com\/pt-pt\/","logo":{"@type":"ImageObject","inLanguage":"pt-PT","@id":"https:\/\/www.csj-emballages.com\/pt-pt\/#\/schema\/logo\/image\/","url":"https:\/\/www.csj-emballages.com\/wp-content\/uploads\/2023\/10\/logo_csj.webp","contentUrl":"https:\/\/www.csj-emballages.com\/wp-content\/uploads\/2023\/10\/logo_csj.webp","width":250,"height":95,"caption":"CSJ Emballages"},"image":{"@id":"https:\/\/www.csj-emballages.com\/pt-pt\/#\/schema\/logo\/image\/"},"sameAs":["https:\/\/www.facebook.com\/csjemballages"],"address":{"@type":"PostalAddress","streetAddress":"ZI La Lechere","addressLocality":"Patornay","postalCode":"39130","addressCountry":"FR"},"contactPoint":[{"@type":"ContactPoint","contactType":"Service client","telephone":"0384254272","email":"contact@csj-emballages.com"}]}]}},"df_price":0.88,"df_sale_price":"","df_regular_price":0.88,"df_image_link":"https:\/\/www.csj-emballages.com\/wp-content\/uploads\/2024\/03\/BM25NOIR-1-300x300.webp","tiered_pricing_type":"fixed","tiered_pricing_fixed_rules":[],"tiered_pricing_percentage_rules":[],"tiered_pricing_minimum":1,"tiered_pricing_roles_data":[],"_links":{"self":[{"href":"https:\/\/www.csj-emballages.com\/pt-pt\/wp-json\/wp\/v2\/product\/19688","targetHints":{"allow":["GET"]}}],"collection":[{"href":"https:\/\/www.csj-emballages.com\/pt-pt\/wp-json\/wp\/v2\/product"}],"about":[{"href":"https:\/\/www.csj-emballages.com\/pt-pt\/wp-json\/wp\/v2\/types\/product"}],"wp:featuredmedia":[{"embeddable":true,"href":"https:\/\/www.csj-emballages.com\/pt-pt\/wp-json\/wp\/v2\/media\/241890"}],"wp:attachment":[{"href":"https:\/\/www.csj-emballages.com\/pt-pt\/wp-json\/wp\/v2\/media?parent=19688"}],"wp:term":[{"taxonomy":"product_brand","embeddable":true,"href":"https:\/\/www.csj-emballages.com\/pt-pt\/wp-json\/wp\/v2\/product_brand?post=19688"},{"taxonomy":"product_cat","embeddable":true,"href":"https:\/\/www.csj-emballages.com\/pt-pt\/wp-json\/wp\/v2\/product_cat?post=19688"},{"taxonomy":"product_tag","embeddable":true,"href":"https:\/\/www.csj-emballages.com\/pt-pt\/wp-json\/wp\/v2\/product_tag?post=19688"}],"curies":[{"name":"wp","href":"https:\/\/api.w.org\/{rel}","templated":true}]}}