{"id":19670,"date":"2024-03-01T16:57:14","date_gmt":"2024-03-01T15:57:14","guid":{"rendered":"https:\/\/u15jnbdpoq.preview.infomaniak.website\/produit\/caixa-de-cartao-cor-de-rosa-para-12-16-macarons\/"},"modified":"2026-04-10T02:11:21","modified_gmt":"2026-04-10T00:11:21","slug":"caixa-de-cartao-cor-de-rosa-para-12-16-macarons","status":"publish","type":"product","link":"https:\/\/www.csj-emballages.com\/pt-pt\/produit\/caixa-de-cartao-cor-de-rosa-para-12-16-macarons\/","title":{"rendered":"Caixa de macarons cor-de-rosa para 12 \/ 16 macarons"},"content":{"rendered":"<h2>Caixa de macarons<\/h2>\n<hr>\n<h3>Descri\u00e7\u00e3o da nossa caixa de macarons cor-de-rosa para 12 \/ 16 macarons<\/h3>\n<p><!--more--><\/p>\n<p data-start=\"110\" data-end=\"543\">A oferta de <strong>macarons<\/strong> \u00e9 um momento de eleg\u00e2ncia e de requinte. Com esta <g id=\"gid_1\">caixa para macarons em cart\u00e3o cor-de-rosa<\/g>, tem uma embalagem simultaneamente pr\u00e1tica e atraente, especialmente concebida para apresentar as suas doces cria\u00e7\u00f5es. Com uma capacidade de <strong data-start=\"377\" data-end=\"397\">12 a 16 macarons<\/strong>, responde \u00e0s necessidades dos pasteleiros, chocolatiers e artes\u00e3os que desejam apresentar os seus doces num recipiente profissional e elegante.  <\/p>\n<p data-start=\"545\" data-end=\"916\">Fabricada em <strong data-start=\"558\" data-end=\"586\">cart\u00e3o<\/strong>, esta <strong>caixa com janela<\/strong> protege eficazmente os seus <strong>macarons<\/strong>, garantindo um transporte seguro e sem risco de esmagamento. O seu acabamento <strong>rosa<\/strong> vivo e colorido \u00e9 perfeito para qualquer ambiente, desde as cores vivas dos macarons frutados at\u00e9 aos tons mais refinados das receitas de chocolate, pist\u00e1chio ou caf\u00e9. <\/p>\n<p data-start=\"918\" data-end=\"1234\">Esta <strong>caixa de macarons<\/strong> vers\u00e1til pode ser utilizada tanto para vendas em loja como para eventos especiais: casamentos, anivers\u00e1rios, festas de fim de ano ou ofertas de empresas. Gra\u00e7as ao seu formato especialmente adaptado, os <strong>macarons<\/strong> podem ser apresentados numa fila harmoniosa e manter-se perfeitamente no lugar. <\/p>\n<p data-start=\"1236\" data-end=\"1481\">Ao optar por esta embalagem, alia o car\u00e1cter pr\u00e1tico a uma imagem de topo de gama. A sua conce\u00e7\u00e3o <strong>em cart\u00e3o<\/strong> <strong>recicl\u00e1vel<\/strong> inscreve-se igualmente numa l\u00f3gica de respeito pelo ambiente, em conformidade com as expectativas actuais dos consumidores. <\/p>\n<p data-start=\"1483\" data-end=\"1704\">Com esta <strong data-start=\"1494\" data-end=\"1536\">caixa de macarons cor-de-rosa para 12\/16 unidades<\/strong>, est\u00e1 a escolher uma embalagem que mostra o seu saber-fazer tradicional, garantindo uma experi\u00eancia impec\u00e1vel ao cliente, desde o balc\u00e3o at\u00e9 \u00e0 degusta\u00e7\u00e3o.<\/p>\n<p data-start=\"1483\" data-end=\"1704\">\n<p data-start=\"1483\" data-end=\"1704\"><!--more--><\/p>\n<h4 data-start=\"1423\" data-end=\"1694\">Vantagens :<\/h4>\n<ul>\n<li data-start=\"1423\" data-end=\"1694\">Acabamento <strong data-start=\"1932\" data-end=\"1941\">cor-de-rosa<\/strong> para real\u00e7ar os seus macarons.<\/li>\n<li data-start=\"1423\" data-end=\"1694\">Ideal para <strong data-start=\"1998\" data-end=\"2013\">12\/16 macarons.<\/strong><\/li>\n<li data-start=\"1423\" data-end=\"1694\"><strong data-start=\"2018\" data-end=\"2035\">Cart\u00e3o resistente<\/strong>, de qualidade alimentar.<\/li>\n<li data-start=\"1423\" data-end=\"1694\">Embalagem <strong data-start=\"2141\" data-end=\"2155\">recicl\u00e1vel<\/strong> e amiga do ambiente.<\/li>\n<li data-start=\"1423\" data-end=\"1694\">Apresenta\u00e7\u00e3o profissional para lojas, eventos ou presentes.<\/li>\n<\/ul>\n<p>&nbsp;<\/p>\n<p><!--more--><\/p>\n<h4>Outras informa\u00e7\u00f5es :<\/h4>\n<ul style=\"box-sizing: inherit; font-family: Roboto, sans-serif;\">\n<li><strong>Embalagem<\/strong>: Vendido individualmente<\/li>\n<li><span style=\"font-weight: bold;\">Dimens\u00f5es<\/span>: 175 x 120 x 55 (C x L x A em mm)<\/li>\n<li><strong>Material<\/strong>: Cart\u00e3o + PET<\/li>\n<li><strong>Cor<\/strong>: Rosa<\/li>\n<li><strong>Capacidade<\/strong>: 12\/16 macarons<\/li>\n<li><strong>Op\u00e7\u00e3o<\/strong>: Caixa concebida com uma janela<\/li>\n<\/ul>\n<p>&nbsp;<\/p>\n<p><!--more--><\/p>\n<p>Dispon\u00edvel em v\u00e1rias cores: <span style=\"color: #d12727;\"><br \/>\n  <a style=\"color: #d12727;\" href=\"https:\/\/www.csj-emballages.com\/es\/produit\/caja-de-carton-naranja-para-12-16-macarrones\/\">laranja<\/a><br \/>\n<\/span> \/ <span style=\"color: #d12727;\"><br \/>\n  <a style=\"color: #d12727;\" href=\"https:\/\/www.csj-emballages.com\/es\/produit\/caja-de-carton-negra-para-12-16-macarrones\/\">preto<\/a><br \/>\n<\/span> \/ <span style=\"color: #d12727;\"><a style=\"color: #d12727;\" href=\"https:\/\/www.csj-emballages.com\/es\/produit\/caja-de-carton-verde-para-12-16-macarrones\/\">verde<\/a> <\/span>\/ <span style=\"color: #d12727;\"><br \/>\n  <a style=\"color: #d12727;\" href=\"https:\/\/www.csj-emballages.com\/es\/produit\/caja-parma-para-12-16-macarrones-de-carton\/\">Parma<\/a><br \/>\n<\/span><\/p>\n<p>&nbsp;<\/p>\n<p><!--more--><\/p>\n<p>Aqui encontra os nossos dois tipos de inser\u00e7\u00f5es de macarr\u00e3o compat\u00edveis com esta caixa: <span style=\"color: #d12727;\"><br \/>\n  <a style=\"color: #d12727;\" href=\"https:\/\/www.csj-emballages.com\/produit\/50-calages-noir-plastique-16-macarons-pour-boite\/\">CALBM12NOIR<\/a><br \/>\n<\/span> (preto) \/ <span style=\"color: #d12727;\"><a style=\"color: #d12727;\" href=\"https:\/\/www.csj-emballages.com\/produit\/50-calages-transparent-plastique-16-macarons-pour-boite\/\">CALBM12TRAN<\/a> <span style=\"color: #000000;\">(Transparente)<\/span><\/span><\/p>\n<p>&nbsp;<\/p>\n<p><!--more--><\/p>\n<p><a href=\"https:\/\/www.csj-emballages.com\/pt-pt\/categorie-produit\/embalagem-de-alimentos\/padaria-e-pastelaria\/caixas-e-estojos\/caixas-estojos-para-macarons\/caixas-macarons\/caixas-de-macarrao\/\">V\u00ea o resto da nossa gama de caixas de macarons<\/a><\/p>\n","protected":false},"excerpt":{"rendered":"<p>Caixa de macarons Descri\u00e7\u00e3o da nossa caixa de macarons cor-de-rosa para 12 \/ 16 macarons<\/p>\n","protected":false},"featured_media":241762,"template":"","meta":{"_acf_changed":false},"product_brand":[],"product_cat":[1141,1177,1732,2170,2171,1178],"product_tag":[],"class_list":{"0":"post-19670","1":"product","2":"type-product","3":"status-publish","4":"has-post-thumbnail","6":"product_cat-embalagem-de-alimentos","7":"product_cat-padaria-e-pastelaria","8":"product_cat-caixas-estojos-para-macarons","9":"product_cat-caixas-macarons","10":"product_cat-caixas-de-macarrao","11":"product_cat-caixas-de-janela","13":"first","14":"instock","15":"taxable","16":"shipping-taxable","17":"purchasable","18":"product-type-simple"},"acf":[],"yoast_head":"<!-- This site is optimized with the Yoast SEO Premium plugin v26.6 (Yoast SEO v26.6) - https:\/\/yoast.com\/wordpress\/plugins\/seo\/ -->\n<title>Caixa Macaroons Rosa Caixa para 12 \/ 16 Macaroons<\/title>\n<meta name=\"description\" content=\"Descubra a caixa de cart\u00e3o cor-de-rosa para 16 macarons. Esta caixa protege os seus macarons, proporcionando uma bela apresenta\u00e7\u00e3o.\" \/>\n<meta name=\"robots\" content=\"index, follow, max-snippet:-1, max-image-preview:large, max-video-preview:-1\" \/>\n<link rel=\"canonical\" href=\"https:\/\/www.csj-emballages.com\/pt-pt\/produit\/caixa-de-cartao-cor-de-rosa-para-12-16-macarons\/\" \/>\n<meta property=\"og:locale\" content=\"pt_PT\" \/>\n<meta property=\"og:type\" content=\"article\" \/>\n<meta property=\"og:title\" content=\"Caixa de macarons cor-de-rosa para 12 \/ 16 macarons\" \/>\n<meta property=\"og:description\" content=\"Descubra a caixa de cart\u00e3o cor-de-rosa para 16 macarons. Esta caixa protege os seus macarons, proporcionando uma bela apresenta\u00e7\u00e3o.\" \/>\n<meta property=\"og:url\" content=\"https:\/\/www.csj-emballages.com\/pt-pt\/produit\/caixa-de-cartao-cor-de-rosa-para-12-16-macarons\/\" \/>\n<meta property=\"og:site_name\" content=\"CSJ Emballages\" \/>\n<meta property=\"article:publisher\" content=\"https:\/\/www.facebook.com\/csjemballages\" \/>\n<meta property=\"article:modified_time\" content=\"2026-04-10T00:11:21+00:00\" \/>\n<meta property=\"og:image\" content=\"https:\/\/www.csj-emballages.com\/wp-content\/uploads\/2024\/03\/BM12ROSE-1.webp\" \/>\n\t<meta property=\"og:image:width\" content=\"800\" \/>\n\t<meta property=\"og:image:height\" content=\"800\" \/>\n\t<meta property=\"og:image:type\" content=\"image\/webp\" \/>\n<meta name=\"twitter:card\" content=\"summary_large_image\" \/>\n<meta name=\"twitter:label1\" content=\"Tempo estimado de leitura\" \/>\n\t<meta name=\"twitter:data1\" content=\"2 minutos\" \/>\n<script type=\"application\/ld+json\" class=\"yoast-schema-graph\">{\"@context\":\"https:\/\/schema.org\",\"@graph\":[{\"@type\":\"WebPage\",\"@id\":\"https:\/\/www.csj-emballages.com\/pt-pt\/produit\/caixa-de-cartao-cor-de-rosa-para-12-16-macarons\/\",\"url\":\"https:\/\/www.csj-emballages.com\/pt-pt\/produit\/caixa-de-cartao-cor-de-rosa-para-12-16-macarons\/\",\"name\":\"Caixa Macaroons Rosa Caixa para 12 \/ 16 Macaroons\",\"isPartOf\":{\"@id\":\"https:\/\/www.csj-emballages.com\/pt-pt\/#website\"},\"primaryImageOfPage\":{\"@id\":\"https:\/\/www.csj-emballages.com\/pt-pt\/produit\/caixa-de-cartao-cor-de-rosa-para-12-16-macarons\/#primaryimage\"},\"image\":{\"@id\":\"https:\/\/www.csj-emballages.com\/pt-pt\/produit\/caixa-de-cartao-cor-de-rosa-para-12-16-macarons\/#primaryimage\"},\"thumbnailUrl\":\"https:\/\/www.csj-emballages.com\/wp-content\/uploads\/2024\/03\/BM12ROSE-1.webp\",\"datePublished\":\"2024-03-01T15:57:14+00:00\",\"dateModified\":\"2026-04-10T00:11:21+00:00\",\"description\":\"Descubra a caixa de cart\u00e3o cor-de-rosa para 16 macarons. Esta caixa protege os seus macarons, proporcionando uma bela apresenta\u00e7\u00e3o.\",\"breadcrumb\":{\"@id\":\"https:\/\/www.csj-emballages.com\/pt-pt\/produit\/caixa-de-cartao-cor-de-rosa-para-12-16-macarons\/#breadcrumb\"},\"inLanguage\":\"pt-PT\",\"potentialAction\":[{\"@type\":\"ReadAction\",\"target\":[\"https:\/\/www.csj-emballages.com\/pt-pt\/produit\/caixa-de-cartao-cor-de-rosa-para-12-16-macarons\/\"]}]},{\"@type\":\"ImageObject\",\"inLanguage\":\"pt-PT\",\"@id\":\"https:\/\/www.csj-emballages.com\/pt-pt\/produit\/caixa-de-cartao-cor-de-rosa-para-12-16-macarons\/#primaryimage\",\"url\":\"https:\/\/www.csj-emballages.com\/wp-content\/uploads\/2024\/03\/BM12ROSE-1.webp\",\"contentUrl\":\"https:\/\/www.csj-emballages.com\/wp-content\/uploads\/2024\/03\/BM12ROSE-1.webp\",\"width\":800,\"height\":800,\"caption\":\"Boite macarons\"},{\"@type\":\"BreadcrumbList\",\"@id\":\"https:\/\/www.csj-emballages.com\/pt-pt\/produit\/caixa-de-cartao-cor-de-rosa-para-12-16-macarons\/#breadcrumb\",\"itemListElement\":[{\"@type\":\"ListItem\",\"position\":1,\"name\":\"Acolhimento\",\"item\":\"https:\/\/www.csj-emballages.com\/pt-pt\/universo-das-embalagens-alimentares\/\"},{\"@type\":\"ListItem\",\"position\":2,\"name\":\"Shop\",\"item\":\"https:\/\/www.csj-emballages.com\/shop\/\"},{\"@type\":\"ListItem\",\"position\":3,\"name\":\"Caixa de macarons cor-de-rosa para 12 \/ 16 macarons\"}]},{\"@type\":\"WebSite\",\"@id\":\"https:\/\/www.csj-emballages.com\/pt-pt\/#website\",\"url\":\"https:\/\/www.csj-emballages.com\/pt-pt\/\",\"name\":\"CSJ Emballages\",\"description\":\"\",\"publisher\":{\"@id\":\"https:\/\/www.csj-emballages.com\/pt-pt\/#organization\"},\"potentialAction\":[{\"@type\":\"SearchAction\",\"target\":{\"@type\":\"EntryPoint\",\"urlTemplate\":\"https:\/\/www.csj-emballages.com\/pt-pt\/?s={search_term_string}\"},\"query-input\":{\"@type\":\"PropertyValueSpecification\",\"valueRequired\":true,\"valueName\":\"search_term_string\"}}],\"inLanguage\":\"pt-PT\"},{\"@type\":\"Organization\",\"@id\":\"https:\/\/www.csj-emballages.com\/pt-pt\/#Organization\/\",\"name\":\"CSJ Emballages\",\"url\":\"https:\/\/www.csj-emballages.com\/pt-pt\/\",\"logo\":{\"@type\":\"ImageObject\",\"inLanguage\":\"pt-PT\",\"@id\":\"https:\/\/www.csj-emballages.com\/pt-pt\/#\/schema\/logo\/image\/\",\"url\":\"https:\/\/www.csj-emballages.com\/wp-content\/uploads\/2023\/10\/logo_csj.webp\",\"contentUrl\":\"https:\/\/www.csj-emballages.com\/wp-content\/uploads\/2023\/10\/logo_csj.webp\",\"width\":250,\"height\":95,\"caption\":\"CSJ Emballages\"},\"image\":{\"@id\":\"https:\/\/www.csj-emballages.com\/pt-pt\/#\/schema\/logo\/image\/\"},\"sameAs\":[\"https:\/\/www.facebook.com\/csjemballages\"],\"address\":{\"@type\":\"PostalAddress\",\"streetAddress\":\"ZI La Lechere\",\"addressLocality\":\"Patornay\",\"postalCode\":\"39130\",\"addressCountry\":\"FR\"},\"contactPoint\":[{\"@type\":\"ContactPoint\",\"contactType\":\"Service client\",\"telephone\":\"0384254272\",\"email\":\"contact@csj-emballages.com\"}]}]}<\/script>\n<!-- \/ Yoast SEO Premium plugin. -->","yoast_head_json":{"title":"Caixa Macaroons Rosa Caixa para 12 \/ 16 Macaroons","description":"Descubra a caixa de cart\u00e3o cor-de-rosa para 16 macarons. Esta caixa protege os seus macarons, proporcionando uma bela apresenta\u00e7\u00e3o.","robots":{"index":"index","follow":"follow","max-snippet":"max-snippet:-1","max-image-preview":"max-image-preview:large","max-video-preview":"max-video-preview:-1"},"canonical":"https:\/\/www.csj-emballages.com\/pt-pt\/produit\/caixa-de-cartao-cor-de-rosa-para-12-16-macarons\/","og_locale":"pt_PT","og_type":"article","og_title":"Caixa de macarons cor-de-rosa para 12 \/ 16 macarons","og_description":"Descubra a caixa de cart\u00e3o cor-de-rosa para 16 macarons. Esta caixa protege os seus macarons, proporcionando uma bela apresenta\u00e7\u00e3o.","og_url":"https:\/\/www.csj-emballages.com\/pt-pt\/produit\/caixa-de-cartao-cor-de-rosa-para-12-16-macarons\/","og_site_name":"CSJ Emballages","article_publisher":"https:\/\/www.facebook.com\/csjemballages","article_modified_time":"2026-04-10T00:11:21+00:00","og_image":[{"width":800,"height":800,"url":"https:\/\/www.csj-emballages.com\/wp-content\/uploads\/2024\/03\/BM12ROSE-1.webp","type":"image\/webp"}],"twitter_card":"summary_large_image","twitter_misc":{"Tempo estimado de leitura":"2 minutos"},"schema":{"@context":"https:\/\/schema.org","@graph":[{"@type":"WebPage","@id":"https:\/\/www.csj-emballages.com\/pt-pt\/produit\/caixa-de-cartao-cor-de-rosa-para-12-16-macarons\/","url":"https:\/\/www.csj-emballages.com\/pt-pt\/produit\/caixa-de-cartao-cor-de-rosa-para-12-16-macarons\/","name":"Caixa Macaroons Rosa Caixa para 12 \/ 16 Macaroons","isPartOf":{"@id":"https:\/\/www.csj-emballages.com\/pt-pt\/#website"},"primaryImageOfPage":{"@id":"https:\/\/www.csj-emballages.com\/pt-pt\/produit\/caixa-de-cartao-cor-de-rosa-para-12-16-macarons\/#primaryimage"},"image":{"@id":"https:\/\/www.csj-emballages.com\/pt-pt\/produit\/caixa-de-cartao-cor-de-rosa-para-12-16-macarons\/#primaryimage"},"thumbnailUrl":"https:\/\/www.csj-emballages.com\/wp-content\/uploads\/2024\/03\/BM12ROSE-1.webp","datePublished":"2024-03-01T15:57:14+00:00","dateModified":"2026-04-10T00:11:21+00:00","description":"Descubra a caixa de cart\u00e3o cor-de-rosa para 16 macarons. Esta caixa protege os seus macarons, proporcionando uma bela apresenta\u00e7\u00e3o.","breadcrumb":{"@id":"https:\/\/www.csj-emballages.com\/pt-pt\/produit\/caixa-de-cartao-cor-de-rosa-para-12-16-macarons\/#breadcrumb"},"inLanguage":"pt-PT","potentialAction":[{"@type":"ReadAction","target":["https:\/\/www.csj-emballages.com\/pt-pt\/produit\/caixa-de-cartao-cor-de-rosa-para-12-16-macarons\/"]}]},{"@type":"ImageObject","inLanguage":"pt-PT","@id":"https:\/\/www.csj-emballages.com\/pt-pt\/produit\/caixa-de-cartao-cor-de-rosa-para-12-16-macarons\/#primaryimage","url":"https:\/\/www.csj-emballages.com\/wp-content\/uploads\/2024\/03\/BM12ROSE-1.webp","contentUrl":"https:\/\/www.csj-emballages.com\/wp-content\/uploads\/2024\/03\/BM12ROSE-1.webp","width":800,"height":800,"caption":"Boite macarons"},{"@type":"BreadcrumbList","@id":"https:\/\/www.csj-emballages.com\/pt-pt\/produit\/caixa-de-cartao-cor-de-rosa-para-12-16-macarons\/#breadcrumb","itemListElement":[{"@type":"ListItem","position":1,"name":"Acolhimento","item":"https:\/\/www.csj-emballages.com\/pt-pt\/universo-das-embalagens-alimentares\/"},{"@type":"ListItem","position":2,"name":"Shop","item":"https:\/\/www.csj-emballages.com\/shop\/"},{"@type":"ListItem","position":3,"name":"Caixa de macarons cor-de-rosa para 12 \/ 16 macarons"}]},{"@type":"WebSite","@id":"https:\/\/www.csj-emballages.com\/pt-pt\/#website","url":"https:\/\/www.csj-emballages.com\/pt-pt\/","name":"CSJ Emballages","description":"","publisher":{"@id":"https:\/\/www.csj-emballages.com\/pt-pt\/#organization"},"potentialAction":[{"@type":"SearchAction","target":{"@type":"EntryPoint","urlTemplate":"https:\/\/www.csj-emballages.com\/pt-pt\/?s={search_term_string}"},"query-input":{"@type":"PropertyValueSpecification","valueRequired":true,"valueName":"search_term_string"}}],"inLanguage":"pt-PT"},{"@type":"Organization","@id":"https:\/\/www.csj-emballages.com\/pt-pt\/#Organization\/","name":"CSJ Emballages","url":"https:\/\/www.csj-emballages.com\/pt-pt\/","logo":{"@type":"ImageObject","inLanguage":"pt-PT","@id":"https:\/\/www.csj-emballages.com\/pt-pt\/#\/schema\/logo\/image\/","url":"https:\/\/www.csj-emballages.com\/wp-content\/uploads\/2023\/10\/logo_csj.webp","contentUrl":"https:\/\/www.csj-emballages.com\/wp-content\/uploads\/2023\/10\/logo_csj.webp","width":250,"height":95,"caption":"CSJ Emballages"},"image":{"@id":"https:\/\/www.csj-emballages.com\/pt-pt\/#\/schema\/logo\/image\/"},"sameAs":["https:\/\/www.facebook.com\/csjemballages"],"address":{"@type":"PostalAddress","streetAddress":"ZI La Lechere","addressLocality":"Patornay","postalCode":"39130","addressCountry":"FR"},"contactPoint":[{"@type":"ContactPoint","contactType":"Service client","telephone":"0384254272","email":"contact@csj-emballages.com"}]}]}},"df_price":0.74,"df_sale_price":"","df_regular_price":0.74,"df_image_link":"https:\/\/www.csj-emballages.com\/wp-content\/uploads\/2024\/03\/BM12ROSE-1-300x300.webp","tiered_pricing_type":"fixed","tiered_pricing_fixed_rules":[],"tiered_pricing_percentage_rules":[],"tiered_pricing_minimum":1,"tiered_pricing_roles_data":[],"_links":{"self":[{"href":"https:\/\/www.csj-emballages.com\/pt-pt\/wp-json\/wp\/v2\/product\/19670","targetHints":{"allow":["GET"]}}],"collection":[{"href":"https:\/\/www.csj-emballages.com\/pt-pt\/wp-json\/wp\/v2\/product"}],"about":[{"href":"https:\/\/www.csj-emballages.com\/pt-pt\/wp-json\/wp\/v2\/types\/product"}],"wp:featuredmedia":[{"embeddable":true,"href":"https:\/\/www.csj-emballages.com\/pt-pt\/wp-json\/wp\/v2\/media\/241762"}],"wp:attachment":[{"href":"https:\/\/www.csj-emballages.com\/pt-pt\/wp-json\/wp\/v2\/media?parent=19670"}],"wp:term":[{"taxonomy":"product_brand","embeddable":true,"href":"https:\/\/www.csj-emballages.com\/pt-pt\/wp-json\/wp\/v2\/product_brand?post=19670"},{"taxonomy":"product_cat","embeddable":true,"href":"https:\/\/www.csj-emballages.com\/pt-pt\/wp-json\/wp\/v2\/product_cat?post=19670"},{"taxonomy":"product_tag","embeddable":true,"href":"https:\/\/www.csj-emballages.com\/pt-pt\/wp-json\/wp\/v2\/product_tag?post=19670"}],"curies":[{"name":"wp","href":"https:\/\/api.w.org\/{rel}","templated":true}]}}